{"id":11353,"date":"2022-05-28T15:25:56","date_gmt":"2022-05-28T13:25:56","guid":{"rendered":"https:\/\/ag-frisch.com\/articles-de-sport-en-provenance-de-chine\/"},"modified":"2023-01-27T05:29:41","modified_gmt":"2023-01-27T04:29:41","slug":"articles-de-sport-en-provenance-de-chine","status":"publish","type":"page","link":"https:\/\/ag-frisch.com\/fr\/articles-de-sport-en-provenance-de-chine\/","title":{"rendered":"Articles de sport en provenance de Chine"},"content":{"rendered":"<p>[et_pb_section fb_built=&#8221;1&#8243; _builder_version=&#8221;4.16&#8243; _module_preset=&#8221;default&#8221; global_colors_info=&#8221;{}&#8221;][et_pb_row _builder_version=&#8221;4.18.1&#8243; _module_preset=&#8221;default&#8221; global_colors_info=&#8221;{}&#8221;][et_pb_column type=&#8221;4_4&#8243; _builder_version=&#8221;4.18.1&#8243; _module_preset=&#8221;default&#8221; global_colors_info=&#8221;{}&#8221;][et_pb_cta title=&#8221;Importation d&#039;articles de sport&#8221; button_url=&#8221;https:\/\/ag-frisch.com\/fr\/contact\/&#8221; button_text=&#8221;R\u00e9server une mission maintenant&#8221; _builder_version=&#8221;4.18.1&#8243; _module_preset=&#8221;default&#8221; global_colors_info=&#8221;{}&#8221;]<\/p>\n<p>Gr\u00e2ce \u00e0 l&#8217;agence d&#8217;importation chinoise Frisch, vous r\u00e9ussissez vos affaires en Chine comme les professionnels.<\/p>\n<p>[\/et_pb_cta][\/et_pb_column][\/et_pb_row][et_pb_row _builder_version=&#8221;4.16&#8243; _module_preset=&#8221;default&#8221; global_colors_info=&#8221;{}&#8221;][et_pb_column type=&#8221;4_4&#8243; _builder_version=&#8221;4.16&#8243; _module_preset=&#8221;default&#8221; global_colors_info=&#8221;{}&#8221;][et_pb_text _builder_version=&#8221;4.16&#8243; _module_preset=&#8221;default&#8221; global_colors_info=&#8221;{}&#8221;]<\/p>\n<p><strong>Structures gonflables et articles de sport en provenance de Chine<\/strong><\/p>\n<p><strong>De la raquette de tennis \u00e0 la structure gonflable, tout importer de Chine<\/strong><\/p>\n<p>L&#8217;\u00e9ventail des articles qui peuvent \u00eatre import\u00e9s \u00e0 bas prix de Chine directement du fabricant est \u00e9norme. Vous pouvez \u00e9galement acheter des produits tels que des structures gonflables et de nombreux autres articles de sport et de loisirs en provenance de Chine par l&#8217;interm\u00e9diaire de l&#8217;agence Frisch. Nous disposons de contacts de premier ordre qui nous permettent non seulement de r\u00e9aliser les prix les plus bas, mais aussi de garantir la fiabilit\u00e9 et la qualit\u00e9. Le fait que nous g\u00e9rions nos propres laboratoires de contr\u00f4le et que nous r\u00e9alisions des inspections selon les normes allemandes avec notre filiale inspekt4u montre d\u00e9j\u00e0 que nous prenons nos promesses vraiment au s\u00e9rieux.<\/p>\n<p>Notre niveau d&#8217;exigence \u00e9lev\u00e9 vous est utile lorsque vous achetez des produits tels que des structures gonflables, des articles de sport ou de loisirs en Chine.<\/p>\n<p>&nbsp;<\/p>\n<p><strong>Tout pour le sport et les loisirs<\/strong><\/p>\n<p>Vous souhaitez proposer \u00e0 vos clients des produits de qualit\u00e9 dans les domaines du sport et des loisirs ? Alors nous sommes votre partenaire solide pour l&#8217;importation de Chine. L&#8217;agence Frisch dispose d&#8217;une longue exp\u00e9rience et d&#8217;une expertise exceptionnelle pour vous mettre en contact avec le producteur qui correspond exactement \u00e0 vos besoins. Parmi d&#8217;autres, vous pouvez commander les articles de sport suivants de Chine par notre interm\u00e9diaire :<\/p>\n<ul>\n<li>Articles de football, de basket-ball et autres sports de ballon<\/li>\n<li>Articles de golf, des clubs aux caddies<\/li>\n<li>Ski et snowboard<\/li>\n<li>Sport nautique, mat\u00e9riel de voile<\/li>\n<li>\u00c9quitation et sports \u00e9questres<\/li>\n<\/ul>\n<p>&nbsp;<\/p>\n<p><strong>\u00c9quipement pour les parcs d&#8217;attractions, le cirque et les f\u00eates foraines<\/strong><\/p>\n<p>Peut-on prendre une taille au-dessus ? Si vous souhaitez proposer non seulement des articles pour le sport individuel, mais aussi, par exemple, am\u00e9nager un parc d&#8217;attractions complet, nous trouverons \u00e9galement pour vous le partenaire commercial ad\u00e9quat en Chine. Nous proposons des solutions compl\u00e8tes et travaillons avec des producteurs absolument fiables et contr\u00f4l\u00e9s, qui peuvent vous garantir une qualit\u00e9 irr\u00e9prochable. Ainsi, vous pouvez par exemple vous procurer chez nous<\/p>\n<ul>\n<li>Man\u00e8ges et attractions<\/li>\n<li>Buvettes et stands<\/li>\n<li>Consommables et aliments\/mati\u00e8res premi\u00e8res<\/li>\n<li>Caravane, tracteur<\/li>\n<li>Structures gonflables de Chine<\/li>\n<\/ul>\n<p>&nbsp;<\/p>\n<p><strong>Structures gonflables de Chine &#8211; qualit\u00e9 contr\u00f4l\u00e9e et bons prix<\/strong><\/p>\n<p>Les structures gonflables fabriqu\u00e9es en Chine font partie des articles pour lesquels la s\u00e9curit\u00e9 est primordiale. Pour ce produit aussi, nous sommes conscients de notre responsabilit\u00e9 et ne travaillons qu&#8217;avec des partenaires commerciaux dont nous savons qu&#8217;ils fournissent des structures gonflables irr\u00e9prochables et test\u00e9es selon les normes DIN correspondantes en provenance de Chine. Vous \u00e9vitez ainsi tout risque et pouvez \u00eatre absolument satisfait de votre importation de Chine via l&#8217;agence Frisch.<\/p>\n<p>&nbsp;<\/p>\n<p>&nbsp;<\/p>\n<p><strong>Importer des articles de f\u00eate et de d\u00e9coration \u00e0 bas prix de Chine<\/strong><\/p>\n<p>Qu&#8217;il s&#8217;agisse de d\u00e9corations de No\u00ebl ou d&#8217;Halloween, de d\u00e9guisements de carnaval ou d&#8217;\u00e9quipements pour la f\u00eate de la bi\u00e8re, nous trouverons \u00e9galement pour vous le bon fabricant d&#8217;articles de d\u00e9coration en provenance de Chine, aupr\u00e8s duquel vous pourrez acheter \u00e0 un prix avantageux. Des quantit\u00e9s importantes et d&#8217;excellentes relations nous permettent de vous faire b\u00e9n\u00e9ficier de prix sans \u00e9gal.<\/p>\n<p>&nbsp;<\/p>\n<p><strong>Les meilleurs prix pour votre importation d&#8217;articles de sport directement de Chine<\/strong><\/p>\n<p>Nous ne faisons pas de d\u00e9tours et employons le moins d&#8217;intervenants possible pour votre projet d&#8217;importation. Ces circuits courts et directs vous font \u00e9conomiser de l&#8217;argent et nous permettent d&#8217;avoir toujours un contr\u00f4le total sur tout ce qui concerne votre achat d&#8217;articles de sport en Chine. Nous pouvons ainsi permettre un d\u00e9roulement sans heurts et parfaitement profitable. Dans le cadre d&#8217;une meilleure transparence et d&#8217;un meilleur contr\u00f4le, nous avons cr\u00e9\u00e9 nos propres entreprises charg\u00e9es des tests, de la logistique et du stockage. L&#8217;agence Frisch est votre prestataire de services complets pour tout ce qui concerne l&#8217;importation de Chine.<\/p>\n<p>Contactez-nous et nous d\u00e9terminerons, lors d&#8217;un entretien de conseil, quelles sont les options possibles et comment nous pouvons agir pour vous. Si vous le souhaitez, nous nous chargeons \u00e9galement de toutes les autres \u00e9tapes, des n\u00e9gociations de prix aux contr\u00f4les et aux certifications, et, le cas \u00e9ch\u00e9ant, du fulfillment complet.<\/p>\n<p><strong> <\/strong><\/p>\n<p>[\/et_pb_text][\/et_pb_column][\/et_pb_row][\/et_pb_section][et_pb_section fb_built=&#8221;1&#8243; admin_label=&#8221;Testimonials&#8221; _builder_version=&#8221;4.16&#8243; use_background_color_gradient=&#8221;on&#8221; background_color_gradient_stops=&#8221;rgba(0,106,156,0.85) 0%|rgba(0,106,156,0.85) 100%&#8221; background_color_gradient_start=&#8221;rgba(0,106,156,0.85)&#8221; background_color_gradient_end=&#8221;rgba(0,106,156,0.85)&#8221; custom_padding=&#8221;90px||60px|&#8221; animation_style=&#8221;fold&#8221; animation_direction=&#8221;bottom&#8221; animation_intensity_fold=&#8221;4%&#8221; global_colors_info=&#8221;{}&#8221;][et_pb_row _builder_version=&#8221;4.16&#8243; background_size=&#8221;initial&#8221; background_position=&#8221;top_left&#8221; background_repeat=&#8221;repeat&#8221; custom_width_px=&#8221;710px&#8221; locked=&#8221;off&#8221; global_colors_info=&#8221;{}&#8221;][et_pb_column type=&#8221;4_4&#8243; _builder_version=&#8221;4.16&#8243; background_position=&#8221;top_left&#8221; custom_padding=&#8221;|||&#8221; global_colors_info=&#8221;{}&#8221; custom_padding__hover=&#8221;|||&#8221;][et_pb_text admin_label=&#8221;Testimonials Section Title&#8221; _builder_version=&#8221;4.16&#8243; header_font=&#8221;Montserrat||||&#8221; header_font_size=&#8221;36px&#8221; background_size=&#8221;initial&#8221; background_position=&#8221;top_left&#8221; background_repeat=&#8221;repeat&#8221; text_orientation=&#8221;center&#8221; background_layout=&#8221;dark&#8221; max_width=&#8221;710px&#8221; module_alignment=&#8221;center&#8221; animation_style=&#8221;fold&#8221; animation_direction=&#8221;bottom&#8221; animation_intensity_fold=&#8221;20%&#8221; global_colors_info=&#8221;{}&#8221;]<\/p>\n<h1>Plus de 5000 clients satisfaits.<\/h1>\n<p>&nbsp;<\/p>\n<p>[\/et_pb_text][et_pb_divider color=&#8221;#ffffff&#8221; divider_weight=&#8221;3px&#8221; disabled_on=&#8221;off|off|off&#8221; _builder_version=&#8221;4.16&#8243; background_color_gradient_direction=&#8221;90deg&#8221; max_width=&#8221;100px&#8221; module_alignment=&#8221;center&#8221; height=&#8221;5px&#8221; custom_margin=&#8221;||20px|&#8221; custom_padding=&#8221;||20px|&#8221; animation_style=&#8221;slide&#8221; animation_direction=&#8221;bottom&#8221; saved_tabs=&#8221;all&#8221; locked=&#8221;off&#8221; global_colors_info=&#8221;{}&#8221;][\/et_pb_divider][\/et_pb_column][\/et_pb_row][et_pb_row column_structure=&#8221;1_2,1_2&#8243; _builder_version=&#8221;4.18.1&#8243; _module_preset=&#8221;default&#8221; global_colors_info=&#8221;{}&#8221;][et_pb_column type=&#8221;1_2&#8243; _builder_version=&#8221;4.18.1&#8243; _module_preset=&#8221;default&#8221; global_colors_info=&#8221;{}&#8221;][et_pb_testimonial author=&#8221;Marco&#8221; portrait_url=&#8221;https:\/\/ag-frisch.com\/wp-content\/uploads\/2021\/08\/Harald.png&#8221; quote_icon=&#8221;off&#8221; _builder_version=&#8221;4.18.1&#8243; _module_preset=&#8221;default&#8221; body_font_size=&#8221;16px&#8221; use_background_color=&#8221;off&#8221; background_layout=&#8221;dark&#8221; global_colors_info=&#8221;{}&#8221;]J&#8217;ai demand\u00e9 \u00e0 l&#8217;agence Frisch de faire produire un meuble de grande taille en Chine et de le transf\u00e9rer ensuite en Allemagne. La communication par e-mail a \u00e9t\u00e9 fluide tout au long du processus ! Des r\u00e9ponses tr\u00e8s rapides et fiables m&#8217;ont apport\u00e9 en permanence les garanties indispensables \u00e0 une telle entreprise. J&#8217;ai toujours \u00e9t\u00e9 aid\u00e9 dans la jungle bureaucratique et aucun formulaire n&#8217;a \u00e9t\u00e9 oubli\u00e9 ou mal rempli. Tr\u00e8s louable !<a href=\"&lt;div%20class=%22pe-richsnippets%22&gt;&nbsp;&lt;\/div&gt;%20&lt;script%20type=%22text\/javascript%22%20src=%22https:\/\/www.provenexpert.com\/widget\/richsnippet.js?u=1NUA0VwZ4RUZ5tmAi5zA4RaplNKAlWwZ&amp;v=2%22%20async&gt;&lt;\/script&gt;%20&lt;div%20style=%22text-align:%20justify;%22&gt;&lt;br%20\/&gt;\"><\/a><\/p>\n<div class=\"brow ratingBarMargin\">\n<div class=\"ratingBar\">\n<div class=\"brow\">\n<div class=\"pe-richsnippets\">&nbsp;<\/div>\n<p><script type=\"text\/javascript\" src=\"https:\/\/www.provenexpert.com\/widget\/richsnippet.js?u=1NUA0VwZ4RUZ5tmAi5zA4RaplNKAlWwZ&amp;v=2\" async=\"\"><\/script><\/p>\n<div style=\"text-align: justify;\"><\/p>\n<div class=\"col-lg-9 col-md-8 col-xs-10 mt20 mb20\">\n<div class=\"col-xs-12 surveyNameForRating\"><\/div>\n<\/div>\n<\/div>\n<\/div>\n<\/div>\n<\/div>\n<p>[\/et_pb_testimonial][\/et_pb_column][et_pb_column type=&#8221;1_2&#8243; _builder_version=&#8221;4.18.1&#8243; _module_preset=&#8221;default&#8221; global_colors_info=&#8221;{}&#8221;][et_pb_testimonial author=&#8221;Simone L.&#8221; portrait_url=&#8221;https:\/\/ag-frisch.com\/wp-content\/uploads\/2021\/08\/Harald.png&#8221; quote_icon=&#8221;off&#8221; _builder_version=&#8221;4.18.1&#8243; _module_preset=&#8221;default&#8221; body_font_size=&#8221;16px&#8221; use_background_color=&#8221;off&#8221; background_layout=&#8221;dark&#8221; global_colors_info=&#8221;{}&#8221;]<\/p>\n<p>Tout est au top. On ne peut pas faire mieux. On ne peut pas faire mieux en mati\u00e8re de conseil et de r\u00e9alisation. Apr\u00e8s avoir pass\u00e9 plusieurs commandes aupr\u00e8s de cette entreprise, nous sommes plus que satisfaits et poursuivons notre collaboration.<\/p>\n<div class=\"brow ratingBarMargin\">\n<div class=\"ratingBar\">\n<div class=\"brow\">\n<div class=\"pe-richsnippets\"> <\/div>\n<p>\n<script type=\"text\/javascript\" src=\"https:\/\/www.provenexpert.com\/widget\/richsnippet.js?u=1NUA0VwZ4RUZ5tmAi5zA4RaplNKAlWwZ&amp;v=2\" async=\"\"><\/script>\n<\/p>\n<div style=\"text-align: justify;\">\n<p>&nbsp;<\/p>\n<div class=\"col-lg-9 col-md-8 col-xs-10 mt20 mb20\">\n<div class=\"col-xs-12 surveyNameForRating\"><\/div>\n<\/div>\n<\/div>\n<\/div>\n<\/div>\n<\/div>\n<p>[\/et_pb_testimonial][\/et_pb_column][\/et_pb_row][et_pb_row _builder_version=&#8221;4.16&#8243; background_size=&#8221;initial&#8221; background_position=&#8221;top_left&#8221; background_repeat=&#8221;repeat&#8221; custom_padding=&#8221;50px|0px|30px|0px&#8221; custom_css_main_element=&#8221;text-align: center;&#8221; global_colors_info=&#8221;{}&#8221;][et_pb_column type=&#8221;4_4&#8243; _builder_version=&#8221;4.16&#8243; custom_padding=&#8221;|||&#8221; global_colors_info=&#8221;{}&#8221; custom_padding__hover=&#8221;|||&#8221;][et_pb_button button_url=&#8221;https:\/\/www.provenexpert.com\/de-de\/agentur-frisch-international-consulting-gmbh-und-co-kg\/&#8221; button_text=&#8221;PLUS D&#039;AVIS&#8221; button_alignment=&#8221;left&#8221; admin_label=&#8221;Testimonial Button&#8221; _builder_version=&#8221;4.16&#8243; custom_button=&#8221;on&#8221; button_text_size=&#8221;18px&#8221; button_text_color=&#8221;#ffffff&#8221; button_bg_color=&#8221;#6eba01&#8243; button_border_width=&#8221;2px&#8221; button_border_color=&#8221;#6eba01&#8243; button_border_radius=&#8221;0px&#8221; button_letter_spacing=&#8221;2px&#8221; button_font=&#8221;Montserrat|||on|&#8221; button_use_icon=&#8221;off&#8221; animation_style=&#8221;fold&#8221; animation_direction=&#8221;bottom&#8221; button_text_color_hover=&#8221;#ffffff&#8221; button_border_color_hover=&#8221;#ffffff&#8221; button_border_radius_hover=&#8221;0px&#8221; button_letter_spacing_hover=&#8221;2px&#8221; button_bg_color_hover=&#8221;rgba(255,255,255,0)&#8221; locked=&#8221;off&#8221; global_colors_info=&#8221;{}&#8221; button_text_size__hover_enabled=&#8221;off&#8221; button_one_text_size__hover_enabled=&#8221;off&#8221; button_two_text_size__hover_enabled=&#8221;off&#8221; button_text_color__hover_enabled=&#8221;on&#8221; button_text_color__hover=&#8221;#ffffff&#8221; button_one_text_color__hover_enabled=&#8221;off&#8221; button_two_text_color__hover_enabled=&#8221;off&#8221; button_border_width__hover_enabled=&#8221;off&#8221; button_one_border_width__hover_enabled=&#8221;off&#8221; button_two_border_width__hover_enabled=&#8221;off&#8221; button_border_color__hover_enabled=&#8221;on&#8221; button_border_color__hover=&#8221;#ffffff&#8221; button_one_border_color__hover_enabled=&#8221;off&#8221; button_two_border_color__hover_enabled=&#8221;off&#8221; button_border_radius__hover_enabled=&#8221;on&#8221; button_border_radius__hover=&#8221;0px&#8221; button_one_border_radius__hover_enabled=&#8221;off&#8221; button_two_border_radius__hover_enabled=&#8221;off&#8221; button_letter_spacing__hover_enabled=&#8221;on&#8221; button_letter_spacing__hover=&#8221;2px&#8221; button_one_letter_spacing__hover_enabled=&#8221;off&#8221; button_two_letter_spacing__hover_enabled=&#8221;off&#8221; button_bg_color__hover_enabled=&#8221;on&#8221; button_bg_color__hover=&#8221;rgba(255,255,255,0)&#8221; button_one_bg_color__hover_enabled=&#8221;off&#8221; button_two_bg_color__hover_enabled=&#8221;off&#8221;][\/et_pb_button][\/et_pb_column][\/et_pb_row][\/et_pb_section]<\/p>\n","protected":false},"excerpt":{"rendered":"<p>Gr\u00e2ce \u00e0 l&#8217;agence d&#8217;importation chinoise Frisch, vous r\u00e9ussissez vos affaires en Chine comme les professionnels.Structures gonflables et articles de sport en provenance de Chine De la raquette de tennis \u00e0 la structure gonflable, tout importer de Chine L&#8217;\u00e9ventail des articles qui peuvent \u00eatre import\u00e9s \u00e0 bas prix de Chine directement du fabricant est \u00e9norme. Vous [&hellip;]<\/p>\n","protected":false},"author":2,"featured_media":0,"parent":0,"menu_order":0,"comment_status":"closed","ping_status":"closed","template":"","meta":{"_et_pb_use_builder":"on","_et_pb_old_content":"","_et_gb_content_width":"","footnotes":""},"class_list":["post-11353","page","type-page","status-publish","hentry"],"yoast_head":"<!-- This site is optimized with the Yoast SEO plugin v27.2 - https:\/\/yoast.com\/product\/yoast-seo-wordpress\/ -->\n<title>Importer des articles de sport de Chine en respectant toutes les directives europ\u00e9ennes<\/title>\n<meta name=\"description\" content=\"Articles de sport de Chine \u25bbAppareils de sport et de fitness de Chine : tapis de yoga \u2713 Articles de fitness \u2713 \u00c9quipements de sport \u2713 \u25bb Demandez conseil maintenant !\" \/>\n<meta name=\"robots\" content=\"index, follow, max-snippet:-1, max-image-preview:large, max-video-preview:-1\" \/>\n<link rel=\"canonical\" href=\"https:\/\/ag-frisch.com\/fr\/articles-de-sport-en-provenance-de-chine\/\" \/>\n<meta property=\"og:locale\" content=\"fr_FR\" \/>\n<meta property=\"og:type\" content=\"article\" \/>\n<meta property=\"og:title\" content=\"Importer des articles de sport de Chine en respectant toutes les directives europ\u00e9ennes\" \/>\n<meta property=\"og:description\" content=\"Articles de sport de Chine \u25bbAppareils de sport et de fitness de Chine : tapis de yoga \u2713 Articles de fitness \u2713 \u00c9quipements de sport \u2713 \u25bb Demandez conseil maintenant !\" \/>\n<meta property=\"og:url\" content=\"https:\/\/ag-frisch.com\/fr\/articles-de-sport-en-provenance-de-chine\/\" \/>\n<meta property=\"og:site_name\" content=\"China Import Beratung f\u00fcr den Einkauf aus China\" \/>\n<meta property=\"article:publisher\" content=\"https:\/\/www.facebook.com\/China.Import\" \/>\n<meta property=\"article:modified_time\" content=\"2023-01-27T04:29:41+00:00\" \/>\n<meta name=\"twitter:card\" content=\"summary_large_image\" \/>\n<meta name=\"twitter:site\" content=\"@agenturfrisch\" \/>\n<meta name=\"twitter:label1\" content=\"Dur\u00e9e de lecture estim\u00e9e\" \/>\n\t<meta name=\"twitter:data1\" content=\"8 minutes\" \/>\n<script type=\"application\/ld+json\" class=\"yoast-schema-graph\">{\"@context\":\"https:\/\/schema.org\",\"@graph\":[{\"@type\":\"WebPage\",\"@id\":\"https:\/\/ag-frisch.com\/fr\/articles-de-sport-en-provenance-de-chine\/\",\"url\":\"https:\/\/ag-frisch.com\/fr\/articles-de-sport-en-provenance-de-chine\/\",\"name\":\"Importer des articles de sport de Chine en respectant toutes les directives europ\u00e9ennes\",\"isPartOf\":{\"@id\":\"https:\/\/ag-frisch.com\/de\/#website\"},\"datePublished\":\"2022-05-28T13:25:56+00:00\",\"dateModified\":\"2023-01-27T04:29:41+00:00\",\"description\":\"Articles de sport de Chine \u25bbAppareils de sport et de fitness de Chine : tapis de yoga \u2713 Articles de fitness \u2713 \u00c9quipements de sport \u2713 \u25bb Demandez conseil maintenant !\",\"breadcrumb\":{\"@id\":\"https:\/\/ag-frisch.com\/fr\/articles-de-sport-en-provenance-de-chine\/#breadcrumb\"},\"inLanguage\":\"fr-FR\",\"potentialAction\":[{\"@type\":\"ReadAction\",\"target\":[\"https:\/\/ag-frisch.com\/fr\/articles-de-sport-en-provenance-de-chine\/\"]}]},{\"@type\":\"BreadcrumbList\",\"@id\":\"https:\/\/ag-frisch.com\/fr\/articles-de-sport-en-provenance-de-chine\/#breadcrumb\",\"itemListElement\":[{\"@type\":\"ListItem\",\"position\":1,\"name\":\"Startseite\",\"item\":\"https:\/\/ag-frisch.com\/de\/\"},{\"@type\":\"ListItem\",\"position\":2,\"name\":\"Articles de sport en provenance de Chine\"}]},{\"@type\":\"WebSite\",\"@id\":\"https:\/\/ag-frisch.com\/de\/#website\",\"url\":\"https:\/\/ag-frisch.com\/de\/\",\"name\":\"China Import Beratung f\u00fcr den Einkauf aus China\",\"description\":\"China Import &amp; Export Beratung - Der Dienstleister Ihres Vertrauens f\u00fcr Ihren China Import\",\"publisher\":{\"@id\":\"https:\/\/ag-frisch.com\/de\/#organization\"},\"potentialAction\":[{\"@type\":\"SearchAction\",\"target\":{\"@type\":\"EntryPoint\",\"urlTemplate\":\"https:\/\/ag-frisch.com\/de\/?s={search_term_string}\"},\"query-input\":{\"@type\":\"PropertyValueSpecification\",\"valueRequired\":true,\"valueName\":\"search_term_string\"}}],\"inLanguage\":\"fr-FR\"},{\"@type\":\"Organization\",\"@id\":\"https:\/\/ag-frisch.com\/de\/#organization\",\"name\":\"Agentur Frisch International Consulting GmbH & Co. KG\",\"url\":\"https:\/\/ag-frisch.com\/de\/\",\"logo\":{\"@type\":\"ImageObject\",\"inLanguage\":\"fr-FR\",\"@id\":\"https:\/\/ag-frisch.com\/de\/#\/schema\/logo\/image\/\",\"url\":\"https:\/\/ag-frisch.com\/wp-content\/uploads\/2021\/08\/ag_logo_rgb_300_small.png\",\"contentUrl\":\"https:\/\/ag-frisch.com\/wp-content\/uploads\/2021\/08\/ag_logo_rgb_300_small.png\",\"width\":153,\"height\":102,\"caption\":\"Agentur Frisch International Consulting GmbH & Co. KG\"},\"image\":{\"@id\":\"https:\/\/ag-frisch.com\/de\/#\/schema\/logo\/image\/\"},\"sameAs\":[\"https:\/\/www.facebook.com\/China.Import\",\"https:\/\/x.com\/agenturfrisch\"]}]}<\/script>\n<!-- \/ Yoast SEO plugin. -->","yoast_head_json":{"title":"Importer des articles de sport de Chine en respectant toutes les directives europ\u00e9ennes","description":"Articles de sport de Chine \u25bbAppareils de sport et de fitness de Chine : tapis de yoga \u2713 Articles de fitness \u2713 \u00c9quipements de sport \u2713 \u25bb Demandez conseil maintenant !","robots":{"index":"index","follow":"follow","max-snippet":"max-snippet:-1","max-image-preview":"max-image-preview:large","max-video-preview":"max-video-preview:-1"},"canonical":"https:\/\/ag-frisch.com\/fr\/articles-de-sport-en-provenance-de-chine\/","og_locale":"fr_FR","og_type":"article","og_title":"Importer des articles de sport de Chine en respectant toutes les directives europ\u00e9ennes","og_description":"Articles de sport de Chine \u25bbAppareils de sport et de fitness de Chine : tapis de yoga \u2713 Articles de fitness \u2713 \u00c9quipements de sport \u2713 \u25bb Demandez conseil maintenant !","og_url":"https:\/\/ag-frisch.com\/fr\/articles-de-sport-en-provenance-de-chine\/","og_site_name":"China Import Beratung f\u00fcr den Einkauf aus China","article_publisher":"https:\/\/www.facebook.com\/China.Import","article_modified_time":"2023-01-27T04:29:41+00:00","twitter_card":"summary_large_image","twitter_site":"@agenturfrisch","twitter_misc":{"Dur\u00e9e de lecture estim\u00e9e":"8 minutes"},"schema":{"@context":"https:\/\/schema.org","@graph":[{"@type":"WebPage","@id":"https:\/\/ag-frisch.com\/fr\/articles-de-sport-en-provenance-de-chine\/","url":"https:\/\/ag-frisch.com\/fr\/articles-de-sport-en-provenance-de-chine\/","name":"Importer des articles de sport de Chine en respectant toutes les directives europ\u00e9ennes","isPartOf":{"@id":"https:\/\/ag-frisch.com\/de\/#website"},"datePublished":"2022-05-28T13:25:56+00:00","dateModified":"2023-01-27T04:29:41+00:00","description":"Articles de sport de Chine \u25bbAppareils de sport et de fitness de Chine : tapis de yoga \u2713 Articles de fitness \u2713 \u00c9quipements de sport \u2713 \u25bb Demandez conseil maintenant !","breadcrumb":{"@id":"https:\/\/ag-frisch.com\/fr\/articles-de-sport-en-provenance-de-chine\/#breadcrumb"},"inLanguage":"fr-FR","potentialAction":[{"@type":"ReadAction","target":["https:\/\/ag-frisch.com\/fr\/articles-de-sport-en-provenance-de-chine\/"]}]},{"@type":"BreadcrumbList","@id":"https:\/\/ag-frisch.com\/fr\/articles-de-sport-en-provenance-de-chine\/#breadcrumb","itemListElement":[{"@type":"ListItem","position":1,"name":"Startseite","item":"https:\/\/ag-frisch.com\/de\/"},{"@type":"ListItem","position":2,"name":"Articles de sport en provenance de Chine"}]},{"@type":"WebSite","@id":"https:\/\/ag-frisch.com\/de\/#website","url":"https:\/\/ag-frisch.com\/de\/","name":"China Import Beratung f\u00fcr den Einkauf aus China","description":"China Import &amp; Export Beratung - Der Dienstleister Ihres Vertrauens f\u00fcr Ihren China Import","publisher":{"@id":"https:\/\/ag-frisch.com\/de\/#organization"},"potentialAction":[{"@type":"SearchAction","target":{"@type":"EntryPoint","urlTemplate":"https:\/\/ag-frisch.com\/de\/?s={search_term_string}"},"query-input":{"@type":"PropertyValueSpecification","valueRequired":true,"valueName":"search_term_string"}}],"inLanguage":"fr-FR"},{"@type":"Organization","@id":"https:\/\/ag-frisch.com\/de\/#organization","name":"Agentur Frisch International Consulting GmbH & Co. KG","url":"https:\/\/ag-frisch.com\/de\/","logo":{"@type":"ImageObject","inLanguage":"fr-FR","@id":"https:\/\/ag-frisch.com\/de\/#\/schema\/logo\/image\/","url":"https:\/\/ag-frisch.com\/wp-content\/uploads\/2021\/08\/ag_logo_rgb_300_small.png","contentUrl":"https:\/\/ag-frisch.com\/wp-content\/uploads\/2021\/08\/ag_logo_rgb_300_small.png","width":153,"height":102,"caption":"Agentur Frisch International Consulting GmbH & Co. KG"},"image":{"@id":"https:\/\/ag-frisch.com\/de\/#\/schema\/logo\/image\/"},"sameAs":["https:\/\/www.facebook.com\/China.Import","https:\/\/x.com\/agenturfrisch"]}]}},"_links":{"self":[{"href":"https:\/\/ag-frisch.com\/fr\/wp-json\/wp\/v2\/pages\/11353","targetHints":{"allow":["GET"]}}],"collection":[{"href":"https:\/\/ag-frisch.com\/fr\/wp-json\/wp\/v2\/pages"}],"about":[{"href":"https:\/\/ag-frisch.com\/fr\/wp-json\/wp\/v2\/types\/page"}],"author":[{"embeddable":true,"href":"https:\/\/ag-frisch.com\/fr\/wp-json\/wp\/v2\/users\/2"}],"replies":[{"embeddable":true,"href":"https:\/\/ag-frisch.com\/fr\/wp-json\/wp\/v2\/comments?post=11353"}],"version-history":[{"count":0,"href":"https:\/\/ag-frisch.com\/fr\/wp-json\/wp\/v2\/pages\/11353\/revisions"}],"wp:attachment":[{"href":"https:\/\/ag-frisch.com\/fr\/wp-json\/wp\/v2\/media?parent=11353"}],"curies":[{"name":"wp","href":"https:\/\/api.w.org\/{rel}","templated":true}]}}