{"id":11356,"date":"2022-05-12T07:13:12","date_gmt":"2022-05-12T05:13:12","guid":{"rendered":"https:\/\/ag-frisch.com\/meubles-de-chine\/"},"modified":"2023-01-27T05:29:41","modified_gmt":"2023-01-27T04:29:41","slug":"meubles-de-chine","status":"publish","type":"page","link":"https:\/\/ag-frisch.com\/fr\/meubles-de-chine\/","title":{"rendered":"Meubles de Chine"},"content":{"rendered":"<p>[et_pb_section fb_built=&#8221;1&#8243; _builder_version=&#8221;4.16&#8243; _module_preset=&#8221;default&#8221; global_colors_info=&#8221;{}&#8221;][et_pb_row _builder_version=&#8221;4.18.1&#8243; _module_preset=&#8221;default&#8221; global_colors_info=&#8221;{}&#8221;][et_pb_column type=&#8221;4_4&#8243; _builder_version=&#8221;4.18.1&#8243; _module_preset=&#8221;default&#8221; global_colors_info=&#8221;{}&#8221;][et_pb_cta title=&#8221;Importer des meubles de Chine&#8221; button_url=&#8221;https:\/\/ag-frisch.com\/fr\/contact\/&#8221; button_text=&#8221;Faites maintenant importer vos meubles de Chine par des experts en la mati\u00e8re&#8221; _builder_version=&#8221;4.18.1&#8243; _module_preset=&#8221;default&#8221; global_colors_info=&#8221;{}&#8221;]<\/p>\n<p>Nous sommes notamment sp\u00e9cialis\u00e9s dans l&#8217;importation de meubles en provenance de Chine. Notre d\u00e9partement sp\u00e9cialis\u00e9 dans les meubles en provenance de Chine se fera un plaisir de vous aider \u00e0 r\u00e9aliser votre projet.  <\/p>\n<p>[\/et_pb_cta][\/et_pb_column][\/et_pb_row][et_pb_row _builder_version=&#8221;4.16&#8243; _module_preset=&#8221;default&#8221; global_colors_info=&#8221;{}&#8221;][et_pb_column type=&#8221;4_4&#8243; _builder_version=&#8221;4.16&#8243; _module_preset=&#8221;default&#8221; global_colors_info=&#8221;{}&#8221;][et_pb_text _builder_version=&#8221;4.16&#8243; _module_preset=&#8221;default&#8221; global_colors_info=&#8221;{}&#8221;]<\/p>\n<h3><strong>Meubles et petits meubles de Chine<\/strong><\/h3>\n<p><strong>Mobilier et articles de d\u00e9coration pour la maison en direct du fabricant<\/strong><\/p>\n<p>Les meubles sont une marchandise qui se vend toujours : M\u00eame en temps de crise, les gens r\u00e9am\u00e9nagent leur int\u00e9rieur. En tant que grossiste, vous pouvez tirer des marges consid\u00e9rables des prix bas \u00e0 l&#8217;importation de meubles en provenance de Chine. Beaucoup de choses sont produites ici \u00e0 des co\u00fbts beaucoup plus bas ; un avantage qui est litt\u00e9ralement payant pour vous. Mais si l&#8217;on n&#8217;a pas de liens avec le march\u00e9 chinois, on peut avoir de mauvaises surprises en essayant d&#8217;y faire des achats &#8211; et dans le pire des cas, se retrouver sans argent ni marchandises.<\/p>\n<p>L&#8217;agence d&#8217;importation Frisch propose donc le service que seule l&#8217;exp\u00e9rience et le savoir-faire permettent de r\u00e9aliser. Nous disposons de contacts commerciaux de longue date avec des partenaires commerciaux fiables et savons comment r\u00e9diger les contrats en amont, effectuer des contr\u00f4les de qualit\u00e9 et \u00e9galement organiser le transport de mani\u00e8re \u00e0 ce que tout se d\u00e9roule sans probl\u00e8me et arrive intact et complet. Qu&#8217;il s&#8217;agisse de pi\u00e8ces automobiles, de produits alimentaires, d&#8217;appareils m\u00e9nagers ou de meubles en provenance de Chine, nous sommes votre interlocuteur id\u00e9al.<\/p>\n<p>&nbsp;<\/p>\n<p><strong>Tout pour le salon &#8211; Meubles fabriqu\u00e9s en Chine en grandes quantit\u00e9s<\/strong><\/p>\n<p>Du canap\u00e9 \u00e0 la table basse en passant par la biblioth\u00e8que, nos producteurs de Chine peuvent vous proposer tout ce qui trouve sa place dans un salon allemand. Les styles les plus divers sont pris en compte et chaque niveau de qualit\u00e9 souhait\u00e9 est r\u00e9alis\u00e9. De l&#8217;armoire murale bon march\u00e9 au buffet tourn\u00e9, il n&#8217;y a pas de limites \u00e0 l&#8217;imagination pour votre importation de meubles de Chine. Analysez avec nous vos besoins lors d&#8217;un premier entretien de conseil et faites-nous part de vos id\u00e9es. Nous trouverons pour vous le fabricant le mieux adapt\u00e9 et discuterons des \u00e9tapes et possibilit\u00e9s ult\u00e9rieures.<\/p>\n<p>Vous pouvez vous procurer ces meubles de salon entre autres chez nous :<\/p>\n<ul>\n<li>\u00c9tag\u00e8res<\/li>\n<li>Armoires et vitrines<\/li>\n<li>Canap\u00e9s, salons et fauteuils<\/li>\n<li>Tables et tables basses<\/li>\n<\/ul>\n<p>&nbsp;<\/p>\n<p><strong>Meubles de chambre \u00e0 coucher et autres en provenance de Chine<\/strong><\/p>\n<p>Nos partenaires commerciaux fabriquent \u00e9galement pour vous des meubles de chambre \u00e0 coucher et des s\u00e9ries enti\u00e8res de chambres \u00e0 coucher pour la vente en Allemagne. Naturellement test\u00e9 contre les substances nocives et fabriqu\u00e9 avec soin. Vous obtenez \u00e0 bas prix par exemple<\/p>\n<ul>\n<li>Lits (lits simples, lits doubles)<\/li>\n<li>Matelas, Topper<\/li>\n<li>Tables de chevet, consoles<\/li>\n<li>Miroir<\/li>\n<li>Armoires \u00e0 v\u00eatements<\/li>\n<\/ul>\n<p>&nbsp;<\/p>\n<p><strong>Tables et chaises de Chine : ameublement de salle \u00e0 manger en direct du fabricant<\/strong><\/p>\n<p>Vous pouvez \u00e9galement vous procurer des groupes de salles \u00e0 manger \u00e9l\u00e9gants et des am\u00e9nagements complets de salles \u00e0 manger aupr\u00e8s de l&#8217;agence Frisch de Chine. Nous importons pour vous des chaises de Chine, des tables de Chine et tout ce qui est n\u00e9cessaire pour la salle \u00e0 manger \u00e0 des prix imbattables, rapidement et de mani\u00e8re fiable.<\/p>\n<p>&nbsp;<\/p>\n<p><strong>Importation de tapis et de linge de maison en Chine<\/strong><\/p>\n<p>Il n&#8217;y a pas que les tables et les chaises en provenance de Chine qui peuvent \u00eatre achet\u00e9es chez nous, mais aussi tous les articles du domaine du linge de maison, comme par exemple les rideaux et les nappes. De plus, nous pouvons vous fournir les meilleurs contacts commerciaux avec les fabricants de tapis : Les tapis chinois sont c\u00e9l\u00e8bres dans le monde entier pour leur grande qualit\u00e9 et leur beaut\u00e9 unique. Outre les tapis classiques de Chine, il est \u00e9galement possible d&#8217;acheter des tapis occidentaux et arabes en grandes quantit\u00e9s directement aupr\u00e8s du fabricant.<\/p>\n<p>&nbsp;<\/p>\n<p><strong>Autres produits du secteur Meubles et petits meubles de Chine<\/strong><\/p>\n<p>Profitez de prix bas lors de l&#8217;importation en Chine de meubles de salle de bains et de s\u00e9ries enti\u00e8res de meubles pour la chambre de b\u00e9b\u00e9 et d&#8217;enfant, ainsi que de petits meubles en provenance de Chine. De la table \u00e0 langer au landau, tout achat de meubles en provenance de Chine peut \u00eatre r\u00e9alis\u00e9 par notre interm\u00e9diaire.<\/p>\n<p>&nbsp;<\/p>\n<p><strong>L&#8217;ensemble des importations chinoises d&#8217;un seul tenant<\/strong><\/p>\n<p>L&#8217;agence Frisch se consid\u00e8re comme votre partenaire pour l&#8217;ensemble du processus d&#8217;importation en Chine, de la recherche du fabricant \u00e0 la commande d&#8217;\u00e9chantillons, en passant par les contr\u00f4les de production et la logistique de transport. Nous nous chargeons pour vous des certifications et des marquages, nous nous occupons du th\u00e8me important de la conformit\u00e9, et nous effectuons nos propres tests en laboratoire. Les marchandises que vous achetez chez nous sont d\u00e9finitivement irr\u00e9prochables au sens des normes et directives allemandes. Nous vous assistons dans tous les aspects de votre importation en Chine pour votre plus grande satisfaction.<\/p>\n<p>&nbsp;<\/p>\n<p><strong>Contactez-nous et nous trouverons la solution d&#8217;importation optimale pour vous aussi !<\/strong><\/p>\n<p>[\/et_pb_text][\/et_pb_column][\/et_pb_row][\/et_pb_section][et_pb_section fb_built=&#8221;1&#8243; admin_label=&#8221;Testimonials&#8221; _builder_version=&#8221;4.16&#8243; use_background_color_gradient=&#8221;on&#8221; background_color_gradient_stops=&#8221;rgba(0,106,156,0.85) 0%|rgba(0,106,156,0.85) 100%&#8221; background_color_gradient_start=&#8221;rgba(0,106,156,0.85)&#8221; background_color_gradient_end=&#8221;rgba(0,106,156,0.85)&#8221; custom_padding=&#8221;90px||60px|&#8221; animation_style=&#8221;fold&#8221; animation_direction=&#8221;bottom&#8221; animation_intensity_fold=&#8221;4%&#8221; global_colors_info=&#8221;{}&#8221;][et_pb_row _builder_version=&#8221;4.16&#8243; background_size=&#8221;initial&#8221; background_position=&#8221;top_left&#8221; background_repeat=&#8221;repeat&#8221; custom_width_px=&#8221;710px&#8221; locked=&#8221;off&#8221; global_colors_info=&#8221;{}&#8221;][et_pb_column type=&#8221;4_4&#8243; _builder_version=&#8221;4.16&#8243; background_position=&#8221;top_left&#8221; custom_padding=&#8221;|||&#8221; global_colors_info=&#8221;{}&#8221; custom_padding__hover=&#8221;|||&#8221;][et_pb_text admin_label=&#8221;Testimonials Section Title&#8221; _builder_version=&#8221;4.16&#8243; header_font=&#8221;Montserrat||||&#8221; header_font_size=&#8221;36px&#8221; background_size=&#8221;initial&#8221; background_position=&#8221;top_left&#8221; background_repeat=&#8221;repeat&#8221; text_orientation=&#8221;center&#8221; background_layout=&#8221;dark&#8221; max_width=&#8221;710px&#8221; module_alignment=&#8221;center&#8221; animation_style=&#8221;fold&#8221; animation_direction=&#8221;bottom&#8221; animation_intensity_fold=&#8221;20%&#8221; global_colors_info=&#8221;{}&#8221;]<\/p>\n<h1>Plus de 5000 clients satisfaits.<\/h1>\n<p>&nbsp;<\/p>\n<p>[\/et_pb_text][et_pb_divider color=&#8221;#ffffff&#8221; divider_weight=&#8221;3px&#8221; disabled_on=&#8221;off|off|off&#8221; _builder_version=&#8221;4.16&#8243; background_color_gradient_direction=&#8221;90deg&#8221; max_width=&#8221;100px&#8221; module_alignment=&#8221;center&#8221; height=&#8221;5px&#8221; custom_margin=&#8221;||20px|&#8221; custom_padding=&#8221;||20px|&#8221; animation_style=&#8221;slide&#8221; animation_direction=&#8221;bottom&#8221; saved_tabs=&#8221;all&#8221; locked=&#8221;off&#8221; global_colors_info=&#8221;{}&#8221;][\/et_pb_divider][\/et_pb_column][\/et_pb_row][et_pb_row column_structure=&#8221;1_2,1_2&#8243; _builder_version=&#8221;4.18.1&#8243; _module_preset=&#8221;default&#8221; global_colors_info=&#8221;{}&#8221;][et_pb_column type=&#8221;1_2&#8243; _builder_version=&#8221;4.18.1&#8243; _module_preset=&#8221;default&#8221; global_colors_info=&#8221;{}&#8221;][et_pb_testimonial author=&#8221;Marco&#8221; portrait_url=&#8221;https:\/\/ag-frisch.com\/wp-content\/uploads\/2021\/08\/Harald.png&#8221; quote_icon=&#8221;off&#8221; _builder_version=&#8221;4.18.1&#8243; _module_preset=&#8221;default&#8221; body_font_size=&#8221;16px&#8221; use_background_color=&#8221;off&#8221; background_layout=&#8221;dark&#8221; global_colors_info=&#8221;{}&#8221;]J&#8217;ai demand\u00e9 \u00e0 l&#8217;agence Frisch de faire produire un meuble de grande taille en Chine et de le transf\u00e9rer ensuite en Allemagne. La communication par e-mail a \u00e9t\u00e9 fluide tout au long du processus ! Des r\u00e9ponses tr\u00e8s rapides et fiables m&#8217;ont apport\u00e9 en permanence les garanties indispensables \u00e0 une telle entreprise. J&#8217;ai toujours \u00e9t\u00e9 aid\u00e9 dans la jungle bureaucratique et aucun formulaire n&#8217;a \u00e9t\u00e9 oubli\u00e9 ou mal rempli. Tr\u00e8s louable !<a href=\"&lt;div%20class=%22pe-richsnippets%22&gt;&nbsp;&lt;\/div&gt;%20&lt;script%20type=%22text\/javascript%22%20src=%22https:\/\/www.provenexpert.com\/widget\/richsnippet.js?u=1NUA0VwZ4RUZ5tmAi5zA4RaplNKAlWwZ&amp;v=2%22%20async&gt;&lt;\/script&gt;%20&lt;div%20style=%22text-align:%20justify;%22&gt;&lt;br%20\/&gt;\"><\/a><\/p>\n<div class=\"brow ratingBarMargin\">\n<div class=\"ratingBar\">\n<div class=\"brow\">\n<div class=\"pe-richsnippets\">&nbsp;<\/div>\n<p><script type=\"text\/javascript\" src=\"https:\/\/www.provenexpert.com\/widget\/richsnippet.js?u=1NUA0VwZ4RUZ5tmAi5zA4RaplNKAlWwZ&amp;v=2\" async=\"\"><\/script><\/p>\n<div style=\"text-align: justify;\"><\/p>\n<div class=\"col-lg-9 col-md-8 col-xs-10 mt20 mb20\">\n<div class=\"col-xs-12 surveyNameForRating\"><\/div>\n<\/div>\n<\/div>\n<\/div>\n<\/div>\n<\/div>\n<p>[\/et_pb_testimonial][\/et_pb_column][et_pb_column type=&#8221;1_2&#8243; _builder_version=&#8221;4.18.1&#8243; _module_preset=&#8221;default&#8221; global_colors_info=&#8221;{}&#8221;][et_pb_testimonial author=&#8221;Simone L.&#8221; portrait_url=&#8221;https:\/\/ag-frisch.com\/wp-content\/uploads\/2021\/08\/Harald.png&#8221; quote_icon=&#8221;off&#8221; _builder_version=&#8221;4.18.1&#8243; _module_preset=&#8221;default&#8221; body_font_size=&#8221;16px&#8221; use_background_color=&#8221;off&#8221; background_layout=&#8221;dark&#8221; global_colors_info=&#8221;{}&#8221;]<\/p>\n<p>Tout est au top. On ne peut pas faire mieux. On ne peut pas faire mieux en mati\u00e8re de conseil et de r\u00e9alisation. Apr\u00e8s avoir pass\u00e9 plusieurs commandes aupr\u00e8s de cette entreprise, nous sommes plus que satisfaits et poursuivons notre collaboration.<\/p>\n<div class=\"brow ratingBarMargin\">\n<div class=\"ratingBar\">\n<div class=\"brow\">\n<div class=\"pe-richsnippets\"> <\/div>\n<p>\n<script type=\"text\/javascript\" src=\"https:\/\/www.provenexpert.com\/widget\/richsnippet.js?u=1NUA0VwZ4RUZ5tmAi5zA4RaplNKAlWwZ&amp;v=2\" async=\"\"><\/script>\n<\/p>\n<div style=\"text-align: justify;\">\n<p>&nbsp;<\/p>\n<div class=\"col-lg-9 col-md-8 col-xs-10 mt20 mb20\">\n<div class=\"col-xs-12 surveyNameForRating\"><\/div>\n<\/div>\n<\/div>\n<\/div>\n<\/div>\n<\/div>\n<p>[\/et_pb_testimonial][\/et_pb_column][\/et_pb_row][et_pb_row _builder_version=&#8221;4.16&#8243; background_size=&#8221;initial&#8221; background_position=&#8221;top_left&#8221; background_repeat=&#8221;repeat&#8221; custom_padding=&#8221;50px|0px|30px|0px&#8221; custom_css_main_element=&#8221;text-align: center;&#8221; global_colors_info=&#8221;{}&#8221;][et_pb_column type=&#8221;4_4&#8243; _builder_version=&#8221;4.16&#8243; custom_padding=&#8221;|||&#8221; global_colors_info=&#8221;{}&#8221; custom_padding__hover=&#8221;|||&#8221;][et_pb_button button_url=&#8221;https:\/\/www.provenexpert.com\/de-de\/agentur-frisch-international-consulting-gmbh-und-co-kg\/&#8221; button_text=&#8221;PLUS D&#039;AVIS&#8221; button_alignment=&#8221;left&#8221; admin_label=&#8221;Testimonial Button&#8221; _builder_version=&#8221;4.16&#8243; custom_button=&#8221;on&#8221; button_text_size=&#8221;18px&#8221; button_text_color=&#8221;#ffffff&#8221; button_bg_color=&#8221;#6eba01&#8243; button_border_width=&#8221;2px&#8221; button_border_color=&#8221;#6eba01&#8243; button_border_radius=&#8221;0px&#8221; button_letter_spacing=&#8221;2px&#8221; button_font=&#8221;Montserrat|||on|&#8221; button_use_icon=&#8221;off&#8221; animation_style=&#8221;fold&#8221; animation_direction=&#8221;bottom&#8221; button_text_color_hover=&#8221;#ffffff&#8221; button_border_color_hover=&#8221;#ffffff&#8221; button_border_radius_hover=&#8221;0px&#8221; button_letter_spacing_hover=&#8221;2px&#8221; button_bg_color_hover=&#8221;rgba(255,255,255,0)&#8221; locked=&#8221;off&#8221; global_colors_info=&#8221;{}&#8221; button_text_size__hover_enabled=&#8221;off&#8221; button_one_text_size__hover_enabled=&#8221;off&#8221; button_two_text_size__hover_enabled=&#8221;off&#8221; button_text_color__hover_enabled=&#8221;on&#8221; button_text_color__hover=&#8221;#ffffff&#8221; button_one_text_color__hover_enabled=&#8221;off&#8221; button_two_text_color__hover_enabled=&#8221;off&#8221; button_border_width__hover_enabled=&#8221;off&#8221; button_one_border_width__hover_enabled=&#8221;off&#8221; button_two_border_width__hover_enabled=&#8221;off&#8221; button_border_color__hover_enabled=&#8221;on&#8221; button_border_color__hover=&#8221;#ffffff&#8221; button_one_border_color__hover_enabled=&#8221;off&#8221; button_two_border_color__hover_enabled=&#8221;off&#8221; button_border_radius__hover_enabled=&#8221;on&#8221; button_border_radius__hover=&#8221;0px&#8221; button_one_border_radius__hover_enabled=&#8221;off&#8221; button_two_border_radius__hover_enabled=&#8221;off&#8221; button_letter_spacing__hover_enabled=&#8221;on&#8221; button_letter_spacing__hover=&#8221;2px&#8221; button_one_letter_spacing__hover_enabled=&#8221;off&#8221; button_two_letter_spacing__hover_enabled=&#8221;off&#8221; button_bg_color__hover_enabled=&#8221;on&#8221; button_bg_color__hover=&#8221;rgba(255,255,255,0)&#8221; button_one_bg_color__hover_enabled=&#8221;off&#8221; button_two_bg_color__hover_enabled=&#8221;off&#8221;][\/et_pb_button][\/et_pb_column][\/et_pb_row][\/et_pb_section]<\/p>\n","protected":false},"excerpt":{"rendered":"<p>Nous sommes notamment sp\u00e9cialis\u00e9s dans l&#8217;importation de meubles en provenance de Chine. Notre d\u00e9partement sp\u00e9cialis\u00e9 dans les meubles en provenance de Chine se fera un plaisir de vous aider \u00e0 r\u00e9aliser votre projet. Meubles et petits meubles de Chine Mobilier et articles de d\u00e9coration pour la maison en direct du fabricant Les meubles sont une [&hellip;]<\/p>\n","protected":false},"author":2,"featured_media":0,"parent":0,"menu_order":0,"comment_status":"closed","ping_status":"closed","template":"","meta":{"_et_pb_use_builder":"on","_et_pb_old_content":"","_et_gb_content_width":"","footnotes":""},"class_list":["post-11356","page","type-page","status-publish","hentry"],"yoast_head":"<!-- This site is optimized with the Yoast SEO plugin v27.2 - https:\/\/yoast.com\/product\/yoast-seo-wordpress\/ -->\n<title>Importer des meubles de Chine en respectant toutes les directives europ\u00e9ennes<\/title>\n<meta name=\"description\" content=\"Meubles fabriqu\u00e9s en Chine \u25bb Conformit\u00e9 aux directives de l&#039;UE : contr\u00f4le de la qualit\u00e9 \u2713 Assurer la production en Chine \u2713 \u25bb Demandez maintenant conseil \u00e0 des experts !\" \/>\n<meta name=\"robots\" content=\"index, follow, max-snippet:-1, max-image-preview:large, max-video-preview:-1\" \/>\n<link rel=\"canonical\" href=\"https:\/\/ag-frisch.com\/fr\/meubles-de-chine\/\" \/>\n<meta property=\"og:locale\" content=\"fr_FR\" \/>\n<meta property=\"og:type\" content=\"article\" \/>\n<meta property=\"og:title\" content=\"Importer des meubles de Chine en respectant toutes les directives europ\u00e9ennes\" \/>\n<meta property=\"og:description\" content=\"Meubles fabriqu\u00e9s en Chine \u25bb Conformit\u00e9 aux directives de l&#039;UE : contr\u00f4le de la qualit\u00e9 \u2713 Assurer la production en Chine \u2713 \u25bb Demandez maintenant conseil \u00e0 des experts !\" \/>\n<meta property=\"og:url\" content=\"https:\/\/ag-frisch.com\/fr\/meubles-de-chine\/\" \/>\n<meta property=\"og:site_name\" content=\"China Import Beratung f\u00fcr den Einkauf aus China\" \/>\n<meta property=\"article:publisher\" content=\"https:\/\/www.facebook.com\/China.Import\" \/>\n<meta property=\"article:modified_time\" content=\"2023-01-27T04:29:41+00:00\" \/>\n<meta name=\"twitter:card\" content=\"summary_large_image\" \/>\n<meta name=\"twitter:site\" content=\"@agenturfrisch\" \/>\n<meta name=\"twitter:label1\" content=\"Dur\u00e9e de lecture estim\u00e9e\" \/>\n\t<meta name=\"twitter:data1\" content=\"9 minutes\" \/>\n<script type=\"application\/ld+json\" class=\"yoast-schema-graph\">{\"@context\":\"https:\/\/schema.org\",\"@graph\":[{\"@type\":\"WebPage\",\"@id\":\"https:\/\/ag-frisch.com\/fr\/meubles-de-chine\/\",\"url\":\"https:\/\/ag-frisch.com\/fr\/meubles-de-chine\/\",\"name\":\"Importer des meubles de Chine en respectant toutes les directives europ\u00e9ennes\",\"isPartOf\":{\"@id\":\"https:\/\/ag-frisch.com\/de\/#website\"},\"datePublished\":\"2022-05-12T05:13:12+00:00\",\"dateModified\":\"2023-01-27T04:29:41+00:00\",\"description\":\"Meubles fabriqu\u00e9s en Chine \u25bb Conformit\u00e9 aux directives de l'UE : contr\u00f4le de la qualit\u00e9 \u2713 Assurer la production en Chine \u2713 \u25bb Demandez maintenant conseil \u00e0 des experts !\",\"breadcrumb\":{\"@id\":\"https:\/\/ag-frisch.com\/fr\/meubles-de-chine\/#breadcrumb\"},\"inLanguage\":\"fr-FR\",\"potentialAction\":[{\"@type\":\"ReadAction\",\"target\":[\"https:\/\/ag-frisch.com\/fr\/meubles-de-chine\/\"]}]},{\"@type\":\"BreadcrumbList\",\"@id\":\"https:\/\/ag-frisch.com\/fr\/meubles-de-chine\/#breadcrumb\",\"itemListElement\":[{\"@type\":\"ListItem\",\"position\":1,\"name\":\"Startseite\",\"item\":\"https:\/\/ag-frisch.com\/de\/\"},{\"@type\":\"ListItem\",\"position\":2,\"name\":\"Meubles de Chine\"}]},{\"@type\":\"WebSite\",\"@id\":\"https:\/\/ag-frisch.com\/de\/#website\",\"url\":\"https:\/\/ag-frisch.com\/de\/\",\"name\":\"China Import Beratung f\u00fcr den Einkauf aus China\",\"description\":\"China Import &amp; Export Beratung - Der Dienstleister Ihres Vertrauens f\u00fcr Ihren China Import\",\"publisher\":{\"@id\":\"https:\/\/ag-frisch.com\/de\/#organization\"},\"potentialAction\":[{\"@type\":\"SearchAction\",\"target\":{\"@type\":\"EntryPoint\",\"urlTemplate\":\"https:\/\/ag-frisch.com\/de\/?s={search_term_string}\"},\"query-input\":{\"@type\":\"PropertyValueSpecification\",\"valueRequired\":true,\"valueName\":\"search_term_string\"}}],\"inLanguage\":\"fr-FR\"},{\"@type\":\"Organization\",\"@id\":\"https:\/\/ag-frisch.com\/de\/#organization\",\"name\":\"Agentur Frisch International Consulting GmbH & Co. KG\",\"url\":\"https:\/\/ag-frisch.com\/de\/\",\"logo\":{\"@type\":\"ImageObject\",\"inLanguage\":\"fr-FR\",\"@id\":\"https:\/\/ag-frisch.com\/de\/#\/schema\/logo\/image\/\",\"url\":\"https:\/\/ag-frisch.com\/wp-content\/uploads\/2021\/08\/ag_logo_rgb_300_small.png\",\"contentUrl\":\"https:\/\/ag-frisch.com\/wp-content\/uploads\/2021\/08\/ag_logo_rgb_300_small.png\",\"width\":153,\"height\":102,\"caption\":\"Agentur Frisch International Consulting GmbH & Co. KG\"},\"image\":{\"@id\":\"https:\/\/ag-frisch.com\/de\/#\/schema\/logo\/image\/\"},\"sameAs\":[\"https:\/\/www.facebook.com\/China.Import\",\"https:\/\/x.com\/agenturfrisch\"]}]}<\/script>\n<!-- \/ Yoast SEO plugin. -->","yoast_head_json":{"title":"Importer des meubles de Chine en respectant toutes les directives europ\u00e9ennes","description":"Meubles fabriqu\u00e9s en Chine \u25bb Conformit\u00e9 aux directives de l'UE : contr\u00f4le de la qualit\u00e9 \u2713 Assurer la production en Chine \u2713 \u25bb Demandez maintenant conseil \u00e0 des experts !","robots":{"index":"index","follow":"follow","max-snippet":"max-snippet:-1","max-image-preview":"max-image-preview:large","max-video-preview":"max-video-preview:-1"},"canonical":"https:\/\/ag-frisch.com\/fr\/meubles-de-chine\/","og_locale":"fr_FR","og_type":"article","og_title":"Importer des meubles de Chine en respectant toutes les directives europ\u00e9ennes","og_description":"Meubles fabriqu\u00e9s en Chine \u25bb Conformit\u00e9 aux directives de l'UE : contr\u00f4le de la qualit\u00e9 \u2713 Assurer la production en Chine \u2713 \u25bb Demandez maintenant conseil \u00e0 des experts !","og_url":"https:\/\/ag-frisch.com\/fr\/meubles-de-chine\/","og_site_name":"China Import Beratung f\u00fcr den Einkauf aus China","article_publisher":"https:\/\/www.facebook.com\/China.Import","article_modified_time":"2023-01-27T04:29:41+00:00","twitter_card":"summary_large_image","twitter_site":"@agenturfrisch","twitter_misc":{"Dur\u00e9e de lecture estim\u00e9e":"9 minutes"},"schema":{"@context":"https:\/\/schema.org","@graph":[{"@type":"WebPage","@id":"https:\/\/ag-frisch.com\/fr\/meubles-de-chine\/","url":"https:\/\/ag-frisch.com\/fr\/meubles-de-chine\/","name":"Importer des meubles de Chine en respectant toutes les directives europ\u00e9ennes","isPartOf":{"@id":"https:\/\/ag-frisch.com\/de\/#website"},"datePublished":"2022-05-12T05:13:12+00:00","dateModified":"2023-01-27T04:29:41+00:00","description":"Meubles fabriqu\u00e9s en Chine \u25bb Conformit\u00e9 aux directives de l'UE : contr\u00f4le de la qualit\u00e9 \u2713 Assurer la production en Chine \u2713 \u25bb Demandez maintenant conseil \u00e0 des experts !","breadcrumb":{"@id":"https:\/\/ag-frisch.com\/fr\/meubles-de-chine\/#breadcrumb"},"inLanguage":"fr-FR","potentialAction":[{"@type":"ReadAction","target":["https:\/\/ag-frisch.com\/fr\/meubles-de-chine\/"]}]},{"@type":"BreadcrumbList","@id":"https:\/\/ag-frisch.com\/fr\/meubles-de-chine\/#breadcrumb","itemListElement":[{"@type":"ListItem","position":1,"name":"Startseite","item":"https:\/\/ag-frisch.com\/de\/"},{"@type":"ListItem","position":2,"name":"Meubles de Chine"}]},{"@type":"WebSite","@id":"https:\/\/ag-frisch.com\/de\/#website","url":"https:\/\/ag-frisch.com\/de\/","name":"China Import Beratung f\u00fcr den Einkauf aus China","description":"China Import &amp; Export Beratung - Der Dienstleister Ihres Vertrauens f\u00fcr Ihren China Import","publisher":{"@id":"https:\/\/ag-frisch.com\/de\/#organization"},"potentialAction":[{"@type":"SearchAction","target":{"@type":"EntryPoint","urlTemplate":"https:\/\/ag-frisch.com\/de\/?s={search_term_string}"},"query-input":{"@type":"PropertyValueSpecification","valueRequired":true,"valueName":"search_term_string"}}],"inLanguage":"fr-FR"},{"@type":"Organization","@id":"https:\/\/ag-frisch.com\/de\/#organization","name":"Agentur Frisch International Consulting GmbH & Co. KG","url":"https:\/\/ag-frisch.com\/de\/","logo":{"@type":"ImageObject","inLanguage":"fr-FR","@id":"https:\/\/ag-frisch.com\/de\/#\/schema\/logo\/image\/","url":"https:\/\/ag-frisch.com\/wp-content\/uploads\/2021\/08\/ag_logo_rgb_300_small.png","contentUrl":"https:\/\/ag-frisch.com\/wp-content\/uploads\/2021\/08\/ag_logo_rgb_300_small.png","width":153,"height":102,"caption":"Agentur Frisch International Consulting GmbH & Co. KG"},"image":{"@id":"https:\/\/ag-frisch.com\/de\/#\/schema\/logo\/image\/"},"sameAs":["https:\/\/www.facebook.com\/China.Import","https:\/\/x.com\/agenturfrisch"]}]}},"_links":{"self":[{"href":"https:\/\/ag-frisch.com\/fr\/wp-json\/wp\/v2\/pages\/11356","targetHints":{"allow":["GET"]}}],"collection":[{"href":"https:\/\/ag-frisch.com\/fr\/wp-json\/wp\/v2\/pages"}],"about":[{"href":"https:\/\/ag-frisch.com\/fr\/wp-json\/wp\/v2\/types\/page"}],"author":[{"embeddable":true,"href":"https:\/\/ag-frisch.com\/fr\/wp-json\/wp\/v2\/users\/2"}],"replies":[{"embeddable":true,"href":"https:\/\/ag-frisch.com\/fr\/wp-json\/wp\/v2\/comments?post=11356"}],"version-history":[{"count":0,"href":"https:\/\/ag-frisch.com\/fr\/wp-json\/wp\/v2\/pages\/11356\/revisions"}],"wp:attachment":[{"href":"https:\/\/ag-frisch.com\/fr\/wp-json\/wp\/v2\/media?parent=11356"}],"curies":[{"name":"wp","href":"https:\/\/api.w.org\/{rel}","templated":true}]}}