{"id":11433,"date":"2022-07-12T15:10:30","date_gmt":"2022-07-12T13:10:30","guid":{"rendered":"https:\/\/ag-frisch.com\/inspection-video-en-chine\/"},"modified":"2023-01-27T05:30:16","modified_gmt":"2023-01-27T04:30:16","slug":"inspection-video-en-chine","status":"publish","type":"page","link":"https:\/\/ag-frisch.com\/fr\/inspection-video-en-chine\/","title":{"rendered":"Inspection vid\u00e9o en Chine"},"content":{"rendered":"<p>[et_pb_section fb_built=&#8221;1&#8243; _builder_version=&#8221;4.16&#8243; _module_preset=&#8221;default&#8221; global_colors_info=&#8221;{}&#8221;][et_pb_row _builder_version=&#8221;4.16&#8243; _module_preset=&#8221;default&#8221; global_colors_info=&#8221;{}&#8221;][et_pb_column type=&#8221;4_4&#8243; _builder_version=&#8221;4.16&#8243; _module_preset=&#8221;default&#8221; global_colors_info=&#8221;{}&#8221;][et_pb_cta title=&#8221;Inspection par appel vid\u00e9o en Chine&#8221; button_url=&#8221;https:\/\/ag-frisch.com\/fr\/contact\/&#8221; button_text=&#8221;R\u00e9server maintenant une inspection en Chine&#8221; _builder_version=&#8221;4.18.1&#8243; _module_preset=&#8221;default&#8221; hover_enabled=&#8221;0&#8243; global_colors_info=&#8221;{}&#8221; theme_builder_area=&#8221;post_content&#8221; sticky_enabled=&#8221;0&#8243;]<\/p>\n<p>Suivez notre inspection en Chine en direct par appel vid\u00e9o. Vous pouvez ainsi donner des instructions \u00e0 l&#8217;inspecteur ou poser des questions pendant l&#8217;inspection.  <\/p>\n<p>[\/et_pb_cta][et_pb_text admin_label=&#8221;H1&#8243; _builder_version=&#8221;4.18.1&#8243; _module_preset=&#8221;default&#8221; global_colors_info=&#8221;{}&#8221;]<\/p>\n<h1>Inspection et test vid\u00e9o en direct en Chine<\/h1>\n<p>[\/et_pb_text][et_pb_text _builder_version=&#8221;4.16&#8243; _module_preset=&#8221;default&#8221; global_colors_info=&#8221;{}&#8221;]<\/p>\n<p><strong>Inspection vid\u00e9o &#8211; Suivi des examens par appel vid\u00e9o<\/strong><\/p>\n<p><strong>Inspection en direct en Chine par vid\u00e9o<\/strong><\/p>\n<p>En tant qu&#8217;entrepreneur, vous ne pouvez pas vous rendre en Chine, mais vous souhaitez contr\u00f4ler vous-m\u00eame vos marchandises de mani\u00e8re approfondie en Chine ? Vous pouvez alors faire appel \u00e0 notre service d&#8217;inspection vid\u00e9o. Nous vous proposons une participation continue par vid\u00e9o aux examens effectu\u00e9s par notre inspecteur. Cela pr\u00e9sente par exemple les avantages suivants pour vous :<\/p>\n<ul>\n<li>discussions directes sur la situation avec l&#8217;inspecteur<\/li>\n<li>Prise de vue de d\u00e9tails, de certains angles de vue, etc.<\/li>\n<li>instructions individuelles<\/li>\n<\/ul>\n<p>&nbsp;<\/p>\n<p><strong>Inspection par vid\u00e9o en Chine &#8211; v\u00e9rifier comme sur place<\/strong><\/p>\n<p>Gr\u00e2ce \u00e0 nos inspections en direct en Chine, vous pouvez contr\u00f4ler vous-m\u00eame vos marchandises en Chine. Vous assistez en direct et en vid\u00e9o \u00e0 l&#8217;examen approfondi de vos marchandises par notre inspecteur. Des vid\u00e9os haute r\u00e9solution et une technologie de cam\u00e9ra moderne garantissent que la qualit\u00e9 de l&#8217;inspection en direct en Chine est significative et &#8220;comme sur place&#8221;. Gr\u00e2ce \u00e0 une technique de pointe et \u00e0 des contr\u00f4leurs exp\u00e9riment\u00e9s, cette m\u00e9thode permet \u00e9galement de d\u00e9tecter d&#8217;\u00e9ventuels d\u00e9fauts et d&#8217;y rem\u00e9dier \u00e0 temps. Lors de l&#8217;inspection par vid\u00e9o en Chine, vous obtenez une image d\u00e9taill\u00e9e de l&#8217;\u00e9tat de vos marchandises.<\/p>\n<p>Comme nos inspecteurs sont des professionnels tr\u00e8s exp\u00e9riment\u00e9s, il est recommand\u00e9 de suivre la proc\u00e9dure indiqu\u00e9e par le professionnel. Dans la plupart des cas, il est le mieux plac\u00e9 pour savoir quels sont les angles et les vues de d\u00e9tail pertinents. Un \u00e9clairage optimal et une connexion Internet performante sont assur\u00e9s pendant l&#8217;inspection en direct en Chine.<\/p>\n<p>&nbsp;<\/p>\n<p><strong>Instructions individuelles lors de l&#8217;inspection en direct en Chine<\/strong><\/p>\n<p>Dans certains cas, il peut \u00eatre utile de ne pas se contenter de suivre les \u00e9tapes de l&#8217;inspecteur. Vous avez peut-\u00eatre vos propres id\u00e9es sur certains d\u00e9tails \u00e0 v\u00e9rifier. Ou vous remarquez quelque chose pendant l&#8217;inspection qui a \u00e9chapp\u00e9 m\u00eame \u00e0 notre inspecteur consciencieux et exp\u00e9riment\u00e9. Peut-\u00eatre avez-vous effectu\u00e9 tellement d&#8217;inspections comparables que vous savez tout simplement mieux ce qui est important. Dans de tels cas, vous pouvez volontiers prendre le contr\u00f4le de l&#8217;inspection \u00e0 tout moment.<\/p>\n<p>Vous pouvez laisser l&#8217;inspecteur adopter des perspectives sp\u00e9ciales ou zoomer sur des d\u00e9tails douteux et faire des gros plans. Avec notre inspection par vid\u00e9o en Chine, c&#8217;est comme si vous y \u00e9tiez et que vous pouviez contr\u00f4ler chaque d\u00e9tail avec pr\u00e9cision.<\/p>\n<p>&nbsp;<\/p>\n<p><strong>Entretiens directs avec l&#8217;inspecteur sur les faits<\/strong><\/p>\n<p>Pendant l&#8217;inspection en direct en Chine, vous pouvez clarifier certaines questions directement avec l&#8217;inspecteur. Il peut r\u00e9pondre \u00e0 vos questions sur de nombreux aspects de votre production, par exemple<\/p>\n<ul>\n<li>Questions sur les d\u00e9tails<\/li>\n<li>Questions sur la nature<\/li>\n<li>Questions sur les mat\u00e9riaux utilis\u00e9s<\/li>\n<li>Questions sur le processus de production<\/li>\n<li>Questions sur le stockage<\/li>\n<li>Questions sur l&#8217;emballage<\/li>\n<\/ul>\n<p>&nbsp;<\/p>\n<p><strong>Contr\u00f4ler m\u00eame les marchandises en Chine par commutation vid\u00e9o<\/strong><\/p>\n<p>Si l&#8217;inspecteur ou vous-m\u00eame remarquez des d\u00e9fauts ou autres lors de l&#8217;inspection par vid\u00e9o en Chine, vous pouvez les clarifier imm\u00e9diatement lors d&#8217;un premier entretien. Mais il va de soi que nous sommes \u00e9galement \u00e0 votre disposition \u00e0 cette \u00e9tape du processus. Si vous le souhaitez, nous accompagnons l&#8217;inspection vid\u00e9o en Chine et vous soutenons avec un regard expert lors de l&#8217;expertise de vos marchandises. Notre exp\u00e9rience a montr\u00e9 qu&#8217;il est bon pour toutes les parties de pouvoir r\u00e9pondre aux questions le plus t\u00f4t possible &#8211; et le proverbe &#8220;quatre yeux voient plus que deux&#8221; s&#8217;applique \u00e9galement ici.<\/p>\n<p>&nbsp;<\/p>\n<p><strong>Agence Frisch &#8211; Votre partenaire solide pour les importations, m\u00eame pour les inspections en direct en Chine !<\/strong><\/p>\n<p>&nbsp;<\/p>\n<p>[\/et_pb_text][\/et_pb_column][\/et_pb_row][\/et_pb_section][et_pb_section fb_built=&#8221;1&#8243; admin_label=&#8221;Testimonials&#8221; _builder_version=&#8221;4.16&#8243; use_background_color_gradient=&#8221;on&#8221; background_color_gradient_stops=&#8221;rgba(0,106,156,0.85) 0%|rgba(0,106,156,0.85) 100%&#8221; background_color_gradient_start=&#8221;rgba(0,106,156,0.85)&#8221; background_color_gradient_end=&#8221;rgba(0,106,156,0.85)&#8221; custom_padding=&#8221;90px||60px|&#8221; animation_style=&#8221;fold&#8221; animation_direction=&#8221;bottom&#8221; animation_intensity_fold=&#8221;4%&#8221; global_colors_info=&#8221;{}&#8221; theme_builder_area=&#8221;post_content&#8221;][et_pb_row _builder_version=&#8221;4.16&#8243; background_size=&#8221;initial&#8221; background_position=&#8221;top_left&#8221; background_repeat=&#8221;repeat&#8221; custom_width_px=&#8221;710px&#8221; locked=&#8221;off&#8221; global_colors_info=&#8221;{}&#8221; theme_builder_area=&#8221;post_content&#8221;][et_pb_column type=&#8221;4_4&#8243; _builder_version=&#8221;4.16&#8243; background_position=&#8221;top_left&#8221; custom_padding=&#8221;|||&#8221; global_colors_info=&#8221;{}&#8221; custom_padding__hover=&#8221;|||&#8221; theme_builder_area=&#8221;post_content&#8221;][et_pb_text admin_label=&#8221;Testimonials Section Title&#8221; _builder_version=&#8221;4.16&#8243; header_font=&#8221;Montserrat||||&#8221; header_font_size=&#8221;36px&#8221; background_size=&#8221;initial&#8221; background_position=&#8221;top_left&#8221; background_repeat=&#8221;repeat&#8221; text_orientation=&#8221;center&#8221; background_layout=&#8221;dark&#8221; max_width=&#8221;710px&#8221; module_alignment=&#8221;center&#8221; animation_style=&#8221;fold&#8221; animation_direction=&#8221;bottom&#8221; animation_intensity_fold=&#8221;20%&#8221; global_colors_info=&#8221;{}&#8221; theme_builder_area=&#8221;post_content&#8221;]<\/p>\n<h1>Plus de 5000 clients satisfaits.<\/h1>\n<p>&nbsp;<\/p>\n<p>[\/et_pb_text][et_pb_divider color=&#8221;#ffffff&#8221; divider_weight=&#8221;3px&#8221; disabled_on=&#8221;off|off|off&#8221; _builder_version=&#8221;4.16&#8243; background_color_gradient_direction=&#8221;90deg&#8221; max_width=&#8221;100px&#8221; module_alignment=&#8221;center&#8221; height=&#8221;5px&#8221; custom_margin=&#8221;||20px|&#8221; custom_padding=&#8221;||20px|&#8221; animation_style=&#8221;slide&#8221; animation_direction=&#8221;bottom&#8221; saved_tabs=&#8221;all&#8221; locked=&#8221;off&#8221; global_colors_info=&#8221;{}&#8221; theme_builder_area=&#8221;post_content&#8221;][\/et_pb_divider][\/et_pb_column][\/et_pb_row][et_pb_row column_structure=&#8221;1_2,1_2&#8243; _builder_version=&#8221;4.18.1&#8243; _module_preset=&#8221;default&#8221; global_colors_info=&#8221;{}&#8221; theme_builder_area=&#8221;post_content&#8221;][et_pb_column type=&#8221;1_2&#8243; _builder_version=&#8221;4.18.1&#8243; _module_preset=&#8221;default&#8221; global_colors_info=&#8221;{}&#8221; theme_builder_area=&#8221;post_content&#8221;][et_pb_testimonial author=&#8221;Marco&#8221; portrait_url=&#8221;https:\/\/ag-frisch.com\/wp-content\/uploads\/2021\/08\/Harald.png&#8221; quote_icon=&#8221;off&#8221; _builder_version=&#8221;4.18.1&#8243; _module_preset=&#8221;default&#8221; body_font_size=&#8221;16px&#8221; use_background_color=&#8221;off&#8221; background_layout=&#8221;dark&#8221; global_colors_info=&#8221;{}&#8221; theme_builder_area=&#8221;post_content&#8221;]J&#8217;ai demand\u00e9 \u00e0 l&#8217;agence Frisch de faire produire un meuble de grande taille en Chine et de le transf\u00e9rer ensuite en Allemagne. La communication par e-mail a \u00e9t\u00e9 fluide tout au long du processus ! Des r\u00e9ponses tr\u00e8s rapides et fiables m&#8217;ont apport\u00e9 en permanence les garanties indispensables \u00e0 une telle entreprise. J&#8217;ai toujours \u00e9t\u00e9 aid\u00e9 dans la jungle bureaucratique et aucun formulaire n&#8217;a \u00e9t\u00e9 oubli\u00e9 ou mal rempli. Tr\u00e8s louable !<a href=\"&lt;div%20class=%22pe-richsnippets%22&gt;&nbsp;&lt;\/div&gt;%20&lt;script%20type=%22text\/javascript%22%20src=%22https:\/\/www.provenexpert.com\/widget\/richsnippet.js?u=1NUA0VwZ4RUZ5tmAi5zA4RaplNKAlWwZ&amp;v=2%22%20async&gt;&lt;\/script&gt;%20&lt;div%20style=%22text-align:%20justify;%22&gt;&lt;br%20\/&gt;\"><\/a><\/p>\n<div class=\"brow ratingBarMargin\">\n<div class=\"ratingBar\">\n<div class=\"brow\">\n<div class=\"pe-richsnippets\">&nbsp;<\/div>\n<p><script type=\"text\/javascript\" src=\"https:\/\/www.provenexpert.com\/widget\/richsnippet.js?u=1NUA0VwZ4RUZ5tmAi5zA4RaplNKAlWwZ&amp;v=2\" async=\"\"><\/script><\/p>\n<div style=\"text-align: justify;\"><\/p>\n<div class=\"col-lg-9 col-md-8 col-xs-10 mt20 mb20\">\n<div class=\"col-xs-12 surveyNameForRating\"><\/div>\n<\/div>\n<\/div>\n<\/div>\n<\/div>\n<\/div>\n<p>[\/et_pb_testimonial][\/et_pb_column][et_pb_column type=&#8221;1_2&#8243; _builder_version=&#8221;4.18.1&#8243; _module_preset=&#8221;default&#8221; global_colors_info=&#8221;{}&#8221; theme_builder_area=&#8221;post_content&#8221;][et_pb_testimonial author=&#8221;Simone L.&#8221; portrait_url=&#8221;https:\/\/ag-frisch.com\/wp-content\/uploads\/2021\/08\/Harald.png&#8221; quote_icon=&#8221;off&#8221; _builder_version=&#8221;4.18.1&#8243; _module_preset=&#8221;default&#8221; body_font_size=&#8221;16px&#8221; use_background_color=&#8221;off&#8221; background_layout=&#8221;dark&#8221; global_colors_info=&#8221;{}&#8221; theme_builder_area=&#8221;post_content&#8221;]<\/p>\n<p>Tout est au top. On ne peut pas faire mieux. On ne peut pas faire mieux en mati\u00e8re de conseil et de r\u00e9alisation. Apr\u00e8s avoir pass\u00e9 plusieurs commandes aupr\u00e8s de cette entreprise, nous sommes plus que satisfaits et poursuivons notre collaboration.<\/p>\n<div class=\"brow ratingBarMargin\">\n<div class=\"ratingBar\">\n<div class=\"brow\">\n<div class=\"pe-richsnippets\"> <\/div>\n<p>\n<script type=\"text\/javascript\" src=\"https:\/\/www.provenexpert.com\/widget\/richsnippet.js?u=1NUA0VwZ4RUZ5tmAi5zA4RaplNKAlWwZ&amp;v=2\" async=\"\"><\/script>\n<\/p>\n<div style=\"text-align: justify;\">\n<p>&nbsp;<\/p>\n<div class=\"col-lg-9 col-md-8 col-xs-10 mt20 mb20\">\n<div class=\"col-xs-12 surveyNameForRating\"><\/div>\n<\/div>\n<\/div>\n<\/div>\n<\/div>\n<\/div>\n<p>[\/et_pb_testimonial][\/et_pb_column][\/et_pb_row][et_pb_row _builder_version=&#8221;4.16&#8243; background_size=&#8221;initial&#8221; background_position=&#8221;top_left&#8221; background_repeat=&#8221;repeat&#8221; custom_padding=&#8221;50px|0px|30px|0px&#8221; custom_css_main_element=&#8221;text-align: center;&#8221; global_colors_info=&#8221;{}&#8221; theme_builder_area=&#8221;post_content&#8221;][et_pb_column type=&#8221;4_4&#8243; _builder_version=&#8221;4.16&#8243; custom_padding=&#8221;|||&#8221; global_colors_info=&#8221;{}&#8221; custom_padding__hover=&#8221;|||&#8221; theme_builder_area=&#8221;post_content&#8221;][et_pb_button button_url=&#8221;https:\/\/www.provenexpert.com\/de-de\/agentur-frisch-international-consulting-gmbh-und-co-kg\/&#8221; button_text=&#8221;PLUS D&#039;AVIS&#8221; button_alignment=&#8221;left&#8221; admin_label=&#8221;Testimonial Button&#8221; _builder_version=&#8221;4.16&#8243; custom_button=&#8221;on&#8221; button_text_size=&#8221;18px&#8221; button_text_color=&#8221;#ffffff&#8221; button_bg_color=&#8221;#6eba01&#8243; button_border_width=&#8221;2px&#8221; button_border_color=&#8221;#6eba01&#8243; button_border_radius=&#8221;0px&#8221; button_letter_spacing=&#8221;2px&#8221; button_font=&#8221;Montserrat|||on|&#8221; button_use_icon=&#8221;off&#8221; animation_style=&#8221;fold&#8221; animation_direction=&#8221;bottom&#8221; button_text_color_hover=&#8221;#ffffff&#8221; button_border_color_hover=&#8221;#ffffff&#8221; button_border_radius_hover=&#8221;0px&#8221; button_letter_spacing_hover=&#8221;2px&#8221; button_bg_color_hover=&#8221;rgba(255,255,255,0)&#8221; locked=&#8221;off&#8221; global_colors_info=&#8221;{}&#8221; button_text_size__hover_enabled=&#8221;off&#8221; button_one_text_size__hover_enabled=&#8221;off&#8221; button_two_text_size__hover_enabled=&#8221;off&#8221; button_text_color__hover_enabled=&#8221;on&#8221; button_text_color__hover=&#8221;#ffffff&#8221; button_one_text_color__hover_enabled=&#8221;off&#8221; button_two_text_color__hover_enabled=&#8221;off&#8221; button_border_width__hover_enabled=&#8221;off&#8221; button_one_border_width__hover_enabled=&#8221;off&#8221; button_two_border_width__hover_enabled=&#8221;off&#8221; button_border_color__hover_enabled=&#8221;on&#8221; button_border_color__hover=&#8221;#ffffff&#8221; button_one_border_color__hover_enabled=&#8221;off&#8221; button_two_border_color__hover_enabled=&#8221;off&#8221; button_border_radius__hover_enabled=&#8221;on&#8221; button_border_radius__hover=&#8221;0px&#8221; button_one_border_radius__hover_enabled=&#8221;off&#8221; button_two_border_radius__hover_enabled=&#8221;off&#8221; button_letter_spacing__hover_enabled=&#8221;on&#8221; button_letter_spacing__hover=&#8221;2px&#8221; button_one_letter_spacing__hover_enabled=&#8221;off&#8221; button_two_letter_spacing__hover_enabled=&#8221;off&#8221; button_bg_color__hover_enabled=&#8221;on&#8221; button_bg_color__hover=&#8221;rgba(255,255,255,0)&#8221; button_one_bg_color__hover_enabled=&#8221;off&#8221; button_two_bg_color__hover_enabled=&#8221;off&#8221; theme_builder_area=&#8221;post_content&#8221;][\/et_pb_button][\/et_pb_column][\/et_pb_row][\/et_pb_section]<\/p>\n","protected":false},"excerpt":{"rendered":"<p>Suivez notre inspection en Chine en direct par appel vid\u00e9o. Vous pouvez ainsi donner des instructions \u00e0 l&#8217;inspecteur ou poser des questions pendant l&#8217;inspection. Inspection et test vid\u00e9o en direct en ChineInspection vid\u00e9o &#8211; Suivi des examens par appel vid\u00e9o Inspection en direct en Chine par vid\u00e9o En tant qu&#8217;entrepreneur, vous ne pouvez pas vous [&hellip;]<\/p>\n","protected":false},"author":2,"featured_media":0,"parent":0,"menu_order":0,"comment_status":"closed","ping_status":"closed","template":"","meta":{"_et_pb_use_builder":"on","_et_pb_old_content":"","_et_gb_content_width":"","footnotes":""},"class_list":["post-11433","page","type-page","status-publish","hentry"],"yoast_head":"<!-- This site is optimized with the Yoast SEO plugin v27.4 - https:\/\/yoast.com\/product\/yoast-seo-wordpress\/ -->\n<title>Inspection vid\u00e9o en Chine - en direct et incl. Contact avec les inspecteurs<\/title>\n<meta name=\"description\" content=\"Inspection vid\u00e9o en Chine \u25ba Suivi en direct des inspections et des contr\u00f4les \u25ba Communication directe avec les inspecteurs \u25ba Demandez conseil maintenant !\" \/>\n<meta name=\"robots\" content=\"index, follow, max-snippet:-1, max-image-preview:large, max-video-preview:-1\" \/>\n<link rel=\"canonical\" href=\"https:\/\/ag-frisch.com\/fr\/inspection-video-en-chine\/\" \/>\n<meta property=\"og:locale\" content=\"fr_FR\" \/>\n<meta property=\"og:type\" content=\"article\" \/>\n<meta property=\"og:title\" content=\"Inspection vid\u00e9o en Chine - en direct et incl. Contact avec les inspecteurs\" \/>\n<meta property=\"og:description\" content=\"Inspection vid\u00e9o en Chine \u25ba Suivi en direct des inspections et des contr\u00f4les \u25ba Communication directe avec les inspecteurs \u25ba Demandez conseil maintenant !\" \/>\n<meta property=\"og:url\" content=\"https:\/\/ag-frisch.com\/fr\/inspection-video-en-chine\/\" \/>\n<meta property=\"og:site_name\" content=\"China Import Beratung f\u00fcr den Einkauf aus China\" \/>\n<meta property=\"article:publisher\" content=\"https:\/\/www.facebook.com\/China.Import\" \/>\n<meta property=\"article:modified_time\" content=\"2023-01-27T04:30:16+00:00\" \/>\n<meta name=\"twitter:card\" content=\"summary_large_image\" \/>\n<meta name=\"twitter:site\" content=\"@agenturfrisch\" \/>\n<meta name=\"twitter:label1\" content=\"Dur\u00e9e de lecture estim\u00e9e\" \/>\n\t<meta name=\"twitter:data1\" content=\"8 minutes\" \/>\n<script type=\"application\/ld+json\" class=\"yoast-schema-graph\">{\"@context\":\"https:\\\/\\\/schema.org\",\"@graph\":[{\"@type\":\"WebPage\",\"@id\":\"https:\\\/\\\/ag-frisch.com\\\/fr\\\/inspection-video-en-chine\\\/\",\"url\":\"https:\\\/\\\/ag-frisch.com\\\/fr\\\/inspection-video-en-chine\\\/\",\"name\":\"Inspection vid\u00e9o en Chine - en direct et incl. Contact avec les inspecteurs\",\"isPartOf\":{\"@id\":\"https:\\\/\\\/ag-frisch.com\\\/de\\\/#website\"},\"datePublished\":\"2022-07-12T13:10:30+00:00\",\"dateModified\":\"2023-01-27T04:30:16+00:00\",\"description\":\"Inspection vid\u00e9o en Chine \u25ba Suivi en direct des inspections et des contr\u00f4les \u25ba Communication directe avec les inspecteurs \u25ba Demandez conseil maintenant !\",\"breadcrumb\":{\"@id\":\"https:\\\/\\\/ag-frisch.com\\\/fr\\\/inspection-video-en-chine\\\/#breadcrumb\"},\"inLanguage\":\"fr-FR\",\"potentialAction\":[{\"@type\":\"ReadAction\",\"target\":[\"https:\\\/\\\/ag-frisch.com\\\/fr\\\/inspection-video-en-chine\\\/\"]}]},{\"@type\":\"BreadcrumbList\",\"@id\":\"https:\\\/\\\/ag-frisch.com\\\/fr\\\/inspection-video-en-chine\\\/#breadcrumb\",\"itemListElement\":[{\"@type\":\"ListItem\",\"position\":1,\"name\":\"Startseite\",\"item\":\"https:\\\/\\\/ag-frisch.com\\\/de\\\/\"},{\"@type\":\"ListItem\",\"position\":2,\"name\":\"Inspection vid\u00e9o en Chine\"}]},{\"@type\":\"WebSite\",\"@id\":\"https:\\\/\\\/ag-frisch.com\\\/de\\\/#website\",\"url\":\"https:\\\/\\\/ag-frisch.com\\\/de\\\/\",\"name\":\"China Import Beratung f\u00fcr den Einkauf aus China\",\"description\":\"China Import &amp; Export Beratung - Der Dienstleister Ihres Vertrauens f\u00fcr Ihren China Import\",\"publisher\":{\"@id\":\"https:\\\/\\\/ag-frisch.com\\\/de\\\/#organization\"},\"potentialAction\":[{\"@type\":\"SearchAction\",\"target\":{\"@type\":\"EntryPoint\",\"urlTemplate\":\"https:\\\/\\\/ag-frisch.com\\\/de\\\/?s={search_term_string}\"},\"query-input\":{\"@type\":\"PropertyValueSpecification\",\"valueRequired\":true,\"valueName\":\"search_term_string\"}}],\"inLanguage\":\"fr-FR\"},{\"@type\":\"Organization\",\"@id\":\"https:\\\/\\\/ag-frisch.com\\\/de\\\/#organization\",\"name\":\"Agentur Frisch International Consulting GmbH & Co. KG\",\"url\":\"https:\\\/\\\/ag-frisch.com\\\/de\\\/\",\"logo\":{\"@type\":\"ImageObject\",\"inLanguage\":\"fr-FR\",\"@id\":\"https:\\\/\\\/ag-frisch.com\\\/de\\\/#\\\/schema\\\/logo\\\/image\\\/\",\"url\":\"https:\\\/\\\/ag-frisch.com\\\/wp-content\\\/uploads\\\/2021\\\/08\\\/ag_logo_rgb_300_small.png\",\"contentUrl\":\"https:\\\/\\\/ag-frisch.com\\\/wp-content\\\/uploads\\\/2021\\\/08\\\/ag_logo_rgb_300_small.png\",\"width\":153,\"height\":102,\"caption\":\"Agentur Frisch International Consulting GmbH & Co. KG\"},\"image\":{\"@id\":\"https:\\\/\\\/ag-frisch.com\\\/de\\\/#\\\/schema\\\/logo\\\/image\\\/\"},\"sameAs\":[\"https:\\\/\\\/www.facebook.com\\\/China.Import\",\"https:\\\/\\\/x.com\\\/agenturfrisch\"]}]}<\/script>\n<!-- \/ Yoast SEO plugin. -->","yoast_head_json":{"title":"Inspection vid\u00e9o en Chine - en direct et incl. Contact avec les inspecteurs","description":"Inspection vid\u00e9o en Chine \u25ba Suivi en direct des inspections et des contr\u00f4les \u25ba Communication directe avec les inspecteurs \u25ba Demandez conseil maintenant !","robots":{"index":"index","follow":"follow","max-snippet":"max-snippet:-1","max-image-preview":"max-image-preview:large","max-video-preview":"max-video-preview:-1"},"canonical":"https:\/\/ag-frisch.com\/fr\/inspection-video-en-chine\/","og_locale":"fr_FR","og_type":"article","og_title":"Inspection vid\u00e9o en Chine - en direct et incl. Contact avec les inspecteurs","og_description":"Inspection vid\u00e9o en Chine \u25ba Suivi en direct des inspections et des contr\u00f4les \u25ba Communication directe avec les inspecteurs \u25ba Demandez conseil maintenant !","og_url":"https:\/\/ag-frisch.com\/fr\/inspection-video-en-chine\/","og_site_name":"China Import Beratung f\u00fcr den Einkauf aus China","article_publisher":"https:\/\/www.facebook.com\/China.Import","article_modified_time":"2023-01-27T04:30:16+00:00","twitter_card":"summary_large_image","twitter_site":"@agenturfrisch","twitter_misc":{"Dur\u00e9e de lecture estim\u00e9e":"8 minutes"},"schema":{"@context":"https:\/\/schema.org","@graph":[{"@type":"WebPage","@id":"https:\/\/ag-frisch.com\/fr\/inspection-video-en-chine\/","url":"https:\/\/ag-frisch.com\/fr\/inspection-video-en-chine\/","name":"Inspection vid\u00e9o en Chine - en direct et incl. Contact avec les inspecteurs","isPartOf":{"@id":"https:\/\/ag-frisch.com\/de\/#website"},"datePublished":"2022-07-12T13:10:30+00:00","dateModified":"2023-01-27T04:30:16+00:00","description":"Inspection vid\u00e9o en Chine \u25ba Suivi en direct des inspections et des contr\u00f4les \u25ba Communication directe avec les inspecteurs \u25ba Demandez conseil maintenant !","breadcrumb":{"@id":"https:\/\/ag-frisch.com\/fr\/inspection-video-en-chine\/#breadcrumb"},"inLanguage":"fr-FR","potentialAction":[{"@type":"ReadAction","target":["https:\/\/ag-frisch.com\/fr\/inspection-video-en-chine\/"]}]},{"@type":"BreadcrumbList","@id":"https:\/\/ag-frisch.com\/fr\/inspection-video-en-chine\/#breadcrumb","itemListElement":[{"@type":"ListItem","position":1,"name":"Startseite","item":"https:\/\/ag-frisch.com\/de\/"},{"@type":"ListItem","position":2,"name":"Inspection vid\u00e9o en Chine"}]},{"@type":"WebSite","@id":"https:\/\/ag-frisch.com\/de\/#website","url":"https:\/\/ag-frisch.com\/de\/","name":"China Import Beratung f\u00fcr den Einkauf aus China","description":"China Import &amp; Export Beratung - Der Dienstleister Ihres Vertrauens f\u00fcr Ihren China Import","publisher":{"@id":"https:\/\/ag-frisch.com\/de\/#organization"},"potentialAction":[{"@type":"SearchAction","target":{"@type":"EntryPoint","urlTemplate":"https:\/\/ag-frisch.com\/de\/?s={search_term_string}"},"query-input":{"@type":"PropertyValueSpecification","valueRequired":true,"valueName":"search_term_string"}}],"inLanguage":"fr-FR"},{"@type":"Organization","@id":"https:\/\/ag-frisch.com\/de\/#organization","name":"Agentur Frisch International Consulting GmbH & Co. KG","url":"https:\/\/ag-frisch.com\/de\/","logo":{"@type":"ImageObject","inLanguage":"fr-FR","@id":"https:\/\/ag-frisch.com\/de\/#\/schema\/logo\/image\/","url":"https:\/\/ag-frisch.com\/wp-content\/uploads\/2021\/08\/ag_logo_rgb_300_small.png","contentUrl":"https:\/\/ag-frisch.com\/wp-content\/uploads\/2021\/08\/ag_logo_rgb_300_small.png","width":153,"height":102,"caption":"Agentur Frisch International Consulting GmbH & Co. KG"},"image":{"@id":"https:\/\/ag-frisch.com\/de\/#\/schema\/logo\/image\/"},"sameAs":["https:\/\/www.facebook.com\/China.Import","https:\/\/x.com\/agenturfrisch"]}]}},"_links":{"self":[{"href":"https:\/\/ag-frisch.com\/fr\/wp-json\/wp\/v2\/pages\/11433","targetHints":{"allow":["GET"]}}],"collection":[{"href":"https:\/\/ag-frisch.com\/fr\/wp-json\/wp\/v2\/pages"}],"about":[{"href":"https:\/\/ag-frisch.com\/fr\/wp-json\/wp\/v2\/types\/page"}],"author":[{"embeddable":true,"href":"https:\/\/ag-frisch.com\/fr\/wp-json\/wp\/v2\/users\/2"}],"replies":[{"embeddable":true,"href":"https:\/\/ag-frisch.com\/fr\/wp-json\/wp\/v2\/comments?post=11433"}],"version-history":[{"count":0,"href":"https:\/\/ag-frisch.com\/fr\/wp-json\/wp\/v2\/pages\/11433\/revisions"}],"wp:attachment":[{"href":"https:\/\/ag-frisch.com\/fr\/wp-json\/wp\/v2\/media?parent=11433"}],"curies":[{"name":"wp","href":"https:\/\/api.w.org\/{rel}","templated":true}]}}