{"id":11655,"date":"2022-07-25T17:01:38","date_gmt":"2022-07-25T15:01:38","guid":{"rendered":"https:\/\/ag-frisch.com\/declaration-de-conformite\/"},"modified":"2023-01-27T05:31:51","modified_gmt":"2023-01-27T04:31:51","slug":"declaration-de-conformite","status":"publish","type":"page","link":"https:\/\/ag-frisch.com\/fr\/declaration-de-conformite\/","title":{"rendered":"D\u00e9claration de conformit\u00e9"},"content":{"rendered":"<p>[et_pb_section fb_built=&#8221;1&#8243; _builder_version=&#8221;4.16&#8243; _module_preset=&#8221;default&#8221; global_colors_info=&#8221;{}&#8221;][et_pb_row _builder_version=&#8221;4.16&#8243; _module_preset=&#8221;default&#8221; global_colors_info=&#8221;{}&#8221;][et_pb_column type=&#8221;4_4&#8243; _builder_version=&#8221;4.16&#8243; _module_preset=&#8221;default&#8221; global_colors_info=&#8221;{}&#8221;][et_pb_cta title=&#8221;D\u00e9claration de conformit\u00e9 pour vos marchandises import\u00e9es&#8221; button_url=&#8221;https:\/\/ag-frisch.com\/fr\/contact\/&#8221; button_text=&#8221;Faire cr\u00e9er maintenant par un professionnel&#8221; _builder_version=&#8221;4.18.1&#8243; _module_preset=&#8221;default&#8221; global_colors_info=&#8221;{}&#8221;]<\/p>\n<p>Une d\u00e9claration de conformit\u00e9 est obligatoire pour de nombreux tests obligatoires, comme ceux pour les produits soumis \u00e0 l&#8217;obligation CE ou les produits soumis au LFGB.  <\/p>\n<p>[\/et_pb_cta][et_pb_text admin_label=&#8221;H1&#8243; _builder_version=&#8221;4.18.1&#8243; _module_preset=&#8221;default&#8221; global_colors_info=&#8221;{}&#8221;]<\/p>\n<h1>D\u00e9claration de conformit\u00e9 : Marquage CE pour l&#8217;importation en Chine<\/h1>\n<p>[\/et_pb_text][et_pb_text _builder_version=&#8221;4.18.1&#8243; _module_preset=&#8221;default&#8221; global_colors_info=&#8221;{}&#8221;]<\/p>\n<h2><strong>Respect de la directive CE lors de l&#8217;importation en Chine<\/strong><\/h2>\n<p>La loi sur la s\u00e9curit\u00e9 des produits pr\u00e9voit que seuls les produits qui r\u00e9pondent aux r\u00e8gles et directives en vigueur dans le pays peuvent \u00eatre vendus en Allemagne. En tant qu&#8217;importateur chinois, vous \u00eates l\u00e9galement trait\u00e9 en Allemagne comme un fabricant. Cela signifie que vous \u00eates enti\u00e8rement responsable des marchandises que vous mettez sur le march\u00e9. Pour que personne n&#8217;en souffre, les produits doivent \u00eatre conformes aux directives les plus diverses. Il peut s&#8217;agir par exemple<\/p>\n<ul>\n<li>Directive sur les machines<\/li>\n<li>Directive sur les instruments de mesure<\/li>\n<li>Directive relative aux jouets<\/li>\n<li>Directive sur les dispositifs m\u00e9dicaux<\/li>\n<li>v.m.<\/li>\n<\/ul>\n<p>Outre les directives mentionn\u00e9es ici, il existe une multitude d&#8217;autres dispositions pour d&#8217;autres groupes de produits. De nombreux produits n\u00e9cessitent en outre l&#8217;apposition d&#8217;un marquage CE. Pour ce marquage, la d\u00e9claration de conformit\u00e9 est \u00e0 nouveau la base et un \u00e9l\u00e9ment n\u00e9cessaire.<\/p>\n<h3><strong>L&#8217;\u00e9tablissement de la d\u00e9claration de conformit\u00e9 est n\u00e9cessaire et doit \u00eatre confi\u00e9 \u00e0 des sp\u00e9cialistes.<\/strong><\/h3>\n<p>La d\u00e9claration de conformit\u00e9 dans le cadre de la preuve d&#8217;une production conforme \u00e0 la norme CE en Chine est une partie absolument n\u00e9cessaire de l&#8217;importation en Chine. L&#8217;agence Frisch se charge volontiers de ce service pour vous, de mani\u00e8re professionnelle et consciencieuse.<\/p>\n<p>&nbsp;<\/p>\n<h3><strong>CE dans la production en Chine<\/strong><\/h3>\n<p>Les personnes qui apposent le marquage CE sur leurs produits d\u00e9clarent conna\u00eetre les normes et les dispositions en vigueur et que leur produit les respecte. Le marquage CE doit garantir la s\u00e9curit\u00e9 et la fiabilit\u00e9 des actions dans le contexte national, mais aussi international.<\/p>\n<p>Tous les produits ne n\u00e9cessitent pas un marquage CE. Parmi les groupes de produits qui doivent prouver leur conformit\u00e9 \u00e0 la directive CE par un marquage, on trouve par exemple<\/p>\n<ul>\n<li>Moyens de t\u00e9l\u00e9communication<\/li>\n<li>Appareils de mesure<\/li>\n<li>Articles pyrotechniques<\/li>\n<li>Produits de construction<\/li>\n<li>Jouets<\/li>\n<li>\u00c9quipements de protection<\/li>\n<li>Dispositifs m\u00e9dicaux<\/li>\n<li>Chaudi\u00e8res et appareils \u00e0 gaz<\/li>\n<li>Ascenseurs<\/li>\n<li>v.m.<\/li>\n<\/ul>\n<p>&nbsp;<\/p>\n<h4><strong>D\u00e9claration de conformit\u00e9 comme partie int\u00e9grante du mode d&#8217;emploi<\/strong><\/h4>\n<p>Dans certains cas, la d\u00e9claration de conformit\u00e9 doit \u00eatre fournie avec chaque produit vendu dans le manuel d&#8217;utilisation. C&#8217;est le cas, par exemple, de la directive sur les machines. Nous nous ferons un plaisir de d\u00e9terminer pour vous si votre produit est concern\u00e9 par cette obligation. Gr\u00e2ce au service complet d&#8217;importation de l&#8217;agence Frisch, vous avez la possibilit\u00e9 de faire effectuer l&#8217;examen et la mise en \u0153uvre de ces obligations directement et par la voie la plus courte par un seul et m\u00eame prestataire.<\/p>\n<p>&nbsp;<\/p>\n<p><strong>Production conforme \u00e0 la norme CE par le fabricant en Chine<\/strong><\/p>\n<p>Lors de la s\u00e9lection des fabricants adapt\u00e9s \u00e0 votre commande, nous attachons une grande importance \u00e0 ce qu&#8217;ils puissent garantir une production conforme aux normes CE. C&#8217;est pourquoi seuls des partenaires commerciaux s\u00e9rieux entrent en ligne de compte, avec lesquels il n&#8217;y aura pas de mauvaises surprises par la suite. La fixation de toutes les conditions dans les contrats que nous r\u00e9digeons en votre nom garantit \u00e9galement une plus grande s\u00e9curit\u00e9 en ce qui concerne le respect de la directive CE lors de votre importation en Chine.<\/p>\n<p>&nbsp;<\/p>\n<p><strong>D\u00e9termination des normes et directives pertinentes<\/strong><\/p>\n<p>La d\u00e9claration de conformit\u00e9, ou le processus de marquage CE, doit identifier et nommer les normes et directives applicables \u00e0 votre produit. L&#8217;agence Frisch se charge volontiers de cette prestation pour vous. Gr\u00e2ce \u00e0 notre expertise approfondie, nous d\u00e9terminons pour vous les conditions \u00e0 remplir dans le cadre du marquage CE en cas de production en Chine.<\/p>\n<p>&nbsp;<\/p>\n<p><strong>Sans d\u00e9claration de conformit\u00e9 et, le cas \u00e9ch\u00e9ant, sans marquage CE, il n&#8217;est pas possible d&#8217;importer de Chine !<\/strong><\/p>\n<p><strong>L&#8217;agence Frisch se fera un plaisir de v\u00e9rifier pour vous la documentation technique de votre production et d&#8217;en tirer la d\u00e9claration de conformit\u00e9 dont vous avez imp\u00e9rativement besoin pour l&#8217;importation et la distribution en Allemagne.  <\/strong><\/p>\n<p>&nbsp;<\/p>\n<p>La production conforme \u00e0 la norme CE en Chine et le respect de la directive CE ne sont pas optionnels. Ces prestations sont absolument n\u00e9cessaires pour pouvoir importer et vendre des marchandises en Allemagne. L&#8217;agence Frisch se fera un plaisir de vous conseiller \u00e9galement sur ce sujet.<\/p>\n<p>&nbsp;[\/et_pb_text][\/et_pb_column][\/et_pb_row][\/et_pb_section][et_pb_section fb_built=&#8221;1&#8243; admin_label=&#8221;Testimonials&#8221; _builder_version=&#8221;4.16&#8243; use_background_color_gradient=&#8221;on&#8221; background_color_gradient_stops=&#8221;rgba(0,106,156,0.85) 0%|rgba(0,106,156,0.85) 100%&#8221; background_color_gradient_start=&#8221;rgba(0,106,156,0.85)&#8221; background_color_gradient_end=&#8221;rgba(0,106,156,0.85)&#8221; custom_padding=&#8221;90px||60px|&#8221; animation_style=&#8221;fold&#8221; animation_direction=&#8221;bottom&#8221; animation_intensity_fold=&#8221;4%&#8221; global_colors_info=&#8221;{}&#8221; theme_builder_area=&#8221;post_content&#8221;][et_pb_row _builder_version=&#8221;4.16&#8243; background_size=&#8221;initial&#8221; background_position=&#8221;top_left&#8221; background_repeat=&#8221;repeat&#8221; custom_width_px=&#8221;710px&#8221; locked=&#8221;off&#8221; global_colors_info=&#8221;{}&#8221; theme_builder_area=&#8221;post_content&#8221;][et_pb_column type=&#8221;4_4&#8243; _builder_version=&#8221;4.16&#8243; background_position=&#8221;top_left&#8221; custom_padding=&#8221;|||&#8221; global_colors_info=&#8221;{}&#8221; custom_padding__hover=&#8221;|||&#8221; theme_builder_area=&#8221;post_content&#8221;][et_pb_text admin_label=&#8221;Testimonials Section Title&#8221; _builder_version=&#8221;4.16&#8243; header_font=&#8221;Montserrat||||&#8221; header_font_size=&#8221;36px&#8221; background_size=&#8221;initial&#8221; background_position=&#8221;top_left&#8221; background_repeat=&#8221;repeat&#8221; text_orientation=&#8221;center&#8221; background_layout=&#8221;dark&#8221; max_width=&#8221;710px&#8221; module_alignment=&#8221;center&#8221; animation_style=&#8221;fold&#8221; animation_direction=&#8221;bottom&#8221; animation_intensity_fold=&#8221;20%&#8221; global_colors_info=&#8221;{}&#8221; theme_builder_area=&#8221;post_content&#8221;]<\/p>\n<h1>Plus de 5000 clients satisfaits.<\/h1>\n<p>&nbsp;<\/p>\n<p>[\/et_pb_text][et_pb_divider color=&#8221;#ffffff&#8221; divider_weight=&#8221;3px&#8221; disabled_on=&#8221;off|off|off&#8221; _builder_version=&#8221;4.16&#8243; background_color_gradient_direction=&#8221;90deg&#8221; max_width=&#8221;100px&#8221; module_alignment=&#8221;center&#8221; height=&#8221;5px&#8221; custom_margin=&#8221;||20px|&#8221; custom_padding=&#8221;||20px|&#8221; animation_style=&#8221;slide&#8221; animation_direction=&#8221;bottom&#8221; saved_tabs=&#8221;all&#8221; locked=&#8221;off&#8221; global_colors_info=&#8221;{}&#8221; theme_builder_area=&#8221;post_content&#8221;][\/et_pb_divider][\/et_pb_column][\/et_pb_row][et_pb_row column_structure=&#8221;1_2,1_2&#8243; _builder_version=&#8221;4.18.1&#8243; _module_preset=&#8221;default&#8221; global_colors_info=&#8221;{}&#8221; theme_builder_area=&#8221;post_content&#8221;][et_pb_column type=&#8221;1_2&#8243; _builder_version=&#8221;4.18.1&#8243; _module_preset=&#8221;default&#8221; global_colors_info=&#8221;{}&#8221; theme_builder_area=&#8221;post_content&#8221;][et_pb_testimonial author=&#8221;Marco&#8221; portrait_url=&#8221;https:\/\/ag-frisch.com\/wp-content\/uploads\/2021\/08\/Harald.png&#8221; quote_icon=&#8221;off&#8221; _builder_version=&#8221;4.18.1&#8243; _module_preset=&#8221;default&#8221; body_font_size=&#8221;16px&#8221; use_background_color=&#8221;off&#8221; background_layout=&#8221;dark&#8221; global_colors_info=&#8221;{}&#8221; theme_builder_area=&#8221;post_content&#8221;]J&#8217;ai demand\u00e9 \u00e0 l&#8217;agence Frisch de faire produire un meuble de grande taille en Chine et de le transf\u00e9rer ensuite en Allemagne. La communication par e-mail a \u00e9t\u00e9 fluide tout au long du processus ! Des r\u00e9ponses tr\u00e8s rapides et fiables m&#8217;ont apport\u00e9 en permanence les garanties indispensables \u00e0 une telle entreprise. J&#8217;ai toujours \u00e9t\u00e9 aid\u00e9 dans la jungle bureaucratique et aucun formulaire n&#8217;a \u00e9t\u00e9 oubli\u00e9 ou mal rempli. Tr\u00e8s louable !<a href=\"&lt;div%20class=%22pe-richsnippets%22&gt;&nbsp;&lt;\/div&gt;%20&lt;script%20type=%22text\/javascript%22%20src=%22https:\/\/www.provenexpert.com\/widget\/richsnippet.js?u=1NUA0VwZ4RUZ5tmAi5zA4RaplNKAlWwZ&amp;v=2%22%20async&gt;&lt;\/script&gt;%20&lt;div%20style=%22text-align:%20justify;%22&gt;&lt;br%20\/&gt;\"><\/a><\/p>\n<div class=\"brow ratingBarMargin\">\n<div class=\"ratingBar\">\n<div class=\"brow\">\n<div class=\"pe-richsnippets\">&nbsp;<\/div>\n<p><script type=\"text\/javascript\" src=\"https:\/\/www.provenexpert.com\/widget\/richsnippet.js?u=1NUA0VwZ4RUZ5tmAi5zA4RaplNKAlWwZ&amp;v=2\" async=\"\"><\/script><\/p>\n<div style=\"text-align: justify;\"><\/p>\n<div class=\"col-lg-9 col-md-8 col-xs-10 mt20 mb20\">\n<div class=\"col-xs-12 surveyNameForRating\"><\/div>\n<\/div>\n<\/div>\n<\/div>\n<\/div>\n<\/div>\n<p>[\/et_pb_testimonial][\/et_pb_column][et_pb_column type=&#8221;1_2&#8243; _builder_version=&#8221;4.18.1&#8243; _module_preset=&#8221;default&#8221; global_colors_info=&#8221;{}&#8221; theme_builder_area=&#8221;post_content&#8221;][et_pb_testimonial author=&#8221;Simone L.&#8221; portrait_url=&#8221;https:\/\/ag-frisch.com\/wp-content\/uploads\/2021\/08\/Harald.png&#8221; quote_icon=&#8221;off&#8221; _builder_version=&#8221;4.18.1&#8243; _module_preset=&#8221;default&#8221; body_font_size=&#8221;16px&#8221; use_background_color=&#8221;off&#8221; background_layout=&#8221;dark&#8221; global_colors_info=&#8221;{}&#8221; theme_builder_area=&#8221;post_content&#8221;]<\/p>\n<p>Tout est au top. On ne peut pas faire mieux. On ne peut pas faire mieux en mati\u00e8re de conseil et de r\u00e9alisation. Apr\u00e8s avoir pass\u00e9 plusieurs commandes aupr\u00e8s de cette entreprise, nous sommes plus que satisfaits et poursuivons notre collaboration.<\/p>\n<div class=\"brow ratingBarMargin\">\n<div class=\"ratingBar\">\n<div class=\"brow\">\n<div class=\"pe-richsnippets\"> <\/div>\n<p>\n<script type=\"text\/javascript\" src=\"https:\/\/www.provenexpert.com\/widget\/richsnippet.js?u=1NUA0VwZ4RUZ5tmAi5zA4RaplNKAlWwZ&amp;v=2\" async=\"\"><\/script>\n<\/p>\n<div style=\"text-align: justify;\">\n<p>&nbsp;<\/p>\n<div class=\"col-lg-9 col-md-8 col-xs-10 mt20 mb20\">\n<div class=\"col-xs-12 surveyNameForRating\"><\/div>\n<\/div>\n<\/div>\n<\/div>\n<\/div>\n<\/div>\n<p>[\/et_pb_testimonial][\/et_pb_column][\/et_pb_row][et_pb_row _builder_version=&#8221;4.16&#8243; background_size=&#8221;initial&#8221; background_position=&#8221;top_left&#8221; background_repeat=&#8221;repeat&#8221; custom_padding=&#8221;50px|0px|30px|0px&#8221; custom_css_main_element=&#8221;text-align: center;&#8221; global_colors_info=&#8221;{}&#8221; theme_builder_area=&#8221;post_content&#8221;][et_pb_column type=&#8221;4_4&#8243; _builder_version=&#8221;4.16&#8243; custom_padding=&#8221;|||&#8221; global_colors_info=&#8221;{}&#8221; custom_padding__hover=&#8221;|||&#8221; theme_builder_area=&#8221;post_content&#8221;][et_pb_button button_url=&#8221;https:\/\/www.provenexpert.com\/de-de\/agentur-frisch-international-consulting-gmbh-und-co-kg\/&#8221; button_text=&#8221;PLUS D&#039;AVIS&#8221; button_alignment=&#8221;left&#8221; admin_label=&#8221;Testimonial Button&#8221; _builder_version=&#8221;4.16&#8243; custom_button=&#8221;on&#8221; button_text_size=&#8221;18px&#8221; button_text_color=&#8221;#ffffff&#8221; button_bg_color=&#8221;#6eba01&#8243; button_border_width=&#8221;2px&#8221; button_border_color=&#8221;#6eba01&#8243; button_border_radius=&#8221;0px&#8221; button_letter_spacing=&#8221;2px&#8221; button_font=&#8221;Montserrat|||on|&#8221; button_use_icon=&#8221;off&#8221; animation_style=&#8221;fold&#8221; animation_direction=&#8221;bottom&#8221; button_text_color_hover=&#8221;#ffffff&#8221; button_border_color_hover=&#8221;#ffffff&#8221; button_border_radius_hover=&#8221;0px&#8221; button_letter_spacing_hover=&#8221;2px&#8221; button_bg_color_hover=&#8221;rgba(255,255,255,0)&#8221; locked=&#8221;off&#8221; global_colors_info=&#8221;{}&#8221; button_text_size__hover_enabled=&#8221;off&#8221; button_one_text_size__hover_enabled=&#8221;off&#8221; button_two_text_size__hover_enabled=&#8221;off&#8221; button_text_color__hover_enabled=&#8221;on&#8221; button_text_color__hover=&#8221;#ffffff&#8221; button_one_text_color__hover_enabled=&#8221;off&#8221; button_two_text_color__hover_enabled=&#8221;off&#8221; button_border_width__hover_enabled=&#8221;off&#8221; button_one_border_width__hover_enabled=&#8221;off&#8221; button_two_border_width__hover_enabled=&#8221;off&#8221; button_border_color__hover_enabled=&#8221;on&#8221; button_border_color__hover=&#8221;#ffffff&#8221; button_one_border_color__hover_enabled=&#8221;off&#8221; button_two_border_color__hover_enabled=&#8221;off&#8221; button_border_radius__hover_enabled=&#8221;on&#8221; button_border_radius__hover=&#8221;0px&#8221; button_one_border_radius__hover_enabled=&#8221;off&#8221; button_two_border_radius__hover_enabled=&#8221;off&#8221; button_letter_spacing__hover_enabled=&#8221;on&#8221; button_letter_spacing__hover=&#8221;2px&#8221; button_one_letter_spacing__hover_enabled=&#8221;off&#8221; button_two_letter_spacing__hover_enabled=&#8221;off&#8221; button_bg_color__hover_enabled=&#8221;on&#8221; button_bg_color__hover=&#8221;rgba(255,255,255,0)&#8221; button_one_bg_color__hover_enabled=&#8221;off&#8221; button_two_bg_color__hover_enabled=&#8221;off&#8221; theme_builder_area=&#8221;post_content&#8221;][\/et_pb_button][\/et_pb_column][\/et_pb_row][\/et_pb_section]<\/p>\n","protected":false},"excerpt":{"rendered":"<p>Une d\u00e9claration de conformit\u00e9 est obligatoire pour de nombreux tests obligatoires, comme ceux pour les produits soumis \u00e0 l&#8217;obligation CE ou les produits soumis au LFGB. D\u00e9claration de conformit\u00e9 : Marquage CE pour l&#8217;importation en ChineRespect de la directive CE lors de l&#8217;importation en Chine La loi sur la s\u00e9curit\u00e9 des produits pr\u00e9voit que seuls [&hellip;]<\/p>\n","protected":false},"author":2,"featured_media":0,"parent":0,"menu_order":0,"comment_status":"closed","ping_status":"closed","template":"","meta":{"_et_pb_use_builder":"on","_et_pb_old_content":"","_et_gb_content_width":"","footnotes":""},"class_list":["post-11655","page","type-page","status-publish","hentry"],"yoast_head":"<!-- This site is optimized with the Yoast SEO plugin v27.2 - https:\/\/yoast.com\/product\/yoast-seo-wordpress\/ -->\n<title>Marquage CE Chine : D\u00e9claration de conformit\u00e9 pour l&#039;importation en Chine<\/title>\n<meta name=\"description\" content=\"Conformit\u00e9 au marquage CE pour les produits chinois, y compris D\u00e9claration de conformit\u00e9 \u25ba Aide pour une production conforme \u00e0 la norme CE en Chine \u25ba Demandez conseil maintenant !\" \/>\n<meta name=\"robots\" content=\"index, follow, max-snippet:-1, max-image-preview:large, max-video-preview:-1\" \/>\n<link rel=\"canonical\" href=\"https:\/\/ag-frisch.com\/fr\/declaration-de-conformite\/\" \/>\n<meta property=\"og:locale\" content=\"fr_FR\" \/>\n<meta property=\"og:type\" content=\"article\" \/>\n<meta property=\"og:title\" content=\"Marquage CE Chine : D\u00e9claration de conformit\u00e9 pour l&#039;importation en Chine\" \/>\n<meta property=\"og:description\" content=\"Conformit\u00e9 au marquage CE pour les produits chinois, y compris D\u00e9claration de conformit\u00e9 \u25ba Aide pour une production conforme \u00e0 la norme CE en Chine \u25ba Demandez conseil maintenant !\" \/>\n<meta property=\"og:url\" content=\"https:\/\/ag-frisch.com\/fr\/declaration-de-conformite\/\" \/>\n<meta property=\"og:site_name\" content=\"China Import Beratung f\u00fcr den Einkauf aus China\" \/>\n<meta property=\"article:publisher\" content=\"https:\/\/www.facebook.com\/China.Import\" \/>\n<meta property=\"article:modified_time\" content=\"2023-01-27T04:31:51+00:00\" \/>\n<meta name=\"twitter:card\" content=\"summary_large_image\" \/>\n<meta name=\"twitter:site\" content=\"@agenturfrisch\" \/>\n<meta name=\"twitter:label1\" content=\"Dur\u00e9e de lecture estim\u00e9e\" \/>\n\t<meta name=\"twitter:data1\" content=\"8 minutes\" \/>\n<script type=\"application\/ld+json\" class=\"yoast-schema-graph\">{\"@context\":\"https:\/\/schema.org\",\"@graph\":[{\"@type\":\"WebPage\",\"@id\":\"https:\/\/ag-frisch.com\/fr\/declaration-de-conformite\/\",\"url\":\"https:\/\/ag-frisch.com\/fr\/declaration-de-conformite\/\",\"name\":\"Marquage CE Chine : D\u00e9claration de conformit\u00e9 pour l'importation en Chine\",\"isPartOf\":{\"@id\":\"https:\/\/ag-frisch.com\/de\/#website\"},\"datePublished\":\"2022-07-25T15:01:38+00:00\",\"dateModified\":\"2023-01-27T04:31:51+00:00\",\"description\":\"Conformit\u00e9 au marquage CE pour les produits chinois, y compris D\u00e9claration de conformit\u00e9 \u25ba Aide pour une production conforme \u00e0 la norme CE en Chine \u25ba Demandez conseil maintenant !\",\"breadcrumb\":{\"@id\":\"https:\/\/ag-frisch.com\/fr\/declaration-de-conformite\/#breadcrumb\"},\"inLanguage\":\"fr-FR\",\"potentialAction\":[{\"@type\":\"ReadAction\",\"target\":[\"https:\/\/ag-frisch.com\/fr\/declaration-de-conformite\/\"]}]},{\"@type\":\"BreadcrumbList\",\"@id\":\"https:\/\/ag-frisch.com\/fr\/declaration-de-conformite\/#breadcrumb\",\"itemListElement\":[{\"@type\":\"ListItem\",\"position\":1,\"name\":\"Startseite\",\"item\":\"https:\/\/ag-frisch.com\/de\/\"},{\"@type\":\"ListItem\",\"position\":2,\"name\":\"D\u00e9claration de conformit\u00e9\"}]},{\"@type\":\"WebSite\",\"@id\":\"https:\/\/ag-frisch.com\/de\/#website\",\"url\":\"https:\/\/ag-frisch.com\/de\/\",\"name\":\"China Import Beratung f\u00fcr den Einkauf aus China\",\"description\":\"China Import &amp; Export Beratung - Der Dienstleister Ihres Vertrauens f\u00fcr Ihren China Import\",\"publisher\":{\"@id\":\"https:\/\/ag-frisch.com\/de\/#organization\"},\"potentialAction\":[{\"@type\":\"SearchAction\",\"target\":{\"@type\":\"EntryPoint\",\"urlTemplate\":\"https:\/\/ag-frisch.com\/de\/?s={search_term_string}\"},\"query-input\":{\"@type\":\"PropertyValueSpecification\",\"valueRequired\":true,\"valueName\":\"search_term_string\"}}],\"inLanguage\":\"fr-FR\"},{\"@type\":\"Organization\",\"@id\":\"https:\/\/ag-frisch.com\/de\/#organization\",\"name\":\"Agentur Frisch International Consulting GmbH & Co. KG\",\"url\":\"https:\/\/ag-frisch.com\/de\/\",\"logo\":{\"@type\":\"ImageObject\",\"inLanguage\":\"fr-FR\",\"@id\":\"https:\/\/ag-frisch.com\/de\/#\/schema\/logo\/image\/\",\"url\":\"https:\/\/ag-frisch.com\/wp-content\/uploads\/2021\/08\/ag_logo_rgb_300_small.png\",\"contentUrl\":\"https:\/\/ag-frisch.com\/wp-content\/uploads\/2021\/08\/ag_logo_rgb_300_small.png\",\"width\":153,\"height\":102,\"caption\":\"Agentur Frisch International Consulting GmbH & Co. KG\"},\"image\":{\"@id\":\"https:\/\/ag-frisch.com\/de\/#\/schema\/logo\/image\/\"},\"sameAs\":[\"https:\/\/www.facebook.com\/China.Import\",\"https:\/\/x.com\/agenturfrisch\"]}]}<\/script>\n<!-- \/ Yoast SEO plugin. -->","yoast_head_json":{"title":"Marquage CE Chine : D\u00e9claration de conformit\u00e9 pour l'importation en Chine","description":"Conformit\u00e9 au marquage CE pour les produits chinois, y compris D\u00e9claration de conformit\u00e9 \u25ba Aide pour une production conforme \u00e0 la norme CE en Chine \u25ba Demandez conseil maintenant !","robots":{"index":"index","follow":"follow","max-snippet":"max-snippet:-1","max-image-preview":"max-image-preview:large","max-video-preview":"max-video-preview:-1"},"canonical":"https:\/\/ag-frisch.com\/fr\/declaration-de-conformite\/","og_locale":"fr_FR","og_type":"article","og_title":"Marquage CE Chine : D\u00e9claration de conformit\u00e9 pour l'importation en Chine","og_description":"Conformit\u00e9 au marquage CE pour les produits chinois, y compris D\u00e9claration de conformit\u00e9 \u25ba Aide pour une production conforme \u00e0 la norme CE en Chine \u25ba Demandez conseil maintenant !","og_url":"https:\/\/ag-frisch.com\/fr\/declaration-de-conformite\/","og_site_name":"China Import Beratung f\u00fcr den Einkauf aus China","article_publisher":"https:\/\/www.facebook.com\/China.Import","article_modified_time":"2023-01-27T04:31:51+00:00","twitter_card":"summary_large_image","twitter_site":"@agenturfrisch","twitter_misc":{"Dur\u00e9e de lecture estim\u00e9e":"8 minutes"},"schema":{"@context":"https:\/\/schema.org","@graph":[{"@type":"WebPage","@id":"https:\/\/ag-frisch.com\/fr\/declaration-de-conformite\/","url":"https:\/\/ag-frisch.com\/fr\/declaration-de-conformite\/","name":"Marquage CE Chine : D\u00e9claration de conformit\u00e9 pour l'importation en Chine","isPartOf":{"@id":"https:\/\/ag-frisch.com\/de\/#website"},"datePublished":"2022-07-25T15:01:38+00:00","dateModified":"2023-01-27T04:31:51+00:00","description":"Conformit\u00e9 au marquage CE pour les produits chinois, y compris D\u00e9claration de conformit\u00e9 \u25ba Aide pour une production conforme \u00e0 la norme CE en Chine \u25ba Demandez conseil maintenant !","breadcrumb":{"@id":"https:\/\/ag-frisch.com\/fr\/declaration-de-conformite\/#breadcrumb"},"inLanguage":"fr-FR","potentialAction":[{"@type":"ReadAction","target":["https:\/\/ag-frisch.com\/fr\/declaration-de-conformite\/"]}]},{"@type":"BreadcrumbList","@id":"https:\/\/ag-frisch.com\/fr\/declaration-de-conformite\/#breadcrumb","itemListElement":[{"@type":"ListItem","position":1,"name":"Startseite","item":"https:\/\/ag-frisch.com\/de\/"},{"@type":"ListItem","position":2,"name":"D\u00e9claration de conformit\u00e9"}]},{"@type":"WebSite","@id":"https:\/\/ag-frisch.com\/de\/#website","url":"https:\/\/ag-frisch.com\/de\/","name":"China Import Beratung f\u00fcr den Einkauf aus China","description":"China Import &amp; Export Beratung - Der Dienstleister Ihres Vertrauens f\u00fcr Ihren China Import","publisher":{"@id":"https:\/\/ag-frisch.com\/de\/#organization"},"potentialAction":[{"@type":"SearchAction","target":{"@type":"EntryPoint","urlTemplate":"https:\/\/ag-frisch.com\/de\/?s={search_term_string}"},"query-input":{"@type":"PropertyValueSpecification","valueRequired":true,"valueName":"search_term_string"}}],"inLanguage":"fr-FR"},{"@type":"Organization","@id":"https:\/\/ag-frisch.com\/de\/#organization","name":"Agentur Frisch International Consulting GmbH & Co. KG","url":"https:\/\/ag-frisch.com\/de\/","logo":{"@type":"ImageObject","inLanguage":"fr-FR","@id":"https:\/\/ag-frisch.com\/de\/#\/schema\/logo\/image\/","url":"https:\/\/ag-frisch.com\/wp-content\/uploads\/2021\/08\/ag_logo_rgb_300_small.png","contentUrl":"https:\/\/ag-frisch.com\/wp-content\/uploads\/2021\/08\/ag_logo_rgb_300_small.png","width":153,"height":102,"caption":"Agentur Frisch International Consulting GmbH & Co. KG"},"image":{"@id":"https:\/\/ag-frisch.com\/de\/#\/schema\/logo\/image\/"},"sameAs":["https:\/\/www.facebook.com\/China.Import","https:\/\/x.com\/agenturfrisch"]}]}},"_links":{"self":[{"href":"https:\/\/ag-frisch.com\/fr\/wp-json\/wp\/v2\/pages\/11655","targetHints":{"allow":["GET"]}}],"collection":[{"href":"https:\/\/ag-frisch.com\/fr\/wp-json\/wp\/v2\/pages"}],"about":[{"href":"https:\/\/ag-frisch.com\/fr\/wp-json\/wp\/v2\/types\/page"}],"author":[{"embeddable":true,"href":"https:\/\/ag-frisch.com\/fr\/wp-json\/wp\/v2\/users\/2"}],"replies":[{"embeddable":true,"href":"https:\/\/ag-frisch.com\/fr\/wp-json\/wp\/v2\/comments?post=11655"}],"version-history":[{"count":0,"href":"https:\/\/ag-frisch.com\/fr\/wp-json\/wp\/v2\/pages\/11655\/revisions"}],"wp:attachment":[{"href":"https:\/\/ag-frisch.com\/fr\/wp-json\/wp\/v2\/media?parent=11655"}],"curies":[{"name":"wp","href":"https:\/\/api.w.org\/{rel}","templated":true}]}}