{"id":11657,"date":"2022-07-24T07:14:46","date_gmt":"2022-07-24T05:14:46","guid":{"rendered":"https:\/\/ag-frisch.com\/directive-erp\/"},"modified":"2023-01-27T05:31:52","modified_gmt":"2023-01-27T04:31:52","slug":"directive-erp","status":"publish","type":"page","link":"https:\/\/ag-frisch.com\/fr\/directive-erp\/","title":{"rendered":"Directive ERP"},"content":{"rendered":"<p>[et_pb_section fb_built=&#8221;1&#8243; _builder_version=&#8221;4.16&#8243; _module_preset=&#8221;default&#8221; global_colors_info=&#8221;{}&#8221;][et_pb_row _builder_version=&#8221;4.16&#8243; _module_preset=&#8221;default&#8221; global_colors_info=&#8221;{}&#8221;][et_pb_column type=&#8221;4_4&#8243; _builder_version=&#8221;4.16&#8243; _module_preset=&#8221;default&#8221; global_colors_info=&#8221;{}&#8221;][et_pb_cta title=&#8221;Faire tester directement en Chine selon l&#039;ERP (\u00e9coconception)&#8221; button_url=&#8221;https:\/\/ag-frisch.com\/fr\/contact\/&#8221; button_text=&#8221;R\u00e9server maintenant un examen de laboratoire en Chine&#8221; _builder_version=&#8221;4.18.1&#8243; _module_preset=&#8221;default&#8221; hover_enabled=&#8221;0&#8243; global_colors_info=&#8221;{}&#8221; theme_builder_area=&#8221;post_content&#8221; sticky_enabled=&#8221;0&#8243;]<\/p>\n<p>V\u00e9rifiez directement sur place, en Chine, si les appareils r\u00e9pondent aux exigences de la directive ERP.  <\/p>\n<p>[\/et_pb_cta][et_pb_text admin_label=&#8221;H1&#8243; _builder_version=&#8221;4.18.1&#8243; _module_preset=&#8221;default&#8221; global_colors_info=&#8221;{}&#8221;]<\/p>\n<h1>Directive ERP : test de la directive sur l&#8217;\u00e9coconception pour les produits chinois<\/h1>\n<p>[\/et_pb_text][et_pb_text _builder_version=&#8221;4.16&#8243; _module_preset=&#8221;default&#8221; global_colors_info=&#8221;{}&#8221;]<\/p>\n<h1><strong>Directive ERP (directive sur l&#8217;\u00e9coconception)<\/strong><\/h1>\n<h2><strong>Respect de la directive ERP pour les produits en provenance de Chine<\/strong><\/h2>\n<p>La directive sur l&#8217;\u00e9coconception est une directive europ\u00e9enne qui vise \u00e0 garantir une performance environnementale et une efficacit\u00e9 \u00e9nerg\u00e9tique optimales des produits mis sur le march\u00e9 de l&#8217;UE. Celui qui importe des marchandises de Chine doit respecter les exigences de la directive ERP de la m\u00eame mani\u00e8re qu&#8217;un producteur en Allemagne. La directive regroupe des produits tr\u00e8s diff\u00e9rents, pour chacun desquels il existe des r\u00e8glements sp\u00e9cifiques. Les groupes de produits suivants sont couverts par la directive sur l&#8217;\u00e9coconception et les autres directives qui lui sont associ\u00e9es :<\/p>\n<ul>\n<li>Bureautique<\/li>\n<li>Appareils m\u00e9nagers<\/li>\n<li>\u00c9lectronique grand public<\/li>\n<li>Lampes et luminaires<\/li>\n<li>Climatiseurs<\/li>\n<\/ul>\n<p>De nombreux autres appareils, tels que les batteries, les pompes, les groupes \u00e9lectrog\u00e8nes et bien d&#8217;autres encore, entrent \u00e9galement dans le champ d&#8217;application de la directive sur l&#8217;\u00e9coconception.<\/p>\n<p><strong>Le respect de la directive ERP est n\u00e9cessaire pour pouvoir importer de Chine en Allemagne !<\/strong><\/p>\n<p>Aucune importation ne doit \u00eatre effectu\u00e9e sans v\u00e9rification des produits et du respect de cette directive. Nous insistons sur le fait que cela ne doit pas \u00eatre pris \u00e0 la l\u00e9g\u00e8re.<\/p>\n<p>&nbsp;<\/p>\n<h3><strong>Audit ERP en Chine<\/strong><\/h3>\n<p>En tant que prestataire de services complets pour l&#8217;importation, nous organisons volontiers pour vous les contr\u00f4les ERP n\u00e9cessaires en Chine. Notre filiale BEIDE exploite ses propres laboratoires dans lesquels ces tests peuvent \u00eatre effectu\u00e9s de mani\u00e8re professionnelle et fiable. Nous vous proposons \u00e9galement ce service si vous importez via une autre agence d&#8217;importation. L&#8217;id\u00e9al est toutefois de confier toutes les prestations relatives \u00e0 l&#8217;importation de Chine \u00e0 une seule et m\u00eame entreprise. Cela permet d&#8217;\u00e9conomiser du temps et des d\u00e9placements et d&#8217;\u00e9viter les malentendus et les difficult\u00e9s qui pourraient autrement survenir aux interfaces des entreprises.<\/p>\n<p>&nbsp;<\/p>\n<h3><strong>Respect de la directive ERP pour les produits en provenance de Chine<\/strong><\/h3>\n<p>Une partie de la directive sur l&#8217;\u00e9coconception consiste \u00e0 prouver que les conditions de production sont respectueuses des ressources. Le type et la quantit\u00e9 de ressources consomm\u00e9es doivent \u00eatre document\u00e9s et il doit \u00eatre d\u00e9montr\u00e9 que l&#8217;on proc\u00e8de de mani\u00e8re \u00e0 \u00e9conomiser les ressources. Les directives rattach\u00e9es \u00e0 la directive ERP contiennent souvent aussi des valeurs limites \u00e0 respecter dans le cadre de la production. Les fabricants auxquels nous faisons appel respectent leur obligation de r\u00e9aliser un \u00e9cobilan conform\u00e9ment \u00e0 la directive ERP. Nous pouvons ainsi garantir qu&#8217;aucun probl\u00e8me de conformit\u00e9 \u00e0 la directive ERP ne se pose pour les produits en provenance de Chine lors de l&#8217;importation.<\/p>\n<p>&nbsp;<\/p>\n<p><strong>Quels sont les produits qui n\u00e9cessitent un contr\u00f4le ERP en Chine ?<\/strong><\/p>\n<p>Pour savoir si les produits que vous importez font partie de ceux qui rel\u00e8vent de la directive ERP, nous vous donnons des conseils d&#8217;experts. Nous soumettons votre importation \u00e0 une analyse et pouvons effectuer directement les contr\u00f4les qui pourraient s&#8217;av\u00e9rer n\u00e9cessaires. La liste suivante peut vous aider \u00e0 vous orienter grossi\u00e8rement :<\/p>\n<ul>\n<li>Appareils de chauffage, climatiseurs, ventilateurs, etc.<\/li>\n<li>\u00c9lectronique grand public, t\u00e9l\u00e9viseurs, etc.<\/li>\n<li>Produits blancs (machines \u00e0 laver, lave-vaisselle, r\u00e9frig\u00e9rateurs)<\/li>\n<li>Moteurs, compresseurs, groupes \u00e9lectrog\u00e8nes<\/li>\n<li>Machines-outils<\/li>\n<\/ul>\n<p>En principe, tous les appareils dont la consommation d&#8217;\u00e9lectricit\u00e9 n&#8217;est pas n\u00e9gligeable sont concern\u00e9s par la directive ERP.<\/p>\n<p>Certains r\u00e8glements en sont encore au stade de la pr\u00e9-validation. Ici aussi, nous vous conseillons sur la base des d\u00e9veloppements actuels.<\/p>\n<p>&nbsp;<\/p>\n<p><strong>Analyse des risques, contr\u00f4le des normes DIN et plus encore<\/strong><\/p>\n<p>Parmi les prestations de l&#8217;Agence-Frisch, on compte l&#8217;examen approfondi de la conformit\u00e9 des produits en provenance de Chine \u00e0 la directive ERP, mais aussi \u00e0 toutes les autres directives, ordonnances, normes et lois pertinentes. Nous avons une connaissance approfondie de ce domaine. Notre service juridique se fera un plaisir d&#8217;examiner les mesures que vous devez prendre pour respecter toutes les r\u00e9glementations et r\u00e9aliser une importation chinoise sans probl\u00e8me.<\/p>\n<p>Cela comprend \u00e9galement la r\u00e9daction de la d\u00e9claration de conformit\u00e9, le marquage CE et toutes les autres \u00e9tapes indispensables lors d&#8217;une importation en Chine. N&#8217;h\u00e9sitez pas \u00e0 nous confier ces prestations.<\/p>\n<p><strong>Nous vous conseillons avec comp\u00e9tence et nous occupons pour vous de tout ce qui concerne votre importation en Chine.<\/strong><\/p>\n<p>[\/et_pb_text][\/et_pb_column][\/et_pb_row][\/et_pb_section][et_pb_section fb_built=&#8221;1&#8243; admin_label=&#8221;Testimonials&#8221; _builder_version=&#8221;4.16&#8243; use_background_color_gradient=&#8221;on&#8221; background_color_gradient_stops=&#8221;rgba(0,106,156,0.85) 0%|rgba(0,106,156,0.85) 100%&#8221; background_color_gradient_start=&#8221;rgba(0,106,156,0.85)&#8221; background_color_gradient_end=&#8221;rgba(0,106,156,0.85)&#8221; custom_padding=&#8221;90px||60px|&#8221; animation_style=&#8221;fold&#8221; animation_direction=&#8221;bottom&#8221; animation_intensity_fold=&#8221;4%&#8221; global_colors_info=&#8221;{}&#8221; theme_builder_area=&#8221;post_content&#8221;][et_pb_row _builder_version=&#8221;4.16&#8243; background_size=&#8221;initial&#8221; background_position=&#8221;top_left&#8221; background_repeat=&#8221;repeat&#8221; custom_width_px=&#8221;710px&#8221; locked=&#8221;off&#8221; global_colors_info=&#8221;{}&#8221; theme_builder_area=&#8221;post_content&#8221;][et_pb_column type=&#8221;4_4&#8243; _builder_version=&#8221;4.16&#8243; background_position=&#8221;top_left&#8221; custom_padding=&#8221;|||&#8221; global_colors_info=&#8221;{}&#8221; custom_padding__hover=&#8221;|||&#8221; theme_builder_area=&#8221;post_content&#8221;][et_pb_text admin_label=&#8221;Testimonials Section Title&#8221; _builder_version=&#8221;4.16&#8243; header_font=&#8221;Montserrat||||&#8221; header_font_size=&#8221;36px&#8221; background_size=&#8221;initial&#8221; background_position=&#8221;top_left&#8221; background_repeat=&#8221;repeat&#8221; text_orientation=&#8221;center&#8221; background_layout=&#8221;dark&#8221; max_width=&#8221;710px&#8221; module_alignment=&#8221;center&#8221; animation_style=&#8221;fold&#8221; animation_direction=&#8221;bottom&#8221; animation_intensity_fold=&#8221;20%&#8221; global_colors_info=&#8221;{}&#8221; theme_builder_area=&#8221;post_content&#8221;]<\/p>\n<h1>Plus de 5000 clients satisfaits.<\/h1>\n<p>&nbsp;<\/p>\n<p>[\/et_pb_text][et_pb_divider color=&#8221;#ffffff&#8221; divider_weight=&#8221;3px&#8221; disabled_on=&#8221;off|off|off&#8221; _builder_version=&#8221;4.16&#8243; background_color_gradient_direction=&#8221;90deg&#8221; max_width=&#8221;100px&#8221; module_alignment=&#8221;center&#8221; height=&#8221;5px&#8221; custom_margin=&#8221;||20px|&#8221; custom_padding=&#8221;||20px|&#8221; animation_style=&#8221;slide&#8221; animation_direction=&#8221;bottom&#8221; saved_tabs=&#8221;all&#8221; locked=&#8221;off&#8221; global_colors_info=&#8221;{}&#8221; theme_builder_area=&#8221;post_content&#8221;][\/et_pb_divider][\/et_pb_column][\/et_pb_row][et_pb_row column_structure=&#8221;1_2,1_2&#8243; _builder_version=&#8221;4.18.1&#8243; _module_preset=&#8221;default&#8221; global_colors_info=&#8221;{}&#8221; theme_builder_area=&#8221;post_content&#8221;][et_pb_column type=&#8221;1_2&#8243; _builder_version=&#8221;4.18.1&#8243; _module_preset=&#8221;default&#8221; global_colors_info=&#8221;{}&#8221; theme_builder_area=&#8221;post_content&#8221;][et_pb_testimonial author=&#8221;Marco&#8221; portrait_url=&#8221;https:\/\/ag-frisch.com\/wp-content\/uploads\/2021\/08\/Harald.png&#8221; quote_icon=&#8221;off&#8221; _builder_version=&#8221;4.18.1&#8243; _module_preset=&#8221;default&#8221; body_font_size=&#8221;16px&#8221; use_background_color=&#8221;off&#8221; background_layout=&#8221;dark&#8221; global_colors_info=&#8221;{}&#8221; theme_builder_area=&#8221;post_content&#8221;]J&#8217;ai demand\u00e9 \u00e0 l&#8217;agence Frisch de faire produire un meuble de grande taille en Chine et de le transf\u00e9rer ensuite en Allemagne. La communication par e-mail a \u00e9t\u00e9 fluide tout au long du processus ! Des r\u00e9ponses tr\u00e8s rapides et fiables m&#8217;ont apport\u00e9 en permanence les garanties indispensables \u00e0 une telle entreprise. J&#8217;ai toujours \u00e9t\u00e9 aid\u00e9 dans la jungle bureaucratique et aucun formulaire n&#8217;a \u00e9t\u00e9 oubli\u00e9 ou mal rempli. Tr\u00e8s louable !<a href=\"&lt;div%20class=%22pe-richsnippets%22&gt;&nbsp;&lt;\/div&gt;%20&lt;script%20type=%22text\/javascript%22%20src=%22https:\/\/www.provenexpert.com\/widget\/richsnippet.js?u=1NUA0VwZ4RUZ5tmAi5zA4RaplNKAlWwZ&amp;v=2%22%20async&gt;&lt;\/script&gt;%20&lt;div%20style=%22text-align:%20justify;%22&gt;&lt;br%20\/&gt;\"><\/a><\/p>\n<div class=\"brow ratingBarMargin\">\n<div class=\"ratingBar\">\n<div class=\"brow\">\n<div class=\"pe-richsnippets\">&nbsp;<\/div>\n<p><script type=\"text\/javascript\" src=\"https:\/\/www.provenexpert.com\/widget\/richsnippet.js?u=1NUA0VwZ4RUZ5tmAi5zA4RaplNKAlWwZ&amp;v=2\" async=\"\"><\/script><\/p>\n<div style=\"text-align: justify;\"><\/p>\n<div class=\"col-lg-9 col-md-8 col-xs-10 mt20 mb20\">\n<div class=\"col-xs-12 surveyNameForRating\"><\/div>\n<\/div>\n<\/div>\n<\/div>\n<\/div>\n<\/div>\n<p>[\/et_pb_testimonial][\/et_pb_column][et_pb_column type=&#8221;1_2&#8243; _builder_version=&#8221;4.18.1&#8243; _module_preset=&#8221;default&#8221; global_colors_info=&#8221;{}&#8221; theme_builder_area=&#8221;post_content&#8221;][et_pb_testimonial author=&#8221;Simone L.&#8221; portrait_url=&#8221;https:\/\/ag-frisch.com\/wp-content\/uploads\/2021\/08\/Harald.png&#8221; quote_icon=&#8221;off&#8221; _builder_version=&#8221;4.18.1&#8243; _module_preset=&#8221;default&#8221; body_font_size=&#8221;16px&#8221; use_background_color=&#8221;off&#8221; background_layout=&#8221;dark&#8221; global_colors_info=&#8221;{}&#8221; theme_builder_area=&#8221;post_content&#8221;]<\/p>\n<p>Tout est au top. On ne peut pas faire mieux. On ne peut pas faire mieux en mati\u00e8re de conseil et de r\u00e9alisation. Apr\u00e8s avoir pass\u00e9 plusieurs commandes aupr\u00e8s de cette entreprise, nous sommes plus que satisfaits et poursuivons notre collaboration.<\/p>\n<div class=\"brow ratingBarMargin\">\n<div class=\"ratingBar\">\n<div class=\"brow\">\n<div class=\"pe-richsnippets\"> <\/div>\n<p>\n<script type=\"text\/javascript\" src=\"https:\/\/www.provenexpert.com\/widget\/richsnippet.js?u=1NUA0VwZ4RUZ5tmAi5zA4RaplNKAlWwZ&amp;v=2\" async=\"\"><\/script>\n<\/p>\n<div style=\"text-align: justify;\">\n<p>&nbsp;<\/p>\n<div class=\"col-lg-9 col-md-8 col-xs-10 mt20 mb20\">\n<div class=\"col-xs-12 surveyNameForRating\"><\/div>\n<\/div>\n<\/div>\n<\/div>\n<\/div>\n<\/div>\n<p>[\/et_pb_testimonial][\/et_pb_column][\/et_pb_row][et_pb_row _builder_version=&#8221;4.16&#8243; background_size=&#8221;initial&#8221; background_position=&#8221;top_left&#8221; background_repeat=&#8221;repeat&#8221; custom_padding=&#8221;50px|0px|30px|0px&#8221; custom_css_main_element=&#8221;text-align: center;&#8221; global_colors_info=&#8221;{}&#8221; theme_builder_area=&#8221;post_content&#8221;][et_pb_column type=&#8221;4_4&#8243; _builder_version=&#8221;4.16&#8243; custom_padding=&#8221;|||&#8221; global_colors_info=&#8221;{}&#8221; custom_padding__hover=&#8221;|||&#8221; theme_builder_area=&#8221;post_content&#8221;][et_pb_button button_url=&#8221;https:\/\/www.provenexpert.com\/de-de\/agentur-frisch-international-consulting-gmbh-und-co-kg\/&#8221; button_text=&#8221;PLUS D&#039;AVIS&#8221; button_alignment=&#8221;left&#8221; admin_label=&#8221;Testimonial Button&#8221; _builder_version=&#8221;4.16&#8243; custom_button=&#8221;on&#8221; button_text_size=&#8221;18px&#8221; button_text_color=&#8221;#ffffff&#8221; button_bg_color=&#8221;#6eba01&#8243; button_border_width=&#8221;2px&#8221; button_border_color=&#8221;#6eba01&#8243; button_border_radius=&#8221;0px&#8221; button_letter_spacing=&#8221;2px&#8221; button_font=&#8221;Montserrat|||on|&#8221; button_use_icon=&#8221;off&#8221; animation_style=&#8221;fold&#8221; animation_direction=&#8221;bottom&#8221; button_text_color_hover=&#8221;#ffffff&#8221; button_border_color_hover=&#8221;#ffffff&#8221; button_border_radius_hover=&#8221;0px&#8221; button_letter_spacing_hover=&#8221;2px&#8221; button_bg_color_hover=&#8221;rgba(255,255,255,0)&#8221; locked=&#8221;off&#8221; global_colors_info=&#8221;{}&#8221; button_text_size__hover_enabled=&#8221;off&#8221; button_one_text_size__hover_enabled=&#8221;off&#8221; button_two_text_size__hover_enabled=&#8221;off&#8221; button_text_color__hover_enabled=&#8221;on&#8221; button_text_color__hover=&#8221;#ffffff&#8221; button_one_text_color__hover_enabled=&#8221;off&#8221; button_two_text_color__hover_enabled=&#8221;off&#8221; button_border_width__hover_enabled=&#8221;off&#8221; button_one_border_width__hover_enabled=&#8221;off&#8221; button_two_border_width__hover_enabled=&#8221;off&#8221; button_border_color__hover_enabled=&#8221;on&#8221; button_border_color__hover=&#8221;#ffffff&#8221; button_one_border_color__hover_enabled=&#8221;off&#8221; button_two_border_color__hover_enabled=&#8221;off&#8221; button_border_radius__hover_enabled=&#8221;on&#8221; button_border_radius__hover=&#8221;0px&#8221; button_one_border_radius__hover_enabled=&#8221;off&#8221; button_two_border_radius__hover_enabled=&#8221;off&#8221; button_letter_spacing__hover_enabled=&#8221;on&#8221; button_letter_spacing__hover=&#8221;2px&#8221; button_one_letter_spacing__hover_enabled=&#8221;off&#8221; button_two_letter_spacing__hover_enabled=&#8221;off&#8221; button_bg_color__hover_enabled=&#8221;on&#8221; button_bg_color__hover=&#8221;rgba(255,255,255,0)&#8221; button_one_bg_color__hover_enabled=&#8221;off&#8221; button_two_bg_color__hover_enabled=&#8221;off&#8221; theme_builder_area=&#8221;post_content&#8221;][\/et_pb_button][\/et_pb_column][\/et_pb_row][\/et_pb_section]<\/p>\n","protected":false},"excerpt":{"rendered":"<p>V\u00e9rifiez directement sur place, en Chine, si les appareils r\u00e9pondent aux exigences de la directive ERP. Directive ERP : test de la directive sur l&#8217;\u00e9coconception pour les produits chinoisDirective ERP (directive sur l&#8217;\u00e9coconception) Respect de la directive ERP pour les produits en provenance de Chine La directive sur l&#8217;\u00e9coconception est une directive europ\u00e9enne qui vise [&hellip;]<\/p>\n","protected":false},"author":2,"featured_media":0,"parent":0,"menu_order":0,"comment_status":"closed","ping_status":"closed","template":"","meta":{"_et_pb_use_builder":"on","_et_pb_old_content":"","_et_gb_content_width":"","footnotes":""},"class_list":["post-11657","page","type-page","status-publish","hentry"],"yoast_head":"<!-- This site is optimized with the Yoast SEO plugin v27.2 - https:\/\/yoast.com\/product\/yoast-seo-wordpress\/ -->\n<title>V\u00e9rification ERP en Chine | Directive sur l&#039;\u00e9coconception des produits chinois<\/title>\n<meta name=\"description\" content=\"V\u00e9rification ERP (directive sur l&#039;\u00e9coconception) en Chine \u25ba Analyse approfondie des risques \u25ba Marquage CE pour la conformit\u00e9 \u00e0 la directive ERP \u25ba Demandez conseil maintenant !\" \/>\n<meta name=\"robots\" content=\"index, follow, max-snippet:-1, max-image-preview:large, max-video-preview:-1\" \/>\n<link rel=\"canonical\" href=\"https:\/\/ag-frisch.com\/fr\/directive-erp\/\" \/>\n<meta property=\"og:locale\" content=\"fr_FR\" \/>\n<meta property=\"og:type\" content=\"article\" \/>\n<meta property=\"og:title\" content=\"V\u00e9rification ERP en Chine | Directive sur l&#039;\u00e9coconception des produits chinois\" \/>\n<meta property=\"og:description\" content=\"V\u00e9rification ERP (directive sur l&#039;\u00e9coconception) en Chine \u25ba Analyse approfondie des risques \u25ba Marquage CE pour la conformit\u00e9 \u00e0 la directive ERP \u25ba Demandez conseil maintenant !\" \/>\n<meta property=\"og:url\" content=\"https:\/\/ag-frisch.com\/fr\/directive-erp\/\" \/>\n<meta property=\"og:site_name\" content=\"China Import Beratung f\u00fcr den Einkauf aus China\" \/>\n<meta property=\"article:publisher\" content=\"https:\/\/www.facebook.com\/China.Import\" \/>\n<meta property=\"article:modified_time\" content=\"2023-01-27T04:31:52+00:00\" \/>\n<meta name=\"twitter:card\" content=\"summary_large_image\" \/>\n<meta name=\"twitter:site\" content=\"@agenturfrisch\" \/>\n<meta name=\"twitter:label1\" content=\"Dur\u00e9e de lecture estim\u00e9e\" \/>\n\t<meta name=\"twitter:data1\" content=\"9 minutes\" \/>\n<script type=\"application\/ld+json\" class=\"yoast-schema-graph\">{\"@context\":\"https:\/\/schema.org\",\"@graph\":[{\"@type\":\"WebPage\",\"@id\":\"https:\/\/ag-frisch.com\/fr\/directive-erp\/\",\"url\":\"https:\/\/ag-frisch.com\/fr\/directive-erp\/\",\"name\":\"V\u00e9rification ERP en Chine | Directive sur l'\u00e9coconception des produits chinois\",\"isPartOf\":{\"@id\":\"https:\/\/ag-frisch.com\/de\/#website\"},\"datePublished\":\"2022-07-24T05:14:46+00:00\",\"dateModified\":\"2023-01-27T04:31:52+00:00\",\"description\":\"V\u00e9rification ERP (directive sur l'\u00e9coconception) en Chine \u25ba Analyse approfondie des risques \u25ba Marquage CE pour la conformit\u00e9 \u00e0 la directive ERP \u25ba Demandez conseil maintenant !\",\"breadcrumb\":{\"@id\":\"https:\/\/ag-frisch.com\/fr\/directive-erp\/#breadcrumb\"},\"inLanguage\":\"fr-FR\",\"potentialAction\":[{\"@type\":\"ReadAction\",\"target\":[\"https:\/\/ag-frisch.com\/fr\/directive-erp\/\"]}]},{\"@type\":\"BreadcrumbList\",\"@id\":\"https:\/\/ag-frisch.com\/fr\/directive-erp\/#breadcrumb\",\"itemListElement\":[{\"@type\":\"ListItem\",\"position\":1,\"name\":\"Startseite\",\"item\":\"https:\/\/ag-frisch.com\/de\/\"},{\"@type\":\"ListItem\",\"position\":2,\"name\":\"Directive ERP\"}]},{\"@type\":\"WebSite\",\"@id\":\"https:\/\/ag-frisch.com\/de\/#website\",\"url\":\"https:\/\/ag-frisch.com\/de\/\",\"name\":\"China Import Beratung f\u00fcr den Einkauf aus China\",\"description\":\"China Import &amp; Export Beratung - Der Dienstleister Ihres Vertrauens f\u00fcr Ihren China Import\",\"publisher\":{\"@id\":\"https:\/\/ag-frisch.com\/de\/#organization\"},\"potentialAction\":[{\"@type\":\"SearchAction\",\"target\":{\"@type\":\"EntryPoint\",\"urlTemplate\":\"https:\/\/ag-frisch.com\/de\/?s={search_term_string}\"},\"query-input\":{\"@type\":\"PropertyValueSpecification\",\"valueRequired\":true,\"valueName\":\"search_term_string\"}}],\"inLanguage\":\"fr-FR\"},{\"@type\":\"Organization\",\"@id\":\"https:\/\/ag-frisch.com\/de\/#organization\",\"name\":\"Agentur Frisch International Consulting GmbH & Co. KG\",\"url\":\"https:\/\/ag-frisch.com\/de\/\",\"logo\":{\"@type\":\"ImageObject\",\"inLanguage\":\"fr-FR\",\"@id\":\"https:\/\/ag-frisch.com\/de\/#\/schema\/logo\/image\/\",\"url\":\"https:\/\/ag-frisch.com\/wp-content\/uploads\/2021\/08\/ag_logo_rgb_300_small.png\",\"contentUrl\":\"https:\/\/ag-frisch.com\/wp-content\/uploads\/2021\/08\/ag_logo_rgb_300_small.png\",\"width\":153,\"height\":102,\"caption\":\"Agentur Frisch International Consulting GmbH & Co. KG\"},\"image\":{\"@id\":\"https:\/\/ag-frisch.com\/de\/#\/schema\/logo\/image\/\"},\"sameAs\":[\"https:\/\/www.facebook.com\/China.Import\",\"https:\/\/x.com\/agenturfrisch\"]}]}<\/script>\n<!-- \/ Yoast SEO plugin. -->","yoast_head_json":{"title":"V\u00e9rification ERP en Chine | Directive sur l'\u00e9coconception des produits chinois","description":"V\u00e9rification ERP (directive sur l'\u00e9coconception) en Chine \u25ba Analyse approfondie des risques \u25ba Marquage CE pour la conformit\u00e9 \u00e0 la directive ERP \u25ba Demandez conseil maintenant !","robots":{"index":"index","follow":"follow","max-snippet":"max-snippet:-1","max-image-preview":"max-image-preview:large","max-video-preview":"max-video-preview:-1"},"canonical":"https:\/\/ag-frisch.com\/fr\/directive-erp\/","og_locale":"fr_FR","og_type":"article","og_title":"V\u00e9rification ERP en Chine | Directive sur l'\u00e9coconception des produits chinois","og_description":"V\u00e9rification ERP (directive sur l'\u00e9coconception) en Chine \u25ba Analyse approfondie des risques \u25ba Marquage CE pour la conformit\u00e9 \u00e0 la directive ERP \u25ba Demandez conseil maintenant !","og_url":"https:\/\/ag-frisch.com\/fr\/directive-erp\/","og_site_name":"China Import Beratung f\u00fcr den Einkauf aus China","article_publisher":"https:\/\/www.facebook.com\/China.Import","article_modified_time":"2023-01-27T04:31:52+00:00","twitter_card":"summary_large_image","twitter_site":"@agenturfrisch","twitter_misc":{"Dur\u00e9e de lecture estim\u00e9e":"9 minutes"},"schema":{"@context":"https:\/\/schema.org","@graph":[{"@type":"WebPage","@id":"https:\/\/ag-frisch.com\/fr\/directive-erp\/","url":"https:\/\/ag-frisch.com\/fr\/directive-erp\/","name":"V\u00e9rification ERP en Chine | Directive sur l'\u00e9coconception des produits chinois","isPartOf":{"@id":"https:\/\/ag-frisch.com\/de\/#website"},"datePublished":"2022-07-24T05:14:46+00:00","dateModified":"2023-01-27T04:31:52+00:00","description":"V\u00e9rification ERP (directive sur l'\u00e9coconception) en Chine \u25ba Analyse approfondie des risques \u25ba Marquage CE pour la conformit\u00e9 \u00e0 la directive ERP \u25ba Demandez conseil maintenant !","breadcrumb":{"@id":"https:\/\/ag-frisch.com\/fr\/directive-erp\/#breadcrumb"},"inLanguage":"fr-FR","potentialAction":[{"@type":"ReadAction","target":["https:\/\/ag-frisch.com\/fr\/directive-erp\/"]}]},{"@type":"BreadcrumbList","@id":"https:\/\/ag-frisch.com\/fr\/directive-erp\/#breadcrumb","itemListElement":[{"@type":"ListItem","position":1,"name":"Startseite","item":"https:\/\/ag-frisch.com\/de\/"},{"@type":"ListItem","position":2,"name":"Directive ERP"}]},{"@type":"WebSite","@id":"https:\/\/ag-frisch.com\/de\/#website","url":"https:\/\/ag-frisch.com\/de\/","name":"China Import Beratung f\u00fcr den Einkauf aus China","description":"China Import &amp; Export Beratung - Der Dienstleister Ihres Vertrauens f\u00fcr Ihren China Import","publisher":{"@id":"https:\/\/ag-frisch.com\/de\/#organization"},"potentialAction":[{"@type":"SearchAction","target":{"@type":"EntryPoint","urlTemplate":"https:\/\/ag-frisch.com\/de\/?s={search_term_string}"},"query-input":{"@type":"PropertyValueSpecification","valueRequired":true,"valueName":"search_term_string"}}],"inLanguage":"fr-FR"},{"@type":"Organization","@id":"https:\/\/ag-frisch.com\/de\/#organization","name":"Agentur Frisch International Consulting GmbH & Co. KG","url":"https:\/\/ag-frisch.com\/de\/","logo":{"@type":"ImageObject","inLanguage":"fr-FR","@id":"https:\/\/ag-frisch.com\/de\/#\/schema\/logo\/image\/","url":"https:\/\/ag-frisch.com\/wp-content\/uploads\/2021\/08\/ag_logo_rgb_300_small.png","contentUrl":"https:\/\/ag-frisch.com\/wp-content\/uploads\/2021\/08\/ag_logo_rgb_300_small.png","width":153,"height":102,"caption":"Agentur Frisch International Consulting GmbH & Co. KG"},"image":{"@id":"https:\/\/ag-frisch.com\/de\/#\/schema\/logo\/image\/"},"sameAs":["https:\/\/www.facebook.com\/China.Import","https:\/\/x.com\/agenturfrisch"]}]}},"_links":{"self":[{"href":"https:\/\/ag-frisch.com\/fr\/wp-json\/wp\/v2\/pages\/11657","targetHints":{"allow":["GET"]}}],"collection":[{"href":"https:\/\/ag-frisch.com\/fr\/wp-json\/wp\/v2\/pages"}],"about":[{"href":"https:\/\/ag-frisch.com\/fr\/wp-json\/wp\/v2\/types\/page"}],"author":[{"embeddable":true,"href":"https:\/\/ag-frisch.com\/fr\/wp-json\/wp\/v2\/users\/2"}],"replies":[{"embeddable":true,"href":"https:\/\/ag-frisch.com\/fr\/wp-json\/wp\/v2\/comments?post=11657"}],"version-history":[{"count":0,"href":"https:\/\/ag-frisch.com\/fr\/wp-json\/wp\/v2\/pages\/11657\/revisions"}],"wp:attachment":[{"href":"https:\/\/ag-frisch.com\/fr\/wp-json\/wp\/v2\/media?parent=11657"}],"curies":[{"name":"wp","href":"https:\/\/api.w.org\/{rel}","templated":true}]}}