{"id":11666,"date":"2022-07-21T20:09:55","date_gmt":"2022-07-21T18:09:55","guid":{"rendered":"https:\/\/ag-frisch.com\/compatibilite-electromagnetique\/"},"modified":"2023-01-27T05:31:55","modified_gmt":"2023-01-27T04:31:55","slug":"compatibilite-electromagnetique","status":"publish","type":"page","link":"https:\/\/ag-frisch.com\/fr\/compatibilite-electromagnetique\/","title":{"rendered":"Compatibilit\u00e9 \u00e9lectromagn\u00e9tique"},"content":{"rendered":"<p>[et_pb_section fb_built=&#8221;1&#8243; _builder_version=&#8221;4.16&#8243; _module_preset=&#8221;default&#8221; global_colors_info=&#8221;{}&#8221;][et_pb_row _builder_version=&#8221;4.18.1&#8243; _module_preset=&#8221;default&#8221; global_colors_info=&#8221;{}&#8221;][et_pb_column type=&#8221;4_4&#8243; _builder_version=&#8221;4.18.1&#8243; _module_preset=&#8221;default&#8221; global_colors_info=&#8221;{}&#8221;][et_pb_cta title=&#8221;Essais CEM en Chine&#8221; button_url=&#8221;https:\/\/ag-frisch.com\/fr\/contact\/&#8221; button_text=&#8221;R\u00e9server une consultation maintenant&#8221; _builder_version=&#8221;4.16&#8243; _module_preset=&#8221;default&#8221; global_colors_info=&#8221;{}&#8221;]<\/p>\n<p>Gr\u00e2ce \u00e0 une consultation avec l&#8217;agence d&#8217;importation chinoise Frisch, nous clarifions toutes les questions que vous vous posez sur les essais CEM.<\/p>\n<p>[\/et_pb_cta][\/et_pb_column][\/et_pb_row][et_pb_row _builder_version=&#8221;4.16&#8243; _module_preset=&#8221;default&#8221; global_colors_info=&#8221;{}&#8221;][et_pb_column type=&#8221;4_4&#8243; _builder_version=&#8221;4.16&#8243; _module_preset=&#8221;default&#8221; global_colors_info=&#8221;{}&#8221;][et_pb_text admin_label=&#8221;H1&#8243; _builder_version=&#8221;4.18.1&#8243; _module_preset=&#8221;default&#8221; global_colors_info=&#8221;{}&#8221;]<\/p>\n<h1>Compatibilit\u00e9 \u00e9lectromagn\u00e9tique : essais CEM en Chine<\/h1>\n<p>[\/et_pb_text][et_pb_text _builder_version=&#8221;4.16&#8243; _module_preset=&#8221;default&#8221; global_colors_info=&#8221;{}&#8221;]<\/p>\n<p><strong>Compatibilit\u00e9 \u00e9lectromagn\u00e9tique<\/strong><\/p>\n<p><strong>Test CEM pour le respect de la directive CEM<\/strong><\/p>\n<p>Par compatibilit\u00e9 \u00e9lectromagn\u00e9tique, on entend qu&#8217;un appareil n&#8217;\u00e9met pas de perturbations \u00e9lectromagn\u00e9tiques. Cela est n\u00e9cessaire, car sinon tous les appareils \u00e9lectroniques s&#8217;influenceraient et se perturberaient mutuellement. Dans le cadre des essais CEM selon la directive 2014\/30\/UE sur la compatibilit\u00e9 \u00e9lectromagn\u00e9tique, on teste donc si les appareils r\u00e9pondent aux exigences. La directive s&#8217;applique bien entendu aussi aux marchandises import\u00e9es : le respect de la CEM pour les produits en provenance de Chine est tout aussi n\u00e9cessaire que pour les marchandises produites dans le pays.<\/p>\n<p>Les groupes de produits couverts par la directive CEM sont par exemple<\/p>\n<ul>\n<li>Technique industrielle<\/li>\n<li>\u00c9lectronique grand public<\/li>\n<li>Technique automobile<\/li>\n<li>Technique a\u00e9ronautique et a\u00e9rospatiale<\/li>\n<li>Technique m\u00e9dicale<\/li>\n<li>Technologie de l&#8217;information<\/li>\n<\/ul>\n<p>Pour ces groupes de produits, l&#8217;essai CEM fait \u00e9galement partie int\u00e9grante du marquage CE et de la d\u00e9claration de conformit\u00e9.<\/p>\n<p>&nbsp;<\/p>\n<p><strong>Marquage CE et \u00e9valuation de la conformit\u00e9<\/strong><\/p>\n<p>Le marquage CE est appos\u00e9 pour indiquer qu&#8217;un produit est conforme aux exigences harmonis\u00e9es de l&#8217;UE. Elle est l&#8217;expression de la responsabilit\u00e9 du fabricant, dont les essais CEM en Chine peuvent \u00eatre une partie. L&#8217;\u00e9valuation de la conformit\u00e9 \u00e0 la norme ISO\/IEC 17000 est effectu\u00e9e pour garantir la conformit\u00e9 \u00e0 la loi sur la s\u00e9curit\u00e9 des produits. Elle comprend, selon le groupe de produits, d&#8217;autres tests selon diff\u00e9rentes directives. Outre la directive CEM, il peut s&#8217;agir par exemple de<\/p>\n<ul>\n<li>Directive sur les \u00e9quipements sous pression 2014\/68\/UE<\/li>\n<li>Directive sur les machines 2006\/42\/CE<\/li>\n<li>Directive ATEX 2014\/34\/UE<\/li>\n<li>Directive sur les dispositifs m\u00e9dicaux<\/li>\n<\/ul>\n<p>&nbsp;<\/p>\n<p><strong>Conformit\u00e9 CEM pour les produits en provenance de Chine<\/strong><\/p>\n<p>Toute personne qui importe des produits de Chine en Allemagne est responsable de leur qualit\u00e9 et des dommages qu&#8217;ils peuvent causer. Le respect de la CEM pour les produits en provenance de Chine n&#8217;est donc pas une possibilit\u00e9 optionnelle, mais une obligation contraignante. L&#8217;agence Frisch vous aide \u00e0 remplir cette obligation. Nous disposons de nos propres laboratoires dans lesquels les essais CEM peuvent \u00eatre r\u00e9alis\u00e9s en Chine.<\/p>\n<p>&nbsp;<\/p>\n<p><strong>Les essais CEM en Chine<\/strong><\/p>\n<p>Notre filiale BEIDE Compliance Laboratory exploite ses propres laboratoires, dans lesquels des tests ind\u00e9pendants et fiables sont effectu\u00e9s au niveau allemand. Les essais CEM en Chine en font partie. Nous proposons ce service en premier lieu \u00e0 nos clients importateurs afin de rendre les op\u00e9rations d&#8217;importation aussi fluides que possible. Nos essais CEM en Chine sont absolument comparables \u00e0 ceux effectu\u00e9s en Allemagne en termes de qualit\u00e9, mais \u00e0 un prix nettement inf\u00e9rieur.<\/p>\n<p>Les essais CEM en Chine sont indispensables pour garantir la conformit\u00e9 des produits en provenance de Chine avec la directive CEM. Ce n&#8217;est qu&#8217;une fois le contr\u00f4le effectu\u00e9 que les produits peuvent \u00eatre import\u00e9s en Allemagne avec une d\u00e9claration de conformit\u00e9 valable et, le cas \u00e9ch\u00e9ant, le marquage CE.<\/p>\n<p><strong>Les essais CEM en Chine sont n\u00e9cessaires pour respecter les dispositions allemandes en mati\u00e8re d&#8217;importation.<\/strong><\/p>\n<p>&nbsp;<\/p>\n<p><strong>Essais CEM bon march\u00e9 en Chine<\/strong><\/p>\n<p>Nous pouvons vous proposer des essais CEM \u00e9conomiques en Chine qui sont au niveau international. Les frais sont moins \u00e9lev\u00e9s que chez d&#8217;autres fournisseurs. Vous b\u00e9n\u00e9ficiez en outre d&#8217;un service d&#8217;un seul tenant : en tant que votre importateur en Chine, nous connaissons l&#8217;ensemble des processus et int\u00e9grons les contr\u00f4les dans nos autres prestations, de la production au transport et au d\u00e9douanement.<\/p>\n<p>&nbsp;<\/p>\n<p><strong>Autres prestations de l&#8217;agence Frisch<\/strong><\/p>\n<p>Dans le cadre de l&#8217;\u00e9valuation de la conformit\u00e9, nous vous proposons toute une s\u00e9rie de prestations. Nous sommes votre prestataire de services polyvalent et fiable pour l&#8217;importation de Chine en Allemagne. Par exemple, nous pouvons aussi vous fournir les services suivants :<\/p>\n<ul>\n<li>Contr\u00f4le des normes DIN<\/li>\n<li>Analyse des risques<\/li>\n<li>Analyse des r\u00e8gles d&#8217;importation<\/li>\n<li>Des solutions concr\u00e8tes pour la conformit\u00e9<\/li>\n<\/ul>\n<p>Une v\u00e9rification approfondie et experte par nos soins des certificats et r\u00e9glementations n\u00e9cessaires pour votre produit d&#8217;importation est utile pour \u00e9viter tout probl\u00e8me avec les douanes et les autorit\u00e9s allemandes\/internationales. Nous vous proposons volontiers ce service, car nous sommes convaincus que nous augmentons ainsi vos chances et les n\u00f4tres de faire des affaires fructueuses et durables dans le domaine de l&#8217;importation.<\/p>\n<p>[\/et_pb_text][\/et_pb_column][\/et_pb_row][\/et_pb_section][et_pb_section fb_built=&#8221;1&#8243; admin_label=&#8221;Testimonials&#8221; _builder_version=&#8221;4.16&#8243; use_background_color_gradient=&#8221;on&#8221; background_color_gradient_stops=&#8221;rgba(0,106,156,0.85) 0%|rgba(0,106,156,0.85) 100%&#8221; background_color_gradient_start=&#8221;rgba(0,106,156,0.85)&#8221; background_color_gradient_end=&#8221;rgba(0,106,156,0.85)&#8221; custom_padding=&#8221;90px||60px|&#8221; animation_style=&#8221;fold&#8221; animation_direction=&#8221;bottom&#8221; animation_intensity_fold=&#8221;4%&#8221; global_colors_info=&#8221;{}&#8221;][et_pb_row _builder_version=&#8221;4.16&#8243; background_size=&#8221;initial&#8221; background_position=&#8221;top_left&#8221; background_repeat=&#8221;repeat&#8221; custom_width_px=&#8221;710px&#8221; locked=&#8221;off&#8221; global_colors_info=&#8221;{}&#8221;][et_pb_column type=&#8221;4_4&#8243; _builder_version=&#8221;4.16&#8243; background_position=&#8221;top_left&#8221; custom_padding=&#8221;|||&#8221; global_colors_info=&#8221;{}&#8221; custom_padding__hover=&#8221;|||&#8221;][et_pb_text admin_label=&#8221;Testimonials Section Title&#8221; _builder_version=&#8221;4.16&#8243; header_font=&#8221;Montserrat||||&#8221; header_font_size=&#8221;36px&#8221; background_size=&#8221;initial&#8221; background_position=&#8221;top_left&#8221; background_repeat=&#8221;repeat&#8221; text_orientation=&#8221;center&#8221; background_layout=&#8221;dark&#8221; max_width=&#8221;710px&#8221; module_alignment=&#8221;center&#8221; animation_style=&#8221;fold&#8221; animation_direction=&#8221;bottom&#8221; animation_intensity_fold=&#8221;20%&#8221; global_colors_info=&#8221;{}&#8221;]<\/p>\n<h1>Plus de 5000 clients satisfaits.<\/h1>\n<p>&nbsp;<\/p>\n<p>[\/et_pb_text][et_pb_divider color=&#8221;#ffffff&#8221; divider_weight=&#8221;3px&#8221; disabled_on=&#8221;off|off|off&#8221; _builder_version=&#8221;4.16&#8243; background_color_gradient_direction=&#8221;90deg&#8221; max_width=&#8221;100px&#8221; module_alignment=&#8221;center&#8221; height=&#8221;5px&#8221; custom_margin=&#8221;||20px|&#8221; custom_padding=&#8221;||20px|&#8221; animation_style=&#8221;slide&#8221; animation_direction=&#8221;bottom&#8221; saved_tabs=&#8221;all&#8221; locked=&#8221;off&#8221; global_colors_info=&#8221;{}&#8221;][\/et_pb_divider][\/et_pb_column][\/et_pb_row][et_pb_row column_structure=&#8221;1_2,1_2&#8243; _builder_version=&#8221;4.18.1&#8243; _module_preset=&#8221;default&#8221; global_colors_info=&#8221;{}&#8221;][et_pb_column type=&#8221;1_2&#8243; _builder_version=&#8221;4.18.1&#8243; _module_preset=&#8221;default&#8221; global_colors_info=&#8221;{}&#8221;][et_pb_testimonial author=&#8221;Marco&#8221; portrait_url=&#8221;https:\/\/ag-frisch.com\/wp-content\/uploads\/2021\/08\/Harald.png&#8221; quote_icon=&#8221;off&#8221; _builder_version=&#8221;4.18.1&#8243; _module_preset=&#8221;default&#8221; body_font_size=&#8221;16px&#8221; use_background_color=&#8221;off&#8221; background_layout=&#8221;dark&#8221; global_colors_info=&#8221;{}&#8221;]J&#8217;ai demand\u00e9 \u00e0 l&#8217;agence Frisch de faire produire un meuble de grande taille en Chine et de le transf\u00e9rer ensuite en Allemagne. La communication par e-mail a \u00e9t\u00e9 fluide tout au long du processus ! Des r\u00e9ponses tr\u00e8s rapides et fiables m&#8217;ont apport\u00e9 en permanence les garanties indispensables \u00e0 une telle entreprise. J&#8217;ai toujours \u00e9t\u00e9 aid\u00e9 dans la jungle bureaucratique et aucun formulaire n&#8217;a \u00e9t\u00e9 oubli\u00e9 ou mal rempli. Tr\u00e8s louable !<a href=\"&lt;div%20class=%22pe-richsnippets%22&gt;&nbsp;&lt;\/div&gt;%20&lt;script%20type=%22text\/javascript%22%20src=%22https:\/\/www.provenexpert.com\/widget\/richsnippet.js?u=1NUA0VwZ4RUZ5tmAi5zA4RaplNKAlWwZ&amp;v=2%22%20async&gt;&lt;\/script&gt;%20&lt;div%20style=%22text-align:%20justify;%22&gt;&lt;br%20\/&gt;\"><\/a><\/p>\n<div class=\"brow ratingBarMargin\">\n<div class=\"ratingBar\">\n<div class=\"brow\">\n<div class=\"pe-richsnippets\">&nbsp;<\/div>\n<p><script type=\"text\/javascript\" src=\"https:\/\/www.provenexpert.com\/widget\/richsnippet.js?u=1NUA0VwZ4RUZ5tmAi5zA4RaplNKAlWwZ&amp;v=2\" async=\"\"><\/script><\/p>\n<div style=\"text-align: justify;\"><\/p>\n<div class=\"col-lg-9 col-md-8 col-xs-10 mt20 mb20\">\n<div class=\"col-xs-12 surveyNameForRating\"><\/div>\n<\/div>\n<\/div>\n<\/div>\n<\/div>\n<\/div>\n<p>[\/et_pb_testimonial][\/et_pb_column][et_pb_column type=&#8221;1_2&#8243; _builder_version=&#8221;4.18.1&#8243; _module_preset=&#8221;default&#8221; global_colors_info=&#8221;{}&#8221;][et_pb_testimonial author=&#8221;Simone L.&#8221; portrait_url=&#8221;https:\/\/ag-frisch.com\/wp-content\/uploads\/2021\/08\/Harald.png&#8221; quote_icon=&#8221;off&#8221; _builder_version=&#8221;4.18.1&#8243; _module_preset=&#8221;default&#8221; body_font_size=&#8221;16px&#8221; use_background_color=&#8221;off&#8221; background_layout=&#8221;dark&#8221; global_colors_info=&#8221;{}&#8221;]<\/p>\n<p>Tout est au top. On ne peut pas faire mieux. On ne peut pas faire mieux en mati\u00e8re de conseil et de r\u00e9alisation. Apr\u00e8s avoir pass\u00e9 plusieurs commandes aupr\u00e8s de cette entreprise, nous sommes plus que satisfaits et poursuivons notre collaboration.<\/p>\n<div class=\"brow ratingBarMargin\">\n<div class=\"ratingBar\">\n<div class=\"brow\">\n<div class=\"pe-richsnippets\"> <\/div>\n<p>\n<script type=\"text\/javascript\" src=\"https:\/\/www.provenexpert.com\/widget\/richsnippet.js?u=1NUA0VwZ4RUZ5tmAi5zA4RaplNKAlWwZ&amp;v=2\" async=\"\"><\/script>\n<\/p>\n<div style=\"text-align: justify;\">\n<p>&nbsp;<\/p>\n<div class=\"col-lg-9 col-md-8 col-xs-10 mt20 mb20\">\n<div class=\"col-xs-12 surveyNameForRating\"><\/div>\n<\/div>\n<\/div>\n<\/div>\n<\/div>\n<\/div>\n<p>[\/et_pb_testimonial][\/et_pb_column][\/et_pb_row][et_pb_row _builder_version=&#8221;4.16&#8243; background_size=&#8221;initial&#8221; background_position=&#8221;top_left&#8221; background_repeat=&#8221;repeat&#8221; custom_padding=&#8221;50px|0px|30px|0px&#8221; custom_css_main_element=&#8221;text-align: center;&#8221; global_colors_info=&#8221;{}&#8221;][et_pb_column type=&#8221;4_4&#8243; _builder_version=&#8221;4.16&#8243; custom_padding=&#8221;|||&#8221; global_colors_info=&#8221;{}&#8221; custom_padding__hover=&#8221;|||&#8221;][et_pb_button button_url=&#8221;https:\/\/www.provenexpert.com\/de-de\/agentur-frisch-international-consulting-gmbh-und-co-kg\/&#8221; button_text=&#8221;PLUS D&#039;AVIS&#8221; button_alignment=&#8221;left&#8221; admin_label=&#8221;Testimonial Button&#8221; _builder_version=&#8221;4.16&#8243; custom_button=&#8221;on&#8221; button_text_size=&#8221;18px&#8221; button_text_color=&#8221;#ffffff&#8221; button_bg_color=&#8221;#6eba01&#8243; button_border_width=&#8221;2px&#8221; button_border_color=&#8221;#6eba01&#8243; button_border_radius=&#8221;0px&#8221; button_letter_spacing=&#8221;2px&#8221; button_font=&#8221;Montserrat|||on|&#8221; button_use_icon=&#8221;off&#8221; animation_style=&#8221;fold&#8221; animation_direction=&#8221;bottom&#8221; button_text_color_hover=&#8221;#ffffff&#8221; button_border_color_hover=&#8221;#ffffff&#8221; button_border_radius_hover=&#8221;0px&#8221; button_letter_spacing_hover=&#8221;2px&#8221; button_bg_color_hover=&#8221;rgba(255,255,255,0)&#8221; locked=&#8221;off&#8221; global_colors_info=&#8221;{}&#8221; button_text_size__hover_enabled=&#8221;off&#8221; button_one_text_size__hover_enabled=&#8221;off&#8221; button_two_text_size__hover_enabled=&#8221;off&#8221; button_text_color__hover_enabled=&#8221;on&#8221; button_text_color__hover=&#8221;#ffffff&#8221; button_one_text_color__hover_enabled=&#8221;off&#8221; button_two_text_color__hover_enabled=&#8221;off&#8221; button_border_width__hover_enabled=&#8221;off&#8221; button_one_border_width__hover_enabled=&#8221;off&#8221; button_two_border_width__hover_enabled=&#8221;off&#8221; button_border_color__hover_enabled=&#8221;on&#8221; button_border_color__hover=&#8221;#ffffff&#8221; button_one_border_color__hover_enabled=&#8221;off&#8221; button_two_border_color__hover_enabled=&#8221;off&#8221; button_border_radius__hover_enabled=&#8221;on&#8221; button_border_radius__hover=&#8221;0px&#8221; button_one_border_radius__hover_enabled=&#8221;off&#8221; button_two_border_radius__hover_enabled=&#8221;off&#8221; button_letter_spacing__hover_enabled=&#8221;on&#8221; button_letter_spacing__hover=&#8221;2px&#8221; button_one_letter_spacing__hover_enabled=&#8221;off&#8221; button_two_letter_spacing__hover_enabled=&#8221;off&#8221; button_bg_color__hover_enabled=&#8221;on&#8221; button_bg_color__hover=&#8221;rgba(255,255,255,0)&#8221; button_one_bg_color__hover_enabled=&#8221;off&#8221; button_two_bg_color__hover_enabled=&#8221;off&#8221;][\/et_pb_button][\/et_pb_column][\/et_pb_row][\/et_pb_section]<\/p>\n","protected":false},"excerpt":{"rendered":"<p>Gr\u00e2ce \u00e0 une consultation avec l&#8217;agence d&#8217;importation chinoise Frisch, nous clarifions toutes les questions que vous vous posez sur les essais CEM.Compatibilit\u00e9 \u00e9lectromagn\u00e9tique : essais CEM en ChineCompatibilit\u00e9 \u00e9lectromagn\u00e9tique Test CEM pour le respect de la directive CEM Par compatibilit\u00e9 \u00e9lectromagn\u00e9tique, on entend qu&#8217;un appareil n&#8217;\u00e9met pas de perturbations \u00e9lectromagn\u00e9tiques. Cela est n\u00e9cessaire, car sinon [&hellip;]<\/p>\n","protected":false},"author":2,"featured_media":0,"parent":0,"menu_order":0,"comment_status":"closed","ping_status":"closed","template":"","meta":{"_et_pb_use_builder":"on","_et_pb_old_content":"","_et_gb_content_width":"","footnotes":""},"class_list":["post-11666","page","type-page","status-publish","hentry"],"yoast_head":"<!-- This site is optimized with the Yoast SEO plugin v27.4 - https:\/\/yoast.com\/product\/yoast-seo-wordpress\/ -->\n<title>Compatibilit\u00e9 \u00e9lectromagn\u00e9tique : test CEM importations chinoises<\/title>\n<meta name=\"description\" content=\"Essai CEM selon la directive CEM pour les importations chinoises \u25ba Marquage CE et \u00e9valuation de la conformit\u00e9 \u25ba Demandez maintenant conseil \u00e0 des experts !\" \/>\n<meta name=\"robots\" content=\"index, follow, max-snippet:-1, max-image-preview:large, max-video-preview:-1\" \/>\n<link rel=\"canonical\" href=\"https:\/\/ag-frisch.com\/fr\/compatibilite-electromagnetique\/\" \/>\n<meta property=\"og:locale\" content=\"fr_FR\" \/>\n<meta property=\"og:type\" content=\"article\" \/>\n<meta property=\"og:title\" content=\"Compatibilit\u00e9 \u00e9lectromagn\u00e9tique : test CEM importations chinoises\" \/>\n<meta property=\"og:description\" content=\"Essai CEM selon la directive CEM pour les importations chinoises \u25ba Marquage CE et \u00e9valuation de la conformit\u00e9 \u25ba Demandez maintenant conseil \u00e0 des experts !\" \/>\n<meta property=\"og:url\" content=\"https:\/\/ag-frisch.com\/fr\/compatibilite-electromagnetique\/\" \/>\n<meta property=\"og:site_name\" content=\"China Import Beratung f\u00fcr den Einkauf aus China\" \/>\n<meta property=\"article:publisher\" content=\"https:\/\/www.facebook.com\/China.Import\" \/>\n<meta property=\"article:modified_time\" content=\"2023-01-27T04:31:55+00:00\" \/>\n<meta name=\"twitter:card\" content=\"summary_large_image\" \/>\n<meta name=\"twitter:site\" content=\"@agenturfrisch\" \/>\n<meta name=\"twitter:label1\" content=\"Dur\u00e9e de lecture estim\u00e9e\" \/>\n\t<meta name=\"twitter:data1\" content=\"8 minutes\" \/>\n<script type=\"application\/ld+json\" class=\"yoast-schema-graph\">{\"@context\":\"https:\\\/\\\/schema.org\",\"@graph\":[{\"@type\":\"WebPage\",\"@id\":\"https:\\\/\\\/ag-frisch.com\\\/fr\\\/compatibilite-electromagnetique\\\/\",\"url\":\"https:\\\/\\\/ag-frisch.com\\\/fr\\\/compatibilite-electromagnetique\\\/\",\"name\":\"Compatibilit\u00e9 \u00e9lectromagn\u00e9tique : test CEM importations chinoises\",\"isPartOf\":{\"@id\":\"https:\\\/\\\/ag-frisch.com\\\/de\\\/#website\"},\"datePublished\":\"2022-07-21T18:09:55+00:00\",\"dateModified\":\"2023-01-27T04:31:55+00:00\",\"description\":\"Essai CEM selon la directive CEM pour les importations chinoises \u25ba Marquage CE et \u00e9valuation de la conformit\u00e9 \u25ba Demandez maintenant conseil \u00e0 des experts !\",\"breadcrumb\":{\"@id\":\"https:\\\/\\\/ag-frisch.com\\\/fr\\\/compatibilite-electromagnetique\\\/#breadcrumb\"},\"inLanguage\":\"fr-FR\",\"potentialAction\":[{\"@type\":\"ReadAction\",\"target\":[\"https:\\\/\\\/ag-frisch.com\\\/fr\\\/compatibilite-electromagnetique\\\/\"]}]},{\"@type\":\"BreadcrumbList\",\"@id\":\"https:\\\/\\\/ag-frisch.com\\\/fr\\\/compatibilite-electromagnetique\\\/#breadcrumb\",\"itemListElement\":[{\"@type\":\"ListItem\",\"position\":1,\"name\":\"Startseite\",\"item\":\"https:\\\/\\\/ag-frisch.com\\\/de\\\/\"},{\"@type\":\"ListItem\",\"position\":2,\"name\":\"Compatibilit\u00e9 \u00e9lectromagn\u00e9tique\"}]},{\"@type\":\"WebSite\",\"@id\":\"https:\\\/\\\/ag-frisch.com\\\/de\\\/#website\",\"url\":\"https:\\\/\\\/ag-frisch.com\\\/de\\\/\",\"name\":\"China Import Beratung f\u00fcr den Einkauf aus China\",\"description\":\"China Import &amp; Export Beratung - Der Dienstleister Ihres Vertrauens f\u00fcr Ihren China Import\",\"publisher\":{\"@id\":\"https:\\\/\\\/ag-frisch.com\\\/de\\\/#organization\"},\"potentialAction\":[{\"@type\":\"SearchAction\",\"target\":{\"@type\":\"EntryPoint\",\"urlTemplate\":\"https:\\\/\\\/ag-frisch.com\\\/de\\\/?s={search_term_string}\"},\"query-input\":{\"@type\":\"PropertyValueSpecification\",\"valueRequired\":true,\"valueName\":\"search_term_string\"}}],\"inLanguage\":\"fr-FR\"},{\"@type\":\"Organization\",\"@id\":\"https:\\\/\\\/ag-frisch.com\\\/de\\\/#organization\",\"name\":\"Agentur Frisch International Consulting GmbH & Co. KG\",\"url\":\"https:\\\/\\\/ag-frisch.com\\\/de\\\/\",\"logo\":{\"@type\":\"ImageObject\",\"inLanguage\":\"fr-FR\",\"@id\":\"https:\\\/\\\/ag-frisch.com\\\/de\\\/#\\\/schema\\\/logo\\\/image\\\/\",\"url\":\"https:\\\/\\\/ag-frisch.com\\\/wp-content\\\/uploads\\\/2021\\\/08\\\/ag_logo_rgb_300_small.png\",\"contentUrl\":\"https:\\\/\\\/ag-frisch.com\\\/wp-content\\\/uploads\\\/2021\\\/08\\\/ag_logo_rgb_300_small.png\",\"width\":153,\"height\":102,\"caption\":\"Agentur Frisch International Consulting GmbH & Co. KG\"},\"image\":{\"@id\":\"https:\\\/\\\/ag-frisch.com\\\/de\\\/#\\\/schema\\\/logo\\\/image\\\/\"},\"sameAs\":[\"https:\\\/\\\/www.facebook.com\\\/China.Import\",\"https:\\\/\\\/x.com\\\/agenturfrisch\"]}]}<\/script>\n<!-- \/ Yoast SEO plugin. -->","yoast_head_json":{"title":"Compatibilit\u00e9 \u00e9lectromagn\u00e9tique : test CEM importations chinoises","description":"Essai CEM selon la directive CEM pour les importations chinoises \u25ba Marquage CE et \u00e9valuation de la conformit\u00e9 \u25ba Demandez maintenant conseil \u00e0 des experts !","robots":{"index":"index","follow":"follow","max-snippet":"max-snippet:-1","max-image-preview":"max-image-preview:large","max-video-preview":"max-video-preview:-1"},"canonical":"https:\/\/ag-frisch.com\/fr\/compatibilite-electromagnetique\/","og_locale":"fr_FR","og_type":"article","og_title":"Compatibilit\u00e9 \u00e9lectromagn\u00e9tique : test CEM importations chinoises","og_description":"Essai CEM selon la directive CEM pour les importations chinoises \u25ba Marquage CE et \u00e9valuation de la conformit\u00e9 \u25ba Demandez maintenant conseil \u00e0 des experts !","og_url":"https:\/\/ag-frisch.com\/fr\/compatibilite-electromagnetique\/","og_site_name":"China Import Beratung f\u00fcr den Einkauf aus China","article_publisher":"https:\/\/www.facebook.com\/China.Import","article_modified_time":"2023-01-27T04:31:55+00:00","twitter_card":"summary_large_image","twitter_site":"@agenturfrisch","twitter_misc":{"Dur\u00e9e de lecture estim\u00e9e":"8 minutes"},"schema":{"@context":"https:\/\/schema.org","@graph":[{"@type":"WebPage","@id":"https:\/\/ag-frisch.com\/fr\/compatibilite-electromagnetique\/","url":"https:\/\/ag-frisch.com\/fr\/compatibilite-electromagnetique\/","name":"Compatibilit\u00e9 \u00e9lectromagn\u00e9tique : test CEM importations chinoises","isPartOf":{"@id":"https:\/\/ag-frisch.com\/de\/#website"},"datePublished":"2022-07-21T18:09:55+00:00","dateModified":"2023-01-27T04:31:55+00:00","description":"Essai CEM selon la directive CEM pour les importations chinoises \u25ba Marquage CE et \u00e9valuation de la conformit\u00e9 \u25ba Demandez maintenant conseil \u00e0 des experts !","breadcrumb":{"@id":"https:\/\/ag-frisch.com\/fr\/compatibilite-electromagnetique\/#breadcrumb"},"inLanguage":"fr-FR","potentialAction":[{"@type":"ReadAction","target":["https:\/\/ag-frisch.com\/fr\/compatibilite-electromagnetique\/"]}]},{"@type":"BreadcrumbList","@id":"https:\/\/ag-frisch.com\/fr\/compatibilite-electromagnetique\/#breadcrumb","itemListElement":[{"@type":"ListItem","position":1,"name":"Startseite","item":"https:\/\/ag-frisch.com\/de\/"},{"@type":"ListItem","position":2,"name":"Compatibilit\u00e9 \u00e9lectromagn\u00e9tique"}]},{"@type":"WebSite","@id":"https:\/\/ag-frisch.com\/de\/#website","url":"https:\/\/ag-frisch.com\/de\/","name":"China Import Beratung f\u00fcr den Einkauf aus China","description":"China Import &amp; Export Beratung - Der Dienstleister Ihres Vertrauens f\u00fcr Ihren China Import","publisher":{"@id":"https:\/\/ag-frisch.com\/de\/#organization"},"potentialAction":[{"@type":"SearchAction","target":{"@type":"EntryPoint","urlTemplate":"https:\/\/ag-frisch.com\/de\/?s={search_term_string}"},"query-input":{"@type":"PropertyValueSpecification","valueRequired":true,"valueName":"search_term_string"}}],"inLanguage":"fr-FR"},{"@type":"Organization","@id":"https:\/\/ag-frisch.com\/de\/#organization","name":"Agentur Frisch International Consulting GmbH & Co. KG","url":"https:\/\/ag-frisch.com\/de\/","logo":{"@type":"ImageObject","inLanguage":"fr-FR","@id":"https:\/\/ag-frisch.com\/de\/#\/schema\/logo\/image\/","url":"https:\/\/ag-frisch.com\/wp-content\/uploads\/2021\/08\/ag_logo_rgb_300_small.png","contentUrl":"https:\/\/ag-frisch.com\/wp-content\/uploads\/2021\/08\/ag_logo_rgb_300_small.png","width":153,"height":102,"caption":"Agentur Frisch International Consulting GmbH & Co. KG"},"image":{"@id":"https:\/\/ag-frisch.com\/de\/#\/schema\/logo\/image\/"},"sameAs":["https:\/\/www.facebook.com\/China.Import","https:\/\/x.com\/agenturfrisch"]}]}},"_links":{"self":[{"href":"https:\/\/ag-frisch.com\/fr\/wp-json\/wp\/v2\/pages\/11666","targetHints":{"allow":["GET"]}}],"collection":[{"href":"https:\/\/ag-frisch.com\/fr\/wp-json\/wp\/v2\/pages"}],"about":[{"href":"https:\/\/ag-frisch.com\/fr\/wp-json\/wp\/v2\/types\/page"}],"author":[{"embeddable":true,"href":"https:\/\/ag-frisch.com\/fr\/wp-json\/wp\/v2\/users\/2"}],"replies":[{"embeddable":true,"href":"https:\/\/ag-frisch.com\/fr\/wp-json\/wp\/v2\/comments?post=11666"}],"version-history":[{"count":0,"href":"https:\/\/ag-frisch.com\/fr\/wp-json\/wp\/v2\/pages\/11666\/revisions"}],"wp:attachment":[{"href":"https:\/\/ag-frisch.com\/fr\/wp-json\/wp\/v2\/media?parent=11666"}],"curies":[{"name":"wp","href":"https:\/\/api.w.org\/{rel}","templated":true}]}}