{"id":11899,"date":"2022-07-21T19:59:09","date_gmt":"2022-07-21T17:59:09","guid":{"rendered":"https:\/\/ag-frisch.com\/analyse-des-regles-dimportation\/"},"modified":"2023-01-27T05:32:45","modified_gmt":"2023-01-27T04:32:45","slug":"analyse-des-regles-dimportation","status":"publish","type":"page","link":"https:\/\/ag-frisch.com\/fr\/analyse-des-regles-dimportation\/","title":{"rendered":"Analyse des r\u00e8gles d&#8217;importation"},"content":{"rendered":"<p>[et_pb_section fb_built=&#8221;1&#8243; _builder_version=&#8221;4.16&#8243; _module_preset=&#8221;default&#8221; global_colors_info=&#8221;{}&#8221;][et_pb_row _builder_version=&#8221;4.18.1&#8243; _module_preset=&#8221;default&#8221;][et_pb_column _builder_version=&#8221;4.18.1&#8243; _module_preset=&#8221;default&#8221; type=&#8221;4_4&#8243;][et_pb_cta title=&#8221;Analyse des importations&#8221; button_url=&#8221;https:\/\/ag-frisch.com\/fr\/contact\/&#8221; button_text=&#8221;R\u00e9server une consultation maintenant&#8221; _builder_version=&#8221;4.16&#8243; _module_preset=&#8221;default&#8221; global_colors_info=&#8221;{}&#8221; theme_builder_area=&#8221;post_content&#8221;]<\/p>\n<p>Gr\u00e2ce aux conseils de l&#8217;agence d&#8217;importation chinoise Frisch, nous r\u00e9pondons \u00e0 toutes vos questions sur les r\u00e8gles d&#8217;importation ou nous nous chargeons directement de l&#8217;analyse pour vous.<\/p>\n<p>[\/et_pb_cta][\/et_pb_column][\/et_pb_row][et_pb_row _builder_version=&#8221;4.16&#8243; _module_preset=&#8221;default&#8221; global_colors_info=&#8221;{}&#8221;][et_pb_column type=&#8221;4_4&#8243; _builder_version=&#8221;4.16&#8243; _module_preset=&#8221;default&#8221; global_colors_info=&#8221;{}&#8221;][et_pb_text admin_label=&#8221;H1&#8243; _builder_version=&#8221;4.18.1&#8243; _module_preset=&#8221;default&#8221; global_colors_info=&#8221;{}&#8221;]<\/p>\n<h1>R\u00e8gles d&#8217;importation en Chine : une analyse des importations directement par le professionnel<\/h1>\n<p>[\/et_pb_text][et_pb_text _builder_version=&#8221;4.16&#8243; _module_preset=&#8221;default&#8221; global_colors_info=&#8221;{}&#8221;]<\/p>\n<p><strong>Analyse des r\u00e8gles d&#8217;importation<\/strong><\/p>\n<p><strong>D\u00e9termination des r\u00e8gles d&#8217;importation pour votre importation<\/strong><\/p>\n<p>Les personnes qui vendent des marchandises en Allemagne doivent respecter de nombreuses r\u00e8gles. Cela vaut \u00e9galement pour les produits import\u00e9s. Pour le l\u00e9gislateur, vous \u00eates, en tant que metteur en circulation en Allemagne, sur un pied d&#8217;\u00e9galit\u00e9 avec le fabricant, et vous \u00eates responsable en cons\u00e9quence. Il est donc absolument n\u00e9cessaire de conna\u00eetre et de respecter les lois et r\u00e8glements applicables \u00e0 votre groupe de produits.<\/p>\n<p><strong>Vous ne pouvez pas importer sans respecter les lois et r\u00e8glements relatifs \u00e0 votre produit.<\/strong><\/p>\n<p>Il est indispensable de respecter toutes les r\u00e8gles et de faire \u00e9tablir tous les certificats dont vous avez besoin pour l&#8217;importation et la vente en Allemagne. En tant qu&#8217;importateur chinois exp\u00e9riment\u00e9, l&#8217;agence Frisch se charge volontiers de ce service pour vous. Nous vous recommandons les services suivants en cas d&#8217;importation par notre interm\u00e9diaire ou par un fournisseur tiers :<\/p>\n<ul>\n<li>Analyse des conditions applicables \u00e0 votre produit<\/li>\n<li>Recommandations d&#8217;action<\/li>\n<li>Contr\u00f4le des normes DIN<\/li>\n<li>Analyse des risques<\/li>\n<\/ul>\n<p>Nous ne soulignerons jamais assez l&#8217;importance du respect des dispositions l\u00e9gales pour la r\u00e9ussite d&#8217;une entreprise.<\/p>\n<p>&nbsp;<\/p>\n<p><strong>De quels certificats ai-je besoin pour importer de Chine ?<\/strong><\/p>\n<p>Les certificats dont vous avez besoin d\u00e9pendent du produit que vous souhaitez importer. Il existe une longue s\u00e9rie de certificats tr\u00e8s diff\u00e9rents pour diff\u00e9rents groupes de produits. Faites-vous conseiller d&#8217;urgence par nos soins pour ne pas faire d&#8217;erreur dans ce domaine.<\/p>\n<p>Les ordonnances que vous devez respecter, par exemple, sont entre autres<\/p>\n<ul>\n<li>Loi sur les piles<\/li>\n<li>Certification biologique<\/li>\n<li>Normes DIN<\/li>\n<li>Essai CEM (compatibilit\u00e9 \u00e9lectromagn\u00e9tique)<\/li>\n<li>Directive ERP (directive sur l&#8217;\u00e9coconception)<\/li>\n<li>Dispositions du LFGB<\/li>\n<li>Directive sur les machines<\/li>\n<li>Directive m\u00e9dicale<\/li>\n<li>v.m.<\/li>\n<\/ul>\n<p>&nbsp;<\/p>\n<p><strong>\u00c0 quoi dois-je faire attention lorsque j&#8217;importe de Chine ?<\/strong><\/p>\n<p>Vous devez absolument vous poser la question des certificats et des lois au cours de votre processus d&#8217;importation. Le cadre juridique est tr\u00e8s \u00e9troit, ce qui signifie qu&#8217;il n&#8217;y a pratiquement pas de produits ou d&#8217;aspects qui ne soient pas couverts par une quelconque l\u00e9gislation. N&#8217;essayez surtout pas d&#8217;importer des produits en esp\u00e9rant que &#8220;\u00e7a va bien se passer&#8221;. Cela conduit pratiquement toujours \u00e0 des \u00e9checs. Nous vous proposons \u00e0 la place un service de premi\u00e8re classe et fiable qui vous conseille parfaitement sur le th\u00e8me &#8220;De quels certificats ai-je besoin pour importer de Chine ? Nous analysons votre groupe de produits et d\u00e9terminons tous les documents et contr\u00f4les n\u00e9cessaires. De cette mani\u00e8re, vous \u00e9vitez les pertes et le stress.<\/p>\n<p>&nbsp;<\/p>\n<p><strong>Recommandations d&#8217;action claires pour votre produit d&#8217;importation concret<\/strong><\/p>\n<p>L&#8217;agence Frisch dispose d&#8217;une vaste exp\u00e9rience dans l&#8217;importation de marchandises diverses en Chine. Sur la base de notre analyse des r\u00e8gles d&#8217;importation, nous d\u00e9terminons pour vous ce que vous devez faire pour vous conformer aux dispositions l\u00e9gales. Ceci est diff\u00e9rent pour chaque produit. Nous connaissons la th\u00e9orie et la pratique et savons comment vous pouvez \u00eatre le plus en s\u00e9curit\u00e9 du point de vue juridique.<\/p>\n<p>&nbsp;<\/p>\n<p><strong>Contr\u00f4les plus pouss\u00e9s lors de l&#8217;importation en Chine<\/strong><\/p>\n<p>Lorsque l&#8217;on se pose la question &#8220;A quoi dois-je faire attention en important de Chine ?&#8221;, on tombe t\u00f4t ou tard sur des normes DIN. Les normes DIN sont des r\u00e8gles techniques reconnues qui sont \u00e9labor\u00e9es pour pratiquement toutes les marchandises. Les exigences relatives aux tournevis sont d\u00e9finies dans une norme DIN, tout comme les exigences relatives aux trains de marchandises, aux piscines ou aux grille-pain.<\/p>\n<p><strong>Nous recommandons de v\u00e9rifier les normes DIN pour votre produit.<\/strong><\/p>\n<p>Avec une analyse professionnelle, vous pouvez \u00eatre s\u00fbr des certificats dont vous avez besoin pour importer de Chine et des conditions que votre produit doit remplir.<\/p>\n<p>&nbsp;<\/p>\n<p><strong>Analyse des risques<\/strong><\/p>\n<p>L&#8217;analyse des r\u00e8gles d&#8217;importation et la clarification de la question &#8220;De quels certificats ai-je besoin pour importer de Chine ?&#8221; s&#8217;accompagnent g\u00e9n\u00e9ralement d&#8217;une analyse des risques. Nous pouvons soumettre vos produits \u00e0 des contr\u00f4les approfondis dans les laboratoires internes de notre filiale BEIDE &#8211; avant que les autorit\u00e9s ne le fassent en Allemagne.<\/p>\n<p>&nbsp;<\/p>\n<p><strong>Une analyse des r\u00e8gles d&#8217;importation, un examen des normes DIN et une analyse des risques font partie d&#8217;une importation r\u00e9ussie en Chine. Si vous avez des questions sur la conformit\u00e9, les certificats et l&#8217;importation depuis la Chine, n&#8217;h\u00e9sitez pas \u00e0 nous contacter. Les experts de l&#8217;agence Frisch se feront un plaisir de vous aider pour votre importation en Chine.  <\/strong><\/p>\n<p>[\/et_pb_text][\/et_pb_column][\/et_pb_row][\/et_pb_section][et_pb_section fb_built=&#8221;1&#8243; admin_label=&#8221;Testimonials&#8221; _builder_version=&#8221;4.16&#8243; use_background_color_gradient=&#8221;on&#8221; background_color_gradient_stops=&#8221;rgba(0,106,156,0.85) 0%|rgba(0,106,156,0.85) 100%&#8221; background_color_gradient_start=&#8221;rgba(0,106,156,0.85)&#8221; background_color_gradient_end=&#8221;rgba(0,106,156,0.85)&#8221; custom_padding=&#8221;90px||60px|&#8221; animation_style=&#8221;fold&#8221; animation_direction=&#8221;bottom&#8221; animation_intensity_fold=&#8221;4%&#8221; global_colors_info=&#8221;{}&#8221; theme_builder_area=&#8221;post_content&#8221;][et_pb_row _builder_version=&#8221;4.16&#8243; background_size=&#8221;initial&#8221; background_position=&#8221;top_left&#8221; background_repeat=&#8221;repeat&#8221; custom_width_px=&#8221;710px&#8221; locked=&#8221;off&#8221; global_colors_info=&#8221;{}&#8221; theme_builder_area=&#8221;post_content&#8221;][et_pb_column type=&#8221;4_4&#8243; _builder_version=&#8221;4.16&#8243; background_position=&#8221;top_left&#8221; custom_padding=&#8221;|||&#8221; global_colors_info=&#8221;{}&#8221; custom_padding__hover=&#8221;|||&#8221; theme_builder_area=&#8221;post_content&#8221;][et_pb_text admin_label=&#8221;Testimonials Section Title&#8221; _builder_version=&#8221;4.16&#8243; header_font=&#8221;Montserrat||||&#8221; header_font_size=&#8221;36px&#8221; background_size=&#8221;initial&#8221; background_position=&#8221;top_left&#8221; background_repeat=&#8221;repeat&#8221; text_orientation=&#8221;center&#8221; background_layout=&#8221;dark&#8221; max_width=&#8221;710px&#8221; module_alignment=&#8221;center&#8221; animation_style=&#8221;fold&#8221; animation_direction=&#8221;bottom&#8221; animation_intensity_fold=&#8221;20%&#8221; global_colors_info=&#8221;{}&#8221; theme_builder_area=&#8221;post_content&#8221;]<\/p>\n<h1>Plus de 5000 clients satisfaits.<\/h1>\n<p>&nbsp;<\/p>\n<p>[\/et_pb_text][et_pb_divider color=&#8221;#ffffff&#8221; divider_weight=&#8221;3px&#8221; disabled_on=&#8221;off|off|off&#8221; _builder_version=&#8221;4.16&#8243; background_color_gradient_direction=&#8221;90deg&#8221; max_width=&#8221;100px&#8221; module_alignment=&#8221;center&#8221; height=&#8221;5px&#8221; custom_margin=&#8221;||20px|&#8221; custom_padding=&#8221;||20px|&#8221; animation_style=&#8221;slide&#8221; animation_direction=&#8221;bottom&#8221; saved_tabs=&#8221;all&#8221; locked=&#8221;off&#8221; global_colors_info=&#8221;{}&#8221; theme_builder_area=&#8221;post_content&#8221;][\/et_pb_divider][\/et_pb_column][\/et_pb_row][et_pb_row column_structure=&#8221;1_2,1_2&#8243; _builder_version=&#8221;4.18.1&#8243; _module_preset=&#8221;default&#8221; global_colors_info=&#8221;{}&#8221; theme_builder_area=&#8221;post_content&#8221;][et_pb_column type=&#8221;1_2&#8243; _builder_version=&#8221;4.18.1&#8243; _module_preset=&#8221;default&#8221; global_colors_info=&#8221;{}&#8221; theme_builder_area=&#8221;post_content&#8221;][et_pb_testimonial author=&#8221;Marco&#8221; portrait_url=&#8221;https:\/\/ag-frisch.com\/wp-content\/uploads\/2021\/08\/Harald.png&#8221; quote_icon=&#8221;off&#8221; _builder_version=&#8221;4.18.1&#8243; _module_preset=&#8221;default&#8221; body_font_size=&#8221;16px&#8221; use_background_color=&#8221;off&#8221; background_layout=&#8221;dark&#8221; global_colors_info=&#8221;{}&#8221; theme_builder_area=&#8221;post_content&#8221;]J&#8217;ai demand\u00e9 \u00e0 l&#8217;agence Frisch de faire produire un meuble de grande taille en Chine et de le transf\u00e9rer ensuite en Allemagne. La communication par e-mail a \u00e9t\u00e9 fluide tout au long du processus ! Des r\u00e9ponses tr\u00e8s rapides et fiables m&#8217;ont apport\u00e9 en permanence les garanties indispensables \u00e0 une telle entreprise. J&#8217;ai toujours \u00e9t\u00e9 aid\u00e9 dans la jungle bureaucratique et aucun formulaire n&#8217;a \u00e9t\u00e9 oubli\u00e9 ou mal rempli. Tr\u00e8s louable !<a href=\"&lt;div%20class=%22pe-richsnippets%22&gt;&nbsp;&lt;\/div&gt;%20&lt;script%20type=%22text\/javascript%22%20src=%22https:\/\/www.provenexpert.com\/widget\/richsnippet.js?u=1NUA0VwZ4RUZ5tmAi5zA4RaplNKAlWwZ&amp;v=2%22%20async&gt;&lt;\/script&gt;%20&lt;div%20style=%22text-align:%20justify;%22&gt;&lt;br%20\/&gt;\"><\/a><\/p>\n<div class=\"brow ratingBarMargin\">\n<div class=\"ratingBar\">\n<div class=\"brow\">\n<div class=\"pe-richsnippets\">&nbsp;<\/div>\n<p><script type=\"text\/javascript\" src=\"https:\/\/www.provenexpert.com\/widget\/richsnippet.js?u=1NUA0VwZ4RUZ5tmAi5zA4RaplNKAlWwZ&amp;v=2\" async=\"\"><\/script><\/p>\n<div style=\"text-align: justify;\"><\/p>\n<div class=\"col-lg-9 col-md-8 col-xs-10 mt20 mb20\">\n<div class=\"col-xs-12 surveyNameForRating\"><\/div>\n<\/div>\n<\/div>\n<\/div>\n<\/div>\n<\/div>\n<p>[\/et_pb_testimonial][\/et_pb_column][et_pb_column type=&#8221;1_2&#8243; _builder_version=&#8221;4.18.1&#8243; _module_preset=&#8221;default&#8221; global_colors_info=&#8221;{}&#8221; theme_builder_area=&#8221;post_content&#8221;][et_pb_testimonial author=&#8221;Simone L.&#8221; portrait_url=&#8221;https:\/\/ag-frisch.com\/wp-content\/uploads\/2021\/08\/Harald.png&#8221; quote_icon=&#8221;off&#8221; _builder_version=&#8221;4.18.1&#8243; _module_preset=&#8221;default&#8221; body_font_size=&#8221;16px&#8221; use_background_color=&#8221;off&#8221; background_layout=&#8221;dark&#8221; global_colors_info=&#8221;{}&#8221; theme_builder_area=&#8221;post_content&#8221;]<\/p>\n<p>Tout est au top. On ne peut pas faire mieux. On ne peut pas faire mieux en mati\u00e8re de conseil et de r\u00e9alisation. Apr\u00e8s avoir pass\u00e9 plusieurs commandes aupr\u00e8s de cette entreprise, nous sommes plus que satisfaits et poursuivons notre collaboration.<\/p>\n<div class=\"brow ratingBarMargin\">\n<div class=\"ratingBar\">\n<div class=\"brow\">\n<div class=\"pe-richsnippets\"> <\/div>\n<p>\n<script type=\"text\/javascript\" src=\"https:\/\/www.provenexpert.com\/widget\/richsnippet.js?u=1NUA0VwZ4RUZ5tmAi5zA4RaplNKAlWwZ&amp;v=2\" async=\"\"><\/script>\n<\/p>\n<div style=\"text-align: justify;\">\n<p>&nbsp;<\/p>\n<div class=\"col-lg-9 col-md-8 col-xs-10 mt20 mb20\">\n<div class=\"col-xs-12 surveyNameForRating\"><\/div>\n<\/div>\n<\/div>\n<\/div>\n<\/div>\n<\/div>\n<p>[\/et_pb_testimonial][\/et_pb_column][\/et_pb_row][et_pb_row _builder_version=&#8221;4.16&#8243; background_size=&#8221;initial&#8221; background_position=&#8221;top_left&#8221; background_repeat=&#8221;repeat&#8221; custom_padding=&#8221;50px|0px|30px|0px&#8221; custom_css_main_element=&#8221;text-align: center;&#8221; global_colors_info=&#8221;{}&#8221; theme_builder_area=&#8221;post_content&#8221;][et_pb_column type=&#8221;4_4&#8243; _builder_version=&#8221;4.16&#8243; custom_padding=&#8221;|||&#8221; global_colors_info=&#8221;{}&#8221; custom_padding__hover=&#8221;|||&#8221; theme_builder_area=&#8221;post_content&#8221;][et_pb_button button_url=&#8221;https:\/\/www.provenexpert.com\/de-de\/agentur-frisch-international-consulting-gmbh-und-co-kg\/&#8221; button_text=&#8221;PLUS D&#039;AVIS&#8221; button_alignment=&#8221;left&#8221; admin_label=&#8221;Testimonial Button&#8221; _builder_version=&#8221;4.16&#8243; custom_button=&#8221;on&#8221; button_text_size=&#8221;18px&#8221; button_text_color=&#8221;#ffffff&#8221; button_bg_color=&#8221;#6eba01&#8243; button_border_width=&#8221;2px&#8221; button_border_color=&#8221;#6eba01&#8243; button_border_radius=&#8221;0px&#8221; button_letter_spacing=&#8221;2px&#8221; button_font=&#8221;Montserrat|||on|&#8221; button_use_icon=&#8221;off&#8221; animation_style=&#8221;fold&#8221; animation_direction=&#8221;bottom&#8221; button_text_color_hover=&#8221;#ffffff&#8221; button_border_color_hover=&#8221;#ffffff&#8221; button_border_radius_hover=&#8221;0px&#8221; button_letter_spacing_hover=&#8221;2px&#8221; button_bg_color_hover=&#8221;rgba(255,255,255,0)&#8221; locked=&#8221;off&#8221; global_colors_info=&#8221;{}&#8221; button_text_size__hover_enabled=&#8221;off&#8221; button_one_text_size__hover_enabled=&#8221;off&#8221; button_two_text_size__hover_enabled=&#8221;off&#8221; button_text_color__hover_enabled=&#8221;on&#8221; button_text_color__hover=&#8221;#ffffff&#8221; button_one_text_color__hover_enabled=&#8221;off&#8221; button_two_text_color__hover_enabled=&#8221;off&#8221; button_border_width__hover_enabled=&#8221;off&#8221; button_one_border_width__hover_enabled=&#8221;off&#8221; button_two_border_width__hover_enabled=&#8221;off&#8221; button_border_color__hover_enabled=&#8221;on&#8221; button_border_color__hover=&#8221;#ffffff&#8221; button_one_border_color__hover_enabled=&#8221;off&#8221; button_two_border_color__hover_enabled=&#8221;off&#8221; button_border_radius__hover_enabled=&#8221;on&#8221; button_border_radius__hover=&#8221;0px&#8221; button_one_border_radius__hover_enabled=&#8221;off&#8221; button_two_border_radius__hover_enabled=&#8221;off&#8221; button_letter_spacing__hover_enabled=&#8221;on&#8221; button_letter_spacing__hover=&#8221;2px&#8221; button_one_letter_spacing__hover_enabled=&#8221;off&#8221; button_two_letter_spacing__hover_enabled=&#8221;off&#8221; button_bg_color__hover_enabled=&#8221;on&#8221; button_bg_color__hover=&#8221;rgba(255,255,255,0)&#8221; button_one_bg_color__hover_enabled=&#8221;off&#8221; button_two_bg_color__hover_enabled=&#8221;off&#8221; theme_builder_area=&#8221;post_content&#8221;][\/et_pb_button][\/et_pb_column][\/et_pb_row][\/et_pb_section]<\/p>\n","protected":false},"excerpt":{"rendered":"<p>Gr\u00e2ce aux conseils de l&#8217;agence d&#8217;importation chinoise Frisch, nous r\u00e9pondons \u00e0 toutes vos questions sur les r\u00e8gles d&#8217;importation ou nous nous chargeons directement de l&#8217;analyse pour vous.R\u00e8gles d&#8217;importation en Chine : une analyse des importations directement par le professionnelAnalyse des r\u00e8gles d&#8217;importation D\u00e9termination des r\u00e8gles d&#8217;importation pour votre importation Les personnes qui vendent des marchandises [&hellip;]<\/p>\n","protected":false},"author":2,"featured_media":0,"parent":0,"menu_order":0,"comment_status":"closed","ping_status":"closed","template":"","meta":{"_et_pb_use_builder":"on","_et_pb_old_content":"","_et_gb_content_width":"","footnotes":""},"class_list":["post-11899","page","type-page","status-publish","hentry"],"yoast_head":"<!-- This site is optimized with the Yoast SEO plugin v27.4 - https:\/\/yoast.com\/product\/yoast-seo-wordpress\/ -->\n<title>R\u00e8gles d&#039;importation en Chine | Analyse d&#039;experts<\/title>\n<meta name=\"description\" content=\"Analyse des r\u00e8gles d&#039;importation pour la Chine \u25ba D\u00e9termination individuelle des r\u00e8gles d&#039;importation \u25ba Analyse des besoins &amp; des risques par des experts exp\u00e9riment\u00e9s \u25ba Demandez conseil maintenant !\" \/>\n<meta name=\"robots\" content=\"noindex, follow\" \/>\n<meta property=\"og:locale\" content=\"fr_FR\" \/>\n<meta property=\"og:type\" content=\"article\" \/>\n<meta property=\"og:title\" content=\"R\u00e8gles d&#039;importation en Chine | Analyse d&#039;experts\" \/>\n<meta property=\"og:description\" content=\"Analyse des r\u00e8gles d&#039;importation pour la Chine \u25ba D\u00e9termination individuelle des r\u00e8gles d&#039;importation \u25ba Analyse des besoins &amp; des risques par des experts exp\u00e9riment\u00e9s \u25ba Demandez conseil maintenant !\" \/>\n<meta property=\"og:url\" content=\"https:\/\/ag-frisch.com\/fr\/analyse-des-regles-dimportation\/\" \/>\n<meta property=\"og:site_name\" content=\"China Import Beratung f\u00fcr den Einkauf aus China\" \/>\n<meta property=\"article:publisher\" content=\"https:\/\/www.facebook.com\/China.Import\" \/>\n<meta property=\"article:modified_time\" content=\"2023-01-27T04:32:45+00:00\" \/>\n<meta name=\"twitter:card\" content=\"summary_large_image\" \/>\n<meta name=\"twitter:site\" content=\"@agenturfrisch\" \/>\n<meta name=\"twitter:label1\" content=\"Dur\u00e9e de lecture estim\u00e9e\" \/>\n\t<meta name=\"twitter:data1\" content=\"9 minutes\" \/>\n<script type=\"application\/ld+json\" class=\"yoast-schema-graph\">{\"@context\":\"https:\\\/\\\/schema.org\",\"@graph\":[{\"@type\":\"WebPage\",\"@id\":\"https:\\\/\\\/ag-frisch.com\\\/fr\\\/analyse-des-regles-dimportation\\\/\",\"url\":\"https:\\\/\\\/ag-frisch.com\\\/fr\\\/analyse-des-regles-dimportation\\\/\",\"name\":\"R\u00e8gles d'importation en Chine | Analyse d'experts\",\"isPartOf\":{\"@id\":\"https:\\\/\\\/ag-frisch.com\\\/de\\\/#website\"},\"datePublished\":\"2022-07-21T17:59:09+00:00\",\"dateModified\":\"2023-01-27T04:32:45+00:00\",\"description\":\"Analyse des r\u00e8gles d'importation pour la Chine \u25ba D\u00e9termination individuelle des r\u00e8gles d'importation \u25ba Analyse des besoins & des risques par des experts exp\u00e9riment\u00e9s \u25ba Demandez conseil maintenant !\",\"breadcrumb\":{\"@id\":\"https:\\\/\\\/ag-frisch.com\\\/fr\\\/analyse-des-regles-dimportation\\\/#breadcrumb\"},\"inLanguage\":\"fr-FR\",\"potentialAction\":[{\"@type\":\"ReadAction\",\"target\":[\"https:\\\/\\\/ag-frisch.com\\\/fr\\\/analyse-des-regles-dimportation\\\/\"]}]},{\"@type\":\"BreadcrumbList\",\"@id\":\"https:\\\/\\\/ag-frisch.com\\\/fr\\\/analyse-des-regles-dimportation\\\/#breadcrumb\",\"itemListElement\":[{\"@type\":\"ListItem\",\"position\":1,\"name\":\"Startseite\",\"item\":\"https:\\\/\\\/ag-frisch.com\\\/de\\\/\"},{\"@type\":\"ListItem\",\"position\":2,\"name\":\"Analyse des r\u00e8gles d&#8217;importation\"}]},{\"@type\":\"WebSite\",\"@id\":\"https:\\\/\\\/ag-frisch.com\\\/de\\\/#website\",\"url\":\"https:\\\/\\\/ag-frisch.com\\\/de\\\/\",\"name\":\"China Import Beratung f\u00fcr den Einkauf aus China\",\"description\":\"China Import &amp; Export Beratung - Der Dienstleister Ihres Vertrauens f\u00fcr Ihren China Import\",\"publisher\":{\"@id\":\"https:\\\/\\\/ag-frisch.com\\\/de\\\/#organization\"},\"potentialAction\":[{\"@type\":\"SearchAction\",\"target\":{\"@type\":\"EntryPoint\",\"urlTemplate\":\"https:\\\/\\\/ag-frisch.com\\\/de\\\/?s={search_term_string}\"},\"query-input\":{\"@type\":\"PropertyValueSpecification\",\"valueRequired\":true,\"valueName\":\"search_term_string\"}}],\"inLanguage\":\"fr-FR\"},{\"@type\":\"Organization\",\"@id\":\"https:\\\/\\\/ag-frisch.com\\\/de\\\/#organization\",\"name\":\"Agentur Frisch International Consulting GmbH & Co. KG\",\"url\":\"https:\\\/\\\/ag-frisch.com\\\/de\\\/\",\"logo\":{\"@type\":\"ImageObject\",\"inLanguage\":\"fr-FR\",\"@id\":\"https:\\\/\\\/ag-frisch.com\\\/de\\\/#\\\/schema\\\/logo\\\/image\\\/\",\"url\":\"https:\\\/\\\/ag-frisch.com\\\/wp-content\\\/uploads\\\/2021\\\/08\\\/ag_logo_rgb_300_small.png\",\"contentUrl\":\"https:\\\/\\\/ag-frisch.com\\\/wp-content\\\/uploads\\\/2021\\\/08\\\/ag_logo_rgb_300_small.png\",\"width\":153,\"height\":102,\"caption\":\"Agentur Frisch International Consulting GmbH & Co. KG\"},\"image\":{\"@id\":\"https:\\\/\\\/ag-frisch.com\\\/de\\\/#\\\/schema\\\/logo\\\/image\\\/\"},\"sameAs\":[\"https:\\\/\\\/www.facebook.com\\\/China.Import\",\"https:\\\/\\\/x.com\\\/agenturfrisch\"]}]}<\/script>\n<!-- \/ Yoast SEO plugin. -->","yoast_head_json":{"title":"R\u00e8gles d'importation en Chine | Analyse d'experts","description":"Analyse des r\u00e8gles d'importation pour la Chine \u25ba D\u00e9termination individuelle des r\u00e8gles d'importation \u25ba Analyse des besoins & des risques par des experts exp\u00e9riment\u00e9s \u25ba Demandez conseil maintenant !","robots":{"index":"noindex","follow":"follow"},"og_locale":"fr_FR","og_type":"article","og_title":"R\u00e8gles d'importation en Chine | Analyse d'experts","og_description":"Analyse des r\u00e8gles d'importation pour la Chine \u25ba D\u00e9termination individuelle des r\u00e8gles d'importation \u25ba Analyse des besoins & des risques par des experts exp\u00e9riment\u00e9s \u25ba Demandez conseil maintenant !","og_url":"https:\/\/ag-frisch.com\/fr\/analyse-des-regles-dimportation\/","og_site_name":"China Import Beratung f\u00fcr den Einkauf aus China","article_publisher":"https:\/\/www.facebook.com\/China.Import","article_modified_time":"2023-01-27T04:32:45+00:00","twitter_card":"summary_large_image","twitter_site":"@agenturfrisch","twitter_misc":{"Dur\u00e9e de lecture estim\u00e9e":"9 minutes"},"schema":{"@context":"https:\/\/schema.org","@graph":[{"@type":"WebPage","@id":"https:\/\/ag-frisch.com\/fr\/analyse-des-regles-dimportation\/","url":"https:\/\/ag-frisch.com\/fr\/analyse-des-regles-dimportation\/","name":"R\u00e8gles d'importation en Chine | Analyse d'experts","isPartOf":{"@id":"https:\/\/ag-frisch.com\/de\/#website"},"datePublished":"2022-07-21T17:59:09+00:00","dateModified":"2023-01-27T04:32:45+00:00","description":"Analyse des r\u00e8gles d'importation pour la Chine \u25ba D\u00e9termination individuelle des r\u00e8gles d'importation \u25ba Analyse des besoins & des risques par des experts exp\u00e9riment\u00e9s \u25ba Demandez conseil maintenant !","breadcrumb":{"@id":"https:\/\/ag-frisch.com\/fr\/analyse-des-regles-dimportation\/#breadcrumb"},"inLanguage":"fr-FR","potentialAction":[{"@type":"ReadAction","target":["https:\/\/ag-frisch.com\/fr\/analyse-des-regles-dimportation\/"]}]},{"@type":"BreadcrumbList","@id":"https:\/\/ag-frisch.com\/fr\/analyse-des-regles-dimportation\/#breadcrumb","itemListElement":[{"@type":"ListItem","position":1,"name":"Startseite","item":"https:\/\/ag-frisch.com\/de\/"},{"@type":"ListItem","position":2,"name":"Analyse des r\u00e8gles d&#8217;importation"}]},{"@type":"WebSite","@id":"https:\/\/ag-frisch.com\/de\/#website","url":"https:\/\/ag-frisch.com\/de\/","name":"China Import Beratung f\u00fcr den Einkauf aus China","description":"China Import &amp; Export Beratung - Der Dienstleister Ihres Vertrauens f\u00fcr Ihren China Import","publisher":{"@id":"https:\/\/ag-frisch.com\/de\/#organization"},"potentialAction":[{"@type":"SearchAction","target":{"@type":"EntryPoint","urlTemplate":"https:\/\/ag-frisch.com\/de\/?s={search_term_string}"},"query-input":{"@type":"PropertyValueSpecification","valueRequired":true,"valueName":"search_term_string"}}],"inLanguage":"fr-FR"},{"@type":"Organization","@id":"https:\/\/ag-frisch.com\/de\/#organization","name":"Agentur Frisch International Consulting GmbH & Co. KG","url":"https:\/\/ag-frisch.com\/de\/","logo":{"@type":"ImageObject","inLanguage":"fr-FR","@id":"https:\/\/ag-frisch.com\/de\/#\/schema\/logo\/image\/","url":"https:\/\/ag-frisch.com\/wp-content\/uploads\/2021\/08\/ag_logo_rgb_300_small.png","contentUrl":"https:\/\/ag-frisch.com\/wp-content\/uploads\/2021\/08\/ag_logo_rgb_300_small.png","width":153,"height":102,"caption":"Agentur Frisch International Consulting GmbH & Co. KG"},"image":{"@id":"https:\/\/ag-frisch.com\/de\/#\/schema\/logo\/image\/"},"sameAs":["https:\/\/www.facebook.com\/China.Import","https:\/\/x.com\/agenturfrisch"]}]}},"_links":{"self":[{"href":"https:\/\/ag-frisch.com\/fr\/wp-json\/wp\/v2\/pages\/11899","targetHints":{"allow":["GET"]}}],"collection":[{"href":"https:\/\/ag-frisch.com\/fr\/wp-json\/wp\/v2\/pages"}],"about":[{"href":"https:\/\/ag-frisch.com\/fr\/wp-json\/wp\/v2\/types\/page"}],"author":[{"embeddable":true,"href":"https:\/\/ag-frisch.com\/fr\/wp-json\/wp\/v2\/users\/2"}],"replies":[{"embeddable":true,"href":"https:\/\/ag-frisch.com\/fr\/wp-json\/wp\/v2\/comments?post=11899"}],"version-history":[{"count":0,"href":"https:\/\/ag-frisch.com\/fr\/wp-json\/wp\/v2\/pages\/11899\/revisions"}],"wp:attachment":[{"href":"https:\/\/ag-frisch.com\/fr\/wp-json\/wp\/v2\/media?parent=11899"}],"curies":[{"name":"wp","href":"https:\/\/api.w.org\/{rel}","templated":true}]}}