{"id":11968,"date":"2022-05-09T23:19:31","date_gmt":"2022-05-09T21:19:31","guid":{"rendered":"https:\/\/ag-frisch.com\/produits-de-bien-etre-en-provenance-de-chine\/"},"modified":"2023-01-27T05:41:57","modified_gmt":"2023-01-27T04:41:57","slug":"produits-de-bien-etre-en-provenance-de-chine","status":"publish","type":"page","link":"https:\/\/ag-frisch.com\/fr\/produits-de-bien-etre-en-provenance-de-chine\/","title":{"rendered":"Produits de bien-\u00eatre en provenance de Chine"},"content":{"rendered":"<p>[et_pb_section fb_built=&#8221;1&#8243; _builder_version=&#8221;4.16&#8243; _module_preset=&#8221;default&#8221; global_colors_info=&#8221;{}&#8221;][et_pb_row _builder_version=&#8221;4.18.1&#8243; _module_preset=&#8221;default&#8221; global_colors_info=&#8221;{}&#8221;][et_pb_column type=&#8221;4_4&#8243; _builder_version=&#8221;4.18.1&#8243; _module_preset=&#8221;default&#8221; global_colors_info=&#8221;{}&#8221;][et_pb_cta title=&#8221;Conseil en importation de Chine&#8221; button_url=&#8221;https:\/\/ag-frisch.com\/fr\/contact\/&#8221; button_text=&#8221;R\u00e9server une consultation maintenant&#8221; _builder_version=&#8221;4.16&#8243; _module_preset=&#8221;default&#8221; global_colors_info=&#8221;{}&#8221;]<\/p>\n<p>Gr\u00e2ce aux conseils de l&#8217;agence d&#8217;importation chinoise Frisch, vous r\u00e9ussirez vos affaires en Chine comme les professionnels.  <\/p>\n<p>[\/et_pb_cta][\/et_pb_column][\/et_pb_row][et_pb_row _builder_version=&#8221;4.16&#8243; _module_preset=&#8221;default&#8221; global_colors_info=&#8221;{}&#8221;][et_pb_column type=&#8221;4_4&#8243; _builder_version=&#8221;4.16&#8243; _module_preset=&#8221;default&#8221; global_colors_info=&#8221;{}&#8221;][et_pb_text _builder_version=&#8221;4.16&#8243; _module_preset=&#8221;default&#8221; global_colors_info=&#8221;{}&#8221;]<\/p>\n<h3><strong>Produits de bien-\u00eatre et de beaut\u00e9 en provenance de Chine<\/strong><\/h3>\n<p><strong>Importer de Chine tout ce qui concerne la beaut\u00e9 et le bien-\u00eatre<\/strong><\/p>\n<p>Pour \u00eatre belle, il n&#8217;est pas n\u00e9cessaire de souffrir &#8211; on peut tout simplement importer des produits de bien-\u00eatre et de beaut\u00e9 de Chine. \u00c0 des prix qui ne font pas mal, c&#8217;est garanti. L&#8217;agence Frisch propose aux grossistes, aux d\u00e9taillants et aux vendeurs en ligne d&#8217;acheter \u00e0 bas prix et en toute s\u00e9curit\u00e9 des produits de qualit\u00e9 sup\u00e9rieure dans le domaine du bien-\u00eatre et des cosm\u00e9tiques en provenance de Chine. Gr\u00e2ce \u00e0 notre longue exp\u00e9rience, nous mettons en relation des partenaires commerciaux de haut niveau qui connaissent l&#8217;importance de la fiabilit\u00e9 et de la qualit\u00e9, tout en offrant des prix d\u00e9fiant toute concurrence. Ainsi, personne ne doit souffrir. C&#8217;est promis.<\/p>\n<p>&nbsp;<\/p>\n<p><strong>Cosm\u00e9tiques de Chine &#8211; bon march\u00e9, test\u00e9s et de haute qualit\u00e9<\/strong><\/p>\n<p>Vous voulez enthousiasmer vos clients avec vos produits cosm\u00e9tiques ? Et ne pas d\u00e9penser des sommes folles \u00e0 l&#8217;achat pour cela ? Nous vous proposons la solution id\u00e9ale. L&#8217;importation de cosm\u00e9tiques depuis la Chine est simple et s\u00fbre, \u00e0 condition de choisir le bon partenaire commercial &#8211; l&#8217;agence Frisch. D&#8217;innombrables clients r\u00e9guliers satisfaits dans tous les groupes de produits en disent long. Profitez-en vous aussi si vous importez des cosm\u00e9tiques de Chine directement du fabricant.<\/p>\n<p>Nous pouvons entre autres vous faire livrer les produits suivants dans ce segment :<\/p>\n<ul>\n<li>Maquillage, fonds de teint, poudres<\/li>\n<li>Baume \u00e0 l\u00e8vres, rouge \u00e0 l\u00e8vres, crayon \u00e0 contours<\/li>\n<li>Cils artificiels, mascara, recourbe-cils<\/li>\n<li>Parfums, lotions et huiles corporelles<\/li>\n<li>Fournitures pour manucure et p\u00e9dicure<\/li>\n<li>Cr\u00e8mes de jour et cr\u00e8mes antirides<\/li>\n<li>Protection solaire et autobronzant<\/li>\n<\/ul>\n<p><strong>Nous faisons du monde un endroit plus beau &#8211; avec un maquillage g\u00e9nial et bon march\u00e9 de Chine.<\/strong><\/p>\n<p>&nbsp;<\/p>\n<p><strong>Pour la s\u00e9curit\u00e9 et le bien-\u00eatre : les produits de bien-\u00eatre de Chine<\/strong><\/p>\n<p>Peu de domaines ont connu r\u00e9cemment un tel essor que celui du bien-\u00eatre ; le d\u00e9sir de bien-\u00eatre personnel en Allemagne est de plus en plus grand. Cela ouvre \u00e9galement de nouvelles opportunit\u00e9s de march\u00e9. Que vous souhaitiez vous lancer ou que vous ayez d\u00e9j\u00e0 des marques et de l&#8217;exp\u00e9rience dans ce domaine, l&#8217;agence Frisch est votre interlocuteur id\u00e9al pour le d\u00e9veloppement commercial par le biais du commerce ext\u00e9rieur. Nous vous offrons le contact avec des partenaires commerciaux de premier ordre et fiables en Chine, avec lesquels vous pouvez r\u00e9aliser vos importations chinoises de mani\u00e8re lucrative et sans probl\u00e8me.<\/p>\n<p>De la table de massage aux lampes infrarouges, en passant par les couvertures chauffantes, les accessoires de sauna et bien d&#8217;autres choses encore, vous pouvez tout acheter chez nous en grandes quantit\u00e9s directement aupr\u00e8s du fabricant en Chine : Nous vous proposons des produits de bien-\u00eatre en provenance de Chine \u00e0 des prix extr\u00eamement int\u00e9ressants et de la meilleure qualit\u00e9.<\/p>\n<p>&nbsp;<\/p>\n<p><strong>Importer des moyens auxiliaires et des dispositifs m\u00e9dicaux de Chine &#8211; test\u00e9 et s\u00fbr<\/strong><\/p>\n<p>Dans le domaine des moyens auxiliaires et des dispositifs m\u00e9dicaux, des r\u00e9ductions de co\u00fbts sont \u00e9galement r\u00e9alisables gr\u00e2ce aux importations chinoises. Dans ce contexte, nous accordons une importance particuli\u00e8re \u00e0 la mise en relation avec des fabricants s\u00e9rieux qui r\u00e9pondent aux exigences allemandes \u00e9lev\u00e9es en mati\u00e8re d&#8217;aides et de dispositifs m\u00e9dicaux en provenance de Chine. Nous effectuons nos propres tests dans nos laboratoires d&#8217;essai et \u00e9vitons ainsi les mauvaises surprises et les dommages co\u00fbteux. Si vous achetez des aides et des dispositifs m\u00e9dicaux en Chine par l&#8217;interm\u00e9diaire de l&#8217;agence Frisch, vous pouvez \u00eatre s\u00fbr qu&#8217;il n&#8217;y aura pas de probl\u00e8mes de contr\u00f4le de qualit\u00e9, d&#8217;importation douani\u00e8re ou de recours ult\u00e9rieurs. Nous voulons combiner les prix les plus bas avec la meilleure qualit\u00e9. Nous y parvenons gr\u00e2ce \u00e0 notre vaste exp\u00e9rience et \u00e0 nos relations commerciales de pointe.<\/p>\n<p>Obtenez par notre interm\u00e9diaire, par exemple<\/p>\n<ul>\n<li>Pansements et bandages<\/li>\n<li>Produits orthop\u00e9diques et auxiliaires<\/li>\n<li>Fauteuils roulants, d\u00e9ambulateurs, proth\u00e8ses<\/li>\n<li>Fournitures pour diab\u00e9tiques, tests de d\u00e9pistage de drogues, tests rapides Corona<\/li>\n<li>Sporttapes<\/li>\n<li>Optique des yeux<\/li>\n<\/ul>\n<p>&nbsp;<\/p>\n<p><strong>Le meilleur service pour vos importations de Chine : Agence Frisch<\/strong><\/p>\n<p>Contactez-nous et nous verrons ensemble quelles prestations de l&#8217;agence Frisch sont susceptibles de vous int\u00e9resser. Nous vous proposons toutes les prestations relatives \u00e0 votre importation de produits de bien-\u00eatre et de cosm\u00e9tiques en provenance de Chine, de l&#8217;analyse des besoins au stockage en Allemagne, en passant par la recherche de fabricants et les n\u00e9gociations contractuelles, le contr\u00f4le qualit\u00e9 et la logistique de transport.<\/p>\n<p>&nbsp;<\/p>\n<p><strong>Nous nous r\u00e9jouissons de pouvoir bient\u00f4t vous compter parmi nos clients r\u00e9guliers satisfaits !<\/strong><\/p>\n<p>[\/et_pb_text][\/et_pb_column][\/et_pb_row][\/et_pb_section][et_pb_section fb_built=&#8221;1&#8243; admin_label=&#8221;Testimonials&#8221; _builder_version=&#8221;4.16&#8243; use_background_color_gradient=&#8221;on&#8221; background_color_gradient_stops=&#8221;rgba(0,106,156,0.85) 0%|rgba(0,106,156,0.85) 100%&#8221; background_color_gradient_start=&#8221;rgba(0,106,156,0.85)&#8221; background_color_gradient_end=&#8221;rgba(0,106,156,0.85)&#8221; custom_padding=&#8221;90px||60px|&#8221; animation_style=&#8221;fold&#8221; animation_direction=&#8221;bottom&#8221; animation_intensity_fold=&#8221;4%&#8221; global_colors_info=&#8221;{}&#8221;][et_pb_row _builder_version=&#8221;4.16&#8243; background_size=&#8221;initial&#8221; background_position=&#8221;top_left&#8221; background_repeat=&#8221;repeat&#8221; custom_width_px=&#8221;710px&#8221; locked=&#8221;off&#8221; global_colors_info=&#8221;{}&#8221;][et_pb_column type=&#8221;4_4&#8243; _builder_version=&#8221;4.16&#8243; background_position=&#8221;top_left&#8221; custom_padding=&#8221;|||&#8221; global_colors_info=&#8221;{}&#8221; custom_padding__hover=&#8221;|||&#8221;][et_pb_text admin_label=&#8221;Testimonials Section Title&#8221; _builder_version=&#8221;4.16&#8243; header_font=&#8221;Montserrat||||&#8221; header_font_size=&#8221;36px&#8221; background_size=&#8221;initial&#8221; background_position=&#8221;top_left&#8221; background_repeat=&#8221;repeat&#8221; text_orientation=&#8221;center&#8221; background_layout=&#8221;dark&#8221; max_width=&#8221;710px&#8221; module_alignment=&#8221;center&#8221; animation_style=&#8221;fold&#8221; animation_direction=&#8221;bottom&#8221; animation_intensity_fold=&#8221;20%&#8221; global_colors_info=&#8221;{}&#8221;]<\/p>\n<h1>Plus de 5000 clients satisfaits.<\/h1>\n<p>&nbsp;<\/p>\n<p>[\/et_pb_text][et_pb_divider color=&#8221;#ffffff&#8221; divider_weight=&#8221;3px&#8221; disabled_on=&#8221;off|off|off&#8221; _builder_version=&#8221;4.16&#8243; background_color_gradient_direction=&#8221;90deg&#8221; max_width=&#8221;100px&#8221; module_alignment=&#8221;center&#8221; height=&#8221;5px&#8221; custom_margin=&#8221;||20px|&#8221; custom_padding=&#8221;||20px|&#8221; animation_style=&#8221;slide&#8221; animation_direction=&#8221;bottom&#8221; saved_tabs=&#8221;all&#8221; locked=&#8221;off&#8221; global_colors_info=&#8221;{}&#8221;][\/et_pb_divider][\/et_pb_column][\/et_pb_row][et_pb_row column_structure=&#8221;1_2,1_2&#8243; _builder_version=&#8221;4.18.1&#8243; _module_preset=&#8221;default&#8221; global_colors_info=&#8221;{}&#8221;][et_pb_column type=&#8221;1_2&#8243; _builder_version=&#8221;4.18.1&#8243; _module_preset=&#8221;default&#8221; global_colors_info=&#8221;{}&#8221;][et_pb_testimonial author=&#8221;Marco&#8221; portrait_url=&#8221;https:\/\/ag-frisch.com\/wp-content\/uploads\/2021\/08\/Harald.png&#8221; quote_icon=&#8221;off&#8221; _builder_version=&#8221;4.18.1&#8243; _module_preset=&#8221;default&#8221; body_font_size=&#8221;16px&#8221; use_background_color=&#8221;off&#8221; background_layout=&#8221;dark&#8221; global_colors_info=&#8221;{}&#8221;]J&#8217;ai demand\u00e9 \u00e0 l&#8217;agence Frisch de faire produire un meuble de grande taille en Chine et de le transf\u00e9rer ensuite en Allemagne. La communication par e-mail a \u00e9t\u00e9 fluide tout au long du processus ! Des r\u00e9ponses tr\u00e8s rapides et fiables m&#8217;ont apport\u00e9 en permanence les garanties indispensables \u00e0 une telle entreprise. J&#8217;ai toujours \u00e9t\u00e9 aid\u00e9 dans la jungle bureaucratique et aucun formulaire n&#8217;a \u00e9t\u00e9 oubli\u00e9 ou mal rempli. Tr\u00e8s louable !<a href=\"&lt;div%20class=%22pe-richsnippets%22&gt;&nbsp;&lt;\/div&gt;%20&lt;script%20type=%22text\/javascript%22%20src=%22https:\/\/www.provenexpert.com\/widget\/richsnippet.js?u=1NUA0VwZ4RUZ5tmAi5zA4RaplNKAlWwZ&amp;v=2%22%20async&gt;&lt;\/script&gt;%20&lt;div%20style=%22text-align:%20justify;%22&gt;&lt;br%20\/&gt;\"><\/a><\/p>\n<div class=\"brow ratingBarMargin\">\n<div class=\"ratingBar\">\n<div class=\"brow\">\n<div class=\"pe-richsnippets\">&nbsp;<\/div>\n<p><script type=\"text\/javascript\" src=\"https:\/\/www.provenexpert.com\/widget\/richsnippet.js?u=1NUA0VwZ4RUZ5tmAi5zA4RaplNKAlWwZ&amp;v=2\" async=\"\"><\/script><\/p>\n<div style=\"text-align: justify;\"><\/p>\n<div class=\"col-lg-9 col-md-8 col-xs-10 mt20 mb20\">\n<div class=\"col-xs-12 surveyNameForRating\"><\/div>\n<\/div>\n<\/div>\n<\/div>\n<\/div>\n<\/div>\n<p>[\/et_pb_testimonial][\/et_pb_column][et_pb_column type=&#8221;1_2&#8243; _builder_version=&#8221;4.18.1&#8243; _module_preset=&#8221;default&#8221; global_colors_info=&#8221;{}&#8221;][et_pb_testimonial author=&#8221;Simone L.&#8221; portrait_url=&#8221;https:\/\/ag-frisch.com\/wp-content\/uploads\/2021\/08\/Harald.png&#8221; quote_icon=&#8221;off&#8221; _builder_version=&#8221;4.18.1&#8243; _module_preset=&#8221;default&#8221; body_font_size=&#8221;16px&#8221; use_background_color=&#8221;off&#8221; background_layout=&#8221;dark&#8221; global_colors_info=&#8221;{}&#8221;]<\/p>\n<p>Tout est au top. On ne peut pas faire mieux. On ne peut pas faire mieux en mati\u00e8re de conseil et de r\u00e9alisation. Apr\u00e8s avoir pass\u00e9 plusieurs commandes aupr\u00e8s de cette entreprise, nous sommes plus que satisfaits et poursuivons notre collaboration.<\/p>\n<div class=\"brow ratingBarMargin\">\n<div class=\"ratingBar\">\n<div class=\"brow\">\n<div class=\"pe-richsnippets\"> <\/div>\n<p>\n<script type=\"text\/javascript\" src=\"https:\/\/www.provenexpert.com\/widget\/richsnippet.js?u=1NUA0VwZ4RUZ5tmAi5zA4RaplNKAlWwZ&amp;v=2\" async=\"\"><\/script>\n<\/p>\n<div style=\"text-align: justify;\">\n<p>&nbsp;<\/p>\n<div class=\"col-lg-9 col-md-8 col-xs-10 mt20 mb20\">\n<div class=\"col-xs-12 surveyNameForRating\"><\/div>\n<\/div>\n<\/div>\n<\/div>\n<\/div>\n<\/div>\n<p>[\/et_pb_testimonial][\/et_pb_column][\/et_pb_row][et_pb_row _builder_version=&#8221;4.16&#8243; background_size=&#8221;initial&#8221; background_position=&#8221;top_left&#8221; background_repeat=&#8221;repeat&#8221; custom_padding=&#8221;50px|0px|30px|0px&#8221; custom_css_main_element=&#8221;text-align: center;&#8221; global_colors_info=&#8221;{}&#8221;][et_pb_column type=&#8221;4_4&#8243; _builder_version=&#8221;4.16&#8243; custom_padding=&#8221;|||&#8221; global_colors_info=&#8221;{}&#8221; custom_padding__hover=&#8221;|||&#8221;][et_pb_button button_url=&#8221;https:\/\/www.provenexpert.com\/de-de\/agentur-frisch-international-consulting-gmbh-und-co-kg\/&#8221; button_text=&#8221;PLUS D&#039;AVIS&#8221; button_alignment=&#8221;left&#8221; admin_label=&#8221;Testimonial Button&#8221; _builder_version=&#8221;4.16&#8243; custom_button=&#8221;on&#8221; button_text_size=&#8221;18px&#8221; button_text_color=&#8221;#ffffff&#8221; button_bg_color=&#8221;#6eba01&#8243; button_border_width=&#8221;2px&#8221; button_border_color=&#8221;#6eba01&#8243; button_border_radius=&#8221;0px&#8221; button_letter_spacing=&#8221;2px&#8221; button_font=&#8221;Montserrat|||on|&#8221; button_use_icon=&#8221;off&#8221; animation_style=&#8221;fold&#8221; animation_direction=&#8221;bottom&#8221; button_text_color_hover=&#8221;#ffffff&#8221; button_border_color_hover=&#8221;#ffffff&#8221; button_border_radius_hover=&#8221;0px&#8221; button_letter_spacing_hover=&#8221;2px&#8221; button_bg_color_hover=&#8221;rgba(255,255,255,0)&#8221; locked=&#8221;off&#8221; global_colors_info=&#8221;{}&#8221; button_text_size__hover_enabled=&#8221;off&#8221; button_one_text_size__hover_enabled=&#8221;off&#8221; button_two_text_size__hover_enabled=&#8221;off&#8221; button_text_color__hover_enabled=&#8221;on&#8221; button_text_color__hover=&#8221;#ffffff&#8221; button_one_text_color__hover_enabled=&#8221;off&#8221; button_two_text_color__hover_enabled=&#8221;off&#8221; button_border_width__hover_enabled=&#8221;off&#8221; button_one_border_width__hover_enabled=&#8221;off&#8221; button_two_border_width__hover_enabled=&#8221;off&#8221; button_border_color__hover_enabled=&#8221;on&#8221; button_border_color__hover=&#8221;#ffffff&#8221; button_one_border_color__hover_enabled=&#8221;off&#8221; button_two_border_color__hover_enabled=&#8221;off&#8221; button_border_radius__hover_enabled=&#8221;on&#8221; button_border_radius__hover=&#8221;0px&#8221; button_one_border_radius__hover_enabled=&#8221;off&#8221; button_two_border_radius__hover_enabled=&#8221;off&#8221; button_letter_spacing__hover_enabled=&#8221;on&#8221; button_letter_spacing__hover=&#8221;2px&#8221; button_one_letter_spacing__hover_enabled=&#8221;off&#8221; button_two_letter_spacing__hover_enabled=&#8221;off&#8221; button_bg_color__hover_enabled=&#8221;on&#8221; button_bg_color__hover=&#8221;rgba(255,255,255,0)&#8221; button_one_bg_color__hover_enabled=&#8221;off&#8221; button_two_bg_color__hover_enabled=&#8221;off&#8221;][\/et_pb_button][\/et_pb_column][\/et_pb_row][\/et_pb_section]<\/p>\n","protected":false},"excerpt":{"rendered":"<p>Gr\u00e2ce aux conseils de l&#8217;agence d&#8217;importation chinoise Frisch, vous r\u00e9ussirez vos affaires en Chine comme les professionnels. Produits de bien-\u00eatre et de beaut\u00e9 en provenance de Chine Importer de Chine tout ce qui concerne la beaut\u00e9 et le bien-\u00eatre Pour \u00eatre belle, il n&#8217;est pas n\u00e9cessaire de souffrir &#8211; on peut tout simplement importer des [&hellip;]<\/p>\n","protected":false},"author":2,"featured_media":0,"parent":0,"menu_order":0,"comment_status":"closed","ping_status":"closed","template":"","meta":{"_et_pb_use_builder":"on","_et_pb_old_content":"","_et_gb_content_width":"","footnotes":""},"class_list":["post-11968","page","type-page","status-publish","hentry"],"yoast_head":"<!-- This site is optimized with the Yoast SEO plugin v27.2 - https:\/\/yoast.com\/product\/yoast-seo-wordpress\/ -->\n<title>Acheter et importer des produits de bien-\u00eatre de Chine<\/title>\n<meta name=\"description\" content=\"Produits de bien-\u00eatre de Chine \u25bb Produits de massage et saunas de Chine : n\u00e9gociation d&#039;achat \u2713 Contrat de vente \u2713 Assurance qualit\u00e9 \u2713 \u25bb Demandez conseil maintenant !\" \/>\n<meta name=\"robots\" content=\"index, follow, max-snippet:-1, max-image-preview:large, max-video-preview:-1\" \/>\n<link rel=\"canonical\" href=\"https:\/\/ag-frisch.com\/fr\/produits-de-bien-etre-en-provenance-de-chine\/\" \/>\n<meta property=\"og:locale\" content=\"fr_FR\" \/>\n<meta property=\"og:type\" content=\"article\" \/>\n<meta property=\"og:title\" content=\"Acheter et importer des produits de bien-\u00eatre de Chine\" \/>\n<meta property=\"og:description\" content=\"Produits de bien-\u00eatre de Chine \u25bb Produits de massage et saunas de Chine : n\u00e9gociation d&#039;achat \u2713 Contrat de vente \u2713 Assurance qualit\u00e9 \u2713 \u25bb Demandez conseil maintenant !\" \/>\n<meta property=\"og:url\" content=\"https:\/\/ag-frisch.com\/fr\/produits-de-bien-etre-en-provenance-de-chine\/\" \/>\n<meta property=\"og:site_name\" content=\"China Import Beratung f\u00fcr den Einkauf aus China\" \/>\n<meta property=\"article:publisher\" content=\"https:\/\/www.facebook.com\/China.Import\" \/>\n<meta property=\"article:modified_time\" content=\"2023-01-27T04:41:57+00:00\" \/>\n<meta name=\"twitter:card\" content=\"summary_large_image\" \/>\n<meta name=\"twitter:site\" content=\"@agenturfrisch\" \/>\n<meta name=\"twitter:label1\" content=\"Dur\u00e9e de lecture estim\u00e9e\" \/>\n\t<meta name=\"twitter:data1\" content=\"9 minutes\" \/>\n<script type=\"application\/ld+json\" class=\"yoast-schema-graph\">{\"@context\":\"https:\/\/schema.org\",\"@graph\":[{\"@type\":\"WebPage\",\"@id\":\"https:\/\/ag-frisch.com\/fr\/produits-de-bien-etre-en-provenance-de-chine\/\",\"url\":\"https:\/\/ag-frisch.com\/fr\/produits-de-bien-etre-en-provenance-de-chine\/\",\"name\":\"Acheter et importer des produits de bien-\u00eatre de Chine\",\"isPartOf\":{\"@id\":\"https:\/\/ag-frisch.com\/de\/#website\"},\"datePublished\":\"2022-05-09T21:19:31+00:00\",\"dateModified\":\"2023-01-27T04:41:57+00:00\",\"description\":\"Produits de bien-\u00eatre de Chine \u25bb Produits de massage et saunas de Chine : n\u00e9gociation d'achat \u2713 Contrat de vente \u2713 Assurance qualit\u00e9 \u2713 \u25bb Demandez conseil maintenant !\",\"breadcrumb\":{\"@id\":\"https:\/\/ag-frisch.com\/fr\/produits-de-bien-etre-en-provenance-de-chine\/#breadcrumb\"},\"inLanguage\":\"fr-FR\",\"potentialAction\":[{\"@type\":\"ReadAction\",\"target\":[\"https:\/\/ag-frisch.com\/fr\/produits-de-bien-etre-en-provenance-de-chine\/\"]}]},{\"@type\":\"BreadcrumbList\",\"@id\":\"https:\/\/ag-frisch.com\/fr\/produits-de-bien-etre-en-provenance-de-chine\/#breadcrumb\",\"itemListElement\":[{\"@type\":\"ListItem\",\"position\":1,\"name\":\"Startseite\",\"item\":\"https:\/\/ag-frisch.com\/de\/\"},{\"@type\":\"ListItem\",\"position\":2,\"name\":\"Produits de bien-\u00eatre en provenance de Chine\"}]},{\"@type\":\"WebSite\",\"@id\":\"https:\/\/ag-frisch.com\/de\/#website\",\"url\":\"https:\/\/ag-frisch.com\/de\/\",\"name\":\"China Import Beratung f\u00fcr den Einkauf aus China\",\"description\":\"China Import &amp; Export Beratung - Der Dienstleister Ihres Vertrauens f\u00fcr Ihren China Import\",\"publisher\":{\"@id\":\"https:\/\/ag-frisch.com\/de\/#organization\"},\"potentialAction\":[{\"@type\":\"SearchAction\",\"target\":{\"@type\":\"EntryPoint\",\"urlTemplate\":\"https:\/\/ag-frisch.com\/de\/?s={search_term_string}\"},\"query-input\":{\"@type\":\"PropertyValueSpecification\",\"valueRequired\":true,\"valueName\":\"search_term_string\"}}],\"inLanguage\":\"fr-FR\"},{\"@type\":\"Organization\",\"@id\":\"https:\/\/ag-frisch.com\/de\/#organization\",\"name\":\"Agentur Frisch International Consulting GmbH & Co. KG\",\"url\":\"https:\/\/ag-frisch.com\/de\/\",\"logo\":{\"@type\":\"ImageObject\",\"inLanguage\":\"fr-FR\",\"@id\":\"https:\/\/ag-frisch.com\/de\/#\/schema\/logo\/image\/\",\"url\":\"https:\/\/ag-frisch.com\/wp-content\/uploads\/2021\/08\/ag_logo_rgb_300_small.png\",\"contentUrl\":\"https:\/\/ag-frisch.com\/wp-content\/uploads\/2021\/08\/ag_logo_rgb_300_small.png\",\"width\":153,\"height\":102,\"caption\":\"Agentur Frisch International Consulting GmbH & Co. KG\"},\"image\":{\"@id\":\"https:\/\/ag-frisch.com\/de\/#\/schema\/logo\/image\/\"},\"sameAs\":[\"https:\/\/www.facebook.com\/China.Import\",\"https:\/\/x.com\/agenturfrisch\"]}]}<\/script>\n<!-- \/ Yoast SEO plugin. -->","yoast_head_json":{"title":"Acheter et importer des produits de bien-\u00eatre de Chine","description":"Produits de bien-\u00eatre de Chine \u25bb Produits de massage et saunas de Chine : n\u00e9gociation d'achat \u2713 Contrat de vente \u2713 Assurance qualit\u00e9 \u2713 \u25bb Demandez conseil maintenant !","robots":{"index":"index","follow":"follow","max-snippet":"max-snippet:-1","max-image-preview":"max-image-preview:large","max-video-preview":"max-video-preview:-1"},"canonical":"https:\/\/ag-frisch.com\/fr\/produits-de-bien-etre-en-provenance-de-chine\/","og_locale":"fr_FR","og_type":"article","og_title":"Acheter et importer des produits de bien-\u00eatre de Chine","og_description":"Produits de bien-\u00eatre de Chine \u25bb Produits de massage et saunas de Chine : n\u00e9gociation d'achat \u2713 Contrat de vente \u2713 Assurance qualit\u00e9 \u2713 \u25bb Demandez conseil maintenant !","og_url":"https:\/\/ag-frisch.com\/fr\/produits-de-bien-etre-en-provenance-de-chine\/","og_site_name":"China Import Beratung f\u00fcr den Einkauf aus China","article_publisher":"https:\/\/www.facebook.com\/China.Import","article_modified_time":"2023-01-27T04:41:57+00:00","twitter_card":"summary_large_image","twitter_site":"@agenturfrisch","twitter_misc":{"Dur\u00e9e de lecture estim\u00e9e":"9 minutes"},"schema":{"@context":"https:\/\/schema.org","@graph":[{"@type":"WebPage","@id":"https:\/\/ag-frisch.com\/fr\/produits-de-bien-etre-en-provenance-de-chine\/","url":"https:\/\/ag-frisch.com\/fr\/produits-de-bien-etre-en-provenance-de-chine\/","name":"Acheter et importer des produits de bien-\u00eatre de Chine","isPartOf":{"@id":"https:\/\/ag-frisch.com\/de\/#website"},"datePublished":"2022-05-09T21:19:31+00:00","dateModified":"2023-01-27T04:41:57+00:00","description":"Produits de bien-\u00eatre de Chine \u25bb Produits de massage et saunas de Chine : n\u00e9gociation d'achat \u2713 Contrat de vente \u2713 Assurance qualit\u00e9 \u2713 \u25bb Demandez conseil maintenant !","breadcrumb":{"@id":"https:\/\/ag-frisch.com\/fr\/produits-de-bien-etre-en-provenance-de-chine\/#breadcrumb"},"inLanguage":"fr-FR","potentialAction":[{"@type":"ReadAction","target":["https:\/\/ag-frisch.com\/fr\/produits-de-bien-etre-en-provenance-de-chine\/"]}]},{"@type":"BreadcrumbList","@id":"https:\/\/ag-frisch.com\/fr\/produits-de-bien-etre-en-provenance-de-chine\/#breadcrumb","itemListElement":[{"@type":"ListItem","position":1,"name":"Startseite","item":"https:\/\/ag-frisch.com\/de\/"},{"@type":"ListItem","position":2,"name":"Produits de bien-\u00eatre en provenance de Chine"}]},{"@type":"WebSite","@id":"https:\/\/ag-frisch.com\/de\/#website","url":"https:\/\/ag-frisch.com\/de\/","name":"China Import Beratung f\u00fcr den Einkauf aus China","description":"China Import &amp; Export Beratung - Der Dienstleister Ihres Vertrauens f\u00fcr Ihren China Import","publisher":{"@id":"https:\/\/ag-frisch.com\/de\/#organization"},"potentialAction":[{"@type":"SearchAction","target":{"@type":"EntryPoint","urlTemplate":"https:\/\/ag-frisch.com\/de\/?s={search_term_string}"},"query-input":{"@type":"PropertyValueSpecification","valueRequired":true,"valueName":"search_term_string"}}],"inLanguage":"fr-FR"},{"@type":"Organization","@id":"https:\/\/ag-frisch.com\/de\/#organization","name":"Agentur Frisch International Consulting GmbH & Co. KG","url":"https:\/\/ag-frisch.com\/de\/","logo":{"@type":"ImageObject","inLanguage":"fr-FR","@id":"https:\/\/ag-frisch.com\/de\/#\/schema\/logo\/image\/","url":"https:\/\/ag-frisch.com\/wp-content\/uploads\/2021\/08\/ag_logo_rgb_300_small.png","contentUrl":"https:\/\/ag-frisch.com\/wp-content\/uploads\/2021\/08\/ag_logo_rgb_300_small.png","width":153,"height":102,"caption":"Agentur Frisch International Consulting GmbH & Co. KG"},"image":{"@id":"https:\/\/ag-frisch.com\/de\/#\/schema\/logo\/image\/"},"sameAs":["https:\/\/www.facebook.com\/China.Import","https:\/\/x.com\/agenturfrisch"]}]}},"_links":{"self":[{"href":"https:\/\/ag-frisch.com\/fr\/wp-json\/wp\/v2\/pages\/11968","targetHints":{"allow":["GET"]}}],"collection":[{"href":"https:\/\/ag-frisch.com\/fr\/wp-json\/wp\/v2\/pages"}],"about":[{"href":"https:\/\/ag-frisch.com\/fr\/wp-json\/wp\/v2\/types\/page"}],"author":[{"embeddable":true,"href":"https:\/\/ag-frisch.com\/fr\/wp-json\/wp\/v2\/users\/2"}],"replies":[{"embeddable":true,"href":"https:\/\/ag-frisch.com\/fr\/wp-json\/wp\/v2\/comments?post=11968"}],"version-history":[{"count":0,"href":"https:\/\/ag-frisch.com\/fr\/wp-json\/wp\/v2\/pages\/11968\/revisions"}],"wp:attachment":[{"href":"https:\/\/ag-frisch.com\/fr\/wp-json\/wp\/v2\/media?parent=11968"}],"curies":[{"name":"wp","href":"https:\/\/api.w.org\/{rel}","templated":true}]}}