{"id":11992,"date":"2022-05-09T23:15:03","date_gmt":"2022-05-09T21:15:03","guid":{"rendered":"https:\/\/ag-frisch.com\/articles-de-jardinage-de-chine\/"},"modified":"2023-01-27T05:41:49","modified_gmt":"2023-01-27T04:41:49","slug":"articles-de-jardinage-de-chine","status":"publish","type":"page","link":"https:\/\/ag-frisch.com\/fr\/articles-de-jardinage-de-chine\/","title":{"rendered":"Articles de jardinage de Chine"},"content":{"rendered":"<p>[et_pb_section fb_built=&#8221;1&#8243; _builder_version=&#8221;4.16&#8243; _module_preset=&#8221;default&#8221; global_colors_info=&#8221;{}&#8221;][et_pb_row _builder_version=&#8221;4.18.1&#8243; _module_preset=&#8221;default&#8221; global_colors_info=&#8221;{}&#8221;][et_pb_column type=&#8221;4_4&#8243; _builder_version=&#8221;4.18.1&#8243; _module_preset=&#8221;default&#8221; global_colors_info=&#8221;{}&#8221;][et_pb_cta title=&#8221;Conseil en importation de Chine&#8221; button_url=&#8221;https:\/\/ag-frisch.com\/fr\/contact\/&#8221; button_text=&#8221;R\u00e9server une consultation maintenant&#8221; _builder_version=&#8221;4.16&#8243; _module_preset=&#8221;default&#8221; global_colors_info=&#8221;{}&#8221;]<\/p>\n<p>Gr\u00e2ce aux conseils de l&#8217;agence d&#8217;importation chinoise Frisch, vous r\u00e9ussirez vos affaires en Chine comme les professionnels.  <\/p>\n<p>[\/et_pb_cta][\/et_pb_column][\/et_pb_row][et_pb_row _builder_version=&#8221;4.16&#8243; _module_preset=&#8221;default&#8221; global_colors_info=&#8221;{}&#8221;][et_pb_column type=&#8221;4_4&#8243; _builder_version=&#8221;4.16&#8243; _module_preset=&#8221;default&#8221; global_colors_info=&#8221;{}&#8221;][et_pb_text _builder_version=&#8221;4.18.1&#8243; _module_preset=&#8221;default&#8221; hover_enabled=&#8221;0&#8243; global_colors_info=&#8221;{}&#8221; sticky_enabled=&#8221;0&#8243;]<\/p>\n<h1>Importation chinoise de mat\u00e9riel agricole et de jardinage<\/h1>\n<p><strong>Tondeuses \u00e0 gazon, barbecues et autres : mat\u00e9riel de jardinage en provenance de Chine<\/strong><\/p>\n<p>Peu de choses sont aussi sacr\u00e9es pour l&#8217;Allemand que son beau jardin. Les produits de ce secteur se portent donc bien &#8211; et pas seulement pendant la saison des barbecues, mais toute l&#8217;ann\u00e9e. L&#8217;agence Frisch travaille avec d&#8217;excellents fabricants et peut vous proposer des fournitures de jardin en provenance de Chine \u00e0 des prix imbattables. Nous ne mettons en relation que des partenaires commerciaux qui r\u00e9pondent \u00e0 nos propres exigences les plus strictes.<\/p>\n<p>&nbsp;<\/p>\n<p><strong>Tout pour le jardin &#8211; Importer des produits de jardinage de Chine<\/strong><\/p>\n<p>Des fontaines d\u00e9coratives haut de gamme aux tentes de r\u00e9ception et aux pagodes, en passant par les tondeuses \u00e0 gazon performantes : Vous pouvez acheter chez nous tous les produits li\u00e9s au jardin. Nous pouvons vous fournir, entre autres, les articles de jardin suivants en provenance de Chine :<\/p>\n<ul>\n<li>Semences, engrais et produits antiparasitaires<\/li>\n<li>Meubles de jardin et terrasses<\/li>\n<li>Serres et hangars<\/li>\n<li>Cl\u00f4tures et pare-vue<\/li>\n<li>Outils de jardinage<\/li>\n<li>Syst\u00e8mes d&#8217;irrigation, syst\u00e8mes de bassins, fontaines<\/li>\n<li>et bien d&#8217;autres choses encore.<\/li>\n<\/ul>\n<p>En mati\u00e8re d&#8217;articles de jardinage en provenance de Chine, vous pouvez compter sur une qualit\u00e9 sup\u00e9rieure, et ce \u00e0 des prix extr\u00eamement bas. Les produits que nous achetons dans le commerce de gros chinois sont tous contr\u00f4l\u00e9s et certifi\u00e9s. Les semences et les semis sont test\u00e9s pour leur innocuit\u00e9 chimique, tout comme les pesticides et tous les autres produits. Nous ne laissons pas ces contr\u00f4les au march\u00e9 chinois, mais les effectuons en grande partie dans notre filiale BEIDE Laboratoires. En tant qu&#8217;acheteur, vous en profitez : vous avez la certitude d&#8217;obtenir des marchandises de premi\u00e8re qualit\u00e9, qui satisfont aux contr\u00f4les de qualit\u00e9 allemands et satisfont les consommateurs exigeants.<\/p>\n<p>&nbsp;<\/p>\n<p><strong>Articles pour barbecue de Chine pour le plus beau passe-temps du monde<\/strong><\/p>\n<p>Soyons honn\u00eates : quoi de plus agr\u00e9able qu&#8217;un barbecue entre amis ? Nous proposons pour ce hobby pr\u00e9f\u00e9r\u00e9 des Allemands les meilleurs produits du commerce de gros chinois. Lorsque vous achetez des articles pour barbecue en Chine par notre interm\u00e9diaire, vous pouvez vous attendre \u00e0 la meilleure qualit\u00e9. Des livraisons rapides et un respect fiable de tous les accords en font bien s\u00fbr partie, tout comme un service d&#8217;importation sur mesure pour vos besoins. En ce qui concerne les articles pour barbecue en provenance de Chine, nos producteurs vous proposent par exemple<\/p>\n<ul>\n<li>Barbecues haut de gamme (charbon de bois, gaz, \u00e9lectricit\u00e9)<\/li>\n<li>Grils sph\u00e9riques, pierres de lave, fumoirs<\/li>\n<li>Barbecues de camping, barbecues de balcon et autres barbecues sp\u00e9ciaux<\/li>\n<li>Charbon pour barbecue et allume-feu<\/li>\n<li>Accessoires (pinces, tabliers, etc.)<\/li>\n<\/ul>\n<p>&nbsp;<\/p>\n<p><strong>Mati\u00e8res premi\u00e8res, fournitures agricoles et machines agricoles de Chine<\/strong><\/p>\n<p>Nos fournisseurs ne vous proposent pas seulement des produits du jardin, mais aussi de l&#8217;agriculture. Par exemple, nous pouvons vous fournir des chariots \u00e9l\u00e9vateurs \u00e0 fourche, des machines \u00e0 balles, des tracteurs et des moissonneuses en provenance de Chine. De la plus petite charrue m\u00e9canique \u00e0 la moissonneuse-batteuse enti\u00e8rement automatis\u00e9e, nous vous fournissons toutes les machines agricoles. De la machine d&#8217;arrosage au chariot \u00e9l\u00e9vateur \u00e0 fourche en provenance de Chine, nous pouvons vous pr\u00e9senter les fournisseurs parfaits et r\u00e9aliser votre importation chinoise pour vous.<\/p>\n<p>Outre les machines agricoles telles que les ensileuses, les r\u00e9colteuses int\u00e9grales et les chariots \u00e9l\u00e9vateurs \u00e0 fourche en provenance de Chine, il est \u00e9galement possible d&#8217;importer des mati\u00e8res premi\u00e8res, dont par exemple de l&#8217;huile de tournesol ou du diesel, ainsi que des produits issus de l&#8217;agriculture, comme le riz.<\/p>\n<p>&nbsp;<\/p>\n<p><strong>Agence Frisch : votre partenaire pour le commerce de gros avec la Chine<\/strong><\/p>\n<p>Nous nous consid\u00e9rons comme une agence de services complets aux exigences les plus \u00e9lev\u00e9es. De l&#8217;entretien de conseil \u00e0 l&#8217;ex\u00e9cution compl\u00e8te, nous voulons \u00eatre \u00e0 la hauteur de nos propres standards : Seul le meilleur travail est suffisant.<\/p>\n<p>C&#8217;est pourquoi nous couvrons chaque t\u00e2che de l&#8217;importation de Chine. Nous trouvons et mettons en contact les fabricants, contr\u00f4lons et \u00e9valuons la qualit\u00e9, nous chargeons des tests de laboratoire, des certificats et des marquages, et nous g\u00e9rons toute la logistique de transport en r\u00e9gie propre. Cela nous permet, ainsi qu&#8217;\u00e0 vous, d&#8217;\u00eatre toujours s\u00fbrs que tout se passe bien lors de l&#8217;achat de mat\u00e9riel de jardinage, de barbecue ou de mat\u00e9riel agricole en provenance de Chine.<\/p>\n<p><strong>Notre travail de premi\u00e8re qualit\u00e9 vous permet d&#8217;\u00e9conomiser vos nerfs, votre temps &#8211; et votre argent.<\/strong><\/p>\n<p>[\/et_pb_text][\/et_pb_column][\/et_pb_row][\/et_pb_section][et_pb_section fb_built=&#8221;1&#8243; admin_label=&#8221;Testimonials&#8221; _builder_version=&#8221;4.16&#8243; use_background_color_gradient=&#8221;on&#8221; background_color_gradient_stops=&#8221;rgba(0,106,156,0.85) 0%|rgba(0,106,156,0.85) 100%&#8221; background_color_gradient_start=&#8221;rgba(0,106,156,0.85)&#8221; background_color_gradient_end=&#8221;rgba(0,106,156,0.85)&#8221; custom_padding=&#8221;90px||60px|&#8221; animation_style=&#8221;fold&#8221; animation_direction=&#8221;bottom&#8221; animation_intensity_fold=&#8221;4%&#8221; global_colors_info=&#8221;{}&#8221;][et_pb_row _builder_version=&#8221;4.16&#8243; background_size=&#8221;initial&#8221; background_position=&#8221;top_left&#8221; background_repeat=&#8221;repeat&#8221; custom_width_px=&#8221;710px&#8221; locked=&#8221;off&#8221; global_colors_info=&#8221;{}&#8221;][et_pb_column type=&#8221;4_4&#8243; _builder_version=&#8221;4.16&#8243; background_position=&#8221;top_left&#8221; custom_padding=&#8221;|||&#8221; global_colors_info=&#8221;{}&#8221; custom_padding__hover=&#8221;|||&#8221;][et_pb_text admin_label=&#8221;Testimonials Section Title&#8221; _builder_version=&#8221;4.16&#8243; header_font=&#8221;Montserrat||||&#8221; header_font_size=&#8221;36px&#8221; background_size=&#8221;initial&#8221; background_position=&#8221;top_left&#8221; background_repeat=&#8221;repeat&#8221; text_orientation=&#8221;center&#8221; background_layout=&#8221;dark&#8221; max_width=&#8221;710px&#8221; module_alignment=&#8221;center&#8221; animation_style=&#8221;fold&#8221; animation_direction=&#8221;bottom&#8221; animation_intensity_fold=&#8221;20%&#8221; global_colors_info=&#8221;{}&#8221;]<\/p>\n<h1>Plus de 5000 clients satisfaits.<\/h1>\n<p>&nbsp;<\/p>\n<p>[\/et_pb_text][et_pb_divider color=&#8221;#ffffff&#8221; divider_weight=&#8221;3px&#8221; disabled_on=&#8221;off|off|off&#8221; _builder_version=&#8221;4.16&#8243; background_color_gradient_direction=&#8221;90deg&#8221; max_width=&#8221;100px&#8221; module_alignment=&#8221;center&#8221; height=&#8221;5px&#8221; custom_margin=&#8221;||20px|&#8221; custom_padding=&#8221;||20px|&#8221; animation_style=&#8221;slide&#8221; animation_direction=&#8221;bottom&#8221; saved_tabs=&#8221;all&#8221; locked=&#8221;off&#8221; global_colors_info=&#8221;{}&#8221;][\/et_pb_divider][\/et_pb_column][\/et_pb_row][et_pb_row column_structure=&#8221;1_2,1_2&#8243; _builder_version=&#8221;4.18.1&#8243; _module_preset=&#8221;default&#8221; global_colors_info=&#8221;{}&#8221;][et_pb_column type=&#8221;1_2&#8243; _builder_version=&#8221;4.18.1&#8243; _module_preset=&#8221;default&#8221; global_colors_info=&#8221;{}&#8221;][et_pb_testimonial author=&#8221;Marco&#8221; portrait_url=&#8221;https:\/\/ag-frisch.com\/wp-content\/uploads\/2021\/08\/Harald.png&#8221; quote_icon=&#8221;off&#8221; _builder_version=&#8221;4.18.1&#8243; _module_preset=&#8221;default&#8221; body_font_size=&#8221;16px&#8221; use_background_color=&#8221;off&#8221; background_layout=&#8221;dark&#8221; global_colors_info=&#8221;{}&#8221;]J&#8217;ai demand\u00e9 \u00e0 l&#8217;agence Frisch de faire produire un meuble de grande taille en Chine et de le transf\u00e9rer ensuite en Allemagne. La communication par e-mail a \u00e9t\u00e9 fluide tout au long du processus ! Des r\u00e9ponses tr\u00e8s rapides et fiables m&#8217;ont apport\u00e9 en permanence les garanties indispensables \u00e0 une telle entreprise. J&#8217;ai toujours \u00e9t\u00e9 aid\u00e9 dans la jungle bureaucratique et aucun formulaire n&#8217;a \u00e9t\u00e9 oubli\u00e9 ou mal rempli. Tr\u00e8s louable !<a href=\"&lt;div%20class=%22pe-richsnippets%22&gt;&nbsp;&lt;\/div&gt;%20&lt;script%20type=%22text\/javascript%22%20src=%22https:\/\/www.provenexpert.com\/widget\/richsnippet.js?u=1NUA0VwZ4RUZ5tmAi5zA4RaplNKAlWwZ&amp;v=2%22%20async&gt;&lt;\/script&gt;%20&lt;div%20style=%22text-align:%20justify;%22&gt;&lt;br%20\/&gt;\"><\/a><\/p>\n<div class=\"brow ratingBarMargin\">\n<div class=\"ratingBar\">\n<div class=\"brow\">\n<div class=\"pe-richsnippets\">&nbsp;<\/div>\n<p><script type=\"text\/javascript\" src=\"https:\/\/www.provenexpert.com\/widget\/richsnippet.js?u=1NUA0VwZ4RUZ5tmAi5zA4RaplNKAlWwZ&amp;v=2\" async=\"\"><\/script><\/p>\n<div style=\"text-align: justify;\"><\/p>\n<div class=\"col-lg-9 col-md-8 col-xs-10 mt20 mb20\">\n<div class=\"col-xs-12 surveyNameForRating\"><\/div>\n<\/div>\n<\/div>\n<\/div>\n<\/div>\n<\/div>\n<p>[\/et_pb_testimonial][\/et_pb_column][et_pb_column type=&#8221;1_2&#8243; _builder_version=&#8221;4.18.1&#8243; _module_preset=&#8221;default&#8221; global_colors_info=&#8221;{}&#8221;][et_pb_testimonial author=&#8221;Simone L.&#8221; portrait_url=&#8221;https:\/\/ag-frisch.com\/wp-content\/uploads\/2021\/08\/Harald.png&#8221; quote_icon=&#8221;off&#8221; _builder_version=&#8221;4.18.1&#8243; _module_preset=&#8221;default&#8221; body_font_size=&#8221;16px&#8221; use_background_color=&#8221;off&#8221; background_layout=&#8221;dark&#8221; global_colors_info=&#8221;{}&#8221;]<\/p>\n<p>Tout est au top. On ne peut pas faire mieux. On ne peut pas faire mieux en mati\u00e8re de conseil et de r\u00e9alisation. Apr\u00e8s avoir pass\u00e9 plusieurs commandes aupr\u00e8s de cette entreprise, nous sommes plus que satisfaits et poursuivons notre collaboration.<\/p>\n<div class=\"brow ratingBarMargin\">\n<div class=\"ratingBar\">\n<div class=\"brow\">\n<div class=\"pe-richsnippets\"> <\/div>\n<p>\n<script type=\"text\/javascript\" src=\"https:\/\/www.provenexpert.com\/widget\/richsnippet.js?u=1NUA0VwZ4RUZ5tmAi5zA4RaplNKAlWwZ&amp;v=2\" async=\"\"><\/script>\n<\/p>\n<div style=\"text-align: justify;\">\n<p>&nbsp;<\/p>\n<div class=\"col-lg-9 col-md-8 col-xs-10 mt20 mb20\">\n<div class=\"col-xs-12 surveyNameForRating\"><\/div>\n<\/div>\n<\/div>\n<\/div>\n<\/div>\n<\/div>\n<p>[\/et_pb_testimonial][\/et_pb_column][\/et_pb_row][et_pb_row _builder_version=&#8221;4.16&#8243; background_size=&#8221;initial&#8221; background_position=&#8221;top_left&#8221; background_repeat=&#8221;repeat&#8221; custom_padding=&#8221;50px|0px|30px|0px&#8221; custom_css_main_element=&#8221;text-align: center;&#8221; global_colors_info=&#8221;{}&#8221;][et_pb_column type=&#8221;4_4&#8243; _builder_version=&#8221;4.16&#8243; custom_padding=&#8221;|||&#8221; global_colors_info=&#8221;{}&#8221; custom_padding__hover=&#8221;|||&#8221;][et_pb_button button_url=&#8221;https:\/\/www.provenexpert.com\/de-de\/agentur-frisch-international-consulting-gmbh-und-co-kg\/&#8221; button_text=&#8221;PLUS D&#039;AVIS&#8221; button_alignment=&#8221;left&#8221; admin_label=&#8221;Testimonial Button&#8221; _builder_version=&#8221;4.16&#8243; custom_button=&#8221;on&#8221; button_text_size=&#8221;18px&#8221; button_text_color=&#8221;#ffffff&#8221; button_bg_color=&#8221;#6eba01&#8243; button_border_width=&#8221;2px&#8221; button_border_color=&#8221;#6eba01&#8243; button_border_radius=&#8221;0px&#8221; button_letter_spacing=&#8221;2px&#8221; button_font=&#8221;Montserrat|||on|&#8221; button_use_icon=&#8221;off&#8221; animation_style=&#8221;fold&#8221; animation_direction=&#8221;bottom&#8221; button_text_color_hover=&#8221;#ffffff&#8221; button_border_color_hover=&#8221;#ffffff&#8221; button_border_radius_hover=&#8221;0px&#8221; button_letter_spacing_hover=&#8221;2px&#8221; button_bg_color_hover=&#8221;rgba(255,255,255,0)&#8221; locked=&#8221;off&#8221; global_colors_info=&#8221;{}&#8221; button_text_size__hover_enabled=&#8221;off&#8221; button_one_text_size__hover_enabled=&#8221;off&#8221; button_two_text_size__hover_enabled=&#8221;off&#8221; button_text_color__hover_enabled=&#8221;on&#8221; button_text_color__hover=&#8221;#ffffff&#8221; button_one_text_color__hover_enabled=&#8221;off&#8221; button_two_text_color__hover_enabled=&#8221;off&#8221; button_border_width__hover_enabled=&#8221;off&#8221; button_one_border_width__hover_enabled=&#8221;off&#8221; button_two_border_width__hover_enabled=&#8221;off&#8221; button_border_color__hover_enabled=&#8221;on&#8221; button_border_color__hover=&#8221;#ffffff&#8221; button_one_border_color__hover_enabled=&#8221;off&#8221; button_two_border_color__hover_enabled=&#8221;off&#8221; button_border_radius__hover_enabled=&#8221;on&#8221; button_border_radius__hover=&#8221;0px&#8221; button_one_border_radius__hover_enabled=&#8221;off&#8221; button_two_border_radius__hover_enabled=&#8221;off&#8221; button_letter_spacing__hover_enabled=&#8221;on&#8221; button_letter_spacing__hover=&#8221;2px&#8221; button_one_letter_spacing__hover_enabled=&#8221;off&#8221; button_two_letter_spacing__hover_enabled=&#8221;off&#8221; button_bg_color__hover_enabled=&#8221;on&#8221; button_bg_color__hover=&#8221;rgba(255,255,255,0)&#8221; button_one_bg_color__hover_enabled=&#8221;off&#8221; button_two_bg_color__hover_enabled=&#8221;off&#8221;][\/et_pb_button][\/et_pb_column][\/et_pb_row][\/et_pb_section]<\/p>\n","protected":false},"excerpt":{"rendered":"<p>Gr\u00e2ce aux conseils de l&#8217;agence d&#8217;importation chinoise Frisch, vous r\u00e9ussirez vos affaires en Chine comme les professionnels. Importation chinoise de mat\u00e9riel agricole et de jardinage Tondeuses \u00e0 gazon, barbecues et autres : mat\u00e9riel de jardinage en provenance de Chine Peu de choses sont aussi sacr\u00e9es pour l&#8217;Allemand que son beau jardin. Les produits de ce [&hellip;]<\/p>\n","protected":false},"author":2,"featured_media":0,"parent":0,"menu_order":0,"comment_status":"closed","ping_status":"closed","template":"","meta":{"_et_pb_use_builder":"on","_et_pb_old_content":"","_et_gb_content_width":"","footnotes":""},"class_list":["post-11992","page","type-page","status-publish","hentry"],"yoast_head":"<!-- This site is optimized with the Yoast SEO plugin v27.4 - https:\/\/yoast.com\/product\/yoast-seo-wordpress\/ -->\n<title>Mat\u00e9riel de jardinage de Chine | Importation de mat\u00e9riel agricole<\/title>\n<meta name=\"description\" content=\"Fournitures de jardin et barbecue de Chine \u2714 Importation chinoise de fournitures agricoles \u2714 Tondeuses \u00e0 gazon \u2714 Cl\u00f4tures \u2714 Terrasses \u25ba Demandez conseil maintenant !\" \/>\n<meta name=\"robots\" content=\"index, follow, max-snippet:-1, max-image-preview:large, max-video-preview:-1\" \/>\n<link rel=\"canonical\" href=\"https:\/\/ag-frisch.com\/fr\/articles-de-jardinage-de-chine\/\" \/>\n<meta property=\"og:locale\" content=\"fr_FR\" \/>\n<meta property=\"og:type\" content=\"article\" \/>\n<meta property=\"og:title\" content=\"Mat\u00e9riel de jardinage de Chine | Importation de mat\u00e9riel agricole\" \/>\n<meta property=\"og:description\" content=\"Fournitures de jardin et barbecue de Chine \u2714 Importation chinoise de fournitures agricoles \u2714 Tondeuses \u00e0 gazon \u2714 Cl\u00f4tures \u2714 Terrasses \u25ba Demandez conseil maintenant !\" \/>\n<meta property=\"og:url\" content=\"https:\/\/ag-frisch.com\/fr\/articles-de-jardinage-de-chine\/\" \/>\n<meta property=\"og:site_name\" content=\"China Import Beratung f\u00fcr den Einkauf aus China\" \/>\n<meta property=\"article:publisher\" content=\"https:\/\/www.facebook.com\/China.Import\" \/>\n<meta property=\"article:modified_time\" content=\"2023-01-27T04:41:49+00:00\" \/>\n<meta name=\"twitter:card\" content=\"summary_large_image\" \/>\n<meta name=\"twitter:site\" content=\"@agenturfrisch\" \/>\n<meta name=\"twitter:label1\" content=\"Dur\u00e9e de lecture estim\u00e9e\" \/>\n\t<meta name=\"twitter:data1\" content=\"8 minutes\" \/>\n<script type=\"application\/ld+json\" class=\"yoast-schema-graph\">{\"@context\":\"https:\\\/\\\/schema.org\",\"@graph\":[{\"@type\":\"WebPage\",\"@id\":\"https:\\\/\\\/ag-frisch.com\\\/fr\\\/articles-de-jardinage-de-chine\\\/\",\"url\":\"https:\\\/\\\/ag-frisch.com\\\/fr\\\/articles-de-jardinage-de-chine\\\/\",\"name\":\"Mat\u00e9riel de jardinage de Chine | Importation de mat\u00e9riel agricole\",\"isPartOf\":{\"@id\":\"https:\\\/\\\/ag-frisch.com\\\/de\\\/#website\"},\"datePublished\":\"2022-05-09T21:15:03+00:00\",\"dateModified\":\"2023-01-27T04:41:49+00:00\",\"description\":\"Fournitures de jardin et barbecue de Chine \u2714 Importation chinoise de fournitures agricoles \u2714 Tondeuses \u00e0 gazon \u2714 Cl\u00f4tures \u2714 Terrasses \u25ba Demandez conseil maintenant !\",\"breadcrumb\":{\"@id\":\"https:\\\/\\\/ag-frisch.com\\\/fr\\\/articles-de-jardinage-de-chine\\\/#breadcrumb\"},\"inLanguage\":\"fr-FR\",\"potentialAction\":[{\"@type\":\"ReadAction\",\"target\":[\"https:\\\/\\\/ag-frisch.com\\\/fr\\\/articles-de-jardinage-de-chine\\\/\"]}]},{\"@type\":\"BreadcrumbList\",\"@id\":\"https:\\\/\\\/ag-frisch.com\\\/fr\\\/articles-de-jardinage-de-chine\\\/#breadcrumb\",\"itemListElement\":[{\"@type\":\"ListItem\",\"position\":1,\"name\":\"Startseite\",\"item\":\"https:\\\/\\\/ag-frisch.com\\\/de\\\/\"},{\"@type\":\"ListItem\",\"position\":2,\"name\":\"Articles de jardinage de Chine\"}]},{\"@type\":\"WebSite\",\"@id\":\"https:\\\/\\\/ag-frisch.com\\\/de\\\/#website\",\"url\":\"https:\\\/\\\/ag-frisch.com\\\/de\\\/\",\"name\":\"China Import Beratung f\u00fcr den Einkauf aus China\",\"description\":\"China Import &amp; Export Beratung - Der Dienstleister Ihres Vertrauens f\u00fcr Ihren China Import\",\"publisher\":{\"@id\":\"https:\\\/\\\/ag-frisch.com\\\/de\\\/#organization\"},\"potentialAction\":[{\"@type\":\"SearchAction\",\"target\":{\"@type\":\"EntryPoint\",\"urlTemplate\":\"https:\\\/\\\/ag-frisch.com\\\/de\\\/?s={search_term_string}\"},\"query-input\":{\"@type\":\"PropertyValueSpecification\",\"valueRequired\":true,\"valueName\":\"search_term_string\"}}],\"inLanguage\":\"fr-FR\"},{\"@type\":\"Organization\",\"@id\":\"https:\\\/\\\/ag-frisch.com\\\/de\\\/#organization\",\"name\":\"Agentur Frisch International Consulting GmbH & Co. KG\",\"url\":\"https:\\\/\\\/ag-frisch.com\\\/de\\\/\",\"logo\":{\"@type\":\"ImageObject\",\"inLanguage\":\"fr-FR\",\"@id\":\"https:\\\/\\\/ag-frisch.com\\\/de\\\/#\\\/schema\\\/logo\\\/image\\\/\",\"url\":\"https:\\\/\\\/ag-frisch.com\\\/wp-content\\\/uploads\\\/2021\\\/08\\\/ag_logo_rgb_300_small.png\",\"contentUrl\":\"https:\\\/\\\/ag-frisch.com\\\/wp-content\\\/uploads\\\/2021\\\/08\\\/ag_logo_rgb_300_small.png\",\"width\":153,\"height\":102,\"caption\":\"Agentur Frisch International Consulting GmbH & Co. KG\"},\"image\":{\"@id\":\"https:\\\/\\\/ag-frisch.com\\\/de\\\/#\\\/schema\\\/logo\\\/image\\\/\"},\"sameAs\":[\"https:\\\/\\\/www.facebook.com\\\/China.Import\",\"https:\\\/\\\/x.com\\\/agenturfrisch\"]}]}<\/script>\n<!-- \/ Yoast SEO plugin. -->","yoast_head_json":{"title":"Mat\u00e9riel de jardinage de Chine | Importation de mat\u00e9riel agricole","description":"Fournitures de jardin et barbecue de Chine \u2714 Importation chinoise de fournitures agricoles \u2714 Tondeuses \u00e0 gazon \u2714 Cl\u00f4tures \u2714 Terrasses \u25ba Demandez conseil maintenant !","robots":{"index":"index","follow":"follow","max-snippet":"max-snippet:-1","max-image-preview":"max-image-preview:large","max-video-preview":"max-video-preview:-1"},"canonical":"https:\/\/ag-frisch.com\/fr\/articles-de-jardinage-de-chine\/","og_locale":"fr_FR","og_type":"article","og_title":"Mat\u00e9riel de jardinage de Chine | Importation de mat\u00e9riel agricole","og_description":"Fournitures de jardin et barbecue de Chine \u2714 Importation chinoise de fournitures agricoles \u2714 Tondeuses \u00e0 gazon \u2714 Cl\u00f4tures \u2714 Terrasses \u25ba Demandez conseil maintenant !","og_url":"https:\/\/ag-frisch.com\/fr\/articles-de-jardinage-de-chine\/","og_site_name":"China Import Beratung f\u00fcr den Einkauf aus China","article_publisher":"https:\/\/www.facebook.com\/China.Import","article_modified_time":"2023-01-27T04:41:49+00:00","twitter_card":"summary_large_image","twitter_site":"@agenturfrisch","twitter_misc":{"Dur\u00e9e de lecture estim\u00e9e":"8 minutes"},"schema":{"@context":"https:\/\/schema.org","@graph":[{"@type":"WebPage","@id":"https:\/\/ag-frisch.com\/fr\/articles-de-jardinage-de-chine\/","url":"https:\/\/ag-frisch.com\/fr\/articles-de-jardinage-de-chine\/","name":"Mat\u00e9riel de jardinage de Chine | Importation de mat\u00e9riel agricole","isPartOf":{"@id":"https:\/\/ag-frisch.com\/de\/#website"},"datePublished":"2022-05-09T21:15:03+00:00","dateModified":"2023-01-27T04:41:49+00:00","description":"Fournitures de jardin et barbecue de Chine \u2714 Importation chinoise de fournitures agricoles \u2714 Tondeuses \u00e0 gazon \u2714 Cl\u00f4tures \u2714 Terrasses \u25ba Demandez conseil maintenant !","breadcrumb":{"@id":"https:\/\/ag-frisch.com\/fr\/articles-de-jardinage-de-chine\/#breadcrumb"},"inLanguage":"fr-FR","potentialAction":[{"@type":"ReadAction","target":["https:\/\/ag-frisch.com\/fr\/articles-de-jardinage-de-chine\/"]}]},{"@type":"BreadcrumbList","@id":"https:\/\/ag-frisch.com\/fr\/articles-de-jardinage-de-chine\/#breadcrumb","itemListElement":[{"@type":"ListItem","position":1,"name":"Startseite","item":"https:\/\/ag-frisch.com\/de\/"},{"@type":"ListItem","position":2,"name":"Articles de jardinage de Chine"}]},{"@type":"WebSite","@id":"https:\/\/ag-frisch.com\/de\/#website","url":"https:\/\/ag-frisch.com\/de\/","name":"China Import Beratung f\u00fcr den Einkauf aus China","description":"China Import &amp; Export Beratung - Der Dienstleister Ihres Vertrauens f\u00fcr Ihren China Import","publisher":{"@id":"https:\/\/ag-frisch.com\/de\/#organization"},"potentialAction":[{"@type":"SearchAction","target":{"@type":"EntryPoint","urlTemplate":"https:\/\/ag-frisch.com\/de\/?s={search_term_string}"},"query-input":{"@type":"PropertyValueSpecification","valueRequired":true,"valueName":"search_term_string"}}],"inLanguage":"fr-FR"},{"@type":"Organization","@id":"https:\/\/ag-frisch.com\/de\/#organization","name":"Agentur Frisch International Consulting GmbH & Co. KG","url":"https:\/\/ag-frisch.com\/de\/","logo":{"@type":"ImageObject","inLanguage":"fr-FR","@id":"https:\/\/ag-frisch.com\/de\/#\/schema\/logo\/image\/","url":"https:\/\/ag-frisch.com\/wp-content\/uploads\/2021\/08\/ag_logo_rgb_300_small.png","contentUrl":"https:\/\/ag-frisch.com\/wp-content\/uploads\/2021\/08\/ag_logo_rgb_300_small.png","width":153,"height":102,"caption":"Agentur Frisch International Consulting GmbH & Co. KG"},"image":{"@id":"https:\/\/ag-frisch.com\/de\/#\/schema\/logo\/image\/"},"sameAs":["https:\/\/www.facebook.com\/China.Import","https:\/\/x.com\/agenturfrisch"]}]}},"_links":{"self":[{"href":"https:\/\/ag-frisch.com\/fr\/wp-json\/wp\/v2\/pages\/11992","targetHints":{"allow":["GET"]}}],"collection":[{"href":"https:\/\/ag-frisch.com\/fr\/wp-json\/wp\/v2\/pages"}],"about":[{"href":"https:\/\/ag-frisch.com\/fr\/wp-json\/wp\/v2\/types\/page"}],"author":[{"embeddable":true,"href":"https:\/\/ag-frisch.com\/fr\/wp-json\/wp\/v2\/users\/2"}],"replies":[{"embeddable":true,"href":"https:\/\/ag-frisch.com\/fr\/wp-json\/wp\/v2\/comments?post=11992"}],"version-history":[{"count":0,"href":"https:\/\/ag-frisch.com\/fr\/wp-json\/wp\/v2\/pages\/11992\/revisions"}],"wp:attachment":[{"href":"https:\/\/ag-frisch.com\/fr\/wp-json\/wp\/v2\/media?parent=11992"}],"curies":[{"name":"wp","href":"https:\/\/api.w.org\/{rel}","templated":true}]}}