{"id":13374,"date":"2022-09-23T21:16:18","date_gmt":"2022-09-23T19:16:18","guid":{"rendered":"https:\/\/ag-frisch.com\/generateurs-delectricite-de-chine\/"},"modified":"2023-01-27T05:52:25","modified_gmt":"2023-01-27T04:52:25","slug":"generateurs-delectricite-de-chine","status":"publish","type":"page","link":"https:\/\/ag-frisch.com\/fr\/generateurs-delectricite-de-chine\/","title":{"rendered":"G\u00e9n\u00e9rateurs d&#8217;\u00e9lectricit\u00e9 de Chine"},"content":{"rendered":"<p>[et_pb_section fb_built=&#8221;1&#8243; _builder_version=&#8221;4.16&#8243; _module_preset=&#8221;default&#8221; global_colors_info=&#8221;{}&#8221;][et_pb_row _builder_version=&#8221;4.16&#8243; _module_preset=&#8221;default&#8221; global_colors_info=&#8221;{}&#8221;][et_pb_column type=&#8221;4_4&#8243; _builder_version=&#8221;4.16&#8243; _module_preset=&#8221;default&#8221; global_colors_info=&#8221;{}&#8221;][et_pb_cta title=&#8221;G\u00e9n\u00e9rateurs d&#039;\u00e9lectricit\u00e9 de Chine&#8221; button_url=&#8221;https:\/\/ag-frisch.com\/fr\/contact\/&#8221; button_text=&#8221;Faire importer maintenant par des professionnels&#8221; _builder_version=&#8221;4.16&#8243; _module_preset=&#8221;default&#8221; global_colors_info=&#8221;{}&#8221;]<\/p>\n<p>L&#8217;agence d&#8217;importation chinoise Frisch vous aide \u00e0 importer de mani\u00e8re professionnelle des groupes \u00e9lectrog\u00e8nes de Chine en respectant toutes les normes et directives.  <\/p>\n<p>[\/et_pb_cta][et_pb_text _builder_version=&#8221;4.16&#8243; _module_preset=&#8221;default&#8221; global_colors_info=&#8221;{}&#8221;]<\/p>\n<p><strong>G\u00e9n\u00e9rateurs d&#8217;\u00e9lectricit\u00e9 de Chine<\/strong><\/p>\n<p>Si vous souhaitez importer des g\u00e9n\u00e9rateurs \u00e9lectriques de Chine, vous \u00eates \u00e0 la bonne adresse. Nous avons d\u00e9j\u00e0 import\u00e9 diff\u00e9rents types de g\u00e9n\u00e9rateurs \u00e9lectriques de Chine vers l&#8217;UE pour certains de nos clients, y compris des g\u00e9n\u00e9rateurs diesel et des g\u00e9n\u00e9rateurs solaires. Avec un groupe \u00e9lectrog\u00e8ne suppl\u00e9mentaire, vous avez toujours un groupe \u00e9lectrog\u00e8ne de secours \u00e0 disposition pour plus de s\u00e9curit\u00e9. De nombreux g\u00e9n\u00e9rateurs d&#8217;\u00e9lectricit\u00e9 sont \u00e9galement adapt\u00e9s au camping ou aux sorties pique-nique en raison de leur taille compacte.<\/p>\n<p><strong>Mode \u00e9conomique pour les g\u00e9n\u00e9rateurs de courant<\/strong><\/p>\n<p>Certains groupes \u00e9lectrog\u00e8nes inverter disposent d&#8217;un mode \u00e9conomique (ou mode ECO). Celui-ci peut permettre une \u00e9conomie de carburant de votre g\u00e9n\u00e9rateur si celui-ci fonctionne en mode \u00e9conomique, c&#8217;est-\u00e0-dire en dessous de sa puissance maximale.<\/p>\n<p><strong>Stations d&#8217;alimentation portables<\/strong><\/p>\n<p>Les stations \u00e9lectriques portables peuvent \u00eatre utilis\u00e9es de la m\u00eame mani\u00e8re que les groupes \u00e9lectrog\u00e8nes et fonctionnent avec des combustibles fossiles comme l&#8217;essence, le diesel ou le gaz. Les Portable Power Stations sont de plus en plus nombreuses sur le march\u00e9 et constituent une bonne alternative d&#8217;alimentation de secours.<\/p>\n<p><strong>Introduire le courant d&#8217;un groupe \u00e9lectrog\u00e8ne de secours dans le courant domestique<\/strong><\/p>\n<p>Dans certaines circonstances, il est possible d&#8217;utiliser l&#8217;\u00e9nergie du groupe \u00e9lectrog\u00e8ne comme courant de secours pour alimenter l&#8217;\u00e9lectronique de la maison. Le plus simple est d&#8217;installer une unit\u00e9 ATS entre la bo\u00eete \u00e0 fusibles et le compteur \u00e9lectrique. En cas de panne de courant, on peut dans ce cas activer directement le g\u00e9n\u00e9rateur de courant et on n&#8217;a ainsi pas de panne prolong\u00e9e du fait qu&#8217;il faudrait \u00e9ventuellement poser des c\u00e2bles pour raccorder des appareils au g\u00e9n\u00e9rateur de courant.<\/p>\n<p><strong>Groupes \u00e9lectrog\u00e8nes conformes aux directives europ\u00e9ennes<\/strong><\/p>\n<p>Les groupes \u00e9lectrog\u00e8nes sont soumis \u00e0 diverses directives europ\u00e9ennes en la mati\u00e8re. Selon sa pr\u00e9sentation et sa fonction, le g\u00e9n\u00e9rateur peut \u00eatre soumis \u00e0 la directive sur les machines, \u00e0 la directive sur la basse tension, \u00e0 la directive sur la compatibilit\u00e9 \u00e9lectromagn\u00e9tique et \u00e0 la directive ROHS pour \u00eatre conforme \u00e0 l&#8217;UE. Souvent, des directives concernant le volume sonore et les \u00e9missions de CO2 s&#8217;y ajoutent, par exemple pour les g\u00e9n\u00e9rateurs diesel. En tant qu&#8217;experts en mati\u00e8re d&#8217;importation de g\u00e9n\u00e9rateurs \u00e9lectriques depuis la Chine, nous connaissons les directives ainsi que les dispositions douani\u00e8res et d&#8217;importation et nous r\u00e9glons tout cela pour vous d\u00e8s la Chine.<\/p>\n<p><strong>Assurance qualit\u00e9 des groupes \u00e9lectrog\u00e8nes de Chine<\/strong><\/p>\n<p>Nos ing\u00e9nieurs en Chine sont notamment form\u00e9s \u00e0 la qualit\u00e9 pour les g\u00e9n\u00e9rateurs d&#8217;\u00e9lectricit\u00e9 destin\u00e9s \u00e0 l&#8217;UE et au respect des normes DIN. Ils s&#8217;occupent d\u00e9j\u00e0 en Chine de faire en sorte que vous soyez satisfaits de la qualit\u00e9 des g\u00e9n\u00e9rateurs d&#8217;\u00e9lectricit\u00e9 fabriqu\u00e9s en Chine. Ainsi, vous n&#8217;avez pas de stress li\u00e9 \u00e0 de nombreuses r\u00e9clamations et vous pouvez vous concentrer enti\u00e8rement sur la vente.<\/p>\n<p><strong>Exp\u00e9dition de g\u00e9n\u00e9rateurs \u00e9lectriques depuis la Chine<\/strong><\/p>\n<p>Nous pouvons nous occuper de la logistique de vos g\u00e9n\u00e9rateurs \u00e9lectriques en provenance de Chine. Selon le type de construction de votre g\u00e9n\u00e9rateur d&#8217;\u00e9lectricit\u00e9 en provenance de Chine, il peut y avoir des dispositions particuli\u00e8res lors de l&#8217;exp\u00e9dition. Nous nous occupons cependant volontiers de l&#8217;exp\u00e9dition de vos g\u00e9n\u00e9rateurs depuis la Chine, afin qu&#8217;il n&#8217;y ait pas de probl\u00e8me lors de l&#8217;exp\u00e9dition vers l&#8217;UE ou l&#8217;Allemagne.<\/p>\n<p>&nbsp;<\/p>\n<p><strong>Si vous souhaitez importer des groupes \u00e9lectrog\u00e8nes de Chine, n&#8217;h\u00e9sitez pas \u00e0 nous contacter et nous serons heureux de vous aider dans vos importations depuis la Chine.  <\/strong><\/p>\n<p>[\/et_pb_text][\/et_pb_column][\/et_pb_row][\/et_pb_section][et_pb_section fb_built=&#8221;1&#8243; admin_label=&#8221;Testimonials&#8221; _builder_version=&#8221;4.16&#8243; use_background_color_gradient=&#8221;on&#8221; background_color_gradient_stops=&#8221;rgba(0,106,156,0.85) 0%|rgba(0,106,156,0.85) 100%&#8221; background_color_gradient_start=&#8221;rgba(0,106,156,0.85)&#8221; background_color_gradient_end=&#8221;rgba(0,106,156,0.85)&#8221; custom_padding=&#8221;90px||60px|&#8221; animation_style=&#8221;fold&#8221; animation_direction=&#8221;bottom&#8221; animation_intensity_fold=&#8221;4%&#8221; global_colors_info=&#8221;{}&#8221; theme_builder_area=&#8221;post_content&#8221;][et_pb_row _builder_version=&#8221;4.16&#8243; background_size=&#8221;initial&#8221; background_position=&#8221;top_left&#8221; background_repeat=&#8221;repeat&#8221; custom_width_px=&#8221;710px&#8221; locked=&#8221;off&#8221; global_colors_info=&#8221;{}&#8221; theme_builder_area=&#8221;post_content&#8221;][et_pb_column type=&#8221;4_4&#8243; _builder_version=&#8221;4.16&#8243; background_position=&#8221;top_left&#8221; custom_padding=&#8221;|||&#8221; global_colors_info=&#8221;{}&#8221; custom_padding__hover=&#8221;|||&#8221; theme_builder_area=&#8221;post_content&#8221;][et_pb_text admin_label=&#8221;Testimonials Section Title&#8221; _builder_version=&#8221;4.16&#8243; header_font=&#8221;Montserrat||||&#8221; header_font_size=&#8221;36px&#8221; background_size=&#8221;initial&#8221; background_position=&#8221;top_left&#8221; background_repeat=&#8221;repeat&#8221; text_orientation=&#8221;center&#8221; background_layout=&#8221;dark&#8221; max_width=&#8221;710px&#8221; module_alignment=&#8221;center&#8221; animation_style=&#8221;fold&#8221; animation_direction=&#8221;bottom&#8221; animation_intensity_fold=&#8221;20%&#8221; global_colors_info=&#8221;{}&#8221; theme_builder_area=&#8221;post_content&#8221;]<\/p>\n<h1>Plus de 5000 clients satisfaits.<\/h1>\n<p>&nbsp;<\/p>\n<p>[\/et_pb_text][et_pb_divider color=&#8221;#ffffff&#8221; divider_weight=&#8221;3px&#8221; disabled_on=&#8221;off|off|off&#8221; _builder_version=&#8221;4.16&#8243; background_color_gradient_direction=&#8221;90deg&#8221; max_width=&#8221;100px&#8221; module_alignment=&#8221;center&#8221; height=&#8221;5px&#8221; custom_margin=&#8221;||20px|&#8221; custom_padding=&#8221;||20px|&#8221; animation_style=&#8221;slide&#8221; animation_direction=&#8221;bottom&#8221; saved_tabs=&#8221;all&#8221; locked=&#8221;off&#8221; global_colors_info=&#8221;{}&#8221; theme_builder_area=&#8221;post_content&#8221;][\/et_pb_divider][\/et_pb_column][\/et_pb_row][et_pb_row column_structure=&#8221;1_2,1_2&#8243; _builder_version=&#8221;4.18.1&#8243; _module_preset=&#8221;default&#8221; global_colors_info=&#8221;{}&#8221; theme_builder_area=&#8221;post_content&#8221;][et_pb_column type=&#8221;1_2&#8243; _builder_version=&#8221;4.18.1&#8243; _module_preset=&#8221;default&#8221; global_colors_info=&#8221;{}&#8221; theme_builder_area=&#8221;post_content&#8221;][et_pb_testimonial author=&#8221;Marco&#8221; portrait_url=&#8221;https:\/\/ag-frisch.com\/wp-content\/uploads\/2021\/08\/Harald.png&#8221; quote_icon=&#8221;off&#8221; _builder_version=&#8221;4.18.1&#8243; _module_preset=&#8221;default&#8221; body_font_size=&#8221;16px&#8221; use_background_color=&#8221;off&#8221; background_layout=&#8221;dark&#8221; global_colors_info=&#8221;{}&#8221; theme_builder_area=&#8221;post_content&#8221;]J&#8217;ai demand\u00e9 \u00e0 l&#8217;agence Frisch de faire produire un meuble de grande taille en Chine et de le transf\u00e9rer ensuite en Allemagne. La communication par e-mail a \u00e9t\u00e9 fluide tout au long du processus ! Des r\u00e9ponses tr\u00e8s rapides et fiables m&#8217;ont apport\u00e9 en permanence les garanties indispensables \u00e0 une telle entreprise. J&#8217;ai toujours \u00e9t\u00e9 aid\u00e9 dans la jungle bureaucratique et aucun formulaire n&#8217;a \u00e9t\u00e9 oubli\u00e9 ou mal rempli. Tr\u00e8s louable !<a href=\"&lt;div%20class=%22pe-richsnippets%22&gt;&nbsp;&lt;\/div&gt;%20&lt;script%20type=%22text\/javascript%22%20src=%22https:\/\/www.provenexpert.com\/widget\/richsnippet.js?u=1NUA0VwZ4RUZ5tmAi5zA4RaplNKAlWwZ&amp;v=2%22%20async&gt;&lt;\/script&gt;%20&lt;div%20style=%22text-align:%20justify;%22&gt;&lt;br%20\/&gt;\"><\/a><\/p>\n<div class=\"brow ratingBarMargin\">\n<div class=\"ratingBar\">\n<div class=\"brow\">\n<div class=\"pe-richsnippets\">&nbsp;<\/div>\n<p><script type=\"text\/javascript\" src=\"https:\/\/www.provenexpert.com\/widget\/richsnippet.js?u=1NUA0VwZ4RUZ5tmAi5zA4RaplNKAlWwZ&amp;v=2\" async=\"\"><\/script><\/p>\n<div style=\"text-align: justify;\"><\/p>\n<div class=\"col-lg-9 col-md-8 col-xs-10 mt20 mb20\">\n<div class=\"col-xs-12 surveyNameForRating\"><\/div>\n<\/div>\n<\/div>\n<\/div>\n<\/div>\n<\/div>\n<p>[\/et_pb_testimonial][\/et_pb_column][et_pb_column type=&#8221;1_2&#8243; _builder_version=&#8221;4.18.1&#8243; _module_preset=&#8221;default&#8221; global_colors_info=&#8221;{}&#8221; theme_builder_area=&#8221;post_content&#8221;][et_pb_testimonial author=&#8221;Simone L.&#8221; portrait_url=&#8221;https:\/\/ag-frisch.com\/wp-content\/uploads\/2021\/08\/Harald.png&#8221; quote_icon=&#8221;off&#8221; _builder_version=&#8221;4.18.1&#8243; _module_preset=&#8221;default&#8221; body_font_size=&#8221;16px&#8221; use_background_color=&#8221;off&#8221; background_layout=&#8221;dark&#8221; global_colors_info=&#8221;{}&#8221; theme_builder_area=&#8221;post_content&#8221;]<\/p>\n<p>Tout est au top. On ne peut pas faire mieux. On ne peut pas faire mieux en mati\u00e8re de conseil et de r\u00e9alisation. Apr\u00e8s avoir pass\u00e9 plusieurs commandes aupr\u00e8s de cette entreprise, nous sommes plus que satisfaits et poursuivons notre collaboration.<\/p>\n<div class=\"brow ratingBarMargin\">\n<div class=\"ratingBar\">\n<div class=\"brow\">\n<div class=\"pe-richsnippets\"> <\/div>\n<p>\n<script type=\"text\/javascript\" src=\"https:\/\/www.provenexpert.com\/widget\/richsnippet.js?u=1NUA0VwZ4RUZ5tmAi5zA4RaplNKAlWwZ&amp;v=2\" async=\"\"><\/script>\n<\/p>\n<div style=\"text-align: justify;\">\n<p>&nbsp;<\/p>\n<div class=\"col-lg-9 col-md-8 col-xs-10 mt20 mb20\">\n<div class=\"col-xs-12 surveyNameForRating\"><\/div>\n<\/div>\n<\/div>\n<\/div>\n<\/div>\n<\/div>\n<p>[\/et_pb_testimonial][\/et_pb_column][\/et_pb_row][et_pb_row _builder_version=&#8221;4.16&#8243; background_size=&#8221;initial&#8221; background_position=&#8221;top_left&#8221; background_repeat=&#8221;repeat&#8221; custom_padding=&#8221;50px|0px|30px|0px&#8221; custom_css_main_element=&#8221;text-align: center;&#8221; global_colors_info=&#8221;{}&#8221; theme_builder_area=&#8221;post_content&#8221;][et_pb_column type=&#8221;4_4&#8243; _builder_version=&#8221;4.16&#8243; custom_padding=&#8221;|||&#8221; global_colors_info=&#8221;{}&#8221; custom_padding__hover=&#8221;|||&#8221; theme_builder_area=&#8221;post_content&#8221;][et_pb_button button_url=&#8221;https:\/\/www.provenexpert.com\/de-de\/agentur-frisch-international-consulting-gmbh-und-co-kg\/&#8221; button_text=&#8221;PLUS D&#039;AVIS&#8221; button_alignment=&#8221;left&#8221; admin_label=&#8221;Testimonial Button&#8221; _builder_version=&#8221;4.16&#8243; custom_button=&#8221;on&#8221; button_text_size=&#8221;18px&#8221; button_text_color=&#8221;#ffffff&#8221; button_bg_color=&#8221;#6eba01&#8243; button_border_width=&#8221;2px&#8221; button_border_color=&#8221;#6eba01&#8243; button_border_radius=&#8221;0px&#8221; button_letter_spacing=&#8221;2px&#8221; button_font=&#8221;Montserrat|||on|&#8221; button_use_icon=&#8221;off&#8221; animation_style=&#8221;fold&#8221; animation_direction=&#8221;bottom&#8221; button_text_color_hover=&#8221;#ffffff&#8221; button_border_color_hover=&#8221;#ffffff&#8221; button_border_radius_hover=&#8221;0px&#8221; button_letter_spacing_hover=&#8221;2px&#8221; button_bg_color_hover=&#8221;rgba(255,255,255,0)&#8221; locked=&#8221;off&#8221; global_colors_info=&#8221;{}&#8221; button_text_size__hover_enabled=&#8221;off&#8221; button_one_text_size__hover_enabled=&#8221;off&#8221; button_two_text_size__hover_enabled=&#8221;off&#8221; button_text_color__hover_enabled=&#8221;on&#8221; button_text_color__hover=&#8221;#ffffff&#8221; button_one_text_color__hover_enabled=&#8221;off&#8221; button_two_text_color__hover_enabled=&#8221;off&#8221; button_border_width__hover_enabled=&#8221;off&#8221; button_one_border_width__hover_enabled=&#8221;off&#8221; button_two_border_width__hover_enabled=&#8221;off&#8221; button_border_color__hover_enabled=&#8221;on&#8221; button_border_color__hover=&#8221;#ffffff&#8221; button_one_border_color__hover_enabled=&#8221;off&#8221; button_two_border_color__hover_enabled=&#8221;off&#8221; button_border_radius__hover_enabled=&#8221;on&#8221; button_border_radius__hover=&#8221;0px&#8221; button_one_border_radius__hover_enabled=&#8221;off&#8221; button_two_border_radius__hover_enabled=&#8221;off&#8221; button_letter_spacing__hover_enabled=&#8221;on&#8221; button_letter_spacing__hover=&#8221;2px&#8221; button_one_letter_spacing__hover_enabled=&#8221;off&#8221; button_two_letter_spacing__hover_enabled=&#8221;off&#8221; button_bg_color__hover_enabled=&#8221;on&#8221; button_bg_color__hover=&#8221;rgba(255,255,255,0)&#8221; button_one_bg_color__hover_enabled=&#8221;off&#8221; button_two_bg_color__hover_enabled=&#8221;off&#8221; theme_builder_area=&#8221;post_content&#8221;][\/et_pb_button][\/et_pb_column][\/et_pb_row][\/et_pb_section]<\/p>\n","protected":false},"excerpt":{"rendered":"<p>L&#8217;agence d&#8217;importation chinoise Frisch vous aide \u00e0 importer de mani\u00e8re professionnelle des groupes \u00e9lectrog\u00e8nes de Chine en respectant toutes les normes et directives. G\u00e9n\u00e9rateurs d&#8217;\u00e9lectricit\u00e9 de Chine Si vous souhaitez importer des g\u00e9n\u00e9rateurs \u00e9lectriques de Chine, vous \u00eates \u00e0 la bonne adresse. Nous avons d\u00e9j\u00e0 import\u00e9 diff\u00e9rents types de g\u00e9n\u00e9rateurs \u00e9lectriques de Chine vers l&#8217;UE [&hellip;]<\/p>\n","protected":false},"author":2,"featured_media":0,"parent":0,"menu_order":0,"comment_status":"closed","ping_status":"closed","template":"","meta":{"_et_pb_use_builder":"on","_et_pb_old_content":"","_et_gb_content_width":"","footnotes":""},"class_list":["post-13374","page","type-page","status-publish","hentry"],"yoast_head":"<!-- This site is optimized with the Yoast SEO plugin v27.2 - https:\/\/yoast.com\/product\/yoast-seo-wordpress\/ -->\n<title>Importer des g\u00e9n\u00e9rateurs \u00e9lectriques de Chine\/Importer directement de Chine<\/title>\n<meta name=\"description\" content=\"Importer des g\u00e9n\u00e9rateurs \u00e9lectriques de Chine \u25bb Fabricant avec la meilleure \u00e9valuation \u2713 \u00c9chantillon pr\u00e9alable\u2713 Paiement s\u00e9curis\u00e9\u2713 Conforme \u00e0 l&#039;UE\u25bb Demandez maintenant \u00e0 l&#039;expert !\" \/>\n<meta name=\"robots\" content=\"index, follow, max-snippet:-1, max-image-preview:large, max-video-preview:-1\" \/>\n<link rel=\"canonical\" href=\"https:\/\/ag-frisch.com\/fr\/generateurs-delectricite-de-chine\/\" \/>\n<meta property=\"og:locale\" content=\"fr_FR\" \/>\n<meta property=\"og:type\" content=\"article\" \/>\n<meta property=\"og:title\" content=\"Importer des g\u00e9n\u00e9rateurs \u00e9lectriques de Chine\/Importer directement de Chine\" \/>\n<meta property=\"og:description\" content=\"Importer des g\u00e9n\u00e9rateurs \u00e9lectriques de Chine \u25bb Fabricant avec la meilleure \u00e9valuation \u2713 \u00c9chantillon pr\u00e9alable\u2713 Paiement s\u00e9curis\u00e9\u2713 Conforme \u00e0 l&#039;UE\u25bb Demandez maintenant \u00e0 l&#039;expert !\" \/>\n<meta property=\"og:url\" content=\"https:\/\/ag-frisch.com\/fr\/generateurs-delectricite-de-chine\/\" \/>\n<meta property=\"og:site_name\" content=\"China Import Beratung f\u00fcr den Einkauf aus China\" \/>\n<meta property=\"article:publisher\" content=\"https:\/\/www.facebook.com\/China.Import\" \/>\n<meta property=\"article:modified_time\" content=\"2023-01-27T04:52:25+00:00\" \/>\n<meta name=\"twitter:card\" content=\"summary_large_image\" \/>\n<meta name=\"twitter:site\" content=\"@agenturfrisch\" \/>\n<meta name=\"twitter:label1\" content=\"Dur\u00e9e de lecture estim\u00e9e\" \/>\n\t<meta name=\"twitter:data1\" content=\"8 minutes\" \/>\n<script type=\"application\/ld+json\" class=\"yoast-schema-graph\">{\"@context\":\"https:\/\/schema.org\",\"@graph\":[{\"@type\":\"WebPage\",\"@id\":\"https:\/\/ag-frisch.com\/fr\/generateurs-delectricite-de-chine\/\",\"url\":\"https:\/\/ag-frisch.com\/fr\/generateurs-delectricite-de-chine\/\",\"name\":\"Importer des g\u00e9n\u00e9rateurs \u00e9lectriques de Chine\/Importer directement de Chine\",\"isPartOf\":{\"@id\":\"https:\/\/ag-frisch.com\/de\/#website\"},\"datePublished\":\"2022-09-23T19:16:18+00:00\",\"dateModified\":\"2023-01-27T04:52:25+00:00\",\"description\":\"Importer des g\u00e9n\u00e9rateurs \u00e9lectriques de Chine \u25bb Fabricant avec la meilleure \u00e9valuation \u2713 \u00c9chantillon pr\u00e9alable\u2713 Paiement s\u00e9curis\u00e9\u2713 Conforme \u00e0 l'UE\u25bb Demandez maintenant \u00e0 l'expert !\",\"breadcrumb\":{\"@id\":\"https:\/\/ag-frisch.com\/fr\/generateurs-delectricite-de-chine\/#breadcrumb\"},\"inLanguage\":\"fr-FR\",\"potentialAction\":[{\"@type\":\"ReadAction\",\"target\":[\"https:\/\/ag-frisch.com\/fr\/generateurs-delectricite-de-chine\/\"]}]},{\"@type\":\"BreadcrumbList\",\"@id\":\"https:\/\/ag-frisch.com\/fr\/generateurs-delectricite-de-chine\/#breadcrumb\",\"itemListElement\":[{\"@type\":\"ListItem\",\"position\":1,\"name\":\"Startseite\",\"item\":\"https:\/\/ag-frisch.com\/de\/\"},{\"@type\":\"ListItem\",\"position\":2,\"name\":\"G\u00e9n\u00e9rateurs d&#8217;\u00e9lectricit\u00e9 de Chine\"}]},{\"@type\":\"WebSite\",\"@id\":\"https:\/\/ag-frisch.com\/de\/#website\",\"url\":\"https:\/\/ag-frisch.com\/de\/\",\"name\":\"China Import Beratung f\u00fcr den Einkauf aus China\",\"description\":\"China Import &amp; Export Beratung - Der Dienstleister Ihres Vertrauens f\u00fcr Ihren China Import\",\"publisher\":{\"@id\":\"https:\/\/ag-frisch.com\/de\/#organization\"},\"potentialAction\":[{\"@type\":\"SearchAction\",\"target\":{\"@type\":\"EntryPoint\",\"urlTemplate\":\"https:\/\/ag-frisch.com\/de\/?s={search_term_string}\"},\"query-input\":{\"@type\":\"PropertyValueSpecification\",\"valueRequired\":true,\"valueName\":\"search_term_string\"}}],\"inLanguage\":\"fr-FR\"},{\"@type\":\"Organization\",\"@id\":\"https:\/\/ag-frisch.com\/de\/#organization\",\"name\":\"Agentur Frisch International Consulting GmbH & Co. KG\",\"url\":\"https:\/\/ag-frisch.com\/de\/\",\"logo\":{\"@type\":\"ImageObject\",\"inLanguage\":\"fr-FR\",\"@id\":\"https:\/\/ag-frisch.com\/de\/#\/schema\/logo\/image\/\",\"url\":\"https:\/\/ag-frisch.com\/wp-content\/uploads\/2021\/08\/ag_logo_rgb_300_small.png\",\"contentUrl\":\"https:\/\/ag-frisch.com\/wp-content\/uploads\/2021\/08\/ag_logo_rgb_300_small.png\",\"width\":153,\"height\":102,\"caption\":\"Agentur Frisch International Consulting GmbH & Co. KG\"},\"image\":{\"@id\":\"https:\/\/ag-frisch.com\/de\/#\/schema\/logo\/image\/\"},\"sameAs\":[\"https:\/\/www.facebook.com\/China.Import\",\"https:\/\/x.com\/agenturfrisch\"]}]}<\/script>\n<!-- \/ Yoast SEO plugin. -->","yoast_head_json":{"title":"Importer des g\u00e9n\u00e9rateurs \u00e9lectriques de Chine\/Importer directement de Chine","description":"Importer des g\u00e9n\u00e9rateurs \u00e9lectriques de Chine \u25bb Fabricant avec la meilleure \u00e9valuation \u2713 \u00c9chantillon pr\u00e9alable\u2713 Paiement s\u00e9curis\u00e9\u2713 Conforme \u00e0 l'UE\u25bb Demandez maintenant \u00e0 l'expert !","robots":{"index":"index","follow":"follow","max-snippet":"max-snippet:-1","max-image-preview":"max-image-preview:large","max-video-preview":"max-video-preview:-1"},"canonical":"https:\/\/ag-frisch.com\/fr\/generateurs-delectricite-de-chine\/","og_locale":"fr_FR","og_type":"article","og_title":"Importer des g\u00e9n\u00e9rateurs \u00e9lectriques de Chine\/Importer directement de Chine","og_description":"Importer des g\u00e9n\u00e9rateurs \u00e9lectriques de Chine \u25bb Fabricant avec la meilleure \u00e9valuation \u2713 \u00c9chantillon pr\u00e9alable\u2713 Paiement s\u00e9curis\u00e9\u2713 Conforme \u00e0 l'UE\u25bb Demandez maintenant \u00e0 l'expert !","og_url":"https:\/\/ag-frisch.com\/fr\/generateurs-delectricite-de-chine\/","og_site_name":"China Import Beratung f\u00fcr den Einkauf aus China","article_publisher":"https:\/\/www.facebook.com\/China.Import","article_modified_time":"2023-01-27T04:52:25+00:00","twitter_card":"summary_large_image","twitter_site":"@agenturfrisch","twitter_misc":{"Dur\u00e9e de lecture estim\u00e9e":"8 minutes"},"schema":{"@context":"https:\/\/schema.org","@graph":[{"@type":"WebPage","@id":"https:\/\/ag-frisch.com\/fr\/generateurs-delectricite-de-chine\/","url":"https:\/\/ag-frisch.com\/fr\/generateurs-delectricite-de-chine\/","name":"Importer des g\u00e9n\u00e9rateurs \u00e9lectriques de Chine\/Importer directement de Chine","isPartOf":{"@id":"https:\/\/ag-frisch.com\/de\/#website"},"datePublished":"2022-09-23T19:16:18+00:00","dateModified":"2023-01-27T04:52:25+00:00","description":"Importer des g\u00e9n\u00e9rateurs \u00e9lectriques de Chine \u25bb Fabricant avec la meilleure \u00e9valuation \u2713 \u00c9chantillon pr\u00e9alable\u2713 Paiement s\u00e9curis\u00e9\u2713 Conforme \u00e0 l'UE\u25bb Demandez maintenant \u00e0 l'expert !","breadcrumb":{"@id":"https:\/\/ag-frisch.com\/fr\/generateurs-delectricite-de-chine\/#breadcrumb"},"inLanguage":"fr-FR","potentialAction":[{"@type":"ReadAction","target":["https:\/\/ag-frisch.com\/fr\/generateurs-delectricite-de-chine\/"]}]},{"@type":"BreadcrumbList","@id":"https:\/\/ag-frisch.com\/fr\/generateurs-delectricite-de-chine\/#breadcrumb","itemListElement":[{"@type":"ListItem","position":1,"name":"Startseite","item":"https:\/\/ag-frisch.com\/de\/"},{"@type":"ListItem","position":2,"name":"G\u00e9n\u00e9rateurs d&#8217;\u00e9lectricit\u00e9 de Chine"}]},{"@type":"WebSite","@id":"https:\/\/ag-frisch.com\/de\/#website","url":"https:\/\/ag-frisch.com\/de\/","name":"China Import Beratung f\u00fcr den Einkauf aus China","description":"China Import &amp; Export Beratung - Der Dienstleister Ihres Vertrauens f\u00fcr Ihren China Import","publisher":{"@id":"https:\/\/ag-frisch.com\/de\/#organization"},"potentialAction":[{"@type":"SearchAction","target":{"@type":"EntryPoint","urlTemplate":"https:\/\/ag-frisch.com\/de\/?s={search_term_string}"},"query-input":{"@type":"PropertyValueSpecification","valueRequired":true,"valueName":"search_term_string"}}],"inLanguage":"fr-FR"},{"@type":"Organization","@id":"https:\/\/ag-frisch.com\/de\/#organization","name":"Agentur Frisch International Consulting GmbH & Co. KG","url":"https:\/\/ag-frisch.com\/de\/","logo":{"@type":"ImageObject","inLanguage":"fr-FR","@id":"https:\/\/ag-frisch.com\/de\/#\/schema\/logo\/image\/","url":"https:\/\/ag-frisch.com\/wp-content\/uploads\/2021\/08\/ag_logo_rgb_300_small.png","contentUrl":"https:\/\/ag-frisch.com\/wp-content\/uploads\/2021\/08\/ag_logo_rgb_300_small.png","width":153,"height":102,"caption":"Agentur Frisch International Consulting GmbH & Co. KG"},"image":{"@id":"https:\/\/ag-frisch.com\/de\/#\/schema\/logo\/image\/"},"sameAs":["https:\/\/www.facebook.com\/China.Import","https:\/\/x.com\/agenturfrisch"]}]}},"_links":{"self":[{"href":"https:\/\/ag-frisch.com\/fr\/wp-json\/wp\/v2\/pages\/13374","targetHints":{"allow":["GET"]}}],"collection":[{"href":"https:\/\/ag-frisch.com\/fr\/wp-json\/wp\/v2\/pages"}],"about":[{"href":"https:\/\/ag-frisch.com\/fr\/wp-json\/wp\/v2\/types\/page"}],"author":[{"embeddable":true,"href":"https:\/\/ag-frisch.com\/fr\/wp-json\/wp\/v2\/users\/2"}],"replies":[{"embeddable":true,"href":"https:\/\/ag-frisch.com\/fr\/wp-json\/wp\/v2\/comments?post=13374"}],"version-history":[{"count":0,"href":"https:\/\/ag-frisch.com\/fr\/wp-json\/wp\/v2\/pages\/13374\/revisions"}],"wp:attachment":[{"href":"https:\/\/ag-frisch.com\/fr\/wp-json\/wp\/v2\/media?parent=13374"}],"curies":[{"name":"wp","href":"https:\/\/api.w.org\/{rel}","templated":true}]}}