{"id":13473,"date":"2022-10-11T22:36:20","date_gmt":"2022-10-11T20:36:20","guid":{"rendered":"https:\/\/ag-frisch.com\/importation-de-chine-3\/"},"modified":"2023-01-27T05:52:30","modified_gmt":"2023-01-27T04:52:30","slug":"importation-de-chine-3","status":"publish","type":"page","link":"https:\/\/ag-frisch.com\/fr\/importation-de-chine-3\/","title":{"rendered":"Importation de Chine"},"content":{"rendered":"<p>[et_pb_section fb_built=&#8221;1&#8243; _builder_version=&#8221;4.16&#8243; _module_preset=&#8221;default&#8221; custom_padding=&#8221;||54px|||&#8221; global_colors_info=&#8221;{}&#8221;][et_pb_row _builder_version=&#8221;4.18.1&#8243; _module_preset=&#8221;default&#8221;][et_pb_column _builder_version=&#8221;4.18.1&#8243; _module_preset=&#8221;default&#8221; type=&#8221;4_4&#8243;][et_pb_cta title=&#8221;Conseil en importation de Chine&#8221; button_url=&#8221;https:\/\/ag-frisch.com\/fr\/contact\/&#8221; button_text=&#8221;R\u00e9server une consultation maintenant&#8221; _builder_version=&#8221;4.16&#8243; _module_preset=&#8221;default&#8221; global_colors_info=&#8221;{}&#8221; theme_builder_area=&#8221;post_content&#8221;]<\/p>\n<p>Gr\u00e2ce aux conseils de l&#8217;agence d&#8217;importation chinoise Frisch, vous r\u00e9ussirez vos affaires en Chine comme les professionnels.  <\/p>\n<p>[\/et_pb_cta][\/et_pb_column][\/et_pb_row][et_pb_row _builder_version=&#8221;4.16&#8243; _module_preset=&#8221;default&#8221; global_colors_info=&#8221;{}&#8221;][et_pb_column type=&#8221;4_4&#8243; _builder_version=&#8221;4.16&#8243; _module_preset=&#8221;default&#8221; global_colors_info=&#8221;{}&#8221;][et_pb_text _builder_version=&#8221;4.18.1&#8243; _module_preset=&#8221;default&#8221; global_colors_info=&#8221;{}&#8221;]<\/p>\n<h1>\u00c9conomiser de l&#8217;argent sur les importations chinoises &#8211; Acheter \u00e0 bas prix pour une marge maximale<\/h1>\n<p>Pour ceux qui souhaitent r\u00e9duire leurs co\u00fbts d&#8217;achat, il ne reste plus qu&#8217;\u00e0 regarder du c\u00f4t\u00e9 de la Chine. L&#8217;<strong>importation de Chine<\/strong> permet de r\u00e9duire les co\u00fbts et d&#8217;acheter moins cher en grandes quantit\u00e9s. Mais l&#8217;<strong>importation de Chine<\/strong> est aussi synonyme de nombreux dangers et risques. Si l&#8217;on n&#8217;a pas de contacts en Chine et que l&#8217;on ne conna\u00eet pas la mentalit\u00e9 et les habitudes commerciales du pays, on a tout int\u00e9r\u00eat \u00e0 confier ses achats \u00e0 un prestataire de services professionnel. La plupart des prestataires de services <strong>d&#8217;importation de Chine<\/strong> ont non seulement une \u00e9quipe sur place en Chine, mais ils connaissent en plus les dispositions en mati\u00e8re de douane et d&#8217;importation, de sorte que la marchandise arrive en Allemagne ou dans l&#8217;UE en toute s\u00e9curit\u00e9 et sans risque. De nombreuses erreurs peuvent se produire lors de l&#8217;importation en Chine, mais vous \u00e9viterez la plupart d&#8217;entre elles en vous adressant \u00e0 un prestataire de services d&#8217;importation chinois professionnel.<\/p>\n<p>Notre recommandation : <a href=\"https:\/\/ag-frisch.com\/de\/china-import-2\/\">Agence d&#8217;importation de Chine Frisch<\/a><\/p>\n<p>&nbsp;<\/p>\n<p><strong>Comment \u00e9conomiser de l&#8217;argent sur les importations chinoises<\/strong><\/p>\n<p>La plupart des personnes qui souhaitent importer de Chine le font dans le but d&#8217;\u00e9conomiser de l&#8217;argent sur les <strong>importations chinoises<\/strong>. La Chine a une capacit\u00e9 presque infinie, il est donc \u00e9vident d&#8217;importer ses produits de Chine, les inconv\u00e9nients \u00e9tant les grandes quantit\u00e9s qu&#8217;il faut acheter en Chine ainsi que les longs et co\u00fbteux transports. Il est peu probable que vous \u00e9conomisiez de l&#8217;argent si vous n&#8217;achetez que de petites quantit\u00e9s de produits en Chine. L&#8217;importation de Chine est toutefois rentable si vous pouvez importer et vendre un produit en grande quantit\u00e9. Pour les grandes quantit\u00e9s, les co\u00fbts de transport calcul\u00e9s sur chaque pi\u00e8ce des produits sont \u00e9galement relativement avantageux, ce qui rend l&#8217;importation depuis la Chine vraiment rentable.<\/p>\n<p>L&#8217;agence Frisch de Berlin peut vous conseiller de mani\u00e8re optimale sur l&#8217;importation de Chine et trouver pour vous le meilleur moyen d&#8217;\u00e9conomiser de l&#8217;argent sur l <strong>&#8216;importation de Chine<\/strong>. Les experts de l&#8217;agence Frisch se tiennent \u00e0 votre disposition pour vous aider \u00e0 <strong>importer de la Chine<\/strong>.<\/p>\n<p>&nbsp;<\/p>\n<p><strong>R\u00e9ussir ses importations en Chine<\/strong><\/p>\n<p>Tout le monde ne r\u00e9ussit pas \u00e0 se lancer dans l&#8217;<strong>importation de Chine<\/strong>. De nombreuses emb\u00fbches nous attendent, qu&#8217;il faut d&#8217;abord surmonter. La phase d&#8217;apprentissage peut \u00eatre tr\u00e8s longue et sem\u00e9e d&#8217;emb\u00fbches. Vous pourrez vous lancer plus rapidement dans une importation r\u00e9ussie en Chine si vous travaillez avec quelqu&#8217;un qui conna\u00eet d\u00e9j\u00e0 toutes les subtilit\u00e9s de l&#8217;<strong> importation en Chine<\/strong>. Les experts de l&#8217;agence d&#8217;importation chinoise Frisch importent depuis pr\u00e8s de 20 ans depuis la Chine et peuvent donc vous assister de mani\u00e8re professionnelle et avec tr\u00e8s peu de risques dans votre <strong>importation chinoise<\/strong>. Gr\u00e2ce au haut niveau d&#8217;expertise des professionnels de l&#8217;importation de Chine, vous \u00eates bien conseill\u00e9 d\u00e8s le d\u00e9part et pouvez vous concentrer sur vos propres comp\u00e9tences professionnelles, comme la vente ou le marketing.<\/p>\n<p>&nbsp;<\/p>\n<p><strong>Le professionnel de l&#8217;importation de Chine \u00e0 Berlin<\/strong><\/p>\n<p>L&#8217;agence Frisch a \u00e9t\u00e9 fond\u00e9e \u00e0 Berlin par David Frisch, expert en <strong>importation de Chine<\/strong>. Depuis 20 ans, David et son \u00e9quipe importent diverses marchandises de Chine pour divers clients dans toute l&#8217;Allemagne, l&#8217;Autriche et la Suisse. Avec l&#8217;aide du conseiller d&#8217;entreprise sp\u00e9cialis\u00e9 en Chine, vous pouvez importer sans probl\u00e8me de Chine d\u00e8s le d\u00e9but, sans frais d&#8217;apprentissage. L&#8217;agence Frisch peut vous conseiller sur les op\u00e9rations mais aussi r\u00e9aliser pour vous, de mani\u00e8re op\u00e9rationnelle, l&#8217;ensemble de l&#8217;importation, y compris l&#8217;assurance qualit\u00e9.<\/p>\n<p>&nbsp;<\/p>\n<p><strong>Importation de Chine &#8211; Economiser \u00e0 l&#8217;achat est le premier pas vers une marge plus \u00e9lev\u00e9e<\/strong><\/p>\n<p>L&#8217;achat en Chine permet g\u00e9n\u00e9ralement de r\u00e9aliser d&#8217;importantes \u00e9conomies, ce qui permet d&#8217;augmenter la marge. Il faut toutefois faire attention \u00e0 certains points lors de l <strong>&#8216;importation en Chine<\/strong>. En tant que premier importateur dans l&#8217;UE, l&#8217;importateur est responsable, d&#8217;un point de vue purement juridique, en tant que fabricant. Pour ne pas avoir \u00e0 s&#8217;y retrouver dans la jungle des lois et des r\u00e8glements, il est pr\u00e9f\u00e9rable de faire appel \u00e0 une agence d&#8217;<strong>importation chinoise<\/strong>. Une telle agence ne s&#8217;occupe pas seulement de l&#8217;ensemble des achats, mais aussi de l&#8217;assurance qualit\u00e9 en Chine. Cela permet au client de se concentrer sur ses comp\u00e9tences cl\u00e9s, tandis que l&#8217;agence d&#8217;importation s&#8217;occupe de l&#8217;achat de la marchandise en Chine.[\/et_pb_text][\/et_pb_column][\/et_pb_row][\/et_pb_section][et_pb_section fb_built=&#8221;1&#8243; admin_label=&#8221;Testimonials&#8221; _builder_version=&#8221;4.16&#8243; use_background_color_gradient=&#8221;on&#8221; background_color_gradient_stops=&#8221;rgba(0,106,156,0.85) 0%|rgba(0,106,156,0.85) 100%&#8221; background_color_gradient_start=&#8221;rgba(0,106,156,0.85)&#8221; background_color_gradient_end=&#8221;rgba(0,106,156,0.85)&#8221; custom_padding=&#8221;90px||60px|&#8221; animation_style=&#8221;fold&#8221; animation_direction=&#8221;bottom&#8221; animation_intensity_fold=&#8221;4%&#8221; global_colors_info=&#8221;{}&#8221; theme_builder_area=&#8221;post_content&#8221;][et_pb_row _builder_version=&#8221;4.16&#8243; background_size=&#8221;initial&#8221; background_position=&#8221;top_left&#8221; background_repeat=&#8221;repeat&#8221; custom_width_px=&#8221;710px&#8221; locked=&#8221;off&#8221; global_colors_info=&#8221;{}&#8221; theme_builder_area=&#8221;post_content&#8221;][et_pb_column type=&#8221;4_4&#8243; _builder_version=&#8221;4.16&#8243; background_position=&#8221;top_left&#8221; custom_padding=&#8221;|||&#8221; global_colors_info=&#8221;{}&#8221; custom_padding__hover=&#8221;|||&#8221; theme_builder_area=&#8221;post_content&#8221;][et_pb_text admin_label=&#8221;Testimonials Section Title&#8221; _builder_version=&#8221;4.16&#8243; header_font=&#8221;Montserrat||||&#8221; header_font_size=&#8221;36px&#8221; background_size=&#8221;initial&#8221; background_position=&#8221;top_left&#8221; background_repeat=&#8221;repeat&#8221; text_orientation=&#8221;center&#8221; background_layout=&#8221;dark&#8221; max_width=&#8221;710px&#8221; module_alignment=&#8221;center&#8221; animation_style=&#8221;fold&#8221; animation_direction=&#8221;bottom&#8221; animation_intensity_fold=&#8221;20%&#8221; global_colors_info=&#8221;{}&#8221; theme_builder_area=&#8221;post_content&#8221;]<\/p>\n<h1>Plus de 5000 clients satisfaits.<\/h1>\n<p>&nbsp;<\/p>\n<p>[\/et_pb_text][et_pb_divider color=&#8221;#ffffff&#8221; divider_weight=&#8221;3px&#8221; disabled_on=&#8221;off|off|off&#8221; _builder_version=&#8221;4.16&#8243; background_color_gradient_direction=&#8221;90deg&#8221; max_width=&#8221;100px&#8221; module_alignment=&#8221;center&#8221; height=&#8221;5px&#8221; custom_margin=&#8221;||20px|&#8221; custom_padding=&#8221;||20px|&#8221; animation_style=&#8221;slide&#8221; animation_direction=&#8221;bottom&#8221; saved_tabs=&#8221;all&#8221; locked=&#8221;off&#8221; global_colors_info=&#8221;{}&#8221; theme_builder_area=&#8221;post_content&#8221;][\/et_pb_divider][\/et_pb_column][\/et_pb_row][et_pb_row column_structure=&#8221;1_2,1_2&#8243; _builder_version=&#8221;4.18.1&#8243; _module_preset=&#8221;default&#8221; global_colors_info=&#8221;{}&#8221; theme_builder_area=&#8221;post_content&#8221;][et_pb_column type=&#8221;1_2&#8243; _builder_version=&#8221;4.18.1&#8243; _module_preset=&#8221;default&#8221; global_colors_info=&#8221;{}&#8221; theme_builder_area=&#8221;post_content&#8221;][et_pb_testimonial author=&#8221;Marco&#8221; portrait_url=&#8221;https:\/\/ag-frisch.com\/wp-content\/uploads\/2021\/08\/Harald.png&#8221; quote_icon=&#8221;off&#8221; _builder_version=&#8221;4.18.1&#8243; _module_preset=&#8221;default&#8221; body_font_size=&#8221;16px&#8221; use_background_color=&#8221;off&#8221; background_layout=&#8221;dark&#8221; global_colors_info=&#8221;{}&#8221; theme_builder_area=&#8221;post_content&#8221;]J&#8217;ai demand\u00e9 \u00e0 l&#8217;agence Frisch de faire produire un meuble de grande taille en Chine et de le transf\u00e9rer ensuite en Allemagne. La communication par e-mail a \u00e9t\u00e9 fluide tout au long du processus ! Des r\u00e9ponses tr\u00e8s rapides et fiables m&#8217;ont apport\u00e9 en permanence les garanties indispensables \u00e0 une telle entreprise. J&#8217;ai toujours \u00e9t\u00e9 aid\u00e9 dans la jungle bureaucratique et aucun formulaire n&#8217;a \u00e9t\u00e9 oubli\u00e9 ou mal rempli. Tr\u00e8s louable !<a href=\"&lt;div%20class=%22pe-richsnippets%22&gt;&nbsp;&lt;\/div&gt;%20&lt;script%20type=%22text\/javascript%22%20src=%22https:\/\/www.provenexpert.com\/widget\/richsnippet.js?u=1NUA0VwZ4RUZ5tmAi5zA4RaplNKAlWwZ&amp;v=2%22%20async&gt;&lt;\/script&gt;%20&lt;div%20style=%22text-align:%20justify;%22&gt;&lt;br%20\/&gt;\"><\/a><\/p>\n<div class=\"brow ratingBarMargin\">\n<div class=\"ratingBar\">\n<div class=\"brow\">\n<div class=\"pe-richsnippets\">&nbsp;<\/div>\n<p><script type=\"text\/javascript\" src=\"https:\/\/www.provenexpert.com\/widget\/richsnippet.js?u=1NUA0VwZ4RUZ5tmAi5zA4RaplNKAlWwZ&amp;v=2\" async=\"\"><\/script><\/p>\n<div style=\"text-align: justify;\"><\/p>\n<div class=\"col-lg-9 col-md-8 col-xs-10 mt20 mb20\">\n<div class=\"col-xs-12 surveyNameForRating\"><\/div>\n<\/div>\n<\/div>\n<\/div>\n<\/div>\n<\/div>\n<p>[\/et_pb_testimonial][\/et_pb_column][et_pb_column type=&#8221;1_2&#8243; _builder_version=&#8221;4.18.1&#8243; _module_preset=&#8221;default&#8221; global_colors_info=&#8221;{}&#8221; theme_builder_area=&#8221;post_content&#8221;][et_pb_testimonial author=&#8221;Simone L.&#8221; portrait_url=&#8221;https:\/\/ag-frisch.com\/wp-content\/uploads\/2021\/08\/Harald.png&#8221; quote_icon=&#8221;off&#8221; _builder_version=&#8221;4.18.1&#8243; _module_preset=&#8221;default&#8221; body_font_size=&#8221;16px&#8221; use_background_color=&#8221;off&#8221; background_layout=&#8221;dark&#8221; global_colors_info=&#8221;{}&#8221; theme_builder_area=&#8221;post_content&#8221;]<\/p>\n<p>Tout est au top. On ne peut pas faire mieux. On ne peut pas faire mieux en mati\u00e8re de conseil et de r\u00e9alisation. Apr\u00e8s avoir pass\u00e9 plusieurs commandes aupr\u00e8s de cette entreprise, nous sommes plus que satisfaits et poursuivons notre collaboration.<\/p>\n<div class=\"brow ratingBarMargin\">\n<div class=\"ratingBar\">\n<div class=\"brow\">\n<div class=\"pe-richsnippets\"> <\/div>\n<p>\n<script type=\"text\/javascript\" src=\"https:\/\/www.provenexpert.com\/widget\/richsnippet.js?u=1NUA0VwZ4RUZ5tmAi5zA4RaplNKAlWwZ&amp;v=2\" async=\"\"><\/script>\n<\/p>\n<div style=\"text-align: justify;\">\n<p>&nbsp;<\/p>\n<div class=\"col-lg-9 col-md-8 col-xs-10 mt20 mb20\">\n<div class=\"col-xs-12 surveyNameForRating\"><\/div>\n<\/div>\n<\/div>\n<\/div>\n<\/div>\n<\/div>\n<p>[\/et_pb_testimonial][\/et_pb_column][\/et_pb_row][et_pb_row _builder_version=&#8221;4.16&#8243; background_size=&#8221;initial&#8221; background_position=&#8221;top_left&#8221; background_repeat=&#8221;repeat&#8221; custom_padding=&#8221;50px|0px|30px|0px&#8221; custom_css_main_element=&#8221;text-align: center;&#8221; global_colors_info=&#8221;{}&#8221; theme_builder_area=&#8221;post_content&#8221;][et_pb_column type=&#8221;4_4&#8243; _builder_version=&#8221;4.16&#8243; custom_padding=&#8221;|||&#8221; global_colors_info=&#8221;{}&#8221; custom_padding__hover=&#8221;|||&#8221; theme_builder_area=&#8221;post_content&#8221;][et_pb_button button_url=&#8221;https:\/\/www.provenexpert.com\/de-de\/agentur-frisch-international-consulting-gmbh-und-co-kg\/&#8221; button_text=&#8221;PLUS D&#039;AVIS&#8221; button_alignment=&#8221;left&#8221; admin_label=&#8221;Testimonial Button&#8221; _builder_version=&#8221;4.16&#8243; custom_button=&#8221;on&#8221; button_text_size=&#8221;18px&#8221; button_text_color=&#8221;#ffffff&#8221; button_bg_color=&#8221;#6eba01&#8243; button_border_width=&#8221;2px&#8221; button_border_color=&#8221;#6eba01&#8243; button_border_radius=&#8221;0px&#8221; button_letter_spacing=&#8221;2px&#8221; button_font=&#8221;Montserrat|||on|&#8221; button_use_icon=&#8221;off&#8221; animation_style=&#8221;fold&#8221; animation_direction=&#8221;bottom&#8221; button_text_color_hover=&#8221;#ffffff&#8221; button_border_color_hover=&#8221;#ffffff&#8221; button_border_radius_hover=&#8221;0px&#8221; button_letter_spacing_hover=&#8221;2px&#8221; button_bg_color_hover=&#8221;rgba(255,255,255,0)&#8221; locked=&#8221;off&#8221; global_colors_info=&#8221;{}&#8221; button_text_size__hover_enabled=&#8221;off&#8221; button_one_text_size__hover_enabled=&#8221;off&#8221; button_two_text_size__hover_enabled=&#8221;off&#8221; button_text_color__hover_enabled=&#8221;on&#8221; button_text_color__hover=&#8221;#ffffff&#8221; button_one_text_color__hover_enabled=&#8221;off&#8221; button_two_text_color__hover_enabled=&#8221;off&#8221; button_border_width__hover_enabled=&#8221;off&#8221; button_one_border_width__hover_enabled=&#8221;off&#8221; button_two_border_width__hover_enabled=&#8221;off&#8221; button_border_color__hover_enabled=&#8221;on&#8221; button_border_color__hover=&#8221;#ffffff&#8221; button_one_border_color__hover_enabled=&#8221;off&#8221; button_two_border_color__hover_enabled=&#8221;off&#8221; button_border_radius__hover_enabled=&#8221;on&#8221; button_border_radius__hover=&#8221;0px&#8221; button_one_border_radius__hover_enabled=&#8221;off&#8221; button_two_border_radius__hover_enabled=&#8221;off&#8221; button_letter_spacing__hover_enabled=&#8221;on&#8221; button_letter_spacing__hover=&#8221;2px&#8221; button_one_letter_spacing__hover_enabled=&#8221;off&#8221; button_two_letter_spacing__hover_enabled=&#8221;off&#8221; button_bg_color__hover_enabled=&#8221;on&#8221; button_bg_color__hover=&#8221;rgba(255,255,255,0)&#8221; button_one_bg_color__hover_enabled=&#8221;off&#8221; button_two_bg_color__hover_enabled=&#8221;off&#8221; theme_builder_area=&#8221;post_content&#8221;][\/et_pb_button][\/et_pb_column][\/et_pb_row][\/et_pb_section]<\/p>\n","protected":false},"excerpt":{"rendered":"<p>Gr\u00e2ce aux conseils de l&#8217;agence d&#8217;importation chinoise Frisch, vous r\u00e9ussirez vos affaires en Chine comme les professionnels. \u00c9conomiser de l&#8217;argent sur les importations chinoises &#8211; Acheter \u00e0 bas prix pour une marge maximale Pour ceux qui souhaitent r\u00e9duire leurs co\u00fbts d&#8217;achat, il ne reste plus qu&#8217;\u00e0 regarder du c\u00f4t\u00e9 de la Chine. L&#8217;importation de Chine [&hellip;]<\/p>\n","protected":false},"author":2,"featured_media":0,"parent":0,"menu_order":0,"comment_status":"closed","ping_status":"closed","template":"","meta":{"_et_pb_use_builder":"on","_et_pb_old_content":"","_et_gb_content_width":"","footnotes":""},"class_list":["post-13473","page","type-page","status-publish","hentry"],"yoast_head":"<!-- This site is optimized with the Yoast SEO plugin v27.4 - https:\/\/yoast.com\/product\/yoast-seo-wordpress\/ -->\n<title>\u00c9conomiser de l&#039;argent sur les importations chinoises gr\u00e2ce \u00e0 des achats avantageux<\/title>\n<meta name=\"description\" content=\"\u00c9conomiser de l&#039;argent en important de la Chine \u25ba La voie vers une marge maximale gr\u00e2ce \u00e0 un achat avantageux \u25ba Utiliser les connaissances techniques des professionnels \u25ba Se faire conseiller par des experts !\" \/>\n<meta name=\"robots\" content=\"index, follow, max-snippet:-1, max-image-preview:large, max-video-preview:-1\" \/>\n<link rel=\"canonical\" href=\"https:\/\/ag-frisch.com\/fr\/importation-de-chine-3\/\" \/>\n<meta property=\"og:locale\" content=\"fr_FR\" \/>\n<meta property=\"og:type\" content=\"article\" \/>\n<meta property=\"og:title\" content=\"\u00c9conomiser de l&#039;argent sur les importations chinoises gr\u00e2ce \u00e0 des achats avantageux\" \/>\n<meta property=\"og:description\" content=\"\u00c9conomiser de l&#039;argent en important de la Chine \u25ba La voie vers une marge maximale gr\u00e2ce \u00e0 un achat avantageux \u25ba Utiliser les connaissances techniques des professionnels \u25ba Se faire conseiller par des experts !\" \/>\n<meta property=\"og:url\" content=\"https:\/\/ag-frisch.com\/fr\/importation-de-chine-3\/\" \/>\n<meta property=\"og:site_name\" content=\"China Import Beratung f\u00fcr den Einkauf aus China\" \/>\n<meta property=\"article:publisher\" content=\"https:\/\/www.facebook.com\/China.Import\" \/>\n<meta property=\"article:modified_time\" content=\"2023-01-27T04:52:30+00:00\" \/>\n<meta name=\"twitter:card\" content=\"summary_large_image\" \/>\n<meta name=\"twitter:site\" content=\"@agenturfrisch\" \/>\n<meta name=\"twitter:label1\" content=\"Dur\u00e9e de lecture estim\u00e9e\" \/>\n\t<meta name=\"twitter:data1\" content=\"9 minutes\" \/>\n<script type=\"application\/ld+json\" class=\"yoast-schema-graph\">{\"@context\":\"https:\\\/\\\/schema.org\",\"@graph\":[{\"@type\":\"WebPage\",\"@id\":\"https:\\\/\\\/ag-frisch.com\\\/fr\\\/importation-de-chine-3\\\/\",\"url\":\"https:\\\/\\\/ag-frisch.com\\\/fr\\\/importation-de-chine-3\\\/\",\"name\":\"\u00c9conomiser de l'argent sur les importations chinoises gr\u00e2ce \u00e0 des achats avantageux\",\"isPartOf\":{\"@id\":\"https:\\\/\\\/ag-frisch.com\\\/de\\\/#website\"},\"datePublished\":\"2022-10-11T20:36:20+00:00\",\"dateModified\":\"2023-01-27T04:52:30+00:00\",\"description\":\"\u00c9conomiser de l'argent en important de la Chine \u25ba La voie vers une marge maximale gr\u00e2ce \u00e0 un achat avantageux \u25ba Utiliser les connaissances techniques des professionnels \u25ba Se faire conseiller par des experts !\",\"breadcrumb\":{\"@id\":\"https:\\\/\\\/ag-frisch.com\\\/fr\\\/importation-de-chine-3\\\/#breadcrumb\"},\"inLanguage\":\"fr-FR\",\"potentialAction\":[{\"@type\":\"ReadAction\",\"target\":[\"https:\\\/\\\/ag-frisch.com\\\/fr\\\/importation-de-chine-3\\\/\"]}]},{\"@type\":\"BreadcrumbList\",\"@id\":\"https:\\\/\\\/ag-frisch.com\\\/fr\\\/importation-de-chine-3\\\/#breadcrumb\",\"itemListElement\":[{\"@type\":\"ListItem\",\"position\":1,\"name\":\"Startseite\",\"item\":\"https:\\\/\\\/ag-frisch.com\\\/de\\\/\"},{\"@type\":\"ListItem\",\"position\":2,\"name\":\"Importation de Chine\"}]},{\"@type\":\"WebSite\",\"@id\":\"https:\\\/\\\/ag-frisch.com\\\/de\\\/#website\",\"url\":\"https:\\\/\\\/ag-frisch.com\\\/de\\\/\",\"name\":\"China Import Beratung f\u00fcr den Einkauf aus China\",\"description\":\"China Import &amp; Export Beratung - Der Dienstleister Ihres Vertrauens f\u00fcr Ihren China Import\",\"publisher\":{\"@id\":\"https:\\\/\\\/ag-frisch.com\\\/de\\\/#organization\"},\"potentialAction\":[{\"@type\":\"SearchAction\",\"target\":{\"@type\":\"EntryPoint\",\"urlTemplate\":\"https:\\\/\\\/ag-frisch.com\\\/de\\\/?s={search_term_string}\"},\"query-input\":{\"@type\":\"PropertyValueSpecification\",\"valueRequired\":true,\"valueName\":\"search_term_string\"}}],\"inLanguage\":\"fr-FR\"},{\"@type\":\"Organization\",\"@id\":\"https:\\\/\\\/ag-frisch.com\\\/de\\\/#organization\",\"name\":\"Agentur Frisch International Consulting GmbH & Co. KG\",\"url\":\"https:\\\/\\\/ag-frisch.com\\\/de\\\/\",\"logo\":{\"@type\":\"ImageObject\",\"inLanguage\":\"fr-FR\",\"@id\":\"https:\\\/\\\/ag-frisch.com\\\/de\\\/#\\\/schema\\\/logo\\\/image\\\/\",\"url\":\"https:\\\/\\\/ag-frisch.com\\\/wp-content\\\/uploads\\\/2021\\\/08\\\/ag_logo_rgb_300_small.png\",\"contentUrl\":\"https:\\\/\\\/ag-frisch.com\\\/wp-content\\\/uploads\\\/2021\\\/08\\\/ag_logo_rgb_300_small.png\",\"width\":153,\"height\":102,\"caption\":\"Agentur Frisch International Consulting GmbH & Co. KG\"},\"image\":{\"@id\":\"https:\\\/\\\/ag-frisch.com\\\/de\\\/#\\\/schema\\\/logo\\\/image\\\/\"},\"sameAs\":[\"https:\\\/\\\/www.facebook.com\\\/China.Import\",\"https:\\\/\\\/x.com\\\/agenturfrisch\"]}]}<\/script>\n<!-- \/ Yoast SEO plugin. -->","yoast_head_json":{"title":"\u00c9conomiser de l'argent sur les importations chinoises gr\u00e2ce \u00e0 des achats avantageux","description":"\u00c9conomiser de l'argent en important de la Chine \u25ba La voie vers une marge maximale gr\u00e2ce \u00e0 un achat avantageux \u25ba Utiliser les connaissances techniques des professionnels \u25ba Se faire conseiller par des experts !","robots":{"index":"index","follow":"follow","max-snippet":"max-snippet:-1","max-image-preview":"max-image-preview:large","max-video-preview":"max-video-preview:-1"},"canonical":"https:\/\/ag-frisch.com\/fr\/importation-de-chine-3\/","og_locale":"fr_FR","og_type":"article","og_title":"\u00c9conomiser de l'argent sur les importations chinoises gr\u00e2ce \u00e0 des achats avantageux","og_description":"\u00c9conomiser de l'argent en important de la Chine \u25ba La voie vers une marge maximale gr\u00e2ce \u00e0 un achat avantageux \u25ba Utiliser les connaissances techniques des professionnels \u25ba Se faire conseiller par des experts !","og_url":"https:\/\/ag-frisch.com\/fr\/importation-de-chine-3\/","og_site_name":"China Import Beratung f\u00fcr den Einkauf aus China","article_publisher":"https:\/\/www.facebook.com\/China.Import","article_modified_time":"2023-01-27T04:52:30+00:00","twitter_card":"summary_large_image","twitter_site":"@agenturfrisch","twitter_misc":{"Dur\u00e9e de lecture estim\u00e9e":"9 minutes"},"schema":{"@context":"https:\/\/schema.org","@graph":[{"@type":"WebPage","@id":"https:\/\/ag-frisch.com\/fr\/importation-de-chine-3\/","url":"https:\/\/ag-frisch.com\/fr\/importation-de-chine-3\/","name":"\u00c9conomiser de l'argent sur les importations chinoises gr\u00e2ce \u00e0 des achats avantageux","isPartOf":{"@id":"https:\/\/ag-frisch.com\/de\/#website"},"datePublished":"2022-10-11T20:36:20+00:00","dateModified":"2023-01-27T04:52:30+00:00","description":"\u00c9conomiser de l'argent en important de la Chine \u25ba La voie vers une marge maximale gr\u00e2ce \u00e0 un achat avantageux \u25ba Utiliser les connaissances techniques des professionnels \u25ba Se faire conseiller par des experts !","breadcrumb":{"@id":"https:\/\/ag-frisch.com\/fr\/importation-de-chine-3\/#breadcrumb"},"inLanguage":"fr-FR","potentialAction":[{"@type":"ReadAction","target":["https:\/\/ag-frisch.com\/fr\/importation-de-chine-3\/"]}]},{"@type":"BreadcrumbList","@id":"https:\/\/ag-frisch.com\/fr\/importation-de-chine-3\/#breadcrumb","itemListElement":[{"@type":"ListItem","position":1,"name":"Startseite","item":"https:\/\/ag-frisch.com\/de\/"},{"@type":"ListItem","position":2,"name":"Importation de Chine"}]},{"@type":"WebSite","@id":"https:\/\/ag-frisch.com\/de\/#website","url":"https:\/\/ag-frisch.com\/de\/","name":"China Import Beratung f\u00fcr den Einkauf aus China","description":"China Import &amp; Export Beratung - Der Dienstleister Ihres Vertrauens f\u00fcr Ihren China Import","publisher":{"@id":"https:\/\/ag-frisch.com\/de\/#organization"},"potentialAction":[{"@type":"SearchAction","target":{"@type":"EntryPoint","urlTemplate":"https:\/\/ag-frisch.com\/de\/?s={search_term_string}"},"query-input":{"@type":"PropertyValueSpecification","valueRequired":true,"valueName":"search_term_string"}}],"inLanguage":"fr-FR"},{"@type":"Organization","@id":"https:\/\/ag-frisch.com\/de\/#organization","name":"Agentur Frisch International Consulting GmbH & Co. KG","url":"https:\/\/ag-frisch.com\/de\/","logo":{"@type":"ImageObject","inLanguage":"fr-FR","@id":"https:\/\/ag-frisch.com\/de\/#\/schema\/logo\/image\/","url":"https:\/\/ag-frisch.com\/wp-content\/uploads\/2021\/08\/ag_logo_rgb_300_small.png","contentUrl":"https:\/\/ag-frisch.com\/wp-content\/uploads\/2021\/08\/ag_logo_rgb_300_small.png","width":153,"height":102,"caption":"Agentur Frisch International Consulting GmbH & Co. KG"},"image":{"@id":"https:\/\/ag-frisch.com\/de\/#\/schema\/logo\/image\/"},"sameAs":["https:\/\/www.facebook.com\/China.Import","https:\/\/x.com\/agenturfrisch"]}]}},"_links":{"self":[{"href":"https:\/\/ag-frisch.com\/fr\/wp-json\/wp\/v2\/pages\/13473","targetHints":{"allow":["GET"]}}],"collection":[{"href":"https:\/\/ag-frisch.com\/fr\/wp-json\/wp\/v2\/pages"}],"about":[{"href":"https:\/\/ag-frisch.com\/fr\/wp-json\/wp\/v2\/types\/page"}],"author":[{"embeddable":true,"href":"https:\/\/ag-frisch.com\/fr\/wp-json\/wp\/v2\/users\/2"}],"replies":[{"embeddable":true,"href":"https:\/\/ag-frisch.com\/fr\/wp-json\/wp\/v2\/comments?post=13473"}],"version-history":[{"count":0,"href":"https:\/\/ag-frisch.com\/fr\/wp-json\/wp\/v2\/pages\/13473\/revisions"}],"wp:attachment":[{"href":"https:\/\/ag-frisch.com\/fr\/wp-json\/wp\/v2\/media?parent=13473"}],"curies":[{"name":"wp","href":"https:\/\/api.w.org\/{rel}","templated":true}]}}