{"id":14587,"date":"2022-08-15T22:24:08","date_gmt":"2022-08-15T20:24:08","guid":{"rendered":"https:\/\/ag-frisch.com\/equipement-de-securite-personnel\/"},"modified":"2023-01-27T05:50:51","modified_gmt":"2023-01-27T04:50:51","slug":"equipement-de-securite-personnel","status":"publish","type":"page","link":"https:\/\/ag-frisch.com\/fr\/equipement-de-securite-personnel\/","title":{"rendered":"\u00c9quipement de s\u00e9curit\u00e9 personnel"},"content":{"rendered":"<p>[et_pb_section fb_built=&#8221;1&#8243; _builder_version=&#8221;4.16&#8243; _module_preset=&#8221;default&#8221; global_colors_info=&#8221;{}&#8221;][et_pb_row _builder_version=&#8221;4.18.1&#8243; _module_preset=&#8221;default&#8221;][et_pb_column _builder_version=&#8221;4.18.1&#8243; _module_preset=&#8221;default&#8221; type=&#8221;4_4&#8243;][et_pb_cta title=&#8221;Conseil en mati\u00e8re d&#039;ordonnance sur les EPI&#8221; button_url=&#8221;https:\/\/ag-frisch.com\/fr\/contact\/&#8221; button_text=&#8221;R\u00e9server une consultation maintenant&#8221; _builder_version=&#8221;4.16&#8243; _module_preset=&#8221;default&#8221; global_colors_info=&#8221;{}&#8221; theme_builder_area=&#8221;post_content&#8221;]<\/p>\n<p>Gr\u00e2ce aux conseils de l&#8217;agence d&#8217;importation chinoise Frisch, vous ne risquez pas de faire des erreurs lors de l&#8217;importation d&#8217;\u00e9quipements de s\u00e9curit\u00e9 personnels depuis la Chine.<\/p>\n<p>[\/et_pb_cta][\/et_pb_column][\/et_pb_row][et_pb_row _builder_version=&#8221;4.16&#8243; _module_preset=&#8221;default&#8221; global_colors_info=&#8221;{}&#8221;][et_pb_column type=&#8221;4_4&#8243; _builder_version=&#8221;4.16&#8243; _module_preset=&#8221;default&#8221; global_colors_info=&#8221;{}&#8221;][et_pb_text admin_label=&#8221;H1&#8243; _builder_version=&#8221;4.18.1&#8243; _module_preset=&#8221;default&#8221; global_colors_info=&#8221;{}&#8221;]<\/p>\n<h1>R\u00e8glement EPI en cas de production en Chine<\/h1>\n<p>[\/et_pb_text][et_pb_text _builder_version=&#8221;4.16&#8243; _module_preset=&#8221;default&#8221; global_colors_info=&#8221;{}&#8221;]<\/p>\n<p><strong>\u00c9quipement de s\u00e9curit\u00e9 personnel (EPI)<\/strong><\/p>\n<p><strong>Respect du r\u00e8glement EPI lors de la production en Chine<\/strong><\/p>\n<p>Des gants jetables aux gilets pare-balles, les \u00e9quipements de protection individuelle couvrent un vaste domaine et constituent un march\u00e9 florissant sur lequel il est possible de faire de bonnes affaires. Toutefois, lors de l&#8217;importation d&#8217;articles d&#8217;\u00e9quipement de protection individuelle (EPI) en provenance de Chine, il convient de respecter le r\u00e8glement relatif aux EPI, tout comme lors de la production dans le pays.<\/p>\n<p>Depuis 2018, le r\u00e8glement EPI remplace la directive EPI et r\u00e9git de mani\u00e8re contraignante les exigences relatives aux produits servant d&#8217;\u00e9quipement de s\u00e9curit\u00e9 individuel. Si vous souhaitez importer des produits de protection appartenant aux groupes d&#8217;utilisation suivants, il y a de fortes chances qu&#8217;ils doivent \u00eatre conformes au r\u00e8glement EPI :<\/p>\n<ul>\n<li>\u00c9quipement de protection dans le secteur professionnel<\/li>\n<li>domaine m\u00e9dical et services de sant\u00e9<\/li>\n<li>articles de protection pour les loisirs ou le sport<\/li>\n<\/ul>\n<p>Les sp\u00e9cialistes de l&#8217;agence Frisch vous conseilleront volontiers sur la question de savoir si l&#8217;article que vous importez de Chine est soumis au r\u00e8glement sur les EPI.<\/p>\n<p>&nbsp;<\/p>\n<p><strong>Les 3 classes de protection du r\u00e8glement EPI<\/strong><\/p>\n<p>Selon le degr\u00e9 de protection, le r\u00e8glement r\u00e9partit les articles des EPI en trois cat\u00e9gories \u00e9chelonn\u00e9es. Des dispositions diff\u00e9rentes s&#8217;appliquent aux diff\u00e9rentes cat\u00e9gories en ce qui concerne l&#8217;importation et la vente en Allemagne (et dans l&#8217;UE). Pour garantir le respect du r\u00e8glement EPI en cas de production en Chine, vous devez remplir les conditions de la classe de protection correspondante.<\/p>\n<p>Les classes de protection sont<\/p>\n<ul>\n<li><strong>Cat\u00e9gorie 1 &#8211; protection l\u00e9g\u00e8re<\/strong><\/li>\n<\/ul>\n<p>L&#8217;\u00e9quipement de protection de cat\u00e9gorie 1 prot\u00e8ge contre les blessures m\u00e9caniques superficielles l\u00e9g\u00e8res, le contact avec des surfaces chaudes jusqu&#8217;\u00e0 50 \u00b0C maximum ou les conditions m\u00e9t\u00e9orologiques normales.<\/p>\n<p>&nbsp;<\/p>\n<p><strong>Exemples :<\/strong><\/p>\n<ul>\n<li>Lunettes de soleil<\/li>\n<li>Tabliers de cuisine<\/li>\n<li>Gants de jardinage<\/li>\n<\/ul>\n<p>&nbsp;<\/p>\n<ul>\n<li><strong>Cat\u00e9gorie 2 &#8211; Divers et protection moyenne<\/strong><\/li>\n<\/ul>\n<p>L&#8217;\u00e9quipement de protection de cat\u00e9gorie 2 comprend tous les produits qui ne rel\u00e8vent pas des cat\u00e9gories 1 ou 3.<\/p>\n<p>&nbsp;<\/p>\n<p><strong>Exemples :<\/strong><\/p>\n<ul>\n<li>Bou\u00e9es, aides \u00e0 la natation<\/li>\n<li>Casques de v\u00e9lo<\/li>\n<li>Chaussures et gants de travail<\/li>\n<\/ul>\n<p>&nbsp;<\/p>\n<ul>\n<li><strong>Cat\u00e9gorie 3 &#8211; protection forte  <\/strong><\/li>\n<\/ul>\n<p>Cette cat\u00e9gorie comprend tous les EPI qui prot\u00e8gent contre des dommages irr\u00e9versibles ou mortels. Il peut s&#8217;agir par exemple de radiations nucl\u00e9aires, de chaleur ou de froid intenses, de chutes, de coupures graves, de chocs \u00e9lectriques et de substances dangereuses.<\/p>\n<p>&nbsp;<\/p>\n<p><strong>Exemples :<\/strong><\/p>\n<ul>\n<li>Gilets de sauvetage<\/li>\n<li>gants r\u00e9sistants aux coupures<\/li>\n<li>Tenues de laboratoire<\/li>\n<li>Masques de protection respiratoire<\/li>\n<\/ul>\n<p>&nbsp;<\/p>\n<p>Selon la cat\u00e9gorie de protection, vous devez remplir des conditions strictes pour respecter la r\u00e9glementation sur les EPI en cas de production en Chine. Nous vous informons et vous conseillons volontiers, et effectuons \u00e9galement les tests n\u00e9cessaires dans nos laboratoires.<\/p>\n<p>&nbsp;<\/p>\n<p><strong>Test d&#8217;EPI en Chine<\/strong><\/p>\n<p>Le BEIDE Compliance Laboratory est une filiale de l&#8217;agence Frisch qui effectue des tests sp\u00e9cifiques exigeants. Cela inclut les tests EPI en Chine, qui sont n\u00e9cessaires pour garantir le respect du r\u00e8glement EPI lors de la production en Chine.<\/p>\n<p>Nous \u00e9valuons pour vous la cat\u00e9gorie \u00e0 laquelle appartient votre produit EPI et le soumettons aux tests EPI n\u00e9cessaires en Chine. Cela vous offre de multiples avantages. Ainsi, vous ne perdez pas de temps lors d&#8217;un examen par les DEUX Compliance Laboratory et il ne peut pas y avoir de malentendus. Nous nous chargeons de l&#8217;ensemble du processus pour vous.<\/p>\n<p>&nbsp;<\/p>\n<p><strong>D\u00e9claration de conformit\u00e9 selon le r\u00e8glement EPI<\/strong><\/p>\n<p>Dans le cadre de nos prestations, nous ne r\u00e9alisons pas seulement pour vous le contr\u00f4le des EPI en Chine, mais nous \u00e9tablissons aussi par exemple la documentation technique avec v\u00e9rification des exigences en mati\u00e8re de s\u00e9curit\u00e9 et de sant\u00e9, nous r\u00e9alisons le contr\u00f4le interne de la fabrication et nous nous chargeons pour vous de l&#8217;ensemble de la proc\u00e9dure de conformit\u00e9.<\/p>\n<p>Les produits EPI de cat\u00e9gorie 2 et plus doivent \u00eatre contr\u00f4l\u00e9s par un organisme notifi\u00e9. Dans ce cas, nous pr\u00e9parons tout \u00e0 cet effet et accompagnons les processus jusqu&#8217;\u00e0 leur r\u00e9alisation.<\/p>\n<p>&nbsp;<\/p>\n<p><strong>Il n&#8217;est pas possible d&#8217;importer des articles EPI sans respecter le r\u00e8glement EPI. Nous nous en occupons pour vous.<\/strong><\/p>\n<p>[\/et_pb_text][\/et_pb_column][\/et_pb_row][\/et_pb_section][et_pb_section fb_built=&#8221;1&#8243; admin_label=&#8221;Testimonials&#8221; _builder_version=&#8221;4.16&#8243; use_background_color_gradient=&#8221;on&#8221; background_color_gradient_stops=&#8221;rgba(0,106,156,0.85) 0%|rgba(0,106,156,0.85) 100%&#8221; background_color_gradient_start=&#8221;rgba(0,106,156,0.85)&#8221; background_color_gradient_end=&#8221;rgba(0,106,156,0.85)&#8221; custom_padding=&#8221;90px||60px|&#8221; animation_style=&#8221;fold&#8221; animation_direction=&#8221;bottom&#8221; animation_intensity_fold=&#8221;4%&#8221; global_colors_info=&#8221;{}&#8221; theme_builder_area=&#8221;post_content&#8221;][et_pb_row _builder_version=&#8221;4.16&#8243; background_size=&#8221;initial&#8221; background_position=&#8221;top_left&#8221; background_repeat=&#8221;repeat&#8221; custom_width_px=&#8221;710px&#8221; locked=&#8221;off&#8221; global_colors_info=&#8221;{}&#8221; theme_builder_area=&#8221;post_content&#8221;][et_pb_column type=&#8221;4_4&#8243; _builder_version=&#8221;4.16&#8243; background_position=&#8221;top_left&#8221; custom_padding=&#8221;|||&#8221; global_colors_info=&#8221;{}&#8221; custom_padding__hover=&#8221;|||&#8221; theme_builder_area=&#8221;post_content&#8221;][et_pb_text admin_label=&#8221;Testimonials Section Title&#8221; _builder_version=&#8221;4.16&#8243; header_font=&#8221;Montserrat||||&#8221; header_font_size=&#8221;36px&#8221; background_size=&#8221;initial&#8221; background_position=&#8221;top_left&#8221; background_repeat=&#8221;repeat&#8221; text_orientation=&#8221;center&#8221; background_layout=&#8221;dark&#8221; max_width=&#8221;710px&#8221; module_alignment=&#8221;center&#8221; animation_style=&#8221;fold&#8221; animation_direction=&#8221;bottom&#8221; animation_intensity_fold=&#8221;20%&#8221; global_colors_info=&#8221;{}&#8221; theme_builder_area=&#8221;post_content&#8221;]<\/p>\n<h1>Plus de 5000 clients satisfaits.<\/h1>\n<p>&nbsp;<\/p>\n<p>[\/et_pb_text][et_pb_divider color=&#8221;#ffffff&#8221; divider_weight=&#8221;3px&#8221; disabled_on=&#8221;off|off|off&#8221; _builder_version=&#8221;4.16&#8243; background_color_gradient_direction=&#8221;90deg&#8221; max_width=&#8221;100px&#8221; module_alignment=&#8221;center&#8221; height=&#8221;5px&#8221; custom_margin=&#8221;||20px|&#8221; custom_padding=&#8221;||20px|&#8221; animation_style=&#8221;slide&#8221; animation_direction=&#8221;bottom&#8221; saved_tabs=&#8221;all&#8221; locked=&#8221;off&#8221; global_colors_info=&#8221;{}&#8221; theme_builder_area=&#8221;post_content&#8221;][\/et_pb_divider][\/et_pb_column][\/et_pb_row][et_pb_row column_structure=&#8221;1_2,1_2&#8243; _builder_version=&#8221;4.18.1&#8243; _module_preset=&#8221;default&#8221; global_colors_info=&#8221;{}&#8221; theme_builder_area=&#8221;post_content&#8221;][et_pb_column type=&#8221;1_2&#8243; _builder_version=&#8221;4.18.1&#8243; _module_preset=&#8221;default&#8221; global_colors_info=&#8221;{}&#8221; theme_builder_area=&#8221;post_content&#8221;][et_pb_testimonial author=&#8221;Marco&#8221; portrait_url=&#8221;https:\/\/ag-frisch.com\/wp-content\/uploads\/2021\/08\/Harald.png&#8221; quote_icon=&#8221;off&#8221; _builder_version=&#8221;4.18.1&#8243; _module_preset=&#8221;default&#8221; body_font_size=&#8221;16px&#8221; use_background_color=&#8221;off&#8221; background_layout=&#8221;dark&#8221; global_colors_info=&#8221;{}&#8221; theme_builder_area=&#8221;post_content&#8221;]J&#8217;ai demand\u00e9 \u00e0 l&#8217;agence Frisch de faire produire un meuble de grande taille en Chine et de le transf\u00e9rer ensuite en Allemagne. La communication par e-mail a \u00e9t\u00e9 fluide tout au long du processus ! Des r\u00e9ponses tr\u00e8s rapides et fiables m&#8217;ont apport\u00e9 en permanence les garanties indispensables \u00e0 une telle entreprise. J&#8217;ai toujours \u00e9t\u00e9 aid\u00e9 dans la jungle bureaucratique et aucun formulaire n&#8217;a \u00e9t\u00e9 oubli\u00e9 ou mal rempli. Tr\u00e8s louable !<a href=\"&lt;div%20class=%22pe-richsnippets%22&gt;&nbsp;&lt;\/div&gt;%20&lt;script%20type=%22text\/javascript%22%20src=%22https:\/\/www.provenexpert.com\/widget\/richsnippet.js?u=1NUA0VwZ4RUZ5tmAi5zA4RaplNKAlWwZ&amp;v=2%22%20async&gt;&lt;\/script&gt;%20&lt;div%20style=%22text-align:%20justify;%22&gt;&lt;br%20\/&gt;\"><\/a><\/p>\n<div class=\"brow ratingBarMargin\">\n<div class=\"ratingBar\">\n<div class=\"brow\">\n<div class=\"pe-richsnippets\">&nbsp;<\/div>\n<p><script type=\"text\/javascript\" src=\"https:\/\/www.provenexpert.com\/widget\/richsnippet.js?u=1NUA0VwZ4RUZ5tmAi5zA4RaplNKAlWwZ&amp;v=2\" async=\"\"><\/script><\/p>\n<div style=\"text-align: justify;\"><\/p>\n<div class=\"col-lg-9 col-md-8 col-xs-10 mt20 mb20\">\n<div class=\"col-xs-12 surveyNameForRating\"><\/div>\n<\/div>\n<\/div>\n<\/div>\n<\/div>\n<\/div>\n<p>[\/et_pb_testimonial][\/et_pb_column][et_pb_column type=&#8221;1_2&#8243; _builder_version=&#8221;4.18.1&#8243; _module_preset=&#8221;default&#8221; global_colors_info=&#8221;{}&#8221; theme_builder_area=&#8221;post_content&#8221;][et_pb_testimonial author=&#8221;Simone L.&#8221; portrait_url=&#8221;https:\/\/ag-frisch.com\/wp-content\/uploads\/2021\/08\/Harald.png&#8221; quote_icon=&#8221;off&#8221; _builder_version=&#8221;4.18.1&#8243; _module_preset=&#8221;default&#8221; body_font_size=&#8221;16px&#8221; use_background_color=&#8221;off&#8221; background_layout=&#8221;dark&#8221; global_colors_info=&#8221;{}&#8221; theme_builder_area=&#8221;post_content&#8221;]<\/p>\n<p>Tout est au top. On ne peut pas faire mieux. On ne peut pas faire mieux en mati\u00e8re de conseil et de r\u00e9alisation. Apr\u00e8s avoir pass\u00e9 plusieurs commandes aupr\u00e8s de cette entreprise, nous sommes plus que satisfaits et poursuivons notre collaboration.<\/p>\n<div class=\"brow ratingBarMargin\">\n<div class=\"ratingBar\">\n<div class=\"brow\">\n<div class=\"pe-richsnippets\"> <\/div>\n<p>\n<script type=\"text\/javascript\" src=\"https:\/\/www.provenexpert.com\/widget\/richsnippet.js?u=1NUA0VwZ4RUZ5tmAi5zA4RaplNKAlWwZ&amp;v=2\" async=\"\"><\/script>\n<\/p>\n<div style=\"text-align: justify;\">\n<p>&nbsp;<\/p>\n<div class=\"col-lg-9 col-md-8 col-xs-10 mt20 mb20\">\n<div class=\"col-xs-12 surveyNameForRating\"><\/div>\n<\/div>\n<\/div>\n<\/div>\n<\/div>\n<\/div>\n<p>[\/et_pb_testimonial][\/et_pb_column][\/et_pb_row][et_pb_row _builder_version=&#8221;4.16&#8243; background_size=&#8221;initial&#8221; background_position=&#8221;top_left&#8221; background_repeat=&#8221;repeat&#8221; custom_padding=&#8221;50px|0px|30px|0px&#8221; custom_css_main_element=&#8221;text-align: center;&#8221; global_colors_info=&#8221;{}&#8221; theme_builder_area=&#8221;post_content&#8221;][et_pb_column type=&#8221;4_4&#8243; _builder_version=&#8221;4.16&#8243; custom_padding=&#8221;|||&#8221; global_colors_info=&#8221;{}&#8221; custom_padding__hover=&#8221;|||&#8221; theme_builder_area=&#8221;post_content&#8221;][et_pb_button button_url=&#8221;https:\/\/www.provenexpert.com\/de-de\/agentur-frisch-international-consulting-gmbh-und-co-kg\/&#8221; button_text=&#8221;PLUS D&#039;AVIS&#8221; button_alignment=&#8221;left&#8221; admin_label=&#8221;Testimonial Button&#8221; _builder_version=&#8221;4.16&#8243; custom_button=&#8221;on&#8221; button_text_size=&#8221;18px&#8221; button_text_color=&#8221;#ffffff&#8221; button_bg_color=&#8221;#6eba01&#8243; button_border_width=&#8221;2px&#8221; button_border_color=&#8221;#6eba01&#8243; button_border_radius=&#8221;0px&#8221; button_letter_spacing=&#8221;2px&#8221; button_font=&#8221;Montserrat|||on|&#8221; button_use_icon=&#8221;off&#8221; animation_style=&#8221;fold&#8221; animation_direction=&#8221;bottom&#8221; button_text_color_hover=&#8221;#ffffff&#8221; button_border_color_hover=&#8221;#ffffff&#8221; button_border_radius_hover=&#8221;0px&#8221; button_letter_spacing_hover=&#8221;2px&#8221; button_bg_color_hover=&#8221;rgba(255,255,255,0)&#8221; locked=&#8221;off&#8221; global_colors_info=&#8221;{}&#8221; button_text_size__hover_enabled=&#8221;off&#8221; button_one_text_size__hover_enabled=&#8221;off&#8221; button_two_text_size__hover_enabled=&#8221;off&#8221; button_text_color__hover_enabled=&#8221;on&#8221; button_text_color__hover=&#8221;#ffffff&#8221; button_one_text_color__hover_enabled=&#8221;off&#8221; button_two_text_color__hover_enabled=&#8221;off&#8221; button_border_width__hover_enabled=&#8221;off&#8221; button_one_border_width__hover_enabled=&#8221;off&#8221; button_two_border_width__hover_enabled=&#8221;off&#8221; button_border_color__hover_enabled=&#8221;on&#8221; button_border_color__hover=&#8221;#ffffff&#8221; button_one_border_color__hover_enabled=&#8221;off&#8221; button_two_border_color__hover_enabled=&#8221;off&#8221; button_border_radius__hover_enabled=&#8221;on&#8221; button_border_radius__hover=&#8221;0px&#8221; button_one_border_radius__hover_enabled=&#8221;off&#8221; button_two_border_radius__hover_enabled=&#8221;off&#8221; button_letter_spacing__hover_enabled=&#8221;on&#8221; button_letter_spacing__hover=&#8221;2px&#8221; button_one_letter_spacing__hover_enabled=&#8221;off&#8221; button_two_letter_spacing__hover_enabled=&#8221;off&#8221; button_bg_color__hover_enabled=&#8221;on&#8221; button_bg_color__hover=&#8221;rgba(255,255,255,0)&#8221; button_one_bg_color__hover_enabled=&#8221;off&#8221; button_two_bg_color__hover_enabled=&#8221;off&#8221; theme_builder_area=&#8221;post_content&#8221;][\/et_pb_button][\/et_pb_column][\/et_pb_row][\/et_pb_section]<\/p>\n","protected":false},"excerpt":{"rendered":"<p>Gr\u00e2ce aux conseils de l&#8217;agence d&#8217;importation chinoise Frisch, vous ne risquez pas de faire des erreurs lors de l&#8217;importation d&#8217;\u00e9quipements de s\u00e9curit\u00e9 personnels depuis la Chine.R\u00e8glement EPI en cas de production en Chine\u00c9quipement de s\u00e9curit\u00e9 personnel (EPI) Respect du r\u00e8glement EPI lors de la production en Chine Des gants jetables aux gilets pare-balles, les \u00e9quipements [&hellip;]<\/p>\n","protected":false},"author":2,"featured_media":0,"parent":0,"menu_order":0,"comment_status":"closed","ping_status":"closed","template":"","meta":{"_et_pb_use_builder":"on","_et_pb_old_content":"","_et_gb_content_width":"","footnotes":""},"class_list":["post-14587","page","type-page","status-publish","hentry"],"yoast_head":"<!-- This site is optimized with the Yoast SEO plugin v27.4 - https:\/\/yoast.com\/product\/yoast-seo-wordpress\/ -->\n<title>R\u00e8glement EPI : conformit\u00e9 en cas de production en Chine<\/title>\n<meta name=\"description\" content=\"Respect du r\u00e8glement EPI lors de la production en Chine \u25ba Classes de protection du r\u00e8glement EPI \u25ba Contr\u00f4le EPI par un professionnel \u25ba Demandez conseil maintenant !\" \/>\n<meta name=\"robots\" content=\"index, follow, max-snippet:-1, max-image-preview:large, max-video-preview:-1\" \/>\n<link rel=\"canonical\" href=\"https:\/\/ag-frisch.com\/fr\/equipement-de-securite-personnel\/\" \/>\n<meta property=\"og:locale\" content=\"fr_FR\" \/>\n<meta property=\"og:type\" content=\"article\" \/>\n<meta property=\"og:title\" content=\"R\u00e8glement EPI : conformit\u00e9 en cas de production en Chine\" \/>\n<meta property=\"og:description\" content=\"Respect du r\u00e8glement EPI lors de la production en Chine \u25ba Classes de protection du r\u00e8glement EPI \u25ba Contr\u00f4le EPI par un professionnel \u25ba Demandez conseil maintenant !\" \/>\n<meta property=\"og:url\" content=\"https:\/\/ag-frisch.com\/fr\/equipement-de-securite-personnel\/\" \/>\n<meta property=\"og:site_name\" content=\"China Import Beratung f\u00fcr den Einkauf aus China\" \/>\n<meta property=\"article:publisher\" content=\"https:\/\/www.facebook.com\/China.Import\" \/>\n<meta property=\"article:modified_time\" content=\"2023-01-27T04:50:51+00:00\" \/>\n<meta name=\"twitter:card\" content=\"summary_large_image\" \/>\n<meta name=\"twitter:site\" content=\"@agenturfrisch\" \/>\n<meta name=\"twitter:label1\" content=\"Dur\u00e9e de lecture estim\u00e9e\" \/>\n\t<meta name=\"twitter:data1\" content=\"9 minutes\" \/>\n<script type=\"application\/ld+json\" class=\"yoast-schema-graph\">{\"@context\":\"https:\\\/\\\/schema.org\",\"@graph\":[{\"@type\":\"WebPage\",\"@id\":\"https:\\\/\\\/ag-frisch.com\\\/fr\\\/equipement-de-securite-personnel\\\/\",\"url\":\"https:\\\/\\\/ag-frisch.com\\\/fr\\\/equipement-de-securite-personnel\\\/\",\"name\":\"R\u00e8glement EPI : conformit\u00e9 en cas de production en Chine\",\"isPartOf\":{\"@id\":\"https:\\\/\\\/ag-frisch.com\\\/de\\\/#website\"},\"datePublished\":\"2022-08-15T20:24:08+00:00\",\"dateModified\":\"2023-01-27T04:50:51+00:00\",\"description\":\"Respect du r\u00e8glement EPI lors de la production en Chine \u25ba Classes de protection du r\u00e8glement EPI \u25ba Contr\u00f4le EPI par un professionnel \u25ba Demandez conseil maintenant !\",\"breadcrumb\":{\"@id\":\"https:\\\/\\\/ag-frisch.com\\\/fr\\\/equipement-de-securite-personnel\\\/#breadcrumb\"},\"inLanguage\":\"fr-FR\",\"potentialAction\":[{\"@type\":\"ReadAction\",\"target\":[\"https:\\\/\\\/ag-frisch.com\\\/fr\\\/equipement-de-securite-personnel\\\/\"]}]},{\"@type\":\"BreadcrumbList\",\"@id\":\"https:\\\/\\\/ag-frisch.com\\\/fr\\\/equipement-de-securite-personnel\\\/#breadcrumb\",\"itemListElement\":[{\"@type\":\"ListItem\",\"position\":1,\"name\":\"Startseite\",\"item\":\"https:\\\/\\\/ag-frisch.com\\\/de\\\/\"},{\"@type\":\"ListItem\",\"position\":2,\"name\":\"\u00c9quipement de s\u00e9curit\u00e9 personnel\"}]},{\"@type\":\"WebSite\",\"@id\":\"https:\\\/\\\/ag-frisch.com\\\/de\\\/#website\",\"url\":\"https:\\\/\\\/ag-frisch.com\\\/de\\\/\",\"name\":\"China Import Beratung f\u00fcr den Einkauf aus China\",\"description\":\"China Import &amp; Export Beratung - Der Dienstleister Ihres Vertrauens f\u00fcr Ihren China Import\",\"publisher\":{\"@id\":\"https:\\\/\\\/ag-frisch.com\\\/de\\\/#organization\"},\"potentialAction\":[{\"@type\":\"SearchAction\",\"target\":{\"@type\":\"EntryPoint\",\"urlTemplate\":\"https:\\\/\\\/ag-frisch.com\\\/de\\\/?s={search_term_string}\"},\"query-input\":{\"@type\":\"PropertyValueSpecification\",\"valueRequired\":true,\"valueName\":\"search_term_string\"}}],\"inLanguage\":\"fr-FR\"},{\"@type\":\"Organization\",\"@id\":\"https:\\\/\\\/ag-frisch.com\\\/de\\\/#organization\",\"name\":\"Agentur Frisch International Consulting GmbH & Co. KG\",\"url\":\"https:\\\/\\\/ag-frisch.com\\\/de\\\/\",\"logo\":{\"@type\":\"ImageObject\",\"inLanguage\":\"fr-FR\",\"@id\":\"https:\\\/\\\/ag-frisch.com\\\/de\\\/#\\\/schema\\\/logo\\\/image\\\/\",\"url\":\"https:\\\/\\\/ag-frisch.com\\\/wp-content\\\/uploads\\\/2021\\\/08\\\/ag_logo_rgb_300_small.png\",\"contentUrl\":\"https:\\\/\\\/ag-frisch.com\\\/wp-content\\\/uploads\\\/2021\\\/08\\\/ag_logo_rgb_300_small.png\",\"width\":153,\"height\":102,\"caption\":\"Agentur Frisch International Consulting GmbH & Co. KG\"},\"image\":{\"@id\":\"https:\\\/\\\/ag-frisch.com\\\/de\\\/#\\\/schema\\\/logo\\\/image\\\/\"},\"sameAs\":[\"https:\\\/\\\/www.facebook.com\\\/China.Import\",\"https:\\\/\\\/x.com\\\/agenturfrisch\"]}]}<\/script>\n<!-- \/ Yoast SEO plugin. -->","yoast_head_json":{"title":"R\u00e8glement EPI : conformit\u00e9 en cas de production en Chine","description":"Respect du r\u00e8glement EPI lors de la production en Chine \u25ba Classes de protection du r\u00e8glement EPI \u25ba Contr\u00f4le EPI par un professionnel \u25ba Demandez conseil maintenant !","robots":{"index":"index","follow":"follow","max-snippet":"max-snippet:-1","max-image-preview":"max-image-preview:large","max-video-preview":"max-video-preview:-1"},"canonical":"https:\/\/ag-frisch.com\/fr\/equipement-de-securite-personnel\/","og_locale":"fr_FR","og_type":"article","og_title":"R\u00e8glement EPI : conformit\u00e9 en cas de production en Chine","og_description":"Respect du r\u00e8glement EPI lors de la production en Chine \u25ba Classes de protection du r\u00e8glement EPI \u25ba Contr\u00f4le EPI par un professionnel \u25ba Demandez conseil maintenant !","og_url":"https:\/\/ag-frisch.com\/fr\/equipement-de-securite-personnel\/","og_site_name":"China Import Beratung f\u00fcr den Einkauf aus China","article_publisher":"https:\/\/www.facebook.com\/China.Import","article_modified_time":"2023-01-27T04:50:51+00:00","twitter_card":"summary_large_image","twitter_site":"@agenturfrisch","twitter_misc":{"Dur\u00e9e de lecture estim\u00e9e":"9 minutes"},"schema":{"@context":"https:\/\/schema.org","@graph":[{"@type":"WebPage","@id":"https:\/\/ag-frisch.com\/fr\/equipement-de-securite-personnel\/","url":"https:\/\/ag-frisch.com\/fr\/equipement-de-securite-personnel\/","name":"R\u00e8glement EPI : conformit\u00e9 en cas de production en Chine","isPartOf":{"@id":"https:\/\/ag-frisch.com\/de\/#website"},"datePublished":"2022-08-15T20:24:08+00:00","dateModified":"2023-01-27T04:50:51+00:00","description":"Respect du r\u00e8glement EPI lors de la production en Chine \u25ba Classes de protection du r\u00e8glement EPI \u25ba Contr\u00f4le EPI par un professionnel \u25ba Demandez conseil maintenant !","breadcrumb":{"@id":"https:\/\/ag-frisch.com\/fr\/equipement-de-securite-personnel\/#breadcrumb"},"inLanguage":"fr-FR","potentialAction":[{"@type":"ReadAction","target":["https:\/\/ag-frisch.com\/fr\/equipement-de-securite-personnel\/"]}]},{"@type":"BreadcrumbList","@id":"https:\/\/ag-frisch.com\/fr\/equipement-de-securite-personnel\/#breadcrumb","itemListElement":[{"@type":"ListItem","position":1,"name":"Startseite","item":"https:\/\/ag-frisch.com\/de\/"},{"@type":"ListItem","position":2,"name":"\u00c9quipement de s\u00e9curit\u00e9 personnel"}]},{"@type":"WebSite","@id":"https:\/\/ag-frisch.com\/de\/#website","url":"https:\/\/ag-frisch.com\/de\/","name":"China Import Beratung f\u00fcr den Einkauf aus China","description":"China Import &amp; Export Beratung - Der Dienstleister Ihres Vertrauens f\u00fcr Ihren China Import","publisher":{"@id":"https:\/\/ag-frisch.com\/de\/#organization"},"potentialAction":[{"@type":"SearchAction","target":{"@type":"EntryPoint","urlTemplate":"https:\/\/ag-frisch.com\/de\/?s={search_term_string}"},"query-input":{"@type":"PropertyValueSpecification","valueRequired":true,"valueName":"search_term_string"}}],"inLanguage":"fr-FR"},{"@type":"Organization","@id":"https:\/\/ag-frisch.com\/de\/#organization","name":"Agentur Frisch International Consulting GmbH & Co. KG","url":"https:\/\/ag-frisch.com\/de\/","logo":{"@type":"ImageObject","inLanguage":"fr-FR","@id":"https:\/\/ag-frisch.com\/de\/#\/schema\/logo\/image\/","url":"https:\/\/ag-frisch.com\/wp-content\/uploads\/2021\/08\/ag_logo_rgb_300_small.png","contentUrl":"https:\/\/ag-frisch.com\/wp-content\/uploads\/2021\/08\/ag_logo_rgb_300_small.png","width":153,"height":102,"caption":"Agentur Frisch International Consulting GmbH & Co. KG"},"image":{"@id":"https:\/\/ag-frisch.com\/de\/#\/schema\/logo\/image\/"},"sameAs":["https:\/\/www.facebook.com\/China.Import","https:\/\/x.com\/agenturfrisch"]}]}},"_links":{"self":[{"href":"https:\/\/ag-frisch.com\/fr\/wp-json\/wp\/v2\/pages\/14587","targetHints":{"allow":["GET"]}}],"collection":[{"href":"https:\/\/ag-frisch.com\/fr\/wp-json\/wp\/v2\/pages"}],"about":[{"href":"https:\/\/ag-frisch.com\/fr\/wp-json\/wp\/v2\/types\/page"}],"author":[{"embeddable":true,"href":"https:\/\/ag-frisch.com\/fr\/wp-json\/wp\/v2\/users\/2"}],"replies":[{"embeddable":true,"href":"https:\/\/ag-frisch.com\/fr\/wp-json\/wp\/v2\/comments?post=14587"}],"version-history":[{"count":0,"href":"https:\/\/ag-frisch.com\/fr\/wp-json\/wp\/v2\/pages\/14587\/revisions"}],"wp:attachment":[{"href":"https:\/\/ag-frisch.com\/fr\/wp-json\/wp\/v2\/media?parent=14587"}],"curies":[{"name":"wp","href":"https:\/\/api.w.org\/{rel}","templated":true}]}}