{"id":14643,"date":"2022-08-25T14:15:49","date_gmt":"2022-08-25T12:15:49","guid":{"rendered":"https:\/\/ag-frisch.com\/verification-des-certificats-en-provenance-de-chine\/"},"modified":"2023-01-27T05:51:12","modified_gmt":"2023-01-27T04:51:12","slug":"verification-des-certificats-en-provenance-de-chine","status":"publish","type":"page","link":"https:\/\/ag-frisch.com\/fr\/verification-des-certificats-en-provenance-de-chine\/","title":{"rendered":"V\u00e9rification des certificats en provenance de Chine"},"content":{"rendered":"<p>[et_pb_section fb_built=&#8221;1&#8243; _builder_version=&#8221;4.16&#8243; _module_preset=&#8221;default&#8221; global_colors_info=&#8221;{}&#8221;][et_pb_row _builder_version=&#8221;4.18.1&#8243; _module_preset=&#8221;default&#8221;][et_pb_column _builder_version=&#8221;4.18.1&#8243; _module_preset=&#8221;default&#8221; type=&#8221;4_4&#8243;][et_pb_cta title=&#8221;Examen de certification&#8221; button_url=&#8221;https:\/\/ag-frisch.com\/fr\/contact\/&#8221; button_text=&#8221;R\u00e9server l&#039;examen maintenant&#8221; _builder_version=&#8221;4.18.1&#8243; _module_preset=&#8221;default&#8221; hover_enabled=&#8221;0&#8243; global_colors_info=&#8221;{}&#8221; theme_builder_area=&#8221;post_content&#8221; sticky_enabled=&#8221;0&#8243;]<\/p>\n<p>Si vous n&#8217;\u00eates pas s\u00fbr de votre rapport de test CE, l&#8217;agence d&#8217;importation chinoise Frisch se chargera volontiers de le v\u00e9rifier pour vous.<\/p>\n<p>[\/et_pb_cta][\/et_pb_column][\/et_pb_row][et_pb_row _builder_version=&#8221;4.16&#8243; _module_preset=&#8221;default&#8221; global_colors_info=&#8221;{}&#8221;][et_pb_column type=&#8221;4_4&#8243; _builder_version=&#8221;4.16&#8243; _module_preset=&#8221;default&#8221; global_colors_info=&#8221;{}&#8221;][et_pb_text admin_label=&#8221;H1&#8243; _builder_version=&#8221;4.18.1&#8243; _module_preset=&#8221;default&#8221; global_colors_info=&#8221;{}&#8221;]<\/p>\n<h1>Importation de Chine : examen du certificat et \u00e9valuation<\/h1>\n<p>[\/et_pb_text][et_pb_text _builder_version=&#8221;4.18.1&#8243; _module_preset=&#8221;default&#8221; global_colors_info=&#8221;{}&#8221;]<\/p>\n<h2><strong>V\u00e9rifier les certificats et les rapports de test en provenance de Chine<\/strong><\/h2>\n<p>En tant que vendeur exp\u00e9riment\u00e9, vous savez combien il est important de pouvoir faire confiance \u00e0 ses partenaires commerciaux. Mais il arrive parfois que vous ayez un doute sur un certificat ou un rapport de test de votre fournisseur. Il peut y avoir plusieurs raisons \u00e0 cela : Des indications peu claires sur les documents, des malentendus potentiels en amont, ou tout simplement un fournisseur qui n&#8217;est pas aussi s\u00e9rieux qu&#8217;il n&#8217;y paraissait.<\/p>\n<p>L&#8217;agence Frisch se charge volontiers de v\u00e9rifier pour vous les documents qui vous sont transmis. Nous pouvons par exemple v\u00e9rifier les aspects suivants :<\/p>\n<ul>\n<li>Authenticit\u00e9<\/li>\n<li>Int\u00e9gralit\u00e9<\/li>\n<li>Plausibilit\u00e9<\/li>\n<\/ul>\n<p>Notre premi\u00e8re \u00e9valuation vous donne une orientation approximative. Pour \u00eatre tout \u00e0 fait s\u00fbr, nous pouvons \u00e9galement faire r\u00e9aliser nos propres tests et faire \u00e9tablir la documentation et les documents correspondants.<\/p>\n<p>&nbsp;<\/p>\n<h3><strong>\u00c9valuation de la conformit\u00e9 CE des produits en provenance de Chine<\/strong><\/h3>\n<p>L&#8217;agence Frisch emploie des sp\u00e9cialistes qui sont \u00e0 la pointe de la normalisation et de la jurisprudence. Nous pouvons donc vous donner des informations absolument fiables sur la conformit\u00e9 CE des produits en provenance de Chine. Nous savons quels produits doivent \u00eatre conformes \u00e0 quelles dispositions et quelles prestations vous \u00eates tenus de fournir en tant que vendeur importateur en Allemagne &#8211; ou dans d&#8217;autres pays. Sur cette base, nous v\u00e9rifions si les documents que vous avez re\u00e7us de votre fournisseur sont suffisants et corrects.<\/p>\n<p>S&#8217;il s&#8217;av\u00e8re que les papiers sont insuffisants ou peu plausibles, voire qu&#8217;il s&#8217;agit de contrefa\u00e7ons, nous pouvons prendre des mesures appropri\u00e9es pour vous. Il s&#8217;agira souvent de cr\u00e9er des documents valables.<\/p>\n<p>&nbsp;<\/p>\n<p><strong>Certificats de Chine &#8211; v\u00e9rification de l&#8217;authenticit\u00e9 et de la plausibilit\u00e9<\/strong><\/p>\n<p>Si vous avez des doutes quant \u00e0 la fiabilit\u00e9 des certificats ou des rapports de test CE d\u00e9livr\u00e9s par la Chine, ne prenez pas cela \u00e0 la l\u00e9g\u00e8re. La conformit\u00e9 CE des produits en provenance de Chine a une fonction cl\u00e9 pour la fluidit\u00e9 et la r\u00e9ussite des ventes en Allemagne. Examinez donc attentivement les documents ou confiez cette t\u00e2che \u00e0 quelqu&#8217;un qui, gr\u00e2ce \u00e0 son expertise et \u00e0 son exp\u00e9rience, sera mieux \u00e0 m\u00eame de l&#8217;\u00e9valuer &#8211; les professionnels de l&#8217;agence Frisch.<\/p>\n<p>&nbsp;<\/p>\n<p><strong>V\u00e9rifier la plausibilit\u00e9 des rapports d&#8217;essai CE en provenance de Chine<\/strong><\/p>\n<p>Outre l&#8217;inspection visuelle, nous avons d&#8217;autres possibilit\u00e9s de v\u00e9rifier la conformit\u00e9 CE des produits en provenance de Chine. Ainsi, notre filiale BEIDE Compliance Laboratory dispose de laboratoires d&#8217;essai dot\u00e9s d&#8217;un \u00e9quipement de haute qualit\u00e9, dans lesquels il est possible d&#8217;effectuer tous les contr\u00f4les qui pourraient s&#8217;av\u00e9rer n\u00e9cessaires. Nous \u00e9tablissons sur demande de nouveaux rapports de test CE depuis la Chine et veillons ainsi \u00e0 ce que vos marchandises passent sans probl\u00e8me la douane et tous les autres contr\u00f4les.<\/p>\n<p>&nbsp;<\/p>\n<p><strong>V\u00e9rification de l&#8217;authenticit\u00e9 des certificats en provenance de Chine<\/strong><\/p>\n<p>Malheureusement, il y a des brebis galeuses partout et personne n&#8217;est \u00e0 l&#8217;abri de tomber sur un escroc. Il arrive ainsi que des certificats ou des rapports CE falsifi\u00e9s ou de mauvaise qualit\u00e9 soient d\u00e9livr\u00e9s par la Chine. Pour vous \u00e9viter tout probl\u00e8me, nous pouvons volontiers, si vous le souhaitez, examiner de pr\u00e8s les documents de votre fournisseur. Nous connaissons les erreurs typiques et savons comment les documents doivent \u00eatre r\u00e9dig\u00e9s pour documenter clairement et valablement la conformit\u00e9 CE des produits en provenance de Chine.<\/p>\n<p>&nbsp;<\/p>\n<p><strong>En tant qu&#8217;importateur chinois exp\u00e9riment\u00e9, nous sommes heureux d&#8217;ajouter \u00e0 notre gamme de services la v\u00e9rification des certificats et des rapports de test CE en provenance de Chine &#8211; et de pouvoir ainsi vous offrir un service encore meilleur et plus s\u00fbr !<\/strong><\/p>\n<p><strong> <\/strong><\/p>\n<p>[\/et_pb_text][\/et_pb_column][\/et_pb_row][\/et_pb_section][et_pb_section fb_built=&#8221;1&#8243; admin_label=&#8221;Testimonials&#8221; _builder_version=&#8221;4.16&#8243; use_background_color_gradient=&#8221;on&#8221; background_color_gradient_stops=&#8221;rgba(0,106,156,0.85) 0%|rgba(0,106,156,0.85) 100%&#8221; background_color_gradient_start=&#8221;rgba(0,106,156,0.85)&#8221; background_color_gradient_end=&#8221;rgba(0,106,156,0.85)&#8221; custom_padding=&#8221;90px||60px|&#8221; animation_style=&#8221;fold&#8221; animation_direction=&#8221;bottom&#8221; animation_intensity_fold=&#8221;4%&#8221; global_colors_info=&#8221;{}&#8221; theme_builder_area=&#8221;post_content&#8221;][et_pb_row _builder_version=&#8221;4.16&#8243; background_size=&#8221;initial&#8221; background_position=&#8221;top_left&#8221; background_repeat=&#8221;repeat&#8221; custom_width_px=&#8221;710px&#8221; locked=&#8221;off&#8221; global_colors_info=&#8221;{}&#8221; theme_builder_area=&#8221;post_content&#8221;][et_pb_column type=&#8221;4_4&#8243; _builder_version=&#8221;4.16&#8243; background_position=&#8221;top_left&#8221; custom_padding=&#8221;|||&#8221; global_colors_info=&#8221;{}&#8221; custom_padding__hover=&#8221;|||&#8221; theme_builder_area=&#8221;post_content&#8221;][et_pb_text admin_label=&#8221;Testimonials Section Title&#8221; _builder_version=&#8221;4.16&#8243; header_font=&#8221;Montserrat||||&#8221; header_font_size=&#8221;36px&#8221; background_size=&#8221;initial&#8221; background_position=&#8221;top_left&#8221; background_repeat=&#8221;repeat&#8221; text_orientation=&#8221;center&#8221; background_layout=&#8221;dark&#8221; max_width=&#8221;710px&#8221; module_alignment=&#8221;center&#8221; animation_style=&#8221;fold&#8221; animation_direction=&#8221;bottom&#8221; animation_intensity_fold=&#8221;20%&#8221; global_colors_info=&#8221;{}&#8221; theme_builder_area=&#8221;post_content&#8221;]<\/p>\n<h1>Plus de 5000 clients satisfaits.<\/h1>\n<p>&nbsp;<\/p>\n<p>[\/et_pb_text][et_pb_divider color=&#8221;#ffffff&#8221; divider_weight=&#8221;3px&#8221; disabled_on=&#8221;off|off|off&#8221; _builder_version=&#8221;4.16&#8243; background_color_gradient_direction=&#8221;90deg&#8221; max_width=&#8221;100px&#8221; module_alignment=&#8221;center&#8221; height=&#8221;5px&#8221; custom_margin=&#8221;||20px|&#8221; custom_padding=&#8221;||20px|&#8221; animation_style=&#8221;slide&#8221; animation_direction=&#8221;bottom&#8221; saved_tabs=&#8221;all&#8221; locked=&#8221;off&#8221; global_colors_info=&#8221;{}&#8221; theme_builder_area=&#8221;post_content&#8221;][\/et_pb_divider][\/et_pb_column][\/et_pb_row][et_pb_row column_structure=&#8221;1_2,1_2&#8243; _builder_version=&#8221;4.18.1&#8243; _module_preset=&#8221;default&#8221; global_colors_info=&#8221;{}&#8221; theme_builder_area=&#8221;post_content&#8221;][et_pb_column type=&#8221;1_2&#8243; _builder_version=&#8221;4.18.1&#8243; _module_preset=&#8221;default&#8221; global_colors_info=&#8221;{}&#8221; theme_builder_area=&#8221;post_content&#8221;][et_pb_testimonial author=&#8221;Marco&#8221; portrait_url=&#8221;https:\/\/ag-frisch.com\/wp-content\/uploads\/2021\/08\/Harald.png&#8221; quote_icon=&#8221;off&#8221; _builder_version=&#8221;4.18.1&#8243; _module_preset=&#8221;default&#8221; body_font_size=&#8221;16px&#8221; use_background_color=&#8221;off&#8221; background_layout=&#8221;dark&#8221; global_colors_info=&#8221;{}&#8221; theme_builder_area=&#8221;post_content&#8221;]J&#8217;ai demand\u00e9 \u00e0 l&#8217;agence Frisch de faire produire un meuble de grande taille en Chine et de le transf\u00e9rer ensuite en Allemagne. La communication par e-mail a \u00e9t\u00e9 fluide tout au long du processus ! Des r\u00e9ponses tr\u00e8s rapides et fiables m&#8217;ont apport\u00e9 en permanence les garanties indispensables \u00e0 une telle entreprise. J&#8217;ai toujours \u00e9t\u00e9 aid\u00e9 dans la jungle bureaucratique et aucun formulaire n&#8217;a \u00e9t\u00e9 oubli\u00e9 ou mal rempli. Tr\u00e8s louable !<a href=\"&lt;div%20class=%22pe-richsnippets%22&gt;&nbsp;&lt;\/div&gt;%20&lt;script%20type=%22text\/javascript%22%20src=%22https:\/\/www.provenexpert.com\/widget\/richsnippet.js?u=1NUA0VwZ4RUZ5tmAi5zA4RaplNKAlWwZ&amp;v=2%22%20async&gt;&lt;\/script&gt;%20&lt;div%20style=%22text-align:%20justify;%22&gt;&lt;br%20\/&gt;\"><\/a><\/p>\n<div class=\"brow ratingBarMargin\">\n<div class=\"ratingBar\">\n<div class=\"brow\">\n<div class=\"pe-richsnippets\">&nbsp;<\/div>\n<p><script type=\"text\/javascript\" src=\"https:\/\/www.provenexpert.com\/widget\/richsnippet.js?u=1NUA0VwZ4RUZ5tmAi5zA4RaplNKAlWwZ&amp;v=2\" async=\"\"><\/script><\/p>\n<div style=\"text-align: justify;\"><\/p>\n<div class=\"col-lg-9 col-md-8 col-xs-10 mt20 mb20\">\n<div class=\"col-xs-12 surveyNameForRating\"><\/div>\n<\/div>\n<\/div>\n<\/div>\n<\/div>\n<\/div>\n<p>[\/et_pb_testimonial][\/et_pb_column][et_pb_column type=&#8221;1_2&#8243; _builder_version=&#8221;4.18.1&#8243; _module_preset=&#8221;default&#8221; global_colors_info=&#8221;{}&#8221; theme_builder_area=&#8221;post_content&#8221;][et_pb_testimonial author=&#8221;Simone L.&#8221; portrait_url=&#8221;https:\/\/ag-frisch.com\/wp-content\/uploads\/2021\/08\/Harald.png&#8221; quote_icon=&#8221;off&#8221; _builder_version=&#8221;4.18.1&#8243; _module_preset=&#8221;default&#8221; body_font_size=&#8221;16px&#8221; use_background_color=&#8221;off&#8221; background_layout=&#8221;dark&#8221; global_colors_info=&#8221;{}&#8221; theme_builder_area=&#8221;post_content&#8221;]<\/p>\n<p>Tout est au top. On ne peut pas faire mieux. On ne peut pas faire mieux en mati\u00e8re de conseil et de r\u00e9alisation. Apr\u00e8s avoir pass\u00e9 plusieurs commandes aupr\u00e8s de cette entreprise, nous sommes plus que satisfaits et poursuivons notre collaboration.<\/p>\n<div class=\"brow ratingBarMargin\">\n<div class=\"ratingBar\">\n<div class=\"brow\">\n<div class=\"pe-richsnippets\"> <\/div>\n<p>\n<script type=\"text\/javascript\" src=\"https:\/\/www.provenexpert.com\/widget\/richsnippet.js?u=1NUA0VwZ4RUZ5tmAi5zA4RaplNKAlWwZ&amp;v=2\" async=\"\"><\/script>\n<\/p>\n<div style=\"text-align: justify;\">\n<p>&nbsp;<\/p>\n<div class=\"col-lg-9 col-md-8 col-xs-10 mt20 mb20\">\n<div class=\"col-xs-12 surveyNameForRating\"><\/div>\n<\/div>\n<\/div>\n<\/div>\n<\/div>\n<\/div>\n<p>[\/et_pb_testimonial][\/et_pb_column][\/et_pb_row][et_pb_row _builder_version=&#8221;4.16&#8243; background_size=&#8221;initial&#8221; background_position=&#8221;top_left&#8221; background_repeat=&#8221;repeat&#8221; custom_padding=&#8221;50px|0px|30px|0px&#8221; custom_css_main_element=&#8221;text-align: center;&#8221; global_colors_info=&#8221;{}&#8221; theme_builder_area=&#8221;post_content&#8221;][et_pb_column type=&#8221;4_4&#8243; _builder_version=&#8221;4.16&#8243; custom_padding=&#8221;|||&#8221; global_colors_info=&#8221;{}&#8221; custom_padding__hover=&#8221;|||&#8221; theme_builder_area=&#8221;post_content&#8221;][et_pb_button button_url=&#8221;https:\/\/www.provenexpert.com\/de-de\/agentur-frisch-international-consulting-gmbh-und-co-kg\/&#8221; button_text=&#8221;PLUS D&#039;AVIS&#8221; button_alignment=&#8221;left&#8221; admin_label=&#8221;Testimonial Button&#8221; _builder_version=&#8221;4.16&#8243; custom_button=&#8221;on&#8221; button_text_size=&#8221;18px&#8221; button_text_color=&#8221;#ffffff&#8221; button_bg_color=&#8221;#6eba01&#8243; button_border_width=&#8221;2px&#8221; button_border_color=&#8221;#6eba01&#8243; button_border_radius=&#8221;0px&#8221; button_letter_spacing=&#8221;2px&#8221; button_font=&#8221;Montserrat|||on|&#8221; button_use_icon=&#8221;off&#8221; animation_style=&#8221;fold&#8221; animation_direction=&#8221;bottom&#8221; button_text_color_hover=&#8221;#ffffff&#8221; button_border_color_hover=&#8221;#ffffff&#8221; button_border_radius_hover=&#8221;0px&#8221; button_letter_spacing_hover=&#8221;2px&#8221; button_bg_color_hover=&#8221;rgba(255,255,255,0)&#8221; locked=&#8221;off&#8221; global_colors_info=&#8221;{}&#8221; button_text_size__hover_enabled=&#8221;off&#8221; button_one_text_size__hover_enabled=&#8221;off&#8221; button_two_text_size__hover_enabled=&#8221;off&#8221; button_text_color__hover_enabled=&#8221;on&#8221; button_text_color__hover=&#8221;#ffffff&#8221; button_one_text_color__hover_enabled=&#8221;off&#8221; button_two_text_color__hover_enabled=&#8221;off&#8221; button_border_width__hover_enabled=&#8221;off&#8221; button_one_border_width__hover_enabled=&#8221;off&#8221; button_two_border_width__hover_enabled=&#8221;off&#8221; button_border_color__hover_enabled=&#8221;on&#8221; button_border_color__hover=&#8221;#ffffff&#8221; button_one_border_color__hover_enabled=&#8221;off&#8221; button_two_border_color__hover_enabled=&#8221;off&#8221; button_border_radius__hover_enabled=&#8221;on&#8221; button_border_radius__hover=&#8221;0px&#8221; button_one_border_radius__hover_enabled=&#8221;off&#8221; button_two_border_radius__hover_enabled=&#8221;off&#8221; button_letter_spacing__hover_enabled=&#8221;on&#8221; button_letter_spacing__hover=&#8221;2px&#8221; button_one_letter_spacing__hover_enabled=&#8221;off&#8221; button_two_letter_spacing__hover_enabled=&#8221;off&#8221; button_bg_color__hover_enabled=&#8221;on&#8221; button_bg_color__hover=&#8221;rgba(255,255,255,0)&#8221; button_one_bg_color__hover_enabled=&#8221;off&#8221; button_two_bg_color__hover_enabled=&#8221;off&#8221; theme_builder_area=&#8221;post_content&#8221;][\/et_pb_button][\/et_pb_column][\/et_pb_row][\/et_pb_section]<\/p>\n","protected":false},"excerpt":{"rendered":"<p>Si vous n&#8217;\u00eates pas s\u00fbr de votre rapport de test CE, l&#8217;agence d&#8217;importation chinoise Frisch se chargera volontiers de le v\u00e9rifier pour vous.Importation de Chine : examen du certificat et \u00e9valuationV\u00e9rifier les certificats et les rapports de test en provenance de Chine En tant que vendeur exp\u00e9riment\u00e9, vous savez combien il est important de pouvoir [&hellip;]<\/p>\n","protected":false},"author":2,"featured_media":0,"parent":0,"menu_order":0,"comment_status":"closed","ping_status":"closed","template":"","meta":{"_et_pb_use_builder":"on","_et_pb_old_content":"","_et_gb_content_width":"","footnotes":""},"class_list":["post-14643","page","type-page","status-publish","hentry"],"yoast_head":"<!-- This site is optimized with the Yoast SEO plugin v27.2 - https:\/\/yoast.com\/product\/yoast-seo-wordpress\/ -->\n<title>Importations de Chine : v\u00e9rification de l&#039;authenticit\u00e9 et de la plausibilit\u00e9 des certificats<\/title>\n<meta name=\"description\" content=\"V\u00e9rification des certificats d&#039;importation de Chine \u25ba Faire v\u00e9rifier l&#039;authenticit\u00e9 des certificats et des rapports de test \u25ba V\u00e9rification de l&#039;authenticit\u00e9 uniquement par un professionnel \u25ba Demandez conseil maintenant !\" \/>\n<meta name=\"robots\" content=\"index, follow, max-snippet:-1, max-image-preview:large, max-video-preview:-1\" \/>\n<link rel=\"canonical\" href=\"https:\/\/ag-frisch.com\/fr\/verification-des-certificats-en-provenance-de-chine\/\" \/>\n<meta property=\"og:locale\" content=\"fr_FR\" \/>\n<meta property=\"og:type\" content=\"article\" \/>\n<meta property=\"og:title\" content=\"Importations de Chine : v\u00e9rification de l&#039;authenticit\u00e9 et de la plausibilit\u00e9 des certificats\" \/>\n<meta property=\"og:description\" content=\"V\u00e9rification des certificats d&#039;importation de Chine \u25ba Faire v\u00e9rifier l&#039;authenticit\u00e9 des certificats et des rapports de test \u25ba V\u00e9rification de l&#039;authenticit\u00e9 uniquement par un professionnel \u25ba Demandez conseil maintenant !\" \/>\n<meta property=\"og:url\" content=\"https:\/\/ag-frisch.com\/fr\/verification-des-certificats-en-provenance-de-chine\/\" \/>\n<meta property=\"og:site_name\" content=\"China Import Beratung f\u00fcr den Einkauf aus China\" \/>\n<meta property=\"article:publisher\" content=\"https:\/\/www.facebook.com\/China.Import\" \/>\n<meta property=\"article:modified_time\" content=\"2023-01-27T04:51:12+00:00\" \/>\n<meta name=\"twitter:card\" content=\"summary_large_image\" \/>\n<meta name=\"twitter:site\" content=\"@agenturfrisch\" \/>\n<meta name=\"twitter:label1\" content=\"Dur\u00e9e de lecture estim\u00e9e\" \/>\n\t<meta name=\"twitter:data1\" content=\"8 minutes\" \/>\n<script type=\"application\/ld+json\" class=\"yoast-schema-graph\">{\"@context\":\"https:\/\/schema.org\",\"@graph\":[{\"@type\":\"WebPage\",\"@id\":\"https:\/\/ag-frisch.com\/fr\/verification-des-certificats-en-provenance-de-chine\/\",\"url\":\"https:\/\/ag-frisch.com\/fr\/verification-des-certificats-en-provenance-de-chine\/\",\"name\":\"Importations de Chine : v\u00e9rification de l'authenticit\u00e9 et de la plausibilit\u00e9 des certificats\",\"isPartOf\":{\"@id\":\"https:\/\/ag-frisch.com\/de\/#website\"},\"datePublished\":\"2022-08-25T12:15:49+00:00\",\"dateModified\":\"2023-01-27T04:51:12+00:00\",\"description\":\"V\u00e9rification des certificats d'importation de Chine \u25ba Faire v\u00e9rifier l'authenticit\u00e9 des certificats et des rapports de test \u25ba V\u00e9rification de l'authenticit\u00e9 uniquement par un professionnel \u25ba Demandez conseil maintenant !\",\"breadcrumb\":{\"@id\":\"https:\/\/ag-frisch.com\/fr\/verification-des-certificats-en-provenance-de-chine\/#breadcrumb\"},\"inLanguage\":\"fr-FR\",\"potentialAction\":[{\"@type\":\"ReadAction\",\"target\":[\"https:\/\/ag-frisch.com\/fr\/verification-des-certificats-en-provenance-de-chine\/\"]}]},{\"@type\":\"BreadcrumbList\",\"@id\":\"https:\/\/ag-frisch.com\/fr\/verification-des-certificats-en-provenance-de-chine\/#breadcrumb\",\"itemListElement\":[{\"@type\":\"ListItem\",\"position\":1,\"name\":\"Startseite\",\"item\":\"https:\/\/ag-frisch.com\/de\/\"},{\"@type\":\"ListItem\",\"position\":2,\"name\":\"V\u00e9rification des certificats en provenance de Chine\"}]},{\"@type\":\"WebSite\",\"@id\":\"https:\/\/ag-frisch.com\/de\/#website\",\"url\":\"https:\/\/ag-frisch.com\/de\/\",\"name\":\"China Import Beratung f\u00fcr den Einkauf aus China\",\"description\":\"China Import &amp; Export Beratung - Der Dienstleister Ihres Vertrauens f\u00fcr Ihren China Import\",\"publisher\":{\"@id\":\"https:\/\/ag-frisch.com\/de\/#organization\"},\"potentialAction\":[{\"@type\":\"SearchAction\",\"target\":{\"@type\":\"EntryPoint\",\"urlTemplate\":\"https:\/\/ag-frisch.com\/de\/?s={search_term_string}\"},\"query-input\":{\"@type\":\"PropertyValueSpecification\",\"valueRequired\":true,\"valueName\":\"search_term_string\"}}],\"inLanguage\":\"fr-FR\"},{\"@type\":\"Organization\",\"@id\":\"https:\/\/ag-frisch.com\/de\/#organization\",\"name\":\"Agentur Frisch International Consulting GmbH & Co. KG\",\"url\":\"https:\/\/ag-frisch.com\/de\/\",\"logo\":{\"@type\":\"ImageObject\",\"inLanguage\":\"fr-FR\",\"@id\":\"https:\/\/ag-frisch.com\/de\/#\/schema\/logo\/image\/\",\"url\":\"https:\/\/ag-frisch.com\/wp-content\/uploads\/2021\/08\/ag_logo_rgb_300_small.png\",\"contentUrl\":\"https:\/\/ag-frisch.com\/wp-content\/uploads\/2021\/08\/ag_logo_rgb_300_small.png\",\"width\":153,\"height\":102,\"caption\":\"Agentur Frisch International Consulting GmbH & Co. KG\"},\"image\":{\"@id\":\"https:\/\/ag-frisch.com\/de\/#\/schema\/logo\/image\/\"},\"sameAs\":[\"https:\/\/www.facebook.com\/China.Import\",\"https:\/\/x.com\/agenturfrisch\"]}]}<\/script>\n<!-- \/ Yoast SEO plugin. -->","yoast_head_json":{"title":"Importations de Chine : v\u00e9rification de l'authenticit\u00e9 et de la plausibilit\u00e9 des certificats","description":"V\u00e9rification des certificats d'importation de Chine \u25ba Faire v\u00e9rifier l'authenticit\u00e9 des certificats et des rapports de test \u25ba V\u00e9rification de l'authenticit\u00e9 uniquement par un professionnel \u25ba Demandez conseil maintenant !","robots":{"index":"index","follow":"follow","max-snippet":"max-snippet:-1","max-image-preview":"max-image-preview:large","max-video-preview":"max-video-preview:-1"},"canonical":"https:\/\/ag-frisch.com\/fr\/verification-des-certificats-en-provenance-de-chine\/","og_locale":"fr_FR","og_type":"article","og_title":"Importations de Chine : v\u00e9rification de l'authenticit\u00e9 et de la plausibilit\u00e9 des certificats","og_description":"V\u00e9rification des certificats d'importation de Chine \u25ba Faire v\u00e9rifier l'authenticit\u00e9 des certificats et des rapports de test \u25ba V\u00e9rification de l'authenticit\u00e9 uniquement par un professionnel \u25ba Demandez conseil maintenant !","og_url":"https:\/\/ag-frisch.com\/fr\/verification-des-certificats-en-provenance-de-chine\/","og_site_name":"China Import Beratung f\u00fcr den Einkauf aus China","article_publisher":"https:\/\/www.facebook.com\/China.Import","article_modified_time":"2023-01-27T04:51:12+00:00","twitter_card":"summary_large_image","twitter_site":"@agenturfrisch","twitter_misc":{"Dur\u00e9e de lecture estim\u00e9e":"8 minutes"},"schema":{"@context":"https:\/\/schema.org","@graph":[{"@type":"WebPage","@id":"https:\/\/ag-frisch.com\/fr\/verification-des-certificats-en-provenance-de-chine\/","url":"https:\/\/ag-frisch.com\/fr\/verification-des-certificats-en-provenance-de-chine\/","name":"Importations de Chine : v\u00e9rification de l'authenticit\u00e9 et de la plausibilit\u00e9 des certificats","isPartOf":{"@id":"https:\/\/ag-frisch.com\/de\/#website"},"datePublished":"2022-08-25T12:15:49+00:00","dateModified":"2023-01-27T04:51:12+00:00","description":"V\u00e9rification des certificats d'importation de Chine \u25ba Faire v\u00e9rifier l'authenticit\u00e9 des certificats et des rapports de test \u25ba V\u00e9rification de l'authenticit\u00e9 uniquement par un professionnel \u25ba Demandez conseil maintenant !","breadcrumb":{"@id":"https:\/\/ag-frisch.com\/fr\/verification-des-certificats-en-provenance-de-chine\/#breadcrumb"},"inLanguage":"fr-FR","potentialAction":[{"@type":"ReadAction","target":["https:\/\/ag-frisch.com\/fr\/verification-des-certificats-en-provenance-de-chine\/"]}]},{"@type":"BreadcrumbList","@id":"https:\/\/ag-frisch.com\/fr\/verification-des-certificats-en-provenance-de-chine\/#breadcrumb","itemListElement":[{"@type":"ListItem","position":1,"name":"Startseite","item":"https:\/\/ag-frisch.com\/de\/"},{"@type":"ListItem","position":2,"name":"V\u00e9rification des certificats en provenance de Chine"}]},{"@type":"WebSite","@id":"https:\/\/ag-frisch.com\/de\/#website","url":"https:\/\/ag-frisch.com\/de\/","name":"China Import Beratung f\u00fcr den Einkauf aus China","description":"China Import &amp; Export Beratung - Der Dienstleister Ihres Vertrauens f\u00fcr Ihren China Import","publisher":{"@id":"https:\/\/ag-frisch.com\/de\/#organization"},"potentialAction":[{"@type":"SearchAction","target":{"@type":"EntryPoint","urlTemplate":"https:\/\/ag-frisch.com\/de\/?s={search_term_string}"},"query-input":{"@type":"PropertyValueSpecification","valueRequired":true,"valueName":"search_term_string"}}],"inLanguage":"fr-FR"},{"@type":"Organization","@id":"https:\/\/ag-frisch.com\/de\/#organization","name":"Agentur Frisch International Consulting GmbH & Co. KG","url":"https:\/\/ag-frisch.com\/de\/","logo":{"@type":"ImageObject","inLanguage":"fr-FR","@id":"https:\/\/ag-frisch.com\/de\/#\/schema\/logo\/image\/","url":"https:\/\/ag-frisch.com\/wp-content\/uploads\/2021\/08\/ag_logo_rgb_300_small.png","contentUrl":"https:\/\/ag-frisch.com\/wp-content\/uploads\/2021\/08\/ag_logo_rgb_300_small.png","width":153,"height":102,"caption":"Agentur Frisch International Consulting GmbH & Co. KG"},"image":{"@id":"https:\/\/ag-frisch.com\/de\/#\/schema\/logo\/image\/"},"sameAs":["https:\/\/www.facebook.com\/China.Import","https:\/\/x.com\/agenturfrisch"]}]}},"_links":{"self":[{"href":"https:\/\/ag-frisch.com\/fr\/wp-json\/wp\/v2\/pages\/14643","targetHints":{"allow":["GET"]}}],"collection":[{"href":"https:\/\/ag-frisch.com\/fr\/wp-json\/wp\/v2\/pages"}],"about":[{"href":"https:\/\/ag-frisch.com\/fr\/wp-json\/wp\/v2\/types\/page"}],"author":[{"embeddable":true,"href":"https:\/\/ag-frisch.com\/fr\/wp-json\/wp\/v2\/users\/2"}],"replies":[{"embeddable":true,"href":"https:\/\/ag-frisch.com\/fr\/wp-json\/wp\/v2\/comments?post=14643"}],"version-history":[{"count":0,"href":"https:\/\/ag-frisch.com\/fr\/wp-json\/wp\/v2\/pages\/14643\/revisions"}],"wp:attachment":[{"href":"https:\/\/ag-frisch.com\/fr\/wp-json\/wp\/v2\/media?parent=14643"}],"curies":[{"name":"wp","href":"https:\/\/api.w.org\/{rel}","templated":true}]}}