{"id":5443,"date":"2021-09-12T22:02:38","date_gmt":"2021-09-12T20:02:38","guid":{"rendered":"https:\/\/ag-frisch.com\/boutique\/"},"modified":"2023-01-26T20:49:41","modified_gmt":"2023-01-26T19:49:41","slug":"boutique","status":"publish","type":"page","link":"https:\/\/ag-frisch.com\/fr\/boutique\/","title":{"rendered":"Liste des produits"},"content":{"rendered":"<p>[et_pb_section fb_built=&#8221;1&#8243; _builder_version=&#8221;4.16&#8243; global_colors_info=&#8221;{}&#8221;][et_pb_row _builder_version=&#8221;4.16&#8243; background_size=&#8221;initial&#8221; background_position=&#8221;top_left&#8221; background_repeat=&#8221;repeat&#8221; global_colors_info=&#8221;{}&#8221;][et_pb_column type=&#8221;4_4&#8243; _builder_version=&#8221;4.16&#8243; custom_padding=&#8221;|||&#8221; global_colors_info=&#8221;{}&#8221; custom_padding__hover=&#8221;|||&#8221;][et_pb_cta title=&#8221;R\u00e9f\u00e9rencement sur toutes les places de march\u00e9 pertinentes&#8221; button_url=&#8221;https:\/\/ag-frisch.com\/fr\/contact\/&#8221; button_text=&#8221;Engagez des experts maintenant !&#8221; _builder_version=&#8221;4.16&#8243; _module_preset=&#8221;default&#8221; global_colors_info=&#8221;{}&#8221;]<\/p>\n<p>Nous vous aidons \u00e0 mettre vos produits en ligne sur toutes les places de march\u00e9 pertinentes.  <\/p>\n<p>[\/et_pb_cta][et_pb_text _builder_version=&#8221;4.16&#8243; background_size=&#8221;initial&#8221; background_position=&#8221;top_left&#8221; background_repeat=&#8221;repeat&#8221; global_colors_info=&#8221;{}&#8221;]<\/p>\n<h1>R\u00e9f\u00e9rencement des produits sur les places de march\u00e9 en ligne<\/h1>\n<p><strong>Visibilit\u00e9 pour vos produits sur Amazon et autres<\/strong><\/p>\n<p>Le plus beau produit ne sert \u00e0 rien s&#8217;il n&#8217;est pas vu par les clients. C&#8217;est pourquoi nous prenons en charge le r\u00e9f\u00e9rencement de vos produits sur les places de march\u00e9 en ligne et veillons \u00e0 ce que vos marchandises soient pr\u00e9sent\u00e9es sous leur meilleur jour &#8211; et per\u00e7ues par le plus grand nombre de personnes possible. Parmi les prestations de l&#8217;agence Frisch figure, dans le cadre du r\u00e9f\u00e9rencement :<\/p>\n<ul>\n<li>Photographie de produits<\/li>\n<li>R\u00e9daction des textes de produits<\/li>\n<li>Lancement de produit<\/li>\n<li>Annonces publicitaires<\/li>\n<\/ul>\n<p>L&#8217;id\u00e9al est d&#8217;opter pour un pr\u00e9-listing. Vous pouvez ainsi profiter des avantages du r\u00e9f\u00e9rencement de vos produits sur les places de march\u00e9 en ligne au moment m\u00eame o\u00f9 vous pouvez disposer de vos marchandises livr\u00e9es. Les longues p\u00e9riodes de d\u00e9marrage des affaires sont ainsi supprim\u00e9es, tout comme les co\u00fbts de stockage \u00e9lev\u00e9s.<\/p>\n<p>Bien entendu, nous prenons en charge votre r\u00e9f\u00e9rencement sur Amazon ou le r\u00e9f\u00e9rencement de vos produits sur d&#8217;autres places de march\u00e9 en ligne, mais aussi si celles-ci sont d\u00e9j\u00e0 en cours. L\u00e0 aussi, nous pouvons g\u00e9n\u00e9ralement obtenir des r\u00e9sultats consid\u00e9rables gr\u00e2ce \u00e0 des optimisations.<\/p>\n<p>&nbsp;<\/p>\n<p><strong>Pr\u00e9-listing de vos produits<\/strong><\/p>\n<p>Pour b\u00e9n\u00e9ficier de tous les avantages du r\u00e9f\u00e9rencement, il est judicieux de commencer le r\u00e9f\u00e9rencement le plus t\u00f4t possible. Nous nous chargeons volontiers de cette t\u00e2che pour vous et cr\u00e9ons toutes les inscriptions et publicit\u00e9s avant m\u00eame que vos marchandises ne soient arriv\u00e9es de Chine. Ainsi, vous pouvez commencer d\u00e8s que la livraison est l\u00e0 et \u00eatre d\u00e9j\u00e0 au milieu de l&#8217;affaire.<\/p>\n<p>&nbsp;<\/p>\n<p><strong>Agence Frisch &#8211; Votre partenaire marketing pour un r\u00e9f\u00e9rencement fort<\/strong><\/p>\n<p>Le r\u00e9f\u00e9rencement des produits sur les places de march\u00e9 en ligne suit certaines r\u00e8gles qu&#8217;il faut conna\u00eetre en tant qu&#8217;acteur du march\u00e9. L&#8217;agence Frisch est \u00e9galement active avec succ\u00e8s dans ce domaine depuis de nombreuses ann\u00e9es. Lors d&#8217;un entretien de conseil, nous d\u00e9terminons la meilleure mani\u00e8re de proc\u00e9der pour votre produit individuel. Il peut s&#8217;agir de prestations partielles ou d&#8217;une configuration compl\u00e8te de commerce \u00e9lectronique. Nous vous proposons les services suivants autour du r\u00e9f\u00e9rencement :<\/p>\n<ul>\n<li><strong>Photographie de produits<\/strong><\/li>\n<\/ul>\n<p>Nos photographes exp\u00e9riment\u00e9s savent comment mettre habilement en sc\u00e8ne votre produit afin d&#8217;inciter \u00e0 l&#8217;achat. Il en r\u00e9sulte des photos expressives et \u00e0 fort impact publicitaire.<\/p>\n<p>&nbsp;<\/p>\n<ul>\n<li><strong>Textes de produits<\/strong><\/li>\n<\/ul>\n<p>Outre les images, les mots justes sont plus importants que tout sur Internet : les r\u00e9dacteurs publicitaires professionnels s&#8217;occupent de vos produits et transmettent aux clients les avantages de vos produits. Avec les bons mots-cl\u00e9s et l&#8217;optimisation linguistique pour les moteurs de recherche, nous tirons le meilleur parti de vos articles.<\/p>\n<p>&nbsp;<\/p>\n<ul>\n<li><strong>Lancement de produit<\/strong><\/li>\n<\/ul>\n<p>Il existe diff\u00e9rentes possibilit\u00e9s techniques pour que les produits soient mieux class\u00e9s dans le r\u00e9f\u00e9rencement sur Amazon et autres. Nos experts les connaissent et utilisent toutes les possibilit\u00e9s pour vous placer de mani\u00e8re optimale.<\/p>\n<p>&nbsp;<\/p>\n<ul>\n<li><strong>Annonces publicitaires<\/strong><\/li>\n<\/ul>\n<p>Les publicit\u00e9s sur Google ou Amazon font partie d&#8217;une strat\u00e9gie marketing r\u00e9ussie dans le cadre de la configuration du commerce \u00e9lectronique. Nos professionnels du marketing en ligne vous emm\u00e8nent au sommet.<\/p>\n<p>&nbsp;<\/p>\n<p><strong>R\u00e9f\u00e9rencement Amazon &#8211; Au top chez le leader du march\u00e9<\/strong><\/p>\n<p>Amazon est la premi\u00e8re place de march\u00e9 en ligne et, en tant que telle, elle est particuli\u00e8rement importante pour votre configuration de commerce \u00e9lectronique. La plateforme de Jeff Bezos suit ses propres r\u00e8gles en mati\u00e8re de r\u00e9f\u00e9rencement. Les experts en marketing de l&#8217;agence Frisch les connaissent bien et peuvent id\u00e9alement mettre en avant vos produits dans le r\u00e9f\u00e9rencement Amazon.<\/p>\n<p>En tant que plateforme centrale du commerce en ligne, nous prenons le r\u00e9f\u00e9rencement Amazon particuli\u00e8rement au s\u00e9rieux. C&#8217;est ici que se d\u00e9roulent vos gros gains. Le succ\u00e8s de votre installation de commerce \u00e9lectronique d\u00e9pend des mesures prises. Ne laissez pas le r\u00e9f\u00e9rencement de vos produits sur les places de march\u00e9 en ligne comme Amazon au hasard &#8211; confiez-le \u00e0 des professionnels qui savent exactement ce qu&#8217;ils font.<\/p>\n<p>[\/et_pb_text][\/et_pb_column][\/et_pb_row][\/et_pb_section][et_pb_section fb_built=&#8221;1&#8243; admin_label=&#8221;Testimonials&#8221; _builder_version=&#8221;4.16&#8243; use_background_color_gradient=&#8221;on&#8221; background_color_gradient_stops=&#8221;rgba(0,106,156,0.85) 0%|rgba(0,106,156,0.85) 100%&#8221; background_color_gradient_start=&#8221;rgba(0,106,156,0.85)&#8221; background_color_gradient_end=&#8221;rgba(0,106,156,0.85)&#8221; custom_padding=&#8221;90px||60px|&#8221; animation_style=&#8221;fold&#8221; animation_direction=&#8221;bottom&#8221; animation_intensity_fold=&#8221;4%&#8221; global_colors_info=&#8221;{}&#8221; theme_builder_area=&#8221;post_content&#8221;][et_pb_row _builder_version=&#8221;4.16&#8243; background_size=&#8221;initial&#8221; background_position=&#8221;top_left&#8221; background_repeat=&#8221;repeat&#8221; custom_width_px=&#8221;710px&#8221; locked=&#8221;off&#8221; global_colors_info=&#8221;{}&#8221; theme_builder_area=&#8221;post_content&#8221;][et_pb_column type=&#8221;4_4&#8243; _builder_version=&#8221;4.16&#8243; background_position=&#8221;top_left&#8221; custom_padding=&#8221;|||&#8221; global_colors_info=&#8221;{}&#8221; custom_padding__hover=&#8221;|||&#8221; theme_builder_area=&#8221;post_content&#8221;][et_pb_text admin_label=&#8221;Testimonials Section Title&#8221; _builder_version=&#8221;4.16&#8243; header_font=&#8221;Montserrat||||&#8221; header_font_size=&#8221;36px&#8221; background_size=&#8221;initial&#8221; background_position=&#8221;top_left&#8221; background_repeat=&#8221;repeat&#8221; text_orientation=&#8221;center&#8221; background_layout=&#8221;dark&#8221; max_width=&#8221;710px&#8221; module_alignment=&#8221;center&#8221; animation_style=&#8221;fold&#8221; animation_direction=&#8221;bottom&#8221; animation_intensity_fold=&#8221;20%&#8221; global_colors_info=&#8221;{}&#8221; theme_builder_area=&#8221;post_content&#8221;]<\/p>\n<h1>Plus de 5000 clients satisfaits.<\/h1>\n<p>&nbsp;<\/p>\n<p>[\/et_pb_text][et_pb_divider color=&#8221;#ffffff&#8221; divider_weight=&#8221;3px&#8221; disabled_on=&#8221;off|off|off&#8221; _builder_version=&#8221;4.16&#8243; background_color_gradient_direction=&#8221;90deg&#8221; max_width=&#8221;100px&#8221; module_alignment=&#8221;center&#8221; height=&#8221;5px&#8221; custom_margin=&#8221;||20px|&#8221; custom_padding=&#8221;||20px|&#8221; animation_style=&#8221;slide&#8221; animation_direction=&#8221;bottom&#8221; saved_tabs=&#8221;all&#8221; locked=&#8221;off&#8221; global_colors_info=&#8221;{}&#8221; theme_builder_area=&#8221;post_content&#8221;][\/et_pb_divider][\/et_pb_column][\/et_pb_row][et_pb_row column_structure=&#8221;1_2,1_2&#8243; _builder_version=&#8221;4.18.1&#8243; _module_preset=&#8221;default&#8221; global_colors_info=&#8221;{}&#8221; theme_builder_area=&#8221;post_content&#8221;][et_pb_column type=&#8221;1_2&#8243; _builder_version=&#8221;4.18.1&#8243; _module_preset=&#8221;default&#8221; global_colors_info=&#8221;{}&#8221; theme_builder_area=&#8221;post_content&#8221;][et_pb_testimonial author=&#8221;Marco&#8221; portrait_url=&#8221;https:\/\/ag-frisch.com\/wp-content\/uploads\/2021\/08\/Harald.png&#8221; quote_icon=&#8221;off&#8221; _builder_version=&#8221;4.18.1&#8243; _module_preset=&#8221;default&#8221; body_font_size=&#8221;16px&#8221; use_background_color=&#8221;off&#8221; background_layout=&#8221;dark&#8221; global_colors_info=&#8221;{}&#8221; theme_builder_area=&#8221;post_content&#8221;]J&#8217;ai demand\u00e9 \u00e0 l&#8217;agence Frisch de faire produire un meuble de grande taille en Chine et de le transf\u00e9rer ensuite en Allemagne. La communication par e-mail a \u00e9t\u00e9 fluide tout au long du processus ! Des r\u00e9ponses tr\u00e8s rapides et fiables m&#8217;ont apport\u00e9 en permanence les garanties indispensables \u00e0 une telle entreprise. J&#8217;ai toujours \u00e9t\u00e9 aid\u00e9 dans la jungle bureaucratique et aucun formulaire n&#8217;a \u00e9t\u00e9 oubli\u00e9 ou mal rempli. Tr\u00e8s louable !<a href=\"&lt;div%20class=%22pe-richsnippets%22&gt;&nbsp;&lt;\/div&gt;%20&lt;script%20type=%22text\/javascript%22%20src=%22https:\/\/www.provenexpert.com\/widget\/richsnippet.js?u=1NUA0VwZ4RUZ5tmAi5zA4RaplNKAlWwZ&amp;v=2%22%20async&gt;&lt;\/script&gt;%20&lt;div%20style=%22text-align:%20justify;%22&gt;&lt;br%20\/&gt;\"><\/a><\/p>\n<div class=\"brow ratingBarMargin\">\n<div class=\"ratingBar\">\n<div class=\"brow\">\n<div class=\"pe-richsnippets\">&nbsp;<\/div>\n<p><script type=\"text\/javascript\" src=\"https:\/\/www.provenexpert.com\/widget\/richsnippet.js?u=1NUA0VwZ4RUZ5tmAi5zA4RaplNKAlWwZ&amp;v=2\" async=\"\"><\/script><\/p>\n<div style=\"text-align: justify;\"><\/p>\n<div class=\"col-lg-9 col-md-8 col-xs-10 mt20 mb20\">\n<div class=\"col-xs-12 surveyNameForRating\"><\/div>\n<\/div>\n<\/div>\n<\/div>\n<\/div>\n<\/div>\n<p>[\/et_pb_testimonial][\/et_pb_column][et_pb_column type=&#8221;1_2&#8243; _builder_version=&#8221;4.18.1&#8243; _module_preset=&#8221;default&#8221; global_colors_info=&#8221;{}&#8221; theme_builder_area=&#8221;post_content&#8221;][et_pb_testimonial author=&#8221;Simone L.&#8221; portrait_url=&#8221;https:\/\/ag-frisch.com\/wp-content\/uploads\/2021\/08\/Harald.png&#8221; quote_icon=&#8221;off&#8221; _builder_version=&#8221;4.18.1&#8243; _module_preset=&#8221;default&#8221; body_font_size=&#8221;16px&#8221; use_background_color=&#8221;off&#8221; background_layout=&#8221;dark&#8221; global_colors_info=&#8221;{}&#8221; theme_builder_area=&#8221;post_content&#8221;]<\/p>\n<p>Tout est au top. On ne peut pas faire mieux. On ne peut pas faire mieux en mati\u00e8re de conseil et de r\u00e9alisation. Apr\u00e8s avoir pass\u00e9 plusieurs commandes aupr\u00e8s de cette entreprise, nous sommes plus que satisfaits et poursuivons notre collaboration.<\/p>\n<div class=\"brow ratingBarMargin\">\n<div class=\"ratingBar\">\n<div class=\"brow\">\n<div class=\"pe-richsnippets\"> <\/div>\n<p>\n<script type=\"text\/javascript\" src=\"https:\/\/www.provenexpert.com\/widget\/richsnippet.js?u=1NUA0VwZ4RUZ5tmAi5zA4RaplNKAlWwZ&amp;v=2\" async=\"\"><\/script>\n<\/p>\n<div style=\"text-align: justify;\">\n<p>&nbsp;<\/p>\n<div class=\"col-lg-9 col-md-8 col-xs-10 mt20 mb20\">\n<div class=\"col-xs-12 surveyNameForRating\"><\/div>\n<\/div>\n<\/div>\n<\/div>\n<\/div>\n<\/div>\n<p>[\/et_pb_testimonial][\/et_pb_column][\/et_pb_row][et_pb_row _builder_version=&#8221;4.16&#8243; background_size=&#8221;initial&#8221; background_position=&#8221;top_left&#8221; background_repeat=&#8221;repeat&#8221; custom_padding=&#8221;50px|0px|30px|0px&#8221; custom_css_main_element=&#8221;text-align: center;&#8221; global_colors_info=&#8221;{}&#8221; theme_builder_area=&#8221;post_content&#8221;][et_pb_column type=&#8221;4_4&#8243; _builder_version=&#8221;4.16&#8243; custom_padding=&#8221;|||&#8221; global_colors_info=&#8221;{}&#8221; custom_padding__hover=&#8221;|||&#8221; theme_builder_area=&#8221;post_content&#8221;][et_pb_button button_url=&#8221;https:\/\/www.provenexpert.com\/de-de\/agentur-frisch-international-consulting-gmbh-und-co-kg\/&#8221; button_text=&#8221;PLUS D&#039;AVIS&#8221; button_alignment=&#8221;left&#8221; admin_label=&#8221;Testimonial Button&#8221; _builder_version=&#8221;4.16&#8243; custom_button=&#8221;on&#8221; button_text_size=&#8221;18px&#8221; button_text_color=&#8221;#ffffff&#8221; button_bg_color=&#8221;#6eba01&#8243; button_border_width=&#8221;2px&#8221; button_border_color=&#8221;#6eba01&#8243; button_border_radius=&#8221;0px&#8221; button_letter_spacing=&#8221;2px&#8221; button_font=&#8221;Montserrat|||on|&#8221; button_use_icon=&#8221;off&#8221; animation_style=&#8221;fold&#8221; animation_direction=&#8221;bottom&#8221; button_text_color_hover=&#8221;#ffffff&#8221; button_border_color_hover=&#8221;#ffffff&#8221; button_border_radius_hover=&#8221;0px&#8221; button_letter_spacing_hover=&#8221;2px&#8221; button_bg_color_hover=&#8221;rgba(255,255,255,0)&#8221; locked=&#8221;off&#8221; global_colors_info=&#8221;{}&#8221; button_text_size__hover_enabled=&#8221;off&#8221; button_one_text_size__hover_enabled=&#8221;off&#8221; button_two_text_size__hover_enabled=&#8221;off&#8221; button_text_color__hover_enabled=&#8221;on&#8221; button_text_color__hover=&#8221;#ffffff&#8221; button_one_text_color__hover_enabled=&#8221;off&#8221; button_two_text_color__hover_enabled=&#8221;off&#8221; button_border_width__hover_enabled=&#8221;off&#8221; button_one_border_width__hover_enabled=&#8221;off&#8221; button_two_border_width__hover_enabled=&#8221;off&#8221; button_border_color__hover_enabled=&#8221;on&#8221; button_border_color__hover=&#8221;#ffffff&#8221; button_one_border_color__hover_enabled=&#8221;off&#8221; button_two_border_color__hover_enabled=&#8221;off&#8221; button_border_radius__hover_enabled=&#8221;on&#8221; button_border_radius__hover=&#8221;0px&#8221; button_one_border_radius__hover_enabled=&#8221;off&#8221; button_two_border_radius__hover_enabled=&#8221;off&#8221; button_letter_spacing__hover_enabled=&#8221;on&#8221; button_letter_spacing__hover=&#8221;2px&#8221; button_one_letter_spacing__hover_enabled=&#8221;off&#8221; button_two_letter_spacing__hover_enabled=&#8221;off&#8221; button_bg_color__hover_enabled=&#8221;on&#8221; button_bg_color__hover=&#8221;rgba(255,255,255,0)&#8221; button_one_bg_color__hover_enabled=&#8221;off&#8221; button_two_bg_color__hover_enabled=&#8221;off&#8221; theme_builder_area=&#8221;post_content&#8221;][\/et_pb_button][\/et_pb_column][\/et_pb_row][\/et_pb_section]<\/p>\n","protected":false},"excerpt":{"rendered":"<p>Nous vous aidons \u00e0 mettre vos produits en ligne sur toutes les places de march\u00e9 pertinentes. R\u00e9f\u00e9rencement des produits sur les places de march\u00e9 en ligne Visibilit\u00e9 pour vos produits sur Amazon et autres Le plus beau produit ne sert \u00e0 rien s&#8217;il n&#8217;est pas vu par les clients. C&#8217;est pourquoi nous prenons en charge [&hellip;]<\/p>\n","protected":false},"author":2,"featured_media":0,"parent":0,"menu_order":0,"comment_status":"closed","ping_status":"closed","template":"","meta":{"_et_pb_use_builder":"on","_et_pb_old_content":"","_et_gb_content_width":"","footnotes":""},"class_list":["post-5443","page","type-page","status-publish","hentry"],"yoast_head":"<!-- This site is optimized with the Yoast SEO plugin v27.2 - https:\/\/yoast.com\/product\/yoast-seo-wordpress\/ -->\n<title>R\u00e9f\u00e9rencement des produits sur Amazon &amp; Co | Optimisation de la place de march\u00e9<\/title>\n<meta name=\"description\" content=\"Vos produits r\u00e9f\u00e9renc\u00e9s sur Amazon et d&#039;autres places de march\u00e9 en ligne \u25ba Positionnement id\u00e9al et optimisation de la visibilit\u00e9 des produits \u25ba Demandez conseil maintenant !\" \/>\n<meta name=\"robots\" content=\"index, follow, max-snippet:-1, max-image-preview:large, max-video-preview:-1\" \/>\n<link rel=\"canonical\" href=\"https:\/\/ag-frisch.com\/fr\/boutique\/\" \/>\n<meta property=\"og:locale\" content=\"fr_FR\" \/>\n<meta property=\"og:type\" content=\"article\" \/>\n<meta property=\"og:title\" content=\"R\u00e9f\u00e9rencement des produits sur Amazon &amp; Co | Optimisation de la place de march\u00e9\" \/>\n<meta property=\"og:description\" content=\"Vos produits r\u00e9f\u00e9renc\u00e9s sur Amazon et d&#039;autres places de march\u00e9 en ligne \u25ba Positionnement id\u00e9al et optimisation de la visibilit\u00e9 des produits \u25ba Demandez conseil maintenant !\" \/>\n<meta property=\"og:url\" content=\"https:\/\/ag-frisch.com\/fr\/boutique\/\" \/>\n<meta property=\"og:site_name\" content=\"China Import Beratung f\u00fcr den Einkauf aus China\" \/>\n<meta property=\"article:publisher\" content=\"https:\/\/www.facebook.com\/China.Import\" \/>\n<meta property=\"article:modified_time\" content=\"2023-01-26T19:49:41+00:00\" \/>\n<meta name=\"twitter:card\" content=\"summary_large_image\" \/>\n<meta name=\"twitter:site\" content=\"@agenturfrisch\" \/>\n<meta name=\"twitter:label1\" content=\"Dur\u00e9e de lecture estim\u00e9e\" \/>\n\t<meta name=\"twitter:data1\" content=\"8 minutes\" \/>\n<script type=\"application\/ld+json\" class=\"yoast-schema-graph\">{\"@context\":\"https:\/\/schema.org\",\"@graph\":[{\"@type\":\"WebPage\",\"@id\":\"https:\/\/ag-frisch.com\/fr\/boutique\/\",\"url\":\"https:\/\/ag-frisch.com\/fr\/boutique\/\",\"name\":\"R\u00e9f\u00e9rencement des produits sur Amazon & Co | Optimisation de la place de march\u00e9\",\"isPartOf\":{\"@id\":\"https:\/\/ag-frisch.com\/de\/#website\"},\"datePublished\":\"2021-09-12T20:02:38+00:00\",\"dateModified\":\"2023-01-26T19:49:41+00:00\",\"description\":\"Vos produits r\u00e9f\u00e9renc\u00e9s sur Amazon et d'autres places de march\u00e9 en ligne \u25ba Positionnement id\u00e9al et optimisation de la visibilit\u00e9 des produits \u25ba Demandez conseil maintenant !\",\"breadcrumb\":{\"@id\":\"https:\/\/ag-frisch.com\/fr\/boutique\/#breadcrumb\"},\"inLanguage\":\"fr-FR\",\"potentialAction\":[{\"@type\":\"ReadAction\",\"target\":[\"https:\/\/ag-frisch.com\/fr\/boutique\/\"]}]},{\"@type\":\"BreadcrumbList\",\"@id\":\"https:\/\/ag-frisch.com\/fr\/boutique\/#breadcrumb\",\"itemListElement\":[{\"@type\":\"ListItem\",\"position\":1,\"name\":\"Startseite\",\"item\":\"https:\/\/ag-frisch.com\/de\/\"},{\"@type\":\"ListItem\",\"position\":2,\"name\":\"Liste des produits\"}]},{\"@type\":\"WebSite\",\"@id\":\"https:\/\/ag-frisch.com\/de\/#website\",\"url\":\"https:\/\/ag-frisch.com\/de\/\",\"name\":\"China Import Beratung f\u00fcr den Einkauf aus China\",\"description\":\"China Import &amp; Export Beratung - Der Dienstleister Ihres Vertrauens f\u00fcr Ihren China Import\",\"publisher\":{\"@id\":\"https:\/\/ag-frisch.com\/de\/#organization\"},\"potentialAction\":[{\"@type\":\"SearchAction\",\"target\":{\"@type\":\"EntryPoint\",\"urlTemplate\":\"https:\/\/ag-frisch.com\/de\/?s={search_term_string}\"},\"query-input\":{\"@type\":\"PropertyValueSpecification\",\"valueRequired\":true,\"valueName\":\"search_term_string\"}}],\"inLanguage\":\"fr-FR\"},{\"@type\":\"Organization\",\"@id\":\"https:\/\/ag-frisch.com\/de\/#organization\",\"name\":\"Agentur Frisch International Consulting GmbH & Co. KG\",\"url\":\"https:\/\/ag-frisch.com\/de\/\",\"logo\":{\"@type\":\"ImageObject\",\"inLanguage\":\"fr-FR\",\"@id\":\"https:\/\/ag-frisch.com\/de\/#\/schema\/logo\/image\/\",\"url\":\"https:\/\/ag-frisch.com\/wp-content\/uploads\/2021\/08\/ag_logo_rgb_300_small.png\",\"contentUrl\":\"https:\/\/ag-frisch.com\/wp-content\/uploads\/2021\/08\/ag_logo_rgb_300_small.png\",\"width\":153,\"height\":102,\"caption\":\"Agentur Frisch International Consulting GmbH & Co. KG\"},\"image\":{\"@id\":\"https:\/\/ag-frisch.com\/de\/#\/schema\/logo\/image\/\"},\"sameAs\":[\"https:\/\/www.facebook.com\/China.Import\",\"https:\/\/x.com\/agenturfrisch\"]}]}<\/script>\n<!-- \/ Yoast SEO plugin. -->","yoast_head_json":{"title":"R\u00e9f\u00e9rencement des produits sur Amazon & Co | Optimisation de la place de march\u00e9","description":"Vos produits r\u00e9f\u00e9renc\u00e9s sur Amazon et d'autres places de march\u00e9 en ligne \u25ba Positionnement id\u00e9al et optimisation de la visibilit\u00e9 des produits \u25ba Demandez conseil maintenant !","robots":{"index":"index","follow":"follow","max-snippet":"max-snippet:-1","max-image-preview":"max-image-preview:large","max-video-preview":"max-video-preview:-1"},"canonical":"https:\/\/ag-frisch.com\/fr\/boutique\/","og_locale":"fr_FR","og_type":"article","og_title":"R\u00e9f\u00e9rencement des produits sur Amazon & Co | Optimisation de la place de march\u00e9","og_description":"Vos produits r\u00e9f\u00e9renc\u00e9s sur Amazon et d'autres places de march\u00e9 en ligne \u25ba Positionnement id\u00e9al et optimisation de la visibilit\u00e9 des produits \u25ba Demandez conseil maintenant !","og_url":"https:\/\/ag-frisch.com\/fr\/boutique\/","og_site_name":"China Import Beratung f\u00fcr den Einkauf aus China","article_publisher":"https:\/\/www.facebook.com\/China.Import","article_modified_time":"2023-01-26T19:49:41+00:00","twitter_card":"summary_large_image","twitter_site":"@agenturfrisch","twitter_misc":{"Dur\u00e9e de lecture estim\u00e9e":"8 minutes"},"schema":{"@context":"https:\/\/schema.org","@graph":[{"@type":"WebPage","@id":"https:\/\/ag-frisch.com\/fr\/boutique\/","url":"https:\/\/ag-frisch.com\/fr\/boutique\/","name":"R\u00e9f\u00e9rencement des produits sur Amazon & Co | Optimisation de la place de march\u00e9","isPartOf":{"@id":"https:\/\/ag-frisch.com\/de\/#website"},"datePublished":"2021-09-12T20:02:38+00:00","dateModified":"2023-01-26T19:49:41+00:00","description":"Vos produits r\u00e9f\u00e9renc\u00e9s sur Amazon et d'autres places de march\u00e9 en ligne \u25ba Positionnement id\u00e9al et optimisation de la visibilit\u00e9 des produits \u25ba Demandez conseil maintenant !","breadcrumb":{"@id":"https:\/\/ag-frisch.com\/fr\/boutique\/#breadcrumb"},"inLanguage":"fr-FR","potentialAction":[{"@type":"ReadAction","target":["https:\/\/ag-frisch.com\/fr\/boutique\/"]}]},{"@type":"BreadcrumbList","@id":"https:\/\/ag-frisch.com\/fr\/boutique\/#breadcrumb","itemListElement":[{"@type":"ListItem","position":1,"name":"Startseite","item":"https:\/\/ag-frisch.com\/de\/"},{"@type":"ListItem","position":2,"name":"Liste des produits"}]},{"@type":"WebSite","@id":"https:\/\/ag-frisch.com\/de\/#website","url":"https:\/\/ag-frisch.com\/de\/","name":"China Import Beratung f\u00fcr den Einkauf aus China","description":"China Import &amp; Export Beratung - Der Dienstleister Ihres Vertrauens f\u00fcr Ihren China Import","publisher":{"@id":"https:\/\/ag-frisch.com\/de\/#organization"},"potentialAction":[{"@type":"SearchAction","target":{"@type":"EntryPoint","urlTemplate":"https:\/\/ag-frisch.com\/de\/?s={search_term_string}"},"query-input":{"@type":"PropertyValueSpecification","valueRequired":true,"valueName":"search_term_string"}}],"inLanguage":"fr-FR"},{"@type":"Organization","@id":"https:\/\/ag-frisch.com\/de\/#organization","name":"Agentur Frisch International Consulting GmbH & Co. KG","url":"https:\/\/ag-frisch.com\/de\/","logo":{"@type":"ImageObject","inLanguage":"fr-FR","@id":"https:\/\/ag-frisch.com\/de\/#\/schema\/logo\/image\/","url":"https:\/\/ag-frisch.com\/wp-content\/uploads\/2021\/08\/ag_logo_rgb_300_small.png","contentUrl":"https:\/\/ag-frisch.com\/wp-content\/uploads\/2021\/08\/ag_logo_rgb_300_small.png","width":153,"height":102,"caption":"Agentur Frisch International Consulting GmbH & Co. KG"},"image":{"@id":"https:\/\/ag-frisch.com\/de\/#\/schema\/logo\/image\/"},"sameAs":["https:\/\/www.facebook.com\/China.Import","https:\/\/x.com\/agenturfrisch"]}]}},"_links":{"self":[{"href":"https:\/\/ag-frisch.com\/fr\/wp-json\/wp\/v2\/pages\/5443","targetHints":{"allow":["GET"]}}],"collection":[{"href":"https:\/\/ag-frisch.com\/fr\/wp-json\/wp\/v2\/pages"}],"about":[{"href":"https:\/\/ag-frisch.com\/fr\/wp-json\/wp\/v2\/types\/page"}],"author":[{"embeddable":true,"href":"https:\/\/ag-frisch.com\/fr\/wp-json\/wp\/v2\/users\/2"}],"replies":[{"embeddable":true,"href":"https:\/\/ag-frisch.com\/fr\/wp-json\/wp\/v2\/comments?post=5443"}],"version-history":[{"count":0,"href":"https:\/\/ag-frisch.com\/fr\/wp-json\/wp\/v2\/pages\/5443\/revisions"}],"wp:attachment":[{"href":"https:\/\/ag-frisch.com\/fr\/wp-json\/wp\/v2\/media?parent=5443"}],"curies":[{"name":"wp","href":"https:\/\/api.w.org\/{rel}","templated":true}]}}