{"id":8615,"date":"2021-08-30T11:17:31","date_gmt":"2021-08-30T09:17:31","guid":{"rendered":"https:\/\/ag-frisch.com\/conditions-generales-de-vente\/"},"modified":"2023-01-26T20:47:34","modified_gmt":"2023-01-26T19:47:34","slug":"conditions-generales-de-vente","status":"publish","type":"page","link":"https:\/\/ag-frisch.com\/fr\/conditions-generales-de-vente\/","title":{"rendered":"Conditions g\u00e9n\u00e9rales de vente"},"content":{"rendered":"<p>[et_pb_section fb_built=&#8221;1&#8243; admin_label=&#8221;section&#8221; _builder_version=&#8221;4.16&#8243; global_colors_info=&#8221;{}&#8221;][et_pb_row admin_label=&#8221;row&#8221; _builder_version=&#8221;4.16&#8243; background_size=&#8221;initial&#8221; background_position=&#8221;top_left&#8221; background_repeat=&#8221;repeat&#8221; global_colors_info=&#8221;{}&#8221;][et_pb_column type=&#8221;4_4&#8243; _builder_version=&#8221;4.16&#8243; custom_padding=&#8221;|||&#8221; global_colors_info=&#8221;{}&#8221; custom_padding__hover=&#8221;|||&#8221;][et_pb_text admin_label=&#8221;Text&#8221; _builder_version=&#8221;4.18.1&#8243; background_size=&#8221;initial&#8221; background_position=&#8221;top_left&#8221; background_repeat=&#8221;repeat&#8221; global_colors_info=&#8221;{}&#8221;]<\/p>\n<h1>Agence Frisch : nos conditions g\u00e9n\u00e9rales<\/h1>\n<p>entre le pouvoir adjudicateur<\/p>\n<p>&#8211; ci-apr\u00e8s d\u00e9nomm\u00e9e l&#8217;entreprise &#8211;<\/p>\n<p>et<\/p>\n<p>Agence Frisch International Consulting GmbH &amp; Co. KG<br \/>&#8211; ci-apr\u00e8s d\u00e9nomm\u00e9 l&#8217;agent commercial &#8211;<\/p>\n<p><a href=\"https:\/\/ag-frisch.com\/fr\/conditions-generales-de-vente-des-agents-commerciaux\/\"><strong>CGV pour les contrats d&#8217;agent commercial (tous les contrats qui sont factur\u00e9s sur la base de commissions ou avec des forfaits pour les paquets d&#8217;importation r\u00e9serv\u00e9s).  <\/strong><\/a><\/p>\n<p>conforme aux conditions de base du HGB \u00a7 84 et suivants, voir aussi la validit\u00e9 pour l&#8217;interm\u00e9diaire d&#8217;achat ; W. Kohlhammer page 107 section b. Ce n&#8217;est que si aucune collaboration durable n&#8217;est explicitement convenue ou si la commission doit progressivement baisser jusqu&#8217;\u00e0 z\u00e9ro que le droit du courtage s&#8217;applique.  <\/p>\n<p><a href=\"https:\/\/ag-frisch.com\/fr\/cgv-des-conseillers\/\"><strong>CGV en cas de consultations (sont factur\u00e9es sur une base horaire).  <\/strong><\/a><\/p>\n<p><a href=\"https:\/\/transportrecht.org\/wp-content\/uploads\/logistik_agb.pdf\"><strong>CGV pour les contrats de logistique\/exp\u00e9dition et stockage<\/strong><\/a><\/p>\n<p>1. attention, pour les commandes de transport, la facture est \u00e9tablie au plus tard deux semaines apr\u00e8s la commande et le paiement est alors g\u00e9n\u00e9ralement exigible imm\u00e9diatement, sinon dans les deux semaines.<\/p>\n<p>2. le prix logistique se r\u00e9f\u00e8re \u00e0 la livraison de conteneurs par chemin de fer pour les conteneurs pleins, si le conteneur doit \u00eatre d\u00e9charg\u00e9, qu&#8217;il faut apporter une plate-forme \u00e9l\u00e9vatrice et que la livraison doit ensuite \u00eatre effectu\u00e9e par camion direct, je vous prie de m&#8217;en informer d&#8217;urgence au pr\u00e9alable, car nous devrons alors calculer diff\u00e9remment. Si le train est complet, il faut passer au camion direct, ce qui entra\u00eene des frais plus \u00e9lev\u00e9s, les frais de stockage et les frais de camion direct sont calcul\u00e9s sur la base de l&#8217;affichage et sont \u00e0 la charge du donneur d&#8217;ordre.<\/p>\n<p>3. les offres de fret se r\u00e9f\u00e8rent toujours \u00e0 la date de d\u00e9part du bateau ou \u00e0 la date de d\u00e9part de l&#8217;avion, si par exemple vous voyagez le 30 d&#8217;un mois, passer une commande sur une offre valable jusqu&#8217;au 31 du mois, le d\u00e9part n&#8217;est alors plus r\u00e9alisable jusqu&#8217;\u00e0 la fin de la validit\u00e9 de l&#8217;offre. La date \u00e0 laquelle vous avez accept\u00e9 l&#8217;offre ne s&#8217;applique <strong>pas<\/strong> ici.<\/p>\n<p>4. assurance transport selon l&#8217;affichage (environ 3 \u00e0 5 pour mille de la valeur de la marchandise, au moins 20 euros).<\/p>\n<p>5. toutes les op\u00e9rations de transport et de stockage sont effectu\u00e9es conform\u00e9ment aux instructions de l&#8217;entreprise et l&#8217;agent commercial n&#8217;est pas tenu de v\u00e9rifier ou de remettre en question ces instructions. L&#8217;entreprise assume la responsabilit\u00e9 des services ex\u00e9cut\u00e9s \u00e0 sa demande (par exemple, reconditionnement, choix du type de fret, etc.) Voir \u00e9galement \u00e0 ce sujet les CG logistiques \u00a7 4.1 et 5.1.  <\/p>\n<p>6. lors de la poursuite du transport, le prestataire de services est choisi en fonction de la dur\u00e9e souhait\u00e9e (Express Premium = 1 \u00e0 2 jours, Express Economy = 3 \u00e0 10 jours, fret a\u00e9rien 7 \u00e0 16 jours, rail 16 \u00e0 30 jours, mer = 30 \u00e0 60 jours, camion \u00e0 partir de trois jours selon la distance). Le donneur d&#8217;ordre doit veiller \u00e0 ce que l&#8217;emballage soit suffisant pour le type de transport ou donner \u00e0 l&#8217;agent commercial toutes les instructions pr\u00e9alables si les marchandises doivent \u00eatre reconditionn\u00e9es.  <\/p>\n<p>7. le mat\u00e9riel n\u00e9cessaire (carton, ruban adh\u00e9sif) doit \u00eatre fourni par l&#8217;entreprise ou, si l&#8217;agent commercial le fournit, les frais y aff\u00e9rents doivent \u00eatre pris en charge.  <\/p>\n<p>8. les frais de stockage, par exemple en raison du temps d&#8217;attente pour le train ou le camion, ou aupr\u00e8s des autorit\u00e9s douani\u00e8res, ainsi que les frais d&#8217;inspection douani\u00e8re et autres mesures administratives sont \u00e0 la charge du client.<\/p>\n<p>  9. les conditions g\u00e9n\u00e9rales de vente du transporteur (lien ci-dessus) s&#8217;appliquent dans tous les autres cas.<\/p>\n<p>[\/et_pb_text][\/et_pb_column][\/et_pb_row][\/et_pb_section]<\/p>\n","protected":false},"excerpt":{"rendered":"<p>Agence Frisch : nos conditions g\u00e9n\u00e9rales entre le pouvoir adjudicateur &#8211; ci-apr\u00e8s d\u00e9nomm\u00e9e l&#8217;entreprise &#8211; et Agence Frisch International Consulting GmbH &amp; Co. KG- ci-apr\u00e8s d\u00e9nomm\u00e9 l&#8217;agent commercial &#8211; CGV pour les contrats d&#8217;agent commercial (tous les contrats qui sont factur\u00e9s sur la base de commissions ou avec des forfaits pour les paquets d&#8217;importation r\u00e9serv\u00e9s). [&hellip;]<\/p>\n","protected":false},"author":6,"featured_media":0,"parent":0,"menu_order":0,"comment_status":"closed","ping_status":"closed","template":"","meta":{"_et_pb_use_builder":"on","_et_pb_old_content":"","_et_gb_content_width":"","footnotes":""},"class_list":["post-8615","page","type-page","status-publish","hentry"],"yoast_head":"<!-- This site is optimized with the Yoast SEO plugin v27.2 - https:\/\/yoast.com\/product\/yoast-seo-wordpress\/ -->\n<title>Les conditions g\u00e9n\u00e9rales de l&#039;agence Frisch \u00e0 Berlin<\/title>\n<meta name=\"description\" content=\"Lisez ici les conditions g\u00e9n\u00e9rales de vente de l&#039;agence Frisch International Consulting GmbH &amp; Co. KG \u25ba En savoir plus maintenant !\" \/>\n<meta name=\"robots\" content=\"index, follow, max-snippet:-1, max-image-preview:large, max-video-preview:-1\" \/>\n<link rel=\"canonical\" href=\"https:\/\/ag-frisch.com\/fr\/conditions-generales-de-vente\/\" \/>\n<meta property=\"og:locale\" content=\"fr_FR\" \/>\n<meta property=\"og:type\" content=\"article\" \/>\n<meta property=\"og:title\" content=\"Les conditions g\u00e9n\u00e9rales de l&#039;agence Frisch \u00e0 Berlin\" \/>\n<meta property=\"og:description\" content=\"Lisez ici les conditions g\u00e9n\u00e9rales de vente de l&#039;agence Frisch International Consulting GmbH &amp; Co. KG \u25ba En savoir plus maintenant !\" \/>\n<meta property=\"og:url\" content=\"https:\/\/ag-frisch.com\/fr\/conditions-generales-de-vente\/\" \/>\n<meta property=\"og:site_name\" content=\"China Import Beratung f\u00fcr den Einkauf aus China\" \/>\n<meta property=\"article:publisher\" content=\"https:\/\/www.facebook.com\/China.Import\" \/>\n<meta property=\"article:modified_time\" content=\"2023-01-26T19:47:34+00:00\" \/>\n<meta name=\"twitter:card\" content=\"summary_large_image\" \/>\n<meta name=\"twitter:site\" content=\"@agenturfrisch\" \/>\n<meta name=\"twitter:label1\" content=\"Dur\u00e9e de lecture estim\u00e9e\" \/>\n\t<meta name=\"twitter:data1\" content=\"3 minutes\" \/>\n<script type=\"application\/ld+json\" class=\"yoast-schema-graph\">{\"@context\":\"https:\/\/schema.org\",\"@graph\":[{\"@type\":\"WebPage\",\"@id\":\"https:\/\/ag-frisch.com\/fr\/conditions-generales-de-vente\/\",\"url\":\"https:\/\/ag-frisch.com\/fr\/conditions-generales-de-vente\/\",\"name\":\"Les conditions g\u00e9n\u00e9rales de l'agence Frisch \u00e0 Berlin\",\"isPartOf\":{\"@id\":\"https:\/\/ag-frisch.com\/de\/#website\"},\"datePublished\":\"2021-08-30T09:17:31+00:00\",\"dateModified\":\"2023-01-26T19:47:34+00:00\",\"description\":\"Lisez ici les conditions g\u00e9n\u00e9rales de vente de l'agence Frisch International Consulting GmbH & Co. KG \u25ba En savoir plus maintenant !\",\"breadcrumb\":{\"@id\":\"https:\/\/ag-frisch.com\/fr\/conditions-generales-de-vente\/#breadcrumb\"},\"inLanguage\":\"fr-FR\",\"potentialAction\":[{\"@type\":\"ReadAction\",\"target\":[\"https:\/\/ag-frisch.com\/fr\/conditions-generales-de-vente\/\"]}]},{\"@type\":\"BreadcrumbList\",\"@id\":\"https:\/\/ag-frisch.com\/fr\/conditions-generales-de-vente\/#breadcrumb\",\"itemListElement\":[{\"@type\":\"ListItem\",\"position\":1,\"name\":\"Startseite\",\"item\":\"https:\/\/ag-frisch.com\/de\/\"},{\"@type\":\"ListItem\",\"position\":2,\"name\":\"Conditions g\u00e9n\u00e9rales de vente\"}]},{\"@type\":\"WebSite\",\"@id\":\"https:\/\/ag-frisch.com\/de\/#website\",\"url\":\"https:\/\/ag-frisch.com\/de\/\",\"name\":\"China Import Beratung f\u00fcr den Einkauf aus China\",\"description\":\"China Import &amp; Export Beratung - Der Dienstleister Ihres Vertrauens f\u00fcr Ihren China Import\",\"publisher\":{\"@id\":\"https:\/\/ag-frisch.com\/de\/#organization\"},\"potentialAction\":[{\"@type\":\"SearchAction\",\"target\":{\"@type\":\"EntryPoint\",\"urlTemplate\":\"https:\/\/ag-frisch.com\/de\/?s={search_term_string}\"},\"query-input\":{\"@type\":\"PropertyValueSpecification\",\"valueRequired\":true,\"valueName\":\"search_term_string\"}}],\"inLanguage\":\"fr-FR\"},{\"@type\":\"Organization\",\"@id\":\"https:\/\/ag-frisch.com\/de\/#organization\",\"name\":\"Agentur Frisch International Consulting GmbH & Co. KG\",\"url\":\"https:\/\/ag-frisch.com\/de\/\",\"logo\":{\"@type\":\"ImageObject\",\"inLanguage\":\"fr-FR\",\"@id\":\"https:\/\/ag-frisch.com\/de\/#\/schema\/logo\/image\/\",\"url\":\"https:\/\/ag-frisch.com\/wp-content\/uploads\/2021\/08\/ag_logo_rgb_300_small.png\",\"contentUrl\":\"https:\/\/ag-frisch.com\/wp-content\/uploads\/2021\/08\/ag_logo_rgb_300_small.png\",\"width\":153,\"height\":102,\"caption\":\"Agentur Frisch International Consulting GmbH & Co. KG\"},\"image\":{\"@id\":\"https:\/\/ag-frisch.com\/de\/#\/schema\/logo\/image\/\"},\"sameAs\":[\"https:\/\/www.facebook.com\/China.Import\",\"https:\/\/x.com\/agenturfrisch\"]}]}<\/script>\n<!-- \/ Yoast SEO plugin. -->","yoast_head_json":{"title":"Les conditions g\u00e9n\u00e9rales de l'agence Frisch \u00e0 Berlin","description":"Lisez ici les conditions g\u00e9n\u00e9rales de vente de l'agence Frisch International Consulting GmbH & Co. KG \u25ba En savoir plus maintenant !","robots":{"index":"index","follow":"follow","max-snippet":"max-snippet:-1","max-image-preview":"max-image-preview:large","max-video-preview":"max-video-preview:-1"},"canonical":"https:\/\/ag-frisch.com\/fr\/conditions-generales-de-vente\/","og_locale":"fr_FR","og_type":"article","og_title":"Les conditions g\u00e9n\u00e9rales de l'agence Frisch \u00e0 Berlin","og_description":"Lisez ici les conditions g\u00e9n\u00e9rales de vente de l'agence Frisch International Consulting GmbH & Co. KG \u25ba En savoir plus maintenant !","og_url":"https:\/\/ag-frisch.com\/fr\/conditions-generales-de-vente\/","og_site_name":"China Import Beratung f\u00fcr den Einkauf aus China","article_publisher":"https:\/\/www.facebook.com\/China.Import","article_modified_time":"2023-01-26T19:47:34+00:00","twitter_card":"summary_large_image","twitter_site":"@agenturfrisch","twitter_misc":{"Dur\u00e9e de lecture estim\u00e9e":"3 minutes"},"schema":{"@context":"https:\/\/schema.org","@graph":[{"@type":"WebPage","@id":"https:\/\/ag-frisch.com\/fr\/conditions-generales-de-vente\/","url":"https:\/\/ag-frisch.com\/fr\/conditions-generales-de-vente\/","name":"Les conditions g\u00e9n\u00e9rales de l'agence Frisch \u00e0 Berlin","isPartOf":{"@id":"https:\/\/ag-frisch.com\/de\/#website"},"datePublished":"2021-08-30T09:17:31+00:00","dateModified":"2023-01-26T19:47:34+00:00","description":"Lisez ici les conditions g\u00e9n\u00e9rales de vente de l'agence Frisch International Consulting GmbH & Co. KG \u25ba En savoir plus maintenant !","breadcrumb":{"@id":"https:\/\/ag-frisch.com\/fr\/conditions-generales-de-vente\/#breadcrumb"},"inLanguage":"fr-FR","potentialAction":[{"@type":"ReadAction","target":["https:\/\/ag-frisch.com\/fr\/conditions-generales-de-vente\/"]}]},{"@type":"BreadcrumbList","@id":"https:\/\/ag-frisch.com\/fr\/conditions-generales-de-vente\/#breadcrumb","itemListElement":[{"@type":"ListItem","position":1,"name":"Startseite","item":"https:\/\/ag-frisch.com\/de\/"},{"@type":"ListItem","position":2,"name":"Conditions g\u00e9n\u00e9rales de vente"}]},{"@type":"WebSite","@id":"https:\/\/ag-frisch.com\/de\/#website","url":"https:\/\/ag-frisch.com\/de\/","name":"China Import Beratung f\u00fcr den Einkauf aus China","description":"China Import &amp; Export Beratung - Der Dienstleister Ihres Vertrauens f\u00fcr Ihren China Import","publisher":{"@id":"https:\/\/ag-frisch.com\/de\/#organization"},"potentialAction":[{"@type":"SearchAction","target":{"@type":"EntryPoint","urlTemplate":"https:\/\/ag-frisch.com\/de\/?s={search_term_string}"},"query-input":{"@type":"PropertyValueSpecification","valueRequired":true,"valueName":"search_term_string"}}],"inLanguage":"fr-FR"},{"@type":"Organization","@id":"https:\/\/ag-frisch.com\/de\/#organization","name":"Agentur Frisch International Consulting GmbH & Co. KG","url":"https:\/\/ag-frisch.com\/de\/","logo":{"@type":"ImageObject","inLanguage":"fr-FR","@id":"https:\/\/ag-frisch.com\/de\/#\/schema\/logo\/image\/","url":"https:\/\/ag-frisch.com\/wp-content\/uploads\/2021\/08\/ag_logo_rgb_300_small.png","contentUrl":"https:\/\/ag-frisch.com\/wp-content\/uploads\/2021\/08\/ag_logo_rgb_300_small.png","width":153,"height":102,"caption":"Agentur Frisch International Consulting GmbH & Co. KG"},"image":{"@id":"https:\/\/ag-frisch.com\/de\/#\/schema\/logo\/image\/"},"sameAs":["https:\/\/www.facebook.com\/China.Import","https:\/\/x.com\/agenturfrisch"]}]}},"_links":{"self":[{"href":"https:\/\/ag-frisch.com\/fr\/wp-json\/wp\/v2\/pages\/8615","targetHints":{"allow":["GET"]}}],"collection":[{"href":"https:\/\/ag-frisch.com\/fr\/wp-json\/wp\/v2\/pages"}],"about":[{"href":"https:\/\/ag-frisch.com\/fr\/wp-json\/wp\/v2\/types\/page"}],"author":[{"embeddable":true,"href":"https:\/\/ag-frisch.com\/fr\/wp-json\/wp\/v2\/users\/6"}],"replies":[{"embeddable":true,"href":"https:\/\/ag-frisch.com\/fr\/wp-json\/wp\/v2\/comments?post=8615"}],"version-history":[{"count":0,"href":"https:\/\/ag-frisch.com\/fr\/wp-json\/wp\/v2\/pages\/8615\/revisions"}],"wp:attachment":[{"href":"https:\/\/ag-frisch.com\/fr\/wp-json\/wp\/v2\/media?parent=8615"}],"curies":[{"name":"wp","href":"https:\/\/api.w.org\/{rel}","templated":true}]}}