{"id":8761,"date":"2021-09-12T07:58:20","date_gmt":"2021-09-12T05:58:20","guid":{"rendered":"https:\/\/ag-frisch.com\/nos-groupes-cibles\/fabricant\/"},"modified":"2023-01-26T21:12:53","modified_gmt":"2023-01-26T20:12:53","slug":"fabricant","status":"publish","type":"page","link":"https:\/\/ag-frisch.com\/fr\/nos-groupes-cibles\/fabricant\/","title":{"rendered":"Fabricant"},"content":{"rendered":"<p>[et_pb_section fb_built=&#8221;1&#8243; _builder_version=&#8221;4.16&#8243; _module_preset=&#8221;default&#8221; global_colors_info=&#8221;{}&#8221;][et_pb_row _builder_version=&#8221;4.18.1&#8243; _module_preset=&#8221;default&#8221; global_colors_info=&#8221;{}&#8221;][et_pb_column type=&#8221;4_4&#8243; _builder_version=&#8221;4.18.1&#8243; _module_preset=&#8221;default&#8221; global_colors_info=&#8221;{}&#8221;][et_pb_cta title=&#8221;En tant que fabricant, d\u00e9localiser la production en Chine&#8221; button_url=&#8221;https:\/\/ag-frisch.com\/fr\/contact\/&#8221; button_text=&#8221;R\u00e9server une consultation maintenant&#8221; _builder_version=&#8221;4.18.1&#8243; _module_preset=&#8221;default&#8221; hover_enabled=&#8221;0&#8243; global_colors_info=&#8221;{}&#8221; sticky_enabled=&#8221;0&#8243;]<\/p>\n<p>Nous vous assistons tout au long de la d\u00e9localisation de votre production en Chine et vous conseillons \u00e9galement au-del\u00e0.  <\/p>\n<p>[\/et_pb_cta][\/et_pb_column][\/et_pb_row][et_pb_row _builder_version=&#8221;4.16&#8243; _module_preset=&#8221;default&#8221; custom_padding=&#8221;36px|||||&#8221; global_colors_info=&#8221;{}&#8221;][et_pb_column type=&#8221;4_4&#8243; _builder_version=&#8221;4.16&#8243; _module_preset=&#8221;default&#8221; global_colors_info=&#8221;{}&#8221;][et_pb_text _builder_version=&#8221;4.16&#8243; _module_preset=&#8221;default&#8221; custom_padding=&#8221;1px|||||&#8221; global_colors_info=&#8221;{}&#8221;]<\/p>\n<h2><strong>Fabricant &amp; OEM<\/strong><\/h2>\n<p><strong>Production sur commande en Chine pour les fabricants<\/strong><\/p>\n<p>Vous \u00eates d\u00e9j\u00e0 producteur, vous connaissez le m\u00e9tier et vous cherchez des moyens de produire moins cher et plus efficacement ? Ou vous voulez vous lancer dans les affaires et cr\u00e9er votre propre marque ? En tant que connaisseur de longue date de l&#8217;importation de Chine, l&#8217;agence Frisch est ici aussi votre partenaire id\u00e9al. Nous avons le savoir-faire et les contacts n\u00e9cessaires pour trouver les usines en Chine qui correspondent le mieux \u00e0 vos besoins en tant que fabricant. Et ce n&#8217;est qu&#8217;une infime partie de nos prestations !<\/p>\n<p>&nbsp;<\/p>\n<p><strong>Un service complet : Ce que vous pouvez attendre de nous<\/strong><\/p>\n<p>Nous nous consid\u00e9rons comme un prestataire de services complets pour l&#8217;importation de Chine et nous nous chargeons pour vous non seulement de la recherche des usines en Chine, mais aussi, si vous le souhaitez, de toutes les autres t\u00e2ches li\u00e9es \u00e0 votre business en Chine. Nous disposons pour cela de relations fiables et bien \u00e9tablies et nous nous r\u00e9jouissons de fournir le meilleur travail pour vous. Parmi les services que nous proposons pour votre production sur commande en Chine, on trouve par exemple<\/p>\n<ul>\n<li>N\u00e9gociation des prix et \u00e9laboration des contrats<\/li>\n<li>R\u00e9alisation de premiers \u00e9chantillons et de prototypes<\/li>\n<li>Conformit\u00e9 et assurance qualit\u00e9<\/li>\n<li>Tests de laboratoire et certificats<\/li>\n<li>Logistique et contr\u00f4le du chargement<\/li>\n<li>D\u00e9douanement<\/li>\n<li>Stockage et ex\u00e9cution des commandes<\/li>\n<\/ul>\n<p>&nbsp;<\/p>\n<p><strong>R\u00e9duire les co\u00fbts gr\u00e2ce \u00e0 la production sur commande en Chine<\/strong><\/p>\n<p>En tant que fabricant de produits en Allemagne, vous en avez assez de payer des co\u00fbts de production trop \u00e9lev\u00e9s ? Vous recherchez une alternative moins ch\u00e8re et souhaitez faire produire en Chine ? Alors nous sommes votre interlocuteur. Nous analysons ensemble vos besoins et trouvons les usines qui vous conviennent en Chine. Gr\u00e2ce \u00e0 notre vaste exp\u00e9rience et au grand nombre de nos partenaires commerciaux \u00e9prouv\u00e9s, vous pouvez \u00eatre s\u00fbr d&#8217;obtenir une ex\u00e9cution fiable et de haute qualit\u00e9.<\/p>\n<p>Nous r\u00e9digeons avec vous les contrats selon vos souhaits et pouvons vous aider dans tous les domaines li\u00e9s \u00e0 votre production contractuelle en Chine. Le grand nombre de nos clients r\u00e9guliers satisfaits parle de lui-m\u00eame &#8211; rejoignez-les vous aussi !<\/p>\n<p>&nbsp;<\/p>\n<p><strong>Cr\u00e9er sa propre marque avec une fabrication en Chine<\/strong><\/p>\n<p>Celui qui veut construire sa propre marque doit tenir compte de beaucoup de choses. Les frais de d\u00e9marrage, en particulier, peuvent \u00eatre tr\u00e8s \u00e9lev\u00e9s si tout est fait en Allemagne. Ces co\u00fbts d&#8217;investissement peuvent \u00eatre consid\u00e9rablement r\u00e9duits en construisant des usines en Chine. Une qualit\u00e9 contr\u00f4l\u00e9e et des certifications valables garantissent la cr\u00e9ation de produits de haute qualit\u00e9 qui sont enti\u00e8rement accept\u00e9s par les autorit\u00e9s et les consommateurs sur le march\u00e9 allemand.<\/p>\n<p>L&#8217;agence Frisch vous assiste de diff\u00e9rentes mani\u00e8res dans la cr\u00e9ation de votre propre nouvelle marque. Nous pouvons vous mettre en contact avec les fabricants les mieux adapt\u00e9s, mais aussi prendre en charge de nombreux autres services li\u00e9s \u00e0 la nouvelle marque. Si vous le souhaitez, nos sp\u00e9cialistes peuvent d\u00e9velopper avec vous l&#8217;identit\u00e9 du produit :<\/p>\n<ul>\n<li>Conception de produits<\/li>\n<li>Mise en page de l&#8217;emballage<\/li>\n<li>Labels de produits<\/li>\n<li>Impression du logo sur votre produit<\/li>\n<\/ul>\n<p>&nbsp;<\/p>\n<p><strong>Commerce \u00e9quitable et profit maximal<\/strong><\/p>\n<p>La production sur commande en Chine est entach\u00e9e de pr\u00e9jug\u00e9s : mauvaises conditions de travail et qualit\u00e9 inf\u00e9rieure. Mais ce n&#8217;est pas forc\u00e9ment le cas. Avec le bon savoir-faire et de bonnes relations, il est possible de proposer des produits de premi\u00e8re qualit\u00e9, de faire du commerce \u00e9quitable, tout en obtenant des prix sensationnellement bas. Nous sommes membre fondateur de l&#8217;association des importateurs loyaux (Verein der lauteren Importeure e.V.) et prouvons que l&#8217;importation de Chine peut \u00eatre \u00e0 la fois lucrative et \u00e9quitable. Nous respectons toutes les r\u00e9glementations et nous nous faisons un plaisir de les d\u00e9passer. Cela permet non seulement d&#8217;avoir bonne conscience, mais aussi d&#8217;\u00e9viter tout probl\u00e8me juridique. Ainsi, en tant que fabricant, vous pouvez, avec l&#8217;agence Frisch, faire produire sans crainte dans des usines en Chine.<\/p>\n<p>&nbsp;<\/p>\n<p><strong>Ex\u00e9cution compl\u00e8te des commandes par nos filiales<\/strong><\/p>\n<p>Afin de pouvoir garantir \u00e0 nos clients un traitement parfait, nous avons mis en place nos propres entreprises pour les diff\u00e9rentes prestations d&#8217;importation de Chine. Nous pouvons ainsi \u00eatre s\u00fbrs que tout se d\u00e9roule sans probl\u00e8me et de mani\u00e8re absolument fiable. D\u00e9couvrez l&#8217;\u00e9ventail de nos activit\u00e9s :<\/p>\n<ul>\n<li>import4u<\/li>\n<li>inspekt4u<\/li>\n<li>e-Best<\/li>\n<li>China-Import.net<\/li>\n<li>airbridge Consulting<\/li>\n<li>China Import Consult<\/li>\n<li>Stock4u<\/li>\n<li>LES DEUX laboratoires de test<\/li>\n<\/ul>\n<p>[\/et_pb_text][\/et_pb_column][\/et_pb_row][\/et_pb_section][et_pb_section fb_built=&#8221;1&#8243; admin_label=&#8221;Testimonials&#8221; _builder_version=&#8221;4.16&#8243; use_background_color_gradient=&#8221;on&#8221; background_color_gradient_stops=&#8221;rgba(0,106,156,0.85) 0%|rgba(0,106,156,0.85) 100%&#8221; background_color_gradient_start=&#8221;rgba(0,106,156,0.85)&#8221; background_color_gradient_end=&#8221;rgba(0,106,156,0.85)&#8221; custom_padding=&#8221;90px||60px|&#8221; animation_style=&#8221;fold&#8221; animation_direction=&#8221;bottom&#8221; animation_intensity_fold=&#8221;4%&#8221; global_colors_info=&#8221;{}&#8221;][et_pb_row _builder_version=&#8221;4.16&#8243; background_size=&#8221;initial&#8221; background_position=&#8221;top_left&#8221; background_repeat=&#8221;repeat&#8221; custom_width_px=&#8221;710px&#8221; locked=&#8221;off&#8221; global_colors_info=&#8221;{}&#8221;][et_pb_column type=&#8221;4_4&#8243; _builder_version=&#8221;4.16&#8243; background_position=&#8221;top_left&#8221; custom_padding=&#8221;|||&#8221; global_colors_info=&#8221;{}&#8221; custom_padding__hover=&#8221;|||&#8221;][et_pb_text admin_label=&#8221;Testimonials Section Title&#8221; _builder_version=&#8221;4.16&#8243; header_font=&#8221;Montserrat||||&#8221; header_font_size=&#8221;36px&#8221; background_size=&#8221;initial&#8221; background_position=&#8221;top_left&#8221; background_repeat=&#8221;repeat&#8221; text_orientation=&#8221;center&#8221; background_layout=&#8221;dark&#8221; max_width=&#8221;710px&#8221; module_alignment=&#8221;center&#8221; animation_style=&#8221;fold&#8221; animation_direction=&#8221;bottom&#8221; animation_intensity_fold=&#8221;20%&#8221; global_colors_info=&#8221;{}&#8221;]<\/p>\n<h1>Plus de 5000 clients satisfaits.<\/h1>\n<p>&nbsp;<\/p>\n<p>[\/et_pb_text][et_pb_divider color=&#8221;#ffffff&#8221; divider_weight=&#8221;3px&#8221; disabled_on=&#8221;off|off|off&#8221; _builder_version=&#8221;4.16&#8243; background_color_gradient_direction=&#8221;90deg&#8221; max_width=&#8221;100px&#8221; module_alignment=&#8221;center&#8221; height=&#8221;5px&#8221; custom_margin=&#8221;||20px|&#8221; custom_padding=&#8221;||20px|&#8221; animation_style=&#8221;slide&#8221; animation_direction=&#8221;bottom&#8221; saved_tabs=&#8221;all&#8221; locked=&#8221;off&#8221; global_colors_info=&#8221;{}&#8221;][\/et_pb_divider][\/et_pb_column][\/et_pb_row][et_pb_row column_structure=&#8221;1_2,1_2&#8243; _builder_version=&#8221;4.18.1&#8243; _module_preset=&#8221;default&#8221; global_colors_info=&#8221;{}&#8221;][et_pb_column type=&#8221;1_2&#8243; _builder_version=&#8221;4.18.1&#8243; _module_preset=&#8221;default&#8221; global_colors_info=&#8221;{}&#8221;][et_pb_testimonial author=&#8221;Marco&#8221; portrait_url=&#8221;https:\/\/ag-frisch.com\/wp-content\/uploads\/2021\/08\/Harald.png&#8221; quote_icon=&#8221;off&#8221; _builder_version=&#8221;4.18.1&#8243; _module_preset=&#8221;default&#8221; body_font_size=&#8221;16px&#8221; use_background_color=&#8221;off&#8221; background_layout=&#8221;dark&#8221; global_colors_info=&#8221;{}&#8221;]J&#8217;ai demand\u00e9 \u00e0 l&#8217;agence Frisch de faire produire un meuble de grande taille en Chine et de le transf\u00e9rer ensuite en Allemagne. La communication par e-mail a \u00e9t\u00e9 fluide tout au long du processus ! Des r\u00e9ponses tr\u00e8s rapides et fiables m&#8217;ont apport\u00e9 en permanence les garanties indispensables \u00e0 une telle entreprise. J&#8217;ai toujours \u00e9t\u00e9 aid\u00e9 dans la jungle bureaucratique et aucun formulaire n&#8217;a \u00e9t\u00e9 oubli\u00e9 ou mal rempli. Tr\u00e8s louable !<a href=\"&lt;div%20class=%22pe-richsnippets%22&gt;&nbsp;&lt;\/div&gt;%20&lt;script%20type=%22text\/javascript%22%20src=%22https:\/\/www.provenexpert.com\/widget\/richsnippet.js?u=1NUA0VwZ4RUZ5tmAi5zA4RaplNKAlWwZ&amp;v=2%22%20async&gt;&lt;\/script&gt;%20&lt;div%20style=%22text-align:%20justify;%22&gt;&lt;br%20\/&gt;\"><\/a><\/p>\n<div class=\"brow ratingBarMargin\">\n<div class=\"ratingBar\">\n<div class=\"brow\">\n<div class=\"pe-richsnippets\">&nbsp;<\/div>\n<p><script type=\"text\/javascript\" src=\"https:\/\/www.provenexpert.com\/widget\/richsnippet.js?u=1NUA0VwZ4RUZ5tmAi5zA4RaplNKAlWwZ&amp;v=2\" async=\"\"><\/script><\/p>\n<div style=\"text-align: justify;\"><\/p>\n<div class=\"col-lg-9 col-md-8 col-xs-10 mt20 mb20\">\n<div class=\"col-xs-12 surveyNameForRating\"><\/div>\n<\/div>\n<\/div>\n<\/div>\n<\/div>\n<\/div>\n<p>[\/et_pb_testimonial][\/et_pb_column][et_pb_column type=&#8221;1_2&#8243; _builder_version=&#8221;4.18.1&#8243; _module_preset=&#8221;default&#8221; global_colors_info=&#8221;{}&#8221;][et_pb_testimonial author=&#8221;Simone L.&#8221; portrait_url=&#8221;https:\/\/ag-frisch.com\/wp-content\/uploads\/2021\/08\/Harald.png&#8221; quote_icon=&#8221;off&#8221; _builder_version=&#8221;4.18.1&#8243; _module_preset=&#8221;default&#8221; body_font_size=&#8221;16px&#8221; use_background_color=&#8221;off&#8221; background_layout=&#8221;dark&#8221; global_colors_info=&#8221;{}&#8221;]<\/p>\n<p>Tout est au top. On ne peut pas faire mieux. On ne peut pas faire mieux en mati\u00e8re de conseil et de r\u00e9alisation. Apr\u00e8s avoir pass\u00e9 plusieurs commandes aupr\u00e8s de cette entreprise, nous sommes plus que satisfaits et poursuivons notre collaboration.<\/p>\n<div class=\"brow ratingBarMargin\">\n<div class=\"ratingBar\">\n<div class=\"brow\">\n<div class=\"pe-richsnippets\"> <\/div>\n<p>\n<script type=\"text\/javascript\" src=\"https:\/\/www.provenexpert.com\/widget\/richsnippet.js?u=1NUA0VwZ4RUZ5tmAi5zA4RaplNKAlWwZ&amp;v=2\" async=\"\"><\/script>\n<\/p>\n<div style=\"text-align: justify;\">\n<p>&nbsp;<\/p>\n<div class=\"col-lg-9 col-md-8 col-xs-10 mt20 mb20\">\n<div class=\"col-xs-12 surveyNameForRating\"><\/div>\n<\/div>\n<\/div>\n<\/div>\n<\/div>\n<\/div>\n<p>[\/et_pb_testimonial][\/et_pb_column][\/et_pb_row][et_pb_row _builder_version=&#8221;4.16&#8243; background_size=&#8221;initial&#8221; background_position=&#8221;top_left&#8221; background_repeat=&#8221;repeat&#8221; custom_padding=&#8221;50px|0px|30px|0px&#8221; custom_css_main_element=&#8221;text-align: center;&#8221; global_colors_info=&#8221;{}&#8221;][et_pb_column type=&#8221;4_4&#8243; _builder_version=&#8221;4.16&#8243; custom_padding=&#8221;|||&#8221; global_colors_info=&#8221;{}&#8221; custom_padding__hover=&#8221;|||&#8221;][et_pb_button button_url=&#8221;https:\/\/www.provenexpert.com\/de-de\/agentur-frisch-international-consulting-gmbh-und-co-kg\/&#8221; button_text=&#8221;PLUS D&#039;AVIS&#8221; button_alignment=&#8221;left&#8221; admin_label=&#8221;Testimonial Button&#8221; _builder_version=&#8221;4.16&#8243; custom_button=&#8221;on&#8221; button_text_size=&#8221;18px&#8221; button_text_color=&#8221;#ffffff&#8221; button_bg_color=&#8221;#6eba01&#8243; button_border_width=&#8221;2px&#8221; button_border_color=&#8221;#6eba01&#8243; button_border_radius=&#8221;0px&#8221; button_letter_spacing=&#8221;2px&#8221; button_font=&#8221;Montserrat|||on|&#8221; button_use_icon=&#8221;off&#8221; animation_style=&#8221;fold&#8221; animation_direction=&#8221;bottom&#8221; button_text_color_hover=&#8221;#ffffff&#8221; button_border_color_hover=&#8221;#ffffff&#8221; button_border_radius_hover=&#8221;0px&#8221; button_letter_spacing_hover=&#8221;2px&#8221; button_bg_color_hover=&#8221;rgba(255,255,255,0)&#8221; locked=&#8221;off&#8221; global_colors_info=&#8221;{}&#8221; button_text_size__hover_enabled=&#8221;off&#8221; button_one_text_size__hover_enabled=&#8221;off&#8221; button_two_text_size__hover_enabled=&#8221;off&#8221; button_text_color__hover_enabled=&#8221;on&#8221; button_text_color__hover=&#8221;#ffffff&#8221; button_one_text_color__hover_enabled=&#8221;off&#8221; button_two_text_color__hover_enabled=&#8221;off&#8221; button_border_width__hover_enabled=&#8221;off&#8221; button_one_border_width__hover_enabled=&#8221;off&#8221; button_two_border_width__hover_enabled=&#8221;off&#8221; button_border_color__hover_enabled=&#8221;on&#8221; button_border_color__hover=&#8221;#ffffff&#8221; button_one_border_color__hover_enabled=&#8221;off&#8221; button_two_border_color__hover_enabled=&#8221;off&#8221; button_border_radius__hover_enabled=&#8221;on&#8221; button_border_radius__hover=&#8221;0px&#8221; button_one_border_radius__hover_enabled=&#8221;off&#8221; button_two_border_radius__hover_enabled=&#8221;off&#8221; button_letter_spacing__hover_enabled=&#8221;on&#8221; button_letter_spacing__hover=&#8221;2px&#8221; button_one_letter_spacing__hover_enabled=&#8221;off&#8221; button_two_letter_spacing__hover_enabled=&#8221;off&#8221; button_bg_color__hover_enabled=&#8221;on&#8221; button_bg_color__hover=&#8221;rgba(255,255,255,0)&#8221; button_one_bg_color__hover_enabled=&#8221;off&#8221; button_two_bg_color__hover_enabled=&#8221;off&#8221;][\/et_pb_button][\/et_pb_column][\/et_pb_row][\/et_pb_section]<\/p>\n","protected":false},"excerpt":{"rendered":"<p>Nous vous assistons tout au long de la d\u00e9localisation de votre production en Chine et vous conseillons \u00e9galement au-del\u00e0. Fabricant &amp; OEM Production sur commande en Chine pour les fabricants Vous \u00eates d\u00e9j\u00e0 producteur, vous connaissez le m\u00e9tier et vous cherchez des moyens de produire moins cher et plus efficacement ? Ou vous voulez vous [&hellip;]<\/p>\n","protected":false},"author":2,"featured_media":0,"parent":8617,"menu_order":0,"comment_status":"closed","ping_status":"closed","template":"","meta":{"_et_pb_use_builder":"on","_et_pb_old_content":"","_et_gb_content_width":"","footnotes":""},"class_list":["post-8761","page","type-page","status-publish","hentry"],"yoast_head":"<!-- This site is optimized with the Yoast SEO plugin v27.2 - https:\/\/yoast.com\/product\/yoast-seo-wordpress\/ -->\n<title>Importer de Chine en tant que fabricant avec sa propre marque<\/title>\n<meta name=\"description\" content=\"Acheter en Chine en tant que fabricant de marque \u25bb Produits en provenance de Chine pour les fabricants de marque \u2713 Partenaire B2B pour les importations en Chine \u2713 \u25bb Demandez maintenant conseil \u00e0 des experts !\" \/>\n<meta name=\"robots\" content=\"index, follow, max-snippet:-1, max-image-preview:large, max-video-preview:-1\" \/>\n<link rel=\"canonical\" href=\"https:\/\/ag-frisch.com\/fr\/nos-groupes-cibles\/fabricant\/\" \/>\n<meta property=\"og:locale\" content=\"fr_FR\" \/>\n<meta property=\"og:type\" content=\"article\" \/>\n<meta property=\"og:title\" content=\"Importer de Chine en tant que fabricant avec sa propre marque\" \/>\n<meta property=\"og:description\" content=\"Acheter en Chine en tant que fabricant de marque \u25bb Produits en provenance de Chine pour les fabricants de marque \u2713 Partenaire B2B pour les importations en Chine \u2713 \u25bb Demandez maintenant conseil \u00e0 des experts !\" \/>\n<meta property=\"og:url\" content=\"https:\/\/ag-frisch.com\/fr\/nos-groupes-cibles\/fabricant\/\" \/>\n<meta property=\"og:site_name\" content=\"China Import Beratung f\u00fcr den Einkauf aus China\" \/>\n<meta property=\"article:publisher\" content=\"https:\/\/www.facebook.com\/China.Import\" \/>\n<meta property=\"article:modified_time\" content=\"2023-01-26T20:12:53+00:00\" \/>\n<meta name=\"twitter:card\" content=\"summary_large_image\" \/>\n<meta name=\"twitter:site\" content=\"@agenturfrisch\" \/>\n<meta name=\"twitter:label1\" content=\"Dur\u00e9e de lecture estim\u00e9e\" \/>\n\t<meta name=\"twitter:data1\" content=\"9 minutes\" \/>\n<script type=\"application\/ld+json\" class=\"yoast-schema-graph\">{\"@context\":\"https:\/\/schema.org\",\"@graph\":[{\"@type\":\"WebPage\",\"@id\":\"https:\/\/ag-frisch.com\/fr\/nos-groupes-cibles\/fabricant\/\",\"url\":\"https:\/\/ag-frisch.com\/fr\/nos-groupes-cibles\/fabricant\/\",\"name\":\"Importer de Chine en tant que fabricant avec sa propre marque\",\"isPartOf\":{\"@id\":\"https:\/\/ag-frisch.com\/de\/#website\"},\"datePublished\":\"2021-09-12T05:58:20+00:00\",\"dateModified\":\"2023-01-26T20:12:53+00:00\",\"description\":\"Acheter en Chine en tant que fabricant de marque \u25bb Produits en provenance de Chine pour les fabricants de marque \u2713 Partenaire B2B pour les importations en Chine \u2713 \u25bb Demandez maintenant conseil \u00e0 des experts !\",\"breadcrumb\":{\"@id\":\"https:\/\/ag-frisch.com\/fr\/nos-groupes-cibles\/fabricant\/#breadcrumb\"},\"inLanguage\":\"fr-FR\",\"potentialAction\":[{\"@type\":\"ReadAction\",\"target\":[\"https:\/\/ag-frisch.com\/fr\/nos-groupes-cibles\/fabricant\/\"]}]},{\"@type\":\"BreadcrumbList\",\"@id\":\"https:\/\/ag-frisch.com\/fr\/nos-groupes-cibles\/fabricant\/#breadcrumb\",\"itemListElement\":[{\"@type\":\"ListItem\",\"position\":1,\"name\":\"Startseite\",\"item\":\"https:\/\/ag-frisch.com\/de\/\"},{\"@type\":\"ListItem\",\"position\":2,\"name\":\"Nos groupes cibles\",\"item\":\"https:\/\/ag-frisch.com\/fr\/nos-groupes-cibles\/\"},{\"@type\":\"ListItem\",\"position\":3,\"name\":\"Fabricant\"}]},{\"@type\":\"WebSite\",\"@id\":\"https:\/\/ag-frisch.com\/de\/#website\",\"url\":\"https:\/\/ag-frisch.com\/de\/\",\"name\":\"China Import Beratung f\u00fcr den Einkauf aus China\",\"description\":\"China Import &amp; Export Beratung - Der Dienstleister Ihres Vertrauens f\u00fcr Ihren China Import\",\"publisher\":{\"@id\":\"https:\/\/ag-frisch.com\/de\/#organization\"},\"potentialAction\":[{\"@type\":\"SearchAction\",\"target\":{\"@type\":\"EntryPoint\",\"urlTemplate\":\"https:\/\/ag-frisch.com\/de\/?s={search_term_string}\"},\"query-input\":{\"@type\":\"PropertyValueSpecification\",\"valueRequired\":true,\"valueName\":\"search_term_string\"}}],\"inLanguage\":\"fr-FR\"},{\"@type\":\"Organization\",\"@id\":\"https:\/\/ag-frisch.com\/de\/#organization\",\"name\":\"Agentur Frisch International Consulting GmbH & Co. KG\",\"url\":\"https:\/\/ag-frisch.com\/de\/\",\"logo\":{\"@type\":\"ImageObject\",\"inLanguage\":\"fr-FR\",\"@id\":\"https:\/\/ag-frisch.com\/de\/#\/schema\/logo\/image\/\",\"url\":\"https:\/\/ag-frisch.com\/wp-content\/uploads\/2021\/08\/ag_logo_rgb_300_small.png\",\"contentUrl\":\"https:\/\/ag-frisch.com\/wp-content\/uploads\/2021\/08\/ag_logo_rgb_300_small.png\",\"width\":153,\"height\":102,\"caption\":\"Agentur Frisch International Consulting GmbH & Co. KG\"},\"image\":{\"@id\":\"https:\/\/ag-frisch.com\/de\/#\/schema\/logo\/image\/\"},\"sameAs\":[\"https:\/\/www.facebook.com\/China.Import\",\"https:\/\/x.com\/agenturfrisch\"]}]}<\/script>\n<!-- \/ Yoast SEO plugin. -->","yoast_head_json":{"title":"Importer de Chine en tant que fabricant avec sa propre marque","description":"Acheter en Chine en tant que fabricant de marque \u25bb Produits en provenance de Chine pour les fabricants de marque \u2713 Partenaire B2B pour les importations en Chine \u2713 \u25bb Demandez maintenant conseil \u00e0 des experts !","robots":{"index":"index","follow":"follow","max-snippet":"max-snippet:-1","max-image-preview":"max-image-preview:large","max-video-preview":"max-video-preview:-1"},"canonical":"https:\/\/ag-frisch.com\/fr\/nos-groupes-cibles\/fabricant\/","og_locale":"fr_FR","og_type":"article","og_title":"Importer de Chine en tant que fabricant avec sa propre marque","og_description":"Acheter en Chine en tant que fabricant de marque \u25bb Produits en provenance de Chine pour les fabricants de marque \u2713 Partenaire B2B pour les importations en Chine \u2713 \u25bb Demandez maintenant conseil \u00e0 des experts !","og_url":"https:\/\/ag-frisch.com\/fr\/nos-groupes-cibles\/fabricant\/","og_site_name":"China Import Beratung f\u00fcr den Einkauf aus China","article_publisher":"https:\/\/www.facebook.com\/China.Import","article_modified_time":"2023-01-26T20:12:53+00:00","twitter_card":"summary_large_image","twitter_site":"@agenturfrisch","twitter_misc":{"Dur\u00e9e de lecture estim\u00e9e":"9 minutes"},"schema":{"@context":"https:\/\/schema.org","@graph":[{"@type":"WebPage","@id":"https:\/\/ag-frisch.com\/fr\/nos-groupes-cibles\/fabricant\/","url":"https:\/\/ag-frisch.com\/fr\/nos-groupes-cibles\/fabricant\/","name":"Importer de Chine en tant que fabricant avec sa propre marque","isPartOf":{"@id":"https:\/\/ag-frisch.com\/de\/#website"},"datePublished":"2021-09-12T05:58:20+00:00","dateModified":"2023-01-26T20:12:53+00:00","description":"Acheter en Chine en tant que fabricant de marque \u25bb Produits en provenance de Chine pour les fabricants de marque \u2713 Partenaire B2B pour les importations en Chine \u2713 \u25bb Demandez maintenant conseil \u00e0 des experts !","breadcrumb":{"@id":"https:\/\/ag-frisch.com\/fr\/nos-groupes-cibles\/fabricant\/#breadcrumb"},"inLanguage":"fr-FR","potentialAction":[{"@type":"ReadAction","target":["https:\/\/ag-frisch.com\/fr\/nos-groupes-cibles\/fabricant\/"]}]},{"@type":"BreadcrumbList","@id":"https:\/\/ag-frisch.com\/fr\/nos-groupes-cibles\/fabricant\/#breadcrumb","itemListElement":[{"@type":"ListItem","position":1,"name":"Startseite","item":"https:\/\/ag-frisch.com\/de\/"},{"@type":"ListItem","position":2,"name":"Nos groupes cibles","item":"https:\/\/ag-frisch.com\/fr\/nos-groupes-cibles\/"},{"@type":"ListItem","position":3,"name":"Fabricant"}]},{"@type":"WebSite","@id":"https:\/\/ag-frisch.com\/de\/#website","url":"https:\/\/ag-frisch.com\/de\/","name":"China Import Beratung f\u00fcr den Einkauf aus China","description":"China Import &amp; Export Beratung - Der Dienstleister Ihres Vertrauens f\u00fcr Ihren China Import","publisher":{"@id":"https:\/\/ag-frisch.com\/de\/#organization"},"potentialAction":[{"@type":"SearchAction","target":{"@type":"EntryPoint","urlTemplate":"https:\/\/ag-frisch.com\/de\/?s={search_term_string}"},"query-input":{"@type":"PropertyValueSpecification","valueRequired":true,"valueName":"search_term_string"}}],"inLanguage":"fr-FR"},{"@type":"Organization","@id":"https:\/\/ag-frisch.com\/de\/#organization","name":"Agentur Frisch International Consulting GmbH & Co. KG","url":"https:\/\/ag-frisch.com\/de\/","logo":{"@type":"ImageObject","inLanguage":"fr-FR","@id":"https:\/\/ag-frisch.com\/de\/#\/schema\/logo\/image\/","url":"https:\/\/ag-frisch.com\/wp-content\/uploads\/2021\/08\/ag_logo_rgb_300_small.png","contentUrl":"https:\/\/ag-frisch.com\/wp-content\/uploads\/2021\/08\/ag_logo_rgb_300_small.png","width":153,"height":102,"caption":"Agentur Frisch International Consulting GmbH & Co. KG"},"image":{"@id":"https:\/\/ag-frisch.com\/de\/#\/schema\/logo\/image\/"},"sameAs":["https:\/\/www.facebook.com\/China.Import","https:\/\/x.com\/agenturfrisch"]}]}},"_links":{"self":[{"href":"https:\/\/ag-frisch.com\/fr\/wp-json\/wp\/v2\/pages\/8761","targetHints":{"allow":["GET"]}}],"collection":[{"href":"https:\/\/ag-frisch.com\/fr\/wp-json\/wp\/v2\/pages"}],"about":[{"href":"https:\/\/ag-frisch.com\/fr\/wp-json\/wp\/v2\/types\/page"}],"author":[{"embeddable":true,"href":"https:\/\/ag-frisch.com\/fr\/wp-json\/wp\/v2\/users\/2"}],"replies":[{"embeddable":true,"href":"https:\/\/ag-frisch.com\/fr\/wp-json\/wp\/v2\/comments?post=8761"}],"version-history":[{"count":0,"href":"https:\/\/ag-frisch.com\/fr\/wp-json\/wp\/v2\/pages\/8761\/revisions"}],"up":[{"embeddable":true,"href":"https:\/\/ag-frisch.com\/fr\/wp-json\/wp\/v2\/pages\/8617"}],"wp:attachment":[{"href":"https:\/\/ag-frisch.com\/fr\/wp-json\/wp\/v2\/media?parent=8761"}],"curies":[{"name":"wp","href":"https:\/\/api.w.org\/{rel}","templated":true}]}}