{"id":8837,"date":"2021-08-01T12:42:13","date_gmt":"2021-08-01T10:42:13","guid":{"rendered":"https:\/\/ag-frisch.com\/mentions-legales\/"},"modified":"2023-01-26T21:19:02","modified_gmt":"2023-01-26T20:19:02","slug":"mentions-legales","status":"publish","type":"page","link":"https:\/\/ag-frisch.com\/fr\/mentions-legales\/","title":{"rendered":"Mentions l\u00e9gales"},"content":{"rendered":"<p>[et_pb_section fb_built=&#8221;1&#8243; _builder_version=&#8221;4.16&#8243; _module_preset=&#8221;default&#8221; custom_padding=&#8221;|12px||||&#8221; global_colors_info=&#8221;{}&#8221;][et_pb_row _builder_version=&#8221;4.16&#8243; _module_preset=&#8221;default&#8221; custom_margin=&#8221;|auto||290px||&#8221; global_colors_info=&#8221;{}&#8221;][et_pb_column type=&#8221;4_4&#8243; _builder_version=&#8221;4.16&#8243; _module_preset=&#8221;default&#8221; global_colors_info=&#8221;{}&#8221;][et_pb_text _builder_version=&#8221;4.18.1&#8243; _module_preset=&#8221;default&#8221; admin_label=&#8221;H1&#8243; hover_enabled=&#8221;0&#8243; sticky_enabled=&#8221;0&#8243;]<\/p>\n<h1>Agentur Frisch : Nos mentions l\u00e9gales<\/h1>\n<p>[\/et_pb_text][et_pb_text _builder_version=&#8221;4.16&#8243; _module_preset=&#8221;default&#8221; inline_fonts=&#8221;Abhaya Libre&#8221; global_colors_info=&#8221;{}&#8221;]<\/p>\n<h1 class=\"content_pageheader\"><strong>Mentions l\u00e9gales de l&#8217;agence Frisch<\/strong><\/h1>\n<div class=\"content_floattext\">\n<p><u>Les mentions l\u00e9gales s&#8217;appliquent \u00e9galement aux pages externes de l&#8217;agence Frisch qui renvoient directement \u00e0 ces mentions l\u00e9gales.<\/u><\/p>\n<p><strong>Agence Frisch International<br \/>\nConsulting GmbH &amp; Co KG<\/strong><\/p>\n<p><strong>Directeur : David Michael Frisch<\/strong> (\u00e9conomiste et commer\u00e7ant)<\/p>\n<p><span style=\"font-size: 14px;\"><span style=\"font-family: 'Abhaya Libre'; font-size: 30px;\">import4u\u00ae<\/span><\/span><span style=\"font-family: 'Abhaya Libre'; font-weight: normal;\">\u00ae ;  <\/span><span style=\"font-size: 14px;\"><span style=\"font-family: 'Abhaya Libre'; font-size: 30px;\">BEIDE\u00ae<\/span>, <span style=\"font-family: 'Abhaya Libre'; font-size: 30px;\">Sourceit\u00ae<\/span> et <span style=\"font-family: 'Abhaya Libre'; font-size: 30px;\">airbridge\u00ae<\/span> sont des marques de la marque ombrelle Agentur <span style=\"font-family: 'Abhaya Libre'; font-size: 30px;\">Frisch\u00ae<\/span> et sont enregistr\u00e9es comme marques aupr\u00e8s de l&#8217;Office allemand des brevets et des marques !<\/span><\/p>\n<p>Si\u00e8ge de la soci\u00e9t\u00e9 : Berlin<\/p>\n<p>Rue Edison 18<br \/>\n12459 Berlin (Treptow-K\u00f6penick)<br \/>\nAllemagne<\/p>\n<p><span style=\"text-decoration: underline;\"><strong>avec des repr\u00e9sentations en Autriche, Suisse, Italie, Espagne, Royaume-Uni, France, Pologne, Belgique, Pays-Bas<\/strong><\/span><\/p>\n<p><span style=\"font-size: 14px;\">email : <\/span><a style=\"font-size: 14px;\">info@ag-frisch.com<\/a><\/p>\n<p>Num\u00e9ro de TVA : DE290378221<br \/>\nService des imp\u00f4ts des collectivit\u00e9s IV<\/p>\n<p>HRA 47569 B (Tribunal d&#8217;instance de Charlottenburg)<\/p>\n<p><span style=\"font-size: 14px;\">T\u00e9l\u00e9phone : <\/span><span class=\"skype_c2c_print_container notranslate\" style=\"font-size: 14px;\">0049 (0) 30 32 89 68 83<\/span><span id=\"skype_c2c_container\" class=\"skype_c2c_container notranslate\" dir=\"ltr\" style=\"font-size: 14px;\" tabindex=\"-1\" data-numbertocall=\"+493032896883\" data-isfreecall=\"false\" data-isrtl=\"false\" data-ismobile=\"false\"><span class=\"skype_c2c_highlighting_inactive_common\" dir=\"ltr\"><span id=\"non_free_num_ui\" class=\"skype_c2c_textarea_span\"><img loading=\"lazy\" decoding=\"async\" class=\"skype_c2c_logo_img\" src=\"resource:\/\/skype_ff_extension-at-jetpack\/skype_ff_extension\/data\/call_skype_logo.png\" alt=\"\" width=\"0\" height=\"0\"><\/span><\/span><\/span><\/p>\n<p>Email :<br \/>\n<a>info@ag-frisch.com<\/a><\/p>\n<p>Skype : Dav1d27<\/p>\n<p>Internet<br \/>\n<a href=\"http:\/\/www.agentur-frisch.de\/\">www.ag-frisch.com<\/a><\/p>\n<p>Forum de soutien<br \/>\n<a href=\"http:\/\/www.asiaboard.de\/\">www.asiaboard.de<\/a><\/p>\n<p>Responsable des textes et du contenu : David Frisch<\/p>\n<p>Associ\u00e9 responsable personnellement :<br \/>\n<strong>Agence Frisch Administration GmbH<br \/>\nSi\u00e8ge social \u00e0 Berlin<br \/>\nTribunal d&#8217;instance de Charlottenburg, HRB 146203 B<br \/>\nNum\u00e9ro de TVA : DE285997111<br \/>\nDirecteur : David Michael Frisch<br \/>\n<\/strong><\/p>\n<p>L&#8217;agence Frisch ne s&#8217;approprie pas les partenaires de coop\u00e9ration et les marques mentionn\u00e9es sur les pages. Le titulaire est le propri\u00e9taire respectif mentionn\u00e9.<\/p>\n<p>L&#8217;agence Frisch n&#8217;est pas responsable du contenu des liens externes et ne s&#8217;approprie pas non plus leur contenu. Les contenus sont sous la responsabilit\u00e9 des exploitants des sites respectifs. N&#8217;acc\u00e9dez \u00e0 des sites externes que si vous pensez qu&#8217;ils sont dignes de confiance. Nous avons certes v\u00e9rifi\u00e9 les pages, mais leur contenu peut \u00eatre modifi\u00e9 et il ne nous est pas possible de les contr\u00f4ler en permanence.<\/p>\n<p>Les conseils juridiques et fiscaux sont fournis par les partenaires mentionn\u00e9s. Dans la mesure o\u00f9 ces prestations sont disponibles dans les offres de l&#8217;agence Frisch, celle-ci se sert de leur soutien et ne fournit pas elle-m\u00eame de conseils juridiques ou fiscaux.<\/p>\n<\/div>\n<p>.<\/p>\n<p>&nbsp;<\/p>\n<p>[\/et_pb_text][\/et_pb_column][\/et_pb_row][\/et_pb_section]<\/p>\n","protected":false},"excerpt":{"rendered":"<p>Agentur Frisch : Nos mentions l\u00e9gales Mentions l\u00e9gales de l&#8217;agence Frisch Les mentions l\u00e9gales s&#8217;appliquent \u00e9galement aux pages externes de l&#8217;agence Frisch qui renvoient directement \u00e0 ces mentions l\u00e9gales. Agence Frisch International Consulting GmbH &amp; Co KG Directeur : David Michael Frisch (\u00e9conomiste et commer\u00e7ant) import4u\u00ae\u00ae ; BEIDE\u00ae, Sourceit\u00ae et airbridge\u00ae sont des marques de [&hellip;]<\/p>\n","protected":false},"author":6,"featured_media":0,"parent":0,"menu_order":0,"comment_status":"closed","ping_status":"closed","template":"","meta":{"_et_pb_use_builder":"on","_et_pb_old_content":"","_et_gb_content_width":"","footnotes":""},"class_list":["post-8837","page","type-page","status-publish","hentry"],"yoast_head":"<!-- This site is optimized with the Yoast SEO plugin v27.4 - https:\/\/yoast.com\/product\/yoast-seo-wordpress\/ -->\n<title>Mentions l\u00e9gales | AG Frisch in Berlin<\/title>\n<meta name=\"description\" content=\"Les mentions l\u00e9gales de l&#039;agence Frisch International Consulting GmbH &amp; Co. KG \u25ba En savoir plus maintenant !\" \/>\n<meta name=\"robots\" content=\"index, follow, max-snippet:-1, max-image-preview:large, max-video-preview:-1\" \/>\n<link rel=\"canonical\" href=\"https:\/\/ag-frisch.com\/fr\/mentions-legales\/\" \/>\n<meta property=\"og:locale\" content=\"fr_FR\" \/>\n<meta property=\"og:type\" content=\"article\" \/>\n<meta property=\"og:title\" content=\"Mentions l\u00e9gales | AG Frisch in Berlin\" \/>\n<meta property=\"og:description\" content=\"Les mentions l\u00e9gales de l&#039;agence Frisch International Consulting GmbH &amp; Co. KG \u25ba En savoir plus maintenant !\" \/>\n<meta property=\"og:url\" content=\"https:\/\/ag-frisch.com\/fr\/mentions-legales\/\" \/>\n<meta property=\"og:site_name\" content=\"China Import Beratung f\u00fcr den Einkauf aus China\" \/>\n<meta property=\"article:publisher\" content=\"https:\/\/www.facebook.com\/China.Import\" \/>\n<meta property=\"article:modified_time\" content=\"2023-01-26T20:19:02+00:00\" \/>\n<meta property=\"og:image\" content=\"\" \/>\n<meta name=\"twitter:card\" content=\"summary_large_image\" \/>\n<meta name=\"twitter:site\" content=\"@agenturfrisch\" \/>\n<meta name=\"twitter:label1\" content=\"Dur\u00e9e de lecture estim\u00e9e\" \/>\n\t<meta name=\"twitter:data1\" content=\"2 minutes\" \/>\n<script type=\"application\/ld+json\" class=\"yoast-schema-graph\">{\"@context\":\"https:\\\/\\\/schema.org\",\"@graph\":[{\"@type\":\"WebPage\",\"@id\":\"https:\\\/\\\/ag-frisch.com\\\/fr\\\/mentions-legales\\\/\",\"url\":\"https:\\\/\\\/ag-frisch.com\\\/fr\\\/mentions-legales\\\/\",\"name\":\"Mentions l\u00e9gales | AG Frisch in Berlin\",\"isPartOf\":{\"@id\":\"https:\\\/\\\/ag-frisch.com\\\/de\\\/#website\"},\"primaryImageOfPage\":{\"@id\":\"https:\\\/\\\/ag-frisch.com\\\/fr\\\/mentions-legales\\\/#primaryimage\"},\"image\":{\"@id\":\"https:\\\/\\\/ag-frisch.com\\\/fr\\\/mentions-legales\\\/#primaryimage\"},\"thumbnailUrl\":\"resource:\\\/\\\/skype_ff_extension-at-jetpack\\\/skype_ff_extension\\\/data\\\/call_skype_logo.png\",\"datePublished\":\"2021-08-01T10:42:13+00:00\",\"dateModified\":\"2023-01-26T20:19:02+00:00\",\"description\":\"Les mentions l\u00e9gales de l'agence Frisch International Consulting GmbH & Co. KG \u25ba En savoir plus maintenant !\",\"breadcrumb\":{\"@id\":\"https:\\\/\\\/ag-frisch.com\\\/fr\\\/mentions-legales\\\/#breadcrumb\"},\"inLanguage\":\"fr-FR\",\"potentialAction\":[{\"@type\":\"ReadAction\",\"target\":[\"https:\\\/\\\/ag-frisch.com\\\/fr\\\/mentions-legales\\\/\"]}]},{\"@type\":\"ImageObject\",\"inLanguage\":\"fr-FR\",\"@id\":\"https:\\\/\\\/ag-frisch.com\\\/fr\\\/mentions-legales\\\/#primaryimage\",\"url\":\"resource:\\\/\\\/skype_ff_extension-at-jetpack\\\/skype_ff_extension\\\/data\\\/call_skype_logo.png\",\"contentUrl\":\"resource:\\\/\\\/skype_ff_extension-at-jetpack\\\/skype_ff_extension\\\/data\\\/call_skype_logo.png\"},{\"@type\":\"BreadcrumbList\",\"@id\":\"https:\\\/\\\/ag-frisch.com\\\/fr\\\/mentions-legales\\\/#breadcrumb\",\"itemListElement\":[{\"@type\":\"ListItem\",\"position\":1,\"name\":\"Startseite\",\"item\":\"https:\\\/\\\/ag-frisch.com\\\/de\\\/\"},{\"@type\":\"ListItem\",\"position\":2,\"name\":\"Mentions l\u00e9gales\"}]},{\"@type\":\"WebSite\",\"@id\":\"https:\\\/\\\/ag-frisch.com\\\/de\\\/#website\",\"url\":\"https:\\\/\\\/ag-frisch.com\\\/de\\\/\",\"name\":\"China Import Beratung f\u00fcr den Einkauf aus China\",\"description\":\"China Import &amp; Export Beratung - Der Dienstleister Ihres Vertrauens f\u00fcr Ihren China Import\",\"publisher\":{\"@id\":\"https:\\\/\\\/ag-frisch.com\\\/de\\\/#organization\"},\"potentialAction\":[{\"@type\":\"SearchAction\",\"target\":{\"@type\":\"EntryPoint\",\"urlTemplate\":\"https:\\\/\\\/ag-frisch.com\\\/de\\\/?s={search_term_string}\"},\"query-input\":{\"@type\":\"PropertyValueSpecification\",\"valueRequired\":true,\"valueName\":\"search_term_string\"}}],\"inLanguage\":\"fr-FR\"},{\"@type\":\"Organization\",\"@id\":\"https:\\\/\\\/ag-frisch.com\\\/de\\\/#organization\",\"name\":\"Agentur Frisch International Consulting GmbH & Co. KG\",\"url\":\"https:\\\/\\\/ag-frisch.com\\\/de\\\/\",\"logo\":{\"@type\":\"ImageObject\",\"inLanguage\":\"fr-FR\",\"@id\":\"https:\\\/\\\/ag-frisch.com\\\/de\\\/#\\\/schema\\\/logo\\\/image\\\/\",\"url\":\"https:\\\/\\\/ag-frisch.com\\\/wp-content\\\/uploads\\\/2021\\\/08\\\/ag_logo_rgb_300_small.png\",\"contentUrl\":\"https:\\\/\\\/ag-frisch.com\\\/wp-content\\\/uploads\\\/2021\\\/08\\\/ag_logo_rgb_300_small.png\",\"width\":153,\"height\":102,\"caption\":\"Agentur Frisch International Consulting GmbH & Co. KG\"},\"image\":{\"@id\":\"https:\\\/\\\/ag-frisch.com\\\/de\\\/#\\\/schema\\\/logo\\\/image\\\/\"},\"sameAs\":[\"https:\\\/\\\/www.facebook.com\\\/China.Import\",\"https:\\\/\\\/x.com\\\/agenturfrisch\"]}]}<\/script>\n<!-- \/ Yoast SEO plugin. -->","yoast_head_json":{"title":"Mentions l\u00e9gales | AG Frisch in Berlin","description":"Les mentions l\u00e9gales de l'agence Frisch International Consulting GmbH & Co. KG \u25ba En savoir plus maintenant !","robots":{"index":"index","follow":"follow","max-snippet":"max-snippet:-1","max-image-preview":"max-image-preview:large","max-video-preview":"max-video-preview:-1"},"canonical":"https:\/\/ag-frisch.com\/fr\/mentions-legales\/","og_locale":"fr_FR","og_type":"article","og_title":"Mentions l\u00e9gales | AG Frisch in Berlin","og_description":"Les mentions l\u00e9gales de l'agence Frisch International Consulting GmbH & Co. KG \u25ba En savoir plus maintenant !","og_url":"https:\/\/ag-frisch.com\/fr\/mentions-legales\/","og_site_name":"China Import Beratung f\u00fcr den Einkauf aus China","article_publisher":"https:\/\/www.facebook.com\/China.Import","article_modified_time":"2023-01-26T20:19:02+00:00","og_image":[{"url":"resource:\/\/skype_ff_extension-at-jetpack\/skype_ff_extension\/data\/call_skype_logo.png","type":"","width":"","height":""}],"twitter_card":"summary_large_image","twitter_site":"@agenturfrisch","twitter_misc":{"Dur\u00e9e de lecture estim\u00e9e":"2 minutes"},"schema":{"@context":"https:\/\/schema.org","@graph":[{"@type":"WebPage","@id":"https:\/\/ag-frisch.com\/fr\/mentions-legales\/","url":"https:\/\/ag-frisch.com\/fr\/mentions-legales\/","name":"Mentions l\u00e9gales | AG Frisch in Berlin","isPartOf":{"@id":"https:\/\/ag-frisch.com\/de\/#website"},"primaryImageOfPage":{"@id":"https:\/\/ag-frisch.com\/fr\/mentions-legales\/#primaryimage"},"image":{"@id":"https:\/\/ag-frisch.com\/fr\/mentions-legales\/#primaryimage"},"thumbnailUrl":"resource:\/\/skype_ff_extension-at-jetpack\/skype_ff_extension\/data\/call_skype_logo.png","datePublished":"2021-08-01T10:42:13+00:00","dateModified":"2023-01-26T20:19:02+00:00","description":"Les mentions l\u00e9gales de l'agence Frisch International Consulting GmbH & Co. KG \u25ba En savoir plus maintenant !","breadcrumb":{"@id":"https:\/\/ag-frisch.com\/fr\/mentions-legales\/#breadcrumb"},"inLanguage":"fr-FR","potentialAction":[{"@type":"ReadAction","target":["https:\/\/ag-frisch.com\/fr\/mentions-legales\/"]}]},{"@type":"ImageObject","inLanguage":"fr-FR","@id":"https:\/\/ag-frisch.com\/fr\/mentions-legales\/#primaryimage","url":"resource:\/\/skype_ff_extension-at-jetpack\/skype_ff_extension\/data\/call_skype_logo.png","contentUrl":"resource:\/\/skype_ff_extension-at-jetpack\/skype_ff_extension\/data\/call_skype_logo.png"},{"@type":"BreadcrumbList","@id":"https:\/\/ag-frisch.com\/fr\/mentions-legales\/#breadcrumb","itemListElement":[{"@type":"ListItem","position":1,"name":"Startseite","item":"https:\/\/ag-frisch.com\/de\/"},{"@type":"ListItem","position":2,"name":"Mentions l\u00e9gales"}]},{"@type":"WebSite","@id":"https:\/\/ag-frisch.com\/de\/#website","url":"https:\/\/ag-frisch.com\/de\/","name":"China Import Beratung f\u00fcr den Einkauf aus China","description":"China Import &amp; Export Beratung - Der Dienstleister Ihres Vertrauens f\u00fcr Ihren China Import","publisher":{"@id":"https:\/\/ag-frisch.com\/de\/#organization"},"potentialAction":[{"@type":"SearchAction","target":{"@type":"EntryPoint","urlTemplate":"https:\/\/ag-frisch.com\/de\/?s={search_term_string}"},"query-input":{"@type":"PropertyValueSpecification","valueRequired":true,"valueName":"search_term_string"}}],"inLanguage":"fr-FR"},{"@type":"Organization","@id":"https:\/\/ag-frisch.com\/de\/#organization","name":"Agentur Frisch International Consulting GmbH & Co. KG","url":"https:\/\/ag-frisch.com\/de\/","logo":{"@type":"ImageObject","inLanguage":"fr-FR","@id":"https:\/\/ag-frisch.com\/de\/#\/schema\/logo\/image\/","url":"https:\/\/ag-frisch.com\/wp-content\/uploads\/2021\/08\/ag_logo_rgb_300_small.png","contentUrl":"https:\/\/ag-frisch.com\/wp-content\/uploads\/2021\/08\/ag_logo_rgb_300_small.png","width":153,"height":102,"caption":"Agentur Frisch International Consulting GmbH & Co. KG"},"image":{"@id":"https:\/\/ag-frisch.com\/de\/#\/schema\/logo\/image\/"},"sameAs":["https:\/\/www.facebook.com\/China.Import","https:\/\/x.com\/agenturfrisch"]}]}},"_links":{"self":[{"href":"https:\/\/ag-frisch.com\/fr\/wp-json\/wp\/v2\/pages\/8837","targetHints":{"allow":["GET"]}}],"collection":[{"href":"https:\/\/ag-frisch.com\/fr\/wp-json\/wp\/v2\/pages"}],"about":[{"href":"https:\/\/ag-frisch.com\/fr\/wp-json\/wp\/v2\/types\/page"}],"author":[{"embeddable":true,"href":"https:\/\/ag-frisch.com\/fr\/wp-json\/wp\/v2\/users\/6"}],"replies":[{"embeddable":true,"href":"https:\/\/ag-frisch.com\/fr\/wp-json\/wp\/v2\/comments?post=8837"}],"version-history":[{"count":0,"href":"https:\/\/ag-frisch.com\/fr\/wp-json\/wp\/v2\/pages\/8837\/revisions"}],"wp:attachment":[{"href":"https:\/\/ag-frisch.com\/fr\/wp-json\/wp\/v2\/media?parent=8837"}],"curies":[{"name":"wp","href":"https:\/\/api.w.org\/{rel}","templated":true}]}}