{"id":9126,"date":"2021-09-12T22:04:48","date_gmt":"2021-09-12T20:04:48","guid":{"rendered":"https:\/\/ag-frisch.com\/importation-dedouanement\/"},"modified":"2023-01-26T22:05:31","modified_gmt":"2023-01-26T21:05:31","slug":"importation-dedouanement","status":"publish","type":"page","link":"https:\/\/ag-frisch.com\/fr\/importation-dedouanement\/","title":{"rendered":"Importation &amp; d\u00e9douanement"},"content":{"rendered":"<p>[et_pb_section fb_built=&#8221;1&#8243; _builder_version=&#8221;4.16&#8243; _module_preset=&#8221;default&#8221; global_colors_info=&#8221;{}&#8221;][et_pb_row _builder_version=&#8221;4.16&#8243; _module_preset=&#8221;default&#8221; global_colors_info=&#8221;{}&#8221;][et_pb_column type=&#8221;4_4&#8243; _builder_version=&#8221;4.16&#8243; _module_preset=&#8221;default&#8221; global_colors_info=&#8221;{}&#8221;][et_pb_cta title=&#8221;Importation et d\u00e9douanement de marchandises en provenance de Chine&#8221; button_url=&#8221;https:\/\/ag-frisch.com\/fr\/contact\/&#8221; button_text=&#8221;Demander maintenant \u00e0 l&#039;expert en douane&#8221; _builder_version=&#8221;4.16&#8243; _module_preset=&#8221;default&#8221; global_colors_info=&#8221;{}&#8221;]<\/p>\n<p>Pour \u00e9viter tout probl\u00e8me lors de l&#8217;importation et du d\u00e9douanement de votre marchandise \u00e0 l&#8217;importation en Chine, prenez contact avec l&#8217;expert en importation en Chine.  <\/p>\n<p>[\/et_pb_cta][et_pb_text _builder_version=&#8221;4.16&#8243; _module_preset=&#8221;default&#8221; global_colors_info=&#8221;{}&#8221;]<\/p>\n<h1>Importation &amp; d\u00e9douanement de Chine<\/h1>\n<p>Pour que vous n&#8217;ayez pas \u00e0 vous occuper vous-m\u00eame de l&#8217;importation et du d\u00e9douanement, nous ou nos partenaires logistiques nous en chargeons enti\u00e8rement pour vous. Si, contre toute attente, il devait y avoir une inspection douani\u00e8re ou des contr\u00f4les administratifs, nous nous chargerions volontiers de la communication avec les autorit\u00e9s \u00e0 ce sujet.  <\/p>\n<p>&nbsp;<\/p>\n<p><strong>Un contr\u00f4le douanier sans faille avec l&#8217;agence Frisch<\/strong><\/p>\n<p>Les contr\u00f4les effectu\u00e9s par les douanes, tr\u00e8s strictes, sont un sujet de crainte pour de nombreux entrepreneurs lorsqu&#8217;ils importent des produits chinois. Pas chez nous. L&#8217;agence Frisch dispose d&#8217;une longue et vaste exp\u00e9rience dans l&#8217;importation de marchandises les plus diverses en Allemagne. Nous connaissons parfaitement les proc\u00e9dures, les obligations et les possibilit\u00e9s. En tant que client, vous en profitez lors de vos importations en Chine. Nous veillons \u00e0 ce que la d\u00e9claration en douane de vos marchandises en provenance de Chine ne pose pas de probl\u00e8me et \u00e0 ce que votre livraison arrive en toute s\u00e9curit\u00e9 en Allemagne.<\/p>\n<p>&nbsp;<\/p>\n<p><strong>La d\u00e9claration en douane de vos marchandises en provenance de Chine<\/strong><\/p>\n<p>Une d\u00e9claration en douane est une composante n\u00e9cessaire de l&#8217;importation en Chine. En r\u00e8gle g\u00e9n\u00e9rale, elle est soumise par nos soins ou par nos partenaires logistiques dans le cadre de votre importation en Chine via l&#8217;agence Frisch, vous n&#8217;avez rien \u00e0 faire vous-m\u00eame. Les \u00e9l\u00e9ments de la d\u00e9claration en douane de vos marchandises en provenance de Chine sont g\u00e9n\u00e9ralement les suivants :<\/p>\n<ul>\n<li>Facture<\/li>\n<li>Lettre de voiture<\/li>\n<li>Liste de colisage<\/li>\n<li>autres documents douaniers (par exemple certificat de circulation des marchandises, document de surveillance, certificat d&#8217;origine)<\/li>\n<\/ul>\n<p>Les documents n\u00e9cessaires dans le cadre de la d\u00e9claration en douane de vos marchandises en provenance de Chine d\u00e9pendent du type de produits command\u00e9s. Nous nous y connaissons dans la jungle des r\u00e9glementations et nous nous chargeons d&#8217;une d\u00e9claration en douane irr\u00e9prochable afin que votre livraison arrive sans probl\u00e8me chez vous.<\/p>\n<p>&nbsp;<\/p>\n<p><strong>Aide en cas de contr\u00f4le douanier lors d&#8217;une importation en Chine<\/strong><\/p>\n<p>Bien que la d\u00e9claration en douane ait \u00e9t\u00e9 effectu\u00e9e et que toutes les formalit\u00e9s aient \u00e9t\u00e9 remplies dans les r\u00e8gles de l&#8217;art, on n&#8217;est jamais \u00e0 l&#8217;abri d&#8217;un contr\u00f4le douanier lors d&#8217;une importation en Chine. Mais il n&#8217;y a pas lieu de s&#8217;inqui\u00e9ter. L&#8217;agence Frisch a \u00e9galement suffisamment d&#8217;exp\u00e9rience dans ce domaine et dispose de contacts pour qu&#8217;un contr\u00f4le douanier lors d&#8217;une importation en Chine ne pose pas de probl\u00e8mes. La douane peut par exemple ordonner ces formes de contr\u00f4le douanier :<\/p>\n<ul>\n<li>Contr\u00f4le des quantit\u00e9s<\/li>\n<li>Examen de la qualit\u00e9<\/li>\n<li>Contr\u00f4le de la valeur<\/li>\n<li>Contr\u00f4le des tarifs<\/li>\n<\/ul>\n<p>Une production irr\u00e9prochable, une utilisation responsable des d\u00e9clarations de conformit\u00e9 et des dispositions ainsi qu&#8217;une d\u00e9claration en douane professionnelle sont toujours \u00e0 la base d&#8217;un contr\u00f4le douanier effectu\u00e9 sans probl\u00e8me &#8211; l&#8217;agence Frisch remplit toutes ces prestations de mani\u00e8re consciencieuse et fiable. Avec nous, un contr\u00f4le douanier de votre importation chinoise n&#8217;est pas un drame, c&#8217;est juste une \u00e9tape suppl\u00e9mentaire qui est r\u00e9gl\u00e9e.<\/p>\n<p>&nbsp;<\/p>\n<p><strong>V\u00e9rification par l&#8217;autorit\u00e9 de s\u00e9curit\u00e9 du produit<\/strong><\/p>\n<p>Si l&#8217;importation de Chine est pr\u00e9par\u00e9e de mani\u00e8re approfondie et que la marchandise en provenance de Chine est d\u00e9clar\u00e9e en douane de mani\u00e8re irr\u00e9prochable, il n&#8217;y a g\u00e9n\u00e9ralement pas de contr\u00f4le par l&#8217;autorit\u00e9 de s\u00e9curit\u00e9 des produits. Si vous avez le malheur d&#8217;\u00eatre soumis \u00e0 un contr\u00f4le administratif dans le cadre d&#8217;un contr\u00f4le al\u00e9atoire ou pour d&#8217;autres raisons, nous nous chargerons volontiers de ce sujet pour vous. Nous nous occupons de la communication avec les autorit\u00e9s et r\u00e9alisons pour vous toutes les activit\u00e9s n\u00e9cessaires dans le cadre de la v\u00e9rification. Ainsi, m\u00eame dans le cas improbable d&#8217;un contr\u00f4le par l&#8217;autorit\u00e9 de s\u00e9curit\u00e9 des produits, vous pouvez rester serein &#8211; votre marchandise vous parviendra sans probl\u00e8me gr\u00e2ce \u00e0 l&#8217;agence Frisch.<\/p>\n<p>&nbsp;<\/p>\n<p><strong>Communication avec les autorit\u00e9s<\/strong><\/p>\n<p>La communication avec les autorit\u00e9s en cas d&#8217;irr\u00e9gularit\u00e9s dans vos importations chinoises se heurterait d\u00e9j\u00e0 \u00e0 la barri\u00e8re de la langue pour nombre de nos estim\u00e9s clients. Nous disposons de locuteurs natifs et d&#8217;interpr\u00e8tes sp\u00e9cialis\u00e9s qui peuvent incontestablement mieux s&#8217;occuper de la communication. Les relations avec les douanes et les autorit\u00e9s font partie de notre quotidien et nous les g\u00e9rons de mani\u00e8re professionnelle et cibl\u00e9e, quelle que soit la langue. Nous avons toujours le r\u00e9sultat en t\u00eate : une importation chinoise r\u00e9ussie avec des acteurs enti\u00e8rement satisfaits.<\/p>\n<p>&nbsp;<\/p>\n<p>On ne pourra jamais exclure totalement les contr\u00f4les douaniers et les v\u00e9rifications par les autorit\u00e9s ; ils font partie du processus d&#8217;importation. Toutefois, en travaillant consciencieusement et correctement et en adoptant une approche constructive des contr\u00f4les, il est possible de faire en sorte que ceux-ci n&#8217;aient pas d&#8217;impact n\u00e9gatif sur le commerce.<\/p>\n<p>&nbsp;<\/p>\n<p>[\/et_pb_text][\/et_pb_column][\/et_pb_row][\/et_pb_section][et_pb_section fb_built=&#8221;1&#8243; admin_label=&#8221;Testimonials&#8221; _builder_version=&#8221;4.16&#8243; use_background_color_gradient=&#8221;on&#8221; background_color_gradient_stops=&#8221;rgba(0,106,156,0.85) 0%|rgba(0,106,156,0.85) 100%&#8221; background_color_gradient_start=&#8221;rgba(0,106,156,0.85)&#8221; background_color_gradient_end=&#8221;rgba(0,106,156,0.85)&#8221; custom_padding=&#8221;90px||60px|&#8221; animation_style=&#8221;fold&#8221; animation_direction=&#8221;bottom&#8221; animation_intensity_fold=&#8221;4%&#8221; global_colors_info=&#8221;{}&#8221; theme_builder_area=&#8221;post_content&#8221;][et_pb_row _builder_version=&#8221;4.16&#8243; background_size=&#8221;initial&#8221; background_position=&#8221;top_left&#8221; background_repeat=&#8221;repeat&#8221; custom_width_px=&#8221;710px&#8221; locked=&#8221;off&#8221; global_colors_info=&#8221;{}&#8221; theme_builder_area=&#8221;post_content&#8221;][et_pb_column type=&#8221;4_4&#8243; _builder_version=&#8221;4.16&#8243; background_position=&#8221;top_left&#8221; custom_padding=&#8221;|||&#8221; global_colors_info=&#8221;{}&#8221; custom_padding__hover=&#8221;|||&#8221; theme_builder_area=&#8221;post_content&#8221;][et_pb_text admin_label=&#8221;Testimonials Section Title&#8221; _builder_version=&#8221;4.16&#8243; header_font=&#8221;Montserrat||||&#8221; header_font_size=&#8221;36px&#8221; background_size=&#8221;initial&#8221; background_position=&#8221;top_left&#8221; background_repeat=&#8221;repeat&#8221; text_orientation=&#8221;center&#8221; background_layout=&#8221;dark&#8221; max_width=&#8221;710px&#8221; module_alignment=&#8221;center&#8221; animation_style=&#8221;fold&#8221; animation_direction=&#8221;bottom&#8221; animation_intensity_fold=&#8221;20%&#8221; global_colors_info=&#8221;{}&#8221; theme_builder_area=&#8221;post_content&#8221;]<\/p>\n<h1>Plus de 5000 clients satisfaits.<\/h1>\n<p>&nbsp;<\/p>\n<p>[\/et_pb_text][et_pb_divider color=&#8221;#ffffff&#8221; divider_weight=&#8221;3px&#8221; disabled_on=&#8221;off|off|off&#8221; _builder_version=&#8221;4.16&#8243; background_color_gradient_direction=&#8221;90deg&#8221; max_width=&#8221;100px&#8221; module_alignment=&#8221;center&#8221; height=&#8221;5px&#8221; custom_margin=&#8221;||20px|&#8221; custom_padding=&#8221;||20px|&#8221; animation_style=&#8221;slide&#8221; animation_direction=&#8221;bottom&#8221; saved_tabs=&#8221;all&#8221; locked=&#8221;off&#8221; global_colors_info=&#8221;{}&#8221; theme_builder_area=&#8221;post_content&#8221;][\/et_pb_divider][\/et_pb_column][\/et_pb_row][et_pb_row column_structure=&#8221;1_2,1_2&#8243; _builder_version=&#8221;4.18.1&#8243; _module_preset=&#8221;default&#8221; global_colors_info=&#8221;{}&#8221; theme_builder_area=&#8221;post_content&#8221;][et_pb_column type=&#8221;1_2&#8243; _builder_version=&#8221;4.18.1&#8243; _module_preset=&#8221;default&#8221; global_colors_info=&#8221;{}&#8221; theme_builder_area=&#8221;post_content&#8221;][et_pb_testimonial author=&#8221;Marco&#8221; portrait_url=&#8221;https:\/\/ag-frisch.com\/wp-content\/uploads\/2021\/08\/Harald.png&#8221; quote_icon=&#8221;off&#8221; _builder_version=&#8221;4.18.1&#8243; _module_preset=&#8221;default&#8221; body_font_size=&#8221;16px&#8221; use_background_color=&#8221;off&#8221; background_layout=&#8221;dark&#8221; global_colors_info=&#8221;{}&#8221; theme_builder_area=&#8221;post_content&#8221;]J&#8217;ai demand\u00e9 \u00e0 l&#8217;agence Frisch de faire produire un meuble de grande taille en Chine et de le transf\u00e9rer ensuite en Allemagne. La communication par e-mail a \u00e9t\u00e9 fluide tout au long du processus ! Des r\u00e9ponses tr\u00e8s rapides et fiables m&#8217;ont apport\u00e9 en permanence les garanties indispensables \u00e0 une telle entreprise. J&#8217;ai toujours \u00e9t\u00e9 aid\u00e9 dans la jungle bureaucratique et aucun formulaire n&#8217;a \u00e9t\u00e9 oubli\u00e9 ou mal rempli. Tr\u00e8s louable !<a href=\"&lt;div%20class=%22pe-richsnippets%22&gt;&nbsp;&lt;\/div&gt;%20&lt;script%20type=%22text\/javascript%22%20src=%22https:\/\/www.provenexpert.com\/widget\/richsnippet.js?u=1NUA0VwZ4RUZ5tmAi5zA4RaplNKAlWwZ&amp;v=2%22%20async&gt;&lt;\/script&gt;%20&lt;div%20style=%22text-align:%20justify;%22&gt;&lt;br%20\/&gt;\"><\/a><\/p>\n<div class=\"brow ratingBarMargin\">\n<div class=\"ratingBar\">\n<div class=\"brow\">\n<div class=\"pe-richsnippets\">&nbsp;<\/div>\n<p><script type=\"text\/javascript\" src=\"https:\/\/www.provenexpert.com\/widget\/richsnippet.js?u=1NUA0VwZ4RUZ5tmAi5zA4RaplNKAlWwZ&amp;v=2\" async=\"\"><\/script><\/p>\n<div style=\"text-align: justify;\"><\/p>\n<div class=\"col-lg-9 col-md-8 col-xs-10 mt20 mb20\">\n<div class=\"col-xs-12 surveyNameForRating\"><\/div>\n<\/div>\n<\/div>\n<\/div>\n<\/div>\n<\/div>\n<p>[\/et_pb_testimonial][\/et_pb_column][et_pb_column type=&#8221;1_2&#8243; _builder_version=&#8221;4.18.1&#8243; _module_preset=&#8221;default&#8221; global_colors_info=&#8221;{}&#8221; theme_builder_area=&#8221;post_content&#8221;][et_pb_testimonial author=&#8221;Simone L.&#8221; portrait_url=&#8221;https:\/\/ag-frisch.com\/wp-content\/uploads\/2021\/08\/Harald.png&#8221; quote_icon=&#8221;off&#8221; _builder_version=&#8221;4.18.1&#8243; _module_preset=&#8221;default&#8221; body_font_size=&#8221;16px&#8221; use_background_color=&#8221;off&#8221; background_layout=&#8221;dark&#8221; global_colors_info=&#8221;{}&#8221; theme_builder_area=&#8221;post_content&#8221;]<\/p>\n<p>Tout est au top. On ne peut pas faire mieux. On ne peut pas faire mieux en mati\u00e8re de conseil et de r\u00e9alisation. Apr\u00e8s avoir pass\u00e9 plusieurs commandes aupr\u00e8s de cette entreprise, nous sommes plus que satisfaits et poursuivons notre collaboration.<\/p>\n<div class=\"brow ratingBarMargin\">\n<div class=\"ratingBar\">\n<div class=\"brow\">\n<div class=\"pe-richsnippets\"> <\/div>\n<p>\n<script type=\"text\/javascript\" src=\"https:\/\/www.provenexpert.com\/widget\/richsnippet.js?u=1NUA0VwZ4RUZ5tmAi5zA4RaplNKAlWwZ&amp;v=2\" async=\"\"><\/script>\n<\/p>\n<div style=\"text-align: justify;\">\n<p>&nbsp;<\/p>\n<div class=\"col-lg-9 col-md-8 col-xs-10 mt20 mb20\">\n<div class=\"col-xs-12 surveyNameForRating\"><\/div>\n<\/div>\n<\/div>\n<\/div>\n<\/div>\n<\/div>\n<p>[\/et_pb_testimonial][\/et_pb_column][\/et_pb_row][et_pb_row _builder_version=&#8221;4.16&#8243; background_size=&#8221;initial&#8221; background_position=&#8221;top_left&#8221; background_repeat=&#8221;repeat&#8221; custom_padding=&#8221;50px|0px|30px|0px&#8221; custom_css_main_element=&#8221;text-align: center;&#8221; global_colors_info=&#8221;{}&#8221; theme_builder_area=&#8221;post_content&#8221;][et_pb_column type=&#8221;4_4&#8243; _builder_version=&#8221;4.16&#8243; custom_padding=&#8221;|||&#8221; global_colors_info=&#8221;{}&#8221; custom_padding__hover=&#8221;|||&#8221; theme_builder_area=&#8221;post_content&#8221;][et_pb_button button_url=&#8221;https:\/\/www.provenexpert.com\/de-de\/agentur-frisch-international-consulting-gmbh-und-co-kg\/&#8221; button_text=&#8221;PLUS D&#039;AVIS&#8221; button_alignment=&#8221;left&#8221; admin_label=&#8221;Testimonial Button&#8221; _builder_version=&#8221;4.16&#8243; custom_button=&#8221;on&#8221; button_text_size=&#8221;18px&#8221; button_text_color=&#8221;#ffffff&#8221; button_bg_color=&#8221;#6eba01&#8243; button_border_width=&#8221;2px&#8221; button_border_color=&#8221;#6eba01&#8243; button_border_radius=&#8221;0px&#8221; button_letter_spacing=&#8221;2px&#8221; button_font=&#8221;Montserrat|||on|&#8221; button_use_icon=&#8221;off&#8221; animation_style=&#8221;fold&#8221; animation_direction=&#8221;bottom&#8221; button_text_color_hover=&#8221;#ffffff&#8221; button_border_color_hover=&#8221;#ffffff&#8221; button_border_radius_hover=&#8221;0px&#8221; button_letter_spacing_hover=&#8221;2px&#8221; button_bg_color_hover=&#8221;rgba(255,255,255,0)&#8221; locked=&#8221;off&#8221; global_colors_info=&#8221;{}&#8221; button_text_size__hover_enabled=&#8221;off&#8221; button_one_text_size__hover_enabled=&#8221;off&#8221; button_two_text_size__hover_enabled=&#8221;off&#8221; button_text_color__hover_enabled=&#8221;on&#8221; button_text_color__hover=&#8221;#ffffff&#8221; button_one_text_color__hover_enabled=&#8221;off&#8221; button_two_text_color__hover_enabled=&#8221;off&#8221; button_border_width__hover_enabled=&#8221;off&#8221; button_one_border_width__hover_enabled=&#8221;off&#8221; button_two_border_width__hover_enabled=&#8221;off&#8221; button_border_color__hover_enabled=&#8221;on&#8221; button_border_color__hover=&#8221;#ffffff&#8221; button_one_border_color__hover_enabled=&#8221;off&#8221; button_two_border_color__hover_enabled=&#8221;off&#8221; button_border_radius__hover_enabled=&#8221;on&#8221; button_border_radius__hover=&#8221;0px&#8221; button_one_border_radius__hover_enabled=&#8221;off&#8221; button_two_border_radius__hover_enabled=&#8221;off&#8221; button_letter_spacing__hover_enabled=&#8221;on&#8221; button_letter_spacing__hover=&#8221;2px&#8221; button_one_letter_spacing__hover_enabled=&#8221;off&#8221; button_two_letter_spacing__hover_enabled=&#8221;off&#8221; button_bg_color__hover_enabled=&#8221;on&#8221; button_bg_color__hover=&#8221;rgba(255,255,255,0)&#8221; button_one_bg_color__hover_enabled=&#8221;off&#8221; button_two_bg_color__hover_enabled=&#8221;off&#8221; theme_builder_area=&#8221;post_content&#8221;][\/et_pb_button][\/et_pb_column][\/et_pb_row][\/et_pb_section]<\/p>\n","protected":false},"excerpt":{"rendered":"<p>Pour \u00e9viter tout probl\u00e8me lors de l&#8217;importation et du d\u00e9douanement de votre marchandise \u00e0 l&#8217;importation en Chine, prenez contact avec l&#8217;expert en importation en Chine. Importation &amp; d\u00e9douanement de Chine Pour que vous n&#8217;ayez pas \u00e0 vous occuper vous-m\u00eame de l&#8217;importation et du d\u00e9douanement, nous ou nos partenaires logistiques nous en chargeons enti\u00e8rement pour vous. [&hellip;]<\/p>\n","protected":false},"author":2,"featured_media":0,"parent":0,"menu_order":0,"comment_status":"closed","ping_status":"closed","template":"","meta":{"_et_pb_use_builder":"on","_et_pb_old_content":"","_et_gb_content_width":"","footnotes":""},"class_list":["post-9126","page","type-page","status-publish","hentry"],"yoast_head":"<!-- This site is optimized with the Yoast SEO plugin v27.2 - https:\/\/yoast.com\/product\/yoast-seo-wordpress\/ -->\n<title>Importation de Chine | D\u00e9douanement de vos marchandises en provenance de Chine<\/title>\n<meta name=\"description\" content=\"Importation de Chine \u25ba y compris le d\u00e9douanement sans probl\u00e8me de vos marchandises de Chine vers l&#039;Allemagne et l&#039;Europe \u25ba Demandez maintenant conseil \u00e0 des experts !\" \/>\n<meta name=\"robots\" content=\"index, follow, max-snippet:-1, max-image-preview:large, max-video-preview:-1\" \/>\n<link rel=\"canonical\" href=\"https:\/\/ag-frisch.com\/fr\/importation-dedouanement\/\" \/>\n<meta property=\"og:locale\" content=\"fr_FR\" \/>\n<meta property=\"og:type\" content=\"article\" \/>\n<meta property=\"og:title\" content=\"Importation de Chine | D\u00e9douanement de vos marchandises en provenance de Chine\" \/>\n<meta property=\"og:description\" content=\"Importation de Chine \u25ba y compris le d\u00e9douanement sans probl\u00e8me de vos marchandises de Chine vers l&#039;Allemagne et l&#039;Europe \u25ba Demandez maintenant conseil \u00e0 des experts !\" \/>\n<meta property=\"og:url\" content=\"https:\/\/ag-frisch.com\/fr\/importation-dedouanement\/\" \/>\n<meta property=\"og:site_name\" content=\"China Import Beratung f\u00fcr den Einkauf aus China\" \/>\n<meta property=\"article:publisher\" content=\"https:\/\/www.facebook.com\/China.Import\" \/>\n<meta property=\"article:modified_time\" content=\"2023-01-26T21:05:31+00:00\" \/>\n<meta name=\"twitter:card\" content=\"summary_large_image\" \/>\n<meta name=\"twitter:site\" content=\"@agenturfrisch\" \/>\n<meta name=\"twitter:label1\" content=\"Dur\u00e9e de lecture estim\u00e9e\" \/>\n\t<meta name=\"twitter:data1\" content=\"9 minutes\" \/>\n<script type=\"application\/ld+json\" class=\"yoast-schema-graph\">{\"@context\":\"https:\/\/schema.org\",\"@graph\":[{\"@type\":\"WebPage\",\"@id\":\"https:\/\/ag-frisch.com\/fr\/importation-dedouanement\/\",\"url\":\"https:\/\/ag-frisch.com\/fr\/importation-dedouanement\/\",\"name\":\"Importation de Chine | D\u00e9douanement de vos marchandises en provenance de Chine\",\"isPartOf\":{\"@id\":\"https:\/\/ag-frisch.com\/de\/#website\"},\"datePublished\":\"2021-09-12T20:04:48+00:00\",\"dateModified\":\"2023-01-26T21:05:31+00:00\",\"description\":\"Importation de Chine \u25ba y compris le d\u00e9douanement sans probl\u00e8me de vos marchandises de Chine vers l'Allemagne et l'Europe \u25ba Demandez maintenant conseil \u00e0 des experts !\",\"breadcrumb\":{\"@id\":\"https:\/\/ag-frisch.com\/fr\/importation-dedouanement\/#breadcrumb\"},\"inLanguage\":\"fr-FR\",\"potentialAction\":[{\"@type\":\"ReadAction\",\"target\":[\"https:\/\/ag-frisch.com\/fr\/importation-dedouanement\/\"]}]},{\"@type\":\"BreadcrumbList\",\"@id\":\"https:\/\/ag-frisch.com\/fr\/importation-dedouanement\/#breadcrumb\",\"itemListElement\":[{\"@type\":\"ListItem\",\"position\":1,\"name\":\"Startseite\",\"item\":\"https:\/\/ag-frisch.com\/de\/\"},{\"@type\":\"ListItem\",\"position\":2,\"name\":\"Importation &amp; d\u00e9douanement\"}]},{\"@type\":\"WebSite\",\"@id\":\"https:\/\/ag-frisch.com\/de\/#website\",\"url\":\"https:\/\/ag-frisch.com\/de\/\",\"name\":\"China Import Beratung f\u00fcr den Einkauf aus China\",\"description\":\"China Import &amp; Export Beratung - Der Dienstleister Ihres Vertrauens f\u00fcr Ihren China Import\",\"publisher\":{\"@id\":\"https:\/\/ag-frisch.com\/de\/#organization\"},\"potentialAction\":[{\"@type\":\"SearchAction\",\"target\":{\"@type\":\"EntryPoint\",\"urlTemplate\":\"https:\/\/ag-frisch.com\/de\/?s={search_term_string}\"},\"query-input\":{\"@type\":\"PropertyValueSpecification\",\"valueRequired\":true,\"valueName\":\"search_term_string\"}}],\"inLanguage\":\"fr-FR\"},{\"@type\":\"Organization\",\"@id\":\"https:\/\/ag-frisch.com\/de\/#organization\",\"name\":\"Agentur Frisch International Consulting GmbH & Co. KG\",\"url\":\"https:\/\/ag-frisch.com\/de\/\",\"logo\":{\"@type\":\"ImageObject\",\"inLanguage\":\"fr-FR\",\"@id\":\"https:\/\/ag-frisch.com\/de\/#\/schema\/logo\/image\/\",\"url\":\"https:\/\/ag-frisch.com\/wp-content\/uploads\/2021\/08\/ag_logo_rgb_300_small.png\",\"contentUrl\":\"https:\/\/ag-frisch.com\/wp-content\/uploads\/2021\/08\/ag_logo_rgb_300_small.png\",\"width\":153,\"height\":102,\"caption\":\"Agentur Frisch International Consulting GmbH & Co. KG\"},\"image\":{\"@id\":\"https:\/\/ag-frisch.com\/de\/#\/schema\/logo\/image\/\"},\"sameAs\":[\"https:\/\/www.facebook.com\/China.Import\",\"https:\/\/x.com\/agenturfrisch\"]}]}<\/script>\n<!-- \/ Yoast SEO plugin. -->","yoast_head_json":{"title":"Importation de Chine | D\u00e9douanement de vos marchandises en provenance de Chine","description":"Importation de Chine \u25ba y compris le d\u00e9douanement sans probl\u00e8me de vos marchandises de Chine vers l'Allemagne et l'Europe \u25ba Demandez maintenant conseil \u00e0 des experts !","robots":{"index":"index","follow":"follow","max-snippet":"max-snippet:-1","max-image-preview":"max-image-preview:large","max-video-preview":"max-video-preview:-1"},"canonical":"https:\/\/ag-frisch.com\/fr\/importation-dedouanement\/","og_locale":"fr_FR","og_type":"article","og_title":"Importation de Chine | D\u00e9douanement de vos marchandises en provenance de Chine","og_description":"Importation de Chine \u25ba y compris le d\u00e9douanement sans probl\u00e8me de vos marchandises de Chine vers l'Allemagne et l'Europe \u25ba Demandez maintenant conseil \u00e0 des experts !","og_url":"https:\/\/ag-frisch.com\/fr\/importation-dedouanement\/","og_site_name":"China Import Beratung f\u00fcr den Einkauf aus China","article_publisher":"https:\/\/www.facebook.com\/China.Import","article_modified_time":"2023-01-26T21:05:31+00:00","twitter_card":"summary_large_image","twitter_site":"@agenturfrisch","twitter_misc":{"Dur\u00e9e de lecture estim\u00e9e":"9 minutes"},"schema":{"@context":"https:\/\/schema.org","@graph":[{"@type":"WebPage","@id":"https:\/\/ag-frisch.com\/fr\/importation-dedouanement\/","url":"https:\/\/ag-frisch.com\/fr\/importation-dedouanement\/","name":"Importation de Chine | D\u00e9douanement de vos marchandises en provenance de Chine","isPartOf":{"@id":"https:\/\/ag-frisch.com\/de\/#website"},"datePublished":"2021-09-12T20:04:48+00:00","dateModified":"2023-01-26T21:05:31+00:00","description":"Importation de Chine \u25ba y compris le d\u00e9douanement sans probl\u00e8me de vos marchandises de Chine vers l'Allemagne et l'Europe \u25ba Demandez maintenant conseil \u00e0 des experts !","breadcrumb":{"@id":"https:\/\/ag-frisch.com\/fr\/importation-dedouanement\/#breadcrumb"},"inLanguage":"fr-FR","potentialAction":[{"@type":"ReadAction","target":["https:\/\/ag-frisch.com\/fr\/importation-dedouanement\/"]}]},{"@type":"BreadcrumbList","@id":"https:\/\/ag-frisch.com\/fr\/importation-dedouanement\/#breadcrumb","itemListElement":[{"@type":"ListItem","position":1,"name":"Startseite","item":"https:\/\/ag-frisch.com\/de\/"},{"@type":"ListItem","position":2,"name":"Importation &amp; d\u00e9douanement"}]},{"@type":"WebSite","@id":"https:\/\/ag-frisch.com\/de\/#website","url":"https:\/\/ag-frisch.com\/de\/","name":"China Import Beratung f\u00fcr den Einkauf aus China","description":"China Import &amp; Export Beratung - Der Dienstleister Ihres Vertrauens f\u00fcr Ihren China Import","publisher":{"@id":"https:\/\/ag-frisch.com\/de\/#organization"},"potentialAction":[{"@type":"SearchAction","target":{"@type":"EntryPoint","urlTemplate":"https:\/\/ag-frisch.com\/de\/?s={search_term_string}"},"query-input":{"@type":"PropertyValueSpecification","valueRequired":true,"valueName":"search_term_string"}}],"inLanguage":"fr-FR"},{"@type":"Organization","@id":"https:\/\/ag-frisch.com\/de\/#organization","name":"Agentur Frisch International Consulting GmbH & Co. KG","url":"https:\/\/ag-frisch.com\/de\/","logo":{"@type":"ImageObject","inLanguage":"fr-FR","@id":"https:\/\/ag-frisch.com\/de\/#\/schema\/logo\/image\/","url":"https:\/\/ag-frisch.com\/wp-content\/uploads\/2021\/08\/ag_logo_rgb_300_small.png","contentUrl":"https:\/\/ag-frisch.com\/wp-content\/uploads\/2021\/08\/ag_logo_rgb_300_small.png","width":153,"height":102,"caption":"Agentur Frisch International Consulting GmbH & Co. KG"},"image":{"@id":"https:\/\/ag-frisch.com\/de\/#\/schema\/logo\/image\/"},"sameAs":["https:\/\/www.facebook.com\/China.Import","https:\/\/x.com\/agenturfrisch"]}]}},"_links":{"self":[{"href":"https:\/\/ag-frisch.com\/fr\/wp-json\/wp\/v2\/pages\/9126","targetHints":{"allow":["GET"]}}],"collection":[{"href":"https:\/\/ag-frisch.com\/fr\/wp-json\/wp\/v2\/pages"}],"about":[{"href":"https:\/\/ag-frisch.com\/fr\/wp-json\/wp\/v2\/types\/page"}],"author":[{"embeddable":true,"href":"https:\/\/ag-frisch.com\/fr\/wp-json\/wp\/v2\/users\/2"}],"replies":[{"embeddable":true,"href":"https:\/\/ag-frisch.com\/fr\/wp-json\/wp\/v2\/comments?post=9126"}],"version-history":[{"count":0,"href":"https:\/\/ag-frisch.com\/fr\/wp-json\/wp\/v2\/pages\/9126\/revisions"}],"wp:attachment":[{"href":"https:\/\/ag-frisch.com\/fr\/wp-json\/wp\/v2\/media?parent=9126"}],"curies":[{"name":"wp","href":"https:\/\/api.w.org\/{rel}","templated":true}]}}