{"id":9416,"date":"2021-09-21T22:43:40","date_gmt":"2021-09-21T20:43:40","guid":{"rendered":"https:\/\/ag-frisch.com\/surveillance-de-la-production\/"},"modified":"2023-01-26T22:23:53","modified_gmt":"2023-01-26T21:23:53","slug":"surveillance-de-la-production","status":"publish","type":"page","link":"https:\/\/ag-frisch.com\/fr\/surveillance-de-la-production\/","title":{"rendered":"Surveillance de la production"},"content":{"rendered":"<p>[et_pb_section fb_built=&#8221;1&#8243; _builder_version=&#8221;4.16&#8243; global_colors_info=&#8221;{}&#8221;][et_pb_row _builder_version=&#8221;4.16&#8243; background_size=&#8221;initial&#8221; background_position=&#8221;top_left&#8221; background_repeat=&#8221;repeat&#8221; global_colors_info=&#8221;{}&#8221;][et_pb_column type=&#8221;4_4&#8243; _builder_version=&#8221;4.16&#8243; custom_padding=&#8221;|||&#8221; global_colors_info=&#8221;{}&#8221; custom_padding__hover=&#8221;|||&#8221;][et_pb_cta title=&#8221;Surveillance de la production en Chine&#8221; button_url=&#8221;https:\/\/ag-frisch.com\/fr\/contact\/&#8221; button_text=&#8221;R\u00e9server maintenant le suivi de production&#8221; _builder_version=&#8221;4.16&#8243; _module_preset=&#8221;default&#8221; global_colors_info=&#8221;{}&#8221;]<\/p>\n<p>Etablissez votre propre surveillance de la production en Chine afin d&#8217;\u00e9viter les erreurs grossi\u00e8res de production.  <\/p>\n<p>[\/et_pb_cta][et_pb_text _builder_version=&#8221;4.16&#8243; background_size=&#8221;initial&#8221; background_position=&#8221;top_left&#8221; background_repeat=&#8221;repeat&#8221; global_colors_info=&#8221;{}&#8221;]<\/p>\n<h1><strong>Suivi de la production de votre commande<\/strong><\/h1>\n<h2><strong>Surveillance et contr\u00f4le de la production en Chine<\/strong><\/h2>\n<p>Si des erreurs se produisent en s\u00e9rie, il n&#8217;est pas rare qu&#8217;elles soient dues \u00e0 un manque de surveillance de la production. Il est important d&#8217;effectuer des contr\u00f4les particuli\u00e8rement intensifs \u00e0 cette \u00e9tape de votre activit\u00e9 d&#8217;importation afin d&#8217;\u00e9viter tout dommage. L&#8217;agence Frisch se charge \u00e9galement volontiers de cette prestation pour vous. Nous employons des contr\u00f4leurs v\u00e9rifi\u00e9s, qui nous sont loyaux et dont nous pouvons faire confiance pour surveiller la production en Chine. Selon les exigences et les produits, il peut s&#8217;agir d&#8217;experts certifi\u00e9s que nous faisons venir d&#8217;Allemagne ou d&#8217;assistants locaux exp\u00e9riment\u00e9s. Pour les commandes particuli\u00e8rement importantes, nous nous assurons nous-m\u00eames sur place du bon d\u00e9roulement de la production.<\/p>\n<p>Une surveillance pr\u00e9coce et sans faille des processus de production en Chine peut par exemple vous pr\u00e9server des d\u00e9fauts suivants :<\/p>\n<ul>\n<li>Livraisons erron\u00e9es<\/li>\n<li>D\u00e9fauts de qualit\u00e9<\/li>\n<li>d\u00e9tails oubli\u00e9s\/incorrects<\/li>\n<\/ul>\n<p>&nbsp;<\/p>\n<h3><strong>&#8220;Faire confiance, c&#8217;est bien, contr\u00f4ler, c&#8217;est mieux&#8221;<\/strong><\/h3>\n<p>Fid\u00e8les \u00e0 la devise &#8220;Faire confiance, c&#8217;est bien, contr\u00f4ler, c&#8217;est mieux&#8221;, nous veillons \u00e0 ce que votre commande soit \u00e9troitement surveill\u00e9e pendant la production. Ainsi, les erreurs peuvent \u00eatre d\u00e9tect\u00e9es et corrig\u00e9es le plus rapidement possible, les gros dommages cons\u00e9cutifs sont exclus. Il s&#8217;est av\u00e9r\u00e9 qu&#8217;un contr\u00f4le externe de la production en Chine est souvent utile. C&#8217;est pourquoi nous faisons appel \u00e0 nos propres contr\u00f4leurs pour cela.<\/p>\n<p>&nbsp;<\/p>\n<h4><strong>Propres contr\u00f4leurs pour le contr\u00f4le de la production en Chine<\/strong><\/h4>\n<p>Afin d&#8217;obtenir des r\u00e9sultats ind\u00e9pendants et donc de pouvoir effectuer un suivi encore plus fiable des processus de production en Chine, nous travaillons avec nos propres contr\u00f4leurs. Il s&#8217;agit de sp\u00e9cialistes mandat\u00e9s par nos soins et qui nous sont exclusivement redevables. Ceux-ci travaillent g\u00e9n\u00e9ralement dans trois classes d&#8217;experts :<\/p>\n<ul>\n<li><strong>Assistant  <\/strong><\/li>\n<\/ul>\n<p>Il s&#8217;agit de collaborateurs avec lesquels nous travaillons en g\u00e9n\u00e9ral depuis des ann\u00e9es. La plupart du temps, ils n&#8217;ont pas fait d&#8217;\u00e9tudes d&#8217;ing\u00e9nieur, mais ils ont une grande exp\u00e9rience professionnelle. Ce sont des contr\u00f4leurs id\u00e9aux pour les missions simples.<\/p>\n<p>&nbsp;<\/p>\n<ul>\n<li><strong>Expert junior<\/strong><\/li>\n<\/ul>\n<p>Nos experts juniors sont des ing\u00e9nieurs dipl\u00f4m\u00e9s ayant jusqu&#8217;\u00e0 trois ans d&#8217;exp\u00e9rience professionnelle sp\u00e9cifique. Les contr\u00f4leurs de ce niveau d&#8217;expertise sont bien adapt\u00e9s \u00e0 la surveillance de productions de difficult\u00e9 moyenne.<\/p>\n<p>&nbsp;<\/p>\n<ul>\n<li><strong>Expert senior<\/strong><\/li>\n<\/ul>\n<p>Les personnes que nous engageons en tant qu&#8217;experts seniors disposent d&#8217;un dipl\u00f4me d&#8217;ing\u00e9nieur et d&#8217;une longue exp\u00e9rience professionnelle dans un domaine professionnel pertinent. Ces experts chevronn\u00e9s peuvent \u00e9galement superviser des proc\u00e9dures complexes et effectuer des contr\u00f4les difficiles.<\/p>\n<p>&nbsp;<\/p>\n<p><strong>Surveillance totale ou partielle de la production en Chine<\/strong><\/p>\n<p>Selon la commande, il est \u00e9galement possible que l&#8217;ensemble du processus de production en Chine ne soit pas \u00e9troitement surveill\u00e9, mais qu&#8217;un contr\u00f4le des \u00e9tapes partielles critiques suffise. Il est ainsi possible de r\u00e9aliser des \u00e9conomies de mani\u00e8re judicieuse. Gr\u00e2ce \u00e0 notre exp\u00e9rience et \u00e0 notre expertise, nous vous conseillons volontiers sur ce point \u00e9galement et \u00e9tablissons un concept d&#8217;inspection.<\/p>\n<p>&nbsp;<\/p>\n<p><strong>inspekt4u &#8211; l&#8217;entreprise d&#8217;inspection interne<\/strong><\/p>\n<p>Avec inspekt4u, nous avons cr\u00e9\u00e9 une filiale qui s&#8217;occupe enti\u00e8rement de l&#8217;assurance qualit\u00e9 de vos commandes. Nous op\u00e9rons principalement en Chine, mais aussi en Inde, au Vietnam, \u00e0 Ta\u00efwan et en Cor\u00e9e. Inspekt4u n&#8217;emploie que des collaborateurs fiables. Par l&#8217;interm\u00e9diaire de l&#8217;agence Frisch, l&#8217;entreprise vous propose entre autres les services suivants :<\/p>\n<ul>\n<li>Visite d&#8217;audit avant la production en Chine, le cas \u00e9ch\u00e9ant avec audit social (certificat inclus)<\/li>\n<li>Contr\u00f4le DPI pendant la production en Chine<\/li>\n<li>DSS \u00c9limination des marchandises d\u00e9fectueuses en Chine<\/li>\n<li>PSI Inspection des marchandises avant l&#8217;embarquement des marchandises<\/li>\n<\/ul>\n<p>Gr\u00e2ce \u00e0 sa propre entreprise, l&#8217;agence Frisch peut assurer un d\u00e9roulement optimal et fiable de la surveillance de vos processus de production en Chine.<\/p>\n<p>&nbsp;<\/p>\n<p><strong>Inspections vid\u00e9o &#8211; des contr\u00f4les comme sur place<\/strong><\/p>\n<p>Sur demande, nous effectuons \u00e9galement des inspections vid\u00e9o. Dans ce cas, vous pouvez suivre l&#8217;inspecteur en direct par vid\u00e9o pendant l&#8217;inspection. Il est ainsi possible de proc\u00e9der \u00e0 des ajustements directs et de poser des questions pendant l&#8217;inspection en cours &#8211; comme si vous \u00e9tiez directement pr\u00e9sent lors du contr\u00f4le de la production en Chine.<\/p>\n<p>&nbsp;<br \/>\n[\/et_pb_text][\/et_pb_column][\/et_pb_row][et_pb_row _builder_version=&#8221;4.16&#8243; _module_preset=&#8221;default&#8221; global_colors_info=&#8221;{}&#8221;][et_pb_column type=&#8221;4_4&#8243; _builder_version=&#8221;4.16&#8243; _module_preset=&#8221;default&#8221; global_colors_info=&#8221;{}&#8221;][\/et_pb_column][\/et_pb_row][\/et_pb_section][et_pb_section fb_built=&#8221;1&#8243; admin_label=&#8221;Testimonials&#8221; _builder_version=&#8221;4.16&#8243; use_background_color_gradient=&#8221;on&#8221; background_color_gradient_stops=&#8221;rgba(0,106,156,0.85) 0%|rgba(0,106,156,0.85) 100%&#8221; background_color_gradient_start=&#8221;rgba(0,106,156,0.85)&#8221; background_color_gradient_end=&#8221;rgba(0,106,156,0.85)&#8221; custom_padding=&#8221;90px||60px|&#8221; animation_style=&#8221;fold&#8221; animation_direction=&#8221;bottom&#8221; animation_intensity_fold=&#8221;4%&#8221; global_colors_info=&#8221;{}&#8221;][et_pb_row _builder_version=&#8221;4.16&#8243; background_size=&#8221;initial&#8221; background_position=&#8221;top_left&#8221; background_repeat=&#8221;repeat&#8221; custom_width_px=&#8221;710px&#8221; locked=&#8221;off&#8221; global_colors_info=&#8221;{}&#8221;][et_pb_column type=&#8221;4_4&#8243; _builder_version=&#8221;4.16&#8243; background_position=&#8221;top_left&#8221; custom_padding=&#8221;|||&#8221; global_colors_info=&#8221;{}&#8221; custom_padding__hover=&#8221;|||&#8221;][et_pb_text admin_label=&#8221;Testimonials Section Title&#8221; _builder_version=&#8221;4.16&#8243; header_font=&#8221;Montserrat||||&#8221; header_font_size=&#8221;36px&#8221; background_size=&#8221;initial&#8221; background_position=&#8221;top_left&#8221; background_repeat=&#8221;repeat&#8221; text_orientation=&#8221;center&#8221; background_layout=&#8221;dark&#8221; max_width=&#8221;710px&#8221; module_alignment=&#8221;center&#8221; animation_style=&#8221;fold&#8221; animation_direction=&#8221;bottom&#8221; animation_intensity_fold=&#8221;20%&#8221; global_colors_info=&#8221;{}&#8221;]<\/p>\n<h1>Plus de 5000 clients satisfaits.<\/h1>\n<p>&nbsp;<\/p>\n<p>[\/et_pb_text][et_pb_divider color=&#8221;#ffffff&#8221; divider_weight=&#8221;3px&#8221; disabled_on=&#8221;off|off|off&#8221; _builder_version=&#8221;4.16&#8243; background_color_gradient_direction=&#8221;90deg&#8221; max_width=&#8221;100px&#8221; module_alignment=&#8221;center&#8221; height=&#8221;5px&#8221; custom_margin=&#8221;||20px|&#8221; custom_padding=&#8221;||20px|&#8221; animation_style=&#8221;slide&#8221; animation_direction=&#8221;bottom&#8221; saved_tabs=&#8221;all&#8221; locked=&#8221;off&#8221; global_colors_info=&#8221;{}&#8221;][\/et_pb_divider][\/et_pb_column][\/et_pb_row][et_pb_row column_structure=&#8221;1_2,1_2&#8243; _builder_version=&#8221;4.18.1&#8243; _module_preset=&#8221;default&#8221; global_colors_info=&#8221;{}&#8221;][et_pb_column type=&#8221;1_2&#8243; _builder_version=&#8221;4.18.1&#8243; _module_preset=&#8221;default&#8221; global_colors_info=&#8221;{}&#8221;][et_pb_testimonial author=&#8221;Marco&#8221; portrait_url=&#8221;https:\/\/ag-frisch.com\/wp-content\/uploads\/2021\/08\/Harald.png&#8221; quote_icon=&#8221;off&#8221; _builder_version=&#8221;4.18.1&#8243; _module_preset=&#8221;default&#8221; body_font_size=&#8221;16px&#8221; use_background_color=&#8221;off&#8221; background_layout=&#8221;dark&#8221; global_colors_info=&#8221;{}&#8221;]J&#8217;ai demand\u00e9 \u00e0 l&#8217;agence Frisch de faire produire un meuble de grande taille en Chine et de le transf\u00e9rer ensuite en Allemagne. La communication par e-mail a \u00e9t\u00e9 fluide tout au long du processus ! Des r\u00e9ponses tr\u00e8s rapides et fiables m&#8217;ont apport\u00e9 en permanence les garanties indispensables \u00e0 une telle entreprise. J&#8217;ai toujours \u00e9t\u00e9 aid\u00e9 dans la jungle bureaucratique et aucun formulaire n&#8217;a \u00e9t\u00e9 oubli\u00e9 ou mal rempli. Tr\u00e8s louable !<a href=\"&lt;div%20class=%22pe-richsnippets%22&gt;&nbsp;&lt;\/div&gt;%20&lt;script%20type=%22text\/javascript%22%20src=%22https:\/\/www.provenexpert.com\/widget\/richsnippet.js?u=1NUA0VwZ4RUZ5tmAi5zA4RaplNKAlWwZ&amp;v=2%22%20async&gt;&lt;\/script&gt;%20&lt;div%20style=%22text-align:%20justify;%22&gt;&lt;br%20\/&gt;\"><\/a><\/p>\n<div class=\"brow ratingBarMargin\">\n<div class=\"ratingBar\">\n<div class=\"brow\">\n<div class=\"pe-richsnippets\">&nbsp;<\/div>\n<p><script type=\"text\/javascript\" src=\"https:\/\/www.provenexpert.com\/widget\/richsnippet.js?u=1NUA0VwZ4RUZ5tmAi5zA4RaplNKAlWwZ&amp;v=2\" async=\"\"><\/script><\/p>\n<div style=\"text-align: justify;\"><\/p>\n<div class=\"col-lg-9 col-md-8 col-xs-10 mt20 mb20\">\n<div class=\"col-xs-12 surveyNameForRating\"><\/div>\n<\/div>\n<\/div>\n<\/div>\n<\/div>\n<\/div>\n<p>[\/et_pb_testimonial][\/et_pb_column][et_pb_column type=&#8221;1_2&#8243; _builder_version=&#8221;4.18.1&#8243; _module_preset=&#8221;default&#8221; global_colors_info=&#8221;{}&#8221;][et_pb_testimonial author=&#8221;Simone L.&#8221; portrait_url=&#8221;https:\/\/ag-frisch.com\/wp-content\/uploads\/2021\/08\/Harald.png&#8221; quote_icon=&#8221;off&#8221; _builder_version=&#8221;4.18.1&#8243; _module_preset=&#8221;default&#8221; body_font_size=&#8221;16px&#8221; use_background_color=&#8221;off&#8221; background_layout=&#8221;dark&#8221; global_colors_info=&#8221;{}&#8221;]<\/p>\n<p>Tout est au top. On ne peut pas faire mieux. On ne peut pas faire mieux en mati\u00e8re de conseil et de r\u00e9alisation. Apr\u00e8s avoir pass\u00e9 plusieurs commandes aupr\u00e8s de cette entreprise, nous sommes plus que satisfaits et poursuivons notre collaboration.<\/p>\n<div class=\"brow ratingBarMargin\">\n<div class=\"ratingBar\">\n<div class=\"brow\">\n<div class=\"pe-richsnippets\"> <\/div>\n<p>\n<script type=\"text\/javascript\" src=\"https:\/\/www.provenexpert.com\/widget\/richsnippet.js?u=1NUA0VwZ4RUZ5tmAi5zA4RaplNKAlWwZ&amp;v=2\" async=\"\"><\/script>\n<\/p>\n<div style=\"text-align: justify;\">\n<p>&nbsp;<\/p>\n<div class=\"col-lg-9 col-md-8 col-xs-10 mt20 mb20\">\n<div class=\"col-xs-12 surveyNameForRating\"><\/div>\n<\/div>\n<\/div>\n<\/div>\n<\/div>\n<\/div>\n<p>[\/et_pb_testimonial][\/et_pb_column][\/et_pb_row][et_pb_row _builder_version=&#8221;4.16&#8243; background_size=&#8221;initial&#8221; background_position=&#8221;top_left&#8221; background_repeat=&#8221;repeat&#8221; custom_padding=&#8221;50px|0px|30px|0px&#8221; custom_css_main_element=&#8221;text-align: center;&#8221; global_colors_info=&#8221;{}&#8221;][et_pb_column type=&#8221;4_4&#8243; _builder_version=&#8221;4.16&#8243; custom_padding=&#8221;|||&#8221; global_colors_info=&#8221;{}&#8221; custom_padding__hover=&#8221;|||&#8221;][et_pb_button button_url=&#8221;https:\/\/www.provenexpert.com\/de-de\/agentur-frisch-international-consulting-gmbh-und-co-kg\/&#8221; button_text=&#8221;PLUS D&#039;AVIS&#8221; button_alignment=&#8221;left&#8221; admin_label=&#8221;Testimonial Button&#8221; _builder_version=&#8221;4.16&#8243; custom_button=&#8221;on&#8221; button_text_size=&#8221;18px&#8221; button_text_color=&#8221;#ffffff&#8221; button_bg_color=&#8221;#6eba01&#8243; button_border_width=&#8221;2px&#8221; button_border_color=&#8221;#6eba01&#8243; button_border_radius=&#8221;0px&#8221; button_letter_spacing=&#8221;2px&#8221; button_font=&#8221;Montserrat|||on|&#8221; button_use_icon=&#8221;off&#8221; animation_style=&#8221;fold&#8221; animation_direction=&#8221;bottom&#8221; button_text_color_hover=&#8221;#ffffff&#8221; button_border_color_hover=&#8221;#ffffff&#8221; button_border_radius_hover=&#8221;0px&#8221; button_letter_spacing_hover=&#8221;2px&#8221; button_bg_color_hover=&#8221;rgba(255,255,255,0)&#8221; locked=&#8221;off&#8221; global_colors_info=&#8221;{}&#8221; button_text_size__hover_enabled=&#8221;off&#8221; button_one_text_size__hover_enabled=&#8221;off&#8221; button_two_text_size__hover_enabled=&#8221;off&#8221; button_text_color__hover_enabled=&#8221;on&#8221; button_text_color__hover=&#8221;#ffffff&#8221; button_one_text_color__hover_enabled=&#8221;off&#8221; button_two_text_color__hover_enabled=&#8221;off&#8221; button_border_width__hover_enabled=&#8221;off&#8221; button_one_border_width__hover_enabled=&#8221;off&#8221; button_two_border_width__hover_enabled=&#8221;off&#8221; button_border_color__hover_enabled=&#8221;on&#8221; button_border_color__hover=&#8221;#ffffff&#8221; button_one_border_color__hover_enabled=&#8221;off&#8221; button_two_border_color__hover_enabled=&#8221;off&#8221; button_border_radius__hover_enabled=&#8221;on&#8221; button_border_radius__hover=&#8221;0px&#8221; button_one_border_radius__hover_enabled=&#8221;off&#8221; button_two_border_radius__hover_enabled=&#8221;off&#8221; button_letter_spacing__hover_enabled=&#8221;on&#8221; button_letter_spacing__hover=&#8221;2px&#8221; button_one_letter_spacing__hover_enabled=&#8221;off&#8221; button_two_letter_spacing__hover_enabled=&#8221;off&#8221; button_bg_color__hover_enabled=&#8221;on&#8221; button_bg_color__hover=&#8221;rgba(255,255,255,0)&#8221; button_one_bg_color__hover_enabled=&#8221;off&#8221; button_two_bg_color__hover_enabled=&#8221;off&#8221;][\/et_pb_button][\/et_pb_column][\/et_pb_row][\/et_pb_section]<\/p>\n","protected":false},"excerpt":{"rendered":"<p>Etablissez votre propre surveillance de la production en Chine afin d&#8217;\u00e9viter les erreurs grossi\u00e8res de production. Suivi de la production de votre commande Surveillance et contr\u00f4le de la production en Chine Si des erreurs se produisent en s\u00e9rie, il n&#8217;est pas rare qu&#8217;elles soient dues \u00e0 un manque de surveillance de la production. Il est [&hellip;]<\/p>\n","protected":false},"author":2,"featured_media":0,"parent":0,"menu_order":0,"comment_status":"closed","ping_status":"closed","template":"","meta":{"_et_pb_use_builder":"on","_et_pb_old_content":"","_et_gb_content_width":"","footnotes":""},"class_list":["post-9416","page","type-page","status-publish","hentry"],"yoast_head":"<!-- This site is optimized with the Yoast SEO plugin v27.2 - https:\/\/yoast.com\/product\/yoast-seo-wordpress\/ -->\n<title>Surveillance de la production en Chine<\/title>\n<meta name=\"description\" content=\"Surveillance de la production en Chine \u25bb Aper\u00e7u de la production \u2713 Surveillance des \u00e9tapes de production \u2713 \u25bb Demandez maintenant conseil \u00e0 des experts !\" \/>\n<meta name=\"robots\" content=\"index, follow, max-snippet:-1, max-image-preview:large, max-video-preview:-1\" \/>\n<link rel=\"canonical\" href=\"https:\/\/ag-frisch.com\/fr\/surveillance-de-la-production\/\" \/>\n<meta property=\"og:locale\" content=\"fr_FR\" \/>\n<meta property=\"og:type\" content=\"article\" \/>\n<meta property=\"og:title\" content=\"Surveillance de la production en Chine\" \/>\n<meta property=\"og:description\" content=\"Surveillance de la production en Chine \u25bb Aper\u00e7u de la production \u2713 Surveillance des \u00e9tapes de production \u2713 \u25bb Demandez maintenant conseil \u00e0 des experts !\" \/>\n<meta property=\"og:url\" content=\"https:\/\/ag-frisch.com\/fr\/surveillance-de-la-production\/\" \/>\n<meta property=\"og:site_name\" content=\"China Import Beratung f\u00fcr den Einkauf aus China\" \/>\n<meta property=\"article:publisher\" content=\"https:\/\/www.facebook.com\/China.Import\" \/>\n<meta property=\"article:modified_time\" content=\"2023-01-26T21:23:53+00:00\" \/>\n<meta name=\"twitter:card\" content=\"summary_large_image\" \/>\n<meta name=\"twitter:site\" content=\"@agenturfrisch\" \/>\n<meta name=\"twitter:label1\" content=\"Dur\u00e9e de lecture estim\u00e9e\" \/>\n\t<meta name=\"twitter:data1\" content=\"8 minutes\" \/>\n<script type=\"application\/ld+json\" class=\"yoast-schema-graph\">{\"@context\":\"https:\/\/schema.org\",\"@graph\":[{\"@type\":\"WebPage\",\"@id\":\"https:\/\/ag-frisch.com\/fr\/surveillance-de-la-production\/\",\"url\":\"https:\/\/ag-frisch.com\/fr\/surveillance-de-la-production\/\",\"name\":\"Surveillance de la production en Chine\",\"isPartOf\":{\"@id\":\"https:\/\/ag-frisch.com\/de\/#website\"},\"datePublished\":\"2021-09-21T20:43:40+00:00\",\"dateModified\":\"2023-01-26T21:23:53+00:00\",\"description\":\"Surveillance de la production en Chine \u25bb Aper\u00e7u de la production \u2713 Surveillance des \u00e9tapes de production \u2713 \u25bb Demandez maintenant conseil \u00e0 des experts !\",\"breadcrumb\":{\"@id\":\"https:\/\/ag-frisch.com\/fr\/surveillance-de-la-production\/#breadcrumb\"},\"inLanguage\":\"fr-FR\",\"potentialAction\":[{\"@type\":\"ReadAction\",\"target\":[\"https:\/\/ag-frisch.com\/fr\/surveillance-de-la-production\/\"]}]},{\"@type\":\"BreadcrumbList\",\"@id\":\"https:\/\/ag-frisch.com\/fr\/surveillance-de-la-production\/#breadcrumb\",\"itemListElement\":[{\"@type\":\"ListItem\",\"position\":1,\"name\":\"Startseite\",\"item\":\"https:\/\/ag-frisch.com\/de\/\"},{\"@type\":\"ListItem\",\"position\":2,\"name\":\"Surveillance de la production\"}]},{\"@type\":\"WebSite\",\"@id\":\"https:\/\/ag-frisch.com\/de\/#website\",\"url\":\"https:\/\/ag-frisch.com\/de\/\",\"name\":\"China Import Beratung f\u00fcr den Einkauf aus China\",\"description\":\"China Import &amp; Export Beratung - Der Dienstleister Ihres Vertrauens f\u00fcr Ihren China Import\",\"publisher\":{\"@id\":\"https:\/\/ag-frisch.com\/de\/#organization\"},\"potentialAction\":[{\"@type\":\"SearchAction\",\"target\":{\"@type\":\"EntryPoint\",\"urlTemplate\":\"https:\/\/ag-frisch.com\/de\/?s={search_term_string}\"},\"query-input\":{\"@type\":\"PropertyValueSpecification\",\"valueRequired\":true,\"valueName\":\"search_term_string\"}}],\"inLanguage\":\"fr-FR\"},{\"@type\":\"Organization\",\"@id\":\"https:\/\/ag-frisch.com\/de\/#organization\",\"name\":\"Agentur Frisch International Consulting GmbH & Co. KG\",\"url\":\"https:\/\/ag-frisch.com\/de\/\",\"logo\":{\"@type\":\"ImageObject\",\"inLanguage\":\"fr-FR\",\"@id\":\"https:\/\/ag-frisch.com\/de\/#\/schema\/logo\/image\/\",\"url\":\"https:\/\/ag-frisch.com\/wp-content\/uploads\/2021\/08\/ag_logo_rgb_300_small.png\",\"contentUrl\":\"https:\/\/ag-frisch.com\/wp-content\/uploads\/2021\/08\/ag_logo_rgb_300_small.png\",\"width\":153,\"height\":102,\"caption\":\"Agentur Frisch International Consulting GmbH & Co. KG\"},\"image\":{\"@id\":\"https:\/\/ag-frisch.com\/de\/#\/schema\/logo\/image\/\"},\"sameAs\":[\"https:\/\/www.facebook.com\/China.Import\",\"https:\/\/x.com\/agenturfrisch\"]}]}<\/script>\n<!-- \/ Yoast SEO plugin. -->","yoast_head_json":{"title":"Surveillance de la production en Chine","description":"Surveillance de la production en Chine \u25bb Aper\u00e7u de la production \u2713 Surveillance des \u00e9tapes de production \u2713 \u25bb Demandez maintenant conseil \u00e0 des experts !","robots":{"index":"index","follow":"follow","max-snippet":"max-snippet:-1","max-image-preview":"max-image-preview:large","max-video-preview":"max-video-preview:-1"},"canonical":"https:\/\/ag-frisch.com\/fr\/surveillance-de-la-production\/","og_locale":"fr_FR","og_type":"article","og_title":"Surveillance de la production en Chine","og_description":"Surveillance de la production en Chine \u25bb Aper\u00e7u de la production \u2713 Surveillance des \u00e9tapes de production \u2713 \u25bb Demandez maintenant conseil \u00e0 des experts !","og_url":"https:\/\/ag-frisch.com\/fr\/surveillance-de-la-production\/","og_site_name":"China Import Beratung f\u00fcr den Einkauf aus China","article_publisher":"https:\/\/www.facebook.com\/China.Import","article_modified_time":"2023-01-26T21:23:53+00:00","twitter_card":"summary_large_image","twitter_site":"@agenturfrisch","twitter_misc":{"Dur\u00e9e de lecture estim\u00e9e":"8 minutes"},"schema":{"@context":"https:\/\/schema.org","@graph":[{"@type":"WebPage","@id":"https:\/\/ag-frisch.com\/fr\/surveillance-de-la-production\/","url":"https:\/\/ag-frisch.com\/fr\/surveillance-de-la-production\/","name":"Surveillance de la production en Chine","isPartOf":{"@id":"https:\/\/ag-frisch.com\/de\/#website"},"datePublished":"2021-09-21T20:43:40+00:00","dateModified":"2023-01-26T21:23:53+00:00","description":"Surveillance de la production en Chine \u25bb Aper\u00e7u de la production \u2713 Surveillance des \u00e9tapes de production \u2713 \u25bb Demandez maintenant conseil \u00e0 des experts !","breadcrumb":{"@id":"https:\/\/ag-frisch.com\/fr\/surveillance-de-la-production\/#breadcrumb"},"inLanguage":"fr-FR","potentialAction":[{"@type":"ReadAction","target":["https:\/\/ag-frisch.com\/fr\/surveillance-de-la-production\/"]}]},{"@type":"BreadcrumbList","@id":"https:\/\/ag-frisch.com\/fr\/surveillance-de-la-production\/#breadcrumb","itemListElement":[{"@type":"ListItem","position":1,"name":"Startseite","item":"https:\/\/ag-frisch.com\/de\/"},{"@type":"ListItem","position":2,"name":"Surveillance de la production"}]},{"@type":"WebSite","@id":"https:\/\/ag-frisch.com\/de\/#website","url":"https:\/\/ag-frisch.com\/de\/","name":"China Import Beratung f\u00fcr den Einkauf aus China","description":"China Import &amp; Export Beratung - Der Dienstleister Ihres Vertrauens f\u00fcr Ihren China Import","publisher":{"@id":"https:\/\/ag-frisch.com\/de\/#organization"},"potentialAction":[{"@type":"SearchAction","target":{"@type":"EntryPoint","urlTemplate":"https:\/\/ag-frisch.com\/de\/?s={search_term_string}"},"query-input":{"@type":"PropertyValueSpecification","valueRequired":true,"valueName":"search_term_string"}}],"inLanguage":"fr-FR"},{"@type":"Organization","@id":"https:\/\/ag-frisch.com\/de\/#organization","name":"Agentur Frisch International Consulting GmbH & Co. KG","url":"https:\/\/ag-frisch.com\/de\/","logo":{"@type":"ImageObject","inLanguage":"fr-FR","@id":"https:\/\/ag-frisch.com\/de\/#\/schema\/logo\/image\/","url":"https:\/\/ag-frisch.com\/wp-content\/uploads\/2021\/08\/ag_logo_rgb_300_small.png","contentUrl":"https:\/\/ag-frisch.com\/wp-content\/uploads\/2021\/08\/ag_logo_rgb_300_small.png","width":153,"height":102,"caption":"Agentur Frisch International Consulting GmbH & Co. KG"},"image":{"@id":"https:\/\/ag-frisch.com\/de\/#\/schema\/logo\/image\/"},"sameAs":["https:\/\/www.facebook.com\/China.Import","https:\/\/x.com\/agenturfrisch"]}]}},"_links":{"self":[{"href":"https:\/\/ag-frisch.com\/fr\/wp-json\/wp\/v2\/pages\/9416","targetHints":{"allow":["GET"]}}],"collection":[{"href":"https:\/\/ag-frisch.com\/fr\/wp-json\/wp\/v2\/pages"}],"about":[{"href":"https:\/\/ag-frisch.com\/fr\/wp-json\/wp\/v2\/types\/page"}],"author":[{"embeddable":true,"href":"https:\/\/ag-frisch.com\/fr\/wp-json\/wp\/v2\/users\/2"}],"replies":[{"embeddable":true,"href":"https:\/\/ag-frisch.com\/fr\/wp-json\/wp\/v2\/comments?post=9416"}],"version-history":[{"count":0,"href":"https:\/\/ag-frisch.com\/fr\/wp-json\/wp\/v2\/pages\/9416\/revisions"}],"wp:attachment":[{"href":"https:\/\/ag-frisch.com\/fr\/wp-json\/wp\/v2\/media?parent=9416"}],"curies":[{"name":"wp","href":"https:\/\/api.w.org\/{rel}","templated":true}]}}