{"id":9575,"date":"2021-09-21T23:01:32","date_gmt":"2021-09-21T21:01:32","guid":{"rendered":"https:\/\/ag-frisch.com\/reunion-du-reseau-dacheteurs\/"},"modified":"2023-01-26T22:50:56","modified_gmt":"2023-01-26T21:50:56","slug":"reunion-du-reseau-dacheteurs","status":"publish","type":"page","link":"https:\/\/ag-frisch.com\/fr\/sites-dinformation\/reunion-du-reseau-dacheteurs\/","title":{"rendered":"R\u00e9union du r\u00e9seau d&#8217;acheteurs"},"content":{"rendered":"<p>[et_pb_section fb_built=&#8221;1&#8243; _builder_version=&#8221;4.16&#8243; _module_preset=&#8221;default&#8221; global_colors_info=&#8221;{}&#8221;][et_pb_row _builder_version=&#8221;4.16&#8243; _module_preset=&#8221;default&#8221; global_colors_info=&#8221;{}&#8221;][et_pb_column type=&#8221;4_4&#8243; _builder_version=&#8221;4.16&#8243; _module_preset=&#8221;default&#8221; global_colors_info=&#8221;{}&#8221;][et_pb_text _builder_version=&#8221;4.18.1&#8243; _module_preset=&#8221;default&#8221; hover_enabled=&#8221;0&#8243; global_colors_info=&#8221;{}&#8221; sticky_enabled=&#8221;0&#8243;]<\/p>\n<h1>R\u00e9union du r\u00e9seau d&#8217;acheteurs chinois pour les importateurs<\/h1>\n<h2>R\u00e9union de r\u00e9seau pour les acheteurs (li\u00e9s \u00e0 l&#8217;Asie)<\/h2>\n<div class=\"content_floattext\">\n<div>\n<p><span><strong>En raison de la pand\u00e9mie de Corona, les r\u00e9unions sont actuellement en pause.  <\/strong><\/span><\/p>\n<p>R\u00e9seau de rencontres pour les entrepreneurs, les acheteurs et les personnes int\u00e9ress\u00e9es par l&#8217;Asie (en particulier la Chine, la Cor\u00e9e et le Japon).<\/p>\n<p>Cette r\u00e9union de r\u00e9seau vous permettra d&#8217;\u00e9largir vos connaissances dans le domaine de l&#8217;importation de Chine.<\/p>\n<p>Depuis nov. En 2014, l&#8217;agence Frisch propose des <strong>r\u00e9unions de r\u00e9seau<\/strong> r\u00e9guli\u00e8res. Nous souhaitons nous adresser aux acheteurs des petites et moyennes entreprises ainsi qu&#8217;aux acheteurs des grands groupes<strong>(r\u00e9seau d&#8217;acheteurs<\/strong>). Nous coop\u00e9rons \u00e9galement en partie avec des associations ayant des objectifs identiques ou similaires. L&#8217;objectif est l&#8217;\u00e9change d&#8217;exp\u00e9riences, qui d\u00e9bouche souvent sur des relations commerciales.<\/p>\n<p>Les participants \u00e0 nos rencontres sont g\u00e9n\u00e9ralement des Allemands qui ont \u00e0 faire avec l&#8217;Asie, des Asiatiques qui \u00e9tudient ou travaillent en Allemagne, des transitaires, des compagnies maritimes, des avocats internationaux, des prestataires de services dans le domaine du commerce ext\u00e9rieur\/achats &amp; logistique et des acheteurs de l&#8217;industrie &amp; du commerce.<\/p>\n<p>Les <strong>rencontres du r\u00e9seau <\/strong>ont lieu r\u00e9guli\u00e8rement \u00e0 Berlin, et il y a en outre des rencontres irr\u00e9guli\u00e8res dans des r\u00e9gions diff\u00e9rentes.<\/p>\n<p>Les <strong>r\u00e9unions de r\u00e9seau <\/strong>ont lieu<u> chaque ann\u00e9e<\/u> \u00e0 une date qui est communiqu\u00e9e suffisamment \u00e0 l&#8217;avance. N&#8217;h\u00e9sitez pas \u00e0 vous inscrire sur<a><\/a><\/p>\n<p>info@ag-frisch.de<\/p>\n<p>(ou le lien d&#8217;inscription \u00e0 l&#8217;\u00e9v\u00e9nement ci-dessous) pour vous inscrire \u00e0 l&#8217;une des prochaines r\u00e9unions. La participation est gratuite, chacun ne paie que ses propres boissons et nourriture.<br \/><span><br \/><\/span><span><img loading=\"lazy\" decoding=\"async\" src=\"http:\/\/www.ag-frisch.de\/cmsstore\/Einladung.jpg\" alt=\"\" width=\"620\" height=\"437\"><\/span><\/p>\n<p><span><strong><\/strong><\/span><\/p>\n<p><span>Les organisateurs :<br \/><\/span><br \/><a href=\"https:\/\/www.xing.com\/profile\/David%C2%B4%C3%B3%C3%8E%C3%80_Frisch\">David Frisch (sur Xing)<\/a><\/p>\n<\/div>\n<\/div>\n<p>&nbsp;<\/p>\n<p>[\/et_pb_text][\/et_pb_column][\/et_pb_row][et_pb_row _builder_version=&#8221;4.16&#8243; _module_preset=&#8221;default&#8221; global_colors_info=&#8221;{}&#8221;][et_pb_column type=&#8221;4_4&#8243; _builder_version=&#8221;4.16&#8243; _module_preset=&#8221;default&#8221; global_colors_info=&#8221;{}&#8221;][et_pb_code _builder_version=&#8221;4.16&#8243; _module_preset=&#8221;default&#8221; global_colors_info=&#8221;{}&#8221;][\/et_pb_code][\/et_pb_column][\/et_pb_row][\/et_pb_section]<\/p>\n","protected":false},"excerpt":{"rendered":"<p>R\u00e9union du r\u00e9seau d&#8217;acheteurs chinois pour les importateurs R\u00e9union de r\u00e9seau pour les acheteurs (li\u00e9s \u00e0 l&#8217;Asie) En raison de la pand\u00e9mie de Corona, les r\u00e9unions sont actuellement en pause. R\u00e9seau de rencontres pour les entrepreneurs, les acheteurs et les personnes int\u00e9ress\u00e9es par l&#8217;Asie (en particulier la Chine, la Cor\u00e9e et le Japon). Cette r\u00e9union [&hellip;]<\/p>\n","protected":false},"author":2,"featured_media":0,"parent":8475,"menu_order":0,"comment_status":"closed","ping_status":"closed","template":"","meta":{"_et_pb_use_builder":"on","_et_pb_old_content":"","_et_gb_content_width":"","footnotes":""},"class_list":["post-9575","page","type-page","status-publish","hentry"],"yoast_head":"<!-- This site is optimized with the Yoast SEO plugin v27.2 - https:\/\/yoast.com\/product\/yoast-seo-wordpress\/ -->\n<title>R\u00e9union du r\u00e9seau d&#039;acheteurs | R\u00e9seau d&#039;importation de Chine pour les acheteurs<\/title>\n<meta name=\"description\" content=\"R\u00e9union de r\u00e9seau Chine-Import \u25ba Une r\u00e9union de r\u00e9seau pour les entrepreneurs et les acheteurs \u25ba L&#039;\u00e9change de contacts &amp; de connaissances \u25ba Participez maintenant !\" \/>\n<meta name=\"robots\" content=\"index, follow, max-snippet:-1, max-image-preview:large, max-video-preview:-1\" \/>\n<link rel=\"canonical\" href=\"https:\/\/ag-frisch.com\/fr\/reunion-du-reseau-dacheteurs\/\" \/>\n<meta property=\"og:locale\" content=\"fr_FR\" \/>\n<meta property=\"og:type\" content=\"article\" \/>\n<meta property=\"og:title\" content=\"R\u00e9union du r\u00e9seau d&#039;acheteurs | R\u00e9seau d&#039;importation de Chine pour les acheteurs\" \/>\n<meta property=\"og:description\" content=\"R\u00e9union de r\u00e9seau Chine-Import \u25ba Une r\u00e9union de r\u00e9seau pour les entrepreneurs et les acheteurs \u25ba L&#039;\u00e9change de contacts &amp; de connaissances \u25ba Participez maintenant !\" \/>\n<meta property=\"og:url\" content=\"https:\/\/ag-frisch.com\/fr\/reunion-du-reseau-dacheteurs\/\" \/>\n<meta property=\"og:site_name\" content=\"China Import Beratung f\u00fcr den Einkauf aus China\" \/>\n<meta property=\"article:publisher\" content=\"https:\/\/www.facebook.com\/China.Import\" \/>\n<meta property=\"article:modified_time\" content=\"2023-01-26T21:50:56+00:00\" \/>\n<meta property=\"og:image\" content=\"http:\/\/www.ag-frisch.de\/cmsstore\/Einladung.jpg\" \/>\n<meta name=\"twitter:card\" content=\"summary_large_image\" \/>\n<meta name=\"twitter:site\" content=\"@agenturfrisch\" \/>\n<meta name=\"twitter:label1\" content=\"Dur\u00e9e de lecture estim\u00e9e\" \/>\n\t<meta name=\"twitter:data1\" content=\"2 minutes\" \/>\n<script type=\"application\/ld+json\" class=\"yoast-schema-graph\">{\"@context\":\"https:\/\/schema.org\",\"@graph\":[{\"@type\":\"WebPage\",\"@id\":\"https:\/\/ag-frisch.com\/fr\/reunion-du-reseau-dacheteurs\/\",\"url\":\"https:\/\/ag-frisch.com\/fr\/reunion-du-reseau-dacheteurs\/\",\"name\":\"R\u00e9union du r\u00e9seau d'acheteurs | R\u00e9seau d'importation de Chine pour les acheteurs\",\"isPartOf\":{\"@id\":\"https:\/\/ag-frisch.com\/de\/#website\"},\"primaryImageOfPage\":{\"@id\":\"https:\/\/ag-frisch.com\/fr\/reunion-du-reseau-dacheteurs\/#primaryimage\"},\"image\":{\"@id\":\"https:\/\/ag-frisch.com\/fr\/reunion-du-reseau-dacheteurs\/#primaryimage\"},\"thumbnailUrl\":\"http:\/\/www.ag-frisch.de\/cmsstore\/Einladung.jpg\",\"datePublished\":\"2021-09-21T21:01:32+00:00\",\"dateModified\":\"2023-01-26T21:50:56+00:00\",\"description\":\"R\u00e9union de r\u00e9seau Chine-Import \u25ba Une r\u00e9union de r\u00e9seau pour les entrepreneurs et les acheteurs \u25ba L'\u00e9change de contacts & de connaissances \u25ba Participez maintenant !\",\"breadcrumb\":{\"@id\":\"https:\/\/ag-frisch.com\/fr\/reunion-du-reseau-dacheteurs\/#breadcrumb\"},\"inLanguage\":\"fr-FR\",\"potentialAction\":[{\"@type\":\"ReadAction\",\"target\":[\"https:\/\/ag-frisch.com\/fr\/reunion-du-reseau-dacheteurs\/\"]}]},{\"@type\":\"ImageObject\",\"inLanguage\":\"fr-FR\",\"@id\":\"https:\/\/ag-frisch.com\/fr\/reunion-du-reseau-dacheteurs\/#primaryimage\",\"url\":\"http:\/\/www.ag-frisch.de\/cmsstore\/Einladung.jpg\",\"contentUrl\":\"http:\/\/www.ag-frisch.de\/cmsstore\/Einladung.jpg\"},{\"@type\":\"BreadcrumbList\",\"@id\":\"https:\/\/ag-frisch.com\/fr\/reunion-du-reseau-dacheteurs\/#breadcrumb\",\"itemListElement\":[{\"@type\":\"ListItem\",\"position\":1,\"name\":\"Startseite\",\"item\":\"https:\/\/ag-frisch.com\/de\/\"},{\"@type\":\"ListItem\",\"position\":2,\"name\":\"R\u00e9union du r\u00e9seau d&#8217;acheteurs\"}]},{\"@type\":\"WebSite\",\"@id\":\"https:\/\/ag-frisch.com\/de\/#website\",\"url\":\"https:\/\/ag-frisch.com\/de\/\",\"name\":\"China Import Beratung f\u00fcr den Einkauf aus China\",\"description\":\"China Import &amp; Export Beratung - Der Dienstleister Ihres Vertrauens f\u00fcr Ihren China Import\",\"publisher\":{\"@id\":\"https:\/\/ag-frisch.com\/de\/#organization\"},\"potentialAction\":[{\"@type\":\"SearchAction\",\"target\":{\"@type\":\"EntryPoint\",\"urlTemplate\":\"https:\/\/ag-frisch.com\/de\/?s={search_term_string}\"},\"query-input\":{\"@type\":\"PropertyValueSpecification\",\"valueRequired\":true,\"valueName\":\"search_term_string\"}}],\"inLanguage\":\"fr-FR\"},{\"@type\":\"Organization\",\"@id\":\"https:\/\/ag-frisch.com\/de\/#organization\",\"name\":\"Agentur Frisch International Consulting GmbH & Co. KG\",\"url\":\"https:\/\/ag-frisch.com\/de\/\",\"logo\":{\"@type\":\"ImageObject\",\"inLanguage\":\"fr-FR\",\"@id\":\"https:\/\/ag-frisch.com\/de\/#\/schema\/logo\/image\/\",\"url\":\"https:\/\/ag-frisch.com\/wp-content\/uploads\/2021\/08\/ag_logo_rgb_300_small.png\",\"contentUrl\":\"https:\/\/ag-frisch.com\/wp-content\/uploads\/2021\/08\/ag_logo_rgb_300_small.png\",\"width\":153,\"height\":102,\"caption\":\"Agentur Frisch International Consulting GmbH & Co. KG\"},\"image\":{\"@id\":\"https:\/\/ag-frisch.com\/de\/#\/schema\/logo\/image\/\"},\"sameAs\":[\"https:\/\/www.facebook.com\/China.Import\",\"https:\/\/x.com\/agenturfrisch\"]}]}<\/script>\n<!-- \/ Yoast SEO plugin. -->","yoast_head_json":{"title":"R\u00e9union du r\u00e9seau d'acheteurs | R\u00e9seau d'importation de Chine pour les acheteurs","description":"R\u00e9union de r\u00e9seau Chine-Import \u25ba Une r\u00e9union de r\u00e9seau pour les entrepreneurs et les acheteurs \u25ba L'\u00e9change de contacts & de connaissances \u25ba Participez maintenant !","robots":{"index":"index","follow":"follow","max-snippet":"max-snippet:-1","max-image-preview":"max-image-preview:large","max-video-preview":"max-video-preview:-1"},"canonical":"https:\/\/ag-frisch.com\/fr\/reunion-du-reseau-dacheteurs\/","og_locale":"fr_FR","og_type":"article","og_title":"R\u00e9union du r\u00e9seau d'acheteurs | R\u00e9seau d'importation de Chine pour les acheteurs","og_description":"R\u00e9union de r\u00e9seau Chine-Import \u25ba Une r\u00e9union de r\u00e9seau pour les entrepreneurs et les acheteurs \u25ba L'\u00e9change de contacts & de connaissances \u25ba Participez maintenant !","og_url":"https:\/\/ag-frisch.com\/fr\/reunion-du-reseau-dacheteurs\/","og_site_name":"China Import Beratung f\u00fcr den Einkauf aus China","article_publisher":"https:\/\/www.facebook.com\/China.Import","article_modified_time":"2023-01-26T21:50:56+00:00","og_image":[{"url":"http:\/\/www.ag-frisch.de\/cmsstore\/Einladung.jpg","type":"","width":"","height":""}],"twitter_card":"summary_large_image","twitter_site":"@agenturfrisch","twitter_misc":{"Dur\u00e9e de lecture estim\u00e9e":"2 minutes"},"schema":{"@context":"https:\/\/schema.org","@graph":[{"@type":"WebPage","@id":"https:\/\/ag-frisch.com\/fr\/reunion-du-reseau-dacheteurs\/","url":"https:\/\/ag-frisch.com\/fr\/reunion-du-reseau-dacheteurs\/","name":"R\u00e9union du r\u00e9seau d'acheteurs | R\u00e9seau d'importation de Chine pour les acheteurs","isPartOf":{"@id":"https:\/\/ag-frisch.com\/de\/#website"},"primaryImageOfPage":{"@id":"https:\/\/ag-frisch.com\/fr\/reunion-du-reseau-dacheteurs\/#primaryimage"},"image":{"@id":"https:\/\/ag-frisch.com\/fr\/reunion-du-reseau-dacheteurs\/#primaryimage"},"thumbnailUrl":"http:\/\/www.ag-frisch.de\/cmsstore\/Einladung.jpg","datePublished":"2021-09-21T21:01:32+00:00","dateModified":"2023-01-26T21:50:56+00:00","description":"R\u00e9union de r\u00e9seau Chine-Import \u25ba Une r\u00e9union de r\u00e9seau pour les entrepreneurs et les acheteurs \u25ba L'\u00e9change de contacts & de connaissances \u25ba Participez maintenant !","breadcrumb":{"@id":"https:\/\/ag-frisch.com\/fr\/reunion-du-reseau-dacheteurs\/#breadcrumb"},"inLanguage":"fr-FR","potentialAction":[{"@type":"ReadAction","target":["https:\/\/ag-frisch.com\/fr\/reunion-du-reseau-dacheteurs\/"]}]},{"@type":"ImageObject","inLanguage":"fr-FR","@id":"https:\/\/ag-frisch.com\/fr\/reunion-du-reseau-dacheteurs\/#primaryimage","url":"http:\/\/www.ag-frisch.de\/cmsstore\/Einladung.jpg","contentUrl":"http:\/\/www.ag-frisch.de\/cmsstore\/Einladung.jpg"},{"@type":"BreadcrumbList","@id":"https:\/\/ag-frisch.com\/fr\/reunion-du-reseau-dacheteurs\/#breadcrumb","itemListElement":[{"@type":"ListItem","position":1,"name":"Startseite","item":"https:\/\/ag-frisch.com\/de\/"},{"@type":"ListItem","position":2,"name":"R\u00e9union du r\u00e9seau d&#8217;acheteurs"}]},{"@type":"WebSite","@id":"https:\/\/ag-frisch.com\/de\/#website","url":"https:\/\/ag-frisch.com\/de\/","name":"China Import Beratung f\u00fcr den Einkauf aus China","description":"China Import &amp; Export Beratung - Der Dienstleister Ihres Vertrauens f\u00fcr Ihren China Import","publisher":{"@id":"https:\/\/ag-frisch.com\/de\/#organization"},"potentialAction":[{"@type":"SearchAction","target":{"@type":"EntryPoint","urlTemplate":"https:\/\/ag-frisch.com\/de\/?s={search_term_string}"},"query-input":{"@type":"PropertyValueSpecification","valueRequired":true,"valueName":"search_term_string"}}],"inLanguage":"fr-FR"},{"@type":"Organization","@id":"https:\/\/ag-frisch.com\/de\/#organization","name":"Agentur Frisch International Consulting GmbH & Co. KG","url":"https:\/\/ag-frisch.com\/de\/","logo":{"@type":"ImageObject","inLanguage":"fr-FR","@id":"https:\/\/ag-frisch.com\/de\/#\/schema\/logo\/image\/","url":"https:\/\/ag-frisch.com\/wp-content\/uploads\/2021\/08\/ag_logo_rgb_300_small.png","contentUrl":"https:\/\/ag-frisch.com\/wp-content\/uploads\/2021\/08\/ag_logo_rgb_300_small.png","width":153,"height":102,"caption":"Agentur Frisch International Consulting GmbH & Co. KG"},"image":{"@id":"https:\/\/ag-frisch.com\/de\/#\/schema\/logo\/image\/"},"sameAs":["https:\/\/www.facebook.com\/China.Import","https:\/\/x.com\/agenturfrisch"]}]}},"_links":{"self":[{"href":"https:\/\/ag-frisch.com\/fr\/wp-json\/wp\/v2\/pages\/9575","targetHints":{"allow":["GET"]}}],"collection":[{"href":"https:\/\/ag-frisch.com\/fr\/wp-json\/wp\/v2\/pages"}],"about":[{"href":"https:\/\/ag-frisch.com\/fr\/wp-json\/wp\/v2\/types\/page"}],"author":[{"embeddable":true,"href":"https:\/\/ag-frisch.com\/fr\/wp-json\/wp\/v2\/users\/2"}],"replies":[{"embeddable":true,"href":"https:\/\/ag-frisch.com\/fr\/wp-json\/wp\/v2\/comments?post=9575"}],"version-history":[{"count":0,"href":"https:\/\/ag-frisch.com\/fr\/wp-json\/wp\/v2\/pages\/9575\/revisions"}],"up":[{"embeddable":true,"href":"https:\/\/ag-frisch.com\/fr\/wp-json\/wp\/v2\/pages\/8475"}],"wp:attachment":[{"href":"https:\/\/ag-frisch.com\/fr\/wp-json\/wp\/v2\/media?parent=9575"}],"curies":[{"name":"wp","href":"https:\/\/api.w.org\/{rel}","templated":true}]}}