{"id":9702,"date":"2021-10-10T16:35:35","date_gmt":"2021-10-10T14:35:35","guid":{"rendered":"https:\/\/ag-frisch.com\/importation-des-etats-unis\/"},"modified":"2023-01-26T23:12:41","modified_gmt":"2023-01-26T22:12:41","slug":"importation-des-etats-unis","status":"publish","type":"page","link":"https:\/\/ag-frisch.com\/fr\/sites-dinformation\/importation-des-etats-unis\/","title":{"rendered":"Importation des \u00c9tats-Unis"},"content":{"rendered":"<p>[et_pb_section fb_built=&#8221;1&#8243; _builder_version=&#8221;4.16&#8243; _module_preset=&#8221;default&#8221; global_colors_info=&#8221;{}&#8221;][et_pb_row _builder_version=&#8221;4.18.1&#8243; _module_preset=&#8221;default&#8221; global_colors_info=&#8221;{}&#8221;][et_pb_column type=&#8221;4_4&#8243; _builder_version=&#8221;4.18.1&#8243; _module_preset=&#8221;default&#8221; global_colors_info=&#8221;{}&#8221;][et_pb_cta title=&#8221;Conseil en importation des \u00c9tats-Unis&#8221; button_url=&#8221;https:\/\/ag-frisch.com\/fr\/contact\/&#8221; button_text=&#8221;R\u00e9server une consultation maintenant&#8221; _builder_version=&#8221;4.16&#8243; _module_preset=&#8221;default&#8221; global_colors_info=&#8221;{}&#8221;]<\/p>\n<p>Gr\u00e2ce aux conseils de l&#8217;agence d&#8217;importation Frisch, vous r\u00e9ussissez vos affaires comme les professionnels.  <\/p>\n<p>[\/et_pb_cta][\/et_pb_column][\/et_pb_row][et_pb_row _builder_version=&#8221;4.16&#8243; _module_preset=&#8221;default&#8221; global_colors_info=&#8221;{}&#8221;][et_pb_column type=&#8221;4_4&#8243; _builder_version=&#8221;4.16&#8243; _module_preset=&#8221;default&#8221; global_colors_info=&#8221;{}&#8221;][et_pb_text _builder_version=&#8221;4.16&#8243; _module_preset=&#8221;default&#8221; global_colors_info=&#8221;{}&#8221;]<\/p>\n<p><strong>Importation des \u00c9tats-Unis<\/strong><\/p>\n<p>Nous pouvons vous aider de mani\u00e8re optimale pour votre importation depuis les \u00c9tats-Unis. Nous avons au moins deux fois par mois un conteneur de groupage en provenance de la plupart des grands ports des \u00c9tats-Unis, afin que vous puissiez \u00e9galement faire transporter \u00e0 moindre co\u00fbt vers l&#8217;UE, gr\u00e2ce \u00e0 notre service, des articles volumineux pour lesquels un fret a\u00e9rien serait beaucoup trop co\u00fbteux. Cela vaut souvent la peine, m\u00eame pour de petits achats, par exemple si vous avez achet\u00e9 des marchandises aux \u00c9tats-Unis sur Ebay ou Amazon et que vous cherchez un moyen avantageux de les faire parvenir en Allemagne ou dans un autre pays de l&#8217;UE.  <\/p>\n<p>Aux \u00c9tats-Unis, nous sommes sp\u00e9cialis\u00e9s dans l&#8217;achat de v\u00e9hicules, c&#8217;est-\u00e0-dire de voitures et de motos. Si vous avez des besoins en la mati\u00e8re, n&#8217;h\u00e9sitez pas \u00e0 nous contacter.  <\/p>\n<p>Bien entendu, si vous achetez aux \u00c9tats-Unis, nous vous assistons dans l&#8217;ensemble du processus, y compris le contr\u00f4le qualit\u00e9 sur place, le transport, le d\u00e9douanement et l&#8217;importation dans l&#8217;UE jusqu&#8217;\u00e0 la livraison chez vous.  <\/p>\n<p>[\/et_pb_text][\/et_pb_column][\/et_pb_row][\/et_pb_section][et_pb_section fb_built=&#8221;1&#8243; admin_label=&#8221;Testimonials&#8221; _builder_version=&#8221;4.16&#8243; use_background_color_gradient=&#8221;on&#8221; background_color_gradient_stops=&#8221;rgba(0,106,156,0.85) 0%|rgba(0,106,156,0.85) 100%&#8221; background_color_gradient_start=&#8221;rgba(0,106,156,0.85)&#8221; background_color_gradient_end=&#8221;rgba(0,106,156,0.85)&#8221; custom_padding=&#8221;90px||60px|&#8221; animation_style=&#8221;fold&#8221; animation_direction=&#8221;bottom&#8221; animation_intensity_fold=&#8221;4%&#8221; global_colors_info=&#8221;{}&#8221;][et_pb_row _builder_version=&#8221;4.16&#8243; background_size=&#8221;initial&#8221; background_position=&#8221;top_left&#8221; background_repeat=&#8221;repeat&#8221; custom_width_px=&#8221;710px&#8221; locked=&#8221;off&#8221; global_colors_info=&#8221;{}&#8221;][et_pb_column type=&#8221;4_4&#8243; _builder_version=&#8221;4.16&#8243; background_position=&#8221;top_left&#8221; custom_padding=&#8221;|||&#8221; global_colors_info=&#8221;{}&#8221; custom_padding__hover=&#8221;|||&#8221;][et_pb_text admin_label=&#8221;Testimonials Section Title&#8221; _builder_version=&#8221;4.16&#8243; header_font=&#8221;Montserrat||||&#8221; header_font_size=&#8221;36px&#8221; background_size=&#8221;initial&#8221; background_position=&#8221;top_left&#8221; background_repeat=&#8221;repeat&#8221; text_orientation=&#8221;center&#8221; background_layout=&#8221;dark&#8221; max_width=&#8221;710px&#8221; module_alignment=&#8221;center&#8221; animation_style=&#8221;fold&#8221; animation_direction=&#8221;bottom&#8221; animation_intensity_fold=&#8221;20%&#8221; global_colors_info=&#8221;{}&#8221;]<\/p>\n<h1>Plus de 5000 clients satisfaits.<\/h1>\n<p>&nbsp;<\/p>\n<p>[\/et_pb_text][et_pb_divider color=&#8221;#ffffff&#8221; divider_weight=&#8221;3px&#8221; disabled_on=&#8221;off|off|off&#8221; _builder_version=&#8221;4.16&#8243; background_color_gradient_direction=&#8221;90deg&#8221; max_width=&#8221;100px&#8221; module_alignment=&#8221;center&#8221; height=&#8221;5px&#8221; custom_margin=&#8221;||20px|&#8221; custom_padding=&#8221;||20px|&#8221; animation_style=&#8221;slide&#8221; animation_direction=&#8221;bottom&#8221; saved_tabs=&#8221;all&#8221; locked=&#8221;off&#8221; global_colors_info=&#8221;{}&#8221;][\/et_pb_divider][\/et_pb_column][\/et_pb_row][et_pb_row column_structure=&#8221;1_2,1_2&#8243; _builder_version=&#8221;4.18.1&#8243; _module_preset=&#8221;default&#8221; global_colors_info=&#8221;{}&#8221;][et_pb_column type=&#8221;1_2&#8243; _builder_version=&#8221;4.18.1&#8243; _module_preset=&#8221;default&#8221; global_colors_info=&#8221;{}&#8221;][et_pb_testimonial author=&#8221;Marco&#8221; portrait_url=&#8221;https:\/\/ag-frisch.com\/wp-content\/uploads\/2021\/08\/Harald.png&#8221; quote_icon=&#8221;off&#8221; _builder_version=&#8221;4.18.1&#8243; _module_preset=&#8221;default&#8221; body_font_size=&#8221;16px&#8221; use_background_color=&#8221;off&#8221; background_layout=&#8221;dark&#8221; global_colors_info=&#8221;{}&#8221;]J&#8217;ai demand\u00e9 \u00e0 l&#8217;agence Frisch de faire produire un meuble de grande taille en Chine et de le transf\u00e9rer ensuite en Allemagne. La communication par e-mail a \u00e9t\u00e9 fluide tout au long du processus ! Des r\u00e9ponses tr\u00e8s rapides et fiables m&#8217;ont apport\u00e9 en permanence les garanties indispensables \u00e0 une telle entreprise. J&#8217;ai toujours \u00e9t\u00e9 aid\u00e9 dans la jungle bureaucratique et aucun formulaire n&#8217;a \u00e9t\u00e9 oubli\u00e9 ou mal rempli. Tr\u00e8s louable !<a href=\"&lt;div%20class=%22pe-richsnippets%22&gt;&nbsp;&lt;\/div&gt;%20&lt;script%20type=%22text\/javascript%22%20src=%22https:\/\/www.provenexpert.com\/widget\/richsnippet.js?u=1NUA0VwZ4RUZ5tmAi5zA4RaplNKAlWwZ&amp;v=2%22%20async&gt;&lt;\/script&gt;%20&lt;div%20style=%22text-align:%20justify;%22&gt;&lt;br%20\/&gt;\"><\/a><\/p>\n<div class=\"brow ratingBarMargin\">\n<div class=\"ratingBar\">\n<div class=\"brow\">\n<div class=\"pe-richsnippets\">&nbsp;<\/div>\n<p><script type=\"text\/javascript\" src=\"https:\/\/www.provenexpert.com\/widget\/richsnippet.js?u=1NUA0VwZ4RUZ5tmAi5zA4RaplNKAlWwZ&amp;v=2\" async=\"\"><\/script><\/p>\n<div style=\"text-align: justify;\"><\/p>\n<div class=\"col-lg-9 col-md-8 col-xs-10 mt20 mb20\">\n<div class=\"col-xs-12 surveyNameForRating\"><\/div>\n<\/div>\n<\/div>\n<\/div>\n<\/div>\n<\/div>\n<p>[\/et_pb_testimonial][\/et_pb_column][et_pb_column type=&#8221;1_2&#8243; _builder_version=&#8221;4.18.1&#8243; _module_preset=&#8221;default&#8221; global_colors_info=&#8221;{}&#8221;][et_pb_testimonial author=&#8221;Simone L.&#8221; portrait_url=&#8221;https:\/\/ag-frisch.com\/wp-content\/uploads\/2021\/08\/Harald.png&#8221; quote_icon=&#8221;off&#8221; _builder_version=&#8221;4.18.1&#8243; _module_preset=&#8221;default&#8221; body_font_size=&#8221;16px&#8221; use_background_color=&#8221;off&#8221; background_layout=&#8221;dark&#8221; global_colors_info=&#8221;{}&#8221;]<\/p>\n<p>Tout est au top. On ne peut pas faire mieux. On ne peut pas faire mieux en mati\u00e8re de conseil et de r\u00e9alisation. Apr\u00e8s avoir pass\u00e9 plusieurs commandes aupr\u00e8s de cette entreprise, nous sommes plus que satisfaits et poursuivons notre collaboration.<\/p>\n<div class=\"brow ratingBarMargin\">\n<div class=\"ratingBar\">\n<div class=\"brow\">\n<div class=\"pe-richsnippets\"> <\/div>\n<p>\n<script type=\"text\/javascript\" src=\"https:\/\/www.provenexpert.com\/widget\/richsnippet.js?u=1NUA0VwZ4RUZ5tmAi5zA4RaplNKAlWwZ&amp;v=2\" async=\"\"><\/script>\n<\/p>\n<div style=\"text-align: justify;\">\n<p>&nbsp;<\/p>\n<div class=\"col-lg-9 col-md-8 col-xs-10 mt20 mb20\">\n<div class=\"col-xs-12 surveyNameForRating\"><\/div>\n<\/div>\n<\/div>\n<\/div>\n<\/div>\n<\/div>\n<p>[\/et_pb_testimonial][\/et_pb_column][\/et_pb_row][et_pb_row _builder_version=&#8221;4.16&#8243; background_size=&#8221;initial&#8221; background_position=&#8221;top_left&#8221; background_repeat=&#8221;repeat&#8221; custom_padding=&#8221;50px|0px|30px|0px&#8221; custom_css_main_element=&#8221;text-align: center;&#8221; global_colors_info=&#8221;{}&#8221;][et_pb_column type=&#8221;4_4&#8243; _builder_version=&#8221;4.16&#8243; custom_padding=&#8221;|||&#8221; global_colors_info=&#8221;{}&#8221; custom_padding__hover=&#8221;|||&#8221;][et_pb_button button_url=&#8221;https:\/\/www.provenexpert.com\/de-de\/agentur-frisch-international-consulting-gmbh-und-co-kg\/&#8221; button_text=&#8221;PLUS D&#039;AVIS&#8221; button_alignment=&#8221;left&#8221; admin_label=&#8221;Testimonial Button&#8221; _builder_version=&#8221;4.16&#8243; custom_button=&#8221;on&#8221; button_text_size=&#8221;18px&#8221; button_text_color=&#8221;#ffffff&#8221; button_bg_color=&#8221;#6eba01&#8243; button_border_width=&#8221;2px&#8221; button_border_color=&#8221;#6eba01&#8243; button_border_radius=&#8221;0px&#8221; button_letter_spacing=&#8221;2px&#8221; button_font=&#8221;Montserrat|||on|&#8221; button_use_icon=&#8221;off&#8221; animation_style=&#8221;fold&#8221; animation_direction=&#8221;bottom&#8221; button_text_color_hover=&#8221;#ffffff&#8221; button_border_color_hover=&#8221;#ffffff&#8221; button_border_radius_hover=&#8221;0px&#8221; button_letter_spacing_hover=&#8221;2px&#8221; button_bg_color_hover=&#8221;rgba(255,255,255,0)&#8221; locked=&#8221;off&#8221; global_colors_info=&#8221;{}&#8221; button_text_size__hover_enabled=&#8221;off&#8221; button_one_text_size__hover_enabled=&#8221;off&#8221; button_two_text_size__hover_enabled=&#8221;off&#8221; button_text_color__hover_enabled=&#8221;on&#8221; button_text_color__hover=&#8221;#ffffff&#8221; button_one_text_color__hover_enabled=&#8221;off&#8221; button_two_text_color__hover_enabled=&#8221;off&#8221; button_border_width__hover_enabled=&#8221;off&#8221; button_one_border_width__hover_enabled=&#8221;off&#8221; button_two_border_width__hover_enabled=&#8221;off&#8221; button_border_color__hover_enabled=&#8221;on&#8221; button_border_color__hover=&#8221;#ffffff&#8221; button_one_border_color__hover_enabled=&#8221;off&#8221; button_two_border_color__hover_enabled=&#8221;off&#8221; button_border_radius__hover_enabled=&#8221;on&#8221; button_border_radius__hover=&#8221;0px&#8221; button_one_border_radius__hover_enabled=&#8221;off&#8221; button_two_border_radius__hover_enabled=&#8221;off&#8221; button_letter_spacing__hover_enabled=&#8221;on&#8221; button_letter_spacing__hover=&#8221;2px&#8221; button_one_letter_spacing__hover_enabled=&#8221;off&#8221; button_two_letter_spacing__hover_enabled=&#8221;off&#8221; button_bg_color__hover_enabled=&#8221;on&#8221; button_bg_color__hover=&#8221;rgba(255,255,255,0)&#8221; button_one_bg_color__hover_enabled=&#8221;off&#8221; button_two_bg_color__hover_enabled=&#8221;off&#8221;][\/et_pb_button][\/et_pb_column][\/et_pb_row][\/et_pb_section]<\/p>\n","protected":false},"excerpt":{"rendered":"<p>Gr\u00e2ce aux conseils de l&#8217;agence d&#8217;importation Frisch, vous r\u00e9ussissez vos affaires comme les professionnels. Importation des \u00c9tats-Unis Nous pouvons vous aider de mani\u00e8re optimale pour votre importation depuis les \u00c9tats-Unis. Nous avons au moins deux fois par mois un conteneur de groupage en provenance de la plupart des grands ports des \u00c9tats-Unis, afin que vous [&hellip;]<\/p>\n","protected":false},"author":2,"featured_media":0,"parent":8475,"menu_order":0,"comment_status":"closed","ping_status":"closed","template":"","meta":{"_et_pb_use_builder":"on","_et_pb_old_content":"","_et_gb_content_width":"","footnotes":""},"class_list":["post-9702","page","type-page","status-publish","hentry"],"yoast_head":"<!-- This site is optimized with the Yoast SEO plugin v27.2 - https:\/\/yoast.com\/product\/yoast-seo-wordpress\/ -->\n<title>USA import - L&#039;expert vous aide \u00e0 acheter aux \u00c9tats-Unis<\/title>\n<meta name=\"description\" content=\"Importation des \u00c9tats-Unis \u25bb Conformit\u00e9 aux directives de l&#039;UE : contr\u00f4le de la qualit\u00e9 \u2713 N\u00e9gociations d&#039;achat \u2713 Transport des \u00c9tats-Unis vers l&#039;UE \u2713 \u25bb Demandez maintenant conseil \u00e0 des experts !\" \/>\n<meta name=\"robots\" content=\"index, follow, max-snippet:-1, max-image-preview:large, max-video-preview:-1\" \/>\n<link rel=\"canonical\" href=\"https:\/\/ag-frisch.com\/fr\/importation-des-etats-unis\/\" \/>\n<meta property=\"og:locale\" content=\"fr_FR\" \/>\n<meta property=\"og:type\" content=\"article\" \/>\n<meta property=\"og:title\" content=\"USA import - L&#039;expert vous aide \u00e0 acheter aux \u00c9tats-Unis\" \/>\n<meta property=\"og:description\" content=\"Importation des \u00c9tats-Unis \u25bb Conformit\u00e9 aux directives de l&#039;UE : contr\u00f4le de la qualit\u00e9 \u2713 N\u00e9gociations d&#039;achat \u2713 Transport des \u00c9tats-Unis vers l&#039;UE \u2713 \u25bb Demandez maintenant conseil \u00e0 des experts !\" \/>\n<meta property=\"og:url\" content=\"https:\/\/ag-frisch.com\/fr\/importation-des-etats-unis\/\" \/>\n<meta property=\"og:site_name\" content=\"China Import Beratung f\u00fcr den Einkauf aus China\" \/>\n<meta property=\"article:publisher\" content=\"https:\/\/www.facebook.com\/China.Import\" \/>\n<meta property=\"article:modified_time\" content=\"2023-01-26T22:12:41+00:00\" \/>\n<meta name=\"twitter:card\" content=\"summary_large_image\" \/>\n<meta name=\"twitter:site\" content=\"@agenturfrisch\" \/>\n<meta name=\"twitter:label1\" content=\"Dur\u00e9e de lecture estim\u00e9e\" \/>\n\t<meta name=\"twitter:data1\" content=\"5 minutes\" \/>\n<script type=\"application\/ld+json\" class=\"yoast-schema-graph\">{\"@context\":\"https:\/\/schema.org\",\"@graph\":[{\"@type\":\"WebPage\",\"@id\":\"https:\/\/ag-frisch.com\/fr\/importation-des-etats-unis\/\",\"url\":\"https:\/\/ag-frisch.com\/fr\/importation-des-etats-unis\/\",\"name\":\"USA import - L'expert vous aide \u00e0 acheter aux \u00c9tats-Unis\",\"isPartOf\":{\"@id\":\"https:\/\/ag-frisch.com\/de\/#website\"},\"datePublished\":\"2021-10-10T14:35:35+00:00\",\"dateModified\":\"2023-01-26T22:12:41+00:00\",\"description\":\"Importation des \u00c9tats-Unis \u25bb Conformit\u00e9 aux directives de l'UE : contr\u00f4le de la qualit\u00e9 \u2713 N\u00e9gociations d'achat \u2713 Transport des \u00c9tats-Unis vers l'UE \u2713 \u25bb Demandez maintenant conseil \u00e0 des experts !\",\"breadcrumb\":{\"@id\":\"https:\/\/ag-frisch.com\/fr\/importation-des-etats-unis\/#breadcrumb\"},\"inLanguage\":\"fr-FR\",\"potentialAction\":[{\"@type\":\"ReadAction\",\"target\":[\"https:\/\/ag-frisch.com\/fr\/importation-des-etats-unis\/\"]}]},{\"@type\":\"BreadcrumbList\",\"@id\":\"https:\/\/ag-frisch.com\/fr\/importation-des-etats-unis\/#breadcrumb\",\"itemListElement\":[{\"@type\":\"ListItem\",\"position\":1,\"name\":\"Startseite\",\"item\":\"https:\/\/ag-frisch.com\/de\/\"},{\"@type\":\"ListItem\",\"position\":2,\"name\":\"Importation des \u00c9tats-Unis\"}]},{\"@type\":\"WebSite\",\"@id\":\"https:\/\/ag-frisch.com\/de\/#website\",\"url\":\"https:\/\/ag-frisch.com\/de\/\",\"name\":\"China Import Beratung f\u00fcr den Einkauf aus China\",\"description\":\"China Import &amp; Export Beratung - Der Dienstleister Ihres Vertrauens f\u00fcr Ihren China Import\",\"publisher\":{\"@id\":\"https:\/\/ag-frisch.com\/de\/#organization\"},\"potentialAction\":[{\"@type\":\"SearchAction\",\"target\":{\"@type\":\"EntryPoint\",\"urlTemplate\":\"https:\/\/ag-frisch.com\/de\/?s={search_term_string}\"},\"query-input\":{\"@type\":\"PropertyValueSpecification\",\"valueRequired\":true,\"valueName\":\"search_term_string\"}}],\"inLanguage\":\"fr-FR\"},{\"@type\":\"Organization\",\"@id\":\"https:\/\/ag-frisch.com\/de\/#organization\",\"name\":\"Agentur Frisch International Consulting GmbH & Co. KG\",\"url\":\"https:\/\/ag-frisch.com\/de\/\",\"logo\":{\"@type\":\"ImageObject\",\"inLanguage\":\"fr-FR\",\"@id\":\"https:\/\/ag-frisch.com\/de\/#\/schema\/logo\/image\/\",\"url\":\"https:\/\/ag-frisch.com\/wp-content\/uploads\/2021\/08\/ag_logo_rgb_300_small.png\",\"contentUrl\":\"https:\/\/ag-frisch.com\/wp-content\/uploads\/2021\/08\/ag_logo_rgb_300_small.png\",\"width\":153,\"height\":102,\"caption\":\"Agentur Frisch International Consulting GmbH & Co. KG\"},\"image\":{\"@id\":\"https:\/\/ag-frisch.com\/de\/#\/schema\/logo\/image\/\"},\"sameAs\":[\"https:\/\/www.facebook.com\/China.Import\",\"https:\/\/x.com\/agenturfrisch\"]}]}<\/script>\n<!-- \/ Yoast SEO plugin. -->","yoast_head_json":{"title":"USA import - L'expert vous aide \u00e0 acheter aux \u00c9tats-Unis","description":"Importation des \u00c9tats-Unis \u25bb Conformit\u00e9 aux directives de l'UE : contr\u00f4le de la qualit\u00e9 \u2713 N\u00e9gociations d'achat \u2713 Transport des \u00c9tats-Unis vers l'UE \u2713 \u25bb Demandez maintenant conseil \u00e0 des experts !","robots":{"index":"index","follow":"follow","max-snippet":"max-snippet:-1","max-image-preview":"max-image-preview:large","max-video-preview":"max-video-preview:-1"},"canonical":"https:\/\/ag-frisch.com\/fr\/importation-des-etats-unis\/","og_locale":"fr_FR","og_type":"article","og_title":"USA import - L'expert vous aide \u00e0 acheter aux \u00c9tats-Unis","og_description":"Importation des \u00c9tats-Unis \u25bb Conformit\u00e9 aux directives de l'UE : contr\u00f4le de la qualit\u00e9 \u2713 N\u00e9gociations d'achat \u2713 Transport des \u00c9tats-Unis vers l'UE \u2713 \u25bb Demandez maintenant conseil \u00e0 des experts !","og_url":"https:\/\/ag-frisch.com\/fr\/importation-des-etats-unis\/","og_site_name":"China Import Beratung f\u00fcr den Einkauf aus China","article_publisher":"https:\/\/www.facebook.com\/China.Import","article_modified_time":"2023-01-26T22:12:41+00:00","twitter_card":"summary_large_image","twitter_site":"@agenturfrisch","twitter_misc":{"Dur\u00e9e de lecture estim\u00e9e":"5 minutes"},"schema":{"@context":"https:\/\/schema.org","@graph":[{"@type":"WebPage","@id":"https:\/\/ag-frisch.com\/fr\/importation-des-etats-unis\/","url":"https:\/\/ag-frisch.com\/fr\/importation-des-etats-unis\/","name":"USA import - L'expert vous aide \u00e0 acheter aux \u00c9tats-Unis","isPartOf":{"@id":"https:\/\/ag-frisch.com\/de\/#website"},"datePublished":"2021-10-10T14:35:35+00:00","dateModified":"2023-01-26T22:12:41+00:00","description":"Importation des \u00c9tats-Unis \u25bb Conformit\u00e9 aux directives de l'UE : contr\u00f4le de la qualit\u00e9 \u2713 N\u00e9gociations d'achat \u2713 Transport des \u00c9tats-Unis vers l'UE \u2713 \u25bb Demandez maintenant conseil \u00e0 des experts !","breadcrumb":{"@id":"https:\/\/ag-frisch.com\/fr\/importation-des-etats-unis\/#breadcrumb"},"inLanguage":"fr-FR","potentialAction":[{"@type":"ReadAction","target":["https:\/\/ag-frisch.com\/fr\/importation-des-etats-unis\/"]}]},{"@type":"BreadcrumbList","@id":"https:\/\/ag-frisch.com\/fr\/importation-des-etats-unis\/#breadcrumb","itemListElement":[{"@type":"ListItem","position":1,"name":"Startseite","item":"https:\/\/ag-frisch.com\/de\/"},{"@type":"ListItem","position":2,"name":"Importation des \u00c9tats-Unis"}]},{"@type":"WebSite","@id":"https:\/\/ag-frisch.com\/de\/#website","url":"https:\/\/ag-frisch.com\/de\/","name":"China Import Beratung f\u00fcr den Einkauf aus China","description":"China Import &amp; Export Beratung - Der Dienstleister Ihres Vertrauens f\u00fcr Ihren China Import","publisher":{"@id":"https:\/\/ag-frisch.com\/de\/#organization"},"potentialAction":[{"@type":"SearchAction","target":{"@type":"EntryPoint","urlTemplate":"https:\/\/ag-frisch.com\/de\/?s={search_term_string}"},"query-input":{"@type":"PropertyValueSpecification","valueRequired":true,"valueName":"search_term_string"}}],"inLanguage":"fr-FR"},{"@type":"Organization","@id":"https:\/\/ag-frisch.com\/de\/#organization","name":"Agentur Frisch International Consulting GmbH & Co. KG","url":"https:\/\/ag-frisch.com\/de\/","logo":{"@type":"ImageObject","inLanguage":"fr-FR","@id":"https:\/\/ag-frisch.com\/de\/#\/schema\/logo\/image\/","url":"https:\/\/ag-frisch.com\/wp-content\/uploads\/2021\/08\/ag_logo_rgb_300_small.png","contentUrl":"https:\/\/ag-frisch.com\/wp-content\/uploads\/2021\/08\/ag_logo_rgb_300_small.png","width":153,"height":102,"caption":"Agentur Frisch International Consulting GmbH & Co. KG"},"image":{"@id":"https:\/\/ag-frisch.com\/de\/#\/schema\/logo\/image\/"},"sameAs":["https:\/\/www.facebook.com\/China.Import","https:\/\/x.com\/agenturfrisch"]}]}},"_links":{"self":[{"href":"https:\/\/ag-frisch.com\/fr\/wp-json\/wp\/v2\/pages\/9702","targetHints":{"allow":["GET"]}}],"collection":[{"href":"https:\/\/ag-frisch.com\/fr\/wp-json\/wp\/v2\/pages"}],"about":[{"href":"https:\/\/ag-frisch.com\/fr\/wp-json\/wp\/v2\/types\/page"}],"author":[{"embeddable":true,"href":"https:\/\/ag-frisch.com\/fr\/wp-json\/wp\/v2\/users\/2"}],"replies":[{"embeddable":true,"href":"https:\/\/ag-frisch.com\/fr\/wp-json\/wp\/v2\/comments?post=9702"}],"version-history":[{"count":0,"href":"https:\/\/ag-frisch.com\/fr\/wp-json\/wp\/v2\/pages\/9702\/revisions"}],"up":[{"embeddable":true,"href":"https:\/\/ag-frisch.com\/fr\/wp-json\/wp\/v2\/pages\/8475"}],"wp:attachment":[{"href":"https:\/\/ag-frisch.com\/fr\/wp-json\/wp\/v2\/media?parent=9702"}],"curies":[{"name":"wp","href":"https:\/\/api.w.org\/{rel}","templated":true}]}}