{"id":9927,"date":"2021-10-14T23:56:22","date_gmt":"2021-10-14T21:56:22","guid":{"rendered":"https:\/\/ag-frisch.com\/voyage-en-chine\/"},"modified":"2023-01-27T05:16:46","modified_gmt":"2023-01-27T04:16:46","slug":"voyage-en-chine","status":"publish","type":"page","link":"https:\/\/ag-frisch.com\/fr\/voyage-en-chine\/","title":{"rendered":"Voyage en Chine"},"content":{"rendered":"<p>[et_pb_section fb_built=&#8221;1&#8243; _builder_version=&#8221;4.9.10&#8243; _module_preset=&#8221;default&#8221; global_colors_info=&#8221;{}&#8221;][et_pb_row _builder_version=&#8221;4.9.10&#8243; _module_preset=&#8221;default&#8221; global_colors_info=&#8221;{}&#8221;][et_pb_column type=&#8221;4_4&#8243; _builder_version=&#8221;4.9.10&#8243; _module_preset=&#8221;default&#8221; global_colors_info=&#8221;{}&#8221;][et_pb_text _builder_version=&#8221;4.9.10&#8243; _module_preset=&#8221;default&#8221; global_colors_info=&#8221;{}&#8221;]<\/p>\n<p style=\"font-weight: 900;\">Voyage d&#8217;affaires ou visite d&#8217;usine en Chine ou en Europe &#8211; Nous sommes d\u00e9j\u00e0 sur place pour vous !<\/p>\n<p>Vous \u00eates en Europe ou ailleurs en dehors de la Chine et vous souhaitez rendre visite \u00e0 vos partenaires commerciaux en Asie, principalement en Chine ? Nous vous soutenons lors de votre visite d&#8217;usine.<\/p>\n<p>M\u00eame si vous vivez en Asie ou dans un autre pays \u00e9tranger et que vous souhaitez rendre visite \u00e0 vos partenaires commerciaux en Allemagne, nous sommes le bon interlocuteur pour vous.<\/p>\n<p>D\u00e8s la pr\u00e9paration du voyage, nous vous aidons \u00e0 faire en sorte que votre voyage d&#8217;affaires soit un succ\u00e8s.<\/p>\n<p>&nbsp;<\/p>\n<p><strong>Voyage d&#8217;affaires en Chine<\/strong><\/p>\n<p>  Depuis quelques ann\u00e9es, la Chine fait partie, avec les \u00c9tats-Unis, des destinations phares pour les voyages d&#8217;affaires. En effet, la R\u00e9publique populaire se montre ouverte aux investisseurs \u00e9trangers. Lors d&#8217;un voyage d&#8217;affaires en Chine, il est conseill\u00e9 de visiter quelques villes afin de rencontrer de nouveaux contacts ou d&#8217;identifier de nouveaux sites.<\/p>\n<p>&nbsp;<\/p>\n<p><strong>Shanghai &#8211; la ville mondiale de la Chine<\/strong><\/p>\n<p>  Shanghai devrait toujours faire partie d&#8217;un voyage d&#8217;affaires en Chine. La m\u00e9tropole de 23 millions d&#8217;habitants (chiffres de 2010) est, outre  <span> <\/span>le principal n\u0153ud de communication du pays, un centre de culture et d&#8217;\u00e9ducation. De plus, depuis la guerre de l&#8217;opium avec la Grande-Bretagne en 1842, Shanghai est tr\u00e8s ouverte au commerce avec le monde occidental. Cela signifie en m\u00eame temps que la langue anglaise est courante, surtout dans le monde des affaires.  <span> <\/span>Aujourd&#8217;hui encore, Shanghai est le fleuron de l&#8217;industrie chinoise. Outre l&#8217;industrie textile, Shanghai est \u00e0 l&#8217;avant-garde de la production de pr\u00e9parations pharmaceutiques, de v\u00e9hicules et de produits imprim\u00e9s dans le pays. Aujourd&#8217;hui, environ 50 000 investisseurs \u00e9trangers se sont install\u00e9s \u00e0 Shanghai. Une bonne base pour nouer de nouveaux contacts en Chine.<\/p>\n<p>&nbsp;<\/p>\n<p><strong>Hong Kong &#8211; le centre financier de la Chine<\/strong><\/p>\n<p>  Hong Kong est \u00e9galement devenu un centre important pour les entreprises \u00e9trang\u00e8res. Notamment parce que la m\u00e9tropole a pris un statut lib\u00e9ral particulier en Chine. Depuis des ann\u00e9es, Hong Kong fait partie des secteurs financiers les plus importants au monde et d\u00e9pend donc aussi fortement du commerce international. D&#8217;autres avantages de la ville sont les taxes, qui sont faibles par rapport \u00e0 d&#8217;autres secteurs chinois. C&#8217;est pourquoi il n&#8217;y a pas que les achats qui sont particuli\u00e8rement avantageux, les investissements peuvent \u00e9galement \u00eatre rentables gr\u00e2ce au faible taux d&#8217;imposition.<\/p>\n<p>&nbsp;<\/p>\n<p><strong>P\u00e9kin, principal moteur \u00e9conomique<\/strong><\/p>\n<p>  P\u00e9kin est la capitale de la Chine et d\u00e9pend donc directement du gouvernement chinois, ce qui peut \u00eatre tout \u00e0 fait avantageux pour les entreprises \u00e9trang\u00e8res. En effet, le Premier ministre chinois consid\u00e8re l&#8217;Allemagne et la Chine comme le nouveau couple de r\u00eave et souhaite garantir un traitement \u00e9quitable aux investisseurs \u00e9trangers. Celle-ci, si elle entre en vigueur, viendra d&#8217;abord \u00e0 P\u00e9kin. Rien que pour cette raison, mais aussi parce que P\u00e9kin est le principal moteur \u00e9conomique de la Chine, la capitale chinoise est une destination incontournable lors d&#8217;un voyage d&#8217;affaires.<\/p>\n<p>&nbsp;<\/p>\n<p><strong>L&#8217;agence Frisch g\u00e8re l&#8217;ensemble de votre voyage d&#8217;affaires<\/strong><\/p>\n<p><span>Pr\u00e9paration au voyage par le conseil et la formation<\/span><\/p>\n<p><em>Planification et organisation de vos rendez-vous d&#8217;affaires<\/em><\/p>\n<p><span>Planification et organisation de votre voyage en avion et des liaisons int\u00e9rieures \u00e0 l&#8217;\u00e9tranger<\/span><\/p>\n<p><em>Organisation et planification de votre accompagnement en voyage<\/em><\/p>\n<p><span>Assistance pour les formalit\u00e9s d&#8217;entr\u00e9e<\/span><\/p>\n<p><span>Organisation de votre h\u00e9bergement<\/span><\/p>\n<p><span><\/span><\/p>\n<p><span><strong>Nous vous pr\u00e9parons pour la Chine  <\/strong><\/span><\/p>\n<p>Nous pr\u00e9parons avec vous votre voyage d&#8217;affaires afin que vous soyez parfaitement pr\u00e9par\u00e9. L&#8217;agence Frisch vous aide \u00e0 vous familiariser avec le pays de votre partenaire commercial.<\/p>\n<p>Formation aux comp\u00e9tences pour le march\u00e9 asiatique ou europ\u00e9en. Nous vous aidons \u00e0 faire la meilleure impression possible et \u00e0 pr\u00e9parer une collaboration interculturelle irr\u00e9prochable.<\/p>\n<p><strong>Nous vous assistons lors de votre arriv\u00e9e et de votre s\u00e9jour en Chine<\/strong><\/p>\n<p><span>Pour que votre voyage d&#8217;affaires soit un succ\u00e8s, nous vous assistons lors de votre s\u00e9jour en Chine.<\/span><\/p>\n<p><span>Gr\u00e2ce \u00e0 nos partenaires, collaborateurs et interlocuteurs sur place, nous pouvons r\u00e9aliser pour vous, entre autres, les services suivants :<\/span><\/p>\n<p><em>Transfert de l&#8217;a\u00e9roport \u00e0 l&#8217;h\u00f4tel<\/em><\/p>\n<p><span>Accompagnement lors de rendez-vous d&#8217;affaires, volontiers avec traduction<\/span><\/p>\n<p><em>Visites guid\u00e9es de villes et de villages<\/em><\/p>\n<p><span>Soutien dans l&#8217;organisation des loisirs<\/span><\/p>\n<p><em>Transferts au cours du voyage, par exemple vers d&#8217;autres villes ou d&#8217;autres partenaires commerciaux<\/em><\/p>\n<p><span>Transfert de retour \u00e0 l&#8217;a\u00e9roport de d\u00e9part<\/span><br \/><strong><br \/>Nous sommes \u00e9galement toujours \u00e0 votre disposition sur place. Veuillez discuter avec nous des d\u00e9tails de votre s\u00e9jour et nous vous ferons une offre pour r\u00e9aliser vos projets.<\/strong><span>.<\/span><\/p>\n<p><img loading=\"lazy\" decoding=\"async\" width=\"180\" height=\"101\" alt=\"\" src=\"http:\/\/www.ag-frisch.de\/cmsstore\/S73F5675.JPG\"><\/p>\n<p><strong>Sue Keke en voyage d&#8217;affaires avec des clients<\/strong><\/p>\n<p><strong><\/strong><\/p>\n<p><strong>Votre s\u00e9jour \u00e0 l&#8217;\u00e9tranger<\/strong><\/p>\n<p><strong> <\/strong><\/p>\n<p><strong><\/strong>Nous choisissons pour vous le meilleur h\u00e9bergement dans le pays de vos fournisseurs ou de vos clients. Nous avons d\u00e9j\u00e0 des contacts avec des h\u00f4tels et des auberges pour que vous puissiez trouver le meilleur h\u00e9bergement en fonction de vos besoins.<\/p>\n<p>Dans de nombreuses villes, il est \u00e9galement possible de vous loger \u00e0 un prix avantageux dans des appartements ou des chambres d&#8217;h\u00f4tes avec cuisine priv\u00e9e.<\/p>\n<p>Nous nous concentrons sur l&#8217;Allemagne et la Chine. Contactez-nous pour trouver la meilleure solution \u00e0 votre probl\u00e8me.<\/p>\n<p>Bien entendu, nous sommes \u00e9galement le bon interlocuteur pour votre arriv\u00e9e et nous vous assistons tr\u00e8s volontiers.<\/p>\n<p>&nbsp;<\/p>\n<h4><strong>Vous \u00eates vous-m\u00eame fournisseur et vous souhaitez vous pr\u00e9senter sur des salons en Allemagne ou en Chine ?<\/strong><\/h4>\n<p><span>Vous voulez acheter en Chine ou en Allemagne et vous cherchez un agent qui recherche des fournisseurs potentiels sur les salons locaux ?<\/span><\/p>\n<p><span>Dans ce cas, l&#8217;agence Frisch est le bon interlocuteur, car nous sommes volontiers \u00e0 votre disposition pour que la visite du salon soit un succ\u00e8s pour vous.<\/span><\/p>\n<p><span>Nous pr\u00e9parons les salons pour vous en tant qu&#8217;exposant et organisons l&#8217;ensemble du processus pour vous. De la r\u00e9servation de l&#8217;espace \u00e0 la r\u00e9alisation de la promotion, en passant par le montage et l&#8217;am\u00e9nagement du stand, nous vous apportons un soutien complet.<\/span><\/p>\n<p><span>ou<\/span><\/p>\n<p><span>nous visitons des salons et entrons en contact avec des fournisseurs potentiels pour vous Vous recevez des r\u00e9sultats et des rapports clairs, afin que nous soyons votre repr\u00e9sentant pour les achats sur le salon et que nous vous d\u00e9chargions ainsi.<\/span><\/p>\n<p>&nbsp;<\/p>\n<p>[\/et_pb_text][\/et_pb_column][\/et_pb_row][\/et_pb_section]<\/p>\n","protected":false},"excerpt":{"rendered":"<p>Voyage d&#8217;affaires ou visite d&#8217;usine en Chine ou en Europe &#8211; Nous sommes d\u00e9j\u00e0 sur place pour vous ! Vous \u00eates en Europe ou ailleurs en dehors de la Chine et vous souhaitez rendre visite \u00e0 vos partenaires commerciaux en Asie, principalement en Chine ? Nous vous soutenons lors de votre visite d&#8217;usine. M\u00eame si [&hellip;]<\/p>\n","protected":false},"author":2,"featured_media":0,"parent":0,"menu_order":0,"comment_status":"closed","ping_status":"closed","template":"","meta":{"_et_pb_use_builder":"on","_et_pb_old_content":"","_et_gb_content_width":"","footnotes":""},"class_list":["post-9927","page","type-page","status-publish","hentry"],"yoast_head":"<!-- This site is optimized with the Yoast SEO plugin v27.2 - https:\/\/yoast.com\/product\/yoast-seo-wordpress\/ -->\n<title>Visite d&#039;usine en Chine\/voyage d&#039;affaires en Chine<\/title>\n<meta name=\"description\" content=\"Visite de l&#039;usine en Chine- Voyage d&#039;affaires en Chine- Visite du fournisseur en Chine - se faire accompagner par des experts maintenant.\" \/>\n<meta name=\"robots\" content=\"index, follow, max-snippet:-1, max-image-preview:large, max-video-preview:-1\" \/>\n<link rel=\"canonical\" href=\"https:\/\/ag-frisch.com\/fr\/voyage-en-chine\/\" \/>\n<meta property=\"og:locale\" content=\"fr_FR\" \/>\n<meta property=\"og:type\" content=\"article\" \/>\n<meta property=\"og:title\" content=\"Visite d&#039;usine en Chine\/voyage d&#039;affaires en Chine\" \/>\n<meta property=\"og:description\" content=\"Visite de l&#039;usine en Chine- Voyage d&#039;affaires en Chine- Visite du fournisseur en Chine - se faire accompagner par des experts maintenant.\" \/>\n<meta property=\"og:url\" content=\"https:\/\/ag-frisch.com\/fr\/voyage-en-chine\/\" \/>\n<meta property=\"og:site_name\" content=\"China Import Beratung f\u00fcr den Einkauf aus China\" \/>\n<meta property=\"article:publisher\" content=\"https:\/\/www.facebook.com\/China.Import\" \/>\n<meta property=\"article:modified_time\" content=\"2023-01-27T04:16:46+00:00\" \/>\n<meta property=\"og:image\" content=\"http:\/\/www.ag-frisch.de\/cmsstore\/S73F5675.JPG\" \/>\n<meta name=\"twitter:card\" content=\"summary_large_image\" \/>\n<meta name=\"twitter:site\" content=\"@agenturfrisch\" \/>\n<meta name=\"twitter:label1\" content=\"Dur\u00e9e de lecture estim\u00e9e\" \/>\n\t<meta name=\"twitter:data1\" content=\"5 minutes\" \/>\n<script type=\"application\/ld+json\" class=\"yoast-schema-graph\">{\"@context\":\"https:\/\/schema.org\",\"@graph\":[{\"@type\":\"WebPage\",\"@id\":\"https:\/\/ag-frisch.com\/fr\/voyage-en-chine\/\",\"url\":\"https:\/\/ag-frisch.com\/fr\/voyage-en-chine\/\",\"name\":\"Visite d'usine en Chine\/voyage d'affaires en Chine\",\"isPartOf\":{\"@id\":\"https:\/\/ag-frisch.com\/de\/#website\"},\"primaryImageOfPage\":{\"@id\":\"https:\/\/ag-frisch.com\/fr\/voyage-en-chine\/#primaryimage\"},\"image\":{\"@id\":\"https:\/\/ag-frisch.com\/fr\/voyage-en-chine\/#primaryimage\"},\"thumbnailUrl\":\"http:\/\/www.ag-frisch.de\/cmsstore\/S73F5675.JPG\",\"datePublished\":\"2021-10-14T21:56:22+00:00\",\"dateModified\":\"2023-01-27T04:16:46+00:00\",\"description\":\"Visite de l'usine en Chine- Voyage d'affaires en Chine- Visite du fournisseur en Chine - se faire accompagner par des experts maintenant.\",\"breadcrumb\":{\"@id\":\"https:\/\/ag-frisch.com\/fr\/voyage-en-chine\/#breadcrumb\"},\"inLanguage\":\"fr-FR\",\"potentialAction\":[{\"@type\":\"ReadAction\",\"target\":[\"https:\/\/ag-frisch.com\/fr\/voyage-en-chine\/\"]}]},{\"@type\":\"ImageObject\",\"inLanguage\":\"fr-FR\",\"@id\":\"https:\/\/ag-frisch.com\/fr\/voyage-en-chine\/#primaryimage\",\"url\":\"http:\/\/www.ag-frisch.de\/cmsstore\/S73F5675.JPG\",\"contentUrl\":\"http:\/\/www.ag-frisch.de\/cmsstore\/S73F5675.JPG\"},{\"@type\":\"BreadcrumbList\",\"@id\":\"https:\/\/ag-frisch.com\/fr\/voyage-en-chine\/#breadcrumb\",\"itemListElement\":[{\"@type\":\"ListItem\",\"position\":1,\"name\":\"Startseite\",\"item\":\"https:\/\/ag-frisch.com\/de\/\"},{\"@type\":\"ListItem\",\"position\":2,\"name\":\"Voyage en Chine\"}]},{\"@type\":\"WebSite\",\"@id\":\"https:\/\/ag-frisch.com\/de\/#website\",\"url\":\"https:\/\/ag-frisch.com\/de\/\",\"name\":\"China Import Beratung f\u00fcr den Einkauf aus China\",\"description\":\"China Import &amp; Export Beratung - Der Dienstleister Ihres Vertrauens f\u00fcr Ihren China Import\",\"publisher\":{\"@id\":\"https:\/\/ag-frisch.com\/de\/#organization\"},\"potentialAction\":[{\"@type\":\"SearchAction\",\"target\":{\"@type\":\"EntryPoint\",\"urlTemplate\":\"https:\/\/ag-frisch.com\/de\/?s={search_term_string}\"},\"query-input\":{\"@type\":\"PropertyValueSpecification\",\"valueRequired\":true,\"valueName\":\"search_term_string\"}}],\"inLanguage\":\"fr-FR\"},{\"@type\":\"Organization\",\"@id\":\"https:\/\/ag-frisch.com\/de\/#organization\",\"name\":\"Agentur Frisch International Consulting GmbH & Co. KG\",\"url\":\"https:\/\/ag-frisch.com\/de\/\",\"logo\":{\"@type\":\"ImageObject\",\"inLanguage\":\"fr-FR\",\"@id\":\"https:\/\/ag-frisch.com\/de\/#\/schema\/logo\/image\/\",\"url\":\"https:\/\/ag-frisch.com\/wp-content\/uploads\/2021\/08\/ag_logo_rgb_300_small.png\",\"contentUrl\":\"https:\/\/ag-frisch.com\/wp-content\/uploads\/2021\/08\/ag_logo_rgb_300_small.png\",\"width\":153,\"height\":102,\"caption\":\"Agentur Frisch International Consulting GmbH & Co. KG\"},\"image\":{\"@id\":\"https:\/\/ag-frisch.com\/de\/#\/schema\/logo\/image\/\"},\"sameAs\":[\"https:\/\/www.facebook.com\/China.Import\",\"https:\/\/x.com\/agenturfrisch\"]}]}<\/script>\n<!-- \/ Yoast SEO plugin. -->","yoast_head_json":{"title":"Visite d'usine en Chine\/voyage d'affaires en Chine","description":"Visite de l'usine en Chine- Voyage d'affaires en Chine- Visite du fournisseur en Chine - se faire accompagner par des experts maintenant.","robots":{"index":"index","follow":"follow","max-snippet":"max-snippet:-1","max-image-preview":"max-image-preview:large","max-video-preview":"max-video-preview:-1"},"canonical":"https:\/\/ag-frisch.com\/fr\/voyage-en-chine\/","og_locale":"fr_FR","og_type":"article","og_title":"Visite d'usine en Chine\/voyage d'affaires en Chine","og_description":"Visite de l'usine en Chine- Voyage d'affaires en Chine- Visite du fournisseur en Chine - se faire accompagner par des experts maintenant.","og_url":"https:\/\/ag-frisch.com\/fr\/voyage-en-chine\/","og_site_name":"China Import Beratung f\u00fcr den Einkauf aus China","article_publisher":"https:\/\/www.facebook.com\/China.Import","article_modified_time":"2023-01-27T04:16:46+00:00","og_image":[{"url":"http:\/\/www.ag-frisch.de\/cmsstore\/S73F5675.JPG","type":"","width":"","height":""}],"twitter_card":"summary_large_image","twitter_site":"@agenturfrisch","twitter_misc":{"Dur\u00e9e de lecture estim\u00e9e":"5 minutes"},"schema":{"@context":"https:\/\/schema.org","@graph":[{"@type":"WebPage","@id":"https:\/\/ag-frisch.com\/fr\/voyage-en-chine\/","url":"https:\/\/ag-frisch.com\/fr\/voyage-en-chine\/","name":"Visite d'usine en Chine\/voyage d'affaires en Chine","isPartOf":{"@id":"https:\/\/ag-frisch.com\/de\/#website"},"primaryImageOfPage":{"@id":"https:\/\/ag-frisch.com\/fr\/voyage-en-chine\/#primaryimage"},"image":{"@id":"https:\/\/ag-frisch.com\/fr\/voyage-en-chine\/#primaryimage"},"thumbnailUrl":"http:\/\/www.ag-frisch.de\/cmsstore\/S73F5675.JPG","datePublished":"2021-10-14T21:56:22+00:00","dateModified":"2023-01-27T04:16:46+00:00","description":"Visite de l'usine en Chine- Voyage d'affaires en Chine- Visite du fournisseur en Chine - se faire accompagner par des experts maintenant.","breadcrumb":{"@id":"https:\/\/ag-frisch.com\/fr\/voyage-en-chine\/#breadcrumb"},"inLanguage":"fr-FR","potentialAction":[{"@type":"ReadAction","target":["https:\/\/ag-frisch.com\/fr\/voyage-en-chine\/"]}]},{"@type":"ImageObject","inLanguage":"fr-FR","@id":"https:\/\/ag-frisch.com\/fr\/voyage-en-chine\/#primaryimage","url":"http:\/\/www.ag-frisch.de\/cmsstore\/S73F5675.JPG","contentUrl":"http:\/\/www.ag-frisch.de\/cmsstore\/S73F5675.JPG"},{"@type":"BreadcrumbList","@id":"https:\/\/ag-frisch.com\/fr\/voyage-en-chine\/#breadcrumb","itemListElement":[{"@type":"ListItem","position":1,"name":"Startseite","item":"https:\/\/ag-frisch.com\/de\/"},{"@type":"ListItem","position":2,"name":"Voyage en Chine"}]},{"@type":"WebSite","@id":"https:\/\/ag-frisch.com\/de\/#website","url":"https:\/\/ag-frisch.com\/de\/","name":"China Import Beratung f\u00fcr den Einkauf aus China","description":"China Import &amp; Export Beratung - Der Dienstleister Ihres Vertrauens f\u00fcr Ihren China Import","publisher":{"@id":"https:\/\/ag-frisch.com\/de\/#organization"},"potentialAction":[{"@type":"SearchAction","target":{"@type":"EntryPoint","urlTemplate":"https:\/\/ag-frisch.com\/de\/?s={search_term_string}"},"query-input":{"@type":"PropertyValueSpecification","valueRequired":true,"valueName":"search_term_string"}}],"inLanguage":"fr-FR"},{"@type":"Organization","@id":"https:\/\/ag-frisch.com\/de\/#organization","name":"Agentur Frisch International Consulting GmbH & Co. KG","url":"https:\/\/ag-frisch.com\/de\/","logo":{"@type":"ImageObject","inLanguage":"fr-FR","@id":"https:\/\/ag-frisch.com\/de\/#\/schema\/logo\/image\/","url":"https:\/\/ag-frisch.com\/wp-content\/uploads\/2021\/08\/ag_logo_rgb_300_small.png","contentUrl":"https:\/\/ag-frisch.com\/wp-content\/uploads\/2021\/08\/ag_logo_rgb_300_small.png","width":153,"height":102,"caption":"Agentur Frisch International Consulting GmbH & Co. KG"},"image":{"@id":"https:\/\/ag-frisch.com\/de\/#\/schema\/logo\/image\/"},"sameAs":["https:\/\/www.facebook.com\/China.Import","https:\/\/x.com\/agenturfrisch"]}]}},"_links":{"self":[{"href":"https:\/\/ag-frisch.com\/fr\/wp-json\/wp\/v2\/pages\/9927","targetHints":{"allow":["GET"]}}],"collection":[{"href":"https:\/\/ag-frisch.com\/fr\/wp-json\/wp\/v2\/pages"}],"about":[{"href":"https:\/\/ag-frisch.com\/fr\/wp-json\/wp\/v2\/types\/page"}],"author":[{"embeddable":true,"href":"https:\/\/ag-frisch.com\/fr\/wp-json\/wp\/v2\/users\/2"}],"replies":[{"embeddable":true,"href":"https:\/\/ag-frisch.com\/fr\/wp-json\/wp\/v2\/comments?post=9927"}],"version-history":[{"count":0,"href":"https:\/\/ag-frisch.com\/fr\/wp-json\/wp\/v2\/pages\/9927\/revisions"}],"wp:attachment":[{"href":"https:\/\/ag-frisch.com\/fr\/wp-json\/wp\/v2\/media?parent=9927"}],"curies":[{"name":"wp","href":"https:\/\/api.w.org\/{rel}","templated":true}]}}