{"id":10046,"date":"2021-10-16T20:10:48","date_gmt":"2021-10-16T18:10:48","guid":{"rendered":"https:\/\/ag-frisch.com\/pregiudizio-nei-confronti-dei-cinesi\/"},"modified":"2023-01-27T05:19:09","modified_gmt":"2023-01-27T04:19:09","slug":"pregiudizio-nei-confronti-dei-cinesi","status":"publish","type":"page","link":"https:\/\/ag-frisch.com\/it\/pagine-informative\/pregiudizio-nei-confronti-dei-cinesi\/","title":{"rendered":"Pregiudizio nei confronti dei cinesi"},"content":{"rendered":"<p>[et_pb_section fb_built=&#8221;1&#8243; _builder_version=&#8221;4.16&#8243; _module_preset=&#8221;default&#8221; global_colors_info=&#8221;{}&#8221;][et_pb_row _builder_version=&#8221;4.16&#8243; _module_preset=&#8221;default&#8221; global_colors_info=&#8221;{}&#8221;][et_pb_column type=&#8221;4_4&#8243; _builder_version=&#8221;4.16&#8243; _module_preset=&#8221;default&#8221; global_colors_info=&#8221;{}&#8221;][et_pb_text _builder_version=&#8221;4.18.1&#8243; _module_preset=&#8221;default&#8221; global_colors_info=&#8221;{}&#8221;]<\/p>\n<h1 class=\"content_pageheader_v2\">Pregiudizi nei confronti dei cinesi<\/h1>\n<p>&nbsp;<\/p>\n<div class=\"content_floattext\">\n<p><strong>Ci sono molti pregiudizi nei confronti dei cinesi<\/strong><\/p>\n<div>\n<p>Lo sa anche l&#8217;Agenzia Frisch. L&#8217;agenzia Frisch International Consulting \u00e8 un&#8217;agenzia di importazione e organizza per i suoi clienti interi progetti di importazione dalla Cina. In questa pagina vorremmo affrontare i pregiudizi esistenti nei confronti della Cina e dei cinesi:<\/p>\n<p>&nbsp;<\/p>\n<p> <strong style=\"font-size: 14px;\">In Cina si mangiano cani e gatti<\/strong><\/p>\n<\/div>\n<div>Questa \u00e8 solo una mezza verit\u00e0. La Cina \u00e8 incredibilmente grande, molto pi\u00f9 dell&#8217;Europa. Anche in Europa abbiamo abitudini alimentari insolite. Basta guardare alla Spagna, alla Grecia o all&#8217;Italia. Naturalmente, anche le abitudini alimentari in Cina variano notevolmente da provincia a provincia. Nella provincia del Guangdong, la gente \u00e8 nota per le abitudini alimentari che la maggior parte degli abitanti di altre province della Cina non pu\u00f2 conoscere. Anche le persone di altre province trovano incomprensibile come noi mangiare cani o gatti. Nel Guangdong ci sono effettivamente zone in cui la carne di cane o di gatto \u00e8 molto popolare e fa parte delle normali abitudini alimentari.<\/div>\n<div><\/div>\n<div><\/div>\n<div><\/div>\n<div><\/div>\n<div>\n<p><strong><\/strong><\/p>\n<p><strong><\/strong><\/p>\n<p><strong>Tutti i cinesi sono piccoli<\/strong><br \/>Anche questo non \u00e8 corretto. Basta leggere il Guinness dei primati, che indica un cinese come l&#8217;uomo naturalmente pi\u00f9 alto. Anche la donna pi\u00f9 alta del mondo proviene dalla Cina. In Cina, le dimensioni del corpo variano da regione a regione. Cos\u00ec come qui un norvegese \u00e8 solitamente pi\u00f9 alto di un italiano, anche in Cina i cinesi del nord, come Pechino o Tianjin, sono solitamente molto pi\u00f9 alti dei cinesi del sud, come Hunan o Guangdong.<br \/><strong><br \/>Tutti i cinesi possono avere un solo figlio<br \/><\/strong>Esiste una politica del figlio unico, ma non interferisce con le decisioni individuali come si pensa in Occidente. Ci sono numerose eccezioni. In linea di principio, la politica del figlio unico non si applica ai 56 popoli della Cina che non sono cinesi Han. Inoltre, la politica del figlio unico si applica anche ai cinesi Han solo se si \u00e8 registrati come famiglia notificata in alcune citt\u00e0. Nei piccoli centri e nelle aree rurali, cos\u00ec come in molti distretti amministrati da citt\u00e0 pi\u00f9 grandi, questo non si applica. A differenza di quanto avviene qui, non si viene immediatamente conteggiati come residenti di una citt\u00e0 se si ha la residenza l\u00ec, ma l&#8217;intero nucleo familiare deve essere registrato per la citt\u00e0. Per ottenere l&#8217;approvazione del riconoscimento della famiglia per una citt\u00e0 pi\u00f9 grande, ancora una volta devono essere soddisfatti molti requisiti (ad esempio, laurea, carriera professionale, reddito certo, ecc.) Se vivete in una citt\u00e0 in cui si applica la politica del figlio unico, ma il vostro nucleo familiare \u00e8 ancora ufficialmente in un villaggio, la disposizione sul figlio unico non si applica a voi. Tuttavia, con determinate richieste e sanzioni, il divieto di avere un secondo figlio pu\u00f2 essere abolito anche per i proprietari di case nelle grandi citt\u00e0 &#8211; e chi gestisce il proprio nucleo familiare in una grande citt\u00e0 di solito pu\u00f2 permetterselo.<\/p>\n<p><strong>Il Partito Comunista determina tutto in Cina<\/strong><br \/>Anche questo aspetto viene travisato dai media occidentali. Il partito comunista non esiste in quanto tale, ma tutti i partiti in Cina sono comunisti perch\u00e9 la Cina \u00e8 un Paese comunista. Esiste quindi un gran numero di partiti e di politici uniti come partiti comunisti. Questa alleanza \u00e8 composta da molti partiti diversi con gli interessi pi\u00f9 disparati, che lottano sempre per affermare i propri interessi nella federazione. Pertanto, in questa federazione sono presenti le pi\u00f9 diverse influenze dei pi\u00f9 diversi gruppi di interesse provenienti dalle diverse province.<\/p>\n<\/div>\n<\/div>\n<p>[\/et_pb_text][\/et_pb_column][\/et_pb_row][et_pb_row _builder_version=&#8221;4.18.1&#8243; _module_preset=&#8221;default&#8221; global_colors_info=&#8221;{}&#8221;][et_pb_column type=&#8221;4_4&#8243; _builder_version=&#8221;4.18.1&#8243; _module_preset=&#8221;default&#8221; global_colors_info=&#8221;{}&#8221;][\/et_pb_column][\/et_pb_row][\/et_pb_section]<\/p>\n","protected":false},"excerpt":{"rendered":"<p>Pregiudizi nei confronti dei cinesi &nbsp; Ci sono molti pregiudizi nei confronti dei cinesi Lo sa anche l&#8217;Agenzia Frisch. L&#8217;agenzia Frisch International Consulting \u00e8 un&#8217;agenzia di importazione e organizza per i suoi clienti interi progetti di importazione dalla Cina. In questa pagina vorremmo affrontare i pregiudizi esistenti nei confronti della Cina e dei cinesi: &nbsp; [&hellip;]<\/p>\n","protected":false},"author":2,"featured_media":0,"parent":7288,"menu_order":0,"comment_status":"open","ping_status":"closed","template":"","meta":{"_et_pb_use_builder":"on","_et_pb_old_content":"","_et_gb_content_width":"","footnotes":""},"class_list":["post-10046","page","type-page","status-publish","hentry"],"yoast_head":"<!-- This site is optimized with the Yoast SEO plugin v27.4 - https:\/\/yoast.com\/product\/yoast-seo-wordpress\/ -->\n<title>Comprendere e valutare i pregiudizi nei confronti dei cinesi<\/title>\n<meta name=\"description\" content=\"Verificare i pregiudizi nei confronti dei cinesi \u2713 Valutare i partner commerciali in Cina \u2713 \u25bb Ottenere subito la consulenza di un esperto!\" \/>\n<meta name=\"robots\" content=\"noindex, nofollow\" \/>\n<meta property=\"og:locale\" content=\"it_IT\" \/>\n<meta property=\"og:type\" content=\"article\" \/>\n<meta property=\"og:title\" content=\"Comprendere e valutare i pregiudizi nei confronti dei cinesi\" \/>\n<meta property=\"og:description\" content=\"Verificare i pregiudizi nei confronti dei cinesi \u2713 Valutare i partner commerciali in Cina \u2713 \u25bb Ottenere subito la consulenza di un esperto!\" \/>\n<meta property=\"og:url\" content=\"https:\/\/ag-frisch.com\/de\/?page_id=865\" \/>\n<meta property=\"og:site_name\" content=\"China Import Beratung f\u00fcr den Einkauf aus China\" \/>\n<meta property=\"article:publisher\" content=\"https:\/\/www.facebook.com\/China.Import\" \/>\n<meta property=\"article:modified_time\" content=\"2023-01-27T04:19:09+00:00\" \/>\n<meta name=\"twitter:card\" content=\"summary_large_image\" \/>\n<meta name=\"twitter:site\" content=\"@agenturfrisch\" \/>\n<meta name=\"twitter:label1\" content=\"Tempo di lettura stimato\" \/>\n\t<meta name=\"twitter:data1\" content=\"3 minuti\" \/>\n<script type=\"application\/ld+json\" class=\"yoast-schema-graph\">{\"@context\":\"https:\\\/\\\/schema.org\",\"@graph\":[{\"@type\":\"WebPage\",\"@id\":\"https:\\\/\\\/ag-frisch.com\\\/de\\\/?page_id=865\",\"url\":\"https:\\\/\\\/ag-frisch.com\\\/de\\\/?page_id=865\",\"name\":\"Comprendere e valutare i pregiudizi nei confronti dei cinesi\",\"isPartOf\":{\"@id\":\"https:\\\/\\\/ag-frisch.com\\\/de\\\/#website\"},\"datePublished\":\"2021-10-16T18:10:48+00:00\",\"dateModified\":\"2023-01-27T04:19:09+00:00\",\"description\":\"Verificare i pregiudizi nei confronti dei cinesi \u2713 Valutare i partner commerciali in Cina \u2713 \u25bb Ottenere subito la consulenza di un esperto!\",\"breadcrumb\":{\"@id\":\"https:\\\/\\\/ag-frisch.com\\\/de\\\/?page_id=865#breadcrumb\"},\"inLanguage\":\"it-IT\",\"potentialAction\":[{\"@type\":\"ReadAction\",\"target\":[\"https:\\\/\\\/ag-frisch.com\\\/de\\\/?page_id=865\"]}]},{\"@type\":\"BreadcrumbList\",\"@id\":\"https:\\\/\\\/ag-frisch.com\\\/de\\\/?page_id=865#breadcrumb\",\"itemListElement\":[{\"@type\":\"ListItem\",\"position\":1,\"name\":\"Startseite\",\"item\":\"https:\\\/\\\/ag-frisch.com\\\/de\\\/\"},{\"@type\":\"ListItem\",\"position\":2,\"name\":\"Pregiudizio nei confronti dei cinesi\"}]},{\"@type\":\"WebSite\",\"@id\":\"https:\\\/\\\/ag-frisch.com\\\/de\\\/#website\",\"url\":\"https:\\\/\\\/ag-frisch.com\\\/de\\\/\",\"name\":\"China Import Beratung f\u00fcr den Einkauf aus China\",\"description\":\"China Import &amp; Export Beratung - Der Dienstleister Ihres Vertrauens f\u00fcr Ihren China Import\",\"publisher\":{\"@id\":\"https:\\\/\\\/ag-frisch.com\\\/de\\\/#organization\"},\"potentialAction\":[{\"@type\":\"SearchAction\",\"target\":{\"@type\":\"EntryPoint\",\"urlTemplate\":\"https:\\\/\\\/ag-frisch.com\\\/de\\\/?s={search_term_string}\"},\"query-input\":{\"@type\":\"PropertyValueSpecification\",\"valueRequired\":true,\"valueName\":\"search_term_string\"}}],\"inLanguage\":\"it-IT\"},{\"@type\":\"Organization\",\"@id\":\"https:\\\/\\\/ag-frisch.com\\\/de\\\/#organization\",\"name\":\"Agentur Frisch International Consulting GmbH & Co. KG\",\"url\":\"https:\\\/\\\/ag-frisch.com\\\/de\\\/\",\"logo\":{\"@type\":\"ImageObject\",\"inLanguage\":\"it-IT\",\"@id\":\"https:\\\/\\\/ag-frisch.com\\\/de\\\/#\\\/schema\\\/logo\\\/image\\\/\",\"url\":\"https:\\\/\\\/ag-frisch.com\\\/wp-content\\\/uploads\\\/2021\\\/08\\\/ag_logo_rgb_300_small.png\",\"contentUrl\":\"https:\\\/\\\/ag-frisch.com\\\/wp-content\\\/uploads\\\/2021\\\/08\\\/ag_logo_rgb_300_small.png\",\"width\":153,\"height\":102,\"caption\":\"Agentur Frisch International Consulting GmbH & Co. KG\"},\"image\":{\"@id\":\"https:\\\/\\\/ag-frisch.com\\\/de\\\/#\\\/schema\\\/logo\\\/image\\\/\"},\"sameAs\":[\"https:\\\/\\\/www.facebook.com\\\/China.Import\",\"https:\\\/\\\/x.com\\\/agenturfrisch\"]}]}<\/script>\n<!-- \/ Yoast SEO plugin. -->","yoast_head_json":{"title":"Comprendere e valutare i pregiudizi nei confronti dei cinesi","description":"Verificare i pregiudizi nei confronti dei cinesi \u2713 Valutare i partner commerciali in Cina \u2713 \u25bb Ottenere subito la consulenza di un esperto!","robots":{"index":"noindex","follow":"nofollow"},"og_locale":"it_IT","og_type":"article","og_title":"Comprendere e valutare i pregiudizi nei confronti dei cinesi","og_description":"Verificare i pregiudizi nei confronti dei cinesi \u2713 Valutare i partner commerciali in Cina \u2713 \u25bb Ottenere subito la consulenza di un esperto!","og_url":"https:\/\/ag-frisch.com\/de\/?page_id=865","og_site_name":"China Import Beratung f\u00fcr den Einkauf aus China","article_publisher":"https:\/\/www.facebook.com\/China.Import","article_modified_time":"2023-01-27T04:19:09+00:00","twitter_card":"summary_large_image","twitter_site":"@agenturfrisch","twitter_misc":{"Tempo di lettura stimato":"3 minuti"},"schema":{"@context":"https:\/\/schema.org","@graph":[{"@type":"WebPage","@id":"https:\/\/ag-frisch.com\/de\/?page_id=865","url":"https:\/\/ag-frisch.com\/de\/?page_id=865","name":"Comprendere e valutare i pregiudizi nei confronti dei cinesi","isPartOf":{"@id":"https:\/\/ag-frisch.com\/de\/#website"},"datePublished":"2021-10-16T18:10:48+00:00","dateModified":"2023-01-27T04:19:09+00:00","description":"Verificare i pregiudizi nei confronti dei cinesi \u2713 Valutare i partner commerciali in Cina \u2713 \u25bb Ottenere subito la consulenza di un esperto!","breadcrumb":{"@id":"https:\/\/ag-frisch.com\/de\/?page_id=865#breadcrumb"},"inLanguage":"it-IT","potentialAction":[{"@type":"ReadAction","target":["https:\/\/ag-frisch.com\/de\/?page_id=865"]}]},{"@type":"BreadcrumbList","@id":"https:\/\/ag-frisch.com\/de\/?page_id=865#breadcrumb","itemListElement":[{"@type":"ListItem","position":1,"name":"Startseite","item":"https:\/\/ag-frisch.com\/de\/"},{"@type":"ListItem","position":2,"name":"Pregiudizio nei confronti dei cinesi"}]},{"@type":"WebSite","@id":"https:\/\/ag-frisch.com\/de\/#website","url":"https:\/\/ag-frisch.com\/de\/","name":"China Import Beratung f\u00fcr den Einkauf aus China","description":"China Import &amp; Export Beratung - Der Dienstleister Ihres Vertrauens f\u00fcr Ihren China Import","publisher":{"@id":"https:\/\/ag-frisch.com\/de\/#organization"},"potentialAction":[{"@type":"SearchAction","target":{"@type":"EntryPoint","urlTemplate":"https:\/\/ag-frisch.com\/de\/?s={search_term_string}"},"query-input":{"@type":"PropertyValueSpecification","valueRequired":true,"valueName":"search_term_string"}}],"inLanguage":"it-IT"},{"@type":"Organization","@id":"https:\/\/ag-frisch.com\/de\/#organization","name":"Agentur Frisch International Consulting GmbH & Co. KG","url":"https:\/\/ag-frisch.com\/de\/","logo":{"@type":"ImageObject","inLanguage":"it-IT","@id":"https:\/\/ag-frisch.com\/de\/#\/schema\/logo\/image\/","url":"https:\/\/ag-frisch.com\/wp-content\/uploads\/2021\/08\/ag_logo_rgb_300_small.png","contentUrl":"https:\/\/ag-frisch.com\/wp-content\/uploads\/2021\/08\/ag_logo_rgb_300_small.png","width":153,"height":102,"caption":"Agentur Frisch International Consulting GmbH & Co. KG"},"image":{"@id":"https:\/\/ag-frisch.com\/de\/#\/schema\/logo\/image\/"},"sameAs":["https:\/\/www.facebook.com\/China.Import","https:\/\/x.com\/agenturfrisch"]}]}},"_links":{"self":[{"href":"https:\/\/ag-frisch.com\/it\/wp-json\/wp\/v2\/pages\/10046","targetHints":{"allow":["GET"]}}],"collection":[{"href":"https:\/\/ag-frisch.com\/it\/wp-json\/wp\/v2\/pages"}],"about":[{"href":"https:\/\/ag-frisch.com\/it\/wp-json\/wp\/v2\/types\/page"}],"author":[{"embeddable":true,"href":"https:\/\/ag-frisch.com\/it\/wp-json\/wp\/v2\/users\/2"}],"replies":[{"embeddable":true,"href":"https:\/\/ag-frisch.com\/it\/wp-json\/wp\/v2\/comments?post=10046"}],"version-history":[{"count":0,"href":"https:\/\/ag-frisch.com\/it\/wp-json\/wp\/v2\/pages\/10046\/revisions"}],"up":[{"embeddable":true,"href":"https:\/\/ag-frisch.com\/it\/wp-json\/wp\/v2\/pages\/7288"}],"wp:attachment":[{"href":"https:\/\/ag-frisch.com\/it\/wp-json\/wp\/v2\/media?parent=10046"}],"curies":[{"name":"wp","href":"https:\/\/api.w.org\/{rel}","templated":true}]}}