{"id":10137,"date":"2021-10-25T21:31:12","date_gmt":"2021-10-25T19:31:12","guid":{"rendered":"https:\/\/ag-frisch.com\/controllo-della-produzione\/"},"modified":"2023-01-27T05:19:18","modified_gmt":"2023-01-27T04:19:18","slug":"controllo-della-produzione","status":"publish","type":"page","link":"https:\/\/ag-frisch.com\/it\/controllo-della-produzione\/","title":{"rendered":"Controllo della produzione"},"content":{"rendered":"<p>[et_pb_section fb_built=&#8221;1&#8243; _builder_version=&#8221;4.16&#8243; global_colors_info=&#8221;{}&#8221;][et_pb_row _builder_version=&#8221;4.18.1&#8243; _module_preset=&#8221;default&#8221; global_colors_info=&#8221;{}&#8221;][et_pb_column type=&#8221;4_4&#8243; _builder_version=&#8221;4.18.1&#8243; _module_preset=&#8221;default&#8221; global_colors_info=&#8221;{}&#8221;][et_pb_cta title=&#8221;Consulenza sulle importazioni dalla Cina&#8221; button_url=&#8221;https:\/\/ag-frisch.com\/it\/contatto\/&#8221; button_text=&#8221;Prenota ora una consulenza&#8221; _builder_version=&#8221;4.16&#8243; _module_preset=&#8221;default&#8221; global_colors_info=&#8221;{}&#8221;]<\/p>\n<p>Con la consulenza dell&#8217;Agenzia di importazione cinese Frisch, riuscirete a fare affari con la Cina come se fossero fatti da professionisti.  <\/p>\n<p>[\/et_pb_cta][\/et_pb_column][\/et_pb_row][et_pb_row _builder_version=&#8221;4.16&#8243; background_size=&#8221;initial&#8221; background_position=&#8221;top_left&#8221; background_repeat=&#8221;repeat&#8221; global_colors_info=&#8221;{}&#8221;][et_pb_column type=&#8221;4_4&#8243; _builder_version=&#8221;4.16&#8243; custom_padding=&#8221;|||&#8221; global_colors_info=&#8221;{}&#8221; custom_padding__hover=&#8221;|||&#8221;][et_pb_text _builder_version=&#8221;4.18.1&#8243; background_size=&#8221;initial&#8221; background_position=&#8221;top_left&#8221; background_repeat=&#8221;repeat&#8221; hover_enabled=&#8221;0&#8243; global_colors_info=&#8221;{}&#8221; sticky_enabled=&#8221;0&#8243;]<\/p>\n<h1>Controllo della produzione: monitoraggio della produzione in Cina<\/h1>\n<p>Se nella vostra produzione ci sono alcune fasi o sezioni di produzione che richiedono una particolare diversit\u00e0 o in cui i difetti si verificano con particolare frequenza, possiamo far monitorare tali fasi in particolare durante l&#8217;ispezione durante la produzione. L&#8217;ispezione intermedia ha senso anche nella produzione di prodotti in cui la rilavorazione sarebbe impossibile o molto difficile, come l&#8217;abbigliamento. Una volta tagliato in modo errato, probabilmente non c&#8217;\u00e8 modo di rimediare. Per questi prodotti, l&#8217;ispezione intermedia avviene di solito dopo il 20-40% della produzione, per evitare scarti al 100% se ci sono gi\u00e0 stati dei difetti, ma per eliminare i problemi direttamente all&#8217;inizio o ancora in tempo. In molti casi, l&#8217;ispettore pu\u00f2 anche fornire idee e suggerimenti per migliorare i piani di produzione al fine di migliorare le fasi di produzione anche a lungo termine senza un monitoraggio costante.<\/p>\n<p>&nbsp;<\/p>\n<h1><strong>Fonti di errore nella produzione<\/strong><\/h1>\n<p><strong> <\/strong><\/p>\n<p>I nostri collaboratori sono in grado di individuare le fonti di errore gi\u00e0 in fabbrica durante la produzione e di migliorare la qualit\u00e0 per il resto della produzione o di fornire un supporto per evitare direttamente certi errori nel collaudo di alcune fasi.<\/p>\n<p>&nbsp;<\/p>\n<h2><strong>Monitoraggio della produzione dell&#8217;ordine<\/strong><\/h2>\n<p><strong>Monitoraggio e controllo della produzione in Cina<\/strong><\/p>\n<p>Se i difetti si verificano in serie, spesso sono dovuti a un monitoraggio inadeguato della produzione. \u00c8 importante effettuare controlli particolarmente intensivi in questa fase dell&#8217;attivit\u00e0 di importazione per evitare danni. L&#8217;Agenzia Frisch sar\u00e0 lieta di occuparsi anche di questo servizio per voi. Ci avvaliamo di ispettori verificati che ci sono fedeli e della cui supervisione della produzione in Cina possiamo fidarci. A seconda dei requisiti e del prodotto, possono essere esperti certificati che facciamo arrivare dalla Germania o assistenti locali esperti. Per gli ordini particolarmente importanti, ci convinciamo in loco che la produzione proceda senza intoppi.<\/p>\n<p>Un monitoraggio tempestivo e completo dei processi produttivi in Cina pu\u00f2 proteggervi, ad esempio, dalle seguenti carenze:<\/p>\n<ul>\n<li>Consegne sbagliate<\/li>\n<li>Difetti di qualit\u00e0<\/li>\n<li>Dettagli dimenticati\/errati<\/li>\n<\/ul>\n<p>&nbsp;<\/p>\n<p><strong>&#8220;La fiducia \u00e8 buona, il controllo \u00e8 migliore&#8221;<\/strong><\/p>\n<p>Fedeli al motto &#8220;Fidarsi \u00e8 bene, controllarsi \u00e8 meglio&#8221;, ci assicuriamo che il vostro ordine sia strettamente monitorato durante la produzione. In questo modo, i guasti possono essere individuati ed eliminati il pi\u00f9 rapidamente possibile, escludendo danni gravi. \u00c8 stato dimostrato che il monitoraggio esterno della produzione in Cina \u00e8 spesso utile. Per questo motivo, impieghiamo i nostri ispettori a questo scopo.<\/p>\n<p>&nbsp;<\/p>\n<p><strong>Ispettori propri per il controllo della produzione in Cina<\/strong><\/p>\n<p>Per ottenere risultati indipendenti e poter cos\u00ec monitorare i processi produttivi in Cina in modo ancora pi\u00f9 affidabile, lavoriamo con i nostri ispettori. Si tratta di professionisti incaricati da noi e impegnati esclusivamente con noi. Di solito lavorano in tre classi di esperti:<\/p>\n<ul>\n<li><strong>Assistente  <\/strong><\/li>\n<\/ul>\n<p>Si tratta di dipendenti con cui di solito lavoriamo da anni. La maggior parte di loro non ha una laurea in ingegneria, ma ha una vasta esperienza professionale. Sono controllori ideali per lavori semplici.<\/p>\n<p>&nbsp;<\/p>\n<ul>\n<li><strong>Esperto Junior<\/strong><\/li>\n<\/ul>\n<p>I nostri esperti junior sono ingegneri laureati con un massimo di tre anni di esperienza professionale specifica. I controllori di questo livello esperto sono adatti a supervisionare produzioni di media difficolt\u00e0.<\/p>\n<p>&nbsp;<\/p>\n<ul>\n<li><strong>Esperto senior<\/strong><\/li>\n<\/ul>\n<p>Coloro che vengono nominati da noi come Esperti Senior hanno una laurea in ingegneria e molti anni di esperienza professionale in un settore rilevante. Questi esperti possono anche monitorare procedure complesse ed eseguire test difficili.<\/p>\n<p>&nbsp;<\/p>\n<p><strong>Monitoraggio completo o parziale della produzione in Cina<\/strong><\/p>\n<p>A seconda dell&#8217;ordine, \u00e8 anche possibile che l&#8217;intero processo di produzione in Cina non sia strettamente monitorato, ma che sia sufficiente il controllo di sottofasi critiche. \u00c8 un modo sensato per risparmiare sui costi. Grazie alla nostra esperienza e competenza, saremo lieti di consigliarvi anche su questo punto e di creare un concetto di ispezione.<\/p>\n<p>&nbsp;<\/p>\n<p><strong>inspekt4u &#8211; la societ\u00e0 di ispezione interna<\/strong><\/p>\n<p>Con inspekt4u abbiamo fondato una societ\u00e0 affiliata che si occupa interamente di garantire la qualit\u00e0 dei vostri ordini. Operiamo principalmente in Cina, ma anche in India, Vietnam, Taiwan e Corea. Inspekt4u impiega solo personale affidabile. L&#8217;azienda offre i seguenti servizi, tra gli altri, attraverso l&#8217;Agentur Frisch:<\/p>\n<ul>\n<li>Visita di controllo prima della produzione in Cina, se necessario con audit sociale (certificato incluso)<\/li>\n<li>Test DPI durante la produzione in Cina<\/li>\n<li>DSS Smaltimento dei prodotti difettosi in Cina<\/li>\n<li>Ispezione delle merci PSI prima della spedizione della merce<\/li>\n<\/ul>\n<p>Grazie alla propria societ\u00e0, Agentur Frisch \u00e8 in grado di garantire un monitoraggio ottimale e affidabile dei vostri processi produttivi in Cina.<\/p>\n<p>&nbsp;<\/p>\n<p><strong>Videoispezioni &#8211; ispezioni come se fossero direttamente in loco<\/strong><\/p>\n<p>Su richiesta, effettuiamo anche ispezioni video. Qui potete accompagnare l&#8217;ispettore in diretta via video durante l&#8217;ispezione. In questo modo \u00e8 possibile coordinarsi direttamente e chiedere informazioni durante l&#8217;ispezione in corso, come se foste direttamente presenti all&#8217;ispezione della produzione in Cina.<\/p>\n<p>&nbsp;<br \/>\n[\/et_pb_text][\/et_pb_column][\/et_pb_row][\/et_pb_section][et_pb_section fb_built=&#8221;1&#8243; admin_label=&#8221;Testimonials&#8221; _builder_version=&#8221;4.16&#8243; use_background_color_gradient=&#8221;on&#8221; background_color_gradient_stops=&#8221;rgba(0,106,156,0.85) 0%|rgba(0,106,156,0.85) 100%&#8221; background_color_gradient_start=&#8221;rgba(0,106,156,0.85)&#8221; background_color_gradient_end=&#8221;rgba(0,106,156,0.85)&#8221; custom_padding=&#8221;90px||60px|&#8221; animation_style=&#8221;fold&#8221; animation_direction=&#8221;bottom&#8221; animation_intensity_fold=&#8221;4%&#8221; global_colors_info=&#8221;{}&#8221;][et_pb_row _builder_version=&#8221;4.16&#8243; background_size=&#8221;initial&#8221; background_position=&#8221;top_left&#8221; background_repeat=&#8221;repeat&#8221; custom_width_px=&#8221;710px&#8221; locked=&#8221;off&#8221; global_colors_info=&#8221;{}&#8221;][et_pb_column type=&#8221;4_4&#8243; _builder_version=&#8221;4.16&#8243; background_position=&#8221;top_left&#8221; custom_padding=&#8221;|||&#8221; global_colors_info=&#8221;{}&#8221; custom_padding__hover=&#8221;|||&#8221;][et_pb_text admin_label=&#8221;Testimonials Section Title&#8221; _builder_version=&#8221;4.16&#8243; header_font=&#8221;Montserrat||||&#8221; header_font_size=&#8221;36px&#8221; background_size=&#8221;initial&#8221; background_position=&#8221;top_left&#8221; background_repeat=&#8221;repeat&#8221; text_orientation=&#8221;center&#8221; background_layout=&#8221;dark&#8221; max_width=&#8221;710px&#8221; module_alignment=&#8221;center&#8221; animation_style=&#8221;fold&#8221; animation_direction=&#8221;bottom&#8221; animation_intensity_fold=&#8221;20%&#8221; global_colors_info=&#8221;{}&#8221;]<\/p>\n<h1>Oltre 5000 clienti soddisfatti.<\/h1>\n<p>&nbsp;<\/p>\n<p>[\/et_pb_text][et_pb_divider color=&#8221;#ffffff&#8221; divider_weight=&#8221;3px&#8221; disabled_on=&#8221;off|off|off&#8221; _builder_version=&#8221;4.16&#8243; background_color_gradient_direction=&#8221;90deg&#8221; max_width=&#8221;100px&#8221; module_alignment=&#8221;center&#8221; height=&#8221;5px&#8221; custom_margin=&#8221;||20px|&#8221; custom_padding=&#8221;||20px|&#8221; animation_style=&#8221;slide&#8221; animation_direction=&#8221;bottom&#8221; saved_tabs=&#8221;all&#8221; locked=&#8221;off&#8221; global_colors_info=&#8221;{}&#8221;][\/et_pb_divider][\/et_pb_column][\/et_pb_row][et_pb_row column_structure=&#8221;1_2,1_2&#8243; _builder_version=&#8221;4.18.1&#8243; _module_preset=&#8221;default&#8221; global_colors_info=&#8221;{}&#8221;][et_pb_column type=&#8221;1_2&#8243; _builder_version=&#8221;4.18.1&#8243; _module_preset=&#8221;default&#8221; global_colors_info=&#8221;{}&#8221;][et_pb_testimonial author=&#8221;Marco&#8221; portrait_url=&#8221;https:\/\/ag-frisch.com\/wp-content\/uploads\/2021\/08\/Harald.png&#8221; quote_icon=&#8221;off&#8221; _builder_version=&#8221;4.18.1&#8243; _module_preset=&#8221;default&#8221; body_font_size=&#8221;16px&#8221; use_background_color=&#8221;off&#8221; background_layout=&#8221;dark&#8221; global_colors_info=&#8221;{}&#8221;]Ho commissionato all&#8217;Agentur Frisch la produzione di un mobile di grandi dimensioni in Cina e il suo trasporto in Germania. Ottimale la comunicazione via mail! Risposte molto rapide e affidabili mi hanno costantemente dato le rassicurazioni che sono essenziali in un&#8217;impresa del genere. Sono stata sempre aiutata nelle complicate pratiche burocratiche e nessun modulo \u00e8 stato dimenticato o compilato in modo errato. Eccellente!<a href=\"&lt;div%20class=%22pe-richsnippets%22&gt;&nbsp;&lt;\/div&gt;%20&lt;script%20type=%22text\/javascript%22%20src=%22https:\/\/www.provenexpert.com\/widget\/richsnippet.js?u=1NUA0VwZ4RUZ5tmAi5zA4RaplNKAlWwZ&amp;v=2%22%20async&gt;&lt;\/script&gt;%20&lt;div%20style=%22text-align:%20justify;%22&gt;&lt;br%20\/&gt;\"><\/a><\/p>\n<div class=\"brow ratingBarMargin\">\n<div class=\"ratingBar\">\n<div class=\"brow\">\n<div class=\"pe-richsnippets\">&nbsp;<\/div>\n<p><script type=\"text\/javascript\" src=\"https:\/\/www.provenexpert.com\/widget\/richsnippet.js?u=1NUA0VwZ4RUZ5tmAi5zA4RaplNKAlWwZ&amp;v=2\" async=\"\"><\/script><\/p>\n<div style=\"text-align: justify;\"><\/p>\n<div class=\"col-lg-9 col-md-8 col-xs-10 mt20 mb20\">\n<div class=\"col-xs-12 surveyNameForRating\"><\/div>\n<\/div>\n<\/div>\n<\/div>\n<\/div>\n<\/div>\n<p>[\/et_pb_testimonial][\/et_pb_column][et_pb_column type=&#8221;1_2&#8243; _builder_version=&#8221;4.18.1&#8243; _module_preset=&#8221;default&#8221; global_colors_info=&#8221;{}&#8221;][et_pb_testimonial author=&#8221;Simone L.&#8221; portrait_url=&#8221;https:\/\/ag-frisch.com\/wp-content\/uploads\/2021\/08\/Harald.png&#8221; quote_icon=&#8221;off&#8221; _builder_version=&#8221;4.18.1&#8243; _module_preset=&#8221;default&#8221; body_font_size=&#8221;16px&#8221; use_background_color=&#8221;off&#8221; background_layout=&#8221;dark&#8221; global_colors_info=&#8221;{}&#8221;]<\/p>\n<p>Tutto perfetto! Non potevo immaginare servizio migliore di questo! Impossibile trovare consulenza e servizio migliori! Ci siamo rivolti pi\u00fa volte all\u00b4agenzia e siamo pi\u00fa che soddisfatti. Continueremo sicuramente a collaborare con loro!<\/p>\n<div class=\"brow ratingBarMargin\">\n<div class=\"ratingBar\">\n<div class=\"brow\">\n<div class=\"pe-richsnippets\"> <\/div>\n<p>\n<script type=\"text\/javascript\" src=\"https:\/\/www.provenexpert.com\/widget\/richsnippet.js?u=1NUA0VwZ4RUZ5tmAi5zA4RaplNKAlWwZ&amp;v=2\" async=\"\"><\/script>\n<\/p>\n<div style=\"text-align: justify;\">\n<p>&nbsp;<\/p>\n<div class=\"col-lg-9 col-md-8 col-xs-10 mt20 mb20\">\n<div class=\"col-xs-12 surveyNameForRating\"><\/div>\n<\/div>\n<\/div>\n<\/div>\n<\/div>\n<\/div>\n<p>[\/et_pb_testimonial][\/et_pb_column][\/et_pb_row][et_pb_row _builder_version=&#8221;4.16&#8243; background_size=&#8221;initial&#8221; background_position=&#8221;top_left&#8221; background_repeat=&#8221;repeat&#8221; custom_padding=&#8221;50px|0px|30px|0px&#8221; custom_css_main_element=&#8221;text-align: center;&#8221; global_colors_info=&#8221;{}&#8221;][et_pb_column type=&#8221;4_4&#8243; _builder_version=&#8221;4.16&#8243; custom_padding=&#8221;|||&#8221; global_colors_info=&#8221;{}&#8221; custom_padding__hover=&#8221;|||&#8221;][et_pb_button button_url=&#8221;https:\/\/www.provenexpert.com\/de-de\/agentur-frisch-international-consulting-gmbh-und-co-kg\/&#8221; button_text=&#8221;ALTRE VALUTAZIONI&#8221; button_alignment=&#8221;left&#8221; admin_label=&#8221;Testimonial Button&#8221; _builder_version=&#8221;4.16&#8243; custom_button=&#8221;on&#8221; button_text_size=&#8221;18px&#8221; button_text_color=&#8221;#ffffff&#8221; button_bg_color=&#8221;#6eba01&#8243; button_border_width=&#8221;2px&#8221; button_border_color=&#8221;#6eba01&#8243; button_border_radius=&#8221;0px&#8221; button_letter_spacing=&#8221;2px&#8221; button_font=&#8221;Montserrat|||on|&#8221; button_use_icon=&#8221;off&#8221; animation_style=&#8221;fold&#8221; animation_direction=&#8221;bottom&#8221; button_text_color_hover=&#8221;#ffffff&#8221; button_border_color_hover=&#8221;#ffffff&#8221; button_border_radius_hover=&#8221;0px&#8221; button_letter_spacing_hover=&#8221;2px&#8221; button_bg_color_hover=&#8221;rgba(255,255,255,0)&#8221; locked=&#8221;off&#8221; global_colors_info=&#8221;{}&#8221; button_text_size__hover_enabled=&#8221;off&#8221; button_one_text_size__hover_enabled=&#8221;off&#8221; button_two_text_size__hover_enabled=&#8221;off&#8221; button_text_color__hover_enabled=&#8221;on&#8221; button_text_color__hover=&#8221;#ffffff&#8221; button_one_text_color__hover_enabled=&#8221;off&#8221; button_two_text_color__hover_enabled=&#8221;off&#8221; button_border_width__hover_enabled=&#8221;off&#8221; button_one_border_width__hover_enabled=&#8221;off&#8221; button_two_border_width__hover_enabled=&#8221;off&#8221; button_border_color__hover_enabled=&#8221;on&#8221; button_border_color__hover=&#8221;#ffffff&#8221; button_one_border_color__hover_enabled=&#8221;off&#8221; button_two_border_color__hover_enabled=&#8221;off&#8221; button_border_radius__hover_enabled=&#8221;on&#8221; button_border_radius__hover=&#8221;0px&#8221; button_one_border_radius__hover_enabled=&#8221;off&#8221; button_two_border_radius__hover_enabled=&#8221;off&#8221; button_letter_spacing__hover_enabled=&#8221;on&#8221; button_letter_spacing__hover=&#8221;2px&#8221; button_one_letter_spacing__hover_enabled=&#8221;off&#8221; button_two_letter_spacing__hover_enabled=&#8221;off&#8221; button_bg_color__hover_enabled=&#8221;on&#8221; button_bg_color__hover=&#8221;rgba(255,255,255,0)&#8221; button_one_bg_color__hover_enabled=&#8221;off&#8221; button_two_bg_color__hover_enabled=&#8221;off&#8221;][\/et_pb_button][\/et_pb_column][\/et_pb_row][\/et_pb_section]<\/p>\n","protected":false},"excerpt":{"rendered":"<p>Con la consulenza dell&#8217;Agenzia di importazione cinese Frisch, riuscirete a fare affari con la Cina come se fossero fatti da professionisti. Controllo della produzione: monitoraggio della produzione in Cina Se nella vostra produzione ci sono alcune fasi o sezioni di produzione che richiedono una particolare diversit\u00e0 o in cui i difetti si verificano con particolare [&hellip;]<\/p>\n","protected":false},"author":2,"featured_media":0,"parent":0,"menu_order":0,"comment_status":"closed","ping_status":"closed","template":"","meta":{"_et_pb_use_builder":"on","_et_pb_old_content":"","_et_gb_content_width":"","footnotes":""},"class_list":["post-10137","page","type-page","status-publish","hentry"],"yoast_head":"<!-- This site is optimized with the Yoast SEO plugin v27.2 - https:\/\/yoast.com\/product\/yoast-seo-wordpress\/ -->\n<title>Controllo della produzione in Cina - Monitoraggio della produzione<\/title>\n<meta name=\"description\" content=\"Controllo della produzione in Cina \u25ba Monitoraggio della produzione del vostro ordine in loco in Cina \u25ba La fiducia \u00e8 buona, il controllo \u00e8 migliore \u25ba Richiedete subito una consulenza!\" \/>\n<meta name=\"robots\" content=\"index, follow, max-snippet:-1, max-image-preview:large, max-video-preview:-1\" \/>\n<link rel=\"canonical\" href=\"https:\/\/ag-frisch.com\/it\/controllo-della-produzione\/\" \/>\n<meta property=\"og:locale\" content=\"it_IT\" \/>\n<meta property=\"og:type\" content=\"article\" \/>\n<meta property=\"og:title\" content=\"Controllo della produzione in Cina - Monitoraggio della produzione\" \/>\n<meta property=\"og:description\" content=\"Controllo della produzione in Cina \u25ba Monitoraggio della produzione del vostro ordine in loco in Cina \u25ba La fiducia \u00e8 buona, il controllo \u00e8 migliore \u25ba Richiedete subito una consulenza!\" \/>\n<meta property=\"og:url\" content=\"https:\/\/ag-frisch.com\/it\/controllo-della-produzione\/\" \/>\n<meta property=\"og:site_name\" content=\"China Import Beratung f\u00fcr den Einkauf aus China\" \/>\n<meta property=\"article:publisher\" content=\"https:\/\/www.facebook.com\/China.Import\" \/>\n<meta property=\"article:modified_time\" content=\"2023-01-27T04:19:18+00:00\" \/>\n<meta name=\"twitter:card\" content=\"summary_large_image\" \/>\n<meta name=\"twitter:site\" content=\"@agenturfrisch\" \/>\n<meta name=\"twitter:label1\" content=\"Tempo di lettura stimato\" \/>\n\t<meta name=\"twitter:data1\" content=\"8 minuti\" \/>\n<script type=\"application\/ld+json\" class=\"yoast-schema-graph\">{\"@context\":\"https:\/\/schema.org\",\"@graph\":[{\"@type\":\"WebPage\",\"@id\":\"https:\/\/ag-frisch.com\/it\/controllo-della-produzione\/\",\"url\":\"https:\/\/ag-frisch.com\/it\/controllo-della-produzione\/\",\"name\":\"Controllo della produzione in Cina - Monitoraggio della produzione\",\"isPartOf\":{\"@id\":\"https:\/\/ag-frisch.com\/de\/#website\"},\"datePublished\":\"2021-10-25T19:31:12+00:00\",\"dateModified\":\"2023-01-27T04:19:18+00:00\",\"description\":\"Controllo della produzione in Cina \u25ba Monitoraggio della produzione del vostro ordine in loco in Cina \u25ba La fiducia \u00e8 buona, il controllo \u00e8 migliore \u25ba Richiedete subito una consulenza!\",\"breadcrumb\":{\"@id\":\"https:\/\/ag-frisch.com\/it\/controllo-della-produzione\/#breadcrumb\"},\"inLanguage\":\"it-IT\",\"potentialAction\":[{\"@type\":\"ReadAction\",\"target\":[\"https:\/\/ag-frisch.com\/it\/controllo-della-produzione\/\"]}]},{\"@type\":\"BreadcrumbList\",\"@id\":\"https:\/\/ag-frisch.com\/it\/controllo-della-produzione\/#breadcrumb\",\"itemListElement\":[{\"@type\":\"ListItem\",\"position\":1,\"name\":\"Startseite\",\"item\":\"https:\/\/ag-frisch.com\/de\/\"},{\"@type\":\"ListItem\",\"position\":2,\"name\":\"Controllo della produzione\"}]},{\"@type\":\"WebSite\",\"@id\":\"https:\/\/ag-frisch.com\/de\/#website\",\"url\":\"https:\/\/ag-frisch.com\/de\/\",\"name\":\"China Import Beratung f\u00fcr den Einkauf aus China\",\"description\":\"China Import &amp; Export Beratung - Der Dienstleister Ihres Vertrauens f\u00fcr Ihren China Import\",\"publisher\":{\"@id\":\"https:\/\/ag-frisch.com\/de\/#organization\"},\"potentialAction\":[{\"@type\":\"SearchAction\",\"target\":{\"@type\":\"EntryPoint\",\"urlTemplate\":\"https:\/\/ag-frisch.com\/de\/?s={search_term_string}\"},\"query-input\":{\"@type\":\"PropertyValueSpecification\",\"valueRequired\":true,\"valueName\":\"search_term_string\"}}],\"inLanguage\":\"it-IT\"},{\"@type\":\"Organization\",\"@id\":\"https:\/\/ag-frisch.com\/de\/#organization\",\"name\":\"Agentur Frisch International Consulting GmbH & Co. KG\",\"url\":\"https:\/\/ag-frisch.com\/de\/\",\"logo\":{\"@type\":\"ImageObject\",\"inLanguage\":\"it-IT\",\"@id\":\"https:\/\/ag-frisch.com\/de\/#\/schema\/logo\/image\/\",\"url\":\"https:\/\/ag-frisch.com\/wp-content\/uploads\/2021\/08\/ag_logo_rgb_300_small.png\",\"contentUrl\":\"https:\/\/ag-frisch.com\/wp-content\/uploads\/2021\/08\/ag_logo_rgb_300_small.png\",\"width\":153,\"height\":102,\"caption\":\"Agentur Frisch International Consulting GmbH & Co. KG\"},\"image\":{\"@id\":\"https:\/\/ag-frisch.com\/de\/#\/schema\/logo\/image\/\"},\"sameAs\":[\"https:\/\/www.facebook.com\/China.Import\",\"https:\/\/x.com\/agenturfrisch\"]}]}<\/script>\n<!-- \/ Yoast SEO plugin. -->","yoast_head_json":{"title":"Controllo della produzione in Cina - Monitoraggio della produzione","description":"Controllo della produzione in Cina \u25ba Monitoraggio della produzione del vostro ordine in loco in Cina \u25ba La fiducia \u00e8 buona, il controllo \u00e8 migliore \u25ba Richiedete subito una consulenza!","robots":{"index":"index","follow":"follow","max-snippet":"max-snippet:-1","max-image-preview":"max-image-preview:large","max-video-preview":"max-video-preview:-1"},"canonical":"https:\/\/ag-frisch.com\/it\/controllo-della-produzione\/","og_locale":"it_IT","og_type":"article","og_title":"Controllo della produzione in Cina - Monitoraggio della produzione","og_description":"Controllo della produzione in Cina \u25ba Monitoraggio della produzione del vostro ordine in loco in Cina \u25ba La fiducia \u00e8 buona, il controllo \u00e8 migliore \u25ba Richiedete subito una consulenza!","og_url":"https:\/\/ag-frisch.com\/it\/controllo-della-produzione\/","og_site_name":"China Import Beratung f\u00fcr den Einkauf aus China","article_publisher":"https:\/\/www.facebook.com\/China.Import","article_modified_time":"2023-01-27T04:19:18+00:00","twitter_card":"summary_large_image","twitter_site":"@agenturfrisch","twitter_misc":{"Tempo di lettura stimato":"8 minuti"},"schema":{"@context":"https:\/\/schema.org","@graph":[{"@type":"WebPage","@id":"https:\/\/ag-frisch.com\/it\/controllo-della-produzione\/","url":"https:\/\/ag-frisch.com\/it\/controllo-della-produzione\/","name":"Controllo della produzione in Cina - Monitoraggio della produzione","isPartOf":{"@id":"https:\/\/ag-frisch.com\/de\/#website"},"datePublished":"2021-10-25T19:31:12+00:00","dateModified":"2023-01-27T04:19:18+00:00","description":"Controllo della produzione in Cina \u25ba Monitoraggio della produzione del vostro ordine in loco in Cina \u25ba La fiducia \u00e8 buona, il controllo \u00e8 migliore \u25ba Richiedete subito una consulenza!","breadcrumb":{"@id":"https:\/\/ag-frisch.com\/it\/controllo-della-produzione\/#breadcrumb"},"inLanguage":"it-IT","potentialAction":[{"@type":"ReadAction","target":["https:\/\/ag-frisch.com\/it\/controllo-della-produzione\/"]}]},{"@type":"BreadcrumbList","@id":"https:\/\/ag-frisch.com\/it\/controllo-della-produzione\/#breadcrumb","itemListElement":[{"@type":"ListItem","position":1,"name":"Startseite","item":"https:\/\/ag-frisch.com\/de\/"},{"@type":"ListItem","position":2,"name":"Controllo della produzione"}]},{"@type":"WebSite","@id":"https:\/\/ag-frisch.com\/de\/#website","url":"https:\/\/ag-frisch.com\/de\/","name":"China Import Beratung f\u00fcr den Einkauf aus China","description":"China Import &amp; Export Beratung - Der Dienstleister Ihres Vertrauens f\u00fcr Ihren China Import","publisher":{"@id":"https:\/\/ag-frisch.com\/de\/#organization"},"potentialAction":[{"@type":"SearchAction","target":{"@type":"EntryPoint","urlTemplate":"https:\/\/ag-frisch.com\/de\/?s={search_term_string}"},"query-input":{"@type":"PropertyValueSpecification","valueRequired":true,"valueName":"search_term_string"}}],"inLanguage":"it-IT"},{"@type":"Organization","@id":"https:\/\/ag-frisch.com\/de\/#organization","name":"Agentur Frisch International Consulting GmbH & Co. KG","url":"https:\/\/ag-frisch.com\/de\/","logo":{"@type":"ImageObject","inLanguage":"it-IT","@id":"https:\/\/ag-frisch.com\/de\/#\/schema\/logo\/image\/","url":"https:\/\/ag-frisch.com\/wp-content\/uploads\/2021\/08\/ag_logo_rgb_300_small.png","contentUrl":"https:\/\/ag-frisch.com\/wp-content\/uploads\/2021\/08\/ag_logo_rgb_300_small.png","width":153,"height":102,"caption":"Agentur Frisch International Consulting GmbH & Co. KG"},"image":{"@id":"https:\/\/ag-frisch.com\/de\/#\/schema\/logo\/image\/"},"sameAs":["https:\/\/www.facebook.com\/China.Import","https:\/\/x.com\/agenturfrisch"]}]}},"_links":{"self":[{"href":"https:\/\/ag-frisch.com\/it\/wp-json\/wp\/v2\/pages\/10137","targetHints":{"allow":["GET"]}}],"collection":[{"href":"https:\/\/ag-frisch.com\/it\/wp-json\/wp\/v2\/pages"}],"about":[{"href":"https:\/\/ag-frisch.com\/it\/wp-json\/wp\/v2\/types\/page"}],"author":[{"embeddable":true,"href":"https:\/\/ag-frisch.com\/it\/wp-json\/wp\/v2\/users\/2"}],"replies":[{"embeddable":true,"href":"https:\/\/ag-frisch.com\/it\/wp-json\/wp\/v2\/comments?post=10137"}],"version-history":[{"count":0,"href":"https:\/\/ag-frisch.com\/it\/wp-json\/wp\/v2\/pages\/10137\/revisions"}],"wp:attachment":[{"href":"https:\/\/ag-frisch.com\/it\/wp-json\/wp\/v2\/media?parent=10137"}],"curies":[{"name":"wp","href":"https:\/\/api.w.org\/{rel}","templated":true}]}}