{"id":10353,"date":"2021-10-25T22:00:55","date_gmt":"2021-10-25T20:00:55","guid":{"rendered":"https:\/\/ag-frisch.com\/ispezione-iniziale-del-campione\/"},"modified":"2023-01-27T05:21:34","modified_gmt":"2023-01-27T04:21:34","slug":"ispezione-iniziale-del-campione","status":"publish","type":"page","link":"https:\/\/ag-frisch.com\/it\/ispezione-iniziale-del-campione\/","title":{"rendered":"Ispezione iniziale del campione"},"content":{"rendered":"<p>[et_pb_section fb_built=&#8221;1&#8243; _builder_version=&#8221;4.16&#8243; global_colors_info=&#8221;{}&#8221;][et_pb_row _builder_version=&#8221;4.18.1&#8243; _module_preset=&#8221;default&#8221; global_colors_info=&#8221;{}&#8221;][et_pb_column type=&#8221;4_4&#8243; _builder_version=&#8221;4.18.1&#8243; _module_preset=&#8221;default&#8221; global_colors_info=&#8221;{}&#8221;][et_pb_cta title=&#8221;Test del campione iniziale&#8221; button_url=&#8221;https:\/\/ag-frisch.com\/it\/contatto\/&#8221; button_text=&#8221;Prenota ora l&#039;esame&#8221; _builder_version=&#8221;4.18.1&#8243; _module_preset=&#8221;default&#8221; global_colors_info=&#8221;{}&#8221;]<\/p>\n<p>Attraverso la China Import Agency Frisch, potete far eseguire l&#8217;ispezione iniziale a campione dei prodotti ingombranti dai nostri professionisti direttamente in Cina.<\/p>\n<p>[\/et_pb_cta][\/et_pb_column][\/et_pb_row][et_pb_row _builder_version=&#8221;4.16&#8243; background_size=&#8221;initial&#8221; background_position=&#8221;top_left&#8221; background_repeat=&#8221;repeat&#8221; global_colors_info=&#8221;{}&#8221;][et_pb_column type=&#8221;4_4&#8243; _builder_version=&#8221;4.16&#8243; custom_padding=&#8221;|||&#8221; global_colors_info=&#8221;{}&#8221; custom_padding__hover=&#8221;|||&#8221;][et_pb_text _builder_version=&#8221;4.18.1&#8243; background_size=&#8221;initial&#8221; background_position=&#8221;top_left&#8221; background_repeat=&#8221;repeat&#8221; hover_enabled=&#8221;0&#8243; global_colors_info=&#8221;{}&#8221; sticky_enabled=&#8221;0&#8243;]<\/p>\n<h1>Ispezione e analisi dei campioni per l&#8217;importazione in Cina<\/h1>\n<p>Se non \u00e8 possibile recarsi personalmente in Cina o se i costi sono sproporzionati, siamo anche lieti di effettuare il test di un campione iniziale in Cina. La maggior parte degli articoli pu\u00f2 essere inviata in Germania come campione, ma la situazione \u00e8 diversa per i prodotti di grandi dimensioni come macchine, veicoli o grandi mobili, per i quali l&#8217;ispezione \u00e8 possibile solo in loco. I nostri ingegneri testano coscienziosamente il prodotto e di solito registrano anche diversi video per consentirvi di valutare al meglio la qualit\u00e0 del prodotto. Durante l&#8217;ispezione, che avviene solo sulla base di un campione prima della produzione, possono essere controllati anche i materiali d&#8217;esercizio o le materie prime previste per la produzione in serie, al fine di evitare eventuali difetti causati da materiali errati o di bassa qualit\u00e0.<\/p>\n<p><strong>Analisi di campioni voluminosi direttamente in Cina<\/strong><\/p>\n<p>I campioni iniziali sono necessari per verificare che tutto sia come richiesto prima di iniziare la produzione in serie. Il colore, la consistenza, le dimensioni e la qualit\u00e0 del vostro prodotto possono essere determinati senza ombra di dubbio solo attraverso un primo campione. La maggior parte dei campioni iniziali pu\u00f2 essere inviata dal produttore in Germania. Ma ci sono prodotti per i quali la spedizione di un campione iniziale \u00e8 difficile; in questo caso, testare campioni voluminosi direttamente in Cina \u00e8 un&#8217;opzione. Ad esempio, ci occupiamo noi di voi:<\/p>\n<ul>\n<li>Controllo dei mobili ingombranti in Cina<\/li>\n<li>Collaudo di macchinari (macchine industriali) in Cina<\/li>\n<li>Collaudo di pale gommate e macchine edili in Cina<\/li>\n<li>Collaudo di auto, camion e veicoli in Cina<\/li>\n<\/ul>\n<p>In linea di principio, anche questi possono essere portati in Germania come campioni iniziali. Tuttavia, l&#8217;impegno e i costi che ne derivano sono di solito sproporzionati rispetto ai benefici, e ci sono alternative ragionevoli.<\/p>\n<p>&nbsp;<\/p>\n<p><strong>Opzioni alternative per analizzare campioni ingombranti direttamente in Cina<\/strong><\/p>\n<p>Ci avvaliamo di ingegneri esperti e affidabili che ci supportano nel collaudo dei prodotti in loco in Cina. Questi ispettori sono fedeli a noi e fanno un buon lavoro comprovato. \u00c8 possibile chiedere ai nostri tecnici di effettuare una registrazione video del test del vostro campione ingombrante in Cina. Questo viene fatto in modo che sia altamente informativo e che eventuali discrepanze possano essere risolte in anticipo. L&#8217;ispezione iniziale del campione mediante registrazione video \u00e8 un&#8217;opzione conveniente e valida per convincersi del proprio prodotto e per indicare direttamente le richieste di modifica.<\/p>\n<p>&nbsp;<\/p>\n<p><strong>Test dei materiali tramite ispezione del primo articolo via video<\/strong><\/p>\n<p>Durante la videoispezione, vengono registrati anche i materiali o le forniture utilizzate per la produzione di massa. In questo modo \u00e8 possibile esaminare esattamente le materie prime che verranno poi utilizzate per realizzare il prodotto. In questo modo \u00e8 possibile ridurre il rischio di incomprensioni ed errori, ma anche di materiali scadenti.<\/p>\n<p>&nbsp;<\/p>\n<p><strong>Test sui mobili ingombranti in Cina<\/strong><\/p>\n<p>Tra gli oggetti che sono solo condizionatamente adatti alla spedizione di campioni iniziali in Germania ci sono i mobili di grandi dimensioni. Quando si testano mobili ingombranti, \u00e8 consigliabile farlo fare localmente in Cina. Gli elementi di arredo che dovreste aver controllato in Cina includono:<\/p>\n<ul>\n<li>Armadi e guardaroba<\/li>\n<li>Letti matrimoniali, a castello e doppi<\/li>\n<li>Grande cassettiera e vetrine<\/li>\n<li>Grandi tavoli da scrittura e da pranzo<\/li>\n<\/ul>\n<p>Se le vostre merci sono repliche di mobili antichi o altri articoli particolarmente pregiati o speciali, impieghiamo solo personale qualificato per ispezionare i vostri mobili ingombranti in Cina.<\/p>\n<p>&nbsp;<\/p>\n<p><strong>Macchine per il collaudo in Cina<\/strong><\/p>\n<p>Seghe a nastro, torni, fresatrici CNC, piallatrici, punzonatrici e rivettatrici, cesoie a ghigliottina o presse piegatrici: l&#8217;elenco delle macchine industriali che possiamo fornire dalla Cina \u00e8 lungo. Ci\u00f2 che accomuna queste macchine \u00e8 che i loro primi esemplari non sono certo adatti alla spedizione in Germania. In questo caso, una prima ispezione a campione tramite video da parte dei nostri ingegneri ha assolutamente senso. Si occupano per voi del collaudo delle macchine in Cina quasi come se foste l\u00ec di persona.<\/p>\n<p>&nbsp;<\/p>\n<p><strong>Macchinari per l&#8217;edilizia &amp; Co: Prova delle pale gommate in Cina<\/strong><\/p>\n<p>Anche nel campo delle macchine per l&#8217;edilizia, l&#8217;Agentur Frisch importa per voi tutte le macchine disponibili, e anche i loro campioni iniziali possono essere inviati solo con costi e sforzi elevati. \u00c8 pi\u00f9 economico, pratico e veloce far eseguire le prove sulle pale gommate in Cina da personale specializzato e qualificato.<\/p>\n<p>&nbsp;<\/p>\n<p><strong>Ispezione iniziale a campione di auto, camion e altri veicoli<\/strong><\/p>\n<p>Importiamo anche veicoli e componenti di grandi dimensioni direttamente dalla Cina. Il campione iniziale realizzato secondo i vostri desideri viene ispezionato dai nostri ingegneri e vi viene presentato tramite una registrazione video dettagliata. In questo modo potrete farvi un&#8217;idea del vostro campione iniziale e commissionare ulteriori modifiche su questa base.<br \/>\n[\/et_pb_text][\/et_pb_column][\/et_pb_row][\/et_pb_section][et_pb_section fb_built=&#8221;1&#8243; admin_label=&#8221;Testimonials&#8221; _builder_version=&#8221;4.16&#8243; use_background_color_gradient=&#8221;on&#8221; background_color_gradient_stops=&#8221;rgba(0,106,156,0.85) 0%|rgba(0,106,156,0.85) 100%&#8221; background_color_gradient_start=&#8221;rgba(0,106,156,0.85)&#8221; background_color_gradient_end=&#8221;rgba(0,106,156,0.85)&#8221; custom_padding=&#8221;90px||60px|&#8221; animation_style=&#8221;fold&#8221; animation_direction=&#8221;bottom&#8221; animation_intensity_fold=&#8221;4%&#8221; global_colors_info=&#8221;{}&#8221;][et_pb_row _builder_version=&#8221;4.16&#8243; background_size=&#8221;initial&#8221; background_position=&#8221;top_left&#8221; background_repeat=&#8221;repeat&#8221; custom_width_px=&#8221;710px&#8221; locked=&#8221;off&#8221; global_colors_info=&#8221;{}&#8221;][et_pb_column type=&#8221;4_4&#8243; _builder_version=&#8221;4.16&#8243; background_position=&#8221;top_left&#8221; custom_padding=&#8221;|||&#8221; global_colors_info=&#8221;{}&#8221; custom_padding__hover=&#8221;|||&#8221;][et_pb_text admin_label=&#8221;Testimonials Section Title&#8221; _builder_version=&#8221;4.16&#8243; header_font=&#8221;Montserrat||||&#8221; header_font_size=&#8221;36px&#8221; background_size=&#8221;initial&#8221; background_position=&#8221;top_left&#8221; background_repeat=&#8221;repeat&#8221; text_orientation=&#8221;center&#8221; background_layout=&#8221;dark&#8221; max_width=&#8221;710px&#8221; module_alignment=&#8221;center&#8221; animation_style=&#8221;fold&#8221; animation_direction=&#8221;bottom&#8221; animation_intensity_fold=&#8221;20%&#8221; global_colors_info=&#8221;{}&#8221;]<\/p>\n<h1>Oltre 5000 clienti soddisfatti.<\/h1>\n<p>&nbsp;<\/p>\n<p>[\/et_pb_text][et_pb_divider color=&#8221;#ffffff&#8221; divider_weight=&#8221;3px&#8221; disabled_on=&#8221;off|off|off&#8221; _builder_version=&#8221;4.16&#8243; background_color_gradient_direction=&#8221;90deg&#8221; max_width=&#8221;100px&#8221; module_alignment=&#8221;center&#8221; height=&#8221;5px&#8221; custom_margin=&#8221;||20px|&#8221; custom_padding=&#8221;||20px|&#8221; animation_style=&#8221;slide&#8221; animation_direction=&#8221;bottom&#8221; saved_tabs=&#8221;all&#8221; locked=&#8221;off&#8221; global_colors_info=&#8221;{}&#8221;][\/et_pb_divider][\/et_pb_column][\/et_pb_row][et_pb_row column_structure=&#8221;1_2,1_2&#8243; _builder_version=&#8221;4.18.1&#8243; _module_preset=&#8221;default&#8221; global_colors_info=&#8221;{}&#8221;][et_pb_column type=&#8221;1_2&#8243; _builder_version=&#8221;4.18.1&#8243; _module_preset=&#8221;default&#8221; global_colors_info=&#8221;{}&#8221;][et_pb_testimonial author=&#8221;Marco&#8221; portrait_url=&#8221;https:\/\/ag-frisch.com\/wp-content\/uploads\/2021\/08\/Harald.png&#8221; quote_icon=&#8221;off&#8221; _builder_version=&#8221;4.18.1&#8243; _module_preset=&#8221;default&#8221; body_font_size=&#8221;16px&#8221; use_background_color=&#8221;off&#8221; background_layout=&#8221;dark&#8221; global_colors_info=&#8221;{}&#8221;]Ho commissionato all&#8217;Agentur Frisch la produzione di un mobile di grandi dimensioni in Cina e il suo trasporto in Germania. Ottimale la comunicazione via mail! Risposte molto rapide e affidabili mi hanno costantemente dato le rassicurazioni che sono essenziali in un&#8217;impresa del genere. Sono stata sempre aiutata nelle complicate pratiche burocratiche e nessun modulo \u00e8 stato dimenticato o compilato in modo errato. Eccellente!<a href=\"&lt;div%20class=%22pe-richsnippets%22&gt;&nbsp;&lt;\/div&gt;%20&lt;script%20type=%22text\/javascript%22%20src=%22https:\/\/www.provenexpert.com\/widget\/richsnippet.js?u=1NUA0VwZ4RUZ5tmAi5zA4RaplNKAlWwZ&amp;v=2%22%20async&gt;&lt;\/script&gt;%20&lt;div%20style=%22text-align:%20justify;%22&gt;&lt;br%20\/&gt;\"><\/a><\/p>\n<div class=\"brow ratingBarMargin\">\n<div class=\"ratingBar\">\n<div class=\"brow\">\n<div class=\"pe-richsnippets\">&nbsp;<\/div>\n<p><script type=\"text\/javascript\" src=\"https:\/\/www.provenexpert.com\/widget\/richsnippet.js?u=1NUA0VwZ4RUZ5tmAi5zA4RaplNKAlWwZ&amp;v=2\" async=\"\"><\/script><\/p>\n<div style=\"text-align: justify;\"><\/p>\n<div class=\"col-lg-9 col-md-8 col-xs-10 mt20 mb20\">\n<div class=\"col-xs-12 surveyNameForRating\"><\/div>\n<\/div>\n<\/div>\n<\/div>\n<\/div>\n<\/div>\n<p>[\/et_pb_testimonial][\/et_pb_column][et_pb_column type=&#8221;1_2&#8243; _builder_version=&#8221;4.18.1&#8243; _module_preset=&#8221;default&#8221; global_colors_info=&#8221;{}&#8221;][et_pb_testimonial author=&#8221;Simone L.&#8221; portrait_url=&#8221;https:\/\/ag-frisch.com\/wp-content\/uploads\/2021\/08\/Harald.png&#8221; quote_icon=&#8221;off&#8221; _builder_version=&#8221;4.18.1&#8243; _module_preset=&#8221;default&#8221; body_font_size=&#8221;16px&#8221; use_background_color=&#8221;off&#8221; background_layout=&#8221;dark&#8221; global_colors_info=&#8221;{}&#8221;]<\/p>\n<p>Tutto perfetto! Non potevo immaginare servizio migliore di questo! Impossibile trovare consulenza e servizio migliori! Ci siamo rivolti pi\u00fa volte all\u00b4agenzia e siamo pi\u00fa che soddisfatti. Continueremo sicuramente a collaborare con loro!<\/p>\n<div class=\"brow ratingBarMargin\">\n<div class=\"ratingBar\">\n<div class=\"brow\">\n<div class=\"pe-richsnippets\"> <\/div>\n<p>\n<script type=\"text\/javascript\" src=\"https:\/\/www.provenexpert.com\/widget\/richsnippet.js?u=1NUA0VwZ4RUZ5tmAi5zA4RaplNKAlWwZ&amp;v=2\" async=\"\"><\/script>\n<\/p>\n<div style=\"text-align: justify;\">\n<p>&nbsp;<\/p>\n<div class=\"col-lg-9 col-md-8 col-xs-10 mt20 mb20\">\n<div class=\"col-xs-12 surveyNameForRating\"><\/div>\n<\/div>\n<\/div>\n<\/div>\n<\/div>\n<\/div>\n<p>[\/et_pb_testimonial][\/et_pb_column][\/et_pb_row][et_pb_row _builder_version=&#8221;4.16&#8243; background_size=&#8221;initial&#8221; background_position=&#8221;top_left&#8221; background_repeat=&#8221;repeat&#8221; custom_padding=&#8221;50px|0px|30px|0px&#8221; custom_css_main_element=&#8221;text-align: center;&#8221; global_colors_info=&#8221;{}&#8221;][et_pb_column type=&#8221;4_4&#8243; _builder_version=&#8221;4.16&#8243; custom_padding=&#8221;|||&#8221; global_colors_info=&#8221;{}&#8221; custom_padding__hover=&#8221;|||&#8221;][et_pb_button button_url=&#8221;https:\/\/www.provenexpert.com\/de-de\/agentur-frisch-international-consulting-gmbh-und-co-kg\/&#8221; button_text=&#8221;ALTRE VALUTAZIONI&#8221; button_alignment=&#8221;left&#8221; admin_label=&#8221;Testimonial Button&#8221; _builder_version=&#8221;4.16&#8243; custom_button=&#8221;on&#8221; button_text_size=&#8221;18px&#8221; button_text_color=&#8221;#ffffff&#8221; button_bg_color=&#8221;#6eba01&#8243; button_border_width=&#8221;2px&#8221; button_border_color=&#8221;#6eba01&#8243; button_border_radius=&#8221;0px&#8221; button_letter_spacing=&#8221;2px&#8221; button_font=&#8221;Montserrat|||on|&#8221; button_use_icon=&#8221;off&#8221; animation_style=&#8221;fold&#8221; animation_direction=&#8221;bottom&#8221; button_text_color_hover=&#8221;#ffffff&#8221; button_border_color_hover=&#8221;#ffffff&#8221; button_border_radius_hover=&#8221;0px&#8221; button_letter_spacing_hover=&#8221;2px&#8221; button_bg_color_hover=&#8221;rgba(255,255,255,0)&#8221; locked=&#8221;off&#8221; global_colors_info=&#8221;{}&#8221; button_text_size__hover_enabled=&#8221;off&#8221; button_one_text_size__hover_enabled=&#8221;off&#8221; button_two_text_size__hover_enabled=&#8221;off&#8221; button_text_color__hover_enabled=&#8221;on&#8221; button_text_color__hover=&#8221;#ffffff&#8221; button_one_text_color__hover_enabled=&#8221;off&#8221; button_two_text_color__hover_enabled=&#8221;off&#8221; button_border_width__hover_enabled=&#8221;off&#8221; button_one_border_width__hover_enabled=&#8221;off&#8221; button_two_border_width__hover_enabled=&#8221;off&#8221; button_border_color__hover_enabled=&#8221;on&#8221; button_border_color__hover=&#8221;#ffffff&#8221; button_one_border_color__hover_enabled=&#8221;off&#8221; button_two_border_color__hover_enabled=&#8221;off&#8221; button_border_radius__hover_enabled=&#8221;on&#8221; button_border_radius__hover=&#8221;0px&#8221; button_one_border_radius__hover_enabled=&#8221;off&#8221; button_two_border_radius__hover_enabled=&#8221;off&#8221; button_letter_spacing__hover_enabled=&#8221;on&#8221; button_letter_spacing__hover=&#8221;2px&#8221; button_one_letter_spacing__hover_enabled=&#8221;off&#8221; button_two_letter_spacing__hover_enabled=&#8221;off&#8221; button_bg_color__hover_enabled=&#8221;on&#8221; button_bg_color__hover=&#8221;rgba(255,255,255,0)&#8221; button_one_bg_color__hover_enabled=&#8221;off&#8221; button_two_bg_color__hover_enabled=&#8221;off&#8221;][\/et_pb_button][\/et_pb_column][\/et_pb_row][\/et_pb_section]<\/p>\n","protected":false},"excerpt":{"rendered":"<p>Attraverso la China Import Agency Frisch, potete far eseguire l&#8217;ispezione iniziale a campione dei prodotti ingombranti dai nostri professionisti direttamente in Cina.Ispezione e analisi dei campioni per l&#8217;importazione in Cina Se non \u00e8 possibile recarsi personalmente in Cina o se i costi sono sproporzionati, siamo anche lieti di effettuare il test di un campione iniziale [&hellip;]<\/p>\n","protected":false},"author":2,"featured_media":0,"parent":0,"menu_order":0,"comment_status":"closed","ping_status":"closed","template":"","meta":{"_et_pb_use_builder":"on","_et_pb_old_content":"","_et_gb_content_width":"","footnotes":""},"class_list":["post-10353","page","type-page","status-publish","hentry"],"yoast_head":"<!-- This site is optimized with the Yoast SEO plugin v27.2 - https:\/\/yoast.com\/product\/yoast-seo-wordpress\/ -->\n<title>Ispezione del campione: ispezione del campione per l&#039;importazione in Cina<\/title>\n<meta name=\"description\" content=\"Ispezione dei campioni in Cina importazione \u25ba Ispezione professionale dei campioni direttamente in Cina \u2714 Mobili \u2714 Macchinari \u2714 Veicoli \u25ba Fate ispezionare i campioni ora!\" \/>\n<meta name=\"robots\" content=\"index, follow, max-snippet:-1, max-image-preview:large, max-video-preview:-1\" \/>\n<link rel=\"canonical\" href=\"https:\/\/ag-frisch.com\/it\/ispezione-iniziale-del-campione\/\" \/>\n<meta property=\"og:locale\" content=\"it_IT\" \/>\n<meta property=\"og:type\" content=\"article\" \/>\n<meta property=\"og:title\" content=\"Ispezione del campione: ispezione del campione per l&#039;importazione in Cina\" \/>\n<meta property=\"og:description\" content=\"Ispezione dei campioni in Cina importazione \u25ba Ispezione professionale dei campioni direttamente in Cina \u2714 Mobili \u2714 Macchinari \u2714 Veicoli \u25ba Fate ispezionare i campioni ora!\" \/>\n<meta property=\"og:url\" content=\"https:\/\/ag-frisch.com\/it\/ispezione-iniziale-del-campione\/\" \/>\n<meta property=\"og:site_name\" content=\"China Import Beratung f\u00fcr den Einkauf aus China\" \/>\n<meta property=\"article:publisher\" content=\"https:\/\/www.facebook.com\/China.Import\" \/>\n<meta property=\"article:modified_time\" content=\"2023-01-27T04:21:34+00:00\" \/>\n<meta name=\"twitter:card\" content=\"summary_large_image\" \/>\n<meta name=\"twitter:site\" content=\"@agenturfrisch\" \/>\n<meta name=\"twitter:label1\" content=\"Tempo di lettura stimato\" \/>\n\t<meta name=\"twitter:data1\" content=\"8 minuti\" \/>\n<script type=\"application\/ld+json\" class=\"yoast-schema-graph\">{\"@context\":\"https:\/\/schema.org\",\"@graph\":[{\"@type\":\"WebPage\",\"@id\":\"https:\/\/ag-frisch.com\/it\/ispezione-iniziale-del-campione\/\",\"url\":\"https:\/\/ag-frisch.com\/it\/ispezione-iniziale-del-campione\/\",\"name\":\"Ispezione del campione: ispezione del campione per l'importazione in Cina\",\"isPartOf\":{\"@id\":\"https:\/\/ag-frisch.com\/de\/#website\"},\"datePublished\":\"2021-10-25T20:00:55+00:00\",\"dateModified\":\"2023-01-27T04:21:34+00:00\",\"description\":\"Ispezione dei campioni in Cina importazione \u25ba Ispezione professionale dei campioni direttamente in Cina \u2714 Mobili \u2714 Macchinari \u2714 Veicoli \u25ba Fate ispezionare i campioni ora!\",\"breadcrumb\":{\"@id\":\"https:\/\/ag-frisch.com\/it\/ispezione-iniziale-del-campione\/#breadcrumb\"},\"inLanguage\":\"it-IT\",\"potentialAction\":[{\"@type\":\"ReadAction\",\"target\":[\"https:\/\/ag-frisch.com\/it\/ispezione-iniziale-del-campione\/\"]}]},{\"@type\":\"BreadcrumbList\",\"@id\":\"https:\/\/ag-frisch.com\/it\/ispezione-iniziale-del-campione\/#breadcrumb\",\"itemListElement\":[{\"@type\":\"ListItem\",\"position\":1,\"name\":\"Startseite\",\"item\":\"https:\/\/ag-frisch.com\/de\/\"},{\"@type\":\"ListItem\",\"position\":2,\"name\":\"Ispezione iniziale del campione\"}]},{\"@type\":\"WebSite\",\"@id\":\"https:\/\/ag-frisch.com\/de\/#website\",\"url\":\"https:\/\/ag-frisch.com\/de\/\",\"name\":\"China Import Beratung f\u00fcr den Einkauf aus China\",\"description\":\"China Import &amp; Export Beratung - Der Dienstleister Ihres Vertrauens f\u00fcr Ihren China Import\",\"publisher\":{\"@id\":\"https:\/\/ag-frisch.com\/de\/#organization\"},\"potentialAction\":[{\"@type\":\"SearchAction\",\"target\":{\"@type\":\"EntryPoint\",\"urlTemplate\":\"https:\/\/ag-frisch.com\/de\/?s={search_term_string}\"},\"query-input\":{\"@type\":\"PropertyValueSpecification\",\"valueRequired\":true,\"valueName\":\"search_term_string\"}}],\"inLanguage\":\"it-IT\"},{\"@type\":\"Organization\",\"@id\":\"https:\/\/ag-frisch.com\/de\/#organization\",\"name\":\"Agentur Frisch International Consulting GmbH & Co. KG\",\"url\":\"https:\/\/ag-frisch.com\/de\/\",\"logo\":{\"@type\":\"ImageObject\",\"inLanguage\":\"it-IT\",\"@id\":\"https:\/\/ag-frisch.com\/de\/#\/schema\/logo\/image\/\",\"url\":\"https:\/\/ag-frisch.com\/wp-content\/uploads\/2021\/08\/ag_logo_rgb_300_small.png\",\"contentUrl\":\"https:\/\/ag-frisch.com\/wp-content\/uploads\/2021\/08\/ag_logo_rgb_300_small.png\",\"width\":153,\"height\":102,\"caption\":\"Agentur Frisch International Consulting GmbH & Co. KG\"},\"image\":{\"@id\":\"https:\/\/ag-frisch.com\/de\/#\/schema\/logo\/image\/\"},\"sameAs\":[\"https:\/\/www.facebook.com\/China.Import\",\"https:\/\/x.com\/agenturfrisch\"]}]}<\/script>\n<!-- \/ Yoast SEO plugin. -->","yoast_head_json":{"title":"Ispezione del campione: ispezione del campione per l'importazione in Cina","description":"Ispezione dei campioni in Cina importazione \u25ba Ispezione professionale dei campioni direttamente in Cina \u2714 Mobili \u2714 Macchinari \u2714 Veicoli \u25ba Fate ispezionare i campioni ora!","robots":{"index":"index","follow":"follow","max-snippet":"max-snippet:-1","max-image-preview":"max-image-preview:large","max-video-preview":"max-video-preview:-1"},"canonical":"https:\/\/ag-frisch.com\/it\/ispezione-iniziale-del-campione\/","og_locale":"it_IT","og_type":"article","og_title":"Ispezione del campione: ispezione del campione per l'importazione in Cina","og_description":"Ispezione dei campioni in Cina importazione \u25ba Ispezione professionale dei campioni direttamente in Cina \u2714 Mobili \u2714 Macchinari \u2714 Veicoli \u25ba Fate ispezionare i campioni ora!","og_url":"https:\/\/ag-frisch.com\/it\/ispezione-iniziale-del-campione\/","og_site_name":"China Import Beratung f\u00fcr den Einkauf aus China","article_publisher":"https:\/\/www.facebook.com\/China.Import","article_modified_time":"2023-01-27T04:21:34+00:00","twitter_card":"summary_large_image","twitter_site":"@agenturfrisch","twitter_misc":{"Tempo di lettura stimato":"8 minuti"},"schema":{"@context":"https:\/\/schema.org","@graph":[{"@type":"WebPage","@id":"https:\/\/ag-frisch.com\/it\/ispezione-iniziale-del-campione\/","url":"https:\/\/ag-frisch.com\/it\/ispezione-iniziale-del-campione\/","name":"Ispezione del campione: ispezione del campione per l'importazione in Cina","isPartOf":{"@id":"https:\/\/ag-frisch.com\/de\/#website"},"datePublished":"2021-10-25T20:00:55+00:00","dateModified":"2023-01-27T04:21:34+00:00","description":"Ispezione dei campioni in Cina importazione \u25ba Ispezione professionale dei campioni direttamente in Cina \u2714 Mobili \u2714 Macchinari \u2714 Veicoli \u25ba Fate ispezionare i campioni ora!","breadcrumb":{"@id":"https:\/\/ag-frisch.com\/it\/ispezione-iniziale-del-campione\/#breadcrumb"},"inLanguage":"it-IT","potentialAction":[{"@type":"ReadAction","target":["https:\/\/ag-frisch.com\/it\/ispezione-iniziale-del-campione\/"]}]},{"@type":"BreadcrumbList","@id":"https:\/\/ag-frisch.com\/it\/ispezione-iniziale-del-campione\/#breadcrumb","itemListElement":[{"@type":"ListItem","position":1,"name":"Startseite","item":"https:\/\/ag-frisch.com\/de\/"},{"@type":"ListItem","position":2,"name":"Ispezione iniziale del campione"}]},{"@type":"WebSite","@id":"https:\/\/ag-frisch.com\/de\/#website","url":"https:\/\/ag-frisch.com\/de\/","name":"China Import Beratung f\u00fcr den Einkauf aus China","description":"China Import &amp; Export Beratung - Der Dienstleister Ihres Vertrauens f\u00fcr Ihren China Import","publisher":{"@id":"https:\/\/ag-frisch.com\/de\/#organization"},"potentialAction":[{"@type":"SearchAction","target":{"@type":"EntryPoint","urlTemplate":"https:\/\/ag-frisch.com\/de\/?s={search_term_string}"},"query-input":{"@type":"PropertyValueSpecification","valueRequired":true,"valueName":"search_term_string"}}],"inLanguage":"it-IT"},{"@type":"Organization","@id":"https:\/\/ag-frisch.com\/de\/#organization","name":"Agentur Frisch International Consulting GmbH & Co. KG","url":"https:\/\/ag-frisch.com\/de\/","logo":{"@type":"ImageObject","inLanguage":"it-IT","@id":"https:\/\/ag-frisch.com\/de\/#\/schema\/logo\/image\/","url":"https:\/\/ag-frisch.com\/wp-content\/uploads\/2021\/08\/ag_logo_rgb_300_small.png","contentUrl":"https:\/\/ag-frisch.com\/wp-content\/uploads\/2021\/08\/ag_logo_rgb_300_small.png","width":153,"height":102,"caption":"Agentur Frisch International Consulting GmbH & Co. KG"},"image":{"@id":"https:\/\/ag-frisch.com\/de\/#\/schema\/logo\/image\/"},"sameAs":["https:\/\/www.facebook.com\/China.Import","https:\/\/x.com\/agenturfrisch"]}]}},"_links":{"self":[{"href":"https:\/\/ag-frisch.com\/it\/wp-json\/wp\/v2\/pages\/10353","targetHints":{"allow":["GET"]}}],"collection":[{"href":"https:\/\/ag-frisch.com\/it\/wp-json\/wp\/v2\/pages"}],"about":[{"href":"https:\/\/ag-frisch.com\/it\/wp-json\/wp\/v2\/types\/page"}],"author":[{"embeddable":true,"href":"https:\/\/ag-frisch.com\/it\/wp-json\/wp\/v2\/users\/2"}],"replies":[{"embeddable":true,"href":"https:\/\/ag-frisch.com\/it\/wp-json\/wp\/v2\/comments?post=10353"}],"version-history":[{"count":0,"href":"https:\/\/ag-frisch.com\/it\/wp-json\/wp\/v2\/pages\/10353\/revisions"}],"wp:attachment":[{"href":"https:\/\/ag-frisch.com\/it\/wp-json\/wp\/v2\/media?parent=10353"}],"curies":[{"name":"wp","href":"https:\/\/api.w.org\/{rel}","templated":true}]}}