{"id":10440,"date":"2021-11-07T11:00:34","date_gmt":"2021-11-07T10:00:34","guid":{"rendered":"https:\/\/ag-frisch.com\/acquisti-in-cina\/"},"modified":"2023-01-27T05:21:23","modified_gmt":"2023-01-27T04:21:23","slug":"acquisti-in-cina","status":"publish","type":"page","link":"https:\/\/ag-frisch.com\/it\/acquisti-in-cina\/","title":{"rendered":"Acquisti in Cina"},"content":{"rendered":"<p>[et_pb_section fb_built=&#8221;1&#8243; _builder_version=&#8221;4.9.10&#8243; _module_preset=&#8221;default&#8221;][et_pb_row _builder_version=&#8221;4.9.10&#8243; _module_preset=&#8221;default&#8221;][et_pb_column _builder_version=&#8221;4.9.10&#8243; _module_preset=&#8221;default&#8221; type=&#8221;4_4&#8243;][et_pb_text _builder_version=&#8221;4.9.10&#8243; _module_preset=&#8221;default&#8221; hover_enabled=&#8221;0&#8243; sticky_enabled=&#8221;0&#8243;]<\/p>\n<div class=\"et_post_meta_wrapper\">\n<h1 class=\"entry-title\">Acquistare dalla Cina: conviene?<\/h1>\n<\/div>\n<div class=\"entry-content\">\n<p>Essendo la Cina un&#8217;economia commerciale di primo piano ma anche di dimensioni gigantesche, \u00e8 facile che il solo pensiero di effettuare un acquisto all&#8217;ingrosso dalla Cina faccia venire il mal di testa. Tuttavia, non disperate e non rinunciate al vostro progetto prima che sia iniziato. Certamente il<span> <\/span><a href=\"http:\/\/www.ag-frisch.de\/\">Acquisto dalla Cina<\/a><span> <\/span>non \u00e8 un gioco da ragazzi. Tutto \u00e8 troppo lontano, probabilmente non parlate la lingua, non conoscete le usanze e se siete stati in Cina una volta, sapete che la Cina \u00e8 un mondo piuttosto diverso dalla Germania.<br \/>Qui abbiamo messo insieme una sorta di tabella di marcia per voi; le cose da tenere d&#8217;occhio e quelle da fare, nella vostra<span> <\/span>\u00c8 meglio astenersi dall&#8217;<a href=\"http:\/\/www.ag-frisch.de\/\">acquistare dalla Cina<\/a>.<br \/>Come suggerisce il nome, si tratta di un metodo di commercio all&#8217;ingrosso in cui il commerciante offre i suoi prodotti fuori dallo scaffale rispetto ai prodotti fabbricati per l&#8217;acquirente.<br \/>Il commercio all&#8217;ingrosso cinese \u00e8 in gran parte incentrato sul commercio interno. Il vostro primo passo deve quindi essere quello di trovare un trader che si occupi di commercio internazionale. A Yiwu, nella provincia di Zhejiang, troverete una pletora di eccellenti grossisti che esportano in quasi tutto il mondo. Con la maggior parte di essi, \u00e8 sufficiente recarsi nei grandi magazzini e scegliere i prodotti per il vostro<span> <\/span><a href=\"http:\/\/www.ag-frisch.de\/\">Acquisto dalla Cina<\/a><span> <\/span>per la prima volta. L&#8217;unico problema \u00e8 che i prodotti importati nei Paesi occidentali devono rispettare un certo standard. Il fatto \u00e8 che solo pochi prodotti dei grossisti cinesi sono conformi agli standard tedeschi. L&#8217;importazione di prodotti non conformi \u00e8 illegale. Potreste essere costretti a ritirare il prodotto o addirittura essere coinvolti in una causa giudiziaria di cui sarete i soli a sostenere i costi.<br \/>In linea di principio, tuttavia, si pu\u00f2 dire che la<span> <\/span><a href=\"http:\/\/www.ag-frisch.de\/\">Acquistare dalla Cina<\/a>, attraverso un grossista, conviene solo se si acquista una gamma pi\u00f9 ampia di prodotti, ciascuno in quantit\u00e0 relativamente piccole.<br \/>Allora, come si fa? Ecco 8 passi che vi aiuteranno a creare un&#8217;attivit\u00e0 redditizia.<span> <\/span><a href=\"http:\/\/www.ag-frisch.de\/\">Acquisti in Cina<\/a><span> <\/span>per fare.<\/p>\n<ol>\n<li><strong>Trovare il grossista giusto:<\/strong><br \/>Questo \u00e8 ovviamente il fondamento della vostra attivit\u00e0 di importazione dalla Cina. Trovare e valutare i fornitori leader pu\u00f2 essere un processo complicato e confuso. Tenete presente che i prodotti cinesi sono per lo pi\u00f9 destinati al commercio interno e potrebbero non essere conformi agli standard tedeschi.<\/li>\n<li><strong>Familiarizzare e comprendere la procedura di spedizione.<br \/><\/strong>Questo include il nome e l&#8217;indirizzo dell&#8217;esportatore e del destinatario, il luogo e la data di emissione, il numero di fattura, i dettagli della spedizione, il paese di origine, la marca, i numeri e il numero di colli, la descrizione esatta della merce, i pesi lordi e netti, i prezzi unitari e l&#8217;importo totale, i termini di consegna e di pagamento, tutti i documenti di spedizione, l&#8217;imballaggio, l&#8217;assicurazione &#8211; e questi sono solo alcuni degli elementi da considerare quando si acquista dalla Cina.<\/li>\n<li><strong>Comprendere i dazi, le imposte e le tasse all&#8217;importazione:<\/strong><span> <\/span>Tutti i prodotti importati dalla Cina sono soggetti a dazi, tasse e altre detrazioni. L&#8217;utente \u00e8 responsabile di tutte le spese sostenute.<\/li>\n<li><strong>Adattare il prodotto a un gruppo target specifico:<\/strong><span> <\/span>Questo include la stesura di un documento di specifiche di prodotto. Questa sottovoce comprende informazioni sui materiali, i colori e altre caratteristiche del prodotto.<\/li>\n<li><strong>Ordinazione di campioni e perfezionamento del prodotto:<\/strong><span> <\/span>Una volta chiarite la qualit\u00e0 del prodotto e le condizioni dell&#8217;ordine, ad esempio il numero di revisioni, aumentano drasticamente le possibilit\u00e0 che la produzione del prodotto abbia successo per un<span> <\/span><a href=\"http:\/\/www.ag-frisch.de\/\">Acquisti dalla Cina<\/a><span> <\/span>.<\/li>\n<li><strong>Gettare solide basi per un pre-ordine con<\/strong> un contratto di vendita: un buon contratto di vendita assicura il vostro acquisto dalla Cina contro la spedizione corretta, il pagamento e le date di consegna tardive.<\/li>\n<li><strong>Pagare i fornitori ed evitare le frodi:<\/strong><span> <\/span>Informatevi a fondo su tutte le possibili condizioni di pagamento, su quelle che accettano e su quelle che non dovreste accettare. Ottenere consigli su come proteggersi dalle frodi. &#8211; All&#8217;estero non hanno praticamente alcun valore legale.<\/li>\n<li><strong>Evitare prodotti danneggiati o difettosi grazie al controllo qualit\u00e0<\/strong>: anche in questo caso, \u00e8 necessario informarsi accuratamente su tutte le norme e i regolamenti. Fondamentalmente, quello che volete \u00e8 un ispettore di qualit\u00e0 cinese locale e imparziale. Potete incaricarli di verificare la qualit\u00e0 dei vostri prodotti a pagamento.<\/li>\n<\/ol>\n<p>Come potete vedere, si tratta di una giungla di burocrazia. Tuttavia, questo non deve impedirvi di fare acquisti in Cina. Una delle cose pi\u00f9 importanti \u00e8 che si ottengano le informazioni e l&#8217;aiuto corretti per il proprio caso.<span> <\/span><a href=\"http:\/\/www.ag-frisch.de\/\">Acquisto dalla Cina<\/a><span> <\/span>portarlo dove serve.<br \/>Il mercato commerciale cinese, in quanto economia leader a livello globale, offre una ricca variet\u00e0 di prodotti a prezzi relativamente buoni. Il vantaggio per il vostro<span> <\/span><a href=\"http:\/\/www.ag-frisch.de\/\">Acquisto dalla Cina<\/a><span> <\/span>\u00e8 che una volta trovato il giusto grossista orientato a livello internazionale, non \u00e8 necessario acquistare grandi quantit\u00e0. La variet\u00e0 del mercato cinese rende facile l&#8217;acquisto anche di piccole quantit\u00e0 di una grande variet\u00e0 di prodotti. &#8211; Rispetto al mercato nazionale, dove l&#8217;importo unitario minimo \u00e8 di 10.000 unit\u00e0.<br \/>Per ulteriori informazioni sul vostro<span> <\/span><a href=\"http:\/\/www.ag-frisch.de\/\">Acquisti in Cina<\/a><span> <\/span>si prega di contattare:<span> <\/span><a href=\"mailto:info@ag-frisch.de\">info@ag-frisch.de<\/a><\/p>\n<\/div>\n<p>[\/et_pb_text][\/et_pb_column][\/et_pb_row][\/et_pb_section]<\/p>\n","protected":false},"excerpt":{"rendered":"<p>Acquistare dalla Cina: conviene? Essendo la Cina un&#8217;economia commerciale di primo piano ma anche di dimensioni gigantesche, \u00e8 facile che il solo pensiero di effettuare un acquisto all&#8217;ingrosso dalla Cina faccia venire il mal di testa. Tuttavia, non disperate e non rinunciate al vostro progetto prima che sia iniziato. Certamente il Acquisto dalla Cina non [&hellip;]<\/p>\n","protected":false},"author":2,"featured_media":0,"parent":0,"menu_order":0,"comment_status":"closed","ping_status":"closed","template":"","meta":{"_et_pb_use_builder":"on","_et_pb_old_content":"","_et_gb_content_width":"","footnotes":""},"class_list":["post-10440","page","type-page","status-publish","hentry"],"yoast_head":"<!-- This site is optimized with the Yoast SEO plugin v27.2 - https:\/\/yoast.com\/product\/yoast-seo-wordpress\/ -->\n<title>Acquisti in Cina - China Import Beratung f\u00fcr den Einkauf aus China<\/title>\n<meta name=\"robots\" content=\"index, follow, max-snippet:-1, max-image-preview:large, max-video-preview:-1\" \/>\n<link rel=\"canonical\" href=\"https:\/\/ag-frisch.com\/it\/acquisti-in-cina\/\" \/>\n<meta property=\"og:locale\" content=\"it_IT\" \/>\n<meta property=\"og:type\" content=\"article\" \/>\n<meta property=\"og:title\" content=\"Acquisti in Cina - China Import Beratung f\u00fcr den Einkauf aus China\" \/>\n<meta property=\"og:description\" content=\"Acquistare dalla Cina: conviene? Essendo la Cina un&#039;economia commerciale di primo piano ma anche di dimensioni gigantesche, \u00e8 facile che il solo pensiero di effettuare un acquisto all&#039;ingrosso dalla Cina faccia venire il mal di testa. Tuttavia, non disperate e non rinunciate al vostro progetto prima che sia iniziato. Certamente il Acquisto dalla Cina non [&hellip;]\" \/>\n<meta property=\"og:url\" content=\"https:\/\/ag-frisch.com\/it\/acquisti-in-cina\/\" \/>\n<meta property=\"og:site_name\" content=\"China Import Beratung f\u00fcr den Einkauf aus China\" \/>\n<meta property=\"article:publisher\" content=\"https:\/\/www.facebook.com\/China.Import\" \/>\n<meta property=\"article:modified_time\" content=\"2023-01-27T04:21:23+00:00\" \/>\n<meta name=\"twitter:card\" content=\"summary_large_image\" \/>\n<meta name=\"twitter:site\" content=\"@agenturfrisch\" \/>\n<meta name=\"twitter:label1\" content=\"Tempo di lettura stimato\" \/>\n\t<meta name=\"twitter:data1\" content=\"4 minuti\" \/>\n<script type=\"application\/ld+json\" class=\"yoast-schema-graph\">{\"@context\":\"https:\/\/schema.org\",\"@graph\":[{\"@type\":\"WebPage\",\"@id\":\"https:\/\/ag-frisch.com\/it\/acquisti-in-cina\/\",\"url\":\"https:\/\/ag-frisch.com\/it\/acquisti-in-cina\/\",\"name\":\"Acquisti in Cina - China Import Beratung f\u00fcr den Einkauf aus China\",\"isPartOf\":{\"@id\":\"https:\/\/ag-frisch.com\/de\/#website\"},\"datePublished\":\"2021-11-07T10:00:34+00:00\",\"dateModified\":\"2023-01-27T04:21:23+00:00\",\"breadcrumb\":{\"@id\":\"https:\/\/ag-frisch.com\/it\/acquisti-in-cina\/#breadcrumb\"},\"inLanguage\":\"it-IT\",\"potentialAction\":[{\"@type\":\"ReadAction\",\"target\":[\"https:\/\/ag-frisch.com\/it\/acquisti-in-cina\/\"]}]},{\"@type\":\"BreadcrumbList\",\"@id\":\"https:\/\/ag-frisch.com\/it\/acquisti-in-cina\/#breadcrumb\",\"itemListElement\":[{\"@type\":\"ListItem\",\"position\":1,\"name\":\"Startseite\",\"item\":\"https:\/\/ag-frisch.com\/de\/\"},{\"@type\":\"ListItem\",\"position\":2,\"name\":\"Acquisti in Cina\"}]},{\"@type\":\"WebSite\",\"@id\":\"https:\/\/ag-frisch.com\/de\/#website\",\"url\":\"https:\/\/ag-frisch.com\/de\/\",\"name\":\"China Import Beratung f\u00fcr den Einkauf aus China\",\"description\":\"China Import &amp; Export Beratung - Der Dienstleister Ihres Vertrauens f\u00fcr Ihren China Import\",\"publisher\":{\"@id\":\"https:\/\/ag-frisch.com\/de\/#organization\"},\"potentialAction\":[{\"@type\":\"SearchAction\",\"target\":{\"@type\":\"EntryPoint\",\"urlTemplate\":\"https:\/\/ag-frisch.com\/de\/?s={search_term_string}\"},\"query-input\":{\"@type\":\"PropertyValueSpecification\",\"valueRequired\":true,\"valueName\":\"search_term_string\"}}],\"inLanguage\":\"it-IT\"},{\"@type\":\"Organization\",\"@id\":\"https:\/\/ag-frisch.com\/de\/#organization\",\"name\":\"Agentur Frisch International Consulting GmbH & Co. KG\",\"url\":\"https:\/\/ag-frisch.com\/de\/\",\"logo\":{\"@type\":\"ImageObject\",\"inLanguage\":\"it-IT\",\"@id\":\"https:\/\/ag-frisch.com\/de\/#\/schema\/logo\/image\/\",\"url\":\"https:\/\/ag-frisch.com\/wp-content\/uploads\/2021\/08\/ag_logo_rgb_300_small.png\",\"contentUrl\":\"https:\/\/ag-frisch.com\/wp-content\/uploads\/2021\/08\/ag_logo_rgb_300_small.png\",\"width\":153,\"height\":102,\"caption\":\"Agentur Frisch International Consulting GmbH & Co. KG\"},\"image\":{\"@id\":\"https:\/\/ag-frisch.com\/de\/#\/schema\/logo\/image\/\"},\"sameAs\":[\"https:\/\/www.facebook.com\/China.Import\",\"https:\/\/x.com\/agenturfrisch\"]}]}<\/script>\n<!-- \/ Yoast SEO plugin. -->","yoast_head_json":{"title":"Acquisti in Cina - China Import Beratung f\u00fcr den Einkauf aus China","robots":{"index":"index","follow":"follow","max-snippet":"max-snippet:-1","max-image-preview":"max-image-preview:large","max-video-preview":"max-video-preview:-1"},"canonical":"https:\/\/ag-frisch.com\/it\/acquisti-in-cina\/","og_locale":"it_IT","og_type":"article","og_title":"Acquisti in Cina - China Import Beratung f\u00fcr den Einkauf aus China","og_description":"Acquistare dalla Cina: conviene? Essendo la Cina un'economia commerciale di primo piano ma anche di dimensioni gigantesche, \u00e8 facile che il solo pensiero di effettuare un acquisto all'ingrosso dalla Cina faccia venire il mal di testa. Tuttavia, non disperate e non rinunciate al vostro progetto prima che sia iniziato. Certamente il Acquisto dalla Cina non [&hellip;]","og_url":"https:\/\/ag-frisch.com\/it\/acquisti-in-cina\/","og_site_name":"China Import Beratung f\u00fcr den Einkauf aus China","article_publisher":"https:\/\/www.facebook.com\/China.Import","article_modified_time":"2023-01-27T04:21:23+00:00","twitter_card":"summary_large_image","twitter_site":"@agenturfrisch","twitter_misc":{"Tempo di lettura stimato":"4 minuti"},"schema":{"@context":"https:\/\/schema.org","@graph":[{"@type":"WebPage","@id":"https:\/\/ag-frisch.com\/it\/acquisti-in-cina\/","url":"https:\/\/ag-frisch.com\/it\/acquisti-in-cina\/","name":"Acquisti in Cina - China Import Beratung f\u00fcr den Einkauf aus China","isPartOf":{"@id":"https:\/\/ag-frisch.com\/de\/#website"},"datePublished":"2021-11-07T10:00:34+00:00","dateModified":"2023-01-27T04:21:23+00:00","breadcrumb":{"@id":"https:\/\/ag-frisch.com\/it\/acquisti-in-cina\/#breadcrumb"},"inLanguage":"it-IT","potentialAction":[{"@type":"ReadAction","target":["https:\/\/ag-frisch.com\/it\/acquisti-in-cina\/"]}]},{"@type":"BreadcrumbList","@id":"https:\/\/ag-frisch.com\/it\/acquisti-in-cina\/#breadcrumb","itemListElement":[{"@type":"ListItem","position":1,"name":"Startseite","item":"https:\/\/ag-frisch.com\/de\/"},{"@type":"ListItem","position":2,"name":"Acquisti in Cina"}]},{"@type":"WebSite","@id":"https:\/\/ag-frisch.com\/de\/#website","url":"https:\/\/ag-frisch.com\/de\/","name":"China Import Beratung f\u00fcr den Einkauf aus China","description":"China Import &amp; Export Beratung - Der Dienstleister Ihres Vertrauens f\u00fcr Ihren China Import","publisher":{"@id":"https:\/\/ag-frisch.com\/de\/#organization"},"potentialAction":[{"@type":"SearchAction","target":{"@type":"EntryPoint","urlTemplate":"https:\/\/ag-frisch.com\/de\/?s={search_term_string}"},"query-input":{"@type":"PropertyValueSpecification","valueRequired":true,"valueName":"search_term_string"}}],"inLanguage":"it-IT"},{"@type":"Organization","@id":"https:\/\/ag-frisch.com\/de\/#organization","name":"Agentur Frisch International Consulting GmbH & Co. KG","url":"https:\/\/ag-frisch.com\/de\/","logo":{"@type":"ImageObject","inLanguage":"it-IT","@id":"https:\/\/ag-frisch.com\/de\/#\/schema\/logo\/image\/","url":"https:\/\/ag-frisch.com\/wp-content\/uploads\/2021\/08\/ag_logo_rgb_300_small.png","contentUrl":"https:\/\/ag-frisch.com\/wp-content\/uploads\/2021\/08\/ag_logo_rgb_300_small.png","width":153,"height":102,"caption":"Agentur Frisch International Consulting GmbH & Co. KG"},"image":{"@id":"https:\/\/ag-frisch.com\/de\/#\/schema\/logo\/image\/"},"sameAs":["https:\/\/www.facebook.com\/China.Import","https:\/\/x.com\/agenturfrisch"]}]}},"_links":{"self":[{"href":"https:\/\/ag-frisch.com\/it\/wp-json\/wp\/v2\/pages\/10440","targetHints":{"allow":["GET"]}}],"collection":[{"href":"https:\/\/ag-frisch.com\/it\/wp-json\/wp\/v2\/pages"}],"about":[{"href":"https:\/\/ag-frisch.com\/it\/wp-json\/wp\/v2\/types\/page"}],"author":[{"embeddable":true,"href":"https:\/\/ag-frisch.com\/it\/wp-json\/wp\/v2\/users\/2"}],"replies":[{"embeddable":true,"href":"https:\/\/ag-frisch.com\/it\/wp-json\/wp\/v2\/comments?post=10440"}],"version-history":[{"count":0,"href":"https:\/\/ag-frisch.com\/it\/wp-json\/wp\/v2\/pages\/10440\/revisions"}],"wp:attachment":[{"href":"https:\/\/ag-frisch.com\/it\/wp-json\/wp\/v2\/media?parent=10440"}],"curies":[{"name":"wp","href":"https:\/\/api.w.org\/{rel}","templated":true}]}}