{"id":10585,"date":"2021-11-07T19:14:02","date_gmt":"2021-11-07T18:14:02","guid":{"rendered":"https:\/\/ag-frisch.com\/importazione-dalla-cina-3\/"},"modified":"2023-01-27T05:22:18","modified_gmt":"2023-01-27T04:22:18","slug":"importazione-dalla-cina-3","status":"publish","type":"page","link":"https:\/\/ag-frisch.com\/it\/importazione-dalla-cina-3\/","title":{"rendered":"Importazione dalla Cina"},"content":{"rendered":"<p>[et_pb_section fb_built=&#8221;1&#8243; _builder_version=&#8221;4.16&#8243; _module_preset=&#8221;default&#8221; global_colors_info=&#8221;{}&#8221;][et_pb_row _builder_version=&#8221;4.16&#8243; _module_preset=&#8221;default&#8221; global_colors_info=&#8221;{}&#8221;][et_pb_column type=&#8221;4_4&#8243; _builder_version=&#8221;4.16&#8243; _module_preset=&#8221;default&#8221; global_colors_info=&#8221;{}&#8221;][et_pb_cta title=&#8221;Importazione dalla Cina&#8221; button_url=&#8221;https:\/\/ag-frisch.com\/it\/contatto\/&#8221; button_text=&#8221;Importare dalla Cina ora con Import China Pros&#8221; _builder_version=&#8221;4.18.1&#8243; _module_preset=&#8221;default&#8221; global_colors_info=&#8221;{}&#8221;]<\/p>\n<p>I professionisti dell&#8217;Agentur Frisch vi supporteranno nell&#8217;importazione dalla Cina.  <\/p>\n<p>[\/et_pb_cta][et_pb_text _builder_version=&#8221;4.16&#8243; _module_preset=&#8221;default&#8221; global_colors_info=&#8221;{}&#8221;]<\/p>\n<div class=\"et_post_meta_wrapper\">\n<h1 class=\"entry-title\">Importazione dalla Cina<\/h1>\n<\/div>\n<div class=\"entry-content\">\n<p>Se fatta nel modo giusto, l&#8217;importazione dalla Cina pu\u00f2 quasi certamente ridurre i costi, farvi conquistare una posizione sul mercato e costruire su di essa, oltre a farvi entrare nel business dello shopping online.<br \/>Il trucco \u00e8 sapere come. Quanto sopra sembra ottimo e allettante, ma se non si comprende e non si segue ogni dettaglio del processo aziendale, pu\u00f2 portare rapidamente a brutte sorprese e costi nascosti. Alla fine, questi costi non favoriscono l&#8217;obiettivo finale di aumentare il fatturato. Come per tutte le aziende, la consulenza \u00e8 all&#8217;ordine del giorno quando si tratta di acquistare in Cina. Gli accordi di trading sono strettamente regolamentati e soggetti allo standard europeo-asiatico.<\/p>\n<p>Anche la barriera linguistica non va sottovalutata. La Cina non \u00e8 un partner commerciale che si pu\u00f2 chiamare quando qualcosa va storto. &#8211; A meno che non si parli correntemente dei vari dialetti cinesi. La comunicazione in inglese \u00e8 spesso irregolare e non perfettamente comprensibile.<br \/>Indubbiamente, la distanza comporta dei rischi e, soprattutto per quanto riguarda il controllo della qualit\u00e0, difficilmente si ha la possibilit\u00e0 di verificare se si sta ricevendo ci\u00f2 che si \u00e8 ordinato.<br \/>Per evitare questi o altri problemi, in Germania sono state create organizzazioni che possiedono il know-how, le conoscenze legali e l&#8217;esperienza commerciale con i paesi asiatici, in modo che il vostro<span> <\/span><a href=\"http:\/\/www.ag-frisch.de\/\">Importazione dalla Cina<\/a><span> <\/span>sar\u00e0 un successo.<br \/>Un detto comune recita: &#8220;Nell&#8217;acquisto sta il guadagno&#8221;.<br \/>In un mondo che si avvicina sempre di pi\u00f9, con una crescente concorrenza e con un unico obiettivo: far progredire il capitalismo, la gestione degli acquisti \u00e8 pi\u00f9 di una semplice parola d&#8217;ordine. Per aumentare il fatturato, \u00e8 meglio ridurre i costi. Sembra semplice, non \u00e8 vero?<br \/>Il commercio con la Cina non \u00e8 un accordo che avviene &#8220;misteriosamente da un giorno all&#8217;altro&#8221;, ma richiede molti singoli passi che devono essere attentamente coordinati.<br \/>Ecco un&#8217;altra parola d&#8217;ordine: l&#8217;importazione fai-da-te dalla Cina. Molti partono dall&#8217;idea (sbagliata) che oggi si vada a una fiera, si trovi un prodotto interessante, a un prezzo ancora pi\u00f9 interessante, si trovi un fornitore, si firmi un contratto e domani si sar\u00e0 un importatore di successo di prodotti commerciali cinesi. Probabilmente non andr\u00e0 tutto liscio e l&#8217;acquisto dalla Cina, che avrebbe dovuto essere un&#8217;innovazione e risollevare le vostre vendite, si riveler\u00e0 un&#8217;esperienza deludente, frustrante e costosa. Forse anche con un contratto dal quale non si pu\u00f2 uscire cos\u00ec rapidamente.<br \/>Una delle maggiori &#8220;trappole&#8221; in cui \u00e8 probabile imbattersi quando si fanno acquisti per conto proprio dalla Cina \u00e8 che manchi un riferimento dalla Germania.<br \/>\u00c8 solo uno dei tanti esempi: Inviate un dipendente in Cina alla ricerca del fornitore giusto per il prodotto richiesto. La barriera linguistica \u00e8 cos\u00ec grande che il vostro dipendente e il fornitore probabilmente non si troveranno mai. E anche se il fornitore e il richiedente si incontrano, il fornitore viene pagato da altri fornitori. La probabilit\u00e0 che il vostro fornitore scelga il commerciante che lo paga meglio non \u00e8 remota. Oppure, il fornitore cede la vostra attivit\u00e0 a un amico che offre un prezzo pi\u00f9 basso, ma voi perdete in qualit\u00e0.<br \/>In entrambi i casi, dovrete sostenere dei costi: spese di viaggio e forse bassa qualit\u00e0. &#8211; Costi che dovete trasferire ai vostri clienti per rimanere in attivit\u00e0, e che poi eventualmente pagherete con una minore competitivit\u00e0. Notti insonni che nessuno sceglie volontariamente.<br \/>Si consiglia vivamente di iniziare le misure di riduzione dei costi affidandosi a un&#8217;agenzia che conosca a fondo le basi pratiche e possa fornire un aiuto concreto.<\/p>\n<p>Cosa pu\u00f2 fare un&#8217;agenzia per la vostra azienda e per le importazioni dalla Cina?<\/p>\n<ul>\n<li>Trovare un fornitore adatto. &#8211; Versatil in diverse lingue, molti anni di esperienza nell&#8217;importazione dalla Cina, partner commerciali affidabili e di lunga data, con sede in Germania e in Cina.<\/li>\n<li>Audit dei fornitori &#8211; qualificazione dei fornitori<\/li>\n<li>Supporto in tutte le fasi di un commercio di successo con la Cina, in modo da farvi risparmiare denaro e tempo<\/li>\n<li>Alcune agenzie offrono un supporto esclusivo, il che significa che lavorerete esclusivamente con la vostra azienda.<\/li>\n<li>Il cliente beneficia delle conoscenze dell&#8217;agenzia senza che quest&#8217;ultima sia un concorrente per il cliente stesso.<\/li>\n<li>Esternalizzazione degli acquisti<\/li>\n<li>Controllo qualit\u00e0<\/li>\n<li>Negoziazione del contratto quadro &#8211; in modo da poter effettuare ordini regolari in futuro.<\/li>\n<li>Strategia valutaria &#8211; pagamento in euro o in USD? Quali sono i tagli disponibili?<\/li>\n<li>Revisione dei costi &#8211; I prezzi di acquisto vengono regolarmente rivisti e migliorati in modo da raggiungere obiettivi reali.<\/li>\n<li>Studio di mercato &#8211; analisi dei dati, per identificare i mercati di approvvigionamento rilevanti.<\/li>\n<li>Ottimizzazione doganale &#8211; quali possibilit\u00e0 legali offre l&#8217;UE per ridurre i dazi doganali?<\/li>\n<li>Sviluppo dei fornitori &#8211; formazione mirata in loco, scambio di esperienze, attrezzature di test<\/li>\n<li>Monitoraggio dei processi di produzione, sia in loco che verbalmente.<\/li>\n<li>Viaggi in fiera e visite ai fornitori &#8211; per conoscere le ultime tendenze del settore<\/li>\n<li>Accettazione delle merci &#8211; controllo in loco della correttezza delle vostre merci con eventuali controlli a campione indipendenti<\/li>\n<li>IOP Setup &#8211; Ingresso del marchio in Cina attraverso un ufficio acquisti dedicato in Cina, a partire dalle trattative, fino al processo di costituzione.<\/li>\n<li>Creazione di contatti per i servizi HR<\/li>\n<li>Impostazione della catena di fornitura &#8211; Creazione di una rete di fornitoriAll&#8217;inizio, importare dalla Cina pu\u00f2 quasi certamente ridurre i costi,<\/li>\n<\/ul>\n<p>\u00c8 possibile stabilire una posizione sul mercato ed espanderla, nonch\u00e9 entrare nel business dello shopping online.<br \/>Il trucco \u00e8 sapere come. Quanto sopra sembra ottimo e allettante, ma se non si comprende e non si segue ogni dettaglio del processo aziendale, pu\u00f2 portare rapidamente a brutte sorprese e a costi nascosti. Alla fine, questi costi non favoriscono l&#8217;obiettivo finale di aumentare il fatturato. Come per tutte le aziende, la consulenza \u00e8 all&#8217;ordine del giorno quando si tratta di acquistare in Cina. Gli accordi di trading sono strettamente regolamentati e soggetti allo standard europeo-asiatico.<br \/>Anche la barriera linguistica non va sottovalutata. La Cina non \u00e8 un partner commerciale che si pu\u00f2 chiamare quando qualcosa va storto. &#8211; Per evitare questi o altri problemi, in Germania sono state create delle organizzazioni che dispongono di know-how, conoscenze legali ed esperienza commerciale con i paesi asiatici, in modo che anche il vostro<span> <\/span><a href=\"http:\/\/www.ag-frisch.de\/\">Importazione dalla Cina<\/a><span> <\/span>sar\u00e0 un successo.<\/p>\n<\/div>\n<p>[\/et_pb_text][\/et_pb_column][\/et_pb_row][\/et_pb_section][et_pb_section fb_built=&#8221;1&#8243; admin_label=&#8221;Testimonials&#8221; _builder_version=&#8221;4.16&#8243; use_background_color_gradient=&#8221;on&#8221; background_color_gradient_stops=&#8221;rgba(0,106,156,0.85) 0%|rgba(0,106,156,0.85) 100%&#8221; background_color_gradient_start=&#8221;rgba(0,106,156,0.85)&#8221; background_color_gradient_end=&#8221;rgba(0,106,156,0.85)&#8221; custom_padding=&#8221;90px||60px|&#8221; animation_style=&#8221;fold&#8221; animation_direction=&#8221;bottom&#8221; animation_intensity_fold=&#8221;4%&#8221; global_colors_info=&#8221;{}&#8221;][et_pb_row _builder_version=&#8221;4.16&#8243; background_size=&#8221;initial&#8221; background_position=&#8221;top_left&#8221; background_repeat=&#8221;repeat&#8221; custom_width_px=&#8221;710px&#8221; locked=&#8221;off&#8221; global_colors_info=&#8221;{}&#8221;][et_pb_column type=&#8221;4_4&#8243; _builder_version=&#8221;4.16&#8243; background_position=&#8221;top_left&#8221; custom_padding=&#8221;|||&#8221; global_colors_info=&#8221;{}&#8221; custom_padding__hover=&#8221;|||&#8221;][et_pb_text admin_label=&#8221;Testimonials Section Title&#8221; _builder_version=&#8221;4.16&#8243; header_font=&#8221;Montserrat||||&#8221; header_font_size=&#8221;36px&#8221; background_size=&#8221;initial&#8221; background_position=&#8221;top_left&#8221; background_repeat=&#8221;repeat&#8221; text_orientation=&#8221;center&#8221; background_layout=&#8221;dark&#8221; max_width=&#8221;710px&#8221; module_alignment=&#8221;center&#8221; animation_style=&#8221;fold&#8221; animation_direction=&#8221;bottom&#8221; animation_intensity_fold=&#8221;20%&#8221; global_colors_info=&#8221;{}&#8221;]<\/p>\n<h1>Oltre 5000 clienti soddisfatti.<\/h1>\n<p>&nbsp;<\/p>\n<p>[\/et_pb_text][et_pb_divider color=&#8221;#ffffff&#8221; divider_weight=&#8221;3px&#8221; disabled_on=&#8221;off|off|off&#8221; _builder_version=&#8221;4.16&#8243; background_color_gradient_direction=&#8221;90deg&#8221; max_width=&#8221;100px&#8221; module_alignment=&#8221;center&#8221; height=&#8221;5px&#8221; custom_margin=&#8221;||20px|&#8221; custom_padding=&#8221;||20px|&#8221; animation_style=&#8221;slide&#8221; animation_direction=&#8221;bottom&#8221; saved_tabs=&#8221;all&#8221; locked=&#8221;off&#8221; global_colors_info=&#8221;{}&#8221;][\/et_pb_divider][\/et_pb_column][\/et_pb_row][et_pb_row column_structure=&#8221;1_2,1_2&#8243; _builder_version=&#8221;4.18.1&#8243; _module_preset=&#8221;default&#8221; global_colors_info=&#8221;{}&#8221;][et_pb_column type=&#8221;1_2&#8243; _builder_version=&#8221;4.18.1&#8243; _module_preset=&#8221;default&#8221; global_colors_info=&#8221;{}&#8221;][et_pb_testimonial author=&#8221;Marco&#8221; portrait_url=&#8221;https:\/\/ag-frisch.com\/wp-content\/uploads\/2021\/08\/Harald.png&#8221; quote_icon=&#8221;off&#8221; _builder_version=&#8221;4.18.1&#8243; _module_preset=&#8221;default&#8221; body_font_size=&#8221;16px&#8221; use_background_color=&#8221;off&#8221; background_layout=&#8221;dark&#8221; global_colors_info=&#8221;{}&#8221;]Ho commissionato all&#8217;Agentur Frisch la produzione di un mobile di grandi dimensioni in Cina e il suo trasporto in Germania. Ottimale la comunicazione via mail! Risposte molto rapide e affidabili mi hanno costantemente dato le rassicurazioni che sono essenziali in un&#8217;impresa del genere. Sono stata sempre aiutata nelle complicate pratiche burocratiche e nessun modulo \u00e8 stato dimenticato o compilato in modo errato. Eccellente!<a href=\"&lt;div%20class=%22pe-richsnippets%22&gt;&nbsp;&lt;\/div&gt;%20&lt;script%20type=%22text\/javascript%22%20src=%22https:\/\/www.provenexpert.com\/widget\/richsnippet.js?u=1NUA0VwZ4RUZ5tmAi5zA4RaplNKAlWwZ&amp;v=2%22%20async&gt;&lt;\/script&gt;%20&lt;div%20style=%22text-align:%20justify;%22&gt;&lt;br%20\/&gt;\"><\/a><\/p>\n<div class=\"brow ratingBarMargin\">\n<div class=\"ratingBar\">\n<div class=\"brow\">\n<div class=\"pe-richsnippets\">&nbsp;<\/div>\n<p><script type=\"text\/javascript\" src=\"https:\/\/www.provenexpert.com\/widget\/richsnippet.js?u=1NUA0VwZ4RUZ5tmAi5zA4RaplNKAlWwZ&amp;v=2\" async=\"\"><\/script><\/p>\n<div style=\"text-align: justify;\"><\/p>\n<div class=\"col-lg-9 col-md-8 col-xs-10 mt20 mb20\">\n<div class=\"col-xs-12 surveyNameForRating\"><\/div>\n<\/div>\n<\/div>\n<\/div>\n<\/div>\n<\/div>\n<p>[\/et_pb_testimonial][\/et_pb_column][et_pb_column type=&#8221;1_2&#8243; _builder_version=&#8221;4.18.1&#8243; _module_preset=&#8221;default&#8221; global_colors_info=&#8221;{}&#8221;][et_pb_testimonial author=&#8221;Simone L.&#8221; portrait_url=&#8221;https:\/\/ag-frisch.com\/wp-content\/uploads\/2021\/08\/Harald.png&#8221; quote_icon=&#8221;off&#8221; _builder_version=&#8221;4.18.1&#8243; _module_preset=&#8221;default&#8221; body_font_size=&#8221;16px&#8221; use_background_color=&#8221;off&#8221; background_layout=&#8221;dark&#8221; global_colors_info=&#8221;{}&#8221;]<\/p>\n<p>Tutto perfetto! Non potevo immaginare servizio migliore di questo! Impossibile trovare consulenza e servizio migliori! Ci siamo rivolti pi\u00fa volte all\u00b4agenzia e siamo pi\u00fa che soddisfatti. Continueremo sicuramente a collaborare con loro!<\/p>\n<div class=\"brow ratingBarMargin\">\n<div class=\"ratingBar\">\n<div class=\"brow\">\n<div class=\"pe-richsnippets\"> <\/div>\n<p>\n<script type=\"text\/javascript\" src=\"https:\/\/www.provenexpert.com\/widget\/richsnippet.js?u=1NUA0VwZ4RUZ5tmAi5zA4RaplNKAlWwZ&amp;v=2\" async=\"\"><\/script>\n<\/p>\n<div style=\"text-align: justify;\">\n<p>&nbsp;<\/p>\n<div class=\"col-lg-9 col-md-8 col-xs-10 mt20 mb20\">\n<div class=\"col-xs-12 surveyNameForRating\"><\/div>\n<\/div>\n<\/div>\n<\/div>\n<\/div>\n<\/div>\n<p>[\/et_pb_testimonial][\/et_pb_column][\/et_pb_row][et_pb_row _builder_version=&#8221;4.16&#8243; background_size=&#8221;initial&#8221; background_position=&#8221;top_left&#8221; background_repeat=&#8221;repeat&#8221; custom_padding=&#8221;50px|0px|30px|0px&#8221; custom_css_main_element=&#8221;text-align: center;&#8221; global_colors_info=&#8221;{}&#8221;][et_pb_column type=&#8221;4_4&#8243; _builder_version=&#8221;4.16&#8243; custom_padding=&#8221;|||&#8221; global_colors_info=&#8221;{}&#8221; custom_padding__hover=&#8221;|||&#8221;][et_pb_button button_url=&#8221;https:\/\/www.provenexpert.com\/de-de\/agentur-frisch-international-consulting-gmbh-und-co-kg\/&#8221; button_text=&#8221;ALTRE VALUTAZIONI&#8221; button_alignment=&#8221;left&#8221; admin_label=&#8221;Testimonial Button&#8221; _builder_version=&#8221;4.16&#8243; custom_button=&#8221;on&#8221; button_text_size=&#8221;18px&#8221; button_text_color=&#8221;#ffffff&#8221; button_bg_color=&#8221;#6eba01&#8243; button_border_width=&#8221;2px&#8221; button_border_color=&#8221;#6eba01&#8243; button_border_radius=&#8221;0px&#8221; button_letter_spacing=&#8221;2px&#8221; button_font=&#8221;Montserrat|||on|&#8221; button_use_icon=&#8221;off&#8221; animation_style=&#8221;fold&#8221; animation_direction=&#8221;bottom&#8221; button_text_color_hover=&#8221;#ffffff&#8221; button_border_color_hover=&#8221;#ffffff&#8221; button_border_radius_hover=&#8221;0px&#8221; button_letter_spacing_hover=&#8221;2px&#8221; button_bg_color_hover=&#8221;rgba(255,255,255,0)&#8221; locked=&#8221;off&#8221; global_colors_info=&#8221;{}&#8221; button_text_size__hover_enabled=&#8221;off&#8221; button_one_text_size__hover_enabled=&#8221;off&#8221; button_two_text_size__hover_enabled=&#8221;off&#8221; button_text_color__hover_enabled=&#8221;on&#8221; button_text_color__hover=&#8221;#ffffff&#8221; button_one_text_color__hover_enabled=&#8221;off&#8221; button_two_text_color__hover_enabled=&#8221;off&#8221; button_border_width__hover_enabled=&#8221;off&#8221; button_one_border_width__hover_enabled=&#8221;off&#8221; button_two_border_width__hover_enabled=&#8221;off&#8221; button_border_color__hover_enabled=&#8221;on&#8221; button_border_color__hover=&#8221;#ffffff&#8221; button_one_border_color__hover_enabled=&#8221;off&#8221; button_two_border_color__hover_enabled=&#8221;off&#8221; button_border_radius__hover_enabled=&#8221;on&#8221; button_border_radius__hover=&#8221;0px&#8221; button_one_border_radius__hover_enabled=&#8221;off&#8221; button_two_border_radius__hover_enabled=&#8221;off&#8221; button_letter_spacing__hover_enabled=&#8221;on&#8221; button_letter_spacing__hover=&#8221;2px&#8221; button_one_letter_spacing__hover_enabled=&#8221;off&#8221; button_two_letter_spacing__hover_enabled=&#8221;off&#8221; button_bg_color__hover_enabled=&#8221;on&#8221; button_bg_color__hover=&#8221;rgba(255,255,255,0)&#8221; button_one_bg_color__hover_enabled=&#8221;off&#8221; button_two_bg_color__hover_enabled=&#8221;off&#8221;][\/et_pb_button][\/et_pb_column][\/et_pb_row][\/et_pb_section]<\/p>\n","protected":false},"excerpt":{"rendered":"<p>I professionisti dell&#8217;Agentur Frisch vi supporteranno nell&#8217;importazione dalla Cina. Importazione dalla Cina Se fatta nel modo giusto, l&#8217;importazione dalla Cina pu\u00f2 quasi certamente ridurre i costi, farvi conquistare una posizione sul mercato e costruire su di essa, oltre a farvi entrare nel business dello shopping online.Il trucco \u00e8 sapere come. Quanto sopra sembra ottimo e [&hellip;]<\/p>\n","protected":false},"author":2,"featured_media":0,"parent":0,"menu_order":0,"comment_status":"closed","ping_status":"closed","template":"","meta":{"_et_pb_use_builder":"on","_et_pb_old_content":"","_et_gb_content_width":"","footnotes":""},"class_list":["post-10585","page","type-page","status-publish","hentry"],"yoast_head":"<!-- This site is optimized with the Yoast SEO plugin v27.2 - https:\/\/yoast.com\/product\/yoast-seo-wordpress\/ -->\n<title>Importare dalla Cina con l&#039;esperto per importare dall&#039;Estremo Oriente<\/title>\n<meta name=\"description\" content=\"Importazione dalla Cina \u25bb Importazione come i professionisti stessi \u2713 Servizio completo fin dall&#039;inizio \u2713 Pagamento sicuro\u2713 Buona qualit\u00e0\u25bb Chiedi subito all&#039;esperto!\" \/>\n<meta name=\"robots\" content=\"index, follow, max-snippet:-1, max-image-preview:large, max-video-preview:-1\" \/>\n<link rel=\"canonical\" href=\"https:\/\/ag-frisch.com\/it\/importazione-dalla-cina-3\/\" \/>\n<meta property=\"og:locale\" content=\"it_IT\" \/>\n<meta property=\"og:type\" content=\"article\" \/>\n<meta property=\"og:title\" content=\"Importare dalla Cina con l&#039;esperto per importare dall&#039;Estremo Oriente\" \/>\n<meta property=\"og:description\" content=\"Importazione dalla Cina \u25bb Importazione come i professionisti stessi \u2713 Servizio completo fin dall&#039;inizio \u2713 Pagamento sicuro\u2713 Buona qualit\u00e0\u25bb Chiedi subito all&#039;esperto!\" \/>\n<meta property=\"og:url\" content=\"https:\/\/ag-frisch.com\/it\/importazione-dalla-cina-3\/\" \/>\n<meta property=\"og:site_name\" content=\"China Import Beratung f\u00fcr den Einkauf aus China\" \/>\n<meta property=\"article:publisher\" content=\"https:\/\/www.facebook.com\/China.Import\" \/>\n<meta property=\"article:modified_time\" content=\"2023-01-27T04:22:18+00:00\" \/>\n<meta name=\"twitter:card\" content=\"summary_large_image\" \/>\n<meta name=\"twitter:site\" content=\"@agenturfrisch\" \/>\n<meta name=\"twitter:label1\" content=\"Tempo di lettura stimato\" \/>\n\t<meta name=\"twitter:data1\" content=\"9 minuti\" \/>\n<script type=\"application\/ld+json\" class=\"yoast-schema-graph\">{\"@context\":\"https:\/\/schema.org\",\"@graph\":[{\"@type\":\"WebPage\",\"@id\":\"https:\/\/ag-frisch.com\/it\/importazione-dalla-cina-3\/\",\"url\":\"https:\/\/ag-frisch.com\/it\/importazione-dalla-cina-3\/\",\"name\":\"Importare dalla Cina con l'esperto per importare dall'Estremo Oriente\",\"isPartOf\":{\"@id\":\"https:\/\/ag-frisch.com\/de\/#website\"},\"datePublished\":\"2021-11-07T18:14:02+00:00\",\"dateModified\":\"2023-01-27T04:22:18+00:00\",\"description\":\"Importazione dalla Cina \u25bb Importazione come i professionisti stessi \u2713 Servizio completo fin dall'inizio \u2713 Pagamento sicuro\u2713 Buona qualit\u00e0\u25bb Chiedi subito all'esperto!\",\"breadcrumb\":{\"@id\":\"https:\/\/ag-frisch.com\/it\/importazione-dalla-cina-3\/#breadcrumb\"},\"inLanguage\":\"it-IT\",\"potentialAction\":[{\"@type\":\"ReadAction\",\"target\":[\"https:\/\/ag-frisch.com\/it\/importazione-dalla-cina-3\/\"]}]},{\"@type\":\"BreadcrumbList\",\"@id\":\"https:\/\/ag-frisch.com\/it\/importazione-dalla-cina-3\/#breadcrumb\",\"itemListElement\":[{\"@type\":\"ListItem\",\"position\":1,\"name\":\"Startseite\",\"item\":\"https:\/\/ag-frisch.com\/de\/\"},{\"@type\":\"ListItem\",\"position\":2,\"name\":\"Importazione dalla Cina\"}]},{\"@type\":\"WebSite\",\"@id\":\"https:\/\/ag-frisch.com\/de\/#website\",\"url\":\"https:\/\/ag-frisch.com\/de\/\",\"name\":\"China Import Beratung f\u00fcr den Einkauf aus China\",\"description\":\"China Import &amp; Export Beratung - Der Dienstleister Ihres Vertrauens f\u00fcr Ihren China Import\",\"publisher\":{\"@id\":\"https:\/\/ag-frisch.com\/de\/#organization\"},\"potentialAction\":[{\"@type\":\"SearchAction\",\"target\":{\"@type\":\"EntryPoint\",\"urlTemplate\":\"https:\/\/ag-frisch.com\/de\/?s={search_term_string}\"},\"query-input\":{\"@type\":\"PropertyValueSpecification\",\"valueRequired\":true,\"valueName\":\"search_term_string\"}}],\"inLanguage\":\"it-IT\"},{\"@type\":\"Organization\",\"@id\":\"https:\/\/ag-frisch.com\/de\/#organization\",\"name\":\"Agentur Frisch International Consulting GmbH & Co. KG\",\"url\":\"https:\/\/ag-frisch.com\/de\/\",\"logo\":{\"@type\":\"ImageObject\",\"inLanguage\":\"it-IT\",\"@id\":\"https:\/\/ag-frisch.com\/de\/#\/schema\/logo\/image\/\",\"url\":\"https:\/\/ag-frisch.com\/wp-content\/uploads\/2021\/08\/ag_logo_rgb_300_small.png\",\"contentUrl\":\"https:\/\/ag-frisch.com\/wp-content\/uploads\/2021\/08\/ag_logo_rgb_300_small.png\",\"width\":153,\"height\":102,\"caption\":\"Agentur Frisch International Consulting GmbH & Co. KG\"},\"image\":{\"@id\":\"https:\/\/ag-frisch.com\/de\/#\/schema\/logo\/image\/\"},\"sameAs\":[\"https:\/\/www.facebook.com\/China.Import\",\"https:\/\/x.com\/agenturfrisch\"]}]}<\/script>\n<!-- \/ Yoast SEO plugin. -->","yoast_head_json":{"title":"Importare dalla Cina con l'esperto per importare dall'Estremo Oriente","description":"Importazione dalla Cina \u25bb Importazione come i professionisti stessi \u2713 Servizio completo fin dall'inizio \u2713 Pagamento sicuro\u2713 Buona qualit\u00e0\u25bb Chiedi subito all'esperto!","robots":{"index":"index","follow":"follow","max-snippet":"max-snippet:-1","max-image-preview":"max-image-preview:large","max-video-preview":"max-video-preview:-1"},"canonical":"https:\/\/ag-frisch.com\/it\/importazione-dalla-cina-3\/","og_locale":"it_IT","og_type":"article","og_title":"Importare dalla Cina con l'esperto per importare dall'Estremo Oriente","og_description":"Importazione dalla Cina \u25bb Importazione come i professionisti stessi \u2713 Servizio completo fin dall'inizio \u2713 Pagamento sicuro\u2713 Buona qualit\u00e0\u25bb Chiedi subito all'esperto!","og_url":"https:\/\/ag-frisch.com\/it\/importazione-dalla-cina-3\/","og_site_name":"China Import Beratung f\u00fcr den Einkauf aus China","article_publisher":"https:\/\/www.facebook.com\/China.Import","article_modified_time":"2023-01-27T04:22:18+00:00","twitter_card":"summary_large_image","twitter_site":"@agenturfrisch","twitter_misc":{"Tempo di lettura stimato":"9 minuti"},"schema":{"@context":"https:\/\/schema.org","@graph":[{"@type":"WebPage","@id":"https:\/\/ag-frisch.com\/it\/importazione-dalla-cina-3\/","url":"https:\/\/ag-frisch.com\/it\/importazione-dalla-cina-3\/","name":"Importare dalla Cina con l'esperto per importare dall'Estremo Oriente","isPartOf":{"@id":"https:\/\/ag-frisch.com\/de\/#website"},"datePublished":"2021-11-07T18:14:02+00:00","dateModified":"2023-01-27T04:22:18+00:00","description":"Importazione dalla Cina \u25bb Importazione come i professionisti stessi \u2713 Servizio completo fin dall'inizio \u2713 Pagamento sicuro\u2713 Buona qualit\u00e0\u25bb Chiedi subito all'esperto!","breadcrumb":{"@id":"https:\/\/ag-frisch.com\/it\/importazione-dalla-cina-3\/#breadcrumb"},"inLanguage":"it-IT","potentialAction":[{"@type":"ReadAction","target":["https:\/\/ag-frisch.com\/it\/importazione-dalla-cina-3\/"]}]},{"@type":"BreadcrumbList","@id":"https:\/\/ag-frisch.com\/it\/importazione-dalla-cina-3\/#breadcrumb","itemListElement":[{"@type":"ListItem","position":1,"name":"Startseite","item":"https:\/\/ag-frisch.com\/de\/"},{"@type":"ListItem","position":2,"name":"Importazione dalla Cina"}]},{"@type":"WebSite","@id":"https:\/\/ag-frisch.com\/de\/#website","url":"https:\/\/ag-frisch.com\/de\/","name":"China Import Beratung f\u00fcr den Einkauf aus China","description":"China Import &amp; Export Beratung - Der Dienstleister Ihres Vertrauens f\u00fcr Ihren China Import","publisher":{"@id":"https:\/\/ag-frisch.com\/de\/#organization"},"potentialAction":[{"@type":"SearchAction","target":{"@type":"EntryPoint","urlTemplate":"https:\/\/ag-frisch.com\/de\/?s={search_term_string}"},"query-input":{"@type":"PropertyValueSpecification","valueRequired":true,"valueName":"search_term_string"}}],"inLanguage":"it-IT"},{"@type":"Organization","@id":"https:\/\/ag-frisch.com\/de\/#organization","name":"Agentur Frisch International Consulting GmbH & Co. KG","url":"https:\/\/ag-frisch.com\/de\/","logo":{"@type":"ImageObject","inLanguage":"it-IT","@id":"https:\/\/ag-frisch.com\/de\/#\/schema\/logo\/image\/","url":"https:\/\/ag-frisch.com\/wp-content\/uploads\/2021\/08\/ag_logo_rgb_300_small.png","contentUrl":"https:\/\/ag-frisch.com\/wp-content\/uploads\/2021\/08\/ag_logo_rgb_300_small.png","width":153,"height":102,"caption":"Agentur Frisch International Consulting GmbH & Co. KG"},"image":{"@id":"https:\/\/ag-frisch.com\/de\/#\/schema\/logo\/image\/"},"sameAs":["https:\/\/www.facebook.com\/China.Import","https:\/\/x.com\/agenturfrisch"]}]}},"_links":{"self":[{"href":"https:\/\/ag-frisch.com\/it\/wp-json\/wp\/v2\/pages\/10585","targetHints":{"allow":["GET"]}}],"collection":[{"href":"https:\/\/ag-frisch.com\/it\/wp-json\/wp\/v2\/pages"}],"about":[{"href":"https:\/\/ag-frisch.com\/it\/wp-json\/wp\/v2\/types\/page"}],"author":[{"embeddable":true,"href":"https:\/\/ag-frisch.com\/it\/wp-json\/wp\/v2\/users\/2"}],"replies":[{"embeddable":true,"href":"https:\/\/ag-frisch.com\/it\/wp-json\/wp\/v2\/comments?post=10585"}],"version-history":[{"count":0,"href":"https:\/\/ag-frisch.com\/it\/wp-json\/wp\/v2\/pages\/10585\/revisions"}],"wp:attachment":[{"href":"https:\/\/ag-frisch.com\/it\/wp-json\/wp\/v2\/media?parent=10585"}],"curies":[{"name":"wp","href":"https:\/\/api.w.org\/{rel}","templated":true}]}}