{"id":10814,"date":"2021-11-07T20:59:49","date_gmt":"2021-11-07T19:59:49","guid":{"rendered":"https:\/\/ag-frisch.com\/esame-lfgb\/"},"modified":"2023-01-27T05:24:07","modified_gmt":"2023-01-27T04:24:07","slug":"esame-lfgb","status":"publish","type":"page","link":"https:\/\/ag-frisch.com\/it\/esame-lfgb\/","title":{"rendered":"Esame lfgb"},"content":{"rendered":"<p>[et_pb_section fb_built=&#8221;1&#8243; _builder_version=&#8221;4.16&#8243; _module_preset=&#8221;default&#8221; global_colors_info=&#8221;{}&#8221;][et_pb_row _builder_version=&#8221;4.16&#8243; _module_preset=&#8221;default&#8221; global_colors_info=&#8221;{}&#8221;][et_pb_column type=&#8221;4_4&#8243; _builder_version=&#8221;4.16&#8243; _module_preset=&#8221;default&#8221; global_colors_info=&#8221;{}&#8221;][et_pb_cta title=&#8221;Far eseguire i test LFGB direttamente in Cina&#8221; button_url=&#8221;https:\/\/ag-frisch.com\/it\/contatto\/&#8221; button_text=&#8221;Richiedi direttamente ora&#8221; _builder_version=&#8221;4.16&#8243; _module_preset=&#8221;default&#8221; global_colors_info=&#8221;{}&#8221;]<\/p>\n<p>Vi supportiamo con la conformit\u00e0 LFGB dei vostri prodotti provenienti dalla Cina.  <\/p>\n<p>[\/et_pb_cta][et_pb_text _builder_version=&#8221;4.18.1&#8243; _module_preset=&#8221;default&#8221; hover_enabled=&#8221;0&#8243; global_colors_info=&#8221;{}&#8221; sticky_enabled=&#8221;0&#8243;]<\/p>\n<h1>Test LFGB: conformit\u00e0 e test quando si importa dalla Cina<\/h1>\n<h2>Laboratorio di prova LFGB in Cina<\/h2>\n<p><strong>LFGB &#8211; Codice degli alimenti e dei mangimi<\/strong><\/p>\n<p><strong>Conformit\u00e0 alla LFGB per i prodotti provenienti dalla Cina  <\/strong><\/p>\n<p>Dal 2005, il Codice tedesco degli alimenti e dei mangimi (Lebensmittel- und Futtermittelgesetzbuch, LFGB) si applica a tutto ci\u00f2 che viene venduto in Germania in termini di alimenti e mangimi, ma anche ai beni di consumo legati alla sicurezza. Il fattore decisivo per la copertura dei beni di consumo da parte della LFGB \u00e8 la quantit\u00e0 e la durata del contatto del prodotto con gli alimenti.<\/p>\n<p>I prodotti coperti dalla LFGB sono ad esempio:<\/p>\n<ul>\n<li>Stoviglie, tazze, posate<\/li>\n<li>Sale e pepe<\/li>\n<li>Ciotole di frutta<\/li>\n<li>Taglieri<\/li>\n<\/ul>\n<p>Oltre ai prodotti che entrano in contatto con gli alimenti, la LFGB copre anche gli oggetti che entrano in contatto con il corpo umano (pelle, capelli e soprattutto mucose). Questi sono, ad esempio, i seguenti:<\/p>\n<ul>\n<li>Biancheria da letto<\/li>\n<li>Tettarella per bambini (tettarella)<\/li>\n<li>Tubi<\/li>\n<li>Spazzolini da denti<\/li>\n<\/ul>\n<p>Lo sfondo della LFGB \u00e8 la sicurezza degli esseri umani e degli animali. I consumatori hanno il diritto di ricevere prodotti non tossici testati. Questo dovrebbe prevenire i danni e rendere pi\u00f9 sicura la circolazione globale delle merci.<\/p>\n<p><strong>La conformit\u00e0 alla LFGB per i prodotti provenienti dalla Cina \u00e8 un servizio obbligatorio. \u00c8 necessario un esame corrispondente.<\/strong><\/p>\n<p>Per garantire la conformit\u00e0 alla LFGB dei prodotti provenienti dalla Cina, i test LFGB devono essere eseguiti in Cina.<\/p>\n<p>&nbsp;<\/p>\n<p><strong>Test LFGB in Cina da parte dei nostri laboratori di prova<\/strong><\/p>\n<p>La filiale dell&#8217;Agenzia Frisch, BEIDE Compliance Laboratory, dispone di propri laboratori di analisi in Cina. In questo modo garantiamo che i certificati di prova siano affidabili. Affidarsi a fonti dubbie o non sicure pu\u00f2 portare rapidamente a notevoli problemi quando si importa in Germania. I costosi richiami possono essere evitati anche facendo eseguire i test LFGB in Cina, affidabili e di qualit\u00e0.<\/p>\n<p>Il Laboratorio di Conformit\u00e0 BEIDE dispone di laboratori altamente professionali e controllati in modo indipendente, dove possiamo effettuare i test LFGB in Cina secondo gli standard tedeschi. In questi test determiniamo il carico inquinante dei vostri prodotti. Sulla base dell&#8217;elenco UE delle sostanze pericolose, vietate o limitate, testiamo i vostri prodotti per verificarne la sicurezza. Il laboratorio di conformit\u00e0 BEIDE \u00e8 un laboratorio di prova qualificato LFGB in Cina ed \u00e8 autorizzato a rilasciare i relativi certificati di prova dopo l&#8217;esecuzione dei test.<\/p>\n<p><strong>L&#8217;esecuzione del test nel laboratorio di prova BOTH LFGB in Cina vi d\u00e0 la sicurezza di importare merci certificate conformi all&#8217;UE.<\/strong><\/p>\n<p>Su richiesta, possiamo anche fornirvi una dichiarazione di conformit\u00e0, necessaria per l&#8217;importazione in Germania.<\/p>\n<p>&nbsp;<\/p>\n<p><strong>Sicurezza in conformit\u00e0 con la LFGB per i prodotti provenienti dalla Cina<\/strong><\/p>\n<p>La fiducia \u00e8 buona, il controllo \u00e8 migliore: in qualit\u00e0 di fornitore di servizi completi per l&#8217;importazione dalla Cina, potete contare sulla qualit\u00e0 delle nostre prestazioni. Eseguiamo per voi l&#8217;intero processo di importazione. In caso di difficolt\u00e0, siamo quindi in grado di reagire con particolare rapidit\u00e0 e agiamo in modo responsabile in ogni fase del processo di importazione. I nostri laboratori di analisi LFGB in Cina fanno parte di questo servizio di livello mondiale. I test LFGB vengono eseguiti da noi stessi in Cina e possiamo quindi garantirne la qualit\u00e0. Con noi non avrete sorprese quando si tratta di dogane e ispezioni ufficiali.<\/p>\n<p>&nbsp;<\/p>\n<p><strong>La mia importazione rientra nella conformit\u00e0 LFGB per i prodotti provenienti dalla Cina?<\/strong><\/p>\n<p>Se non potete rispondere con certezza a questa domanda, saremo lieti di determinare per voi se il vostro prodotto deve essere sottoposto ai test LFGB. Purtroppo, i fatti non sono sempre del tutto chiari. Gli esperti legali dell&#8217;Agentur Frisch conoscono bene la legge e le sentenze dei tribunali e sono quindi in grado di dire chiaramente se la conformit\u00e0 alla LFGB \u00e8 rilevante per la vostra importazione di prodotti dalla Cina.<\/p>\n<p>&nbsp;<\/p>\n<p><strong>Mettete nelle nostre mani i test LFGB in Cina!<\/strong><\/p>\n<p>[\/et_pb_text][\/et_pb_column][\/et_pb_row][\/et_pb_section][et_pb_section fb_built=&#8221;1&#8243; admin_label=&#8221;Testimonials&#8221; _builder_version=&#8221;4.16&#8243; use_background_color_gradient=&#8221;on&#8221; background_color_gradient_stops=&#8221;rgba(0,106,156,0.85) 0%|rgba(0,106,156,0.85) 100%&#8221; background_color_gradient_start=&#8221;rgba(0,106,156,0.85)&#8221; background_color_gradient_end=&#8221;rgba(0,106,156,0.85)&#8221; custom_padding=&#8221;90px||60px|&#8221; animation_style=&#8221;fold&#8221; animation_direction=&#8221;bottom&#8221; animation_intensity_fold=&#8221;4%&#8221; global_colors_info=&#8221;{}&#8221;][et_pb_row _builder_version=&#8221;4.16&#8243; background_size=&#8221;initial&#8221; background_position=&#8221;top_left&#8221; background_repeat=&#8221;repeat&#8221; custom_width_px=&#8221;710px&#8221; locked=&#8221;off&#8221; global_colors_info=&#8221;{}&#8221;][et_pb_column type=&#8221;4_4&#8243; _builder_version=&#8221;4.16&#8243; background_position=&#8221;top_left&#8221; custom_padding=&#8221;|||&#8221; global_colors_info=&#8221;{}&#8221; custom_padding__hover=&#8221;|||&#8221;][et_pb_text admin_label=&#8221;Testimonials Section Title&#8221; _builder_version=&#8221;4.16&#8243; header_font=&#8221;Montserrat||||&#8221; header_font_size=&#8221;36px&#8221; background_size=&#8221;initial&#8221; background_position=&#8221;top_left&#8221; background_repeat=&#8221;repeat&#8221; text_orientation=&#8221;center&#8221; background_layout=&#8221;dark&#8221; max_width=&#8221;710px&#8221; module_alignment=&#8221;center&#8221; animation_style=&#8221;fold&#8221; animation_direction=&#8221;bottom&#8221; animation_intensity_fold=&#8221;20%&#8221; global_colors_info=&#8221;{}&#8221;]<\/p>\n<h1>Oltre 5000 clienti soddisfatti.<\/h1>\n<p>&nbsp;<\/p>\n<p>[\/et_pb_text][et_pb_divider color=&#8221;#ffffff&#8221; divider_weight=&#8221;3px&#8221; disabled_on=&#8221;off|off|off&#8221; _builder_version=&#8221;4.16&#8243; background_color_gradient_direction=&#8221;90deg&#8221; max_width=&#8221;100px&#8221; module_alignment=&#8221;center&#8221; height=&#8221;5px&#8221; custom_margin=&#8221;||20px|&#8221; custom_padding=&#8221;||20px|&#8221; animation_style=&#8221;slide&#8221; animation_direction=&#8221;bottom&#8221; saved_tabs=&#8221;all&#8221; locked=&#8221;off&#8221; global_colors_info=&#8221;{}&#8221;][\/et_pb_divider][\/et_pb_column][\/et_pb_row][et_pb_row column_structure=&#8221;1_2,1_2&#8243; _builder_version=&#8221;4.18.1&#8243; _module_preset=&#8221;default&#8221; global_colors_info=&#8221;{}&#8221;][et_pb_column type=&#8221;1_2&#8243; _builder_version=&#8221;4.18.1&#8243; _module_preset=&#8221;default&#8221; global_colors_info=&#8221;{}&#8221;][et_pb_testimonial author=&#8221;Marco&#8221; portrait_url=&#8221;https:\/\/ag-frisch.com\/wp-content\/uploads\/2021\/08\/Harald.png&#8221; quote_icon=&#8221;off&#8221; _builder_version=&#8221;4.18.1&#8243; _module_preset=&#8221;default&#8221; body_font_size=&#8221;16px&#8221; use_background_color=&#8221;off&#8221; background_layout=&#8221;dark&#8221; global_colors_info=&#8221;{}&#8221;]Ho commissionato all&#8217;Agentur Frisch la produzione di un mobile di grandi dimensioni in Cina e il suo trasporto in Germania. Ottimale la comunicazione via mail! Risposte molto rapide e affidabili mi hanno costantemente dato le rassicurazioni che sono essenziali in un&#8217;impresa del genere. Sono stata sempre aiutata nelle complicate pratiche burocratiche e nessun modulo \u00e8 stato dimenticato o compilato in modo errato. Eccellente!<a href=\"&lt;div%20class=%22pe-richsnippets%22&gt;&nbsp;&lt;\/div&gt;%20&lt;script%20type=%22text\/javascript%22%20src=%22https:\/\/www.provenexpert.com\/widget\/richsnippet.js?u=1NUA0VwZ4RUZ5tmAi5zA4RaplNKAlWwZ&amp;v=2%22%20async&gt;&lt;\/script&gt;%20&lt;div%20style=%22text-align:%20justify;%22&gt;&lt;br%20\/&gt;\"><\/a><\/p>\n<div class=\"brow ratingBarMargin\">\n<div class=\"ratingBar\">\n<div class=\"brow\">\n<div class=\"pe-richsnippets\">&nbsp;<\/div>\n<p><script type=\"text\/javascript\" src=\"https:\/\/www.provenexpert.com\/widget\/richsnippet.js?u=1NUA0VwZ4RUZ5tmAi5zA4RaplNKAlWwZ&amp;v=2\" async=\"\"><\/script><\/p>\n<div style=\"text-align: justify;\"><\/p>\n<div class=\"col-lg-9 col-md-8 col-xs-10 mt20 mb20\">\n<div class=\"col-xs-12 surveyNameForRating\"><\/div>\n<\/div>\n<\/div>\n<\/div>\n<\/div>\n<\/div>\n<p>[\/et_pb_testimonial][\/et_pb_column][et_pb_column type=&#8221;1_2&#8243; _builder_version=&#8221;4.18.1&#8243; _module_preset=&#8221;default&#8221; global_colors_info=&#8221;{}&#8221;][et_pb_testimonial author=&#8221;Simone L.&#8221; portrait_url=&#8221;https:\/\/ag-frisch.com\/wp-content\/uploads\/2021\/08\/Harald.png&#8221; quote_icon=&#8221;off&#8221; _builder_version=&#8221;4.18.1&#8243; _module_preset=&#8221;default&#8221; body_font_size=&#8221;16px&#8221; use_background_color=&#8221;off&#8221; background_layout=&#8221;dark&#8221; global_colors_info=&#8221;{}&#8221;]<\/p>\n<p>Tutto perfetto! Non potevo immaginare servizio migliore di questo! Impossibile trovare consulenza e servizio migliori! Ci siamo rivolti pi\u00fa volte all\u00b4agenzia e siamo pi\u00fa che soddisfatti. Continueremo sicuramente a collaborare con loro!<\/p>\n<div class=\"brow ratingBarMargin\">\n<div class=\"ratingBar\">\n<div class=\"brow\">\n<div class=\"pe-richsnippets\"> <\/div>\n<p>\n<script type=\"text\/javascript\" src=\"https:\/\/www.provenexpert.com\/widget\/richsnippet.js?u=1NUA0VwZ4RUZ5tmAi5zA4RaplNKAlWwZ&amp;v=2\" async=\"\"><\/script>\n<\/p>\n<div style=\"text-align: justify;\">\n<p>&nbsp;<\/p>\n<div class=\"col-lg-9 col-md-8 col-xs-10 mt20 mb20\">\n<div class=\"col-xs-12 surveyNameForRating\"><\/div>\n<\/div>\n<\/div>\n<\/div>\n<\/div>\n<\/div>\n<p>[\/et_pb_testimonial][\/et_pb_column][\/et_pb_row][et_pb_row _builder_version=&#8221;4.16&#8243; background_size=&#8221;initial&#8221; background_position=&#8221;top_left&#8221; background_repeat=&#8221;repeat&#8221; custom_padding=&#8221;50px|0px|30px|0px&#8221; custom_css_main_element=&#8221;text-align: center;&#8221; global_colors_info=&#8221;{}&#8221;][et_pb_column type=&#8221;4_4&#8243; _builder_version=&#8221;4.16&#8243; custom_padding=&#8221;|||&#8221; global_colors_info=&#8221;{}&#8221; custom_padding__hover=&#8221;|||&#8221;][et_pb_button button_url=&#8221;https:\/\/www.provenexpert.com\/de-de\/agentur-frisch-international-consulting-gmbh-und-co-kg\/&#8221; button_text=&#8221;ALTRE VALUTAZIONI&#8221; button_alignment=&#8221;left&#8221; admin_label=&#8221;Testimonial Button&#8221; _builder_version=&#8221;4.16&#8243; custom_button=&#8221;on&#8221; button_text_size=&#8221;18px&#8221; button_text_color=&#8221;#ffffff&#8221; button_bg_color=&#8221;#6eba01&#8243; button_border_width=&#8221;2px&#8221; button_border_color=&#8221;#6eba01&#8243; button_border_radius=&#8221;0px&#8221; button_letter_spacing=&#8221;2px&#8221; button_font=&#8221;Montserrat|||on|&#8221; button_use_icon=&#8221;off&#8221; animation_style=&#8221;fold&#8221; animation_direction=&#8221;bottom&#8221; button_text_color_hover=&#8221;#ffffff&#8221; button_border_color_hover=&#8221;#ffffff&#8221; button_border_radius_hover=&#8221;0px&#8221; button_letter_spacing_hover=&#8221;2px&#8221; button_bg_color_hover=&#8221;rgba(255,255,255,0)&#8221; locked=&#8221;off&#8221; global_colors_info=&#8221;{}&#8221; button_text_size__hover_enabled=&#8221;off&#8221; button_one_text_size__hover_enabled=&#8221;off&#8221; button_two_text_size__hover_enabled=&#8221;off&#8221; button_text_color__hover_enabled=&#8221;on&#8221; button_text_color__hover=&#8221;#ffffff&#8221; button_one_text_color__hover_enabled=&#8221;off&#8221; button_two_text_color__hover_enabled=&#8221;off&#8221; button_border_width__hover_enabled=&#8221;off&#8221; button_one_border_width__hover_enabled=&#8221;off&#8221; button_two_border_width__hover_enabled=&#8221;off&#8221; button_border_color__hover_enabled=&#8221;on&#8221; button_border_color__hover=&#8221;#ffffff&#8221; button_one_border_color__hover_enabled=&#8221;off&#8221; button_two_border_color__hover_enabled=&#8221;off&#8221; button_border_radius__hover_enabled=&#8221;on&#8221; button_border_radius__hover=&#8221;0px&#8221; button_one_border_radius__hover_enabled=&#8221;off&#8221; button_two_border_radius__hover_enabled=&#8221;off&#8221; button_letter_spacing__hover_enabled=&#8221;on&#8221; button_letter_spacing__hover=&#8221;2px&#8221; button_one_letter_spacing__hover_enabled=&#8221;off&#8221; button_two_letter_spacing__hover_enabled=&#8221;off&#8221; button_bg_color__hover_enabled=&#8221;on&#8221; button_bg_color__hover=&#8221;rgba(255,255,255,0)&#8221; button_one_bg_color__hover_enabled=&#8221;off&#8221; button_two_bg_color__hover_enabled=&#8221;off&#8221;][\/et_pb_button][\/et_pb_column][\/et_pb_row][\/et_pb_section]<\/p>\n","protected":false},"excerpt":{"rendered":"<p>Vi supportiamo con la conformit\u00e0 LFGB dei vostri prodotti provenienti dalla Cina. Test LFGB: conformit\u00e0 e test quando si importa dalla Cina Laboratorio di prova LFGB in Cina LFGB &#8211; Codice degli alimenti e dei mangimi Conformit\u00e0 alla LFGB per i prodotti provenienti dalla Cina Dal 2005, il Codice tedesco degli alimenti e dei mangimi [&hellip;]<\/p>\n","protected":false},"author":2,"featured_media":0,"parent":0,"menu_order":0,"comment_status":"closed","ping_status":"closed","template":"","meta":{"_et_pb_use_builder":"on","_et_pb_old_content":"","_et_gb_content_width":"","footnotes":""},"class_list":["post-10814","page","type-page","status-publish","hentry"],"yoast_head":"<!-- This site is optimized with the Yoast SEO plugin v27.2 - https:\/\/yoast.com\/product\/yoast-seo-wordpress\/ -->\n<title>Test LFGB: conformit\u00e0 e test quando si importa dalla Cina<\/title>\n<meta name=\"description\" content=\"Test LFGB eseguiti dai nostri laboratori di prova \u25ba Importazione sicura grazie ai test e alla conformit\u00e0 con LFGB \u25ba Richiedete subito la consulenza di un esperto!\" \/>\n<meta name=\"robots\" content=\"index, follow, max-snippet:-1, max-image-preview:large, max-video-preview:-1\" \/>\n<link rel=\"canonical\" href=\"https:\/\/ag-frisch.com\/it\/esame-lfgb\/\" \/>\n<meta property=\"og:locale\" content=\"it_IT\" \/>\n<meta property=\"og:type\" content=\"article\" \/>\n<meta property=\"og:title\" content=\"Test LFGB: conformit\u00e0 e test quando si importa dalla Cina\" \/>\n<meta property=\"og:description\" content=\"Test LFGB eseguiti dai nostri laboratori di prova \u25ba Importazione sicura grazie ai test e alla conformit\u00e0 con LFGB \u25ba Richiedete subito la consulenza di un esperto!\" \/>\n<meta property=\"og:url\" content=\"https:\/\/ag-frisch.com\/it\/esame-lfgb\/\" \/>\n<meta property=\"og:site_name\" content=\"China Import Beratung f\u00fcr den Einkauf aus China\" \/>\n<meta property=\"article:publisher\" content=\"https:\/\/www.facebook.com\/China.Import\" \/>\n<meta property=\"article:modified_time\" content=\"2023-01-27T04:24:07+00:00\" \/>\n<meta name=\"twitter:card\" content=\"summary_large_image\" \/>\n<meta name=\"twitter:site\" content=\"@agenturfrisch\" \/>\n<meta name=\"twitter:label1\" content=\"Tempo di lettura stimato\" \/>\n\t<meta name=\"twitter:data1\" content=\"7 minuti\" \/>\n<script type=\"application\/ld+json\" class=\"yoast-schema-graph\">{\"@context\":\"https:\/\/schema.org\",\"@graph\":[{\"@type\":\"WebPage\",\"@id\":\"https:\/\/ag-frisch.com\/it\/esame-lfgb\/\",\"url\":\"https:\/\/ag-frisch.com\/it\/esame-lfgb\/\",\"name\":\"Test LFGB: conformit\u00e0 e test quando si importa dalla Cina\",\"isPartOf\":{\"@id\":\"https:\/\/ag-frisch.com\/de\/#website\"},\"datePublished\":\"2021-11-07T19:59:49+00:00\",\"dateModified\":\"2023-01-27T04:24:07+00:00\",\"description\":\"Test LFGB eseguiti dai nostri laboratori di prova \u25ba Importazione sicura grazie ai test e alla conformit\u00e0 con LFGB \u25ba Richiedete subito la consulenza di un esperto!\",\"breadcrumb\":{\"@id\":\"https:\/\/ag-frisch.com\/it\/esame-lfgb\/#breadcrumb\"},\"inLanguage\":\"it-IT\",\"potentialAction\":[{\"@type\":\"ReadAction\",\"target\":[\"https:\/\/ag-frisch.com\/it\/esame-lfgb\/\"]}]},{\"@type\":\"BreadcrumbList\",\"@id\":\"https:\/\/ag-frisch.com\/it\/esame-lfgb\/#breadcrumb\",\"itemListElement\":[{\"@type\":\"ListItem\",\"position\":1,\"name\":\"Startseite\",\"item\":\"https:\/\/ag-frisch.com\/de\/\"},{\"@type\":\"ListItem\",\"position\":2,\"name\":\"Esame lfgb\"}]},{\"@type\":\"WebSite\",\"@id\":\"https:\/\/ag-frisch.com\/de\/#website\",\"url\":\"https:\/\/ag-frisch.com\/de\/\",\"name\":\"China Import Beratung f\u00fcr den Einkauf aus China\",\"description\":\"China Import &amp; Export Beratung - Der Dienstleister Ihres Vertrauens f\u00fcr Ihren China Import\",\"publisher\":{\"@id\":\"https:\/\/ag-frisch.com\/de\/#organization\"},\"potentialAction\":[{\"@type\":\"SearchAction\",\"target\":{\"@type\":\"EntryPoint\",\"urlTemplate\":\"https:\/\/ag-frisch.com\/de\/?s={search_term_string}\"},\"query-input\":{\"@type\":\"PropertyValueSpecification\",\"valueRequired\":true,\"valueName\":\"search_term_string\"}}],\"inLanguage\":\"it-IT\"},{\"@type\":\"Organization\",\"@id\":\"https:\/\/ag-frisch.com\/de\/#organization\",\"name\":\"Agentur Frisch International Consulting GmbH & Co. KG\",\"url\":\"https:\/\/ag-frisch.com\/de\/\",\"logo\":{\"@type\":\"ImageObject\",\"inLanguage\":\"it-IT\",\"@id\":\"https:\/\/ag-frisch.com\/de\/#\/schema\/logo\/image\/\",\"url\":\"https:\/\/ag-frisch.com\/wp-content\/uploads\/2021\/08\/ag_logo_rgb_300_small.png\",\"contentUrl\":\"https:\/\/ag-frisch.com\/wp-content\/uploads\/2021\/08\/ag_logo_rgb_300_small.png\",\"width\":153,\"height\":102,\"caption\":\"Agentur Frisch International Consulting GmbH & Co. KG\"},\"image\":{\"@id\":\"https:\/\/ag-frisch.com\/de\/#\/schema\/logo\/image\/\"},\"sameAs\":[\"https:\/\/www.facebook.com\/China.Import\",\"https:\/\/x.com\/agenturfrisch\"]}]}<\/script>\n<!-- \/ Yoast SEO plugin. -->","yoast_head_json":{"title":"Test LFGB: conformit\u00e0 e test quando si importa dalla Cina","description":"Test LFGB eseguiti dai nostri laboratori di prova \u25ba Importazione sicura grazie ai test e alla conformit\u00e0 con LFGB \u25ba Richiedete subito la consulenza di un esperto!","robots":{"index":"index","follow":"follow","max-snippet":"max-snippet:-1","max-image-preview":"max-image-preview:large","max-video-preview":"max-video-preview:-1"},"canonical":"https:\/\/ag-frisch.com\/it\/esame-lfgb\/","og_locale":"it_IT","og_type":"article","og_title":"Test LFGB: conformit\u00e0 e test quando si importa dalla Cina","og_description":"Test LFGB eseguiti dai nostri laboratori di prova \u25ba Importazione sicura grazie ai test e alla conformit\u00e0 con LFGB \u25ba Richiedete subito la consulenza di un esperto!","og_url":"https:\/\/ag-frisch.com\/it\/esame-lfgb\/","og_site_name":"China Import Beratung f\u00fcr den Einkauf aus China","article_publisher":"https:\/\/www.facebook.com\/China.Import","article_modified_time":"2023-01-27T04:24:07+00:00","twitter_card":"summary_large_image","twitter_site":"@agenturfrisch","twitter_misc":{"Tempo di lettura stimato":"7 minuti"},"schema":{"@context":"https:\/\/schema.org","@graph":[{"@type":"WebPage","@id":"https:\/\/ag-frisch.com\/it\/esame-lfgb\/","url":"https:\/\/ag-frisch.com\/it\/esame-lfgb\/","name":"Test LFGB: conformit\u00e0 e test quando si importa dalla Cina","isPartOf":{"@id":"https:\/\/ag-frisch.com\/de\/#website"},"datePublished":"2021-11-07T19:59:49+00:00","dateModified":"2023-01-27T04:24:07+00:00","description":"Test LFGB eseguiti dai nostri laboratori di prova \u25ba Importazione sicura grazie ai test e alla conformit\u00e0 con LFGB \u25ba Richiedete subito la consulenza di un esperto!","breadcrumb":{"@id":"https:\/\/ag-frisch.com\/it\/esame-lfgb\/#breadcrumb"},"inLanguage":"it-IT","potentialAction":[{"@type":"ReadAction","target":["https:\/\/ag-frisch.com\/it\/esame-lfgb\/"]}]},{"@type":"BreadcrumbList","@id":"https:\/\/ag-frisch.com\/it\/esame-lfgb\/#breadcrumb","itemListElement":[{"@type":"ListItem","position":1,"name":"Startseite","item":"https:\/\/ag-frisch.com\/de\/"},{"@type":"ListItem","position":2,"name":"Esame lfgb"}]},{"@type":"WebSite","@id":"https:\/\/ag-frisch.com\/de\/#website","url":"https:\/\/ag-frisch.com\/de\/","name":"China Import Beratung f\u00fcr den Einkauf aus China","description":"China Import &amp; Export Beratung - Der Dienstleister Ihres Vertrauens f\u00fcr Ihren China Import","publisher":{"@id":"https:\/\/ag-frisch.com\/de\/#organization"},"potentialAction":[{"@type":"SearchAction","target":{"@type":"EntryPoint","urlTemplate":"https:\/\/ag-frisch.com\/de\/?s={search_term_string}"},"query-input":{"@type":"PropertyValueSpecification","valueRequired":true,"valueName":"search_term_string"}}],"inLanguage":"it-IT"},{"@type":"Organization","@id":"https:\/\/ag-frisch.com\/de\/#organization","name":"Agentur Frisch International Consulting GmbH & Co. KG","url":"https:\/\/ag-frisch.com\/de\/","logo":{"@type":"ImageObject","inLanguage":"it-IT","@id":"https:\/\/ag-frisch.com\/de\/#\/schema\/logo\/image\/","url":"https:\/\/ag-frisch.com\/wp-content\/uploads\/2021\/08\/ag_logo_rgb_300_small.png","contentUrl":"https:\/\/ag-frisch.com\/wp-content\/uploads\/2021\/08\/ag_logo_rgb_300_small.png","width":153,"height":102,"caption":"Agentur Frisch International Consulting GmbH & Co. KG"},"image":{"@id":"https:\/\/ag-frisch.com\/de\/#\/schema\/logo\/image\/"},"sameAs":["https:\/\/www.facebook.com\/China.Import","https:\/\/x.com\/agenturfrisch"]}]}},"_links":{"self":[{"href":"https:\/\/ag-frisch.com\/it\/wp-json\/wp\/v2\/pages\/10814","targetHints":{"allow":["GET"]}}],"collection":[{"href":"https:\/\/ag-frisch.com\/it\/wp-json\/wp\/v2\/pages"}],"about":[{"href":"https:\/\/ag-frisch.com\/it\/wp-json\/wp\/v2\/types\/page"}],"author":[{"embeddable":true,"href":"https:\/\/ag-frisch.com\/it\/wp-json\/wp\/v2\/users\/2"}],"replies":[{"embeddable":true,"href":"https:\/\/ag-frisch.com\/it\/wp-json\/wp\/v2\/comments?post=10814"}],"version-history":[{"count":0,"href":"https:\/\/ag-frisch.com\/it\/wp-json\/wp\/v2\/pages\/10814\/revisions"}],"wp:attachment":[{"href":"https:\/\/ag-frisch.com\/it\/wp-json\/wp\/v2\/media?parent=10814"}],"curies":[{"name":"wp","href":"https:\/\/api.w.org\/{rel}","templated":true}]}}