{"id":11050,"date":"2022-01-22T12:55:28","date_gmt":"2022-01-22T11:55:28","guid":{"rendered":"https:\/\/ag-frisch.com\/termini-e-condizioni\/"},"modified":"2022-01-22T12:55:28","modified_gmt":"2022-01-22T11:55:28","slug":"termini-e-condizioni","status":"publish","type":"page","link":"https:\/\/ag-frisch.com\/it\/termini-e-condizioni\/","title":{"rendered":"Termini e condizioni"},"content":{"rendered":"<h1>Termini di servizio del programma di affiliazione di AG-Frisch Consulting<\/h1>\n<h2>Accordo<\/h2>\n<p>Iscrivendosi al Programma di affiliazione di AG-Frisch Consulting (&#8220;Programma&#8221;) si accetta di essere vincolati dai seguenti termini e condizioni (&#8220;Termini di servizio&#8221;).<\/p>\n<p><strong>AG-Frisch Consulting<\/strong> si riserva il diritto di aggiornare e modificare i Termini di servizio di volta in volta senza preavviso. Qualsiasi nuova funzionalit\u00e0 che aumenti o migliori l&#8217;attuale Programma, compreso il rilascio di nuovi strumenti e risorse, sar\u00e0 soggetta ai Termini di servizio. L&#8217;uso continuato del Programma dopo tali modifiche costituir\u00e0 il consenso dell&#8217;utente a tali modifiche.<\/p>\n<p>La violazione di uno qualsiasi dei termini indicati di seguito comporter\u00e0 la chiusura dell&#8217;Account e l&#8217;annullamento di tutti i pagamenti delle commissioni di affiliazione maturati durante la violazione. L&#8217;utente accetta di utilizzare il Programma di affiliazione a proprio rischio e pericolo.<\/p>\n<h2>Condizioni del conto<\/h2>\n<ul>\n<li>Per partecipare a questo programma \u00e8 necessario avere almeno 18 anni.<\/li>\n<li>Per essere un Affiliato \u00e8 necessario vivere negli Stati Uniti.<\/li>\n<li>Devi essere un umano. Non sono ammessi account registrati tramite &#8220;bot&#8221; o altri metodi automatizzati.<\/li>\n<li>\u00c8 necessario fornire il proprio nome e cognome, un indirizzo e-mail valido e qualsiasi altra informazione richiesta per completare il processo di iscrizione.<\/li>\n<li>Il login pu\u00f2 essere utilizzato da una sola persona; non \u00e8 consentito un singolo login condiviso da pi\u00f9 persone.<\/li>\n<li>L&#8217;utente \u00e8 responsabile della sicurezza del proprio account e della propria password. <strong>AG-Frisch Consulting<\/strong> non pu\u00f2 e non sar\u00e0 responsabile di eventuali perdite o danni derivanti dal mancato rispetto di questo obbligo di sicurezza da parte dell&#8217;utente.<\/li>\n<li>L&#8217;utente \u00e8 responsabile di tutti i Contenuti pubblicati e delle attivit\u00e0 che si svolgono con il suo account.<\/li>\n<li>Una persona fisica o giuridica non pu\u00f2 gestire pi\u00f9 di un conto.<\/li>\n<li>Non \u00e8 consentito utilizzare il Programma di affiliazione per scopi illegali o non autorizzati. L&#8217;utente non deve, nell&#8217;uso del Servizio, violare le leggi vigenti nella sua giurisdizione (incluse, a titolo esemplificativo, le leggi sul copyright).<\/li>\n<li>Non \u00e8 consentito utilizzare il Programma di affiliazione per guadagnare sui propri account di prodotti <strong>AG-Frisch Consulting<\/strong>.<\/li>\n<\/ul>\n<h2>Link\/grafiche sul vostro sito, nelle vostre e-mail o in altre comunicazioni<\/h2>\n<p>Una volta iscritti al Programma di affiliazione, vi verr\u00e0 assegnato un Codice di affiliazione unico. Siete autorizzati a inserire link, banner o altri elementi grafici che vi forniamo con il vostro Codice di affiliazione sul vostro sito, nelle vostre e-mail o in altre comunicazioni. Vi forniremo le linee guida, gli stili di collegamento e la grafica da utilizzare per il collegamento a <strong>AG-Frisch Consulting<\/strong>. Possiamo modificare il design dell&#8217;opera d&#8217;arte in qualsiasi momento senza preavviso, ma non cambieremo le dimensioni delle immagini senza un adeguato preavviso.<\/p>\n<p>Per consentire un&#8217;accurata tracciatura, la stesura di rapporti e l&#8217;accumulo di commissioni di riferimento, vi forniremo formati speciali di link da utilizzare in tutti i collegamenti tra il vostro sito e <strong>AG-Frisch Consulting<\/strong>. L&#8217;utente deve assicurarsi che ciascuno dei collegamenti tra il suo sito e la <strong>AG-Frisch Consulting<\/strong> utilizzi correttamente tali formati speciali di collegamento. I link alla <strong>AG-Frisch Consulting<\/strong> inseriti nel vostro sito ai sensi del presente Accordo e che utilizzano correttamente tali formati speciali di link sono denominati &#8220;Link speciali&#8221;. Il cliente percepir\u00e0 le commissioni di referral solo in relazione alle vendite su <strong>AG-Frisch Consulting<\/strong>.  Non saremo responsabili nei vostri confronti in caso di mancato utilizzo da parte vostra o di un vostro referente dei Link Speciali o di errata digitazione del vostro Codice Affiliato, anche nella misura in cui tale mancato utilizzo possa comportare una riduzione degli importi che vi verrebbero altrimenti corrisposti ai sensi del presente Contratto.<\/p>\n<p>I link di affiliazione devono puntare alla pagina del prodotto promosso.<\/p>\n<h2>Commissioni e pagamenti per i referral<\/h2>\n<p>Affinch\u00e9 la vendita di un Prodotto sia idonea a guadagnare una commissione di riferimento, il cliente deve fare clic su un Link speciale dal vostro sito, e-mail o altre comunicazioni a <strong>https:\/\/ag-frisch.com<\/strong> e completare un ordine per un prodotto durante quella sessione.<\/p>\n<p>Pagheremo solo le commissioni sui link che sono automaticamente tracciati e segnalati dai nostri sistemi. Non pagheremo le commissioni se qualcuno dice di aver acquistato o se qualcuno dice di aver inserito un codice di riferimento se non \u00e8 stato tracciato dal nostro sistema. Possiamo pagare le commissioni solo per gli affari generati da link speciali correttamente formattati e tracciati automaticamente dai nostri sistemi.<\/p>\n<p>Ci riserviamo il diritto di squalificare le commissioni guadagnate con metodi di vendita o di marketing fraudolenti, illegali o eccessivamente aggressivi e discutibili.<\/p>\n<p>I pagamenti iniziano solo dopo aver guadagnato pi\u00f9 di <strong> 20 dollari<\/strong> in entrate da affiliazione. Se il vostro conto affiliato non supera mai la soglia dei <strong> 20 dollari<\/strong>, le vostre commissioni non saranno realizzate o pagate. Siamo responsabili del pagamento solo dei conti che hanno superato la soglia dei <strong> 20 dollari<\/strong>.<\/p>\n<h2>Identificarsi come Affiliato AG-Frisch Consulting<\/h2>\n<p>Non \u00e8 consentito rilasciare comunicati stampa in relazione al presente Contratto o alla partecipazione al Programma; tale azione pu\u00f2 comportare la cancellazione dal Programma. Inoltre, non potete in alcun modo travisare o abbellire il rapporto tra noi e voi, dire che siete voi a sviluppare i nostri prodotti, dire che fate parte di un&#8217;associazione di consumatori.  <strong>Consulenza AG-Frisch<\/strong>  n\u00e9 esprimere o sottintendere alcun rapporto o affiliazione tra noi e l&#8217;utente o qualsiasi altra persona o entit\u00e0, salvo quanto espressamente consentito dal presente Contratto (anche esprimendo o sottintendendo che noi sosteniamo, sponsorizziamo, appoggiamo o contribuiamo in denaro a qualsiasi ente di beneficenza o altra causa).<\/p>\n<p>Non \u00e8 consentito acquistare prodotti attraverso i link di affiliazione per uso personale. Tali acquisti possono comportare (a nostra esclusiva discrezione) la trattenuta delle commissioni di riferimento e\/o la risoluzione del presente Contratto.<\/p>\n<h2>Piano di pagamento<\/h2>\n<p>Finch\u00e9 i vostri guadagni di affiliazione sono superiori a <strong> 20 dollari<\/strong>, sarete pagati ogni mese. Se non avete guadagnato <strong> 20 dollari<\/strong> dall&#8217;ultimo pagamento, vi pagheremo il mese successivo dopo aver superato la soglia.<\/p>\n<h2>Definizione del cliente<\/h2>\n<p>I clienti che acquistano prodotti attraverso questo Programma saranno considerati nostri clienti. Di conseguenza, tutte le nostre regole, politiche e procedure operative relative agli ordini dei clienti, al servizio clienti e alla vendita dei prodotti si applicheranno a tali clienti. Possiamo modificare le nostre politiche e procedure operative in qualsiasi momento. Ad esempio, determineremo i prezzi da applicare ai prodotti venduti nell&#8217;ambito di questo Programma in base alle nostre politiche di prezzo. I prezzi e la disponibilit\u00e0 dei prodotti possono variare di volta in volta. Poich\u00e9 le variazioni di prezzo possono influire sui prodotti che avete inserito nel vostro sito, non dovreste visualizzare i prezzi dei prodotti sul vostro sito. Ci impegniamo a fare tutto il possibile per presentare informazioni accurate, ma non possiamo garantire la disponibilit\u00e0 o il prezzo di un particolare prodotto.<\/p>\n<h2>Le vostre responsabilit\u00e0<\/h2>\n<p>L&#8217;utente sar\u00e0 l&#8217;unico responsabile dello sviluppo, del funzionamento e della manutenzione del suo sito e di tutti i materiali che appaiono sul suo sito. Ad esempio, sarete i soli responsabili di:<\/p>\n<p>&#8211; Il funzionamento tecnico del vostro sito e di tutte le attrezzature connesse<br \/>\n&#8211; Garantire che la visualizzazione dei Link Speciali sul vostro sito non violi alcun accordo tra voi e terze parti (incluse, senza limitazioni, le restrizioni o i requisiti posti da una terza parte che ospita il vostro sito).<br \/>\n&#8211; L&#8217;accuratezza, la veridicit\u00e0 e l&#8217;adeguatezza dei materiali pubblicati sul vostro sito (inclusi, tra l&#8217;altro, tutti i materiali relativi ai Prodotti e qualsiasi informazione che includete all&#8217;interno di o associate a Link Speciali)<br \/>\n&#8211; Garantire che i materiali pubblicati sul vostro sito non violino o infrangano i diritti di terzi (compresi, ad esempio, i diritti d&#8217;autore, i marchi, la privacy o altri diritti personali o di propriet\u00e0).<br \/>\n&#8211; Garantire che i materiali pubblicati sul vostro sito non siano diffamatori o altrimenti illegali.<br \/>\n&#8211; Garantire che il vostro sito divulghi in modo accurato e adeguato, attraverso un&#8217;informativa sulla privacy o in altro modo, le modalit\u00e0 di raccolta, utilizzo, archiviazione e divulgazione dei dati raccolti dai visitatori, compreso, se del caso, il fatto che le terze parti (compresi gli inserzionisti) possono fornire contenuti e\/o pubblicit\u00e0 e raccogliere informazioni direttamente dai visitatori e possono inserire o riconoscere i cookie nei browser dei visitatori.<\/p>\n<h2>Conformit\u00e0 alle leggi<\/h2>\n<p>Come condizione per la partecipazione al Programma, l&#8217;utente accetta di rispettare, durante la sua permanenza nel Programma, tutte le leggi, le ordinanze, le norme, i regolamenti, gli ordini, le licenze, i permessi, le sentenze, le decisioni o altri requisiti di qualsiasi autorit\u00e0 governativa che abbia giurisdizione su di lui, sia che tali leggi, ecc. siano ora in vigore o che entrino in vigore successivamente durante il periodo in cui l&#8217;utente partecipa al Programma. Senza limitare l&#8217;obbligo di cui sopra, l&#8217;utente accetta di rispettare, come condizione per la sua partecipazione al Programma, tutte le leggi applicabili (federali, statali o di altro tipo) che regolano le e-mail di marketing, tra cui, a titolo esemplificativo, il CAN-SPAM Act del 2003 e tutte le altre leggi anti-spam.<\/p>\n<h2>Durata dell&#8217;Accordo e del Programma<\/h2>\n<p>La durata del presente Contratto avr\u00e0 inizio con l&#8217;accettazione da parte nostra della domanda di partecipazione al Programma e terminer\u00e0 con la risoluzione da parte di una delle due parti. L&#8217;utente o noi possiamo risolvere il presente Contratto in qualsiasi momento, con o senza motivo, dandone comunicazione scritta all&#8217;altra parte. In caso di risoluzione del presente Contratto per qualsiasi motivo, l&#8217;utente cesser\u00e0 immediatamente l&#8217;utilizzo e rimuover\u00e0 dal proprio sito tutti i collegamenti a  <strong>https:\/\/ag-frisch.com<\/strong>e tutti i nostri marchi di fabbrica, le nostre immagini commerciali e i nostri loghi, nonch\u00e9 tutti gli altri materiali forniti da o per conto della Societ\u00e0 all&#8217;utente ai sensi del presente documento o in relazione al Programma.  <strong>AG-Frisch Consulting<\/strong> si riserva il diritto di terminare il Programma in qualsiasi momento. Al termine del programma, <strong>AG-Frisch Consulting<\/strong> pagher\u00e0 tutti i guadagni in sospeso maturati oltre i <strong> 20 dollari<\/strong>.<\/p>\n<h2>Terminazione<\/h2>\n<p><strong>AG-Frisch Consulting<\/strong>, a sua esclusiva discrezione, ha il diritto di sospendere o chiudere l&#8217;account dell&#8217;utente e di rifiutare qualsiasi uso attuale o futuro del Programma, o di qualsiasi altro servizio di <strong>AG-Frisch Consulting<\/strong>, per qualsiasi motivo e in qualsiasi momento. Tale cessazione del Servizio comporter\u00e0 la disattivazione o l&#8217;eliminazione del vostro Account o del vostro accesso al vostro Account, nonch\u00e9 la perdita e la rinuncia a tutte le commissioni potenziali o da pagare nel vostro Account se sono state guadagnate attraverso metodi di vendita o di marketing fraudolenti, illegali o eccessivamente aggressivi e discutibili.  <strong>AG-Frisch Consulting<\/strong> si riserva il diritto di rifiutare il servizio a chiunque per qualsiasi motivo e in qualsiasi momento.<\/p>\n<h2>Rapporto tra le parti<\/h2>\n<p>L&#8217;utente e noi siamo contraenti indipendenti e nulla di quanto contenuto nel presente Contratto creer\u00e0 un rapporto di partnership, joint venture, agenzia, franchising, rappresentanza di vendita o impiego tra le parti. Non avrete l&#8217;autorit\u00e0 di fare o accettare offerte o dichiarazioni per nostro conto. L&#8217;utente non far\u00e0 alcuna dichiarazione, sul proprio sito o in altro modo, che possa ragionevolmente contraddire quanto contenuto nella presente sezione.<\/p>\n<h2>Limitazioni di responsabilit\u00e0<\/h2>\n<p>Non saremo responsabili per danni indiretti, speciali o consequenziali (o per qualsiasi perdita di entrate, profitti o dati) derivanti dal presente Contratto o dal Programma, anche se siamo stati avvisati della possibilit\u00e0 di tali danni. Inoltre, la nostra responsabilit\u00e0 complessiva derivante dal presente Contratto e dal Programma non superer\u00e0 il totale delle commissioni di riferimento pagate o pagabili all&#8217;utente ai sensi del presente Contratto.<\/p>\n<h2>Esclusioni di responsabilit\u00e0<\/h2>\n<p>Non forniamo alcuna garanzia o dichiarazione esplicita o implicita in relazione al Programma o a qualsiasi prodotto venduto attraverso il Programma (incluse, a titolo esemplificativo, le garanzie di idoneit\u00e0, commerciabilit\u00e0, non violazione o qualsiasi garanzia implicita derivante da un corso di prestazioni, da un&#8217;attivit\u00e0 commerciale o dagli usi commerciali). Inoltre, non garantiamo che il funzionamento di <strong>AG-Frisch Consulting<\/strong> sia ininterrotto o privo di errori e non saremo responsabili delle conseguenze di eventuali interruzioni o errori.<\/p>\n<h2>Indagine indipendente<\/h2>\n<p>L&#8217;UTENTE DICHIARA DI AVER LETTO IL PRESENTE CONTRATTO E DI ACCETTARNE TUTTI I TERMINI E LE CONDIZIONI. L&#8217;UTENTE \u00c8 CONSAPEVOLE DEL FATTO CHE POSSIAMO IN QUALSIASI MOMENTO (DIRETTAMENTE O INDIRETTAMENTE) SOLLECITARE LA SEGNALAZIONE DI CLIENTI A CONDIZIONI CHE POSSONO ESSERE DIVERSE DA QUELLE CONTENUTE NEL PRESENTE CONTRATTO O GESTIRE SITI WEB SIMILI O IN CONCORRENZA CON IL VOSTRO SITO WEB. L&#8217;UTENTE HA VALUTATO IN MODO INDIPENDENTE L&#8217;OPPORTUNIT\u00c0 DI PARTECIPARE AL PROGRAMMA E NON FA AFFIDAMENTO SU ALCUNA DICHIARAZIONE, GARANZIA O AFFERMAZIONE DIVERSA DA QUANTO STABILITO NEL PRESENTE CONTRATTO.<\/p>\n<h2>Arbitrato<\/h2>\n<p>Qualsiasi controversia relativa in qualsiasi modo al presente Contratto (compresa qualsiasi violazione effettiva o presunta del presente Contratto), a qualsiasi transazione o attivit\u00e0 ai sensi del presente Contratto o al vostro rapporto con noi o con una delle nostre affiliate sar\u00e0 sottoposta ad arbitrato confidenziale, ad eccezione del fatto che, nella misura in cui abbiate in qualche modo violato o minacciato di violare i nostri diritti di propriet\u00e0 intellettuale, potremo richiedere un provvedimento ingiuntivo o altro provvedimento appropriato in qualsiasi tribunale statale o federale (e voi acconsentite alla giurisdizione non esclusiva e alla sede in tali tribunali) o in qualsiasi altro tribunale della giurisdizione competente. L&#8217;arbitrato previsto dal presente accordo sar\u00e0 condotto secondo le regole vigenti dell&#8217;American Arbitration Association. Il lodo dell&#8217;arbitro sar\u00e0 vincolante e potr\u00e0 essere registrato come sentenza in qualsiasi tribunale della giurisdizione competente. Nella misura massima consentita dalla legge applicabile, nessun arbitrato ai sensi del presente Contratto sar\u00e0 unito a un arbitrato che coinvolga qualsiasi altra parte soggetta al presente Contratto, sia attraverso procedure di arbitrato di classe che in altro modo.<\/p>\n<h2>Varie<\/h2>\n<p>Il presente Contratto sar\u00e0 disciplinato dalle leggi degli Stati Uniti, senza riferimento alle norme che regolano la scelta delle leggi. L&#8217;utente non pu\u00f2 cedere il presente Contratto, per effetto di legge o altro, senza il nostro previo consenso scritto. Fatta salva tale limitazione, il presente Contratto sar\u00e0 vincolante, a beneficio e opponibile alle parti e ai loro rispettivi successori e cessionari. La mancata applicazione da parte nostra del rigoroso adempimento da parte vostra di qualsiasi disposizione del presente Contratto non costituir\u00e0 una rinuncia al nostro diritto di applicare successivamente tale disposizione o qualsiasi altra disposizione del presente Contratto.<\/p>\n<p>Il mancato esercizio o applicazione da parte di <strong>AG-Frisch Consulting<\/strong> di qualsiasi diritto o disposizione dei Termini di servizio non costituisce una rinuncia a tale diritto o disposizione. I Termini di servizio costituiscono l&#8217;intero accordo tra l&#8217;utente e <strong>AG-Frisch Consulting<\/strong> e regolano l&#8217;utilizzo del Servizio da parte dell&#8217;utente, superando qualsiasi accordo precedente tra l&#8217;utente e <strong>AG-Frisch Consulting<\/strong> (comprese, a titolo esemplificativo ma non esaustivo, eventuali versioni precedenti dei Termini di servizio).<\/p>\n","protected":false},"excerpt":{"rendered":"<p>Termini di servizio del programma di affiliazione di AG-Frisch Consulting Accordo Iscrivendosi al Programma di affiliazione di AG-Frisch Consulting (&#8220;Programma&#8221;) si accetta di essere vincolati dai seguenti termini e condizioni (&#8220;Termini di servizio&#8221;). AG-Frisch Consulting si riserva il diritto di aggiornare e modificare i Termini di servizio di volta in volta senza preavviso. Qualsiasi nuova [&hellip;]<\/p>\n","protected":false},"author":2,"featured_media":0,"parent":0,"menu_order":0,"comment_status":"closed","ping_status":"closed","template":"","meta":{"_et_pb_use_builder":"","_et_pb_old_content":"","_et_gb_content_width":"","footnotes":""},"class_list":["post-11050","page","type-page","status-publish","hentry"],"yoast_head":"<!-- This site is optimized with the Yoast SEO plugin v27.4 - https:\/\/yoast.com\/product\/yoast-seo-wordpress\/ -->\n<title>Termini e condizioni - China Import Beratung f\u00fcr den Einkauf aus China<\/title>\n<meta name=\"robots\" content=\"index, follow, max-snippet:-1, max-image-preview:large, max-video-preview:-1\" \/>\n<link rel=\"canonical\" href=\"https:\/\/ag-frisch.com\/termini-e-condizioni\/\" \/>\n<meta property=\"og:locale\" content=\"it_IT\" \/>\n<meta property=\"og:type\" content=\"article\" \/>\n<meta property=\"og:title\" content=\"Termini e condizioni - China Import Beratung f\u00fcr den Einkauf aus China\" \/>\n<meta property=\"og:description\" content=\"Termini di servizio del programma di affiliazione di AG-Frisch Consulting Accordo Iscrivendosi al Programma di affiliazione di AG-Frisch Consulting (&#8220;Programma&#8221;) si accetta di essere vincolati dai seguenti termini e condizioni (&#8220;Termini di servizio&#8221;). AG-Frisch Consulting si riserva il diritto di aggiornare e modificare i Termini di servizio di volta in volta senza preavviso. Qualsiasi nuova [&hellip;]\" \/>\n<meta property=\"og:url\" content=\"https:\/\/ag-frisch.com\/termini-e-condizioni\/\" \/>\n<meta property=\"og:site_name\" content=\"China Import Beratung f\u00fcr den Einkauf aus China\" \/>\n<meta property=\"article:publisher\" content=\"https:\/\/www.facebook.com\/China.Import\" \/>\n<meta name=\"twitter:card\" content=\"summary_large_image\" \/>\n<meta name=\"twitter:site\" content=\"@agenturfrisch\" \/>\n<meta name=\"twitter:label1\" content=\"Tempo di lettura stimato\" \/>\n\t<meta name=\"twitter:data1\" content=\"12 minuti\" \/>\n<script type=\"application\/ld+json\" class=\"yoast-schema-graph\">{\"@context\":\"https:\\\/\\\/schema.org\",\"@graph\":[{\"@type\":\"WebPage\",\"@id\":\"https:\\\/\\\/ag-frisch.com\\\/termini-e-condizioni\\\/\",\"url\":\"https:\\\/\\\/ag-frisch.com\\\/termini-e-condizioni\\\/\",\"name\":\"Termini e condizioni - China Import Beratung f\u00fcr den Einkauf aus China\",\"isPartOf\":{\"@id\":\"https:\\\/\\\/ag-frisch.com\\\/de\\\/#website\"},\"datePublished\":\"2022-01-22T11:55:28+00:00\",\"breadcrumb\":{\"@id\":\"https:\\\/\\\/ag-frisch.com\\\/termini-e-condizioni\\\/#breadcrumb\"},\"inLanguage\":\"it-IT\",\"potentialAction\":[{\"@type\":\"ReadAction\",\"target\":[\"https:\\\/\\\/ag-frisch.com\\\/termini-e-condizioni\\\/\"]}]},{\"@type\":\"BreadcrumbList\",\"@id\":\"https:\\\/\\\/ag-frisch.com\\\/termini-e-condizioni\\\/#breadcrumb\",\"itemListElement\":[{\"@type\":\"ListItem\",\"position\":1,\"name\":\"Startseite\",\"item\":\"https:\\\/\\\/ag-frisch.com\\\/de\\\/\"},{\"@type\":\"ListItem\",\"position\":2,\"name\":\"Termini e condizioni\"}]},{\"@type\":\"WebSite\",\"@id\":\"https:\\\/\\\/ag-frisch.com\\\/de\\\/#website\",\"url\":\"https:\\\/\\\/ag-frisch.com\\\/de\\\/\",\"name\":\"China Import Beratung f\u00fcr den Einkauf aus China\",\"description\":\"China Import &amp; Export Beratung - Der Dienstleister Ihres Vertrauens f\u00fcr Ihren China Import\",\"publisher\":{\"@id\":\"https:\\\/\\\/ag-frisch.com\\\/de\\\/#organization\"},\"potentialAction\":[{\"@type\":\"SearchAction\",\"target\":{\"@type\":\"EntryPoint\",\"urlTemplate\":\"https:\\\/\\\/ag-frisch.com\\\/de\\\/?s={search_term_string}\"},\"query-input\":{\"@type\":\"PropertyValueSpecification\",\"valueRequired\":true,\"valueName\":\"search_term_string\"}}],\"inLanguage\":\"it-IT\"},{\"@type\":\"Organization\",\"@id\":\"https:\\\/\\\/ag-frisch.com\\\/de\\\/#organization\",\"name\":\"Agentur Frisch International Consulting GmbH & Co. KG\",\"url\":\"https:\\\/\\\/ag-frisch.com\\\/de\\\/\",\"logo\":{\"@type\":\"ImageObject\",\"inLanguage\":\"it-IT\",\"@id\":\"https:\\\/\\\/ag-frisch.com\\\/de\\\/#\\\/schema\\\/logo\\\/image\\\/\",\"url\":\"https:\\\/\\\/ag-frisch.com\\\/wp-content\\\/uploads\\\/2021\\\/08\\\/ag_logo_rgb_300_small.png\",\"contentUrl\":\"https:\\\/\\\/ag-frisch.com\\\/wp-content\\\/uploads\\\/2021\\\/08\\\/ag_logo_rgb_300_small.png\",\"width\":153,\"height\":102,\"caption\":\"Agentur Frisch International Consulting GmbH & Co. KG\"},\"image\":{\"@id\":\"https:\\\/\\\/ag-frisch.com\\\/de\\\/#\\\/schema\\\/logo\\\/image\\\/\"},\"sameAs\":[\"https:\\\/\\\/www.facebook.com\\\/China.Import\",\"https:\\\/\\\/x.com\\\/agenturfrisch\"]}]}<\/script>\n<!-- \/ Yoast SEO plugin. -->","yoast_head_json":{"title":"Termini e condizioni - China Import Beratung f\u00fcr den Einkauf aus China","robots":{"index":"index","follow":"follow","max-snippet":"max-snippet:-1","max-image-preview":"max-image-preview:large","max-video-preview":"max-video-preview:-1"},"canonical":"https:\/\/ag-frisch.com\/termini-e-condizioni\/","og_locale":"it_IT","og_type":"article","og_title":"Termini e condizioni - China Import Beratung f\u00fcr den Einkauf aus China","og_description":"Termini di servizio del programma di affiliazione di AG-Frisch Consulting Accordo Iscrivendosi al Programma di affiliazione di AG-Frisch Consulting (&#8220;Programma&#8221;) si accetta di essere vincolati dai seguenti termini e condizioni (&#8220;Termini di servizio&#8221;). AG-Frisch Consulting si riserva il diritto di aggiornare e modificare i Termini di servizio di volta in volta senza preavviso. Qualsiasi nuova [&hellip;]","og_url":"https:\/\/ag-frisch.com\/termini-e-condizioni\/","og_site_name":"China Import Beratung f\u00fcr den Einkauf aus China","article_publisher":"https:\/\/www.facebook.com\/China.Import","twitter_card":"summary_large_image","twitter_site":"@agenturfrisch","twitter_misc":{"Tempo di lettura stimato":"12 minuti"},"schema":{"@context":"https:\/\/schema.org","@graph":[{"@type":"WebPage","@id":"https:\/\/ag-frisch.com\/termini-e-condizioni\/","url":"https:\/\/ag-frisch.com\/termini-e-condizioni\/","name":"Termini e condizioni - China Import Beratung f\u00fcr den Einkauf aus China","isPartOf":{"@id":"https:\/\/ag-frisch.com\/de\/#website"},"datePublished":"2022-01-22T11:55:28+00:00","breadcrumb":{"@id":"https:\/\/ag-frisch.com\/termini-e-condizioni\/#breadcrumb"},"inLanguage":"it-IT","potentialAction":[{"@type":"ReadAction","target":["https:\/\/ag-frisch.com\/termini-e-condizioni\/"]}]},{"@type":"BreadcrumbList","@id":"https:\/\/ag-frisch.com\/termini-e-condizioni\/#breadcrumb","itemListElement":[{"@type":"ListItem","position":1,"name":"Startseite","item":"https:\/\/ag-frisch.com\/de\/"},{"@type":"ListItem","position":2,"name":"Termini e condizioni"}]},{"@type":"WebSite","@id":"https:\/\/ag-frisch.com\/de\/#website","url":"https:\/\/ag-frisch.com\/de\/","name":"China Import Beratung f\u00fcr den Einkauf aus China","description":"China Import &amp; Export Beratung - Der Dienstleister Ihres Vertrauens f\u00fcr Ihren China Import","publisher":{"@id":"https:\/\/ag-frisch.com\/de\/#organization"},"potentialAction":[{"@type":"SearchAction","target":{"@type":"EntryPoint","urlTemplate":"https:\/\/ag-frisch.com\/de\/?s={search_term_string}"},"query-input":{"@type":"PropertyValueSpecification","valueRequired":true,"valueName":"search_term_string"}}],"inLanguage":"it-IT"},{"@type":"Organization","@id":"https:\/\/ag-frisch.com\/de\/#organization","name":"Agentur Frisch International Consulting GmbH & Co. KG","url":"https:\/\/ag-frisch.com\/de\/","logo":{"@type":"ImageObject","inLanguage":"it-IT","@id":"https:\/\/ag-frisch.com\/de\/#\/schema\/logo\/image\/","url":"https:\/\/ag-frisch.com\/wp-content\/uploads\/2021\/08\/ag_logo_rgb_300_small.png","contentUrl":"https:\/\/ag-frisch.com\/wp-content\/uploads\/2021\/08\/ag_logo_rgb_300_small.png","width":153,"height":102,"caption":"Agentur Frisch International Consulting GmbH & Co. KG"},"image":{"@id":"https:\/\/ag-frisch.com\/de\/#\/schema\/logo\/image\/"},"sameAs":["https:\/\/www.facebook.com\/China.Import","https:\/\/x.com\/agenturfrisch"]}]}},"_links":{"self":[{"href":"https:\/\/ag-frisch.com\/it\/wp-json\/wp\/v2\/pages\/11050","targetHints":{"allow":["GET"]}}],"collection":[{"href":"https:\/\/ag-frisch.com\/it\/wp-json\/wp\/v2\/pages"}],"about":[{"href":"https:\/\/ag-frisch.com\/it\/wp-json\/wp\/v2\/types\/page"}],"author":[{"embeddable":true,"href":"https:\/\/ag-frisch.com\/it\/wp-json\/wp\/v2\/users\/2"}],"replies":[{"embeddable":true,"href":"https:\/\/ag-frisch.com\/it\/wp-json\/wp\/v2\/comments?post=11050"}],"version-history":[{"count":0,"href":"https:\/\/ag-frisch.com\/it\/wp-json\/wp\/v2\/pages\/11050\/revisions"}],"wp:attachment":[{"href":"https:\/\/ag-frisch.com\/it\/wp-json\/wp\/v2\/media?parent=11050"}],"curies":[{"name":"wp","href":"https:\/\/api.w.org\/{rel}","templated":true}]}}