{"id":11113,"date":"2022-04-28T13:52:33","date_gmt":"2022-04-28T11:52:33","guid":{"rendered":"https:\/\/ag-frisch.com\/arte-e-antiquariato\/"},"modified":"2023-01-27T05:27:35","modified_gmt":"2023-01-27T04:27:35","slug":"arte-e-antiquariato","status":"publish","type":"page","link":"https:\/\/ag-frisch.com\/it\/arte-e-antiquariato\/","title":{"rendered":"Arte e antiquariato"},"content":{"rendered":"<p>[et_pb_section fb_built=&#8221;1&#8243; _builder_version=&#8221;4.16&#8243; _module_preset=&#8221;default&#8221; global_colors_info=&#8221;{}&#8221;][et_pb_row _builder_version=&#8221;4.18.1&#8243; _module_preset=&#8221;default&#8221; global_colors_info=&#8221;{}&#8221;][et_pb_column type=&#8221;4_4&#8243; _builder_version=&#8221;4.18.1&#8243; _module_preset=&#8221;default&#8221; global_colors_info=&#8221;{}&#8221;][et_pb_cta title=&#8221;Importare arte e antiquariato (repliche) dalla Cina&#8221; button_url=&#8221;https:\/\/ag-frisch.com\/it\/contatto\/&#8221; button_text=&#8221;Assumere professionisti per importare ora&#8221; _builder_version=&#8221;4.18.1&#8243; _module_preset=&#8221;default&#8221; global_colors_info=&#8221;{}&#8221;]<\/p>\n<p>Vi sosteniamo nell&#8217;importazione di repliche di oggetti d&#8217;arte o ornamentali dalla Cina. Siamo il vostro partner dalla ricerca di un fornitore, alla negoziazione del contratto e alle procedure di conformit\u00e0, passando per la poduzione e il controllo qualit\u00e0, fino alla logistica e alla consegna al magazzino dell&#8217;acquirente.  <\/p>\n<p>[\/et_pb_cta][\/et_pb_column][\/et_pb_row][et_pb_row _builder_version=&#8221;4.16&#8243; _module_preset=&#8221;default&#8221; global_colors_info=&#8221;{}&#8221;][et_pb_column type=&#8221;4_4&#8243; _builder_version=&#8221;4.16&#8243; _module_preset=&#8221;default&#8221; global_colors_info=&#8221;{}&#8221;][et_pb_text _builder_version=&#8221;4.18.1&#8243; _module_preset=&#8221;default&#8221; hover_enabled=&#8221;0&#8243; global_colors_info=&#8221;{}&#8221; sticky_enabled=&#8221;0&#8243;]<\/p>\n<h1>Importazione di oggetti d&#8217;antiquariato e opere d&#8217;arte dalla Cina<\/h1>\n<h2>Arte e antiquariato (repliche e riproduzioni)<\/h2>\n<p><strong>Importazione di articoli artistici dalla Cina<\/strong><\/p>\n<p>Le riproduzioni cinesi di oggetti d&#8217;arte possono essere di eccezionale qualit\u00e0 e bellezza: Basta sapere da chi acquistare. L&#8217;Agentur Frisch vi offre i collegamenti giusti per entrare in possesso di bellissimi pezzi della migliore qualit\u00e0, naturalmente a prezzi imbattibilmente bassi. Che siate una ditta individuale che desidera importare un numero limitato di pezzi o un grossista con una domanda elevata, ci occuperemo della vostra importazione di articoli d&#8217;arte e di repliche di oggetti d&#8217;antiquariato dalla Cina.<\/p>\n<p>&nbsp;<\/p>\n<p><strong>Qualit\u00e0 eccellente a prezzi bassi: Opere d&#8217;arte e di antiquariato dalla Cina<\/strong><\/p>\n<p>Vi forniamo prodotti di alta qualit\u00e0 a prezzi bassi, anche nel settore delle opere d&#8217;arte e delle repliche antiche dalla Cina. Il nostro controllo qualit\u00e0 interno garantisce che non avrete spiacevoli sorprese con le vostre importazioni dalla Cina. Dovreste essere convinti del vostro acquisto in Cina come lo siamo noi: questo \u00e8 ci\u00f2 che rappresentiamo con il nostro buon nome. L&#8217;Agenzia Frisch possiede la pluriennale esperienza e la rete necessaria per selezionare i fornitori giusti per merci speciali come articoli d&#8217;arte e repliche di oggetti d&#8217;antiquariato provenienti dalla Cina.<\/p>\n<p>&nbsp;<\/p>\n<p><strong>Originali e repliche: importare opere d&#8217;arte dalla Cina<\/strong><\/p>\n<p>L&#8217;arte cinese ha una tradizione millenaria. Precisione e cura caratterizzano il lavoro degli artisti in Cina. Non c&#8217;\u00e8 da stupirsi che qui vengano prodotte le migliori repliche di dipinti e tele disponibili sul mercato. Vecchi maestri olandesi come Rembrandt, Bruegel o van Gogh, o l&#8217;arte di pittori italiani come Michelangelo, Botticelli o Raffaello, solo per citarne alcuni &#8211; sono tutti copiati da modelli esatti in un dignitoso lavoro di precisione, e i dipinti risultanti possono essere importati direttamente dalla Cina in Germania come articoli d&#8217;arte.<\/p>\n<p>Ma anche l&#8217;arte tradizionale e moderna cinese ha molto da offrire e pu\u00f2 essere sfruttata per il mercato tedesco come importazione dalla Cina. Contattateci e vi consiglieremo su richiesta sulla selezione e sulle possibilit\u00e0 di importazione di articoli d&#8217;arte!<\/p>\n<p>&nbsp;<\/p>\n<p><strong>Repliche oniriche di oggetti d&#8217;antiquariato<\/strong><\/p>\n<p>Sedie ad ala Luigi XVI, un letto a baldacchino del periodo barocco o una cassapanca medievale: questi oggetti sono difficilmente accessibili in originale. Molti clienti ricorrono quindi a repliche di oggetti d&#8217;antiquariato. Anche il mercato cinese \u00e8 da tempo specializzato in questo settore e offre repliche convincenti di oggetti antichi da importare in Cina.  <\/p>\n<p>Altre repliche antiquarie che \u00e8 possibile importare direttamente dalla Cina tramite l&#8217;Agenzia Frisch sono, ad esempio, le seguenti:<\/p>\n<ul>\n<li>Bicchieri e cristalli antichi<\/li>\n<li>Materiali da costruzione e materiali da costruzione storici<\/li>\n<li>Porcellana e ceramica<\/li>\n<li>Tappeti e articoli annodati<\/li>\n<li>Statue e sculture<\/li>\n<li>Abiti e tessuti antichi<\/li>\n<li>Mobili<\/li>\n<li>Gioielli antichi<\/li>\n<li>Strumenti musicali<\/li>\n<li>e molto altro ancora.<\/li>\n<\/ul>\n<p>&nbsp;<\/p>\n<p><strong>Importazione di opere d&#8217;arte dalla Cina per rivenditori, grossisti e librerie antiquarie<\/strong><\/p>\n<p>Offriamo l&#8217;importazione diretta di articoli d&#8217;arte e repliche antiche dalla Cina in varie quantit\u00e0 e classi di qualit\u00e0. Contattateci e analizzeremo insieme l&#8217;approccio migliore per voi. In ogni caso, beneficiate della nostra vasta esperienza, del nostro know-how e della nostra comprovata affidabilit\u00e0.<\/p>\n<p>L&#8217;Agentur Frisch \u00e8 un fornitore di servizi completi in grado di offrire tutti i servizi relativi alle importazioni dalla Cina da un&#8217;unica fonte. Dalle trattative contrattuali in Cina, all&#8217;ordine di campioni e prototipi iniziali, al controllo della produzione e alla garanzia di qualit\u00e0, alla logistica di trasporto, allo sdoganamento e infine allo stoccaggio o all&#8217;adempimento in Germania, realizziamo ogni fase della vostra importazione diretta dalla Cina.<\/p>\n<p>&nbsp;<\/p>\n<p>Come riproduzioni fedeli o come repliche, questo \u00e8 ci\u00f2 che si ottiene da Agentur Frisch, poich\u00e9 la Cina importa direttamente dal produttore: Ricordi di vecchi mestieri, gioielli antichi, libri antiquari, arte direttamente dagli artisti, bicchieri o cristalli antichi, dipinti o disegni a mano, grafica antica, materiali edili storici o materiali da costruzione, arte internazionale o arte antiquaria, abiti o tessuti antichi, dipinti e quadri, mobili e arredi d&#8217;antiquariato, tecnologia e strumenti, porcellane e ceramiche, tappeti e nodi, giocattoli antichi, fotografie antiche o collage fotografici, grafica e stampe, elettrodomestici antichi, lavori artistici in legno e sculture, forniture per artisti, lavori in metallo, strumenti musicali antichi, sculture.<\/p>\n<p>[\/et_pb_text][\/et_pb_column][\/et_pb_row][\/et_pb_section][et_pb_section fb_built=&#8221;1&#8243; admin_label=&#8221;Testimonials&#8221; _builder_version=&#8221;4.16&#8243; use_background_color_gradient=&#8221;on&#8221; background_color_gradient_stops=&#8221;rgba(0,106,156,0.85) 0%|rgba(0,106,156,0.85) 100%&#8221; background_color_gradient_start=&#8221;rgba(0,106,156,0.85)&#8221; background_color_gradient_end=&#8221;rgba(0,106,156,0.85)&#8221; custom_padding=&#8221;90px||60px|&#8221; animation_style=&#8221;fold&#8221; animation_direction=&#8221;bottom&#8221; animation_intensity_fold=&#8221;4%&#8221; global_colors_info=&#8221;{}&#8221;][et_pb_row _builder_version=&#8221;4.16&#8243; background_size=&#8221;initial&#8221; background_position=&#8221;top_left&#8221; background_repeat=&#8221;repeat&#8221; custom_width_px=&#8221;710px&#8221; locked=&#8221;off&#8221; global_colors_info=&#8221;{}&#8221;][et_pb_column type=&#8221;4_4&#8243; _builder_version=&#8221;4.16&#8243; background_position=&#8221;top_left&#8221; custom_padding=&#8221;|||&#8221; global_colors_info=&#8221;{}&#8221; custom_padding__hover=&#8221;|||&#8221;][et_pb_text admin_label=&#8221;Testimonials Section Title&#8221; _builder_version=&#8221;4.16&#8243; header_font=&#8221;Montserrat||||&#8221; header_font_size=&#8221;36px&#8221; background_size=&#8221;initial&#8221; background_position=&#8221;top_left&#8221; background_repeat=&#8221;repeat&#8221; text_orientation=&#8221;center&#8221; background_layout=&#8221;dark&#8221; max_width=&#8221;710px&#8221; module_alignment=&#8221;center&#8221; animation_style=&#8221;fold&#8221; animation_direction=&#8221;bottom&#8221; animation_intensity_fold=&#8221;20%&#8221; global_colors_info=&#8221;{}&#8221;]<\/p>\n<h1>Oltre 5000 clienti soddisfatti.<\/h1>\n<p>&nbsp;<\/p>\n<p>[\/et_pb_text][et_pb_divider color=&#8221;#ffffff&#8221; divider_weight=&#8221;3px&#8221; disabled_on=&#8221;off|off|off&#8221; _builder_version=&#8221;4.16&#8243; background_color_gradient_direction=&#8221;90deg&#8221; max_width=&#8221;100px&#8221; module_alignment=&#8221;center&#8221; height=&#8221;5px&#8221; custom_margin=&#8221;||20px|&#8221; custom_padding=&#8221;||20px|&#8221; animation_style=&#8221;slide&#8221; animation_direction=&#8221;bottom&#8221; saved_tabs=&#8221;all&#8221; locked=&#8221;off&#8221; global_colors_info=&#8221;{}&#8221;][\/et_pb_divider][\/et_pb_column][\/et_pb_row][et_pb_row column_structure=&#8221;1_2,1_2&#8243; _builder_version=&#8221;4.18.1&#8243; _module_preset=&#8221;default&#8221; global_colors_info=&#8221;{}&#8221;][et_pb_column type=&#8221;1_2&#8243; _builder_version=&#8221;4.18.1&#8243; _module_preset=&#8221;default&#8221; global_colors_info=&#8221;{}&#8221;][et_pb_testimonial author=&#8221;Marco&#8221; portrait_url=&#8221;https:\/\/ag-frisch.com\/wp-content\/uploads\/2021\/08\/Harald.png&#8221; quote_icon=&#8221;off&#8221; _builder_version=&#8221;4.18.1&#8243; _module_preset=&#8221;default&#8221; body_font_size=&#8221;16px&#8221; use_background_color=&#8221;off&#8221; background_layout=&#8221;dark&#8221; global_colors_info=&#8221;{}&#8221;]Ho commissionato all&#8217;Agentur Frisch la produzione di un mobile di grandi dimensioni in Cina e il suo trasporto in Germania. Ottimale la comunicazione via mail! Risposte molto rapide e affidabili mi hanno costantemente dato le rassicurazioni che sono essenziali in un&#8217;impresa del genere. Sono stata sempre aiutata nelle complicate pratiche burocratiche e nessun modulo \u00e8 stato dimenticato o compilato in modo errato. Eccellente!<a href=\"&lt;div%20class=%22pe-richsnippets%22&gt;&nbsp;&lt;\/div&gt;%20&lt;script%20type=%22text\/javascript%22%20src=%22https:\/\/www.provenexpert.com\/widget\/richsnippet.js?u=1NUA0VwZ4RUZ5tmAi5zA4RaplNKAlWwZ&amp;v=2%22%20async&gt;&lt;\/script&gt;%20&lt;div%20style=%22text-align:%20justify;%22&gt;&lt;br%20\/&gt;\"><\/a><\/p>\n<div class=\"brow ratingBarMargin\">\n<div class=\"ratingBar\">\n<div class=\"brow\">\n<div class=\"pe-richsnippets\">&nbsp;<\/div>\n<p><script type=\"text\/javascript\" src=\"https:\/\/www.provenexpert.com\/widget\/richsnippet.js?u=1NUA0VwZ4RUZ5tmAi5zA4RaplNKAlWwZ&amp;v=2\" async=\"\"><\/script><\/p>\n<div style=\"text-align: justify;\"><\/p>\n<div class=\"col-lg-9 col-md-8 col-xs-10 mt20 mb20\">\n<div class=\"col-xs-12 surveyNameForRating\"><\/div>\n<\/div>\n<\/div>\n<\/div>\n<\/div>\n<\/div>\n<p>[\/et_pb_testimonial][\/et_pb_column][et_pb_column type=&#8221;1_2&#8243; _builder_version=&#8221;4.18.1&#8243; _module_preset=&#8221;default&#8221; global_colors_info=&#8221;{}&#8221;][et_pb_testimonial author=&#8221;Simone L.&#8221; portrait_url=&#8221;https:\/\/ag-frisch.com\/wp-content\/uploads\/2021\/08\/Harald.png&#8221; quote_icon=&#8221;off&#8221; _builder_version=&#8221;4.18.1&#8243; _module_preset=&#8221;default&#8221; body_font_size=&#8221;16px&#8221; use_background_color=&#8221;off&#8221; background_layout=&#8221;dark&#8221; global_colors_info=&#8221;{}&#8221;]<\/p>\n<p>Tutto perfetto! Non potevo immaginare servizio migliore di questo! Impossibile trovare consulenza e servizio migliori! Ci siamo rivolti pi\u00fa volte all\u00b4agenzia e siamo pi\u00fa che soddisfatti. Continueremo sicuramente a collaborare con loro!<\/p>\n<div class=\"brow ratingBarMargin\">\n<div class=\"ratingBar\">\n<div class=\"brow\">\n<div class=\"pe-richsnippets\"> <\/div>\n<p>\n<script type=\"text\/javascript\" src=\"https:\/\/www.provenexpert.com\/widget\/richsnippet.js?u=1NUA0VwZ4RUZ5tmAi5zA4RaplNKAlWwZ&amp;v=2\" async=\"\"><\/script>\n<\/p>\n<div style=\"text-align: justify;\">\n<p>&nbsp;<\/p>\n<div class=\"col-lg-9 col-md-8 col-xs-10 mt20 mb20\">\n<div class=\"col-xs-12 surveyNameForRating\"><\/div>\n<\/div>\n<\/div>\n<\/div>\n<\/div>\n<\/div>\n<p>[\/et_pb_testimonial][\/et_pb_column][\/et_pb_row][et_pb_row _builder_version=&#8221;4.16&#8243; background_size=&#8221;initial&#8221; background_position=&#8221;top_left&#8221; background_repeat=&#8221;repeat&#8221; custom_padding=&#8221;50px|0px|30px|0px&#8221; custom_css_main_element=&#8221;text-align: center;&#8221; global_colors_info=&#8221;{}&#8221;][et_pb_column type=&#8221;4_4&#8243; _builder_version=&#8221;4.16&#8243; custom_padding=&#8221;|||&#8221; global_colors_info=&#8221;{}&#8221; custom_padding__hover=&#8221;|||&#8221;][et_pb_button button_url=&#8221;https:\/\/www.provenexpert.com\/de-de\/agentur-frisch-international-consulting-gmbh-und-co-kg\/&#8221; button_text=&#8221;ALTRE VALUTAZIONI&#8221; button_alignment=&#8221;left&#8221; admin_label=&#8221;Testimonial Button&#8221; _builder_version=&#8221;4.16&#8243; custom_button=&#8221;on&#8221; button_text_size=&#8221;18px&#8221; button_text_color=&#8221;#ffffff&#8221; button_bg_color=&#8221;#6eba01&#8243; button_border_width=&#8221;2px&#8221; button_border_color=&#8221;#6eba01&#8243; button_border_radius=&#8221;0px&#8221; button_letter_spacing=&#8221;2px&#8221; button_font=&#8221;Montserrat|||on|&#8221; button_use_icon=&#8221;off&#8221; animation_style=&#8221;fold&#8221; animation_direction=&#8221;bottom&#8221; button_text_color_hover=&#8221;#ffffff&#8221; button_border_color_hover=&#8221;#ffffff&#8221; button_border_radius_hover=&#8221;0px&#8221; button_letter_spacing_hover=&#8221;2px&#8221; button_bg_color_hover=&#8221;rgba(255,255,255,0)&#8221; locked=&#8221;off&#8221; global_colors_info=&#8221;{}&#8221; button_text_size__hover_enabled=&#8221;off&#8221; button_one_text_size__hover_enabled=&#8221;off&#8221; button_two_text_size__hover_enabled=&#8221;off&#8221; button_text_color__hover_enabled=&#8221;on&#8221; button_text_color__hover=&#8221;#ffffff&#8221; button_one_text_color__hover_enabled=&#8221;off&#8221; button_two_text_color__hover_enabled=&#8221;off&#8221; button_border_width__hover_enabled=&#8221;off&#8221; button_one_border_width__hover_enabled=&#8221;off&#8221; button_two_border_width__hover_enabled=&#8221;off&#8221; button_border_color__hover_enabled=&#8221;on&#8221; button_border_color__hover=&#8221;#ffffff&#8221; button_one_border_color__hover_enabled=&#8221;off&#8221; button_two_border_color__hover_enabled=&#8221;off&#8221; button_border_radius__hover_enabled=&#8221;on&#8221; button_border_radius__hover=&#8221;0px&#8221; button_one_border_radius__hover_enabled=&#8221;off&#8221; button_two_border_radius__hover_enabled=&#8221;off&#8221; button_letter_spacing__hover_enabled=&#8221;on&#8221; button_letter_spacing__hover=&#8221;2px&#8221; button_one_letter_spacing__hover_enabled=&#8221;off&#8221; button_two_letter_spacing__hover_enabled=&#8221;off&#8221; button_bg_color__hover_enabled=&#8221;on&#8221; button_bg_color__hover=&#8221;rgba(255,255,255,0)&#8221; button_one_bg_color__hover_enabled=&#8221;off&#8221; button_two_bg_color__hover_enabled=&#8221;off&#8221;][\/et_pb_button][\/et_pb_column][\/et_pb_row][\/et_pb_section]<\/p>\n","protected":false},"excerpt":{"rendered":"<p>Vi sosteniamo nell&#8217;importazione di repliche di oggetti d&#8217;arte o ornamentali dalla Cina. Siamo il vostro partner dalla ricerca di un fornitore, alla negoziazione del contratto e alle procedure di conformit\u00e0, passando per la poduzione e il controllo qualit\u00e0, fino alla logistica e alla consegna al magazzino dell&#8217;acquirente. Importazione di oggetti d&#8217;antiquariato e opere d&#8217;arte dalla [&hellip;]<\/p>\n","protected":false},"author":2,"featured_media":0,"parent":0,"menu_order":0,"comment_status":"closed","ping_status":"closed","template":"","meta":{"_et_pb_use_builder":"on","_et_pb_old_content":"","_et_gb_content_width":"","footnotes":""},"class_list":["post-11113","page","type-page","status-publish","hentry"],"yoast_head":"<!-- This site is optimized with the Yoast SEO plugin v27.2 - https:\/\/yoast.com\/product\/yoast-seo-wordpress\/ -->\n<title>Antichit\u00e0 dalla Cina | Cina-Importazione di opere d&#039;arte<\/title>\n<meta name=\"description\" content=\"Importazione di arte e antiquariato dalla Cina \u25ba Molte repliche e riproduzioni dalla Cina \u2714 Opere d&#039;arte \u2714 Porcellane \u2714 Gioielli \u25ba Richiedi subito una consulenza!\" \/>\n<meta name=\"robots\" content=\"index, follow, max-snippet:-1, max-image-preview:large, max-video-preview:-1\" \/>\n<link rel=\"canonical\" href=\"https:\/\/ag-frisch.com\/it\/arte-e-antiquariato\/\" \/>\n<meta property=\"og:locale\" content=\"it_IT\" \/>\n<meta property=\"og:type\" content=\"article\" \/>\n<meta property=\"og:title\" content=\"Antichit\u00e0 dalla Cina | Cina-Importazione di opere d&#039;arte\" \/>\n<meta property=\"og:description\" content=\"Importazione di arte e antiquariato dalla Cina \u25ba Molte repliche e riproduzioni dalla Cina \u2714 Opere d&#039;arte \u2714 Porcellane \u2714 Gioielli \u25ba Richiedi subito una consulenza!\" \/>\n<meta property=\"og:url\" content=\"https:\/\/ag-frisch.com\/it\/arte-e-antiquariato\/\" \/>\n<meta property=\"og:site_name\" content=\"China Import Beratung f\u00fcr den Einkauf aus China\" \/>\n<meta property=\"article:publisher\" content=\"https:\/\/www.facebook.com\/China.Import\" \/>\n<meta property=\"article:modified_time\" content=\"2023-01-27T04:27:35+00:00\" \/>\n<meta name=\"twitter:card\" content=\"summary_large_image\" \/>\n<meta name=\"twitter:site\" content=\"@agenturfrisch\" \/>\n<meta name=\"twitter:label1\" content=\"Tempo di lettura stimato\" \/>\n\t<meta name=\"twitter:data1\" content=\"8 minuti\" \/>\n<script type=\"application\/ld+json\" class=\"yoast-schema-graph\">{\"@context\":\"https:\/\/schema.org\",\"@graph\":[{\"@type\":\"WebPage\",\"@id\":\"https:\/\/ag-frisch.com\/it\/arte-e-antiquariato\/\",\"url\":\"https:\/\/ag-frisch.com\/it\/arte-e-antiquariato\/\",\"name\":\"Antichit\u00e0 dalla Cina | Cina-Importazione di opere d'arte\",\"isPartOf\":{\"@id\":\"https:\/\/ag-frisch.com\/de\/#website\"},\"datePublished\":\"2022-04-28T11:52:33+00:00\",\"dateModified\":\"2023-01-27T04:27:35+00:00\",\"description\":\"Importazione di arte e antiquariato dalla Cina \u25ba Molte repliche e riproduzioni dalla Cina \u2714 Opere d'arte \u2714 Porcellane \u2714 Gioielli \u25ba Richiedi subito una consulenza!\",\"breadcrumb\":{\"@id\":\"https:\/\/ag-frisch.com\/it\/arte-e-antiquariato\/#breadcrumb\"},\"inLanguage\":\"it-IT\",\"potentialAction\":[{\"@type\":\"ReadAction\",\"target\":[\"https:\/\/ag-frisch.com\/it\/arte-e-antiquariato\/\"]}]},{\"@type\":\"BreadcrumbList\",\"@id\":\"https:\/\/ag-frisch.com\/it\/arte-e-antiquariato\/#breadcrumb\",\"itemListElement\":[{\"@type\":\"ListItem\",\"position\":1,\"name\":\"Startseite\",\"item\":\"https:\/\/ag-frisch.com\/de\/\"},{\"@type\":\"ListItem\",\"position\":2,\"name\":\"Arte e antiquariato\"}]},{\"@type\":\"WebSite\",\"@id\":\"https:\/\/ag-frisch.com\/de\/#website\",\"url\":\"https:\/\/ag-frisch.com\/de\/\",\"name\":\"China Import Beratung f\u00fcr den Einkauf aus China\",\"description\":\"China Import &amp; Export Beratung - Der Dienstleister Ihres Vertrauens f\u00fcr Ihren China Import\",\"publisher\":{\"@id\":\"https:\/\/ag-frisch.com\/de\/#organization\"},\"potentialAction\":[{\"@type\":\"SearchAction\",\"target\":{\"@type\":\"EntryPoint\",\"urlTemplate\":\"https:\/\/ag-frisch.com\/de\/?s={search_term_string}\"},\"query-input\":{\"@type\":\"PropertyValueSpecification\",\"valueRequired\":true,\"valueName\":\"search_term_string\"}}],\"inLanguage\":\"it-IT\"},{\"@type\":\"Organization\",\"@id\":\"https:\/\/ag-frisch.com\/de\/#organization\",\"name\":\"Agentur Frisch International Consulting GmbH & Co. KG\",\"url\":\"https:\/\/ag-frisch.com\/de\/\",\"logo\":{\"@type\":\"ImageObject\",\"inLanguage\":\"it-IT\",\"@id\":\"https:\/\/ag-frisch.com\/de\/#\/schema\/logo\/image\/\",\"url\":\"https:\/\/ag-frisch.com\/wp-content\/uploads\/2021\/08\/ag_logo_rgb_300_small.png\",\"contentUrl\":\"https:\/\/ag-frisch.com\/wp-content\/uploads\/2021\/08\/ag_logo_rgb_300_small.png\",\"width\":153,\"height\":102,\"caption\":\"Agentur Frisch International Consulting GmbH & Co. KG\"},\"image\":{\"@id\":\"https:\/\/ag-frisch.com\/de\/#\/schema\/logo\/image\/\"},\"sameAs\":[\"https:\/\/www.facebook.com\/China.Import\",\"https:\/\/x.com\/agenturfrisch\"]}]}<\/script>\n<!-- \/ Yoast SEO plugin. -->","yoast_head_json":{"title":"Antichit\u00e0 dalla Cina | Cina-Importazione di opere d'arte","description":"Importazione di arte e antiquariato dalla Cina \u25ba Molte repliche e riproduzioni dalla Cina \u2714 Opere d'arte \u2714 Porcellane \u2714 Gioielli \u25ba Richiedi subito una consulenza!","robots":{"index":"index","follow":"follow","max-snippet":"max-snippet:-1","max-image-preview":"max-image-preview:large","max-video-preview":"max-video-preview:-1"},"canonical":"https:\/\/ag-frisch.com\/it\/arte-e-antiquariato\/","og_locale":"it_IT","og_type":"article","og_title":"Antichit\u00e0 dalla Cina | Cina-Importazione di opere d'arte","og_description":"Importazione di arte e antiquariato dalla Cina \u25ba Molte repliche e riproduzioni dalla Cina \u2714 Opere d'arte \u2714 Porcellane \u2714 Gioielli \u25ba Richiedi subito una consulenza!","og_url":"https:\/\/ag-frisch.com\/it\/arte-e-antiquariato\/","og_site_name":"China Import Beratung f\u00fcr den Einkauf aus China","article_publisher":"https:\/\/www.facebook.com\/China.Import","article_modified_time":"2023-01-27T04:27:35+00:00","twitter_card":"summary_large_image","twitter_site":"@agenturfrisch","twitter_misc":{"Tempo di lettura stimato":"8 minuti"},"schema":{"@context":"https:\/\/schema.org","@graph":[{"@type":"WebPage","@id":"https:\/\/ag-frisch.com\/it\/arte-e-antiquariato\/","url":"https:\/\/ag-frisch.com\/it\/arte-e-antiquariato\/","name":"Antichit\u00e0 dalla Cina | Cina-Importazione di opere d'arte","isPartOf":{"@id":"https:\/\/ag-frisch.com\/de\/#website"},"datePublished":"2022-04-28T11:52:33+00:00","dateModified":"2023-01-27T04:27:35+00:00","description":"Importazione di arte e antiquariato dalla Cina \u25ba Molte repliche e riproduzioni dalla Cina \u2714 Opere d'arte \u2714 Porcellane \u2714 Gioielli \u25ba Richiedi subito una consulenza!","breadcrumb":{"@id":"https:\/\/ag-frisch.com\/it\/arte-e-antiquariato\/#breadcrumb"},"inLanguage":"it-IT","potentialAction":[{"@type":"ReadAction","target":["https:\/\/ag-frisch.com\/it\/arte-e-antiquariato\/"]}]},{"@type":"BreadcrumbList","@id":"https:\/\/ag-frisch.com\/it\/arte-e-antiquariato\/#breadcrumb","itemListElement":[{"@type":"ListItem","position":1,"name":"Startseite","item":"https:\/\/ag-frisch.com\/de\/"},{"@type":"ListItem","position":2,"name":"Arte e antiquariato"}]},{"@type":"WebSite","@id":"https:\/\/ag-frisch.com\/de\/#website","url":"https:\/\/ag-frisch.com\/de\/","name":"China Import Beratung f\u00fcr den Einkauf aus China","description":"China Import &amp; Export Beratung - Der Dienstleister Ihres Vertrauens f\u00fcr Ihren China Import","publisher":{"@id":"https:\/\/ag-frisch.com\/de\/#organization"},"potentialAction":[{"@type":"SearchAction","target":{"@type":"EntryPoint","urlTemplate":"https:\/\/ag-frisch.com\/de\/?s={search_term_string}"},"query-input":{"@type":"PropertyValueSpecification","valueRequired":true,"valueName":"search_term_string"}}],"inLanguage":"it-IT"},{"@type":"Organization","@id":"https:\/\/ag-frisch.com\/de\/#organization","name":"Agentur Frisch International Consulting GmbH & Co. KG","url":"https:\/\/ag-frisch.com\/de\/","logo":{"@type":"ImageObject","inLanguage":"it-IT","@id":"https:\/\/ag-frisch.com\/de\/#\/schema\/logo\/image\/","url":"https:\/\/ag-frisch.com\/wp-content\/uploads\/2021\/08\/ag_logo_rgb_300_small.png","contentUrl":"https:\/\/ag-frisch.com\/wp-content\/uploads\/2021\/08\/ag_logo_rgb_300_small.png","width":153,"height":102,"caption":"Agentur Frisch International Consulting GmbH & Co. KG"},"image":{"@id":"https:\/\/ag-frisch.com\/de\/#\/schema\/logo\/image\/"},"sameAs":["https:\/\/www.facebook.com\/China.Import","https:\/\/x.com\/agenturfrisch"]}]}},"_links":{"self":[{"href":"https:\/\/ag-frisch.com\/it\/wp-json\/wp\/v2\/pages\/11113","targetHints":{"allow":["GET"]}}],"collection":[{"href":"https:\/\/ag-frisch.com\/it\/wp-json\/wp\/v2\/pages"}],"about":[{"href":"https:\/\/ag-frisch.com\/it\/wp-json\/wp\/v2\/types\/page"}],"author":[{"embeddable":true,"href":"https:\/\/ag-frisch.com\/it\/wp-json\/wp\/v2\/users\/2"}],"replies":[{"embeddable":true,"href":"https:\/\/ag-frisch.com\/it\/wp-json\/wp\/v2\/comments?post=11113"}],"version-history":[{"count":0,"href":"https:\/\/ag-frisch.com\/it\/wp-json\/wp\/v2\/pages\/11113\/revisions"}],"wp:attachment":[{"href":"https:\/\/ag-frisch.com\/it\/wp-json\/wp\/v2\/media?parent=11113"}],"curies":[{"name":"wp","href":"https:\/\/api.w.org\/{rel}","templated":true}]}}