{"id":11389,"date":"2022-05-28T15:25:56","date_gmt":"2022-05-28T13:25:56","guid":{"rendered":"https:\/\/ag-frisch.com\/articoli-sportivi-dalla-cina\/"},"modified":"2023-01-27T05:29:42","modified_gmt":"2023-01-27T04:29:42","slug":"articoli-sportivi-dalla-cina","status":"publish","type":"page","link":"https:\/\/ag-frisch.com\/it\/articoli-sportivi-dalla-cina\/","title":{"rendered":"Articoli sportivi dalla Cina"},"content":{"rendered":"<p>[et_pb_section fb_built=&#8221;1&#8243; _builder_version=&#8221;4.16&#8243; _module_preset=&#8221;default&#8221; global_colors_info=&#8221;{}&#8221;][et_pb_row _builder_version=&#8221;4.18.1&#8243; _module_preset=&#8221;default&#8221; global_colors_info=&#8221;{}&#8221;][et_pb_column type=&#8221;4_4&#8243; _builder_version=&#8221;4.18.1&#8243; _module_preset=&#8221;default&#8221; global_colors_info=&#8221;{}&#8221;][et_pb_cta title=&#8221;Importazione di articoli sportivi&#8221; button_url=&#8221;https:\/\/ag-frisch.com\/it\/contatto\/&#8221; button_text=&#8221;Prenota ora&#8221; _builder_version=&#8221;4.18.1&#8243; _module_preset=&#8221;default&#8221; global_colors_info=&#8221;{}&#8221;]<\/p>\n<p>Con la China Import Agency Frisch, potete fare affari con la Cina come dei professionisti.<\/p>\n<p>[\/et_pb_cta][\/et_pb_column][\/et_pb_row][et_pb_row _builder_version=&#8221;4.16&#8243; _module_preset=&#8221;default&#8221; global_colors_info=&#8221;{}&#8221;][et_pb_column type=&#8221;4_4&#8243; _builder_version=&#8221;4.16&#8243; _module_preset=&#8221;default&#8221; global_colors_info=&#8221;{}&#8221;][et_pb_text _builder_version=&#8221;4.16&#8243; _module_preset=&#8221;default&#8221; global_colors_info=&#8221;{}&#8221;]<\/p>\n<p><strong>Castelli gonfiabili e articoli sportivi dalla Cina<\/strong><\/p>\n<p><strong>Importazione di tutto, dalle racchette da tennis ai castelli gonfiabili, dalla Cina<\/strong><\/p>\n<p>La gamma di articoli che possono essere importati a basso costo dalla Cina direttamente dal produttore \u00e8 enorme. Prodotti come castelli gonfiabili e molti altri articoli sportivi e di divertimento provenienti dalla Cina possono essere acquistati dall&#8217;Agentur Frisch. Abbiamo stabilito contatti di prim&#8217;ordine e possiamo quindi non solo realizzare il prezzo pi\u00f9 basso, ma anche garantire affidabilit\u00e0 e qualit\u00e0. La seriet\u00e0 delle nostre promesse \u00e8 dimostrata dal fatto che gestiamo i nostri laboratori di prova ed eseguiamo ispezioni secondo gli standard tedeschi con la nostra filiale inspekt4u.<\/p>\n<p>I nostri standard elevati vi avvantaggiano quando acquistate prodotti come gonfiabili, articoli sportivi o per il tempo libero dalla Cina.<\/p>\n<p>&nbsp;<\/p>\n<p><strong>Tutto per lo sport e il tempo libero<\/strong><\/p>\n<p>Volete offrire ai vostri clienti prodotti di alta qualit\u00e0 nei settori dello sport e del tempo libero? Allora siamo il vostro partner forte per l&#8217;importazione dalla Cina. L&#8217;Agenzia Frisch ha anni di esperienza e una competenza straordinaria per trovare il produttore pi\u00f9 adatto alle vostre esigenze. Tra i tanti, \u00e8 possibile ordinare dalla Cina i seguenti articoli sportivi:<\/p>\n<ul>\n<li>Articoli su calcio, basket e altri sport con la palla<\/li>\n<li>Articoli per il golf, dalle mazze ai caddy<\/li>\n<li>Sci e snowboard<\/li>\n<li>Forniture per la nautica, la vela<\/li>\n<li>Equitazione e sport equestri<\/li>\n<\/ul>\n<p>&nbsp;<\/p>\n<p><strong>Attrezzature per parchi di divertimento, forniture per circhi e spettacoli<\/strong><\/p>\n<p>Pu\u00f2 essere una taglia in pi\u00f9? Se non volete solo offrire articoli per singoli sport, ma ad esempio creare un parco divertimenti completo, troveremo il partner commerciale giusto per voi in Cina. Offriamo soluzioni a tutto tondo e lavoriamo con produttori assolutamente affidabili e collaudati che possono garantirvi una qualit\u00e0 impeccabile. Ad esempio, potete ottenere attraverso di noi:<\/p>\n<ul>\n<li>Giostre e giostratori<\/li>\n<li>Stand e bancarelle<\/li>\n<li>Materiali di consumo e alimenti\/materie prime<\/li>\n<li>Roulotte, trattore<\/li>\n<li>Castelli gonfiabili dalla Cina<\/li>\n<\/ul>\n<p>&nbsp;<\/p>\n<p><strong>Castelli gonfiabili dalla Cina &#8211; qualit\u00e0 testata e buoni prezzi<\/strong><\/p>\n<p>I castelli gonfiabili provenienti dalla Cina sono uno di quegli articoli in cui la sicurezza \u00e8 fondamentale. Siamo anche consapevoli della nostra responsabilit\u00e0 nei confronti di questo prodotto e lavoriamo solo con partner commerciali che sappiamo essere in grado di fornire gonfiabili impeccabili provenienti dalla Cina e testati secondo le norme DIN pertinenti. In questo modo evitate qualsiasi rischio e potete essere assolutamente soddisfatti della vostra importazione in Cina tramite l&#8217;agenzia Frisch.<\/p>\n<p>&nbsp;<\/p>\n<p>&nbsp;<\/p>\n<p><strong>Importazione di articoli decorativi e per le vacanze a basso costo dalla Cina<\/strong><\/p>\n<p>Che si tratti di decorazioni natalizie o di Halloween, di costumi di carnevale o di attrezzature per l&#8217;Oktoberfest &#8211; troveremo anche per voi il giusto produttore di articoli decorativi dalla Cina da acquistare a un prezzo ragionevole. Grandi quantit\u00e0 e ottimi collegamenti ci permettono di offrirvi prezzi che non sono secondi a nessuno.<\/p>\n<p>&nbsp;<\/p>\n<p><strong>I migliori prezzi per l&#8217;importazione di articoli sportivi direttamente dalla Cina<\/strong><\/p>\n<p>Non prendiamo nessuna deviazione e impieghiamo il minor numero possibile di persone per il vostro progetto di importazione. Queste distanze ridotte e la vicinanza fanno risparmiare denaro a voi e ci assicurano di avere sempre il pieno controllo su tutto ci\u00f2 che riguarda il vostro acquisto di articoli sportivi dalla Cina. In questo modo, possiamo agevolare un processo fluido e ottimamente redditizio. Nell&#8217;ottica di una maggiore trasparenza e controllo, abbiamo creato societ\u00e0 proprie che si occupano di test, logistica e stoccaggio. L&#8217;Agentur Frisch \u00e8 il vostro fornitore di servizi completi per tutti gli aspetti delle importazioni dalla Cina.<\/p>\n<p>Contattateci e valuteremo in una consulenza le opzioni disponibili e il modo in cui possiamo lavorare per voi. Se lo desiderate, possiamo anche occuparci di tutte le fasi successive, dalle trattative sui prezzi ai controlli e alle certificazioni e, se necessario, alla realizzazione completa.<\/p>\n<p><strong> <\/strong><\/p>\n<p>[\/et_pb_text][\/et_pb_column][\/et_pb_row][\/et_pb_section][et_pb_section fb_built=&#8221;1&#8243; admin_label=&#8221;Testimonials&#8221; _builder_version=&#8221;4.16&#8243; use_background_color_gradient=&#8221;on&#8221; background_color_gradient_stops=&#8221;rgba(0,106,156,0.85) 0%|rgba(0,106,156,0.85) 100%&#8221; background_color_gradient_start=&#8221;rgba(0,106,156,0.85)&#8221; background_color_gradient_end=&#8221;rgba(0,106,156,0.85)&#8221; custom_padding=&#8221;90px||60px|&#8221; animation_style=&#8221;fold&#8221; animation_direction=&#8221;bottom&#8221; animation_intensity_fold=&#8221;4%&#8221; global_colors_info=&#8221;{}&#8221;][et_pb_row _builder_version=&#8221;4.16&#8243; background_size=&#8221;initial&#8221; background_position=&#8221;top_left&#8221; background_repeat=&#8221;repeat&#8221; custom_width_px=&#8221;710px&#8221; locked=&#8221;off&#8221; global_colors_info=&#8221;{}&#8221;][et_pb_column type=&#8221;4_4&#8243; _builder_version=&#8221;4.16&#8243; background_position=&#8221;top_left&#8221; custom_padding=&#8221;|||&#8221; global_colors_info=&#8221;{}&#8221; custom_padding__hover=&#8221;|||&#8221;][et_pb_text admin_label=&#8221;Testimonials Section Title&#8221; _builder_version=&#8221;4.16&#8243; header_font=&#8221;Montserrat||||&#8221; header_font_size=&#8221;36px&#8221; background_size=&#8221;initial&#8221; background_position=&#8221;top_left&#8221; background_repeat=&#8221;repeat&#8221; text_orientation=&#8221;center&#8221; background_layout=&#8221;dark&#8221; max_width=&#8221;710px&#8221; module_alignment=&#8221;center&#8221; animation_style=&#8221;fold&#8221; animation_direction=&#8221;bottom&#8221; animation_intensity_fold=&#8221;20%&#8221; global_colors_info=&#8221;{}&#8221;]<\/p>\n<h1>Oltre 5000 clienti soddisfatti.<\/h1>\n<p>&nbsp;<\/p>\n<p>[\/et_pb_text][et_pb_divider color=&#8221;#ffffff&#8221; divider_weight=&#8221;3px&#8221; disabled_on=&#8221;off|off|off&#8221; _builder_version=&#8221;4.16&#8243; background_color_gradient_direction=&#8221;90deg&#8221; max_width=&#8221;100px&#8221; module_alignment=&#8221;center&#8221; height=&#8221;5px&#8221; custom_margin=&#8221;||20px|&#8221; custom_padding=&#8221;||20px|&#8221; animation_style=&#8221;slide&#8221; animation_direction=&#8221;bottom&#8221; saved_tabs=&#8221;all&#8221; locked=&#8221;off&#8221; global_colors_info=&#8221;{}&#8221;][\/et_pb_divider][\/et_pb_column][\/et_pb_row][et_pb_row column_structure=&#8221;1_2,1_2&#8243; _builder_version=&#8221;4.18.1&#8243; _module_preset=&#8221;default&#8221; global_colors_info=&#8221;{}&#8221;][et_pb_column type=&#8221;1_2&#8243; _builder_version=&#8221;4.18.1&#8243; _module_preset=&#8221;default&#8221; global_colors_info=&#8221;{}&#8221;][et_pb_testimonial author=&#8221;Marco&#8221; portrait_url=&#8221;https:\/\/ag-frisch.com\/wp-content\/uploads\/2021\/08\/Harald.png&#8221; quote_icon=&#8221;off&#8221; _builder_version=&#8221;4.18.1&#8243; _module_preset=&#8221;default&#8221; body_font_size=&#8221;16px&#8221; use_background_color=&#8221;off&#8221; background_layout=&#8221;dark&#8221; global_colors_info=&#8221;{}&#8221;]Ho commissionato all&#8217;Agentur Frisch la produzione di un mobile di grandi dimensioni in Cina e il suo trasporto in Germania. Ottimale la comunicazione via mail! Risposte molto rapide e affidabili mi hanno costantemente dato le rassicurazioni che sono essenziali in un&#8217;impresa del genere. Sono stata sempre aiutata nelle complicate pratiche burocratiche e nessun modulo \u00e8 stato dimenticato o compilato in modo errato. Eccellente!<a href=\"&lt;div%20class=%22pe-richsnippets%22&gt;&nbsp;&lt;\/div&gt;%20&lt;script%20type=%22text\/javascript%22%20src=%22https:\/\/www.provenexpert.com\/widget\/richsnippet.js?u=1NUA0VwZ4RUZ5tmAi5zA4RaplNKAlWwZ&amp;v=2%22%20async&gt;&lt;\/script&gt;%20&lt;div%20style=%22text-align:%20justify;%22&gt;&lt;br%20\/&gt;\"><\/a><\/p>\n<div class=\"brow ratingBarMargin\">\n<div class=\"ratingBar\">\n<div class=\"brow\">\n<div class=\"pe-richsnippets\">&nbsp;<\/div>\n<p><script type=\"text\/javascript\" src=\"https:\/\/www.provenexpert.com\/widget\/richsnippet.js?u=1NUA0VwZ4RUZ5tmAi5zA4RaplNKAlWwZ&amp;v=2\" async=\"\"><\/script><\/p>\n<div style=\"text-align: justify;\"><\/p>\n<div class=\"col-lg-9 col-md-8 col-xs-10 mt20 mb20\">\n<div class=\"col-xs-12 surveyNameForRating\"><\/div>\n<\/div>\n<\/div>\n<\/div>\n<\/div>\n<\/div>\n<p>[\/et_pb_testimonial][\/et_pb_column][et_pb_column type=&#8221;1_2&#8243; _builder_version=&#8221;4.18.1&#8243; _module_preset=&#8221;default&#8221; global_colors_info=&#8221;{}&#8221;][et_pb_testimonial author=&#8221;Simone L.&#8221; portrait_url=&#8221;https:\/\/ag-frisch.com\/wp-content\/uploads\/2021\/08\/Harald.png&#8221; quote_icon=&#8221;off&#8221; _builder_version=&#8221;4.18.1&#8243; _module_preset=&#8221;default&#8221; body_font_size=&#8221;16px&#8221; use_background_color=&#8221;off&#8221; background_layout=&#8221;dark&#8221; global_colors_info=&#8221;{}&#8221;]<\/p>\n<p>Tutto perfetto! Non potevo immaginare servizio migliore di questo! Impossibile trovare consulenza e servizio migliori! Ci siamo rivolti pi\u00fa volte all\u00b4agenzia e siamo pi\u00fa che soddisfatti. Continueremo sicuramente a collaborare con loro!<\/p>\n<div class=\"brow ratingBarMargin\">\n<div class=\"ratingBar\">\n<div class=\"brow\">\n<div class=\"pe-richsnippets\"> <\/div>\n<p>\n<script type=\"text\/javascript\" src=\"https:\/\/www.provenexpert.com\/widget\/richsnippet.js?u=1NUA0VwZ4RUZ5tmAi5zA4RaplNKAlWwZ&amp;v=2\" async=\"\"><\/script>\n<\/p>\n<div style=\"text-align: justify;\">\n<p>&nbsp;<\/p>\n<div class=\"col-lg-9 col-md-8 col-xs-10 mt20 mb20\">\n<div class=\"col-xs-12 surveyNameForRating\"><\/div>\n<\/div>\n<\/div>\n<\/div>\n<\/div>\n<\/div>\n<p>[\/et_pb_testimonial][\/et_pb_column][\/et_pb_row][et_pb_row _builder_version=&#8221;4.16&#8243; background_size=&#8221;initial&#8221; background_position=&#8221;top_left&#8221; background_repeat=&#8221;repeat&#8221; custom_padding=&#8221;50px|0px|30px|0px&#8221; custom_css_main_element=&#8221;text-align: center;&#8221; global_colors_info=&#8221;{}&#8221;][et_pb_column type=&#8221;4_4&#8243; _builder_version=&#8221;4.16&#8243; custom_padding=&#8221;|||&#8221; global_colors_info=&#8221;{}&#8221; custom_padding__hover=&#8221;|||&#8221;][et_pb_button button_url=&#8221;https:\/\/www.provenexpert.com\/de-de\/agentur-frisch-international-consulting-gmbh-und-co-kg\/&#8221; button_text=&#8221;ALTRE VALUTAZIONI&#8221; button_alignment=&#8221;left&#8221; admin_label=&#8221;Testimonial Button&#8221; _builder_version=&#8221;4.16&#8243; custom_button=&#8221;on&#8221; button_text_size=&#8221;18px&#8221; button_text_color=&#8221;#ffffff&#8221; button_bg_color=&#8221;#6eba01&#8243; button_border_width=&#8221;2px&#8221; button_border_color=&#8221;#6eba01&#8243; button_border_radius=&#8221;0px&#8221; button_letter_spacing=&#8221;2px&#8221; button_font=&#8221;Montserrat|||on|&#8221; button_use_icon=&#8221;off&#8221; animation_style=&#8221;fold&#8221; animation_direction=&#8221;bottom&#8221; button_text_color_hover=&#8221;#ffffff&#8221; button_border_color_hover=&#8221;#ffffff&#8221; button_border_radius_hover=&#8221;0px&#8221; button_letter_spacing_hover=&#8221;2px&#8221; button_bg_color_hover=&#8221;rgba(255,255,255,0)&#8221; locked=&#8221;off&#8221; global_colors_info=&#8221;{}&#8221; button_text_size__hover_enabled=&#8221;off&#8221; button_one_text_size__hover_enabled=&#8221;off&#8221; button_two_text_size__hover_enabled=&#8221;off&#8221; button_text_color__hover_enabled=&#8221;on&#8221; button_text_color__hover=&#8221;#ffffff&#8221; button_one_text_color__hover_enabled=&#8221;off&#8221; button_two_text_color__hover_enabled=&#8221;off&#8221; button_border_width__hover_enabled=&#8221;off&#8221; button_one_border_width__hover_enabled=&#8221;off&#8221; button_two_border_width__hover_enabled=&#8221;off&#8221; button_border_color__hover_enabled=&#8221;on&#8221; button_border_color__hover=&#8221;#ffffff&#8221; button_one_border_color__hover_enabled=&#8221;off&#8221; button_two_border_color__hover_enabled=&#8221;off&#8221; button_border_radius__hover_enabled=&#8221;on&#8221; button_border_radius__hover=&#8221;0px&#8221; button_one_border_radius__hover_enabled=&#8221;off&#8221; button_two_border_radius__hover_enabled=&#8221;off&#8221; button_letter_spacing__hover_enabled=&#8221;on&#8221; button_letter_spacing__hover=&#8221;2px&#8221; button_one_letter_spacing__hover_enabled=&#8221;off&#8221; button_two_letter_spacing__hover_enabled=&#8221;off&#8221; button_bg_color__hover_enabled=&#8221;on&#8221; button_bg_color__hover=&#8221;rgba(255,255,255,0)&#8221; button_one_bg_color__hover_enabled=&#8221;off&#8221; button_two_bg_color__hover_enabled=&#8221;off&#8221;][\/et_pb_button][\/et_pb_column][\/et_pb_row][\/et_pb_section]<\/p>\n","protected":false},"excerpt":{"rendered":"<p>Con la China Import Agency Frisch, potete fare affari con la Cina come dei professionisti.Castelli gonfiabili e articoli sportivi dalla Cina Importazione di tutto, dalle racchette da tennis ai castelli gonfiabili, dalla Cina La gamma di articoli che possono essere importati a basso costo dalla Cina direttamente dal produttore \u00e8 enorme. Prodotti come castelli gonfiabili [&hellip;]<\/p>\n","protected":false},"author":2,"featured_media":0,"parent":0,"menu_order":0,"comment_status":"closed","ping_status":"closed","template":"","meta":{"_et_pb_use_builder":"on","_et_pb_old_content":"","_et_gb_content_width":"","footnotes":""},"class_list":["post-11389","page","type-page","status-publish","hentry"],"yoast_head":"<!-- This site is optimized with the Yoast SEO plugin v27.2 - https:\/\/yoast.com\/product\/yoast-seo-wordpress\/ -->\n<title>Importazione di articoli sportivi dalla Cina in conformit\u00e0 a tutte le direttive UE<\/title>\n<meta name=\"description\" content=\"Articoli sportivi dalla Cina \u25bb Attrezzature sportive e attrezzature per il fitness dalla Cina: Tappetini per lo yoga \u2713 Forniture per il fitness \u2713 Attrezzature sportive \u2713 \u25bb Fatevi consigliare ora!\" \/>\n<meta name=\"robots\" content=\"index, follow, max-snippet:-1, max-image-preview:large, max-video-preview:-1\" \/>\n<link rel=\"canonical\" href=\"https:\/\/ag-frisch.com\/it\/articoli-sportivi-dalla-cina\/\" \/>\n<meta property=\"og:locale\" content=\"it_IT\" \/>\n<meta property=\"og:type\" content=\"article\" \/>\n<meta property=\"og:title\" content=\"Importazione di articoli sportivi dalla Cina in conformit\u00e0 a tutte le direttive UE\" \/>\n<meta property=\"og:description\" content=\"Articoli sportivi dalla Cina \u25bb Attrezzature sportive e attrezzature per il fitness dalla Cina: Tappetini per lo yoga \u2713 Forniture per il fitness \u2713 Attrezzature sportive \u2713 \u25bb Fatevi consigliare ora!\" \/>\n<meta property=\"og:url\" content=\"https:\/\/ag-frisch.com\/it\/articoli-sportivi-dalla-cina\/\" \/>\n<meta property=\"og:site_name\" content=\"China Import Beratung f\u00fcr den Einkauf aus China\" \/>\n<meta property=\"article:publisher\" content=\"https:\/\/www.facebook.com\/China.Import\" \/>\n<meta property=\"article:modified_time\" content=\"2023-01-27T04:29:42+00:00\" \/>\n<meta name=\"twitter:card\" content=\"summary_large_image\" \/>\n<meta name=\"twitter:site\" content=\"@agenturfrisch\" \/>\n<meta name=\"twitter:label1\" content=\"Tempo di lettura stimato\" \/>\n\t<meta name=\"twitter:data1\" content=\"7 minuti\" \/>\n<script type=\"application\/ld+json\" class=\"yoast-schema-graph\">{\"@context\":\"https:\/\/schema.org\",\"@graph\":[{\"@type\":\"WebPage\",\"@id\":\"https:\/\/ag-frisch.com\/it\/articoli-sportivi-dalla-cina\/\",\"url\":\"https:\/\/ag-frisch.com\/it\/articoli-sportivi-dalla-cina\/\",\"name\":\"Importazione di articoli sportivi dalla Cina in conformit\u00e0 a tutte le direttive UE\",\"isPartOf\":{\"@id\":\"https:\/\/ag-frisch.com\/de\/#website\"},\"datePublished\":\"2022-05-28T13:25:56+00:00\",\"dateModified\":\"2023-01-27T04:29:42+00:00\",\"description\":\"Articoli sportivi dalla Cina \u25bb Attrezzature sportive e attrezzature per il fitness dalla Cina: Tappetini per lo yoga \u2713 Forniture per il fitness \u2713 Attrezzature sportive \u2713 \u25bb Fatevi consigliare ora!\",\"breadcrumb\":{\"@id\":\"https:\/\/ag-frisch.com\/it\/articoli-sportivi-dalla-cina\/#breadcrumb\"},\"inLanguage\":\"it-IT\",\"potentialAction\":[{\"@type\":\"ReadAction\",\"target\":[\"https:\/\/ag-frisch.com\/it\/articoli-sportivi-dalla-cina\/\"]}]},{\"@type\":\"BreadcrumbList\",\"@id\":\"https:\/\/ag-frisch.com\/it\/articoli-sportivi-dalla-cina\/#breadcrumb\",\"itemListElement\":[{\"@type\":\"ListItem\",\"position\":1,\"name\":\"Startseite\",\"item\":\"https:\/\/ag-frisch.com\/de\/\"},{\"@type\":\"ListItem\",\"position\":2,\"name\":\"Articoli sportivi dalla Cina\"}]},{\"@type\":\"WebSite\",\"@id\":\"https:\/\/ag-frisch.com\/de\/#website\",\"url\":\"https:\/\/ag-frisch.com\/de\/\",\"name\":\"China Import Beratung f\u00fcr den Einkauf aus China\",\"description\":\"China Import &amp; Export Beratung - Der Dienstleister Ihres Vertrauens f\u00fcr Ihren China Import\",\"publisher\":{\"@id\":\"https:\/\/ag-frisch.com\/de\/#organization\"},\"potentialAction\":[{\"@type\":\"SearchAction\",\"target\":{\"@type\":\"EntryPoint\",\"urlTemplate\":\"https:\/\/ag-frisch.com\/de\/?s={search_term_string}\"},\"query-input\":{\"@type\":\"PropertyValueSpecification\",\"valueRequired\":true,\"valueName\":\"search_term_string\"}}],\"inLanguage\":\"it-IT\"},{\"@type\":\"Organization\",\"@id\":\"https:\/\/ag-frisch.com\/de\/#organization\",\"name\":\"Agentur Frisch International Consulting GmbH & Co. KG\",\"url\":\"https:\/\/ag-frisch.com\/de\/\",\"logo\":{\"@type\":\"ImageObject\",\"inLanguage\":\"it-IT\",\"@id\":\"https:\/\/ag-frisch.com\/de\/#\/schema\/logo\/image\/\",\"url\":\"https:\/\/ag-frisch.com\/wp-content\/uploads\/2021\/08\/ag_logo_rgb_300_small.png\",\"contentUrl\":\"https:\/\/ag-frisch.com\/wp-content\/uploads\/2021\/08\/ag_logo_rgb_300_small.png\",\"width\":153,\"height\":102,\"caption\":\"Agentur Frisch International Consulting GmbH & Co. KG\"},\"image\":{\"@id\":\"https:\/\/ag-frisch.com\/de\/#\/schema\/logo\/image\/\"},\"sameAs\":[\"https:\/\/www.facebook.com\/China.Import\",\"https:\/\/x.com\/agenturfrisch\"]}]}<\/script>\n<!-- \/ Yoast SEO plugin. -->","yoast_head_json":{"title":"Importazione di articoli sportivi dalla Cina in conformit\u00e0 a tutte le direttive UE","description":"Articoli sportivi dalla Cina \u25bb Attrezzature sportive e attrezzature per il fitness dalla Cina: Tappetini per lo yoga \u2713 Forniture per il fitness \u2713 Attrezzature sportive \u2713 \u25bb Fatevi consigliare ora!","robots":{"index":"index","follow":"follow","max-snippet":"max-snippet:-1","max-image-preview":"max-image-preview:large","max-video-preview":"max-video-preview:-1"},"canonical":"https:\/\/ag-frisch.com\/it\/articoli-sportivi-dalla-cina\/","og_locale":"it_IT","og_type":"article","og_title":"Importazione di articoli sportivi dalla Cina in conformit\u00e0 a tutte le direttive UE","og_description":"Articoli sportivi dalla Cina \u25bb Attrezzature sportive e attrezzature per il fitness dalla Cina: Tappetini per lo yoga \u2713 Forniture per il fitness \u2713 Attrezzature sportive \u2713 \u25bb Fatevi consigliare ora!","og_url":"https:\/\/ag-frisch.com\/it\/articoli-sportivi-dalla-cina\/","og_site_name":"China Import Beratung f\u00fcr den Einkauf aus China","article_publisher":"https:\/\/www.facebook.com\/China.Import","article_modified_time":"2023-01-27T04:29:42+00:00","twitter_card":"summary_large_image","twitter_site":"@agenturfrisch","twitter_misc":{"Tempo di lettura stimato":"7 minuti"},"schema":{"@context":"https:\/\/schema.org","@graph":[{"@type":"WebPage","@id":"https:\/\/ag-frisch.com\/it\/articoli-sportivi-dalla-cina\/","url":"https:\/\/ag-frisch.com\/it\/articoli-sportivi-dalla-cina\/","name":"Importazione di articoli sportivi dalla Cina in conformit\u00e0 a tutte le direttive UE","isPartOf":{"@id":"https:\/\/ag-frisch.com\/de\/#website"},"datePublished":"2022-05-28T13:25:56+00:00","dateModified":"2023-01-27T04:29:42+00:00","description":"Articoli sportivi dalla Cina \u25bb Attrezzature sportive e attrezzature per il fitness dalla Cina: Tappetini per lo yoga \u2713 Forniture per il fitness \u2713 Attrezzature sportive \u2713 \u25bb Fatevi consigliare ora!","breadcrumb":{"@id":"https:\/\/ag-frisch.com\/it\/articoli-sportivi-dalla-cina\/#breadcrumb"},"inLanguage":"it-IT","potentialAction":[{"@type":"ReadAction","target":["https:\/\/ag-frisch.com\/it\/articoli-sportivi-dalla-cina\/"]}]},{"@type":"BreadcrumbList","@id":"https:\/\/ag-frisch.com\/it\/articoli-sportivi-dalla-cina\/#breadcrumb","itemListElement":[{"@type":"ListItem","position":1,"name":"Startseite","item":"https:\/\/ag-frisch.com\/de\/"},{"@type":"ListItem","position":2,"name":"Articoli sportivi dalla Cina"}]},{"@type":"WebSite","@id":"https:\/\/ag-frisch.com\/de\/#website","url":"https:\/\/ag-frisch.com\/de\/","name":"China Import Beratung f\u00fcr den Einkauf aus China","description":"China Import &amp; Export Beratung - Der Dienstleister Ihres Vertrauens f\u00fcr Ihren China Import","publisher":{"@id":"https:\/\/ag-frisch.com\/de\/#organization"},"potentialAction":[{"@type":"SearchAction","target":{"@type":"EntryPoint","urlTemplate":"https:\/\/ag-frisch.com\/de\/?s={search_term_string}"},"query-input":{"@type":"PropertyValueSpecification","valueRequired":true,"valueName":"search_term_string"}}],"inLanguage":"it-IT"},{"@type":"Organization","@id":"https:\/\/ag-frisch.com\/de\/#organization","name":"Agentur Frisch International Consulting GmbH & Co. KG","url":"https:\/\/ag-frisch.com\/de\/","logo":{"@type":"ImageObject","inLanguage":"it-IT","@id":"https:\/\/ag-frisch.com\/de\/#\/schema\/logo\/image\/","url":"https:\/\/ag-frisch.com\/wp-content\/uploads\/2021\/08\/ag_logo_rgb_300_small.png","contentUrl":"https:\/\/ag-frisch.com\/wp-content\/uploads\/2021\/08\/ag_logo_rgb_300_small.png","width":153,"height":102,"caption":"Agentur Frisch International Consulting GmbH & Co. KG"},"image":{"@id":"https:\/\/ag-frisch.com\/de\/#\/schema\/logo\/image\/"},"sameAs":["https:\/\/www.facebook.com\/China.Import","https:\/\/x.com\/agenturfrisch"]}]}},"_links":{"self":[{"href":"https:\/\/ag-frisch.com\/it\/wp-json\/wp\/v2\/pages\/11389","targetHints":{"allow":["GET"]}}],"collection":[{"href":"https:\/\/ag-frisch.com\/it\/wp-json\/wp\/v2\/pages"}],"about":[{"href":"https:\/\/ag-frisch.com\/it\/wp-json\/wp\/v2\/types\/page"}],"author":[{"embeddable":true,"href":"https:\/\/ag-frisch.com\/it\/wp-json\/wp\/v2\/users\/2"}],"replies":[{"embeddable":true,"href":"https:\/\/ag-frisch.com\/it\/wp-json\/wp\/v2\/comments?post=11389"}],"version-history":[{"count":0,"href":"https:\/\/ag-frisch.com\/it\/wp-json\/wp\/v2\/pages\/11389\/revisions"}],"wp:attachment":[{"href":"https:\/\/ag-frisch.com\/it\/wp-json\/wp\/v2\/media?parent=11389"}],"curies":[{"name":"wp","href":"https:\/\/api.w.org\/{rel}","templated":true}]}}