{"id":11393,"date":"2022-05-12T07:00:23","date_gmt":"2022-05-12T05:00:23","guid":{"rendered":"https:\/\/ag-frisch.com\/cibo-dalla-cina\/"},"modified":"2023-01-27T05:29:43","modified_gmt":"2023-01-27T04:29:43","slug":"cibo-dalla-cina","status":"publish","type":"page","link":"https:\/\/ag-frisch.com\/it\/cibo-dalla-cina\/","title":{"rendered":"Cibo dalla Cina"},"content":{"rendered":"<p>[et_pb_section fb_built=&#8221;1&#8243; _builder_version=&#8221;4.16&#8243; _module_preset=&#8221;default&#8221; global_colors_info=&#8221;{}&#8221;][et_pb_row _builder_version=&#8221;4.18.1&#8243; _module_preset=&#8221;default&#8221; global_colors_info=&#8221;{}&#8221;][et_pb_column type=&#8221;4_4&#8243; _builder_version=&#8221;4.18.1&#8243; _module_preset=&#8221;default&#8221; global_colors_info=&#8221;{}&#8221;][et_pb_cta title=&#8221;Importare cibo dalla Cina&#8221; button_url=&#8221;https:\/\/ag-frisch.com\/it\/contatto\/&#8221; button_text=&#8221;Fate importare gli alimenti da un professionista!&#8221; _builder_version=&#8221;4.18.1&#8243; _module_preset=&#8221;default&#8221; hover_enabled=&#8221;0&#8243; global_colors_info=&#8221;{}&#8221; sticky_enabled=&#8221;0&#8243;]<\/p>\n<p>L&#8217;Agentur Frisch vi supporta nell&#8217;importazione di prodotti alimentari e biologici dalla Cina.  <\/p>\n<p>[\/et_pb_cta][\/et_pb_column][\/et_pb_row][et_pb_row _builder_version=&#8221;4.16&#8243; _module_preset=&#8221;default&#8221; global_colors_info=&#8221;{}&#8221;][et_pb_column type=&#8221;4_4&#8243; _builder_version=&#8221;4.16&#8243; _module_preset=&#8221;default&#8221; global_colors_info=&#8221;{}&#8221;][et_pb_text _builder_version=&#8221;4.18.1&#8243; _module_preset=&#8221;default&#8221; global_colors_info=&#8221;{}&#8221;]<\/p>\n<h1>Importare cibo delizioso dalla Cina<\/h1>\n<p><strong>Cibo, specialit\u00e0 e noodles dalla Cina<\/strong><\/p>\n<p>Da decenni la cucina cinese gode di grande popolarit\u00e0 in Germania. Pertanto, siamo lieti di offrire l&#8217;approvvigionamento di prodotti alimentari dalla Cina attraverso i nostri partner commerciali. Ma non \u00e8 solo il cibo asiatico che potete acquistare dai nostri produttori in Cina, ma anche tutti gli altri prodotti alimentari provenienti da tutto il mondo. Naturalmente, prestiamo attenzione anche a produttori assolutamente affidabili e al rispetto di tutte le linee guida pertinenti in questo delicato segmento di mercato!<\/p>\n<p>&nbsp;<\/p>\n<p><strong>Importare cibo delizioso dalla Cina<\/strong><\/p>\n<p>I cinesi sono maestri nella produzione imitativa, quindi non c&#8217;\u00e8 da stupirsi se le loro fabbriche producono anche cibo occidentale di prima qualit\u00e0. In sostanza, qui \u00e8 disponibile tutto ci\u00f2 che, anche in grandi quantit\u00e0, non \u00e8 protetto come specialit\u00e0 regionale e pu\u00f2 essere prodotto solo nella localit\u00e0 corrispondente. Tutti gli altri alimenti possono essere importati direttamente dalla Cina attraverso canali di distribuzione brevi. Ad esempio, troverete nell&#8217;assortimento dei nostri partner commerciali:<\/p>\n<ul>\n<li>Carne e salsiccia<\/li>\n<li>Specialit\u00e0 di formaggio<\/li>\n<li>Tagliatelle e riso<\/li>\n<li>Verdura e frutta (congelata o in scatola)<\/li>\n<li>Miele, marmellate, creme spalmabili<\/li>\n<li>Pesce e frutti di mare<\/li>\n<\/ul>\n<p>&nbsp;<\/p>\n<p><strong>Qualit\u00e0 per intenditori &#8211; salumeria dalla Cina  <\/strong><\/p>\n<p>I prodotti alimentari importati dalla Cina si trovano anche nella fascia di prezzo pi\u00f9 alta. Caviale e tartufi, champagne e molte altre prelibatezze sono ora prodotti in Cina e soddisfano le pi\u00f9 alte esigenze degli intenditori. Contattateci per scoprire quanto sia conveniente importare dalla Cina anche prodotti alimentari di altissima qualit\u00e0!<\/p>\n<p>&nbsp;<\/p>\n<p><strong>Bevande dalla A alla Z dalla Cina<\/strong><\/p>\n<p>Tutti i prodotti del settore delle bevande, ben confezionati, possono essere importati anche dalla Cina. Anche i liquori di alta qualit\u00e0 vengono imbottigliati nelle condizioni pi\u00f9 professionali, con una qualit\u00e0 cos\u00ec elevata da impressionare anche gli esperti. Lasciatevi ispirare da queste e altre possibilit\u00e0 di importazione di bevande dalla Cina:<\/p>\n<ul>\n<li>Whisky<\/li>\n<li>Vini (rossi, bianchi, rosati)<\/li>\n<li>Brandy e Cognac<\/li>\n<li>Gin<\/li>\n<li>Acquaviti di frutta<\/li>\n<li>Limonate<\/li>\n<li>Succhi di frutta (biologici e normali)<\/li>\n<\/ul>\n<p>&nbsp;<\/p>\n<p><strong>Caff\u00e8 e t\u00e8 dalla Cina per ogni livello di qualit\u00e0<\/strong><\/p>\n<p>La Cina \u00e8 famosa per il suo t\u00e8, che ovviamente viene esportato. Sia che vogliate offrire ai vostri clienti t\u00e8 di prima qualit\u00e0 a un prezzo vantaggioso, sia che preferiate alternative pi\u00f9 semplici, i nostri partner commerciali esaudiranno ogni vostro desiderio in merito. Anche per quanto riguarda il caff\u00e8, troverete la soluzione perfetta per ogni idea in termini di qualit\u00e0 e prezzo.<\/p>\n<p>&nbsp;<\/p>\n<p><strong>Tutto organico o cosa?!<\/strong><\/p>\n<p>Il mercato del biologico in Germania \u00e8 in piena espansione. Non \u00e8 solo da Corona che molti consumatori attribuiscono importanza alla qualit\u00e0 biologica di alimenti e bevande. Anche i produttori cinesi hanno reagito a questo sviluppo e ora offrono alimenti provenienti dalla Cina di qualit\u00e0 biologica certificata. Come grossisti o consumatori all&#8217;ingrosso, potete ordinare alimenti biologici dalla Cina in grandi quantit\u00e0 a prezzi incredibilmente bassi.<\/p>\n<p>&nbsp;<\/p>\n<p><strong>Cibo asiatico dalla Cina autentico come l&#8217;originale<\/strong><\/p>\n<p>Se volete vendere alimenti asiatici, niente \u00e8 pi\u00f9 vicino che acquistarli direttamente dal produttore in Cina. Ad esempio, offriamo noodles dalla Cina, riso e molte altre specialit\u00e0. I prodotti possono essere acquistati direttamente dalla produzione per il mercato cinese o appositamente adattati ai gusti occidentali. Parlate con noi delle vostre idee e, se lo desiderate, possiamo anche sviluppare per voi i vostri marchi e prodotti.<\/p>\n<p>Da noi potete acquistare i seguenti prodotti alimentari asiatici provenienti dalla Cina, oltre a molti altri:<\/p>\n<ul>\n<li>Riso e noodles dalla Cina<\/li>\n<li>Frutta e verdura asiatica (congelata o in scatola)<\/li>\n<li>Prodotti pronti per l&#8217;uso (ad es. noodles pronti per l&#8217;uso provenienti dalla Cina)<\/li>\n<li>Miscele di spezie e spezie<\/li>\n<li>Bevande della regione asiatica<\/li>\n<\/ul>\n<p>&nbsp;<\/p>\n<h3><strong>Servizi dell&#8217;agenzia Frisch per l&#8217;importazione di prodotti alimentari dalla Cina:<\/strong><\/h3>\n<p><strong><\/strong><\/p>\n<p>  &#8211; Test sugli allergeni negli alimenti<\/p>\n<p>&#8211; <a href=\"https:\/\/ag-frisch.com\/de\/biozertifizierung\/\"><br \/>\n  <strong>Certificazione biologica dei prodotti biologici<\/strong><br \/>\n<\/a> che devono essere dichiarati come prodotti biologici<\/p>\n<p>&#8211; Audit e anche speciali <a href=\"https:\/\/ag-frisch.com\/de\/audit-in-china\/\"><br \/>\n  <strong>Audit sull&#8217;igiene<\/strong><br \/>\n<\/a> in produzione e\/o presso i fornitori<\/p>\n<p>&#8211; Rilevamento di adulterazioni alimentari<\/p>\n<p>&#8211; Test degli oggetti che entrano in contatto con l&#8217;alimento (ad esempio, l&#8217;imballaggio) in conformit\u00e0 con la LFGB.<\/p>\n<p>&#8211; Analisi dei corpi estranei negli alimenti<\/p>\n<p>&#8211; Esame e consulenza sull&#8217;etichettatura degli alimenti (che comprende anche l&#8217;etichettatura degli additivi contenuti)<\/p>\n<p>&#8211; Analisi dei <span>contaminanti nei prodotti alimentari ai sensi dell&#8217;articolo 1 del regolamento (CEE) n. 315\/93 <\/span> <\/p>\n<p>&#8211; Esame microbiologico degli alimenti<span><\/span><\/p>\n<p>&#8211; Test sull&#8217;aggiunta di minerali negli alimenti secondo il Regolamento (CE) 1925\/2006.<\/p>\n<p>&#8211; Consulenza e assistenza sulla dichiarazione nutrizionale secondo il Regolamento (UE) 1169\/2011.<\/p>\n<p>&#8211; Analisi dei residui negli alimenti, ad esempio pesticidi o farmaci veterinari<\/p>\n<p>&#8211; Identificazione delle specie animali per i prodotti di origine animale<\/p>\n<p>&#8211; Controllare gli ingredienti che possono causare intolleranze o incompatibilit\u00e0.  <\/p>\n<p>&#8211; Test per individuare eventuali ingredienti di origine animale negli alimenti vegani<\/p>\n<p>&#8211; Analisi del contenuto di vitamine negli alimenti<\/p>\n<p>&#8211; Consulenza sull&#8217;etichettatura dei mangimi, sull&#8217;analisi e sui test dei mangimi<\/p>\n<p>&nbsp;<\/p>\n<p><strong>Con l&#8217;Agenzia Frisch potete importare alimenti dalla Cina in modo sicuro e gustoso.<\/strong><\/p>\n<p>[\/et_pb_text][\/et_pb_column][\/et_pb_row][\/et_pb_section][et_pb_section fb_built=&#8221;1&#8243; admin_label=&#8221;Testimonials&#8221; _builder_version=&#8221;4.16&#8243; use_background_color_gradient=&#8221;on&#8221; background_color_gradient_stops=&#8221;rgba(0,106,156,0.85) 0%|rgba(0,106,156,0.85) 100%&#8221; background_color_gradient_start=&#8221;rgba(0,106,156,0.85)&#8221; background_color_gradient_end=&#8221;rgba(0,106,156,0.85)&#8221; custom_padding=&#8221;90px||60px|&#8221; animation_style=&#8221;fold&#8221; animation_direction=&#8221;bottom&#8221; animation_intensity_fold=&#8221;4%&#8221; global_colors_info=&#8221;{}&#8221;][et_pb_row _builder_version=&#8221;4.16&#8243; background_size=&#8221;initial&#8221; background_position=&#8221;top_left&#8221; background_repeat=&#8221;repeat&#8221; custom_width_px=&#8221;710px&#8221; locked=&#8221;off&#8221; global_colors_info=&#8221;{}&#8221;][et_pb_column type=&#8221;4_4&#8243; _builder_version=&#8221;4.16&#8243; background_position=&#8221;top_left&#8221; custom_padding=&#8221;|||&#8221; global_colors_info=&#8221;{}&#8221; custom_padding__hover=&#8221;|||&#8221;][et_pb_text admin_label=&#8221;Testimonials Section Title&#8221; _builder_version=&#8221;4.16&#8243; header_font=&#8221;Montserrat||||&#8221; header_font_size=&#8221;36px&#8221; background_size=&#8221;initial&#8221; background_position=&#8221;top_left&#8221; background_repeat=&#8221;repeat&#8221; text_orientation=&#8221;center&#8221; background_layout=&#8221;dark&#8221; max_width=&#8221;710px&#8221; module_alignment=&#8221;center&#8221; animation_style=&#8221;fold&#8221; animation_direction=&#8221;bottom&#8221; animation_intensity_fold=&#8221;20%&#8221; global_colors_info=&#8221;{}&#8221;]<\/p>\n<h1>Oltre 5000 clienti soddisfatti.<\/h1>\n<p>&nbsp;<\/p>\n<p>[\/et_pb_text][et_pb_divider color=&#8221;#ffffff&#8221; divider_weight=&#8221;3px&#8221; disabled_on=&#8221;off|off|off&#8221; _builder_version=&#8221;4.16&#8243; background_color_gradient_direction=&#8221;90deg&#8221; max_width=&#8221;100px&#8221; module_alignment=&#8221;center&#8221; height=&#8221;5px&#8221; custom_margin=&#8221;||20px|&#8221; custom_padding=&#8221;||20px|&#8221; animation_style=&#8221;slide&#8221; animation_direction=&#8221;bottom&#8221; saved_tabs=&#8221;all&#8221; locked=&#8221;off&#8221; global_colors_info=&#8221;{}&#8221;][\/et_pb_divider][\/et_pb_column][\/et_pb_row][et_pb_row column_structure=&#8221;1_2,1_2&#8243; _builder_version=&#8221;4.18.1&#8243; _module_preset=&#8221;default&#8221; global_colors_info=&#8221;{}&#8221;][et_pb_column type=&#8221;1_2&#8243; _builder_version=&#8221;4.18.1&#8243; _module_preset=&#8221;default&#8221; global_colors_info=&#8221;{}&#8221;][et_pb_testimonial author=&#8221;Marco&#8221; portrait_url=&#8221;https:\/\/ag-frisch.com\/wp-content\/uploads\/2021\/08\/Harald.png&#8221; quote_icon=&#8221;off&#8221; _builder_version=&#8221;4.18.1&#8243; _module_preset=&#8221;default&#8221; body_font_size=&#8221;16px&#8221; use_background_color=&#8221;off&#8221; background_layout=&#8221;dark&#8221; global_colors_info=&#8221;{}&#8221;]Ho commissionato all&#8217;Agentur Frisch la produzione di un mobile di grandi dimensioni in Cina e il suo trasporto in Germania. Ottimale la comunicazione via mail! Risposte molto rapide e affidabili mi hanno costantemente dato le rassicurazioni che sono essenziali in un&#8217;impresa del genere. Sono stata sempre aiutata nelle complicate pratiche burocratiche e nessun modulo \u00e8 stato dimenticato o compilato in modo errato. Eccellente!<a href=\"&lt;div%20class=%22pe-richsnippets%22&gt;&nbsp;&lt;\/div&gt;%20&lt;script%20type=%22text\/javascript%22%20src=%22https:\/\/www.provenexpert.com\/widget\/richsnippet.js?u=1NUA0VwZ4RUZ5tmAi5zA4RaplNKAlWwZ&amp;v=2%22%20async&gt;&lt;\/script&gt;%20&lt;div%20style=%22text-align:%20justify;%22&gt;&lt;br%20\/&gt;\"><\/a><\/p>\n<div class=\"brow ratingBarMargin\">\n<div class=\"ratingBar\">\n<div class=\"brow\">\n<div class=\"pe-richsnippets\">&nbsp;<\/div>\n<p><script type=\"text\/javascript\" src=\"https:\/\/www.provenexpert.com\/widget\/richsnippet.js?u=1NUA0VwZ4RUZ5tmAi5zA4RaplNKAlWwZ&amp;v=2\" async=\"\"><\/script><\/p>\n<div style=\"text-align: justify;\"><\/p>\n<div class=\"col-lg-9 col-md-8 col-xs-10 mt20 mb20\">\n<div class=\"col-xs-12 surveyNameForRating\"><\/div>\n<\/div>\n<\/div>\n<\/div>\n<\/div>\n<\/div>\n<p>[\/et_pb_testimonial][\/et_pb_column][et_pb_column type=&#8221;1_2&#8243; _builder_version=&#8221;4.18.1&#8243; _module_preset=&#8221;default&#8221; global_colors_info=&#8221;{}&#8221;][et_pb_testimonial author=&#8221;Simone L.&#8221; portrait_url=&#8221;https:\/\/ag-frisch.com\/wp-content\/uploads\/2021\/08\/Harald.png&#8221; quote_icon=&#8221;off&#8221; _builder_version=&#8221;4.18.1&#8243; _module_preset=&#8221;default&#8221; body_font_size=&#8221;16px&#8221; use_background_color=&#8221;off&#8221; background_layout=&#8221;dark&#8221; global_colors_info=&#8221;{}&#8221;]<\/p>\n<p>Tutto perfetto! Non potevo immaginare servizio migliore di questo! Impossibile trovare consulenza e servizio migliori! Ci siamo rivolti pi\u00fa volte all\u00b4agenzia e siamo pi\u00fa che soddisfatti. Continueremo sicuramente a collaborare con loro!<\/p>\n<div class=\"brow ratingBarMargin\">\n<div class=\"ratingBar\">\n<div class=\"brow\">\n<div class=\"pe-richsnippets\"> <\/div>\n<p>\n<script type=\"text\/javascript\" src=\"https:\/\/www.provenexpert.com\/widget\/richsnippet.js?u=1NUA0VwZ4RUZ5tmAi5zA4RaplNKAlWwZ&amp;v=2\" async=\"\"><\/script>\n<\/p>\n<div style=\"text-align: justify;\">\n<p>&nbsp;<\/p>\n<div class=\"col-lg-9 col-md-8 col-xs-10 mt20 mb20\">\n<div class=\"col-xs-12 surveyNameForRating\"><\/div>\n<\/div>\n<\/div>\n<\/div>\n<\/div>\n<\/div>\n<p>[\/et_pb_testimonial][\/et_pb_column][\/et_pb_row][et_pb_row _builder_version=&#8221;4.16&#8243; background_size=&#8221;initial&#8221; background_position=&#8221;top_left&#8221; background_repeat=&#8221;repeat&#8221; custom_padding=&#8221;50px|0px|30px|0px&#8221; custom_css_main_element=&#8221;text-align: center;&#8221; global_colors_info=&#8221;{}&#8221;][et_pb_column type=&#8221;4_4&#8243; _builder_version=&#8221;4.16&#8243; custom_padding=&#8221;|||&#8221; global_colors_info=&#8221;{}&#8221; custom_padding__hover=&#8221;|||&#8221;][et_pb_button button_url=&#8221;https:\/\/www.provenexpert.com\/de-de\/agentur-frisch-international-consulting-gmbh-und-co-kg\/&#8221; button_text=&#8221;ALTRE VALUTAZIONI&#8221; button_alignment=&#8221;left&#8221; admin_label=&#8221;Testimonial Button&#8221; _builder_version=&#8221;4.16&#8243; custom_button=&#8221;on&#8221; button_text_size=&#8221;18px&#8221; button_text_color=&#8221;#ffffff&#8221; button_bg_color=&#8221;#6eba01&#8243; button_border_width=&#8221;2px&#8221; button_border_color=&#8221;#6eba01&#8243; button_border_radius=&#8221;0px&#8221; button_letter_spacing=&#8221;2px&#8221; button_font=&#8221;Montserrat|||on|&#8221; button_use_icon=&#8221;off&#8221; animation_style=&#8221;fold&#8221; animation_direction=&#8221;bottom&#8221; button_text_color_hover=&#8221;#ffffff&#8221; button_border_color_hover=&#8221;#ffffff&#8221; button_border_radius_hover=&#8221;0px&#8221; button_letter_spacing_hover=&#8221;2px&#8221; button_bg_color_hover=&#8221;rgba(255,255,255,0)&#8221; locked=&#8221;off&#8221; global_colors_info=&#8221;{}&#8221; button_text_size__hover_enabled=&#8221;off&#8221; button_one_text_size__hover_enabled=&#8221;off&#8221; button_two_text_size__hover_enabled=&#8221;off&#8221; button_text_color__hover_enabled=&#8221;on&#8221; button_text_color__hover=&#8221;#ffffff&#8221; button_one_text_color__hover_enabled=&#8221;off&#8221; button_two_text_color__hover_enabled=&#8221;off&#8221; button_border_width__hover_enabled=&#8221;off&#8221; button_one_border_width__hover_enabled=&#8221;off&#8221; button_two_border_width__hover_enabled=&#8221;off&#8221; button_border_color__hover_enabled=&#8221;on&#8221; button_border_color__hover=&#8221;#ffffff&#8221; button_one_border_color__hover_enabled=&#8221;off&#8221; button_two_border_color__hover_enabled=&#8221;off&#8221; button_border_radius__hover_enabled=&#8221;on&#8221; button_border_radius__hover=&#8221;0px&#8221; button_one_border_radius__hover_enabled=&#8221;off&#8221; button_two_border_radius__hover_enabled=&#8221;off&#8221; button_letter_spacing__hover_enabled=&#8221;on&#8221; button_letter_spacing__hover=&#8221;2px&#8221; button_one_letter_spacing__hover_enabled=&#8221;off&#8221; button_two_letter_spacing__hover_enabled=&#8221;off&#8221; button_bg_color__hover_enabled=&#8221;on&#8221; button_bg_color__hover=&#8221;rgba(255,255,255,0)&#8221; button_one_bg_color__hover_enabled=&#8221;off&#8221; button_two_bg_color__hover_enabled=&#8221;off&#8221;][\/et_pb_button][\/et_pb_column][\/et_pb_row][\/et_pb_section]<\/p>\n","protected":false},"excerpt":{"rendered":"<p>L&#8217;Agentur Frisch vi supporta nell&#8217;importazione di prodotti alimentari e biologici dalla Cina. Importare cibo delizioso dalla Cina Cibo, specialit\u00e0 e noodles dalla Cina Da decenni la cucina cinese gode di grande popolarit\u00e0 in Germania. Pertanto, siamo lieti di offrire l&#8217;approvvigionamento di prodotti alimentari dalla Cina attraverso i nostri partner commerciali. Ma non \u00e8 solo il [&hellip;]<\/p>\n","protected":false},"author":2,"featured_media":0,"parent":0,"menu_order":0,"comment_status":"closed","ping_status":"closed","template":"","meta":{"_et_pb_use_builder":"on","_et_pb_old_content":"","_et_gb_content_width":"","footnotes":""},"class_list":["post-11393","page","type-page","status-publish","hentry"],"yoast_head":"<!-- This site is optimized with the Yoast SEO plugin v27.2 - https:\/\/yoast.com\/product\/yoast-seo-wordpress\/ -->\n<title>Cibo dalla Cina | Importazione di cibo dalla Cina<\/title>\n<meta name=\"description\" content=\"Importazione di cibo e specialit\u00e0 dalla Cina \u25ba Importazione di molte merci deliziose dalla Cina \u2714 Delicatessen \u2714 Bevande \u25ba Richiedi subito una consulenza!\" \/>\n<meta name=\"robots\" content=\"index, follow, max-snippet:-1, max-image-preview:large, max-video-preview:-1\" \/>\n<link rel=\"canonical\" href=\"https:\/\/ag-frisch.com\/it\/cibo-dalla-cina\/\" \/>\n<meta property=\"og:locale\" content=\"it_IT\" \/>\n<meta property=\"og:type\" content=\"article\" \/>\n<meta property=\"og:title\" content=\"Cibo dalla Cina | Importazione di cibo dalla Cina\" \/>\n<meta property=\"og:description\" content=\"Importazione di cibo e specialit\u00e0 dalla Cina \u25ba Importazione di molte merci deliziose dalla Cina \u2714 Delicatessen \u2714 Bevande \u25ba Richiedi subito una consulenza!\" \/>\n<meta property=\"og:url\" content=\"https:\/\/ag-frisch.com\/it\/cibo-dalla-cina\/\" \/>\n<meta property=\"og:site_name\" content=\"China Import Beratung f\u00fcr den Einkauf aus China\" \/>\n<meta property=\"article:publisher\" content=\"https:\/\/www.facebook.com\/China.Import\" \/>\n<meta property=\"article:modified_time\" content=\"2023-01-27T04:29:43+00:00\" \/>\n<meta name=\"twitter:card\" content=\"summary_large_image\" \/>\n<meta name=\"twitter:site\" content=\"@agenturfrisch\" \/>\n<meta name=\"twitter:label1\" content=\"Tempo di lettura stimato\" \/>\n\t<meta name=\"twitter:data1\" content=\"8 minuti\" \/>\n<script type=\"application\/ld+json\" class=\"yoast-schema-graph\">{\"@context\":\"https:\/\/schema.org\",\"@graph\":[{\"@type\":\"WebPage\",\"@id\":\"https:\/\/ag-frisch.com\/it\/cibo-dalla-cina\/\",\"url\":\"https:\/\/ag-frisch.com\/it\/cibo-dalla-cina\/\",\"name\":\"Cibo dalla Cina | Importazione di cibo dalla Cina\",\"isPartOf\":{\"@id\":\"https:\/\/ag-frisch.com\/de\/#website\"},\"datePublished\":\"2022-05-12T05:00:23+00:00\",\"dateModified\":\"2023-01-27T04:29:43+00:00\",\"description\":\"Importazione di cibo e specialit\u00e0 dalla Cina \u25ba Importazione di molte merci deliziose dalla Cina \u2714 Delicatessen \u2714 Bevande \u25ba Richiedi subito una consulenza!\",\"breadcrumb\":{\"@id\":\"https:\/\/ag-frisch.com\/it\/cibo-dalla-cina\/#breadcrumb\"},\"inLanguage\":\"it-IT\",\"potentialAction\":[{\"@type\":\"ReadAction\",\"target\":[\"https:\/\/ag-frisch.com\/it\/cibo-dalla-cina\/\"]}]},{\"@type\":\"BreadcrumbList\",\"@id\":\"https:\/\/ag-frisch.com\/it\/cibo-dalla-cina\/#breadcrumb\",\"itemListElement\":[{\"@type\":\"ListItem\",\"position\":1,\"name\":\"Startseite\",\"item\":\"https:\/\/ag-frisch.com\/de\/\"},{\"@type\":\"ListItem\",\"position\":2,\"name\":\"Cibo dalla Cina\"}]},{\"@type\":\"WebSite\",\"@id\":\"https:\/\/ag-frisch.com\/de\/#website\",\"url\":\"https:\/\/ag-frisch.com\/de\/\",\"name\":\"China Import Beratung f\u00fcr den Einkauf aus China\",\"description\":\"China Import &amp; Export Beratung - Der Dienstleister Ihres Vertrauens f\u00fcr Ihren China Import\",\"publisher\":{\"@id\":\"https:\/\/ag-frisch.com\/de\/#organization\"},\"potentialAction\":[{\"@type\":\"SearchAction\",\"target\":{\"@type\":\"EntryPoint\",\"urlTemplate\":\"https:\/\/ag-frisch.com\/de\/?s={search_term_string}\"},\"query-input\":{\"@type\":\"PropertyValueSpecification\",\"valueRequired\":true,\"valueName\":\"search_term_string\"}}],\"inLanguage\":\"it-IT\"},{\"@type\":\"Organization\",\"@id\":\"https:\/\/ag-frisch.com\/de\/#organization\",\"name\":\"Agentur Frisch International Consulting GmbH & Co. KG\",\"url\":\"https:\/\/ag-frisch.com\/de\/\",\"logo\":{\"@type\":\"ImageObject\",\"inLanguage\":\"it-IT\",\"@id\":\"https:\/\/ag-frisch.com\/de\/#\/schema\/logo\/image\/\",\"url\":\"https:\/\/ag-frisch.com\/wp-content\/uploads\/2021\/08\/ag_logo_rgb_300_small.png\",\"contentUrl\":\"https:\/\/ag-frisch.com\/wp-content\/uploads\/2021\/08\/ag_logo_rgb_300_small.png\",\"width\":153,\"height\":102,\"caption\":\"Agentur Frisch International Consulting GmbH & Co. KG\"},\"image\":{\"@id\":\"https:\/\/ag-frisch.com\/de\/#\/schema\/logo\/image\/\"},\"sameAs\":[\"https:\/\/www.facebook.com\/China.Import\",\"https:\/\/x.com\/agenturfrisch\"]}]}<\/script>\n<!-- \/ Yoast SEO plugin. -->","yoast_head_json":{"title":"Cibo dalla Cina | Importazione di cibo dalla Cina","description":"Importazione di cibo e specialit\u00e0 dalla Cina \u25ba Importazione di molte merci deliziose dalla Cina \u2714 Delicatessen \u2714 Bevande \u25ba Richiedi subito una consulenza!","robots":{"index":"index","follow":"follow","max-snippet":"max-snippet:-1","max-image-preview":"max-image-preview:large","max-video-preview":"max-video-preview:-1"},"canonical":"https:\/\/ag-frisch.com\/it\/cibo-dalla-cina\/","og_locale":"it_IT","og_type":"article","og_title":"Cibo dalla Cina | Importazione di cibo dalla Cina","og_description":"Importazione di cibo e specialit\u00e0 dalla Cina \u25ba Importazione di molte merci deliziose dalla Cina \u2714 Delicatessen \u2714 Bevande \u25ba Richiedi subito una consulenza!","og_url":"https:\/\/ag-frisch.com\/it\/cibo-dalla-cina\/","og_site_name":"China Import Beratung f\u00fcr den Einkauf aus China","article_publisher":"https:\/\/www.facebook.com\/China.Import","article_modified_time":"2023-01-27T04:29:43+00:00","twitter_card":"summary_large_image","twitter_site":"@agenturfrisch","twitter_misc":{"Tempo di lettura stimato":"8 minuti"},"schema":{"@context":"https:\/\/schema.org","@graph":[{"@type":"WebPage","@id":"https:\/\/ag-frisch.com\/it\/cibo-dalla-cina\/","url":"https:\/\/ag-frisch.com\/it\/cibo-dalla-cina\/","name":"Cibo dalla Cina | Importazione di cibo dalla Cina","isPartOf":{"@id":"https:\/\/ag-frisch.com\/de\/#website"},"datePublished":"2022-05-12T05:00:23+00:00","dateModified":"2023-01-27T04:29:43+00:00","description":"Importazione di cibo e specialit\u00e0 dalla Cina \u25ba Importazione di molte merci deliziose dalla Cina \u2714 Delicatessen \u2714 Bevande \u25ba Richiedi subito una consulenza!","breadcrumb":{"@id":"https:\/\/ag-frisch.com\/it\/cibo-dalla-cina\/#breadcrumb"},"inLanguage":"it-IT","potentialAction":[{"@type":"ReadAction","target":["https:\/\/ag-frisch.com\/it\/cibo-dalla-cina\/"]}]},{"@type":"BreadcrumbList","@id":"https:\/\/ag-frisch.com\/it\/cibo-dalla-cina\/#breadcrumb","itemListElement":[{"@type":"ListItem","position":1,"name":"Startseite","item":"https:\/\/ag-frisch.com\/de\/"},{"@type":"ListItem","position":2,"name":"Cibo dalla Cina"}]},{"@type":"WebSite","@id":"https:\/\/ag-frisch.com\/de\/#website","url":"https:\/\/ag-frisch.com\/de\/","name":"China Import Beratung f\u00fcr den Einkauf aus China","description":"China Import &amp; Export Beratung - Der Dienstleister Ihres Vertrauens f\u00fcr Ihren China Import","publisher":{"@id":"https:\/\/ag-frisch.com\/de\/#organization"},"potentialAction":[{"@type":"SearchAction","target":{"@type":"EntryPoint","urlTemplate":"https:\/\/ag-frisch.com\/de\/?s={search_term_string}"},"query-input":{"@type":"PropertyValueSpecification","valueRequired":true,"valueName":"search_term_string"}}],"inLanguage":"it-IT"},{"@type":"Organization","@id":"https:\/\/ag-frisch.com\/de\/#organization","name":"Agentur Frisch International Consulting GmbH & Co. KG","url":"https:\/\/ag-frisch.com\/de\/","logo":{"@type":"ImageObject","inLanguage":"it-IT","@id":"https:\/\/ag-frisch.com\/de\/#\/schema\/logo\/image\/","url":"https:\/\/ag-frisch.com\/wp-content\/uploads\/2021\/08\/ag_logo_rgb_300_small.png","contentUrl":"https:\/\/ag-frisch.com\/wp-content\/uploads\/2021\/08\/ag_logo_rgb_300_small.png","width":153,"height":102,"caption":"Agentur Frisch International Consulting GmbH & Co. KG"},"image":{"@id":"https:\/\/ag-frisch.com\/de\/#\/schema\/logo\/image\/"},"sameAs":["https:\/\/www.facebook.com\/China.Import","https:\/\/x.com\/agenturfrisch"]}]}},"_links":{"self":[{"href":"https:\/\/ag-frisch.com\/it\/wp-json\/wp\/v2\/pages\/11393","targetHints":{"allow":["GET"]}}],"collection":[{"href":"https:\/\/ag-frisch.com\/it\/wp-json\/wp\/v2\/pages"}],"about":[{"href":"https:\/\/ag-frisch.com\/it\/wp-json\/wp\/v2\/types\/page"}],"author":[{"embeddable":true,"href":"https:\/\/ag-frisch.com\/it\/wp-json\/wp\/v2\/users\/2"}],"replies":[{"embeddable":true,"href":"https:\/\/ag-frisch.com\/it\/wp-json\/wp\/v2\/comments?post=11393"}],"version-history":[{"count":0,"href":"https:\/\/ag-frisch.com\/it\/wp-json\/wp\/v2\/pages\/11393\/revisions"}],"wp:attachment":[{"href":"https:\/\/ag-frisch.com\/it\/wp-json\/wp\/v2\/media?parent=11393"}],"curies":[{"name":"wp","href":"https:\/\/api.w.org\/{rel}","templated":true}]}}