{"id":11401,"date":"2022-05-28T15:29:05","date_gmt":"2022-05-28T13:29:05","guid":{"rendered":"https:\/\/ag-frisch.com\/forniture-per-animali-domestici-dalla-cina\/"},"modified":"2023-01-27T05:29:44","modified_gmt":"2023-01-27T04:29:44","slug":"forniture-per-animali-domestici-dalla-cina","status":"publish","type":"page","link":"https:\/\/ag-frisch.com\/it\/forniture-per-animali-domestici-dalla-cina\/","title":{"rendered":"Forniture per animali domestici dalla Cina"},"content":{"rendered":"<p>[et_pb_section fb_built=&#8221;1&#8243; _builder_version=&#8221;4.16&#8243; _module_preset=&#8221;default&#8221; global_colors_info=&#8221;{}&#8221;][et_pb_row _builder_version=&#8221;4.18.1&#8243; _module_preset=&#8221;default&#8221; global_colors_info=&#8221;{}&#8221;][et_pb_column type=&#8221;4_4&#8243; _builder_version=&#8221;4.18.1&#8243; _module_preset=&#8221;default&#8221; global_colors_info=&#8221;{}&#8221;][et_pb_cta title=&#8221;Importazione di forniture per animali domestici&#8221; button_url=&#8221;https:\/\/ag-frisch.com\/it\/contatto\/&#8221; button_text=&#8221;Prenota ora&#8221; _builder_version=&#8221;4.18.1&#8243; _module_preset=&#8221;default&#8221; global_colors_info=&#8221;{}&#8221;]<\/p>\n<p>Con la China Import Agency Frisch, potete fare affari con la Cina come dei professionisti.<\/p>\n<p>[\/et_pb_cta][\/et_pb_column][\/et_pb_row][et_pb_row _builder_version=&#8221;4.16&#8243; _module_preset=&#8221;default&#8221; global_colors_info=&#8221;{}&#8221;][et_pb_column type=&#8221;4_4&#8243; _builder_version=&#8221;4.16&#8243; _module_preset=&#8221;default&#8221; global_colors_info=&#8221;{}&#8221;][et_pb_text _builder_version=&#8221;4.18.1&#8243; _module_preset=&#8221;default&#8221; hover_enabled=&#8221;0&#8243; global_colors_info=&#8221;{}&#8221; sticky_enabled=&#8221;0&#8243;]<\/p>\n<h1>Forniture per animali domestici di piccole e grandi dimensioni dalla Cina<\/h1>\n<p><strong>Dalle ruote per criceti alle attrezzature per la mungitura: tutto sugli animali<\/strong><\/p>\n<p>Siete proprietari di una catena di negozi di articoli per animali o siete grandi venditori su Internet, ad esempio su Amazon, eBay o con un vostro sito web? Volete offrire ai vostri clienti i prezzi migliori e massimizzare i vostri profitti?<\/p>\n<p>Allora avete assolutamente ragione con l&#8217;Agenzia Frisch. Siamo il vostro importatore diretto di forniture per animali domestici dalla Cina, affidabile e conveniente. La nostra esperienza pluriennale e i migliori collegamenti ci consentono di fornirvi forniture per animali domestici dalla Cina a prezzi ineguagliabili. Che si tratti di coperte per cani, letti per cani o altre forniture per animali domestici provenienti dalla Cina, con noi siete all&#8217;indirizzo giusto.<\/p>\n<p>&nbsp;<\/p>\n<p><strong>Tutto per il migliore amico dell&#8217;uomo<\/strong><\/p>\n<p>Coperte per cani, letti per cani, collari e altro ancora dalla Cina &#8211; abbiamo i migliori collegamenti con i produttori di forniture per cani per offrirvi le migliori offerte. L&#8217;alta qualit\u00e0 a un prezzo contenuto \u00e8 per noi una cosa ovvia. Vogliamo superare le vostre aspettative, ed \u00e8 proprio per questo che abbiamo molti clienti abituali e fedeli. Nel segmento delle forniture per cani possiamo offrirvi questi prodotti e molti altri:<\/p>\n<ul>\n<li>Coperte per cani dalla Cina<\/li>\n<li>Letti per cani dalla Cina<\/li>\n<li>Case e cucce per cani<\/li>\n<li>Collari e guinzagli<\/li>\n<li>Giocattoli per cani dalla Cina<\/li>\n<li>Cibo e croccantini per cani<\/li>\n<\/ul>\n<p>&nbsp;<\/p>\n<p><strong>Importazione di giochi per gatti e tiragraffi dalla Cina<\/strong><\/p>\n<p>Troveremo anche il produttore adatto alle vostre esigenze per il secondo animale domestico preferito dai tedeschi. Dalle aste per gatti, alle lettiere, alle gabbie per gatti e ai tiragraffi, fino ai kit completi, alle lettiere e alle forniture per allevatori, abbiamo tutto ci\u00f2 che serve per i gatti e gli altri animali provenienti dalla Cina.<\/p>\n<p>&nbsp;<\/p>\n<p><strong>Attrezzature per piccoli animali da grossisti<\/strong><\/p>\n<p>Oltre a cani e gatti, in Germania si allevano molte altre specie animali e il mercato dei relativi prodotti \u00e8 ampio. Vi forniamo anche forniture per animali domestici dalla Cina, ad esempio:<\/p>\n<ul>\n<li>Uccelli (gabbie, abbeveratoi e cibo per uccelli)<\/li>\n<li>Criceti (gabbie per criceti, ruote per criceti)<\/li>\n<li>Porcellini d&#8217;India (gabbie, tane)<\/li>\n<li>Conigli (conigliere, recinti esterni, abbeveratoi)<\/li>\n<\/ul>\n<p>&nbsp;<\/p>\n<p><strong>Acquaristica e terraristica direttamente dal produttore in Cina<\/strong><\/p>\n<p>Naturalmente, offriamo anche tutte le forniture di animali dalla Cina per pesci e abitanti di terrari. Che si tratti di geco, iguana, drago barbuto, tarantola o vipera, siamo mediatori di produttori di forniture per animali dalla Cina in grandi quantit\u00e0 anche nel campo dei terrari, degli acquari e delle attrezzature per acquari. Questi includono, ad esempio, sistemi di filtraggio, substrato, decorazioni per acquari, cibo per pesci, coperture e molto altro ancora. Troveremo anche il fornitore ottimale per voi per i laghetti e le coperture da esterno. Contattateci e vi chiariremo in una consulenza cosa possiamo fare per voi.<\/p>\n<p>&nbsp;<\/p>\n<p><strong>Importazione di attrezzature per l&#8217;allevamento dalla Cina<\/strong><\/p>\n<p>Volete creare un allevamento di polli o riprogettare un allevamento di bovini? Abbiamo anche il partner commerciale giusto per questi progetti su larga scala in Cina. Le attrezzature per la mungitura, le gabbie per la batteria e molto altro ancora possono essere acquistate tramite noi a prezzi notevolmente inferiori, naturalmente in base a standard conformi ai requisiti tedeschi ed europei.<\/p>\n<p>&nbsp;<\/p>\n<p><strong>Il nostro segreto: esperienza e qualit\u00e0 controllata<\/strong><\/p>\n<p>Vogliamo essere tra i migliori e non ci accontentiamo di meno. Come clienti, beneficiate direttamente di questo elevato standard dell&#8217;Agentur Frisch: la nostra professionalit\u00e0 e affidabilit\u00e0 vi fa risparmiare costi, tempo e nervi. Per essere all&#8217;altezza dei nostri ideali, assumiamo noi stessi dei passi critici: Controllo di qualit\u00e0 nella produzione, ad esempio, o test di laboratorio su prodotti sensibili. Cos\u00ec non ci sono fastidiose difficolt\u00e0 n\u00e9 alla dogana n\u00e9 dopo la vendita: il buon lavoro paga letteralmente.<\/p>\n<p>&nbsp;<\/p>\n<p><strong>Contattateci per richiedere l&#8217;importazione di forniture per animali domestici dalla Cina!<\/strong><\/p>\n<p>[\/et_pb_text][\/et_pb_column][\/et_pb_row][\/et_pb_section][et_pb_section fb_built=&#8221;1&#8243; admin_label=&#8221;Testimonials&#8221; _builder_version=&#8221;4.16&#8243; use_background_color_gradient=&#8221;on&#8221; background_color_gradient_stops=&#8221;rgba(0,106,156,0.85) 0%|rgba(0,106,156,0.85) 100%&#8221; background_color_gradient_start=&#8221;rgba(0,106,156,0.85)&#8221; background_color_gradient_end=&#8221;rgba(0,106,156,0.85)&#8221; custom_padding=&#8221;90px||60px|&#8221; animation_style=&#8221;fold&#8221; animation_direction=&#8221;bottom&#8221; animation_intensity_fold=&#8221;4%&#8221; global_colors_info=&#8221;{}&#8221;][et_pb_row _builder_version=&#8221;4.16&#8243; background_size=&#8221;initial&#8221; background_position=&#8221;top_left&#8221; background_repeat=&#8221;repeat&#8221; custom_width_px=&#8221;710px&#8221; locked=&#8221;off&#8221; global_colors_info=&#8221;{}&#8221;][et_pb_column type=&#8221;4_4&#8243; _builder_version=&#8221;4.16&#8243; background_position=&#8221;top_left&#8221; custom_padding=&#8221;|||&#8221; global_colors_info=&#8221;{}&#8221; custom_padding__hover=&#8221;|||&#8221;][et_pb_text admin_label=&#8221;Testimonials Section Title&#8221; _builder_version=&#8221;4.16&#8243; header_font=&#8221;Montserrat||||&#8221; header_font_size=&#8221;36px&#8221; background_size=&#8221;initial&#8221; background_position=&#8221;top_left&#8221; background_repeat=&#8221;repeat&#8221; text_orientation=&#8221;center&#8221; background_layout=&#8221;dark&#8221; max_width=&#8221;710px&#8221; module_alignment=&#8221;center&#8221; animation_style=&#8221;fold&#8221; animation_direction=&#8221;bottom&#8221; animation_intensity_fold=&#8221;20%&#8221; global_colors_info=&#8221;{}&#8221;]<\/p>\n<h1>Oltre 5000 clienti soddisfatti.<\/h1>\n<p>&nbsp;<\/p>\n<p>[\/et_pb_text][et_pb_divider color=&#8221;#ffffff&#8221; divider_weight=&#8221;3px&#8221; disabled_on=&#8221;off|off|off&#8221; _builder_version=&#8221;4.16&#8243; background_color_gradient_direction=&#8221;90deg&#8221; max_width=&#8221;100px&#8221; module_alignment=&#8221;center&#8221; height=&#8221;5px&#8221; custom_margin=&#8221;||20px|&#8221; custom_padding=&#8221;||20px|&#8221; animation_style=&#8221;slide&#8221; animation_direction=&#8221;bottom&#8221; saved_tabs=&#8221;all&#8221; locked=&#8221;off&#8221; global_colors_info=&#8221;{}&#8221;][\/et_pb_divider][\/et_pb_column][\/et_pb_row][et_pb_row column_structure=&#8221;1_2,1_2&#8243; _builder_version=&#8221;4.18.1&#8243; _module_preset=&#8221;default&#8221; global_colors_info=&#8221;{}&#8221;][et_pb_column type=&#8221;1_2&#8243; _builder_version=&#8221;4.18.1&#8243; _module_preset=&#8221;default&#8221; global_colors_info=&#8221;{}&#8221;][et_pb_testimonial author=&#8221;Marco&#8221; portrait_url=&#8221;https:\/\/ag-frisch.com\/wp-content\/uploads\/2021\/08\/Harald.png&#8221; quote_icon=&#8221;off&#8221; _builder_version=&#8221;4.18.1&#8243; _module_preset=&#8221;default&#8221; body_font_size=&#8221;16px&#8221; use_background_color=&#8221;off&#8221; background_layout=&#8221;dark&#8221; global_colors_info=&#8221;{}&#8221;]Ho commissionato all&#8217;Agentur Frisch la produzione di un mobile di grandi dimensioni in Cina e il suo trasporto in Germania. Ottimale la comunicazione via mail! Risposte molto rapide e affidabili mi hanno costantemente dato le rassicurazioni che sono essenziali in un&#8217;impresa del genere. Sono stata sempre aiutata nelle complicate pratiche burocratiche e nessun modulo \u00e8 stato dimenticato o compilato in modo errato. Eccellente!<a href=\"&lt;div%20class=%22pe-richsnippets%22&gt;&nbsp;&lt;\/div&gt;%20&lt;script%20type=%22text\/javascript%22%20src=%22https:\/\/www.provenexpert.com\/widget\/richsnippet.js?u=1NUA0VwZ4RUZ5tmAi5zA4RaplNKAlWwZ&amp;v=2%22%20async&gt;&lt;\/script&gt;%20&lt;div%20style=%22text-align:%20justify;%22&gt;&lt;br%20\/&gt;\"><\/a><\/p>\n<div class=\"brow ratingBarMargin\">\n<div class=\"ratingBar\">\n<div class=\"brow\">\n<div class=\"pe-richsnippets\">&nbsp;<\/div>\n<p><script type=\"text\/javascript\" src=\"https:\/\/www.provenexpert.com\/widget\/richsnippet.js?u=1NUA0VwZ4RUZ5tmAi5zA4RaplNKAlWwZ&amp;v=2\" async=\"\"><\/script><\/p>\n<div style=\"text-align: justify;\"><\/p>\n<div class=\"col-lg-9 col-md-8 col-xs-10 mt20 mb20\">\n<div class=\"col-xs-12 surveyNameForRating\"><\/div>\n<\/div>\n<\/div>\n<\/div>\n<\/div>\n<\/div>\n<p>[\/et_pb_testimonial][\/et_pb_column][et_pb_column type=&#8221;1_2&#8243; _builder_version=&#8221;4.18.1&#8243; _module_preset=&#8221;default&#8221; global_colors_info=&#8221;{}&#8221;][et_pb_testimonial author=&#8221;Simone L.&#8221; portrait_url=&#8221;https:\/\/ag-frisch.com\/wp-content\/uploads\/2021\/08\/Harald.png&#8221; quote_icon=&#8221;off&#8221; _builder_version=&#8221;4.18.1&#8243; _module_preset=&#8221;default&#8221; body_font_size=&#8221;16px&#8221; use_background_color=&#8221;off&#8221; background_layout=&#8221;dark&#8221; global_colors_info=&#8221;{}&#8221;]<\/p>\n<p>Tutto perfetto! Non potevo immaginare servizio migliore di questo! Impossibile trovare consulenza e servizio migliori! Ci siamo rivolti pi\u00fa volte all\u00b4agenzia e siamo pi\u00fa che soddisfatti. Continueremo sicuramente a collaborare con loro!<\/p>\n<div class=\"brow ratingBarMargin\">\n<div class=\"ratingBar\">\n<div class=\"brow\">\n<div class=\"pe-richsnippets\"> <\/div>\n<p>\n<script type=\"text\/javascript\" src=\"https:\/\/www.provenexpert.com\/widget\/richsnippet.js?u=1NUA0VwZ4RUZ5tmAi5zA4RaplNKAlWwZ&amp;v=2\" async=\"\"><\/script>\n<\/p>\n<div style=\"text-align: justify;\">\n<p>&nbsp;<\/p>\n<div class=\"col-lg-9 col-md-8 col-xs-10 mt20 mb20\">\n<div class=\"col-xs-12 surveyNameForRating\"><\/div>\n<\/div>\n<\/div>\n<\/div>\n<\/div>\n<\/div>\n<p>[\/et_pb_testimonial][\/et_pb_column][\/et_pb_row][et_pb_row _builder_version=&#8221;4.16&#8243; background_size=&#8221;initial&#8221; background_position=&#8221;top_left&#8221; background_repeat=&#8221;repeat&#8221; custom_padding=&#8221;50px|0px|30px|0px&#8221; custom_css_main_element=&#8221;text-align: center;&#8221; global_colors_info=&#8221;{}&#8221;][et_pb_column type=&#8221;4_4&#8243; _builder_version=&#8221;4.16&#8243; custom_padding=&#8221;|||&#8221; global_colors_info=&#8221;{}&#8221; custom_padding__hover=&#8221;|||&#8221;][et_pb_button button_url=&#8221;https:\/\/www.provenexpert.com\/de-de\/agentur-frisch-international-consulting-gmbh-und-co-kg\/&#8221; button_text=&#8221;ALTRE VALUTAZIONI&#8221; button_alignment=&#8221;left&#8221; admin_label=&#8221;Testimonial Button&#8221; _builder_version=&#8221;4.16&#8243; custom_button=&#8221;on&#8221; button_text_size=&#8221;18px&#8221; button_text_color=&#8221;#ffffff&#8221; button_bg_color=&#8221;#6eba01&#8243; button_border_width=&#8221;2px&#8221; button_border_color=&#8221;#6eba01&#8243; button_border_radius=&#8221;0px&#8221; button_letter_spacing=&#8221;2px&#8221; button_font=&#8221;Montserrat|||on|&#8221; button_use_icon=&#8221;off&#8221; animation_style=&#8221;fold&#8221; animation_direction=&#8221;bottom&#8221; button_text_color_hover=&#8221;#ffffff&#8221; button_border_color_hover=&#8221;#ffffff&#8221; button_border_radius_hover=&#8221;0px&#8221; button_letter_spacing_hover=&#8221;2px&#8221; button_bg_color_hover=&#8221;rgba(255,255,255,0)&#8221; locked=&#8221;off&#8221; global_colors_info=&#8221;{}&#8221; button_text_size__hover_enabled=&#8221;off&#8221; button_one_text_size__hover_enabled=&#8221;off&#8221; button_two_text_size__hover_enabled=&#8221;off&#8221; button_text_color__hover_enabled=&#8221;on&#8221; button_text_color__hover=&#8221;#ffffff&#8221; button_one_text_color__hover_enabled=&#8221;off&#8221; button_two_text_color__hover_enabled=&#8221;off&#8221; button_border_width__hover_enabled=&#8221;off&#8221; button_one_border_width__hover_enabled=&#8221;off&#8221; button_two_border_width__hover_enabled=&#8221;off&#8221; button_border_color__hover_enabled=&#8221;on&#8221; button_border_color__hover=&#8221;#ffffff&#8221; button_one_border_color__hover_enabled=&#8221;off&#8221; button_two_border_color__hover_enabled=&#8221;off&#8221; button_border_radius__hover_enabled=&#8221;on&#8221; button_border_radius__hover=&#8221;0px&#8221; button_one_border_radius__hover_enabled=&#8221;off&#8221; button_two_border_radius__hover_enabled=&#8221;off&#8221; button_letter_spacing__hover_enabled=&#8221;on&#8221; button_letter_spacing__hover=&#8221;2px&#8221; button_one_letter_spacing__hover_enabled=&#8221;off&#8221; button_two_letter_spacing__hover_enabled=&#8221;off&#8221; button_bg_color__hover_enabled=&#8221;on&#8221; button_bg_color__hover=&#8221;rgba(255,255,255,0)&#8221; button_one_bg_color__hover_enabled=&#8221;off&#8221; button_two_bg_color__hover_enabled=&#8221;off&#8221;][\/et_pb_button][\/et_pb_column][\/et_pb_row][\/et_pb_section]<\/p>\n","protected":false},"excerpt":{"rendered":"<p>Con la China Import Agency Frisch, potete fare affari con la Cina come dei professionisti.Forniture per animali domestici di piccole e grandi dimensioni dalla Cina Dalle ruote per criceti alle attrezzature per la mungitura: tutto sugli animali Siete proprietari di una catena di negozi di articoli per animali o siete grandi venditori su Internet, ad [&hellip;]<\/p>\n","protected":false},"author":2,"featured_media":0,"parent":0,"menu_order":0,"comment_status":"closed","ping_status":"closed","template":"","meta":{"_et_pb_use_builder":"on","_et_pb_old_content":"","_et_gb_content_width":"","footnotes":""},"class_list":["post-11401","page","type-page","status-publish","hentry"],"yoast_head":"<!-- This site is optimized with the Yoast SEO plugin v27.2 - https:\/\/yoast.com\/product\/yoast-seo-wordpress\/ -->\n<title>Importazione di forniture per animali domestici dalla Cina in conformit\u00e0 con tutte le direttive dell&#039;UE<\/title>\n<meta name=\"description\" content=\"Forniture per animali dalla Cina \u25bb Prodotti per cani \u2713 Prodotti per gatti \u2713 Prodotti per acquari dalla Cina \u2713 \u25bb Fatevi consigliare da un esperto!\" \/>\n<meta name=\"robots\" content=\"index, follow, max-snippet:-1, max-image-preview:large, max-video-preview:-1\" \/>\n<link rel=\"canonical\" href=\"https:\/\/ag-frisch.com\/it\/forniture-per-animali-domestici-dalla-cina\/\" \/>\n<meta property=\"og:locale\" content=\"it_IT\" \/>\n<meta property=\"og:type\" content=\"article\" \/>\n<meta property=\"og:title\" content=\"Importazione di forniture per animali domestici dalla Cina in conformit\u00e0 con tutte le direttive dell&#039;UE\" \/>\n<meta property=\"og:description\" content=\"Forniture per animali dalla Cina \u25bb Prodotti per cani \u2713 Prodotti per gatti \u2713 Prodotti per acquari dalla Cina \u2713 \u25bb Fatevi consigliare da un esperto!\" \/>\n<meta property=\"og:url\" content=\"https:\/\/ag-frisch.com\/it\/forniture-per-animali-domestici-dalla-cina\/\" \/>\n<meta property=\"og:site_name\" content=\"China Import Beratung f\u00fcr den Einkauf aus China\" \/>\n<meta property=\"article:publisher\" content=\"https:\/\/www.facebook.com\/China.Import\" \/>\n<meta property=\"article:modified_time\" content=\"2023-01-27T04:29:44+00:00\" \/>\n<meta name=\"twitter:card\" content=\"summary_large_image\" \/>\n<meta name=\"twitter:site\" content=\"@agenturfrisch\" \/>\n<meta name=\"twitter:label1\" content=\"Tempo di lettura stimato\" \/>\n\t<meta name=\"twitter:data1\" content=\"8 minuti\" \/>\n<script type=\"application\/ld+json\" class=\"yoast-schema-graph\">{\"@context\":\"https:\/\/schema.org\",\"@graph\":[{\"@type\":\"WebPage\",\"@id\":\"https:\/\/ag-frisch.com\/it\/forniture-per-animali-domestici-dalla-cina\/\",\"url\":\"https:\/\/ag-frisch.com\/it\/forniture-per-animali-domestici-dalla-cina\/\",\"name\":\"Importazione di forniture per animali domestici dalla Cina in conformit\u00e0 con tutte le direttive dell'UE\",\"isPartOf\":{\"@id\":\"https:\/\/ag-frisch.com\/de\/#website\"},\"datePublished\":\"2022-05-28T13:29:05+00:00\",\"dateModified\":\"2023-01-27T04:29:44+00:00\",\"description\":\"Forniture per animali dalla Cina \u25bb Prodotti per cani \u2713 Prodotti per gatti \u2713 Prodotti per acquari dalla Cina \u2713 \u25bb Fatevi consigliare da un esperto!\",\"breadcrumb\":{\"@id\":\"https:\/\/ag-frisch.com\/it\/forniture-per-animali-domestici-dalla-cina\/#breadcrumb\"},\"inLanguage\":\"it-IT\",\"potentialAction\":[{\"@type\":\"ReadAction\",\"target\":[\"https:\/\/ag-frisch.com\/it\/forniture-per-animali-domestici-dalla-cina\/\"]}]},{\"@type\":\"BreadcrumbList\",\"@id\":\"https:\/\/ag-frisch.com\/it\/forniture-per-animali-domestici-dalla-cina\/#breadcrumb\",\"itemListElement\":[{\"@type\":\"ListItem\",\"position\":1,\"name\":\"Startseite\",\"item\":\"https:\/\/ag-frisch.com\/de\/\"},{\"@type\":\"ListItem\",\"position\":2,\"name\":\"Forniture per animali domestici dalla Cina\"}]},{\"@type\":\"WebSite\",\"@id\":\"https:\/\/ag-frisch.com\/de\/#website\",\"url\":\"https:\/\/ag-frisch.com\/de\/\",\"name\":\"China Import Beratung f\u00fcr den Einkauf aus China\",\"description\":\"China Import &amp; Export Beratung - Der Dienstleister Ihres Vertrauens f\u00fcr Ihren China Import\",\"publisher\":{\"@id\":\"https:\/\/ag-frisch.com\/de\/#organization\"},\"potentialAction\":[{\"@type\":\"SearchAction\",\"target\":{\"@type\":\"EntryPoint\",\"urlTemplate\":\"https:\/\/ag-frisch.com\/de\/?s={search_term_string}\"},\"query-input\":{\"@type\":\"PropertyValueSpecification\",\"valueRequired\":true,\"valueName\":\"search_term_string\"}}],\"inLanguage\":\"it-IT\"},{\"@type\":\"Organization\",\"@id\":\"https:\/\/ag-frisch.com\/de\/#organization\",\"name\":\"Agentur Frisch International Consulting GmbH & Co. KG\",\"url\":\"https:\/\/ag-frisch.com\/de\/\",\"logo\":{\"@type\":\"ImageObject\",\"inLanguage\":\"it-IT\",\"@id\":\"https:\/\/ag-frisch.com\/de\/#\/schema\/logo\/image\/\",\"url\":\"https:\/\/ag-frisch.com\/wp-content\/uploads\/2021\/08\/ag_logo_rgb_300_small.png\",\"contentUrl\":\"https:\/\/ag-frisch.com\/wp-content\/uploads\/2021\/08\/ag_logo_rgb_300_small.png\",\"width\":153,\"height\":102,\"caption\":\"Agentur Frisch International Consulting GmbH & Co. KG\"},\"image\":{\"@id\":\"https:\/\/ag-frisch.com\/de\/#\/schema\/logo\/image\/\"},\"sameAs\":[\"https:\/\/www.facebook.com\/China.Import\",\"https:\/\/x.com\/agenturfrisch\"]}]}<\/script>\n<!-- \/ Yoast SEO plugin. -->","yoast_head_json":{"title":"Importazione di forniture per animali domestici dalla Cina in conformit\u00e0 con tutte le direttive dell'UE","description":"Forniture per animali dalla Cina \u25bb Prodotti per cani \u2713 Prodotti per gatti \u2713 Prodotti per acquari dalla Cina \u2713 \u25bb Fatevi consigliare da un esperto!","robots":{"index":"index","follow":"follow","max-snippet":"max-snippet:-1","max-image-preview":"max-image-preview:large","max-video-preview":"max-video-preview:-1"},"canonical":"https:\/\/ag-frisch.com\/it\/forniture-per-animali-domestici-dalla-cina\/","og_locale":"it_IT","og_type":"article","og_title":"Importazione di forniture per animali domestici dalla Cina in conformit\u00e0 con tutte le direttive dell'UE","og_description":"Forniture per animali dalla Cina \u25bb Prodotti per cani \u2713 Prodotti per gatti \u2713 Prodotti per acquari dalla Cina \u2713 \u25bb Fatevi consigliare da un esperto!","og_url":"https:\/\/ag-frisch.com\/it\/forniture-per-animali-domestici-dalla-cina\/","og_site_name":"China Import Beratung f\u00fcr den Einkauf aus China","article_publisher":"https:\/\/www.facebook.com\/China.Import","article_modified_time":"2023-01-27T04:29:44+00:00","twitter_card":"summary_large_image","twitter_site":"@agenturfrisch","twitter_misc":{"Tempo di lettura stimato":"8 minuti"},"schema":{"@context":"https:\/\/schema.org","@graph":[{"@type":"WebPage","@id":"https:\/\/ag-frisch.com\/it\/forniture-per-animali-domestici-dalla-cina\/","url":"https:\/\/ag-frisch.com\/it\/forniture-per-animali-domestici-dalla-cina\/","name":"Importazione di forniture per animali domestici dalla Cina in conformit\u00e0 con tutte le direttive dell'UE","isPartOf":{"@id":"https:\/\/ag-frisch.com\/de\/#website"},"datePublished":"2022-05-28T13:29:05+00:00","dateModified":"2023-01-27T04:29:44+00:00","description":"Forniture per animali dalla Cina \u25bb Prodotti per cani \u2713 Prodotti per gatti \u2713 Prodotti per acquari dalla Cina \u2713 \u25bb Fatevi consigliare da un esperto!","breadcrumb":{"@id":"https:\/\/ag-frisch.com\/it\/forniture-per-animali-domestici-dalla-cina\/#breadcrumb"},"inLanguage":"it-IT","potentialAction":[{"@type":"ReadAction","target":["https:\/\/ag-frisch.com\/it\/forniture-per-animali-domestici-dalla-cina\/"]}]},{"@type":"BreadcrumbList","@id":"https:\/\/ag-frisch.com\/it\/forniture-per-animali-domestici-dalla-cina\/#breadcrumb","itemListElement":[{"@type":"ListItem","position":1,"name":"Startseite","item":"https:\/\/ag-frisch.com\/de\/"},{"@type":"ListItem","position":2,"name":"Forniture per animali domestici dalla Cina"}]},{"@type":"WebSite","@id":"https:\/\/ag-frisch.com\/de\/#website","url":"https:\/\/ag-frisch.com\/de\/","name":"China Import Beratung f\u00fcr den Einkauf aus China","description":"China Import &amp; Export Beratung - Der Dienstleister Ihres Vertrauens f\u00fcr Ihren China Import","publisher":{"@id":"https:\/\/ag-frisch.com\/de\/#organization"},"potentialAction":[{"@type":"SearchAction","target":{"@type":"EntryPoint","urlTemplate":"https:\/\/ag-frisch.com\/de\/?s={search_term_string}"},"query-input":{"@type":"PropertyValueSpecification","valueRequired":true,"valueName":"search_term_string"}}],"inLanguage":"it-IT"},{"@type":"Organization","@id":"https:\/\/ag-frisch.com\/de\/#organization","name":"Agentur Frisch International Consulting GmbH & Co. KG","url":"https:\/\/ag-frisch.com\/de\/","logo":{"@type":"ImageObject","inLanguage":"it-IT","@id":"https:\/\/ag-frisch.com\/de\/#\/schema\/logo\/image\/","url":"https:\/\/ag-frisch.com\/wp-content\/uploads\/2021\/08\/ag_logo_rgb_300_small.png","contentUrl":"https:\/\/ag-frisch.com\/wp-content\/uploads\/2021\/08\/ag_logo_rgb_300_small.png","width":153,"height":102,"caption":"Agentur Frisch International Consulting GmbH & Co. KG"},"image":{"@id":"https:\/\/ag-frisch.com\/de\/#\/schema\/logo\/image\/"},"sameAs":["https:\/\/www.facebook.com\/China.Import","https:\/\/x.com\/agenturfrisch"]}]}},"_links":{"self":[{"href":"https:\/\/ag-frisch.com\/it\/wp-json\/wp\/v2\/pages\/11401","targetHints":{"allow":["GET"]}}],"collection":[{"href":"https:\/\/ag-frisch.com\/it\/wp-json\/wp\/v2\/pages"}],"about":[{"href":"https:\/\/ag-frisch.com\/it\/wp-json\/wp\/v2\/types\/page"}],"author":[{"embeddable":true,"href":"https:\/\/ag-frisch.com\/it\/wp-json\/wp\/v2\/users\/2"}],"replies":[{"embeddable":true,"href":"https:\/\/ag-frisch.com\/it\/wp-json\/wp\/v2\/comments?post=11401"}],"version-history":[{"count":0,"href":"https:\/\/ag-frisch.com\/it\/wp-json\/wp\/v2\/pages\/11401\/revisions"}],"wp:attachment":[{"href":"https:\/\/ag-frisch.com\/it\/wp-json\/wp\/v2\/media?parent=11401"}],"curies":[{"name":"wp","href":"https:\/\/api.w.org\/{rel}","templated":true}]}}