{"id":11515,"date":"2022-05-28T14:23:45","date_gmt":"2022-05-28T12:23:45","guid":{"rendered":"https:\/\/ag-frisch.com\/tecnologia-di-riscaldamento-e-asciugatura-dalla-cina\/"},"modified":"2023-01-27T05:30:19","modified_gmt":"2023-01-27T04:30:19","slug":"tecnologia-di-riscaldamento-e-asciugatura-dalla-cina","status":"publish","type":"page","link":"https:\/\/ag-frisch.com\/it\/tecnologia-di-riscaldamento-e-asciugatura-dalla-cina\/","title":{"rendered":"Tecnologia di riscaldamento e asciugatura dalla Cina"},"content":{"rendered":"<p>[et_pb_section fb_built=&#8221;1&#8243; _builder_version=&#8221;4.16&#8243; _module_preset=&#8221;default&#8221; global_colors_info=&#8221;{}&#8221;][et_pb_row _builder_version=&#8221;4.18.1&#8243; _module_preset=&#8221;default&#8221; global_colors_info=&#8221;{}&#8221;][et_pb_column type=&#8221;4_4&#8243; _builder_version=&#8221;4.18.1&#8243; _module_preset=&#8221;default&#8221; global_colors_info=&#8221;{}&#8221;][et_pb_cta title=&#8221;Consulenza sulle importazioni dalla Cina&#8221; button_url=&#8221;https:\/\/ag-frisch.com\/it\/contatto\/&#8221; button_text=&#8221;Prenota ora una consulenza&#8221; _builder_version=&#8221;4.16&#8243; _module_preset=&#8221;default&#8221; global_colors_info=&#8221;{}&#8221;]<\/p>\n<p>Con la consulenza dell&#8217;Agenzia di importazione cinese Frisch, riuscirete a fare affari con la Cina come se fossero fatti da professionisti.  <\/p>\n<p>[\/et_pb_cta][\/et_pb_column][\/et_pb_row][et_pb_row _builder_version=&#8221;4.16&#8243; _module_preset=&#8221;default&#8221; global_colors_info=&#8221;{}&#8221;][et_pb_column type=&#8221;4_4&#8243; _builder_version=&#8221;4.16&#8243; _module_preset=&#8221;default&#8221; global_colors_info=&#8221;{}&#8221;][et_pb_text _builder_version=&#8221;4.18.1&#8243; _module_preset=&#8221;default&#8221; hover_enabled=&#8221;0&#8243; global_colors_info=&#8221;{}&#8221; sticky_enabled=&#8221;0&#8243;]<\/p>\n<h1>Tecnologia di riscaldamento e asciugatura dalla Cina: sosteniamo l&#8217;importazione!<\/h1>\n<p><strong>Tutto per il riscaldamento, il raffreddamento e l&#8217;asciugatura dalla Cina<\/strong><\/p>\n<p><strong>I termoventilatori, gli essiccatori per edifici e i condizionatori d&#8217;aria possono essere importati a basso costo.<\/strong><\/p>\n<p>L&#8217;Agentur Frisch \u00e8 il vostro partner forte per le importazioni dalla Cina. Dalle scatole di fiammiferi alle mietitrebbie, importiamo per voi tutti i prodotti dall&#8217;Estremo Oriente, compreso, ovviamente, tutto ci\u00f2 che riguarda il riscaldamento, l&#8217;essiccazione o il raffreddamento. Non solo vi offriamo un contatto diretto con i produttori cinesi e l&#8217;intera lavorazione a prezzi imbattibili, ma vi garantiamo anche affidabilit\u00e0 e qualit\u00e0. Tra le altre cose, potete importare direttamente dal produttore in Cina, tramite noi, quanto segue:<\/p>\n<ul>\n<li>Termoventilatori dalla Cina<\/li>\n<li>Essiccatori industriali<\/li>\n<li>Condizionatori d&#8217;aria dalla Cina<\/li>\n<\/ul>\n<p>&nbsp;<\/p>\n<p><strong>Termoventilatori di importazione &#8211; economici e di alta qualit\u00e0<\/strong><\/p>\n<p>Che si tratti di abitazioni private come supporto per l&#8217;inverno o di esigenze industriali ad alta potenza: i nostri contatti commerciali vi forniscono i termoventilatori dalla Cina di cui avete bisogno per i vostri scopi. In quantit\u00e0 elevate, a condizioni eque e a prezzi assolutamente sensazionali. I nostri successi parlano da soli: chi acquista da noi una volta \u00e8 di solito un cliente abituale anche dopo. Vogliamo convincervi grazie all&#8217;affidabilit\u00e0, alla trasparenza e ai prezzi. Contattateci e scopriremo con una consulenza cosa possiamo fare per voi in termini di termoventilatori dalla Cina!<\/p>\n<p>&nbsp;<\/p>\n<p><strong>Acquistare essiccatori da costruzione dalla Cina &#8211; massima qualit\u00e0 a prezzi bassi<\/strong><\/p>\n<p>Siete un grande appaltatore o un fornitore alla ricerca di un&#8217;alternativa a basso costo alle costose attrezzature provenienti dall&#8217;Europa? Anche in questo caso, l&#8217;Agenzia Frisch pu\u00f2 aiutarvi. Grazie ai nostri contatti commerciali di prim&#8217;ordine in Cina, possiamo offrirvi i migliori prezzi per gli essiccatori edili di alta qualit\u00e0 provenienti dalla Cina tramite importazione diretta. Siamo lieti di fornirvi essiccatori edili ad alte prestazioni che soddisfano gli standard tedeschi di qualit\u00e0 e sicurezza, nonch\u00e9 tutti gli accessori relativi agli essiccatori edili. Inoltre, in qualit\u00e0 di importatore full-service, possiamo occuparci su richiesta di tutti gli altri servizi legati all&#8217;importazione di essiccatori per edifici dalla Cina, in modo che possiate occuparvi tranquillamente della vostra attivit\u00e0 principale.<\/p>\n<p>Naturalmente, possiamo anche fornirvi i &#8220;fratelli minori&#8221; degli essiccatori per edifici, deumidificatori convenzionali per applicazioni pi\u00f9 piccole. Acquistate tramite noi:<\/p>\n<ul>\n<li>Asciugatrice per edifici<\/li>\n<li>Deumidificatore<\/li>\n<li>Misuratori di umidit\u00e0<\/li>\n<li>Purificatore d&#8217;aria<\/li>\n<\/ul>\n<p>&nbsp;<\/p>\n<p>&nbsp;<\/p>\n<p><strong>Acquistare condizionatori d&#8217;aria dalla Cina direttamente dal produttore<\/strong><\/p>\n<p>Anche se in Germania i condizionatori d&#8217;aria non sono ancora cos\u00ec diffusi come nelle latitudini pi\u00f9 calde, sempre meno persone in questo Paese vogliono rinunciare al comfort di una temperatura regolata in modo ottimale. Pertanto, l&#8217;agenzia Frisch vi offre condizionatori d&#8217;aria di alta qualit\u00e0 e a basso costo provenienti dalla Cina direttamente dal produttore. Attraverso i nostri partner commerciali \u00e8 possibile importare dalla Cina, tra le altre, le seguenti varianti di condizionatori d&#8217;aria:<\/p>\n<ul>\n<li>Condizionatore d&#8217;aria monosplit<\/li>\n<li>Condizionatore d&#8217;aria multisplit<\/li>\n<li>Condizionatori d&#8217;aria mobili<\/li>\n<li>Pompe di calore<\/li>\n<li>Sistemi di climatizzazione centralizzati e decentralizzati per edifici<\/li>\n<li>Sistemi di condizionamento per camere bianche e laboratori<\/li>\n<li>Sistemi di refrigerazione per la tecnologia di processo<\/li>\n<\/ul>\n<p>&nbsp;<\/p>\n<p><strong>Articoli sanitari &#8211; WC, piatti doccia e altro dalla Cina  <\/strong><\/p>\n<p>La Cina \u00e8 da sempre nota per la sua porcellana di alta qualit\u00e0, e questo vale non solo per i bei vasi, ma anche per oggetti pi\u00f9 banali come le ciotole per la toilette o i lavabi. Approfittate dei nostri contatti commerciali e della nostra grande esperienza per importare articoli sanitari dalla Cina a prezzi imbattibili. In questo segmento, possiamo organizzare per voi, tra i tanti, ad esempio:<\/p>\n<ul>\n<li>Servizi igienici<\/li>\n<li>Docce<\/li>\n<li>Lavabo<\/li>\n<li>Accessori sanitari<\/li>\n<li>Vasche da bagno<\/li>\n<li>Tutto sulle piscine e le piscine<\/li>\n<\/ul>\n<p>&nbsp;<\/p>\n<p>Gli articoli descritti rappresentano solo una parte di ci\u00f2 che possiamo offrirvi per l&#8217;importazione diretta dalla Cina. La cosa migliore da fare \u00e8 contattarci per analizzare insieme le vostre esigenze e le possibilit\u00e0.<\/p>\n<p>Vi offriamo tutti i servizi relativi all&#8217;importazione di sanitari, condizionatori d&#8217;aria e altro dalla Cina: dalla negoziazione dei prezzi e la stesura del contratto al controllo della produzione, ai test e alle certificazioni, alla logistica dei trasporti e allo stoccaggio interno.<\/p>\n<p><strong>Non vediamo l&#8217;ora di vedervi!  <\/strong><\/p>\n<p>[\/et_pb_text][\/et_pb_column][\/et_pb_row][\/et_pb_section][et_pb_section fb_built=&#8221;1&#8243; admin_label=&#8221;Testimonials&#8221; _builder_version=&#8221;4.16&#8243; use_background_color_gradient=&#8221;on&#8221; background_color_gradient_stops=&#8221;rgba(0,106,156,0.85) 0%|rgba(0,106,156,0.85) 100%&#8221; background_color_gradient_start=&#8221;rgba(0,106,156,0.85)&#8221; background_color_gradient_end=&#8221;rgba(0,106,156,0.85)&#8221; custom_padding=&#8221;90px||60px|&#8221; animation_style=&#8221;fold&#8221; animation_direction=&#8221;bottom&#8221; animation_intensity_fold=&#8221;4%&#8221; global_colors_info=&#8221;{}&#8221;][et_pb_row _builder_version=&#8221;4.16&#8243; background_size=&#8221;initial&#8221; background_position=&#8221;top_left&#8221; background_repeat=&#8221;repeat&#8221; custom_width_px=&#8221;710px&#8221; locked=&#8221;off&#8221; global_colors_info=&#8221;{}&#8221;][et_pb_column type=&#8221;4_4&#8243; _builder_version=&#8221;4.16&#8243; background_position=&#8221;top_left&#8221; custom_padding=&#8221;|||&#8221; global_colors_info=&#8221;{}&#8221; custom_padding__hover=&#8221;|||&#8221;][et_pb_text admin_label=&#8221;Testimonials Section Title&#8221; _builder_version=&#8221;4.16&#8243; header_font=&#8221;Montserrat||||&#8221; header_font_size=&#8221;36px&#8221; background_size=&#8221;initial&#8221; background_position=&#8221;top_left&#8221; background_repeat=&#8221;repeat&#8221; text_orientation=&#8221;center&#8221; background_layout=&#8221;dark&#8221; max_width=&#8221;710px&#8221; module_alignment=&#8221;center&#8221; animation_style=&#8221;fold&#8221; animation_direction=&#8221;bottom&#8221; animation_intensity_fold=&#8221;20%&#8221; global_colors_info=&#8221;{}&#8221;]<\/p>\n<h1>Oltre 5000 clienti soddisfatti.<\/h1>\n<p>&nbsp;<\/p>\n<p>[\/et_pb_text][et_pb_divider color=&#8221;#ffffff&#8221; divider_weight=&#8221;3px&#8221; disabled_on=&#8221;off|off|off&#8221; _builder_version=&#8221;4.16&#8243; background_color_gradient_direction=&#8221;90deg&#8221; max_width=&#8221;100px&#8221; module_alignment=&#8221;center&#8221; height=&#8221;5px&#8221; custom_margin=&#8221;||20px|&#8221; custom_padding=&#8221;||20px|&#8221; animation_style=&#8221;slide&#8221; animation_direction=&#8221;bottom&#8221; saved_tabs=&#8221;all&#8221; locked=&#8221;off&#8221; global_colors_info=&#8221;{}&#8221;][\/et_pb_divider][\/et_pb_column][\/et_pb_row][et_pb_row column_structure=&#8221;1_2,1_2&#8243; _builder_version=&#8221;4.18.1&#8243; _module_preset=&#8221;default&#8221; global_colors_info=&#8221;{}&#8221;][et_pb_column type=&#8221;1_2&#8243; _builder_version=&#8221;4.18.1&#8243; _module_preset=&#8221;default&#8221; global_colors_info=&#8221;{}&#8221;][et_pb_testimonial author=&#8221;Marco&#8221; portrait_url=&#8221;https:\/\/ag-frisch.com\/wp-content\/uploads\/2021\/08\/Harald.png&#8221; quote_icon=&#8221;off&#8221; _builder_version=&#8221;4.18.1&#8243; _module_preset=&#8221;default&#8221; body_font_size=&#8221;16px&#8221; use_background_color=&#8221;off&#8221; background_layout=&#8221;dark&#8221; global_colors_info=&#8221;{}&#8221;]Ho commissionato all&#8217;Agentur Frisch la produzione di un mobile di grandi dimensioni in Cina e il suo trasporto in Germania. Ottimale la comunicazione via mail! Risposte molto rapide e affidabili mi hanno costantemente dato le rassicurazioni che sono essenziali in un&#8217;impresa del genere. Sono stata sempre aiutata nelle complicate pratiche burocratiche e nessun modulo \u00e8 stato dimenticato o compilato in modo errato. Eccellente!<a href=\"&lt;div%20class=%22pe-richsnippets%22&gt;&nbsp;&lt;\/div&gt;%20&lt;script%20type=%22text\/javascript%22%20src=%22https:\/\/www.provenexpert.com\/widget\/richsnippet.js?u=1NUA0VwZ4RUZ5tmAi5zA4RaplNKAlWwZ&amp;v=2%22%20async&gt;&lt;\/script&gt;%20&lt;div%20style=%22text-align:%20justify;%22&gt;&lt;br%20\/&gt;\"><\/a><\/p>\n<div class=\"brow ratingBarMargin\">\n<div class=\"ratingBar\">\n<div class=\"brow\">\n<div class=\"pe-richsnippets\">&nbsp;<\/div>\n<p><script type=\"text\/javascript\" src=\"https:\/\/www.provenexpert.com\/widget\/richsnippet.js?u=1NUA0VwZ4RUZ5tmAi5zA4RaplNKAlWwZ&amp;v=2\" async=\"\"><\/script><\/p>\n<div style=\"text-align: justify;\"><\/p>\n<div class=\"col-lg-9 col-md-8 col-xs-10 mt20 mb20\">\n<div class=\"col-xs-12 surveyNameForRating\"><\/div>\n<\/div>\n<\/div>\n<\/div>\n<\/div>\n<\/div>\n<p>[\/et_pb_testimonial][\/et_pb_column][et_pb_column type=&#8221;1_2&#8243; _builder_version=&#8221;4.18.1&#8243; _module_preset=&#8221;default&#8221; global_colors_info=&#8221;{}&#8221;][et_pb_testimonial author=&#8221;Simone L.&#8221; portrait_url=&#8221;https:\/\/ag-frisch.com\/wp-content\/uploads\/2021\/08\/Harald.png&#8221; quote_icon=&#8221;off&#8221; _builder_version=&#8221;4.18.1&#8243; _module_preset=&#8221;default&#8221; body_font_size=&#8221;16px&#8221; use_background_color=&#8221;off&#8221; background_layout=&#8221;dark&#8221; global_colors_info=&#8221;{}&#8221;]<\/p>\n<p>Tutto perfetto! Non potevo immaginare servizio migliore di questo! Impossibile trovare consulenza e servizio migliori! Ci siamo rivolti pi\u00fa volte all\u00b4agenzia e siamo pi\u00fa che soddisfatti. Continueremo sicuramente a collaborare con loro!<\/p>\n<div class=\"brow ratingBarMargin\">\n<div class=\"ratingBar\">\n<div class=\"brow\">\n<div class=\"pe-richsnippets\"> <\/div>\n<p>\n<script type=\"text\/javascript\" src=\"https:\/\/www.provenexpert.com\/widget\/richsnippet.js?u=1NUA0VwZ4RUZ5tmAi5zA4RaplNKAlWwZ&amp;v=2\" async=\"\"><\/script>\n<\/p>\n<div style=\"text-align: justify;\">\n<p>&nbsp;<\/p>\n<div class=\"col-lg-9 col-md-8 col-xs-10 mt20 mb20\">\n<div class=\"col-xs-12 surveyNameForRating\"><\/div>\n<\/div>\n<\/div>\n<\/div>\n<\/div>\n<\/div>\n<p>[\/et_pb_testimonial][\/et_pb_column][\/et_pb_row][et_pb_row _builder_version=&#8221;4.16&#8243; background_size=&#8221;initial&#8221; background_position=&#8221;top_left&#8221; background_repeat=&#8221;repeat&#8221; custom_padding=&#8221;50px|0px|30px|0px&#8221; custom_css_main_element=&#8221;text-align: center;&#8221; global_colors_info=&#8221;{}&#8221;][et_pb_column type=&#8221;4_4&#8243; _builder_version=&#8221;4.16&#8243; custom_padding=&#8221;|||&#8221; global_colors_info=&#8221;{}&#8221; custom_padding__hover=&#8221;|||&#8221;][et_pb_button button_url=&#8221;https:\/\/www.provenexpert.com\/de-de\/agentur-frisch-international-consulting-gmbh-und-co-kg\/&#8221; button_text=&#8221;ALTRE VALUTAZIONI&#8221; button_alignment=&#8221;left&#8221; admin_label=&#8221;Testimonial Button&#8221; _builder_version=&#8221;4.16&#8243; custom_button=&#8221;on&#8221; button_text_size=&#8221;18px&#8221; button_text_color=&#8221;#ffffff&#8221; button_bg_color=&#8221;#6eba01&#8243; button_border_width=&#8221;2px&#8221; button_border_color=&#8221;#6eba01&#8243; button_border_radius=&#8221;0px&#8221; button_letter_spacing=&#8221;2px&#8221; button_font=&#8221;Montserrat|||on|&#8221; button_use_icon=&#8221;off&#8221; animation_style=&#8221;fold&#8221; animation_direction=&#8221;bottom&#8221; button_text_color_hover=&#8221;#ffffff&#8221; button_border_color_hover=&#8221;#ffffff&#8221; button_border_radius_hover=&#8221;0px&#8221; button_letter_spacing_hover=&#8221;2px&#8221; button_bg_color_hover=&#8221;rgba(255,255,255,0)&#8221; locked=&#8221;off&#8221; global_colors_info=&#8221;{}&#8221; button_text_size__hover_enabled=&#8221;off&#8221; button_one_text_size__hover_enabled=&#8221;off&#8221; button_two_text_size__hover_enabled=&#8221;off&#8221; button_text_color__hover_enabled=&#8221;on&#8221; button_text_color__hover=&#8221;#ffffff&#8221; button_one_text_color__hover_enabled=&#8221;off&#8221; button_two_text_color__hover_enabled=&#8221;off&#8221; button_border_width__hover_enabled=&#8221;off&#8221; button_one_border_width__hover_enabled=&#8221;off&#8221; button_two_border_width__hover_enabled=&#8221;off&#8221; button_border_color__hover_enabled=&#8221;on&#8221; button_border_color__hover=&#8221;#ffffff&#8221; button_one_border_color__hover_enabled=&#8221;off&#8221; button_two_border_color__hover_enabled=&#8221;off&#8221; button_border_radius__hover_enabled=&#8221;on&#8221; button_border_radius__hover=&#8221;0px&#8221; button_one_border_radius__hover_enabled=&#8221;off&#8221; button_two_border_radius__hover_enabled=&#8221;off&#8221; button_letter_spacing__hover_enabled=&#8221;on&#8221; button_letter_spacing__hover=&#8221;2px&#8221; button_one_letter_spacing__hover_enabled=&#8221;off&#8221; button_two_letter_spacing__hover_enabled=&#8221;off&#8221; button_bg_color__hover_enabled=&#8221;on&#8221; button_bg_color__hover=&#8221;rgba(255,255,255,0)&#8221; button_one_bg_color__hover_enabled=&#8221;off&#8221; button_two_bg_color__hover_enabled=&#8221;off&#8221;][\/et_pb_button][\/et_pb_column][\/et_pb_row][\/et_pb_section]<\/p>\n","protected":false},"excerpt":{"rendered":"<p>Con la consulenza dell&#8217;Agenzia di importazione cinese Frisch, riuscirete a fare affari con la Cina come se fossero fatti da professionisti. Tecnologia di riscaldamento e asciugatura dalla Cina: sosteniamo l&#8217;importazione! Tutto per il riscaldamento, il raffreddamento e l&#8217;asciugatura dalla Cina I termoventilatori, gli essiccatori per edifici e i condizionatori d&#8217;aria possono essere importati a basso [&hellip;]<\/p>\n","protected":false},"author":2,"featured_media":0,"parent":0,"menu_order":0,"comment_status":"closed","ping_status":"closed","template":"","meta":{"_et_pb_use_builder":"on","_et_pb_old_content":"","_et_gb_content_width":"","footnotes":""},"class_list":["post-11515","page","type-page","status-publish","hentry"],"yoast_head":"<!-- This site is optimized with the Yoast SEO plugin v27.4 - https:\/\/yoast.com\/product\/yoast-seo-wordpress\/ -->\n<title>Importazione di tecnologia di riscaldamento, termoventilatori, tecnologia di essiccazione dalla Cina<\/title>\n<meta name=\"description\" content=\"Importazione di tecnologie per il riscaldamento e l&#039;essiccazione dalla Cina \u2714 Condizionatori d&#039;aria \u2714 Termoventilatori \u2714 Essiccatori per edifici \u25ba Vi aiutiamo con l&#039;importazione \u25ba Richiedete subito una consulenza!\" \/>\n<meta name=\"robots\" content=\"index, follow, max-snippet:-1, max-image-preview:large, max-video-preview:-1\" \/>\n<link rel=\"canonical\" href=\"https:\/\/ag-frisch.com\/it\/tecnologia-di-riscaldamento-e-asciugatura-dalla-cina\/\" \/>\n<meta property=\"og:locale\" content=\"it_IT\" \/>\n<meta property=\"og:type\" content=\"article\" \/>\n<meta property=\"og:title\" content=\"Importazione di tecnologia di riscaldamento, termoventilatori, tecnologia di essiccazione dalla Cina\" \/>\n<meta property=\"og:description\" content=\"Importazione di tecnologie per il riscaldamento e l&#039;essiccazione dalla Cina \u2714 Condizionatori d&#039;aria \u2714 Termoventilatori \u2714 Essiccatori per edifici \u25ba Vi aiutiamo con l&#039;importazione \u25ba Richiedete subito una consulenza!\" \/>\n<meta property=\"og:url\" content=\"https:\/\/ag-frisch.com\/it\/tecnologia-di-riscaldamento-e-asciugatura-dalla-cina\/\" \/>\n<meta property=\"og:site_name\" content=\"China Import Beratung f\u00fcr den Einkauf aus China\" \/>\n<meta property=\"article:publisher\" content=\"https:\/\/www.facebook.com\/China.Import\" \/>\n<meta property=\"article:modified_time\" content=\"2023-01-27T04:30:19+00:00\" \/>\n<meta name=\"twitter:card\" content=\"summary_large_image\" \/>\n<meta name=\"twitter:site\" content=\"@agenturfrisch\" \/>\n<meta name=\"twitter:label1\" content=\"Tempo di lettura stimato\" \/>\n\t<meta name=\"twitter:data1\" content=\"8 minuti\" \/>\n<script type=\"application\/ld+json\" class=\"yoast-schema-graph\">{\"@context\":\"https:\\\/\\\/schema.org\",\"@graph\":[{\"@type\":\"WebPage\",\"@id\":\"https:\\\/\\\/ag-frisch.com\\\/it\\\/tecnologia-di-riscaldamento-e-asciugatura-dalla-cina\\\/\",\"url\":\"https:\\\/\\\/ag-frisch.com\\\/it\\\/tecnologia-di-riscaldamento-e-asciugatura-dalla-cina\\\/\",\"name\":\"Importazione di tecnologia di riscaldamento, termoventilatori, tecnologia di essiccazione dalla Cina\",\"isPartOf\":{\"@id\":\"https:\\\/\\\/ag-frisch.com\\\/de\\\/#website\"},\"datePublished\":\"2022-05-28T12:23:45+00:00\",\"dateModified\":\"2023-01-27T04:30:19+00:00\",\"description\":\"Importazione di tecnologie per il riscaldamento e l'essiccazione dalla Cina \u2714 Condizionatori d'aria \u2714 Termoventilatori \u2714 Essiccatori per edifici \u25ba Vi aiutiamo con l'importazione \u25ba Richiedete subito una consulenza!\",\"breadcrumb\":{\"@id\":\"https:\\\/\\\/ag-frisch.com\\\/it\\\/tecnologia-di-riscaldamento-e-asciugatura-dalla-cina\\\/#breadcrumb\"},\"inLanguage\":\"it-IT\",\"potentialAction\":[{\"@type\":\"ReadAction\",\"target\":[\"https:\\\/\\\/ag-frisch.com\\\/it\\\/tecnologia-di-riscaldamento-e-asciugatura-dalla-cina\\\/\"]}]},{\"@type\":\"BreadcrumbList\",\"@id\":\"https:\\\/\\\/ag-frisch.com\\\/it\\\/tecnologia-di-riscaldamento-e-asciugatura-dalla-cina\\\/#breadcrumb\",\"itemListElement\":[{\"@type\":\"ListItem\",\"position\":1,\"name\":\"Startseite\",\"item\":\"https:\\\/\\\/ag-frisch.com\\\/de\\\/\"},{\"@type\":\"ListItem\",\"position\":2,\"name\":\"Tecnologia di riscaldamento e asciugatura dalla Cina\"}]},{\"@type\":\"WebSite\",\"@id\":\"https:\\\/\\\/ag-frisch.com\\\/de\\\/#website\",\"url\":\"https:\\\/\\\/ag-frisch.com\\\/de\\\/\",\"name\":\"China Import Beratung f\u00fcr den Einkauf aus China\",\"description\":\"China Import &amp; Export Beratung - Der Dienstleister Ihres Vertrauens f\u00fcr Ihren China Import\",\"publisher\":{\"@id\":\"https:\\\/\\\/ag-frisch.com\\\/de\\\/#organization\"},\"potentialAction\":[{\"@type\":\"SearchAction\",\"target\":{\"@type\":\"EntryPoint\",\"urlTemplate\":\"https:\\\/\\\/ag-frisch.com\\\/de\\\/?s={search_term_string}\"},\"query-input\":{\"@type\":\"PropertyValueSpecification\",\"valueRequired\":true,\"valueName\":\"search_term_string\"}}],\"inLanguage\":\"it-IT\"},{\"@type\":\"Organization\",\"@id\":\"https:\\\/\\\/ag-frisch.com\\\/de\\\/#organization\",\"name\":\"Agentur Frisch International Consulting GmbH & Co. KG\",\"url\":\"https:\\\/\\\/ag-frisch.com\\\/de\\\/\",\"logo\":{\"@type\":\"ImageObject\",\"inLanguage\":\"it-IT\",\"@id\":\"https:\\\/\\\/ag-frisch.com\\\/de\\\/#\\\/schema\\\/logo\\\/image\\\/\",\"url\":\"https:\\\/\\\/ag-frisch.com\\\/wp-content\\\/uploads\\\/2021\\\/08\\\/ag_logo_rgb_300_small.png\",\"contentUrl\":\"https:\\\/\\\/ag-frisch.com\\\/wp-content\\\/uploads\\\/2021\\\/08\\\/ag_logo_rgb_300_small.png\",\"width\":153,\"height\":102,\"caption\":\"Agentur Frisch International Consulting GmbH & Co. KG\"},\"image\":{\"@id\":\"https:\\\/\\\/ag-frisch.com\\\/de\\\/#\\\/schema\\\/logo\\\/image\\\/\"},\"sameAs\":[\"https:\\\/\\\/www.facebook.com\\\/China.Import\",\"https:\\\/\\\/x.com\\\/agenturfrisch\"]}]}<\/script>\n<!-- \/ Yoast SEO plugin. -->","yoast_head_json":{"title":"Importazione di tecnologia di riscaldamento, termoventilatori, tecnologia di essiccazione dalla Cina","description":"Importazione di tecnologie per il riscaldamento e l'essiccazione dalla Cina \u2714 Condizionatori d'aria \u2714 Termoventilatori \u2714 Essiccatori per edifici \u25ba Vi aiutiamo con l'importazione \u25ba Richiedete subito una consulenza!","robots":{"index":"index","follow":"follow","max-snippet":"max-snippet:-1","max-image-preview":"max-image-preview:large","max-video-preview":"max-video-preview:-1"},"canonical":"https:\/\/ag-frisch.com\/it\/tecnologia-di-riscaldamento-e-asciugatura-dalla-cina\/","og_locale":"it_IT","og_type":"article","og_title":"Importazione di tecnologia di riscaldamento, termoventilatori, tecnologia di essiccazione dalla Cina","og_description":"Importazione di tecnologie per il riscaldamento e l'essiccazione dalla Cina \u2714 Condizionatori d'aria \u2714 Termoventilatori \u2714 Essiccatori per edifici \u25ba Vi aiutiamo con l'importazione \u25ba Richiedete subito una consulenza!","og_url":"https:\/\/ag-frisch.com\/it\/tecnologia-di-riscaldamento-e-asciugatura-dalla-cina\/","og_site_name":"China Import Beratung f\u00fcr den Einkauf aus China","article_publisher":"https:\/\/www.facebook.com\/China.Import","article_modified_time":"2023-01-27T04:30:19+00:00","twitter_card":"summary_large_image","twitter_site":"@agenturfrisch","twitter_misc":{"Tempo di lettura stimato":"8 minuti"},"schema":{"@context":"https:\/\/schema.org","@graph":[{"@type":"WebPage","@id":"https:\/\/ag-frisch.com\/it\/tecnologia-di-riscaldamento-e-asciugatura-dalla-cina\/","url":"https:\/\/ag-frisch.com\/it\/tecnologia-di-riscaldamento-e-asciugatura-dalla-cina\/","name":"Importazione di tecnologia di riscaldamento, termoventilatori, tecnologia di essiccazione dalla Cina","isPartOf":{"@id":"https:\/\/ag-frisch.com\/de\/#website"},"datePublished":"2022-05-28T12:23:45+00:00","dateModified":"2023-01-27T04:30:19+00:00","description":"Importazione di tecnologie per il riscaldamento e l'essiccazione dalla Cina \u2714 Condizionatori d'aria \u2714 Termoventilatori \u2714 Essiccatori per edifici \u25ba Vi aiutiamo con l'importazione \u25ba Richiedete subito una consulenza!","breadcrumb":{"@id":"https:\/\/ag-frisch.com\/it\/tecnologia-di-riscaldamento-e-asciugatura-dalla-cina\/#breadcrumb"},"inLanguage":"it-IT","potentialAction":[{"@type":"ReadAction","target":["https:\/\/ag-frisch.com\/it\/tecnologia-di-riscaldamento-e-asciugatura-dalla-cina\/"]}]},{"@type":"BreadcrumbList","@id":"https:\/\/ag-frisch.com\/it\/tecnologia-di-riscaldamento-e-asciugatura-dalla-cina\/#breadcrumb","itemListElement":[{"@type":"ListItem","position":1,"name":"Startseite","item":"https:\/\/ag-frisch.com\/de\/"},{"@type":"ListItem","position":2,"name":"Tecnologia di riscaldamento e asciugatura dalla Cina"}]},{"@type":"WebSite","@id":"https:\/\/ag-frisch.com\/de\/#website","url":"https:\/\/ag-frisch.com\/de\/","name":"China Import Beratung f\u00fcr den Einkauf aus China","description":"China Import &amp; Export Beratung - Der Dienstleister Ihres Vertrauens f\u00fcr Ihren China Import","publisher":{"@id":"https:\/\/ag-frisch.com\/de\/#organization"},"potentialAction":[{"@type":"SearchAction","target":{"@type":"EntryPoint","urlTemplate":"https:\/\/ag-frisch.com\/de\/?s={search_term_string}"},"query-input":{"@type":"PropertyValueSpecification","valueRequired":true,"valueName":"search_term_string"}}],"inLanguage":"it-IT"},{"@type":"Organization","@id":"https:\/\/ag-frisch.com\/de\/#organization","name":"Agentur Frisch International Consulting GmbH & Co. KG","url":"https:\/\/ag-frisch.com\/de\/","logo":{"@type":"ImageObject","inLanguage":"it-IT","@id":"https:\/\/ag-frisch.com\/de\/#\/schema\/logo\/image\/","url":"https:\/\/ag-frisch.com\/wp-content\/uploads\/2021\/08\/ag_logo_rgb_300_small.png","contentUrl":"https:\/\/ag-frisch.com\/wp-content\/uploads\/2021\/08\/ag_logo_rgb_300_small.png","width":153,"height":102,"caption":"Agentur Frisch International Consulting GmbH & Co. KG"},"image":{"@id":"https:\/\/ag-frisch.com\/de\/#\/schema\/logo\/image\/"},"sameAs":["https:\/\/www.facebook.com\/China.Import","https:\/\/x.com\/agenturfrisch"]}]}},"_links":{"self":[{"href":"https:\/\/ag-frisch.com\/it\/wp-json\/wp\/v2\/pages\/11515","targetHints":{"allow":["GET"]}}],"collection":[{"href":"https:\/\/ag-frisch.com\/it\/wp-json\/wp\/v2\/pages"}],"about":[{"href":"https:\/\/ag-frisch.com\/it\/wp-json\/wp\/v2\/types\/page"}],"author":[{"embeddable":true,"href":"https:\/\/ag-frisch.com\/it\/wp-json\/wp\/v2\/users\/2"}],"replies":[{"embeddable":true,"href":"https:\/\/ag-frisch.com\/it\/wp-json\/wp\/v2\/comments?post=11515"}],"version-history":[{"count":0,"href":"https:\/\/ag-frisch.com\/it\/wp-json\/wp\/v2\/pages\/11515\/revisions"}],"wp:attachment":[{"href":"https:\/\/ag-frisch.com\/it\/wp-json\/wp\/v2\/media?parent=11515"}],"curies":[{"name":"wp","href":"https:\/\/api.w.org\/{rel}","templated":true}]}}