{"id":11695,"date":"2022-08-02T21:35:54","date_gmt":"2022-08-02T19:35:54","guid":{"rendered":"https:\/\/ag-frisch.com\/direttiva-sui-dispositivi-medici\/"},"modified":"2023-01-27T05:31:55","modified_gmt":"2023-01-27T04:31:55","slug":"direttiva-sui-dispositivi-medici","status":"publish","type":"page","link":"https:\/\/ag-frisch.com\/it\/direttiva-sui-dispositivi-medici\/","title":{"rendered":"Direttiva sui dispositivi medici"},"content":{"rendered":"<p>[et_pb_section fb_built=&#8221;1&#8243; _builder_version=&#8221;4.16&#8243; _module_preset=&#8221;default&#8221; global_colors_info=&#8221;{}&#8221;][et_pb_row _builder_version=&#8221;4.18.1&#8243; _module_preset=&#8221;default&#8221;][et_pb_column _builder_version=&#8221;4.18.1&#8243; _module_preset=&#8221;default&#8221; type=&#8221;4_4&#8243;][et_pb_cta title=&#8221;Consultazione delle linee guida sui dispositivi medici&#8221; button_url=&#8221;https:\/\/ag-frisch.com\/it\/contatto\/&#8221; button_text=&#8221;Prenota ora una consulenza&#8221; _builder_version=&#8221;4.16&#8243; _module_preset=&#8221;default&#8221; global_colors_info=&#8221;{}&#8221; theme_builder_area=&#8221;post_content&#8221;]<\/p>\n<p>Con la consulenza dell&#8217;Agenzia di importazione cinese Frisch, non commetterete alcun errore nell&#8217;importazione di prodotti medicali.<\/p>\n<p>[\/et_pb_cta][\/et_pb_column][\/et_pb_row][et_pb_row _builder_version=&#8221;4.16&#8243; _module_preset=&#8221;default&#8221; global_colors_info=&#8221;{}&#8221;][et_pb_column type=&#8221;4_4&#8243; _builder_version=&#8221;4.16&#8243; _module_preset=&#8221;default&#8221; global_colors_info=&#8221;{}&#8221;][et_pb_text admin_label=&#8221;H1&#8243; _builder_version=&#8221;4.18.1&#8243; _module_preset=&#8221;default&#8221; global_colors_info=&#8221;{}&#8221;]<\/p>\n<h1>Direttiva sui dispositivi medici e registrazione DIMDI in Cina<\/h1>\n<p>[\/et_pb_text][et_pb_text _builder_version=&#8221;4.16&#8243; _module_preset=&#8221;default&#8221; global_colors_info=&#8221;{}&#8221;]<\/p>\n<p><strong>Direttiva sui dispositivi medici<\/strong><\/p>\n<p><strong>Conformit\u00e0 alla direttiva sui dispositivi medici per i prodotti provenienti dalla Cina<\/strong><\/p>\n<p>Tutti i dispositivi medici immessi sul mercato tedesco sono soggetti alla Direttiva sui dispositivi medici, il cui nome attuale, un po&#8217; ingombrante, \u00e8 &#8220;Direttiva 93\/42\/CEE sui dispositivi medici&#8221;. Stabilisce i requisiti per la sicurezza e la commerciabilit\u00e0 dei dispositivi medici.<\/p>\n<p><strong>Non \u00e8 possibile importare dispositivi medici in Germania senza rispettare le condizioni della Direttiva sui dispositivi medici.<\/strong><\/p>\n<p>Non tutti i dispositivi medici provenienti dalla Cina sono coperti dalla direttiva. Secondo la definizione, si tratta di prodotti che hanno i seguenti scopi:<\/p>\n<ul>\n<li>Individuazione, prevenzione, monitoraggio, trattamento o alleviamento di malattie<\/li>\n<li>Individuazione, monitoraggio, trattamento, alleviamento o compensazione di lesioni o disabilit\u00e0<\/li>\n<li>Esame, sostituzione o alterazione della struttura anatomica o di un processo fisiologico<\/li>\n<li>Contraccezione<\/li>\n<\/ul>\n<p>Esistono alcune eccezioni, per i dispositivi medici provenienti dalla Cina o da altri Paesi. I seguenti articoli non rientrano nell&#8217;ambito di applicazione della Direttiva Medici:<\/p>\n<ul>\n<li>i dispositivi medici impiantabili attivi (ad esempio i pacemaker) sono soggetti alla direttiva 90\/385\/CEE<\/li>\n<li>I dispositivi medico-diagnostici in vitro sono soggetti alla direttiva 98\/79\/CE.<\/li>\n<li>Unit\u00e0 solide non riutilizzabili con un medicinale (kit di medicinali)<\/li>\n<li>Altre eccezioni nazionali<\/li>\n<\/ul>\n<p>L&#8217;Agenzia Frisch pu\u00f2 fornirvi una consulenza esperta su questo argomento. Possiamo dirvi se il prodotto che avete importato dalla Cina per il mercato tedesco rientra nell&#8217;ambito di applicazione della direttiva sui medicinali o di un&#8217;altra direttiva nazionale.<\/p>\n<p>&nbsp;<\/p>\n<p><strong>Produzione di dispositivi medici dalla Cina<\/strong><\/p>\n<p>Se il vostro prodotto importato \u00e8 coperto dalla Direttiva Medici, dovete rispettare le disposizioni speciali. A seconda della classe di rischio, le misure da adottare possono essere diverse. In base alla direttiva sui dispositivi medici, i dispositivi medici prodotti in Cina sono suddivisi in quattro classi:<\/p>\n<ul>\n<li><strong>Classe I, rischio basso<\/strong><\/li>\n<li>B. Occhiali da lettura, sedie a rotelle, termometri clinici<\/li>\n<\/ul>\n<p>&nbsp;<\/p>\n<ul>\n<li><strong>Classe IIa, rischio medio<\/strong><\/li>\n<li>B. Otturazioni dentali, apparecchi acustici, apparecchiature a ultrasuoni<\/li>\n<\/ul>\n<p>&nbsp;<\/p>\n<ul>\n<li><strong>Classe IIb, rischio elevato<\/strong><\/li>\n<li>B. Preservativi, pompe per infusione, lenti a contatto<\/li>\n<\/ul>\n<p>&nbsp;<\/p>\n<ul>\n<li><strong>Classe III, rischio elevato<\/strong><\/li>\n<li>B. Cateteri cardiaci, protesi dell&#8217;anca, protesi mammarie<\/li>\n<\/ul>\n<p>Per i dispositivi medici di classe I, la documentazione tecnica pertinente \u00e8 sufficiente per l&#8217;approvazione. I prodotti dalla classe II in poi devono essere verificati da un organismo notificato. Vi aiutiamo a conformarvi alla Direttiva sui dispositivi medici per i prodotti provenienti dalla Cina, preparando la documentazione gi\u00e0 nel corso della produzione dei dispositivi medici in Cina, o svolgendo tutte le fasi necessarie per la preparazione della verifica indipendente dei vostri dispositivi medici provenienti dalla Cina.<\/p>\n<p>&nbsp;<\/p>\n<p><strong>Registrazione DIMDI e conformit\u00e0 generale alla Direttiva Medica per i prodotti provenienti dalla Cina<\/strong><\/p>\n<p>Alcune fasi della conformit\u00e0 dei prodotti provenienti dalla Cina alla Direttiva sui dispositivi medici richiedono l&#8217;intervento di una &#8220;persona qualificata&#8221;. I requisiti sono chiaramente definiti dalla direttiva. L&#8217;Agentur Frisch sar\u00e0 lieto di trovare una persona qualificata e responsabile che si occupi anche della registrazione DIMDI.<\/p>\n<p>&nbsp;<\/p>\n<p><strong>Importare in modo responsabile &#8211; dispositivi medici dalla Cina<\/strong><\/p>\n<p>Raccomandiamo di non prendere alla leggera la questione della conformit\u00e0 alla direttiva sui dispositivi medici quando si tratta di prodotti provenienti dalla Cina. Gi\u00e0 durante la produzione dei dispositivi medici in Cina, \u00e8 necessario garantire gli standard pi\u00f9 elevati e soddisfare tutte le condizioni relative alla direttiva sui dispositivi medici.<\/p>\n<p>In qualit\u00e0 di fornitore esperto di servizi di importazione dalla Cina, vi offriamo tutti i servizi di cui avete bisogno in relazione alla conformit\u00e0 con la direttiva sui dispositivi medici 93\/42\/CEE. Lavoriamo esclusivamente con produttori cinesi affidabili ed eseguiamo ispezioni e documentazioni con la massima scrupolosit\u00e0.<\/p>\n<p>&nbsp;<\/p>\n<p><strong>Importare prodotti medici dalla Cina \u00e8 una questione di fiducia. Affidatevi a noi come importatore cinese esperto e affidabile.<\/strong><\/p>\n<p>[\/et_pb_text][\/et_pb_column][\/et_pb_row][\/et_pb_section][et_pb_section fb_built=&#8221;1&#8243; admin_label=&#8221;Testimonials&#8221; _builder_version=&#8221;4.16&#8243; use_background_color_gradient=&#8221;on&#8221; background_color_gradient_stops=&#8221;rgba(0,106,156,0.85) 0%|rgba(0,106,156,0.85) 100%&#8221; background_color_gradient_start=&#8221;rgba(0,106,156,0.85)&#8221; background_color_gradient_end=&#8221;rgba(0,106,156,0.85)&#8221; custom_padding=&#8221;90px||60px|&#8221; animation_style=&#8221;fold&#8221; animation_direction=&#8221;bottom&#8221; animation_intensity_fold=&#8221;4%&#8221; global_colors_info=&#8221;{}&#8221; theme_builder_area=&#8221;post_content&#8221;][et_pb_row _builder_version=&#8221;4.16&#8243; background_size=&#8221;initial&#8221; background_position=&#8221;top_left&#8221; background_repeat=&#8221;repeat&#8221; custom_width_px=&#8221;710px&#8221; locked=&#8221;off&#8221; global_colors_info=&#8221;{}&#8221; theme_builder_area=&#8221;post_content&#8221;][et_pb_column type=&#8221;4_4&#8243; _builder_version=&#8221;4.16&#8243; background_position=&#8221;top_left&#8221; custom_padding=&#8221;|||&#8221; global_colors_info=&#8221;{}&#8221; custom_padding__hover=&#8221;|||&#8221; theme_builder_area=&#8221;post_content&#8221;][et_pb_text admin_label=&#8221;Testimonials Section Title&#8221; _builder_version=&#8221;4.16&#8243; header_font=&#8221;Montserrat||||&#8221; header_font_size=&#8221;36px&#8221; background_size=&#8221;initial&#8221; background_position=&#8221;top_left&#8221; background_repeat=&#8221;repeat&#8221; text_orientation=&#8221;center&#8221; background_layout=&#8221;dark&#8221; max_width=&#8221;710px&#8221; module_alignment=&#8221;center&#8221; animation_style=&#8221;fold&#8221; animation_direction=&#8221;bottom&#8221; animation_intensity_fold=&#8221;20%&#8221; global_colors_info=&#8221;{}&#8221; theme_builder_area=&#8221;post_content&#8221;]<\/p>\n<h1>Oltre 5000 clienti soddisfatti.<\/h1>\n<p>&nbsp;<\/p>\n<p>[\/et_pb_text][et_pb_divider color=&#8221;#ffffff&#8221; divider_weight=&#8221;3px&#8221; disabled_on=&#8221;off|off|off&#8221; _builder_version=&#8221;4.16&#8243; background_color_gradient_direction=&#8221;90deg&#8221; max_width=&#8221;100px&#8221; module_alignment=&#8221;center&#8221; height=&#8221;5px&#8221; custom_margin=&#8221;||20px|&#8221; custom_padding=&#8221;||20px|&#8221; animation_style=&#8221;slide&#8221; animation_direction=&#8221;bottom&#8221; saved_tabs=&#8221;all&#8221; locked=&#8221;off&#8221; global_colors_info=&#8221;{}&#8221; theme_builder_area=&#8221;post_content&#8221;][\/et_pb_divider][\/et_pb_column][\/et_pb_row][et_pb_row column_structure=&#8221;1_2,1_2&#8243; _builder_version=&#8221;4.18.1&#8243; _module_preset=&#8221;default&#8221; global_colors_info=&#8221;{}&#8221; theme_builder_area=&#8221;post_content&#8221;][et_pb_column type=&#8221;1_2&#8243; _builder_version=&#8221;4.18.1&#8243; _module_preset=&#8221;default&#8221; global_colors_info=&#8221;{}&#8221; theme_builder_area=&#8221;post_content&#8221;][et_pb_testimonial author=&#8221;Marco&#8221; portrait_url=&#8221;https:\/\/ag-frisch.com\/wp-content\/uploads\/2021\/08\/Harald.png&#8221; quote_icon=&#8221;off&#8221; _builder_version=&#8221;4.18.1&#8243; _module_preset=&#8221;default&#8221; body_font_size=&#8221;16px&#8221; use_background_color=&#8221;off&#8221; background_layout=&#8221;dark&#8221; global_colors_info=&#8221;{}&#8221; theme_builder_area=&#8221;post_content&#8221;]Ho commissionato all&#8217;Agentur Frisch la produzione di un mobile di grandi dimensioni in Cina e il suo trasporto in Germania. Ottimale la comunicazione via mail! Risposte molto rapide e affidabili mi hanno costantemente dato le rassicurazioni che sono essenziali in un&#8217;impresa del genere. Sono stata sempre aiutata nelle complicate pratiche burocratiche e nessun modulo \u00e8 stato dimenticato o compilato in modo errato. Eccellente!<a href=\"&lt;div%20class=%22pe-richsnippets%22&gt;&nbsp;&lt;\/div&gt;%20&lt;script%20type=%22text\/javascript%22%20src=%22https:\/\/www.provenexpert.com\/widget\/richsnippet.js?u=1NUA0VwZ4RUZ5tmAi5zA4RaplNKAlWwZ&amp;v=2%22%20async&gt;&lt;\/script&gt;%20&lt;div%20style=%22text-align:%20justify;%22&gt;&lt;br%20\/&gt;\"><\/a><\/p>\n<div class=\"brow ratingBarMargin\">\n<div class=\"ratingBar\">\n<div class=\"brow\">\n<div class=\"pe-richsnippets\">&nbsp;<\/div>\n<p><script type=\"text\/javascript\" src=\"https:\/\/www.provenexpert.com\/widget\/richsnippet.js?u=1NUA0VwZ4RUZ5tmAi5zA4RaplNKAlWwZ&amp;v=2\" async=\"\"><\/script><\/p>\n<div style=\"text-align: justify;\"><\/p>\n<div class=\"col-lg-9 col-md-8 col-xs-10 mt20 mb20\">\n<div class=\"col-xs-12 surveyNameForRating\"><\/div>\n<\/div>\n<\/div>\n<\/div>\n<\/div>\n<\/div>\n<p>[\/et_pb_testimonial][\/et_pb_column][et_pb_column type=&#8221;1_2&#8243; _builder_version=&#8221;4.18.1&#8243; _module_preset=&#8221;default&#8221; global_colors_info=&#8221;{}&#8221; theme_builder_area=&#8221;post_content&#8221;][et_pb_testimonial author=&#8221;Simone L.&#8221; portrait_url=&#8221;https:\/\/ag-frisch.com\/wp-content\/uploads\/2021\/08\/Harald.png&#8221; quote_icon=&#8221;off&#8221; _builder_version=&#8221;4.18.1&#8243; _module_preset=&#8221;default&#8221; body_font_size=&#8221;16px&#8221; use_background_color=&#8221;off&#8221; background_layout=&#8221;dark&#8221; global_colors_info=&#8221;{}&#8221; theme_builder_area=&#8221;post_content&#8221;]<\/p>\n<p>Tutto perfetto! Non potevo immaginare servizio migliore di questo! Impossibile trovare consulenza e servizio migliori! Ci siamo rivolti pi\u00fa volte all\u00b4agenzia e siamo pi\u00fa che soddisfatti. Continueremo sicuramente a collaborare con loro!<\/p>\n<div class=\"brow ratingBarMargin\">\n<div class=\"ratingBar\">\n<div class=\"brow\">\n<div class=\"pe-richsnippets\"> <\/div>\n<p>\n<script type=\"text\/javascript\" src=\"https:\/\/www.provenexpert.com\/widget\/richsnippet.js?u=1NUA0VwZ4RUZ5tmAi5zA4RaplNKAlWwZ&amp;v=2\" async=\"\"><\/script>\n<\/p>\n<div style=\"text-align: justify;\">\n<p>&nbsp;<\/p>\n<div class=\"col-lg-9 col-md-8 col-xs-10 mt20 mb20\">\n<div class=\"col-xs-12 surveyNameForRating\"><\/div>\n<\/div>\n<\/div>\n<\/div>\n<\/div>\n<\/div>\n<p>[\/et_pb_testimonial][\/et_pb_column][\/et_pb_row][et_pb_row _builder_version=&#8221;4.16&#8243; background_size=&#8221;initial&#8221; background_position=&#8221;top_left&#8221; background_repeat=&#8221;repeat&#8221; custom_padding=&#8221;50px|0px|30px|0px&#8221; custom_css_main_element=&#8221;text-align: center;&#8221; global_colors_info=&#8221;{}&#8221; theme_builder_area=&#8221;post_content&#8221;][et_pb_column type=&#8221;4_4&#8243; _builder_version=&#8221;4.16&#8243; custom_padding=&#8221;|||&#8221; global_colors_info=&#8221;{}&#8221; custom_padding__hover=&#8221;|||&#8221; theme_builder_area=&#8221;post_content&#8221;][et_pb_button button_url=&#8221;https:\/\/www.provenexpert.com\/de-de\/agentur-frisch-international-consulting-gmbh-und-co-kg\/&#8221; button_text=&#8221;ALTRE VALUTAZIONI&#8221; button_alignment=&#8221;left&#8221; admin_label=&#8221;Testimonial Button&#8221; _builder_version=&#8221;4.16&#8243; custom_button=&#8221;on&#8221; button_text_size=&#8221;18px&#8221; button_text_color=&#8221;#ffffff&#8221; button_bg_color=&#8221;#6eba01&#8243; button_border_width=&#8221;2px&#8221; button_border_color=&#8221;#6eba01&#8243; button_border_radius=&#8221;0px&#8221; button_letter_spacing=&#8221;2px&#8221; button_font=&#8221;Montserrat|||on|&#8221; button_use_icon=&#8221;off&#8221; animation_style=&#8221;fold&#8221; animation_direction=&#8221;bottom&#8221; button_text_color_hover=&#8221;#ffffff&#8221; button_border_color_hover=&#8221;#ffffff&#8221; button_border_radius_hover=&#8221;0px&#8221; button_letter_spacing_hover=&#8221;2px&#8221; button_bg_color_hover=&#8221;rgba(255,255,255,0)&#8221; locked=&#8221;off&#8221; global_colors_info=&#8221;{}&#8221; button_text_size__hover_enabled=&#8221;off&#8221; button_one_text_size__hover_enabled=&#8221;off&#8221; button_two_text_size__hover_enabled=&#8221;off&#8221; button_text_color__hover_enabled=&#8221;on&#8221; button_text_color__hover=&#8221;#ffffff&#8221; button_one_text_color__hover_enabled=&#8221;off&#8221; button_two_text_color__hover_enabled=&#8221;off&#8221; button_border_width__hover_enabled=&#8221;off&#8221; button_one_border_width__hover_enabled=&#8221;off&#8221; button_two_border_width__hover_enabled=&#8221;off&#8221; button_border_color__hover_enabled=&#8221;on&#8221; button_border_color__hover=&#8221;#ffffff&#8221; button_one_border_color__hover_enabled=&#8221;off&#8221; button_two_border_color__hover_enabled=&#8221;off&#8221; button_border_radius__hover_enabled=&#8221;on&#8221; button_border_radius__hover=&#8221;0px&#8221; button_one_border_radius__hover_enabled=&#8221;off&#8221; button_two_border_radius__hover_enabled=&#8221;off&#8221; button_letter_spacing__hover_enabled=&#8221;on&#8221; button_letter_spacing__hover=&#8221;2px&#8221; button_one_letter_spacing__hover_enabled=&#8221;off&#8221; button_two_letter_spacing__hover_enabled=&#8221;off&#8221; button_bg_color__hover_enabled=&#8221;on&#8221; button_bg_color__hover=&#8221;rgba(255,255,255,0)&#8221; button_one_bg_color__hover_enabled=&#8221;off&#8221; button_two_bg_color__hover_enabled=&#8221;off&#8221; theme_builder_area=&#8221;post_content&#8221;][\/et_pb_button][\/et_pb_column][\/et_pb_row][\/et_pb_section]<\/p>\n","protected":false},"excerpt":{"rendered":"<p>Con la consulenza dell&#8217;Agenzia di importazione cinese Frisch, non commetterete alcun errore nell&#8217;importazione di prodotti medicali.Direttiva sui dispositivi medici e registrazione DIMDI in CinaDirettiva sui dispositivi medici Conformit\u00e0 alla direttiva sui dispositivi medici per i prodotti provenienti dalla Cina Tutti i dispositivi medici immessi sul mercato tedesco sono soggetti alla Direttiva sui dispositivi medici, il [&hellip;]<\/p>\n","protected":false},"author":2,"featured_media":0,"parent":0,"menu_order":0,"comment_status":"closed","ping_status":"closed","template":"","meta":{"_et_pb_use_builder":"on","_et_pb_old_content":"","_et_gb_content_width":"","footnotes":""},"class_list":["post-11695","page","type-page","status-publish","hentry"],"yoast_head":"<!-- This site is optimized with the Yoast SEO plugin v27.4 - https:\/\/yoast.com\/product\/yoast-seo-wordpress\/ -->\n<title>Direttiva sui dispositivi medici: conformit\u00e0 per i prodotti provenienti dalla Cina<\/title>\n<meta name=\"description\" content=\"Conformit\u00e0 alla direttiva sui dispositivi medici per i prodotti provenienti dalla Cina \u25ba Registrazione DIMDI e importazione responsabile \u25ba Richiedete subito una consulenza!\" \/>\n<meta name=\"robots\" content=\"index, follow, max-snippet:-1, max-image-preview:large, max-video-preview:-1\" \/>\n<link rel=\"canonical\" href=\"https:\/\/ag-frisch.com\/it\/direttiva-sui-dispositivi-medici\/\" \/>\n<meta property=\"og:locale\" content=\"it_IT\" \/>\n<meta property=\"og:type\" content=\"article\" \/>\n<meta property=\"og:title\" content=\"Direttiva sui dispositivi medici: conformit\u00e0 per i prodotti provenienti dalla Cina\" \/>\n<meta property=\"og:description\" content=\"Conformit\u00e0 alla direttiva sui dispositivi medici per i prodotti provenienti dalla Cina \u25ba Registrazione DIMDI e importazione responsabile \u25ba Richiedete subito una consulenza!\" \/>\n<meta property=\"og:url\" content=\"https:\/\/ag-frisch.com\/it\/direttiva-sui-dispositivi-medici\/\" \/>\n<meta property=\"og:site_name\" content=\"China Import Beratung f\u00fcr den Einkauf aus China\" \/>\n<meta property=\"article:publisher\" content=\"https:\/\/www.facebook.com\/China.Import\" \/>\n<meta property=\"article:modified_time\" content=\"2023-01-27T04:31:55+00:00\" \/>\n<meta name=\"twitter:card\" content=\"summary_large_image\" \/>\n<meta name=\"twitter:site\" content=\"@agenturfrisch\" \/>\n<meta name=\"twitter:label1\" content=\"Tempo di lettura stimato\" \/>\n\t<meta name=\"twitter:data1\" content=\"8 minuti\" \/>\n<script type=\"application\/ld+json\" class=\"yoast-schema-graph\">{\"@context\":\"https:\\\/\\\/schema.org\",\"@graph\":[{\"@type\":\"WebPage\",\"@id\":\"https:\\\/\\\/ag-frisch.com\\\/it\\\/direttiva-sui-dispositivi-medici\\\/\",\"url\":\"https:\\\/\\\/ag-frisch.com\\\/it\\\/direttiva-sui-dispositivi-medici\\\/\",\"name\":\"Direttiva sui dispositivi medici: conformit\u00e0 per i prodotti provenienti dalla Cina\",\"isPartOf\":{\"@id\":\"https:\\\/\\\/ag-frisch.com\\\/de\\\/#website\"},\"datePublished\":\"2022-08-02T19:35:54+00:00\",\"dateModified\":\"2023-01-27T04:31:55+00:00\",\"description\":\"Conformit\u00e0 alla direttiva sui dispositivi medici per i prodotti provenienti dalla Cina \u25ba Registrazione DIMDI e importazione responsabile \u25ba Richiedete subito una consulenza!\",\"breadcrumb\":{\"@id\":\"https:\\\/\\\/ag-frisch.com\\\/it\\\/direttiva-sui-dispositivi-medici\\\/#breadcrumb\"},\"inLanguage\":\"it-IT\",\"potentialAction\":[{\"@type\":\"ReadAction\",\"target\":[\"https:\\\/\\\/ag-frisch.com\\\/it\\\/direttiva-sui-dispositivi-medici\\\/\"]}]},{\"@type\":\"BreadcrumbList\",\"@id\":\"https:\\\/\\\/ag-frisch.com\\\/it\\\/direttiva-sui-dispositivi-medici\\\/#breadcrumb\",\"itemListElement\":[{\"@type\":\"ListItem\",\"position\":1,\"name\":\"Startseite\",\"item\":\"https:\\\/\\\/ag-frisch.com\\\/de\\\/\"},{\"@type\":\"ListItem\",\"position\":2,\"name\":\"Direttiva sui dispositivi medici\"}]},{\"@type\":\"WebSite\",\"@id\":\"https:\\\/\\\/ag-frisch.com\\\/de\\\/#website\",\"url\":\"https:\\\/\\\/ag-frisch.com\\\/de\\\/\",\"name\":\"China Import Beratung f\u00fcr den Einkauf aus China\",\"description\":\"China Import &amp; Export Beratung - Der Dienstleister Ihres Vertrauens f\u00fcr Ihren China Import\",\"publisher\":{\"@id\":\"https:\\\/\\\/ag-frisch.com\\\/de\\\/#organization\"},\"potentialAction\":[{\"@type\":\"SearchAction\",\"target\":{\"@type\":\"EntryPoint\",\"urlTemplate\":\"https:\\\/\\\/ag-frisch.com\\\/de\\\/?s={search_term_string}\"},\"query-input\":{\"@type\":\"PropertyValueSpecification\",\"valueRequired\":true,\"valueName\":\"search_term_string\"}}],\"inLanguage\":\"it-IT\"},{\"@type\":\"Organization\",\"@id\":\"https:\\\/\\\/ag-frisch.com\\\/de\\\/#organization\",\"name\":\"Agentur Frisch International Consulting GmbH & Co. KG\",\"url\":\"https:\\\/\\\/ag-frisch.com\\\/de\\\/\",\"logo\":{\"@type\":\"ImageObject\",\"inLanguage\":\"it-IT\",\"@id\":\"https:\\\/\\\/ag-frisch.com\\\/de\\\/#\\\/schema\\\/logo\\\/image\\\/\",\"url\":\"https:\\\/\\\/ag-frisch.com\\\/wp-content\\\/uploads\\\/2021\\\/08\\\/ag_logo_rgb_300_small.png\",\"contentUrl\":\"https:\\\/\\\/ag-frisch.com\\\/wp-content\\\/uploads\\\/2021\\\/08\\\/ag_logo_rgb_300_small.png\",\"width\":153,\"height\":102,\"caption\":\"Agentur Frisch International Consulting GmbH & Co. KG\"},\"image\":{\"@id\":\"https:\\\/\\\/ag-frisch.com\\\/de\\\/#\\\/schema\\\/logo\\\/image\\\/\"},\"sameAs\":[\"https:\\\/\\\/www.facebook.com\\\/China.Import\",\"https:\\\/\\\/x.com\\\/agenturfrisch\"]}]}<\/script>\n<!-- \/ Yoast SEO plugin. -->","yoast_head_json":{"title":"Direttiva sui dispositivi medici: conformit\u00e0 per i prodotti provenienti dalla Cina","description":"Conformit\u00e0 alla direttiva sui dispositivi medici per i prodotti provenienti dalla Cina \u25ba Registrazione DIMDI e importazione responsabile \u25ba Richiedete subito una consulenza!","robots":{"index":"index","follow":"follow","max-snippet":"max-snippet:-1","max-image-preview":"max-image-preview:large","max-video-preview":"max-video-preview:-1"},"canonical":"https:\/\/ag-frisch.com\/it\/direttiva-sui-dispositivi-medici\/","og_locale":"it_IT","og_type":"article","og_title":"Direttiva sui dispositivi medici: conformit\u00e0 per i prodotti provenienti dalla Cina","og_description":"Conformit\u00e0 alla direttiva sui dispositivi medici per i prodotti provenienti dalla Cina \u25ba Registrazione DIMDI e importazione responsabile \u25ba Richiedete subito una consulenza!","og_url":"https:\/\/ag-frisch.com\/it\/direttiva-sui-dispositivi-medici\/","og_site_name":"China Import Beratung f\u00fcr den Einkauf aus China","article_publisher":"https:\/\/www.facebook.com\/China.Import","article_modified_time":"2023-01-27T04:31:55+00:00","twitter_card":"summary_large_image","twitter_site":"@agenturfrisch","twitter_misc":{"Tempo di lettura stimato":"8 minuti"},"schema":{"@context":"https:\/\/schema.org","@graph":[{"@type":"WebPage","@id":"https:\/\/ag-frisch.com\/it\/direttiva-sui-dispositivi-medici\/","url":"https:\/\/ag-frisch.com\/it\/direttiva-sui-dispositivi-medici\/","name":"Direttiva sui dispositivi medici: conformit\u00e0 per i prodotti provenienti dalla Cina","isPartOf":{"@id":"https:\/\/ag-frisch.com\/de\/#website"},"datePublished":"2022-08-02T19:35:54+00:00","dateModified":"2023-01-27T04:31:55+00:00","description":"Conformit\u00e0 alla direttiva sui dispositivi medici per i prodotti provenienti dalla Cina \u25ba Registrazione DIMDI e importazione responsabile \u25ba Richiedete subito una consulenza!","breadcrumb":{"@id":"https:\/\/ag-frisch.com\/it\/direttiva-sui-dispositivi-medici\/#breadcrumb"},"inLanguage":"it-IT","potentialAction":[{"@type":"ReadAction","target":["https:\/\/ag-frisch.com\/it\/direttiva-sui-dispositivi-medici\/"]}]},{"@type":"BreadcrumbList","@id":"https:\/\/ag-frisch.com\/it\/direttiva-sui-dispositivi-medici\/#breadcrumb","itemListElement":[{"@type":"ListItem","position":1,"name":"Startseite","item":"https:\/\/ag-frisch.com\/de\/"},{"@type":"ListItem","position":2,"name":"Direttiva sui dispositivi medici"}]},{"@type":"WebSite","@id":"https:\/\/ag-frisch.com\/de\/#website","url":"https:\/\/ag-frisch.com\/de\/","name":"China Import Beratung f\u00fcr den Einkauf aus China","description":"China Import &amp; Export Beratung - Der Dienstleister Ihres Vertrauens f\u00fcr Ihren China Import","publisher":{"@id":"https:\/\/ag-frisch.com\/de\/#organization"},"potentialAction":[{"@type":"SearchAction","target":{"@type":"EntryPoint","urlTemplate":"https:\/\/ag-frisch.com\/de\/?s={search_term_string}"},"query-input":{"@type":"PropertyValueSpecification","valueRequired":true,"valueName":"search_term_string"}}],"inLanguage":"it-IT"},{"@type":"Organization","@id":"https:\/\/ag-frisch.com\/de\/#organization","name":"Agentur Frisch International Consulting GmbH & Co. KG","url":"https:\/\/ag-frisch.com\/de\/","logo":{"@type":"ImageObject","inLanguage":"it-IT","@id":"https:\/\/ag-frisch.com\/de\/#\/schema\/logo\/image\/","url":"https:\/\/ag-frisch.com\/wp-content\/uploads\/2021\/08\/ag_logo_rgb_300_small.png","contentUrl":"https:\/\/ag-frisch.com\/wp-content\/uploads\/2021\/08\/ag_logo_rgb_300_small.png","width":153,"height":102,"caption":"Agentur Frisch International Consulting GmbH & Co. KG"},"image":{"@id":"https:\/\/ag-frisch.com\/de\/#\/schema\/logo\/image\/"},"sameAs":["https:\/\/www.facebook.com\/China.Import","https:\/\/x.com\/agenturfrisch"]}]}},"_links":{"self":[{"href":"https:\/\/ag-frisch.com\/it\/wp-json\/wp\/v2\/pages\/11695","targetHints":{"allow":["GET"]}}],"collection":[{"href":"https:\/\/ag-frisch.com\/it\/wp-json\/wp\/v2\/pages"}],"about":[{"href":"https:\/\/ag-frisch.com\/it\/wp-json\/wp\/v2\/types\/page"}],"author":[{"embeddable":true,"href":"https:\/\/ag-frisch.com\/it\/wp-json\/wp\/v2\/users\/2"}],"replies":[{"embeddable":true,"href":"https:\/\/ag-frisch.com\/it\/wp-json\/wp\/v2\/comments?post=11695"}],"version-history":[{"count":0,"href":"https:\/\/ag-frisch.com\/it\/wp-json\/wp\/v2\/pages\/11695\/revisions"}],"wp:attachment":[{"href":"https:\/\/ag-frisch.com\/it\/wp-json\/wp\/v2\/media?parent=11695"}],"curies":[{"name":"wp","href":"https:\/\/api.w.org\/{rel}","templated":true}]}}