{"id":11901,"date":"2022-08-12T12:55:32","date_gmt":"2022-08-12T10:55:32","guid":{"rendered":"https:\/\/ag-frisch.com\/direttiva-sulla-metrologia\/"},"modified":"2023-01-27T05:32:50","modified_gmt":"2023-01-27T04:32:50","slug":"direttiva-sulla-metrologia","status":"publish","type":"page","link":"https:\/\/ag-frisch.com\/it\/direttiva-sulla-metrologia\/","title":{"rendered":"Direttiva sulla metrologia"},"content":{"rendered":"<p>[et_pb_section fb_built=&#8221;1&#8243; _builder_version=&#8221;4.16&#8243; _module_preset=&#8221;default&#8221; global_colors_info=&#8221;{}&#8221;][et_pb_row _builder_version=&#8221;4.18.1&#8243; _module_preset=&#8221;default&#8221;][et_pb_column _builder_version=&#8221;4.18.1&#8243; _module_preset=&#8221;default&#8221; type=&#8221;4_4&#8243;][et_pb_cta title=&#8221;Linee guida per gli strumenti di misura Consultazione&#8221; button_url=&#8221;https:\/\/ag-frisch.com\/it\/contatto\/&#8221; button_text=&#8221;Prenota ora una consulenza&#8221; _builder_version=&#8221;4.16&#8243; _module_preset=&#8221;default&#8221; global_colors_info=&#8221;{}&#8221; theme_builder_area=&#8221;post_content&#8221;]<\/p>\n<p>Grazie ai consigli dell&#8217;Agenzia di importazione cinese Frisch, non commetterete alcun errore nell&#8217;importazione di strumenti di misura.<\/p>\n<p>[\/et_pb_cta][\/et_pb_column][\/et_pb_row][et_pb_row _builder_version=&#8221;4.16&#8243; _module_preset=&#8221;default&#8221; global_colors_info=&#8221;{}&#8221;][et_pb_column type=&#8221;4_4&#8243; _builder_version=&#8221;4.16&#8243; _module_preset=&#8221;default&#8221; global_colors_info=&#8221;{}&#8221;][et_pb_text admin_label=&#8221;H1&#8243; _builder_version=&#8221;4.18.1&#8243; _module_preset=&#8221;default&#8221; global_colors_info=&#8221;{}&#8221;]<\/p>\n<h1>Strumenti di misura Direttiva per i prodotti provenienti dalla Cina<\/h1>\n<p>[\/et_pb_text][et_pb_text _builder_version=&#8221;4.16&#8243; _module_preset=&#8221;default&#8221; global_colors_info=&#8221;{}&#8221;]<\/p>\n<p><strong>Direttiva sugli strumenti di misura<\/strong><\/p>\n<p><strong>Conformit\u00e0 alla direttiva sugli strumenti di misura per la produzione dalla Cina<\/strong><\/p>\n<p>I dispositivi di misura vengono utilizzati per raccogliere dati importanti con i quali si lavora ulteriormente. Pertanto, i requisiti particolarmente elevati devono essere posti ai dispositivi di misura stessi. La loro taratura, la precisione di misura, il tipo e gli intervalli di taratura e molto altro ancora sono regolamentati dalla Direttiva sugli strumenti di misura. Chiunque importi strumenti di misura dalla Cina deve garantire la conformit\u00e0 alla direttiva, altrimenti pu\u00f2 essere costoso. In qualit\u00e0 di importatore esperto della Cina, siamo naturalmente lieti di occuparci di questo aspetto della vostra importazione. Eseguiamo le ispezioni necessarie e otteniamo i relativi certificati.<\/p>\n<p>Ad esempio, i seguenti importanti prodotti sono coperti dalla direttiva sugli strumenti di misura:<\/p>\n<ul>\n<li>Contatore dell&#8217;acqua<\/li>\n<li>Contatore del gas<\/li>\n<li>Contatore elettrico<\/li>\n<li>Contatore di calore<\/li>\n<li>bilance automatiche<\/li>\n<\/ul>\n<p>Inoltre, anche i dispositivi per la misurazione delle lunghezze, come regoli pieghevoli, righelli o nastri di misurazione, sono in parte inclusi nei prodotti coperti. Anche gli analizzatori di gas di scarico e i tassametri sono soggetti alla Direttiva sugli strumenti di misura, il cui nome completo \u00e8 &#8220;Direttiva 2004\/22\/CE sugli strumenti di misura&#8221;.<\/p>\n<p><strong>Attenzione: l&#8217;importazione di strumenti di misura \u00e8 possibile solo in caso di comprovata conformit\u00e0 alla Direttiva sugli strumenti di misura per la produzione in Cina!<\/strong><\/p>\n<p>Saremo lieti di eseguire per voi i test necessari in conformit\u00e0 alla direttiva sugli strumenti di misura in Cina. Disponiamo di laboratori e di personale qualificato per eseguire questi test in modo professionale e conforme ai requisiti.<\/p>\n<p>&nbsp;<\/p>\n<p><strong>Test in conformit\u00e0 alla direttiva sugli strumenti di misura in Cina<\/strong><\/p>\n<p>L&#8217;elemento centrale della conformit\u00e0 alla direttiva sugli strumenti di misura per la produzione in Cina \u00e8 la dichiarazione di conformit\u00e0. Conferma la conformit\u00e0 alle direttive, agli standard e ai regolamenti applicabili in Germania per il gruppo di prodotti in questione. La calibrazione iniziale e la documentazione sono componenti di questo processo &#8211; compiti che possono essere svolti solo da specialisti in locali adeguati.<\/p>\n<p>&nbsp;<\/p>\n<p><strong>Laboratorio di conformit\u00e0 BOTH dell&#8217;Agenzia Frisch<\/strong><\/p>\n<p>Con la sua filiale BEIDE Compliance Laboratory, l&#8217;Agenzia Frisch gestisce laboratori di prova professionali in cui, tra l&#8217;altro, possono essere eseguiti anche in Cina i test previsti dalla Direttiva sugli strumenti di misura. A tal fine, impieghiamo solo personale qualificato e applichiamo standard rigorosi alle condizioni di prova. Soddisfiamo i requisiti della Direttiva sugli strumenti di misura e, su richiesta, li superiamo.<\/p>\n<p>&nbsp;<\/p>\n<p><strong>Legge sulla misurazione e la calibrazione (MessEG) e Ordinanza sulla misurazione e la calibrazione (MessEV)<\/strong><\/p>\n<p>In Germania, la base per la conformit\u00e0 alla Direttiva europea sugli strumenti di misura nel caso di produzione in Cina \u00e8 costituita dalla Legge sugli strumenti di misura (MessEG) e dall&#8217;Ordinanza sugli strumenti di misura (MessEV). Questi ultimi concretizzano la direttiva e contengono tutti i requisiti da porre agli strumenti di misura. Il nostro reparto specializzato conosce molto bene la materia e pu\u00f2 fornirvi una consulenza ottimale su tutte le questioni relative alla conformit\u00e0 alla direttiva sugli strumenti di misura per la produzione in Cina. Vi offriamo un servizio integrato a tutto tondo. Questo approccio olistico consente di risparmiare costi, tempo e fatica.<\/p>\n<p>&nbsp;<\/p>\n<p><strong>Dichiarazione di conformit\u00e0<\/strong><\/p>\n<p>Quando si importano molti prodotti dalla Cina alla Germania, \u00e8 necessario disporre di una dichiarazione di conformit\u00e0. Questo viene controllato e deve soddisfare i rispettivi requisiti, in modo che non ci siano difficolt\u00e0 con la dogana e le altre autorit\u00e0. L&#8217;agenzia Frisch conosce esattamente i processi e gli standard e pu\u00f2 quindi preparare e realizzare perfettamente la vostra importazione. La preparazione di una dichiarazione di conformit\u00e0 in conformit\u00e0 ai requisiti \u00e8, ovviamente, parte di questo processo.<\/p>\n<p>&nbsp;<\/p>\n<p><strong>Calibrazione e test da parte di organismi indipendenti<\/strong><\/p>\n<p>Non tutti i prodotti possono essere testati da noi. Alcuni prodotti richiedono test esterni da parte di enti di controllo riconosciuti dallo Stato. Qui ci occupiamo dei test preliminari e ci assicuriamo che l&#8217;ispezione da parte dell&#8217;organismo di controllo sia positiva. Questi prodotti includono:<\/p>\n<ul>\n<li>Contatore dell&#8217;acqua<\/li>\n<li>Contatore del gas<\/li>\n<li>Contatore elettrico<\/li>\n<li>Contatore di calore<\/li>\n<\/ul>\n<p>&nbsp;<\/p>\n<p><strong>Saremo lieti di fornirvi una consulenza indipendente e competente sulla conformit\u00e0 alla direttiva sugli strumenti di misura per la produzione in Cina.<\/strong><\/p>\n<p>[\/et_pb_text][\/et_pb_column][\/et_pb_row][\/et_pb_section][et_pb_section fb_built=&#8221;1&#8243; admin_label=&#8221;Testimonials&#8221; _builder_version=&#8221;4.16&#8243; use_background_color_gradient=&#8221;on&#8221; background_color_gradient_stops=&#8221;rgba(0,106,156,0.85) 0%|rgba(0,106,156,0.85) 100%&#8221; background_color_gradient_start=&#8221;rgba(0,106,156,0.85)&#8221; background_color_gradient_end=&#8221;rgba(0,106,156,0.85)&#8221; custom_padding=&#8221;90px||60px|&#8221; animation_style=&#8221;fold&#8221; animation_direction=&#8221;bottom&#8221; animation_intensity_fold=&#8221;4%&#8221; global_colors_info=&#8221;{}&#8221; theme_builder_area=&#8221;post_content&#8221;][et_pb_row _builder_version=&#8221;4.16&#8243; background_size=&#8221;initial&#8221; background_position=&#8221;top_left&#8221; background_repeat=&#8221;repeat&#8221; custom_width_px=&#8221;710px&#8221; locked=&#8221;off&#8221; global_colors_info=&#8221;{}&#8221; theme_builder_area=&#8221;post_content&#8221;][et_pb_column type=&#8221;4_4&#8243; _builder_version=&#8221;4.16&#8243; background_position=&#8221;top_left&#8221; custom_padding=&#8221;|||&#8221; global_colors_info=&#8221;{}&#8221; custom_padding__hover=&#8221;|||&#8221; theme_builder_area=&#8221;post_content&#8221;][et_pb_text admin_label=&#8221;Testimonials Section Title&#8221; _builder_version=&#8221;4.16&#8243; header_font=&#8221;Montserrat||||&#8221; header_font_size=&#8221;36px&#8221; background_size=&#8221;initial&#8221; background_position=&#8221;top_left&#8221; background_repeat=&#8221;repeat&#8221; text_orientation=&#8221;center&#8221; background_layout=&#8221;dark&#8221; max_width=&#8221;710px&#8221; module_alignment=&#8221;center&#8221; animation_style=&#8221;fold&#8221; animation_direction=&#8221;bottom&#8221; animation_intensity_fold=&#8221;20%&#8221; global_colors_info=&#8221;{}&#8221; theme_builder_area=&#8221;post_content&#8221;]<\/p>\n<h1>Oltre 5000 clienti soddisfatti.<\/h1>\n<p>&nbsp;<\/p>\n<p>[\/et_pb_text][et_pb_divider color=&#8221;#ffffff&#8221; divider_weight=&#8221;3px&#8221; disabled_on=&#8221;off|off|off&#8221; _builder_version=&#8221;4.16&#8243; background_color_gradient_direction=&#8221;90deg&#8221; max_width=&#8221;100px&#8221; module_alignment=&#8221;center&#8221; height=&#8221;5px&#8221; custom_margin=&#8221;||20px|&#8221; custom_padding=&#8221;||20px|&#8221; animation_style=&#8221;slide&#8221; animation_direction=&#8221;bottom&#8221; saved_tabs=&#8221;all&#8221; locked=&#8221;off&#8221; global_colors_info=&#8221;{}&#8221; theme_builder_area=&#8221;post_content&#8221;][\/et_pb_divider][\/et_pb_column][\/et_pb_row][et_pb_row column_structure=&#8221;1_2,1_2&#8243; _builder_version=&#8221;4.18.1&#8243; _module_preset=&#8221;default&#8221; global_colors_info=&#8221;{}&#8221; theme_builder_area=&#8221;post_content&#8221;][et_pb_column type=&#8221;1_2&#8243; _builder_version=&#8221;4.18.1&#8243; _module_preset=&#8221;default&#8221; global_colors_info=&#8221;{}&#8221; theme_builder_area=&#8221;post_content&#8221;][et_pb_testimonial author=&#8221;Marco&#8221; portrait_url=&#8221;https:\/\/ag-frisch.com\/wp-content\/uploads\/2021\/08\/Harald.png&#8221; quote_icon=&#8221;off&#8221; _builder_version=&#8221;4.18.1&#8243; _module_preset=&#8221;default&#8221; body_font_size=&#8221;16px&#8221; use_background_color=&#8221;off&#8221; background_layout=&#8221;dark&#8221; global_colors_info=&#8221;{}&#8221; theme_builder_area=&#8221;post_content&#8221;]Ho commissionato all&#8217;Agentur Frisch la produzione di un mobile di grandi dimensioni in Cina e il suo trasporto in Germania. Ottimale la comunicazione via mail! Risposte molto rapide e affidabili mi hanno costantemente dato le rassicurazioni che sono essenziali in un&#8217;impresa del genere. Sono stata sempre aiutata nelle complicate pratiche burocratiche e nessun modulo \u00e8 stato dimenticato o compilato in modo errato. Eccellente!<a href=\"&lt;div%20class=%22pe-richsnippets%22&gt;&nbsp;&lt;\/div&gt;%20&lt;script%20type=%22text\/javascript%22%20src=%22https:\/\/www.provenexpert.com\/widget\/richsnippet.js?u=1NUA0VwZ4RUZ5tmAi5zA4RaplNKAlWwZ&amp;v=2%22%20async&gt;&lt;\/script&gt;%20&lt;div%20style=%22text-align:%20justify;%22&gt;&lt;br%20\/&gt;\"><\/a><\/p>\n<div class=\"brow ratingBarMargin\">\n<div class=\"ratingBar\">\n<div class=\"brow\">\n<div class=\"pe-richsnippets\">&nbsp;<\/div>\n<p><script type=\"text\/javascript\" src=\"https:\/\/www.provenexpert.com\/widget\/richsnippet.js?u=1NUA0VwZ4RUZ5tmAi5zA4RaplNKAlWwZ&amp;v=2\" async=\"\"><\/script><\/p>\n<div style=\"text-align: justify;\"><\/p>\n<div class=\"col-lg-9 col-md-8 col-xs-10 mt20 mb20\">\n<div class=\"col-xs-12 surveyNameForRating\"><\/div>\n<\/div>\n<\/div>\n<\/div>\n<\/div>\n<\/div>\n<p>[\/et_pb_testimonial][\/et_pb_column][et_pb_column type=&#8221;1_2&#8243; _builder_version=&#8221;4.18.1&#8243; _module_preset=&#8221;default&#8221; global_colors_info=&#8221;{}&#8221; theme_builder_area=&#8221;post_content&#8221;][et_pb_testimonial author=&#8221;Simone L.&#8221; portrait_url=&#8221;https:\/\/ag-frisch.com\/wp-content\/uploads\/2021\/08\/Harald.png&#8221; quote_icon=&#8221;off&#8221; _builder_version=&#8221;4.18.1&#8243; _module_preset=&#8221;default&#8221; body_font_size=&#8221;16px&#8221; use_background_color=&#8221;off&#8221; background_layout=&#8221;dark&#8221; global_colors_info=&#8221;{}&#8221; theme_builder_area=&#8221;post_content&#8221;]<\/p>\n<p>Tutto perfetto! Non potevo immaginare servizio migliore di questo! Impossibile trovare consulenza e servizio migliori! Ci siamo rivolti pi\u00fa volte all\u00b4agenzia e siamo pi\u00fa che soddisfatti. Continueremo sicuramente a collaborare con loro!<\/p>\n<div class=\"brow ratingBarMargin\">\n<div class=\"ratingBar\">\n<div class=\"brow\">\n<div class=\"pe-richsnippets\"> <\/div>\n<p>\n<script type=\"text\/javascript\" src=\"https:\/\/www.provenexpert.com\/widget\/richsnippet.js?u=1NUA0VwZ4RUZ5tmAi5zA4RaplNKAlWwZ&amp;v=2\" async=\"\"><\/script>\n<\/p>\n<div style=\"text-align: justify;\">\n<p>&nbsp;<\/p>\n<div class=\"col-lg-9 col-md-8 col-xs-10 mt20 mb20\">\n<div class=\"col-xs-12 surveyNameForRating\"><\/div>\n<\/div>\n<\/div>\n<\/div>\n<\/div>\n<\/div>\n<p>[\/et_pb_testimonial][\/et_pb_column][\/et_pb_row][et_pb_row _builder_version=&#8221;4.16&#8243; background_size=&#8221;initial&#8221; background_position=&#8221;top_left&#8221; background_repeat=&#8221;repeat&#8221; custom_padding=&#8221;50px|0px|30px|0px&#8221; custom_css_main_element=&#8221;text-align: center;&#8221; global_colors_info=&#8221;{}&#8221; theme_builder_area=&#8221;post_content&#8221;][et_pb_column type=&#8221;4_4&#8243; _builder_version=&#8221;4.16&#8243; custom_padding=&#8221;|||&#8221; global_colors_info=&#8221;{}&#8221; custom_padding__hover=&#8221;|||&#8221; theme_builder_area=&#8221;post_content&#8221;][et_pb_button button_url=&#8221;https:\/\/www.provenexpert.com\/de-de\/agentur-frisch-international-consulting-gmbh-und-co-kg\/&#8221; button_text=&#8221;ALTRE VALUTAZIONI&#8221; button_alignment=&#8221;left&#8221; admin_label=&#8221;Testimonial Button&#8221; _builder_version=&#8221;4.16&#8243; custom_button=&#8221;on&#8221; button_text_size=&#8221;18px&#8221; button_text_color=&#8221;#ffffff&#8221; button_bg_color=&#8221;#6eba01&#8243; button_border_width=&#8221;2px&#8221; button_border_color=&#8221;#6eba01&#8243; button_border_radius=&#8221;0px&#8221; button_letter_spacing=&#8221;2px&#8221; button_font=&#8221;Montserrat|||on|&#8221; button_use_icon=&#8221;off&#8221; animation_style=&#8221;fold&#8221; animation_direction=&#8221;bottom&#8221; button_text_color_hover=&#8221;#ffffff&#8221; button_border_color_hover=&#8221;#ffffff&#8221; button_border_radius_hover=&#8221;0px&#8221; button_letter_spacing_hover=&#8221;2px&#8221; button_bg_color_hover=&#8221;rgba(255,255,255,0)&#8221; locked=&#8221;off&#8221; global_colors_info=&#8221;{}&#8221; button_text_size__hover_enabled=&#8221;off&#8221; button_one_text_size__hover_enabled=&#8221;off&#8221; button_two_text_size__hover_enabled=&#8221;off&#8221; button_text_color__hover_enabled=&#8221;on&#8221; button_text_color__hover=&#8221;#ffffff&#8221; button_one_text_color__hover_enabled=&#8221;off&#8221; button_two_text_color__hover_enabled=&#8221;off&#8221; button_border_width__hover_enabled=&#8221;off&#8221; button_one_border_width__hover_enabled=&#8221;off&#8221; button_two_border_width__hover_enabled=&#8221;off&#8221; button_border_color__hover_enabled=&#8221;on&#8221; button_border_color__hover=&#8221;#ffffff&#8221; button_one_border_color__hover_enabled=&#8221;off&#8221; button_two_border_color__hover_enabled=&#8221;off&#8221; button_border_radius__hover_enabled=&#8221;on&#8221; button_border_radius__hover=&#8221;0px&#8221; button_one_border_radius__hover_enabled=&#8221;off&#8221; button_two_border_radius__hover_enabled=&#8221;off&#8221; button_letter_spacing__hover_enabled=&#8221;on&#8221; button_letter_spacing__hover=&#8221;2px&#8221; button_one_letter_spacing__hover_enabled=&#8221;off&#8221; button_two_letter_spacing__hover_enabled=&#8221;off&#8221; button_bg_color__hover_enabled=&#8221;on&#8221; button_bg_color__hover=&#8221;rgba(255,255,255,0)&#8221; button_one_bg_color__hover_enabled=&#8221;off&#8221; button_two_bg_color__hover_enabled=&#8221;off&#8221; theme_builder_area=&#8221;post_content&#8221;][\/et_pb_button][\/et_pb_column][\/et_pb_row][\/et_pb_section]<\/p>\n","protected":false},"excerpt":{"rendered":"<p>Grazie ai consigli dell&#8217;Agenzia di importazione cinese Frisch, non commetterete alcun errore nell&#8217;importazione di strumenti di misura.Strumenti di misura Direttiva per i prodotti provenienti dalla CinaDirettiva sugli strumenti di misura Conformit\u00e0 alla direttiva sugli strumenti di misura per la produzione dalla Cina I dispositivi di misura vengono utilizzati per raccogliere dati importanti con i quali [&hellip;]<\/p>\n","protected":false},"author":2,"featured_media":0,"parent":0,"menu_order":0,"comment_status":"closed","ping_status":"closed","template":"","meta":{"_et_pb_use_builder":"on","_et_pb_old_content":"","_et_gb_content_width":"","footnotes":""},"class_list":["post-11901","page","type-page","status-publish","hentry"],"yoast_head":"<!-- This site is optimized with the Yoast SEO plugin v27.2 - https:\/\/yoast.com\/product\/yoast-seo-wordpress\/ -->\n<title>Direttiva sugli strumenti di misura: conformit\u00e0 per i prodotti provenienti dalla Cina<\/title>\n<meta name=\"description\" content=\"Conformit\u00e0 alla direttiva sugli strumenti di misura per la produzione dalla Cina \u25ba Test in conformit\u00e0 alla legge sulla misurazione e la calibrazione e all&#039;ordinanza sulla misurazione e la calibrazione \u25ba Richiedete subito una consulenza!\" \/>\n<meta name=\"robots\" content=\"index, follow, max-snippet:-1, max-image-preview:large, max-video-preview:-1\" \/>\n<link rel=\"canonical\" href=\"https:\/\/ag-frisch.com\/it\/direttiva-sulla-metrologia\/\" \/>\n<meta property=\"og:locale\" content=\"it_IT\" \/>\n<meta property=\"og:type\" content=\"article\" \/>\n<meta property=\"og:title\" content=\"Direttiva sugli strumenti di misura: conformit\u00e0 per i prodotti provenienti dalla Cina\" \/>\n<meta property=\"og:description\" content=\"Conformit\u00e0 alla direttiva sugli strumenti di misura per la produzione dalla Cina \u25ba Test in conformit\u00e0 alla legge sulla misurazione e la calibrazione e all&#039;ordinanza sulla misurazione e la calibrazione \u25ba Richiedete subito una consulenza!\" \/>\n<meta property=\"og:url\" content=\"https:\/\/ag-frisch.com\/it\/direttiva-sulla-metrologia\/\" \/>\n<meta property=\"og:site_name\" content=\"China Import Beratung f\u00fcr den Einkauf aus China\" \/>\n<meta property=\"article:publisher\" content=\"https:\/\/www.facebook.com\/China.Import\" \/>\n<meta property=\"article:modified_time\" content=\"2023-01-27T04:32:50+00:00\" \/>\n<meta name=\"twitter:card\" content=\"summary_large_image\" \/>\n<meta name=\"twitter:site\" content=\"@agenturfrisch\" \/>\n<meta name=\"twitter:label1\" content=\"Tempo di lettura stimato\" \/>\n\t<meta name=\"twitter:data1\" content=\"8 minuti\" \/>\n<script type=\"application\/ld+json\" class=\"yoast-schema-graph\">{\"@context\":\"https:\/\/schema.org\",\"@graph\":[{\"@type\":\"WebPage\",\"@id\":\"https:\/\/ag-frisch.com\/it\/direttiva-sulla-metrologia\/\",\"url\":\"https:\/\/ag-frisch.com\/it\/direttiva-sulla-metrologia\/\",\"name\":\"Direttiva sugli strumenti di misura: conformit\u00e0 per i prodotti provenienti dalla Cina\",\"isPartOf\":{\"@id\":\"https:\/\/ag-frisch.com\/de\/#website\"},\"datePublished\":\"2022-08-12T10:55:32+00:00\",\"dateModified\":\"2023-01-27T04:32:50+00:00\",\"description\":\"Conformit\u00e0 alla direttiva sugli strumenti di misura per la produzione dalla Cina \u25ba Test in conformit\u00e0 alla legge sulla misurazione e la calibrazione e all'ordinanza sulla misurazione e la calibrazione \u25ba Richiedete subito una consulenza!\",\"breadcrumb\":{\"@id\":\"https:\/\/ag-frisch.com\/it\/direttiva-sulla-metrologia\/#breadcrumb\"},\"inLanguage\":\"it-IT\",\"potentialAction\":[{\"@type\":\"ReadAction\",\"target\":[\"https:\/\/ag-frisch.com\/it\/direttiva-sulla-metrologia\/\"]}]},{\"@type\":\"BreadcrumbList\",\"@id\":\"https:\/\/ag-frisch.com\/it\/direttiva-sulla-metrologia\/#breadcrumb\",\"itemListElement\":[{\"@type\":\"ListItem\",\"position\":1,\"name\":\"Startseite\",\"item\":\"https:\/\/ag-frisch.com\/de\/\"},{\"@type\":\"ListItem\",\"position\":2,\"name\":\"Direttiva sulla metrologia\"}]},{\"@type\":\"WebSite\",\"@id\":\"https:\/\/ag-frisch.com\/de\/#website\",\"url\":\"https:\/\/ag-frisch.com\/de\/\",\"name\":\"China Import Beratung f\u00fcr den Einkauf aus China\",\"description\":\"China Import &amp; Export Beratung - Der Dienstleister Ihres Vertrauens f\u00fcr Ihren China Import\",\"publisher\":{\"@id\":\"https:\/\/ag-frisch.com\/de\/#organization\"},\"potentialAction\":[{\"@type\":\"SearchAction\",\"target\":{\"@type\":\"EntryPoint\",\"urlTemplate\":\"https:\/\/ag-frisch.com\/de\/?s={search_term_string}\"},\"query-input\":{\"@type\":\"PropertyValueSpecification\",\"valueRequired\":true,\"valueName\":\"search_term_string\"}}],\"inLanguage\":\"it-IT\"},{\"@type\":\"Organization\",\"@id\":\"https:\/\/ag-frisch.com\/de\/#organization\",\"name\":\"Agentur Frisch International Consulting GmbH & Co. KG\",\"url\":\"https:\/\/ag-frisch.com\/de\/\",\"logo\":{\"@type\":\"ImageObject\",\"inLanguage\":\"it-IT\",\"@id\":\"https:\/\/ag-frisch.com\/de\/#\/schema\/logo\/image\/\",\"url\":\"https:\/\/ag-frisch.com\/wp-content\/uploads\/2021\/08\/ag_logo_rgb_300_small.png\",\"contentUrl\":\"https:\/\/ag-frisch.com\/wp-content\/uploads\/2021\/08\/ag_logo_rgb_300_small.png\",\"width\":153,\"height\":102,\"caption\":\"Agentur Frisch International Consulting GmbH & Co. KG\"},\"image\":{\"@id\":\"https:\/\/ag-frisch.com\/de\/#\/schema\/logo\/image\/\"},\"sameAs\":[\"https:\/\/www.facebook.com\/China.Import\",\"https:\/\/x.com\/agenturfrisch\"]}]}<\/script>\n<!-- \/ Yoast SEO plugin. -->","yoast_head_json":{"title":"Direttiva sugli strumenti di misura: conformit\u00e0 per i prodotti provenienti dalla Cina","description":"Conformit\u00e0 alla direttiva sugli strumenti di misura per la produzione dalla Cina \u25ba Test in conformit\u00e0 alla legge sulla misurazione e la calibrazione e all'ordinanza sulla misurazione e la calibrazione \u25ba Richiedete subito una consulenza!","robots":{"index":"index","follow":"follow","max-snippet":"max-snippet:-1","max-image-preview":"max-image-preview:large","max-video-preview":"max-video-preview:-1"},"canonical":"https:\/\/ag-frisch.com\/it\/direttiva-sulla-metrologia\/","og_locale":"it_IT","og_type":"article","og_title":"Direttiva sugli strumenti di misura: conformit\u00e0 per i prodotti provenienti dalla Cina","og_description":"Conformit\u00e0 alla direttiva sugli strumenti di misura per la produzione dalla Cina \u25ba Test in conformit\u00e0 alla legge sulla misurazione e la calibrazione e all'ordinanza sulla misurazione e la calibrazione \u25ba Richiedete subito una consulenza!","og_url":"https:\/\/ag-frisch.com\/it\/direttiva-sulla-metrologia\/","og_site_name":"China Import Beratung f\u00fcr den Einkauf aus China","article_publisher":"https:\/\/www.facebook.com\/China.Import","article_modified_time":"2023-01-27T04:32:50+00:00","twitter_card":"summary_large_image","twitter_site":"@agenturfrisch","twitter_misc":{"Tempo di lettura stimato":"8 minuti"},"schema":{"@context":"https:\/\/schema.org","@graph":[{"@type":"WebPage","@id":"https:\/\/ag-frisch.com\/it\/direttiva-sulla-metrologia\/","url":"https:\/\/ag-frisch.com\/it\/direttiva-sulla-metrologia\/","name":"Direttiva sugli strumenti di misura: conformit\u00e0 per i prodotti provenienti dalla Cina","isPartOf":{"@id":"https:\/\/ag-frisch.com\/de\/#website"},"datePublished":"2022-08-12T10:55:32+00:00","dateModified":"2023-01-27T04:32:50+00:00","description":"Conformit\u00e0 alla direttiva sugli strumenti di misura per la produzione dalla Cina \u25ba Test in conformit\u00e0 alla legge sulla misurazione e la calibrazione e all'ordinanza sulla misurazione e la calibrazione \u25ba Richiedete subito una consulenza!","breadcrumb":{"@id":"https:\/\/ag-frisch.com\/it\/direttiva-sulla-metrologia\/#breadcrumb"},"inLanguage":"it-IT","potentialAction":[{"@type":"ReadAction","target":["https:\/\/ag-frisch.com\/it\/direttiva-sulla-metrologia\/"]}]},{"@type":"BreadcrumbList","@id":"https:\/\/ag-frisch.com\/it\/direttiva-sulla-metrologia\/#breadcrumb","itemListElement":[{"@type":"ListItem","position":1,"name":"Startseite","item":"https:\/\/ag-frisch.com\/de\/"},{"@type":"ListItem","position":2,"name":"Direttiva sulla metrologia"}]},{"@type":"WebSite","@id":"https:\/\/ag-frisch.com\/de\/#website","url":"https:\/\/ag-frisch.com\/de\/","name":"China Import Beratung f\u00fcr den Einkauf aus China","description":"China Import &amp; Export Beratung - Der Dienstleister Ihres Vertrauens f\u00fcr Ihren China Import","publisher":{"@id":"https:\/\/ag-frisch.com\/de\/#organization"},"potentialAction":[{"@type":"SearchAction","target":{"@type":"EntryPoint","urlTemplate":"https:\/\/ag-frisch.com\/de\/?s={search_term_string}"},"query-input":{"@type":"PropertyValueSpecification","valueRequired":true,"valueName":"search_term_string"}}],"inLanguage":"it-IT"},{"@type":"Organization","@id":"https:\/\/ag-frisch.com\/de\/#organization","name":"Agentur Frisch International Consulting GmbH & Co. KG","url":"https:\/\/ag-frisch.com\/de\/","logo":{"@type":"ImageObject","inLanguage":"it-IT","@id":"https:\/\/ag-frisch.com\/de\/#\/schema\/logo\/image\/","url":"https:\/\/ag-frisch.com\/wp-content\/uploads\/2021\/08\/ag_logo_rgb_300_small.png","contentUrl":"https:\/\/ag-frisch.com\/wp-content\/uploads\/2021\/08\/ag_logo_rgb_300_small.png","width":153,"height":102,"caption":"Agentur Frisch International Consulting GmbH & Co. KG"},"image":{"@id":"https:\/\/ag-frisch.com\/de\/#\/schema\/logo\/image\/"},"sameAs":["https:\/\/www.facebook.com\/China.Import","https:\/\/x.com\/agenturfrisch"]}]}},"_links":{"self":[{"href":"https:\/\/ag-frisch.com\/it\/wp-json\/wp\/v2\/pages\/11901","targetHints":{"allow":["GET"]}}],"collection":[{"href":"https:\/\/ag-frisch.com\/it\/wp-json\/wp\/v2\/pages"}],"about":[{"href":"https:\/\/ag-frisch.com\/it\/wp-json\/wp\/v2\/types\/page"}],"author":[{"embeddable":true,"href":"https:\/\/ag-frisch.com\/it\/wp-json\/wp\/v2\/users\/2"}],"replies":[{"embeddable":true,"href":"https:\/\/ag-frisch.com\/it\/wp-json\/wp\/v2\/comments?post=11901"}],"version-history":[{"count":0,"href":"https:\/\/ag-frisch.com\/it\/wp-json\/wp\/v2\/pages\/11901\/revisions"}],"wp:attachment":[{"href":"https:\/\/ag-frisch.com\/it\/wp-json\/wp\/v2\/media?parent=11901"}],"curies":[{"name":"wp","href":"https:\/\/api.w.org\/{rel}","templated":true}]}}