{"id":14576,"date":"2022-08-23T20:22:01","date_gmt":"2022-08-23T18:22:01","guid":{"rendered":"https:\/\/ag-frisch.com\/direttiva-sulle-apparecchiature-radio-red\/"},"modified":"2023-01-27T05:51:08","modified_gmt":"2023-01-27T04:51:08","slug":"direttiva-sulle-apparecchiature-radio-red","status":"publish","type":"page","link":"https:\/\/ag-frisch.com\/it\/direttiva-sulle-apparecchiature-radio-red\/","title":{"rendered":"Direttiva sulle apparecchiature radio (RED)"},"content":{"rendered":"<p>[et_pb_section fb_built=&#8221;1&#8243; _builder_version=&#8221;4.16&#8243; _module_preset=&#8221;default&#8221; global_colors_info=&#8221;{}&#8221;][et_pb_row _builder_version=&#8221;4.18.1&#8243; _module_preset=&#8221;default&#8221;][et_pb_column _builder_version=&#8221;4.18.1&#8243; _module_preset=&#8221;default&#8221; type=&#8221;4_4&#8243;][et_pb_cta title=&#8221;Consultazione delle linee guida RED&#8221; button_url=&#8221;https:\/\/ag-frisch.com\/it\/contatto\/&#8221; button_text=&#8221;Prenota ora una consulenza&#8221; _builder_version=&#8221;4.16&#8243; _module_preset=&#8221;default&#8221; global_colors_info=&#8221;{}&#8221; theme_builder_area=&#8221;post_content&#8221;]<\/p>\n<p>Con i consigli dell&#8217;Agenzia di importazione cinese Frisch, non commetterete alcun errore nell&#8217;importare apparecchiature radio dalla Cina.<\/p>\n<p>[\/et_pb_cta][\/et_pb_column][\/et_pb_row][et_pb_row _builder_version=&#8221;4.16&#8243; _module_preset=&#8221;default&#8221; global_colors_info=&#8221;{}&#8221;][et_pb_column type=&#8221;4_4&#8243; _builder_version=&#8221;4.16&#8243; _module_preset=&#8221;default&#8221; global_colors_info=&#8221;{}&#8221;][et_pb_text admin_label=&#8221;H1&#8243; _builder_version=&#8221;4.18.1&#8243; _module_preset=&#8221;default&#8221; global_colors_info=&#8221;{}&#8221;]<\/p>\n<h1>Direttiva RED (Radio Equipment Directive) per la produzione in Cina<\/h1>\n<p>[\/et_pb_text][et_pb_text _builder_version=&#8221;4.18.1&#8243; _module_preset=&#8221;default&#8221; global_colors_info=&#8221;{}&#8221;]<\/p>\n<h2><strong>Conformit\u00e0 alla Direttiva RED per la produzione in Cina<\/strong><\/h2>\n<p>La Direttiva sulle apparecchiature radio (Direttiva 2014\/53\/UE, meglio nota come &#8220;Direttiva RED&#8221;) regola i requisiti delle apparecchiature radio messe a disposizione sul mercato nell&#8217;area europea. In Germania, la legge sulle apparecchiature radio del 2017 corrisponde all&#8217;attuazione nazionale della Direttiva RED. Chiunque importi dalla Cina beni che rientrano nella Direttiva RED \u00e8 responsabile della sua osservanza. Ci\u00f2 significa che voi, in quanto acquirenti di apparecchiature radio e simili dalla Cina, dovete assicurarvi che i vostri prodotti non violino la Direttiva RED.<\/p>\n<p>I prodotti coperti dalla Direttiva RED sono, ad esempio, i seguenti:<\/p>\n<ul>\n<li>Telefoni cellulari<\/li>\n<li>Router WLAN<\/li>\n<li>Ricevitore radio<\/li>\n<li>componenti automobilistici basati sulla radio<\/li>\n<li>Antenne DVB-T2<\/li>\n<\/ul>\n<p>Il vantaggio per voi: i prodotti a cui si applica la Direttiva RED non devono essere nuovamente testati secondo la Direttiva EMC.<\/p>\n<p>&nbsp;<\/p>\n<h3><strong>Conformit\u00e0 alla Direttiva RED per la produzione in Cina<\/strong><\/h3>\n<p>Se importate merci dalla Cina in Germania, queste devono essere conformi agli standard tedeschi. Nel settore elettronico, vi sono la Direttiva EMC, la Direttiva Bassa Tensione e la Direttiva RED. I requisiti in esso contenuti mirano a garantire quanto segue:<\/p>\n<ul>\n<li>Protezione della salute e della sicurezza<\/li>\n<li>compatibilit\u00e0 elettromagnetica<\/li>\n<li>Uso efficace ed efficiente delle frequenze radio<\/li>\n<li>Evitare le interferenze radio<\/li>\n<\/ul>\n<p>&nbsp;<\/p>\n<p><strong>Nota: l&#8217;importazione di prodotti elettronici \u00e8 possibile solo in conformit\u00e0 alla direttiva RED!<\/strong><\/p>\n<p>&nbsp;<\/p>\n<p>In qualit\u00e0 di vostro partner per le importazioni dalla Cina, vi forniamo informazioni a tutto tondo su questo e su tutti gli altri argomenti e vi diciamo tutto quello che dovete sapere per un&#8217;importazione senza problemi. Inoltre, siamo lieti di effettuare i test RED in Cina nei laboratori della nostra filiale BEIDE Compliance Laboratory.<\/p>\n<p>&nbsp;<\/p>\n<p><strong>Audit professionale RED in Cina<\/strong><\/p>\n<p>La nostra filiale BEIDE Compliance Laboratory \u00e8 in grado di supportarvi nel rispetto della direttiva RED quando producete in Cina. Nei loro laboratori di prova attrezzati per l&#8217;alta qualit\u00e0, vengono eseguiti tutti i test RED in Cina, che fanno parte della vostra importazione. In condizioni professionali, \u00e8 quindi possibile fornire le prove di prova richieste per la procedura di valutazione della conformit\u00e0. Quando affidate l&#8217;ispezione RED in Cina alle nostre mani, potete fidarvi che verr\u00e0 svolto un lavoro serio. Se necessario, effettuiamo anche controlli successivi per i certificati forniti da altri enti, assicurandoci cos\u00ec che non sorgano problemi in dogana.<\/p>\n<p>&nbsp;<\/p>\n<p><strong>Gli obblighi dell&#8217;importatore<\/strong><\/p>\n<p>L&#8217;importazione di prodotti soggetti alla Direttiva RED \u00e8 soggetta a condizioni. I diversi attori nei punti della catena di fornitura devono fornire e dimostrare prestazioni adeguate. Questi includono, tra gli altri:<\/p>\n<ul>\n<li>Procedura di valutazione della conformit\u00e0<\/li>\n<li>Attuale dichiarazione di conformit\u00e0<\/li>\n<li>Etichettatura dei prodotti<\/li>\n<li>Istruzioni per l&#8217;uso e informazioni sulla sicurezza<\/li>\n<\/ul>\n<p>I requisiti da soddisfare per garantire la conformit\u00e0 alla Direttiva RED per la produzione in Cina sono oggetto delle nostre consulenze complete. L&#8217;Agenzia Frisch conosce la situazione legale, la giurisprudenza attuale e le procedure concrete per verificare la conformit\u00e0 alla Direttiva RED per la produzione in Cina. Saremo lieti di occuparci di tutti i controlli e di altri compiti, proteggendovi dalle tipiche insidie.<\/p>\n<p>&nbsp;<\/p>\n<p><strong>Laboratorio di conformit\u00e0 BEIDE &#8211; una filiale dell&#8217;Agenzia Frisch<\/strong><\/p>\n<p>Il Laboratorio di Conformit\u00e0 BEIDE vi offre l&#8217;attrezzatura necessaria e specialisti qualificati per eseguire i test sui vostri prodotti in relazione alla conformit\u00e0 con la Direttiva RED in Cina. Ci occupiamo di tutti i trasporti e delle ispezioni previste durante l&#8217;ispezione RED in Cina. Il nostro obiettivo \u00e8 quello di offrirvi tutti i servizi relativi alle importazioni dalla Cina da un&#8217;unica fonte.<\/p>\n<p>&nbsp;<\/p>\n<p><strong>Agentur Frisch &#8211; il vostro fornitore affidabile e competente di servizi completi per l&#8217;importazione in Cina!<\/strong><\/p>\n<p><strong> <\/strong><\/p>\n<p><strong> <\/strong>[\/et_pb_text][\/et_pb_column][\/et_pb_row][\/et_pb_section][et_pb_section fb_built=&#8221;1&#8243; admin_label=&#8221;Testimonials&#8221; _builder_version=&#8221;4.16&#8243; use_background_color_gradient=&#8221;on&#8221; background_color_gradient_stops=&#8221;rgba(0,106,156,0.85) 0%|rgba(0,106,156,0.85) 100%&#8221; background_color_gradient_start=&#8221;rgba(0,106,156,0.85)&#8221; background_color_gradient_end=&#8221;rgba(0,106,156,0.85)&#8221; custom_padding=&#8221;90px||60px|&#8221; animation_style=&#8221;fold&#8221; animation_direction=&#8221;bottom&#8221; animation_intensity_fold=&#8221;4%&#8221; global_colors_info=&#8221;{}&#8221; theme_builder_area=&#8221;post_content&#8221;][et_pb_row _builder_version=&#8221;4.16&#8243; background_size=&#8221;initial&#8221; background_position=&#8221;top_left&#8221; background_repeat=&#8221;repeat&#8221; custom_width_px=&#8221;710px&#8221; locked=&#8221;off&#8221; global_colors_info=&#8221;{}&#8221; theme_builder_area=&#8221;post_content&#8221;][et_pb_column type=&#8221;4_4&#8243; _builder_version=&#8221;4.16&#8243; background_position=&#8221;top_left&#8221; custom_padding=&#8221;|||&#8221; global_colors_info=&#8221;{}&#8221; custom_padding__hover=&#8221;|||&#8221; theme_builder_area=&#8221;post_content&#8221;][et_pb_text admin_label=&#8221;Testimonials Section Title&#8221; _builder_version=&#8221;4.16&#8243; header_font=&#8221;Montserrat||||&#8221; header_font_size=&#8221;36px&#8221; background_size=&#8221;initial&#8221; background_position=&#8221;top_left&#8221; background_repeat=&#8221;repeat&#8221; text_orientation=&#8221;center&#8221; background_layout=&#8221;dark&#8221; max_width=&#8221;710px&#8221; module_alignment=&#8221;center&#8221; animation_style=&#8221;fold&#8221; animation_direction=&#8221;bottom&#8221; animation_intensity_fold=&#8221;20%&#8221; global_colors_info=&#8221;{}&#8221; theme_builder_area=&#8221;post_content&#8221;]<\/p>\n<h1>Oltre 5000 clienti soddisfatti.<\/h1>\n<p>&nbsp;<\/p>\n<p>[\/et_pb_text][et_pb_divider color=&#8221;#ffffff&#8221; divider_weight=&#8221;3px&#8221; disabled_on=&#8221;off|off|off&#8221; _builder_version=&#8221;4.16&#8243; background_color_gradient_direction=&#8221;90deg&#8221; max_width=&#8221;100px&#8221; module_alignment=&#8221;center&#8221; height=&#8221;5px&#8221; custom_margin=&#8221;||20px|&#8221; custom_padding=&#8221;||20px|&#8221; animation_style=&#8221;slide&#8221; animation_direction=&#8221;bottom&#8221; saved_tabs=&#8221;all&#8221; locked=&#8221;off&#8221; global_colors_info=&#8221;{}&#8221; theme_builder_area=&#8221;post_content&#8221;][\/et_pb_divider][\/et_pb_column][\/et_pb_row][et_pb_row column_structure=&#8221;1_2,1_2&#8243; _builder_version=&#8221;4.18.1&#8243; _module_preset=&#8221;default&#8221; global_colors_info=&#8221;{}&#8221; theme_builder_area=&#8221;post_content&#8221;][et_pb_column type=&#8221;1_2&#8243; _builder_version=&#8221;4.18.1&#8243; _module_preset=&#8221;default&#8221; global_colors_info=&#8221;{}&#8221; theme_builder_area=&#8221;post_content&#8221;][et_pb_testimonial author=&#8221;Marco&#8221; portrait_url=&#8221;https:\/\/ag-frisch.com\/wp-content\/uploads\/2021\/08\/Harald.png&#8221; quote_icon=&#8221;off&#8221; _builder_version=&#8221;4.18.1&#8243; _module_preset=&#8221;default&#8221; body_font_size=&#8221;16px&#8221; use_background_color=&#8221;off&#8221; background_layout=&#8221;dark&#8221; global_colors_info=&#8221;{}&#8221; theme_builder_area=&#8221;post_content&#8221;]Ho commissionato all&#8217;Agentur Frisch la produzione di un mobile di grandi dimensioni in Cina e il suo trasporto in Germania. Ottimale la comunicazione via mail! Risposte molto rapide e affidabili mi hanno costantemente dato le rassicurazioni che sono essenziali in un&#8217;impresa del genere. Sono stata sempre aiutata nelle complicate pratiche burocratiche e nessun modulo \u00e8 stato dimenticato o compilato in modo errato. Eccellente!<a href=\"&lt;div%20class=%22pe-richsnippets%22&gt;&nbsp;&lt;\/div&gt;%20&lt;script%20type=%22text\/javascript%22%20src=%22https:\/\/www.provenexpert.com\/widget\/richsnippet.js?u=1NUA0VwZ4RUZ5tmAi5zA4RaplNKAlWwZ&amp;v=2%22%20async&gt;&lt;\/script&gt;%20&lt;div%20style=%22text-align:%20justify;%22&gt;&lt;br%20\/&gt;\"><\/a><\/p>\n<div class=\"brow ratingBarMargin\">\n<div class=\"ratingBar\">\n<div class=\"brow\">\n<div class=\"pe-richsnippets\">&nbsp;<\/div>\n<p><script type=\"text\/javascript\" src=\"https:\/\/www.provenexpert.com\/widget\/richsnippet.js?u=1NUA0VwZ4RUZ5tmAi5zA4RaplNKAlWwZ&amp;v=2\" async=\"\"><\/script><\/p>\n<div style=\"text-align: justify;\"><\/p>\n<div class=\"col-lg-9 col-md-8 col-xs-10 mt20 mb20\">\n<div class=\"col-xs-12 surveyNameForRating\"><\/div>\n<\/div>\n<\/div>\n<\/div>\n<\/div>\n<\/div>\n<p>[\/et_pb_testimonial][\/et_pb_column][et_pb_column type=&#8221;1_2&#8243; _builder_version=&#8221;4.18.1&#8243; _module_preset=&#8221;default&#8221; global_colors_info=&#8221;{}&#8221; theme_builder_area=&#8221;post_content&#8221;][et_pb_testimonial author=&#8221;Simone L.&#8221; portrait_url=&#8221;https:\/\/ag-frisch.com\/wp-content\/uploads\/2021\/08\/Harald.png&#8221; quote_icon=&#8221;off&#8221; _builder_version=&#8221;4.18.1&#8243; _module_preset=&#8221;default&#8221; body_font_size=&#8221;16px&#8221; use_background_color=&#8221;off&#8221; background_layout=&#8221;dark&#8221; global_colors_info=&#8221;{}&#8221; theme_builder_area=&#8221;post_content&#8221;]<\/p>\n<p>Tutto perfetto! Non potevo immaginare servizio migliore di questo! Impossibile trovare consulenza e servizio migliori! Ci siamo rivolti pi\u00fa volte all\u00b4agenzia e siamo pi\u00fa che soddisfatti. Continueremo sicuramente a collaborare con loro!<\/p>\n<div class=\"brow ratingBarMargin\">\n<div class=\"ratingBar\">\n<div class=\"brow\">\n<div class=\"pe-richsnippets\"> <\/div>\n<p>\n<script type=\"text\/javascript\" src=\"https:\/\/www.provenexpert.com\/widget\/richsnippet.js?u=1NUA0VwZ4RUZ5tmAi5zA4RaplNKAlWwZ&amp;v=2\" async=\"\"><\/script>\n<\/p>\n<div style=\"text-align: justify;\">\n<p>&nbsp;<\/p>\n<div class=\"col-lg-9 col-md-8 col-xs-10 mt20 mb20\">\n<div class=\"col-xs-12 surveyNameForRating\"><\/div>\n<\/div>\n<\/div>\n<\/div>\n<\/div>\n<\/div>\n<p>[\/et_pb_testimonial][\/et_pb_column][\/et_pb_row][et_pb_row _builder_version=&#8221;4.16&#8243; background_size=&#8221;initial&#8221; background_position=&#8221;top_left&#8221; background_repeat=&#8221;repeat&#8221; custom_padding=&#8221;50px|0px|30px|0px&#8221; custom_css_main_element=&#8221;text-align: center;&#8221; global_colors_info=&#8221;{}&#8221; theme_builder_area=&#8221;post_content&#8221;][et_pb_column type=&#8221;4_4&#8243; _builder_version=&#8221;4.16&#8243; custom_padding=&#8221;|||&#8221; global_colors_info=&#8221;{}&#8221; custom_padding__hover=&#8221;|||&#8221; theme_builder_area=&#8221;post_content&#8221;][et_pb_button button_url=&#8221;https:\/\/www.provenexpert.com\/de-de\/agentur-frisch-international-consulting-gmbh-und-co-kg\/&#8221; button_text=&#8221;ALTRE VALUTAZIONI&#8221; button_alignment=&#8221;left&#8221; admin_label=&#8221;Testimonial Button&#8221; _builder_version=&#8221;4.16&#8243; custom_button=&#8221;on&#8221; button_text_size=&#8221;18px&#8221; button_text_color=&#8221;#ffffff&#8221; button_bg_color=&#8221;#6eba01&#8243; button_border_width=&#8221;2px&#8221; button_border_color=&#8221;#6eba01&#8243; button_border_radius=&#8221;0px&#8221; button_letter_spacing=&#8221;2px&#8221; button_font=&#8221;Montserrat|||on|&#8221; button_use_icon=&#8221;off&#8221; animation_style=&#8221;fold&#8221; animation_direction=&#8221;bottom&#8221; button_text_color_hover=&#8221;#ffffff&#8221; button_border_color_hover=&#8221;#ffffff&#8221; button_border_radius_hover=&#8221;0px&#8221; button_letter_spacing_hover=&#8221;2px&#8221; button_bg_color_hover=&#8221;rgba(255,255,255,0)&#8221; locked=&#8221;off&#8221; global_colors_info=&#8221;{}&#8221; button_text_size__hover_enabled=&#8221;off&#8221; button_one_text_size__hover_enabled=&#8221;off&#8221; button_two_text_size__hover_enabled=&#8221;off&#8221; button_text_color__hover_enabled=&#8221;on&#8221; button_text_color__hover=&#8221;#ffffff&#8221; button_one_text_color__hover_enabled=&#8221;off&#8221; button_two_text_color__hover_enabled=&#8221;off&#8221; button_border_width__hover_enabled=&#8221;off&#8221; button_one_border_width__hover_enabled=&#8221;off&#8221; button_two_border_width__hover_enabled=&#8221;off&#8221; button_border_color__hover_enabled=&#8221;on&#8221; button_border_color__hover=&#8221;#ffffff&#8221; button_one_border_color__hover_enabled=&#8221;off&#8221; button_two_border_color__hover_enabled=&#8221;off&#8221; button_border_radius__hover_enabled=&#8221;on&#8221; button_border_radius__hover=&#8221;0px&#8221; button_one_border_radius__hover_enabled=&#8221;off&#8221; button_two_border_radius__hover_enabled=&#8221;off&#8221; button_letter_spacing__hover_enabled=&#8221;on&#8221; button_letter_spacing__hover=&#8221;2px&#8221; button_one_letter_spacing__hover_enabled=&#8221;off&#8221; button_two_letter_spacing__hover_enabled=&#8221;off&#8221; button_bg_color__hover_enabled=&#8221;on&#8221; button_bg_color__hover=&#8221;rgba(255,255,255,0)&#8221; button_one_bg_color__hover_enabled=&#8221;off&#8221; button_two_bg_color__hover_enabled=&#8221;off&#8221; theme_builder_area=&#8221;post_content&#8221;][\/et_pb_button][\/et_pb_column][\/et_pb_row][\/et_pb_section]<\/p>\n","protected":false},"excerpt":{"rendered":"<p>Con i consigli dell&#8217;Agenzia di importazione cinese Frisch, non commetterete alcun errore nell&#8217;importare apparecchiature radio dalla Cina.Direttiva RED (Radio Equipment Directive) per la produzione in CinaConformit\u00e0 alla Direttiva RED per la produzione in Cina La Direttiva sulle apparecchiature radio (Direttiva 2014\/53\/UE, meglio nota come &#8220;Direttiva RED&#8221;) regola i requisiti delle apparecchiature radio messe a disposizione [&hellip;]<\/p>\n","protected":false},"author":2,"featured_media":0,"parent":0,"menu_order":0,"comment_status":"closed","ping_status":"closed","template":"","meta":{"_et_pb_use_builder":"on","_et_pb_old_content":"","_et_gb_content_width":"","footnotes":""},"class_list":["post-14576","page","type-page","status-publish","hentry"],"yoast_head":"<!-- This site is optimized with the Yoast SEO plugin v27.2 - https:\/\/yoast.com\/product\/yoast-seo-wordpress\/ -->\n<title>Direttiva RED: conformit\u00e0 e test per i prodotti provenienti dalla Cina<\/title>\n<meta name=\"description\" content=\"Direttiva RED (Radio Equipment Directive) per la produzione cinese \u25ba Test RED professionali in loco \u25ba Richiedete subito una consulenza esperta!\" \/>\n<meta name=\"robots\" content=\"index, follow, max-snippet:-1, max-image-preview:large, max-video-preview:-1\" \/>\n<link rel=\"canonical\" href=\"https:\/\/ag-frisch.com\/it\/direttiva-sulle-apparecchiature-radio-red\/\" \/>\n<meta property=\"og:locale\" content=\"it_IT\" \/>\n<meta property=\"og:type\" content=\"article\" \/>\n<meta property=\"og:title\" content=\"Direttiva RED: conformit\u00e0 e test per i prodotti provenienti dalla Cina\" \/>\n<meta property=\"og:description\" content=\"Direttiva RED (Radio Equipment Directive) per la produzione cinese \u25ba Test RED professionali in loco \u25ba Richiedete subito una consulenza esperta!\" \/>\n<meta property=\"og:url\" content=\"https:\/\/ag-frisch.com\/it\/direttiva-sulle-apparecchiature-radio-red\/\" \/>\n<meta property=\"og:site_name\" content=\"China Import Beratung f\u00fcr den Einkauf aus China\" \/>\n<meta property=\"article:publisher\" content=\"https:\/\/www.facebook.com\/China.Import\" \/>\n<meta property=\"article:modified_time\" content=\"2023-01-27T04:51:08+00:00\" \/>\n<meta name=\"twitter:card\" content=\"summary_large_image\" \/>\n<meta name=\"twitter:site\" content=\"@agenturfrisch\" \/>\n<meta name=\"twitter:label1\" content=\"Tempo di lettura stimato\" \/>\n\t<meta name=\"twitter:data1\" content=\"8 minuti\" \/>\n<script type=\"application\/ld+json\" class=\"yoast-schema-graph\">{\"@context\":\"https:\/\/schema.org\",\"@graph\":[{\"@type\":\"WebPage\",\"@id\":\"https:\/\/ag-frisch.com\/it\/direttiva-sulle-apparecchiature-radio-red\/\",\"url\":\"https:\/\/ag-frisch.com\/it\/direttiva-sulle-apparecchiature-radio-red\/\",\"name\":\"Direttiva RED: conformit\u00e0 e test per i prodotti provenienti dalla Cina\",\"isPartOf\":{\"@id\":\"https:\/\/ag-frisch.com\/de\/#website\"},\"datePublished\":\"2022-08-23T18:22:01+00:00\",\"dateModified\":\"2023-01-27T04:51:08+00:00\",\"description\":\"Direttiva RED (Radio Equipment Directive) per la produzione cinese \u25ba Test RED professionali in loco \u25ba Richiedete subito una consulenza esperta!\",\"breadcrumb\":{\"@id\":\"https:\/\/ag-frisch.com\/it\/direttiva-sulle-apparecchiature-radio-red\/#breadcrumb\"},\"inLanguage\":\"it-IT\",\"potentialAction\":[{\"@type\":\"ReadAction\",\"target\":[\"https:\/\/ag-frisch.com\/it\/direttiva-sulle-apparecchiature-radio-red\/\"]}]},{\"@type\":\"BreadcrumbList\",\"@id\":\"https:\/\/ag-frisch.com\/it\/direttiva-sulle-apparecchiature-radio-red\/#breadcrumb\",\"itemListElement\":[{\"@type\":\"ListItem\",\"position\":1,\"name\":\"Startseite\",\"item\":\"https:\/\/ag-frisch.com\/de\/\"},{\"@type\":\"ListItem\",\"position\":2,\"name\":\"Direttiva sulle apparecchiature radio (RED)\"}]},{\"@type\":\"WebSite\",\"@id\":\"https:\/\/ag-frisch.com\/de\/#website\",\"url\":\"https:\/\/ag-frisch.com\/de\/\",\"name\":\"China Import Beratung f\u00fcr den Einkauf aus China\",\"description\":\"China Import &amp; Export Beratung - Der Dienstleister Ihres Vertrauens f\u00fcr Ihren China Import\",\"publisher\":{\"@id\":\"https:\/\/ag-frisch.com\/de\/#organization\"},\"potentialAction\":[{\"@type\":\"SearchAction\",\"target\":{\"@type\":\"EntryPoint\",\"urlTemplate\":\"https:\/\/ag-frisch.com\/de\/?s={search_term_string}\"},\"query-input\":{\"@type\":\"PropertyValueSpecification\",\"valueRequired\":true,\"valueName\":\"search_term_string\"}}],\"inLanguage\":\"it-IT\"},{\"@type\":\"Organization\",\"@id\":\"https:\/\/ag-frisch.com\/de\/#organization\",\"name\":\"Agentur Frisch International Consulting GmbH & Co. KG\",\"url\":\"https:\/\/ag-frisch.com\/de\/\",\"logo\":{\"@type\":\"ImageObject\",\"inLanguage\":\"it-IT\",\"@id\":\"https:\/\/ag-frisch.com\/de\/#\/schema\/logo\/image\/\",\"url\":\"https:\/\/ag-frisch.com\/wp-content\/uploads\/2021\/08\/ag_logo_rgb_300_small.png\",\"contentUrl\":\"https:\/\/ag-frisch.com\/wp-content\/uploads\/2021\/08\/ag_logo_rgb_300_small.png\",\"width\":153,\"height\":102,\"caption\":\"Agentur Frisch International Consulting GmbH & Co. KG\"},\"image\":{\"@id\":\"https:\/\/ag-frisch.com\/de\/#\/schema\/logo\/image\/\"},\"sameAs\":[\"https:\/\/www.facebook.com\/China.Import\",\"https:\/\/x.com\/agenturfrisch\"]}]}<\/script>\n<!-- \/ Yoast SEO plugin. -->","yoast_head_json":{"title":"Direttiva RED: conformit\u00e0 e test per i prodotti provenienti dalla Cina","description":"Direttiva RED (Radio Equipment Directive) per la produzione cinese \u25ba Test RED professionali in loco \u25ba Richiedete subito una consulenza esperta!","robots":{"index":"index","follow":"follow","max-snippet":"max-snippet:-1","max-image-preview":"max-image-preview:large","max-video-preview":"max-video-preview:-1"},"canonical":"https:\/\/ag-frisch.com\/it\/direttiva-sulle-apparecchiature-radio-red\/","og_locale":"it_IT","og_type":"article","og_title":"Direttiva RED: conformit\u00e0 e test per i prodotti provenienti dalla Cina","og_description":"Direttiva RED (Radio Equipment Directive) per la produzione cinese \u25ba Test RED professionali in loco \u25ba Richiedete subito una consulenza esperta!","og_url":"https:\/\/ag-frisch.com\/it\/direttiva-sulle-apparecchiature-radio-red\/","og_site_name":"China Import Beratung f\u00fcr den Einkauf aus China","article_publisher":"https:\/\/www.facebook.com\/China.Import","article_modified_time":"2023-01-27T04:51:08+00:00","twitter_card":"summary_large_image","twitter_site":"@agenturfrisch","twitter_misc":{"Tempo di lettura stimato":"8 minuti"},"schema":{"@context":"https:\/\/schema.org","@graph":[{"@type":"WebPage","@id":"https:\/\/ag-frisch.com\/it\/direttiva-sulle-apparecchiature-radio-red\/","url":"https:\/\/ag-frisch.com\/it\/direttiva-sulle-apparecchiature-radio-red\/","name":"Direttiva RED: conformit\u00e0 e test per i prodotti provenienti dalla Cina","isPartOf":{"@id":"https:\/\/ag-frisch.com\/de\/#website"},"datePublished":"2022-08-23T18:22:01+00:00","dateModified":"2023-01-27T04:51:08+00:00","description":"Direttiva RED (Radio Equipment Directive) per la produzione cinese \u25ba Test RED professionali in loco \u25ba Richiedete subito una consulenza esperta!","breadcrumb":{"@id":"https:\/\/ag-frisch.com\/it\/direttiva-sulle-apparecchiature-radio-red\/#breadcrumb"},"inLanguage":"it-IT","potentialAction":[{"@type":"ReadAction","target":["https:\/\/ag-frisch.com\/it\/direttiva-sulle-apparecchiature-radio-red\/"]}]},{"@type":"BreadcrumbList","@id":"https:\/\/ag-frisch.com\/it\/direttiva-sulle-apparecchiature-radio-red\/#breadcrumb","itemListElement":[{"@type":"ListItem","position":1,"name":"Startseite","item":"https:\/\/ag-frisch.com\/de\/"},{"@type":"ListItem","position":2,"name":"Direttiva sulle apparecchiature radio (RED)"}]},{"@type":"WebSite","@id":"https:\/\/ag-frisch.com\/de\/#website","url":"https:\/\/ag-frisch.com\/de\/","name":"China Import Beratung f\u00fcr den Einkauf aus China","description":"China Import &amp; Export Beratung - Der Dienstleister Ihres Vertrauens f\u00fcr Ihren China Import","publisher":{"@id":"https:\/\/ag-frisch.com\/de\/#organization"},"potentialAction":[{"@type":"SearchAction","target":{"@type":"EntryPoint","urlTemplate":"https:\/\/ag-frisch.com\/de\/?s={search_term_string}"},"query-input":{"@type":"PropertyValueSpecification","valueRequired":true,"valueName":"search_term_string"}}],"inLanguage":"it-IT"},{"@type":"Organization","@id":"https:\/\/ag-frisch.com\/de\/#organization","name":"Agentur Frisch International Consulting GmbH & Co. KG","url":"https:\/\/ag-frisch.com\/de\/","logo":{"@type":"ImageObject","inLanguage":"it-IT","@id":"https:\/\/ag-frisch.com\/de\/#\/schema\/logo\/image\/","url":"https:\/\/ag-frisch.com\/wp-content\/uploads\/2021\/08\/ag_logo_rgb_300_small.png","contentUrl":"https:\/\/ag-frisch.com\/wp-content\/uploads\/2021\/08\/ag_logo_rgb_300_small.png","width":153,"height":102,"caption":"Agentur Frisch International Consulting GmbH & Co. KG"},"image":{"@id":"https:\/\/ag-frisch.com\/de\/#\/schema\/logo\/image\/"},"sameAs":["https:\/\/www.facebook.com\/China.Import","https:\/\/x.com\/agenturfrisch"]}]}},"_links":{"self":[{"href":"https:\/\/ag-frisch.com\/it\/wp-json\/wp\/v2\/pages\/14576","targetHints":{"allow":["GET"]}}],"collection":[{"href":"https:\/\/ag-frisch.com\/it\/wp-json\/wp\/v2\/pages"}],"about":[{"href":"https:\/\/ag-frisch.com\/it\/wp-json\/wp\/v2\/types\/page"}],"author":[{"embeddable":true,"href":"https:\/\/ag-frisch.com\/it\/wp-json\/wp\/v2\/users\/2"}],"replies":[{"embeddable":true,"href":"https:\/\/ag-frisch.com\/it\/wp-json\/wp\/v2\/comments?post=14576"}],"version-history":[{"count":0,"href":"https:\/\/ag-frisch.com\/it\/wp-json\/wp\/v2\/pages\/14576\/revisions"}],"wp:attachment":[{"href":"https:\/\/ag-frisch.com\/it\/wp-json\/wp\/v2\/media?parent=14576"}],"curies":[{"name":"wp","href":"https:\/\/api.w.org\/{rel}","templated":true}]}}