{"id":14609,"date":"2022-08-24T22:52:31","date_gmt":"2022-08-24T20:52:31","guid":{"rendered":"https:\/\/ag-frisch.com\/ukca\/"},"modified":"2023-01-27T05:51:08","modified_gmt":"2023-01-27T04:51:08","slug":"ukca","status":"publish","type":"page","link":"https:\/\/ag-frisch.com\/it\/ukca\/","title":{"rendered":"UKCA"},"content":{"rendered":"<p>[et_pb_section fb_built=&#8221;1&#8243; _builder_version=&#8221;4.16&#8243; _module_preset=&#8221;default&#8221; global_colors_info=&#8221;{}&#8221;][et_pb_row _builder_version=&#8221;4.16&#8243; _module_preset=&#8221;default&#8221; global_colors_info=&#8221;{}&#8221;][et_pb_column type=&#8221;4_4&#8243; _builder_version=&#8221;4.16&#8243; _module_preset=&#8221;default&#8221; global_colors_info=&#8221;{}&#8221;][et_pb_cta title=&#8221;Rappresentante nell&#039;UE e\/o nel Regno Unito&#8221; button_url=&#8221;https:\/\/ag-frisch.com\/it\/contatto\/&#8221; button_text=&#8221;Prenotate ora i rappresentanti per l&#039;UE e il Regno Unito&#8221; _builder_version=&#8221;4.18.1&#8243; _module_preset=&#8221;default&#8221; hover_enabled=&#8221;0&#8243; global_colors_info=&#8221;{}&#8221; theme_builder_area=&#8221;post_content&#8221; sticky_enabled=&#8221;0&#8243;]<\/p>\n<p>Se volete distribuire merci nel Regno Unito e\/o nell&#8217;UE e la vostra sede legale si trova al di fuori dell&#8217;UE o dell&#8217;UE, avete bisogno di un rappresentante nell&#8217;UE o nel Regno Unito. Vi sosteniamo in questo.  <\/p>\n<p>[\/et_pb_cta][et_pb_text admin_label=&#8221;H1&#8243; _builder_version=&#8221;4.18.1&#8243; _module_preset=&#8221;default&#8221; global_colors_info=&#8221;{}&#8221;]<\/p>\n<h1>Marcatura e agente UKCA per l&#8217;importazione in Cina<\/h1>\n<p>[\/et_pb_text][et_pb_text _builder_version=&#8221;4.18.1&#8243; _module_preset=&#8221;default&#8221; global_colors_info=&#8221;{}&#8221;]<\/p>\n<h2><strong>Rappresentante UKCA per le aziende dell&#8217;UE o rappresentante nell&#8217;UE per gli operatori commerciali di paesi terzi<\/strong><\/h2>\n<p>Dopo il ritiro del Regno Unito, non viene pi\u00f9 utilizzato il marchio CE, ma un nuovo marchio, l&#8217;UKCA. Nel frattempo, ci sono anche deviazioni dalla soluzione paneuropea in termini di contenuti, per cui sono necessari esperti qui se gli articoli devono essere importati nel Regno Unito. Inoltre, per ogni importazione nel Regno Unito, una persona responsabile dei prodotti. Questo rappresentante si assume la responsabilit\u00e0 legale delle merci vendute.<\/p>\n<p>Se avete sede al di fuori dell&#8217;UE (ad esempio Cina, Stati Uniti, Sudafrica) avrete bisogno di un rappresentante nell&#8217;UE o dell&#8217;UKCA se volete vendere merci nell&#8217;UE o nel Regno Unito e immagazzinarle nell&#8217;UE (ad esempio con una societ\u00e0 di fulfilment o Amazon FBA).  <\/p>\n<p>I prodotti che devono essere etichettati secondo la normativa UKCA per il Regno Unito o CE per l&#8217;UE, la Svizzera e la Turchia sono ad esempio:<\/p>\n<ul>\n<li>prodotti medicali<\/li>\n<li>Prodotti elettronici<\/li>\n<li>Attrezzature a pressione<\/li>\n<li>Macchine<\/li>\n<\/ul>\n<p>L&#8217;Agentur Frisch vi consiglia in modo competente e orientato alla soluzione di questi problemi. Possiamo anche fornirvi il rappresentante UKCA e il rappresentante UE di cui avete bisogno per le aziende in altre giurisdizioni, in modo che possiate vendere nel Regno Unito e nell&#8217;UE. In qualit\u00e0 di societ\u00e0 del Regno Unito, avete bisogno di un rappresentante nell&#8217;UE per vendere i vostri prodotti, oppure, in qualit\u00e0 di societ\u00e0 dell&#8217;UE, avete bisogno di un rappresentante corrispondente nel Regno Unito.  <\/p>\n<p>Dal 01.01.2023 \u00e8 necessario anche un rappresentante nell&#8217;UE per la conformit\u00e0 alla legge sui rifiuti elettrici e alla legge sugli imballaggi. Possiamo realizzarlo per voi anche nell&#8217;UE.  <\/p>\n<p>&nbsp;<\/p>\n<p><strong>Il Rappresentante &#8211; Rappresentante dell&#8217;UKCA e rappresentante dell&#8217;UE per le aziende dei Paesi terzi.  <\/strong><\/p>\n<p>Per poter vendere i vostri prodotti dalla Cina nel Regno Unito, dovete essere in grado di indicare una persona responsabile. Lo stesso vale per la possibilit\u00e0 di vendere merci nell&#8217;UE se la vostra azienda ha sede in un Paese terzo. La Frisch Agency organizzer\u00e0 per voi un rappresentante di questo tipo, senza il quale non \u00e8 legalmente possibile importare e vendere nel Regno Unito e nell&#8217;UE. Questo rappresentante agisce come soggetto responsabile per voi. \u00c8 legalmente vincolante poter presentare tale persona responsabile.<\/p>\n<p>&nbsp;<\/p>\n<p><strong>Nota: \u00e8 vietata l&#8217;importazione nel Regno Unito e nell&#8217;UE senza un responsabile ufficiale!<\/strong><\/p>\n<p>&nbsp;<\/p>\n<p>Affinch\u00e9 possiate realizzare la vostra importazione nel Regno Unito e nell&#8217;UE dalla Cina, vi troveremo l&#8217;UKCA e il rappresentante CE per la vostra azienda dall&#8217;UE o dal Regno Unito. Abbiamo i contatti necessari per gestire le vostre importazioni dalla Cina in conformit\u00e0 alle normative vigenti.<\/p>\n<p>&nbsp;<\/p>\n<p><strong>UKCA e\/o CE per i prodotti provenienti dalla Cina<\/strong><\/p>\n<p>Cos\u00ec come la marcatura CE nell&#8217;area europea indica chiaramente che il produttore e il venditore hanno rispettato le normative vigenti, anche la marcatura UKCA sui prodotti provenienti dalla Cina \u00e8 una caratteristica di qualit\u00e0 senza la quale non \u00e8 consentita la vendita di determinate merci. L&#8217;Agentur Frisch vi consiglia se le merci che importate dalla Cina necessitano della marcatura UKCA e\/o CE. In tal caso, effettueremo le opportune procedure di conformit\u00e0 UKCA e\/o CE. Eseguiamo test nei nostri laboratori di prova e prepariamo i documenti necessari per la conformit\u00e0 UKCA e\/o CE.<\/p>\n<p>&nbsp;<\/p>\n<p><strong>Far controllare la conformit\u00e0 UKCA e\/o CE da esperti in Cina<\/strong><\/p>\n<p>Per verificare la conformit\u00e0 UKCA e CE dei vostri prodotti impieghiamo solo esperti aggiornati dal punto di vista tecnico e legale. Soprattutto per quanto riguarda lo sviluppo parallelo dell&#8217;UKCA e del marchio CE dopo la Brexit, \u00e8 necessario accedere alle competenze qui presenti. Non \u00e8 possibile equiparare i marchi CE e UKCA.<\/p>\n<p>In qualit\u00e0 di importatore responsabile per la Cina, siamo lieti di aiutarvi a verificare e garantire la conformit\u00e0 UKCA e\/o CE dei prodotti provenienti dalla Cina. Analizziamo, offriamo soluzioni e, se necessario, ci facciamo carico della comunicazione con il produttore e\/o le autorit\u00e0.<\/p>\n<p>&nbsp;<\/p>\n<p><strong>Trovare il rappresentante UKCA e\/o il rappresentante CE giusto per l&#8217;azienda<\/strong><\/p>\n<p>Grazie ai nostri numerosi contatti, possiamo trovare il giusto rappresentante UKCA e\/o CE per la vostra azienda senza perdere tempo. Questo deve essere designato per poter importare e vendere nel Regno Unito e\/o nell&#8217;UE. Ci occupiamo delle relative formalit\u00e0, prepariamo i documenti e garantiamo che il vostro ordine di importazione venga evaso in modo rapido e affidabile, sia verso l&#8217;UE che verso il Regno Unito.<\/p>\n<p>&nbsp;<\/p>\n<p><strong>Importazione dalla Cina nel Regno Unito o nell&#8217;UE &#8211; Agentur Frisch si occupa del vostro ordine in modo professionale e affidabile! Ci occupiamo della conformit\u00e0 CE e UKCA e del rispetto della legislazione sugli imballaggi e sui rifiuti elettrici.  <\/strong><\/p>\n<p><strong> <\/strong><\/p>\n<p>[\/et_pb_text][\/et_pb_column][\/et_pb_row][et_pb_row _builder_version=&#8221;4.18.1&#8243; _module_preset=&#8221;default&#8221;][et_pb_column _builder_version=&#8221;4.18.1&#8243; _module_preset=&#8221;default&#8221; type=&#8221;4_4&#8243;][\/et_pb_column][\/et_pb_row][\/et_pb_section][et_pb_section fb_built=&#8221;1&#8243; admin_label=&#8221;Testimonials&#8221; _builder_version=&#8221;4.16&#8243; use_background_color_gradient=&#8221;on&#8221; background_color_gradient_stops=&#8221;rgba(0,106,156,0.85) 0%|rgba(0,106,156,0.85) 100%&#8221; background_color_gradient_start=&#8221;rgba(0,106,156,0.85)&#8221; background_color_gradient_end=&#8221;rgba(0,106,156,0.85)&#8221; custom_padding=&#8221;90px||60px|&#8221; animation_style=&#8221;fold&#8221; animation_direction=&#8221;bottom&#8221; animation_intensity_fold=&#8221;4%&#8221; global_colors_info=&#8221;{}&#8221; theme_builder_area=&#8221;post_content&#8221;][et_pb_row _builder_version=&#8221;4.16&#8243; background_size=&#8221;initial&#8221; background_position=&#8221;top_left&#8221; background_repeat=&#8221;repeat&#8221; custom_width_px=&#8221;710px&#8221; locked=&#8221;off&#8221; global_colors_info=&#8221;{}&#8221; theme_builder_area=&#8221;post_content&#8221;][et_pb_column type=&#8221;4_4&#8243; _builder_version=&#8221;4.16&#8243; background_position=&#8221;top_left&#8221; custom_padding=&#8221;|||&#8221; global_colors_info=&#8221;{}&#8221; custom_padding__hover=&#8221;|||&#8221; theme_builder_area=&#8221;post_content&#8221;][et_pb_text admin_label=&#8221;Testimonials Section Title&#8221; _builder_version=&#8221;4.16&#8243; header_font=&#8221;Montserrat||||&#8221; header_font_size=&#8221;36px&#8221; background_size=&#8221;initial&#8221; background_position=&#8221;top_left&#8221; background_repeat=&#8221;repeat&#8221; text_orientation=&#8221;center&#8221; background_layout=&#8221;dark&#8221; max_width=&#8221;710px&#8221; module_alignment=&#8221;center&#8221; animation_style=&#8221;fold&#8221; animation_direction=&#8221;bottom&#8221; animation_intensity_fold=&#8221;20%&#8221; global_colors_info=&#8221;{}&#8221; theme_builder_area=&#8221;post_content&#8221;]<\/p>\n<h1>Oltre 5000 clienti soddisfatti.<\/h1>\n<p>&nbsp;<\/p>\n<p>[\/et_pb_text][et_pb_divider color=&#8221;#ffffff&#8221; divider_weight=&#8221;3px&#8221; disabled_on=&#8221;off|off|off&#8221; _builder_version=&#8221;4.16&#8243; background_color_gradient_direction=&#8221;90deg&#8221; max_width=&#8221;100px&#8221; module_alignment=&#8221;center&#8221; height=&#8221;5px&#8221; custom_margin=&#8221;||20px|&#8221; custom_padding=&#8221;||20px|&#8221; animation_style=&#8221;slide&#8221; animation_direction=&#8221;bottom&#8221; saved_tabs=&#8221;all&#8221; locked=&#8221;off&#8221; global_colors_info=&#8221;{}&#8221; theme_builder_area=&#8221;post_content&#8221;][\/et_pb_divider][\/et_pb_column][\/et_pb_row][et_pb_row column_structure=&#8221;1_2,1_2&#8243; _builder_version=&#8221;4.18.1&#8243; _module_preset=&#8221;default&#8221; global_colors_info=&#8221;{}&#8221; theme_builder_area=&#8221;post_content&#8221;][et_pb_column type=&#8221;1_2&#8243; _builder_version=&#8221;4.18.1&#8243; _module_preset=&#8221;default&#8221; global_colors_info=&#8221;{}&#8221; theme_builder_area=&#8221;post_content&#8221;][et_pb_testimonial author=&#8221;Marco&#8221; portrait_url=&#8221;https:\/\/ag-frisch.com\/wp-content\/uploads\/2021\/08\/Harald.png&#8221; quote_icon=&#8221;off&#8221; _builder_version=&#8221;4.18.1&#8243; _module_preset=&#8221;default&#8221; body_font_size=&#8221;16px&#8221; use_background_color=&#8221;off&#8221; background_layout=&#8221;dark&#8221; global_colors_info=&#8221;{}&#8221; theme_builder_area=&#8221;post_content&#8221;]Ho commissionato all&#8217;Agentur Frisch la produzione di un mobile di grandi dimensioni in Cina e il suo trasporto in Germania. Ottimale la comunicazione via mail! Risposte molto rapide e affidabili mi hanno costantemente dato le rassicurazioni che sono essenziali in un&#8217;impresa del genere. Sono stata sempre aiutata nelle complicate pratiche burocratiche e nessun modulo \u00e8 stato dimenticato o compilato in modo errato. Eccellente!<a href=\"&lt;div%20class=%22pe-richsnippets%22&gt;&nbsp;&lt;\/div&gt;%20&lt;script%20type=%22text\/javascript%22%20src=%22https:\/\/www.provenexpert.com\/widget\/richsnippet.js?u=1NUA0VwZ4RUZ5tmAi5zA4RaplNKAlWwZ&amp;v=2%22%20async&gt;&lt;\/script&gt;%20&lt;div%20style=%22text-align:%20justify;%22&gt;&lt;br%20\/&gt;\"><\/a><\/p>\n<div class=\"brow ratingBarMargin\">\n<div class=\"ratingBar\">\n<div class=\"brow\">\n<div class=\"pe-richsnippets\">&nbsp;<\/div>\n<p><script type=\"text\/javascript\" src=\"https:\/\/www.provenexpert.com\/widget\/richsnippet.js?u=1NUA0VwZ4RUZ5tmAi5zA4RaplNKAlWwZ&amp;v=2\" async=\"\"><\/script><\/p>\n<div style=\"text-align: justify;\"><\/p>\n<div class=\"col-lg-9 col-md-8 col-xs-10 mt20 mb20\">\n<div class=\"col-xs-12 surveyNameForRating\"><\/div>\n<\/div>\n<\/div>\n<\/div>\n<\/div>\n<\/div>\n<p>[\/et_pb_testimonial][\/et_pb_column][et_pb_column type=&#8221;1_2&#8243; _builder_version=&#8221;4.18.1&#8243; _module_preset=&#8221;default&#8221; global_colors_info=&#8221;{}&#8221; theme_builder_area=&#8221;post_content&#8221;][et_pb_testimonial author=&#8221;Simone L.&#8221; portrait_url=&#8221;https:\/\/ag-frisch.com\/wp-content\/uploads\/2021\/08\/Harald.png&#8221; quote_icon=&#8221;off&#8221; _builder_version=&#8221;4.18.1&#8243; _module_preset=&#8221;default&#8221; body_font_size=&#8221;16px&#8221; use_background_color=&#8221;off&#8221; background_layout=&#8221;dark&#8221; global_colors_info=&#8221;{}&#8221; theme_builder_area=&#8221;post_content&#8221;]<\/p>\n<p>Tutto perfetto! Non potevo immaginare servizio migliore di questo! Impossibile trovare consulenza e servizio migliori! Ci siamo rivolti pi\u00fa volte all\u00b4agenzia e siamo pi\u00fa che soddisfatti. Continueremo sicuramente a collaborare con loro!<\/p>\n<div class=\"brow ratingBarMargin\">\n<div class=\"ratingBar\">\n<div class=\"brow\">\n<div class=\"pe-richsnippets\"> <\/div>\n<p>\n<script type=\"text\/javascript\" src=\"https:\/\/www.provenexpert.com\/widget\/richsnippet.js?u=1NUA0VwZ4RUZ5tmAi5zA4RaplNKAlWwZ&amp;v=2\" async=\"\"><\/script>\n<\/p>\n<div style=\"text-align: justify;\">\n<p>&nbsp;<\/p>\n<div class=\"col-lg-9 col-md-8 col-xs-10 mt20 mb20\">\n<div class=\"col-xs-12 surveyNameForRating\"><\/div>\n<\/div>\n<\/div>\n<\/div>\n<\/div>\n<\/div>\n<p>[\/et_pb_testimonial][\/et_pb_column][\/et_pb_row][et_pb_row _builder_version=&#8221;4.16&#8243; background_size=&#8221;initial&#8221; background_position=&#8221;top_left&#8221; background_repeat=&#8221;repeat&#8221; custom_padding=&#8221;50px|0px|30px|0px&#8221; custom_css_main_element=&#8221;text-align: center;&#8221; global_colors_info=&#8221;{}&#8221; theme_builder_area=&#8221;post_content&#8221;][et_pb_column type=&#8221;4_4&#8243; _builder_version=&#8221;4.16&#8243; custom_padding=&#8221;|||&#8221; global_colors_info=&#8221;{}&#8221; custom_padding__hover=&#8221;|||&#8221; theme_builder_area=&#8221;post_content&#8221;][et_pb_button button_url=&#8221;https:\/\/www.provenexpert.com\/de-de\/agentur-frisch-international-consulting-gmbh-und-co-kg\/&#8221; button_text=&#8221;ALTRE VALUTAZIONI&#8221; button_alignment=&#8221;left&#8221; admin_label=&#8221;Testimonial Button&#8221; _builder_version=&#8221;4.16&#8243; custom_button=&#8221;on&#8221; button_text_size=&#8221;18px&#8221; button_text_color=&#8221;#ffffff&#8221; button_bg_color=&#8221;#6eba01&#8243; button_border_width=&#8221;2px&#8221; button_border_color=&#8221;#6eba01&#8243; button_border_radius=&#8221;0px&#8221; button_letter_spacing=&#8221;2px&#8221; button_font=&#8221;Montserrat|||on|&#8221; button_use_icon=&#8221;off&#8221; animation_style=&#8221;fold&#8221; animation_direction=&#8221;bottom&#8221; button_text_color_hover=&#8221;#ffffff&#8221; button_border_color_hover=&#8221;#ffffff&#8221; button_border_radius_hover=&#8221;0px&#8221; button_letter_spacing_hover=&#8221;2px&#8221; button_bg_color_hover=&#8221;rgba(255,255,255,0)&#8221; locked=&#8221;off&#8221; global_colors_info=&#8221;{}&#8221; button_text_size__hover_enabled=&#8221;off&#8221; button_one_text_size__hover_enabled=&#8221;off&#8221; button_two_text_size__hover_enabled=&#8221;off&#8221; button_text_color__hover_enabled=&#8221;on&#8221; button_text_color__hover=&#8221;#ffffff&#8221; button_one_text_color__hover_enabled=&#8221;off&#8221; button_two_text_color__hover_enabled=&#8221;off&#8221; button_border_width__hover_enabled=&#8221;off&#8221; button_one_border_width__hover_enabled=&#8221;off&#8221; button_two_border_width__hover_enabled=&#8221;off&#8221; button_border_color__hover_enabled=&#8221;on&#8221; button_border_color__hover=&#8221;#ffffff&#8221; button_one_border_color__hover_enabled=&#8221;off&#8221; button_two_border_color__hover_enabled=&#8221;off&#8221; button_border_radius__hover_enabled=&#8221;on&#8221; button_border_radius__hover=&#8221;0px&#8221; button_one_border_radius__hover_enabled=&#8221;off&#8221; button_two_border_radius__hover_enabled=&#8221;off&#8221; button_letter_spacing__hover_enabled=&#8221;on&#8221; button_letter_spacing__hover=&#8221;2px&#8221; button_one_letter_spacing__hover_enabled=&#8221;off&#8221; button_two_letter_spacing__hover_enabled=&#8221;off&#8221; button_bg_color__hover_enabled=&#8221;on&#8221; button_bg_color__hover=&#8221;rgba(255,255,255,0)&#8221; button_one_bg_color__hover_enabled=&#8221;off&#8221; button_two_bg_color__hover_enabled=&#8221;off&#8221; theme_builder_area=&#8221;post_content&#8221;][\/et_pb_button][\/et_pb_column][\/et_pb_row][\/et_pb_section]<\/p>\n","protected":false},"excerpt":{"rendered":"<p>Se volete distribuire merci nel Regno Unito e\/o nell&#8217;UE e la vostra sede legale si trova al di fuori dell&#8217;UE o dell&#8217;UE, avete bisogno di un rappresentante nell&#8217;UE o nel Regno Unito. Vi sosteniamo in questo. Marcatura e agente UKCA per l&#8217;importazione in CinaRappresentante UKCA per le aziende dell&#8217;UE o rappresentante nell&#8217;UE per gli operatori [&hellip;]<\/p>\n","protected":false},"author":2,"featured_media":0,"parent":0,"menu_order":0,"comment_status":"closed","ping_status":"closed","template":"","meta":{"_et_pb_use_builder":"on","_et_pb_old_content":"","_et_gb_content_width":"","footnotes":""},"class_list":["post-14609","page","type-page","status-publish","hentry"],"yoast_head":"<!-- This site is optimized with the Yoast SEO plugin v27.2 - https:\/\/yoast.com\/product\/yoast-seo-wordpress\/ -->\n<title>UKCA e marchio CE e rappresentante nel Regno Unito e nell&#039;UE<\/title>\n<meta name=\"description\" content=\"Marchio UKCA e rappresentante UKCA \/CE per i prodotti provenienti dalla Cina \u25ba Rappresentante per un&#039;importazione senza problemi \u25ba Richiedete subito una consulenza!\" \/>\n<meta name=\"robots\" content=\"index, follow, max-snippet:-1, max-image-preview:large, max-video-preview:-1\" \/>\n<link rel=\"canonical\" href=\"https:\/\/ag-frisch.com\/it\/ukca\/\" \/>\n<meta property=\"og:locale\" content=\"it_IT\" \/>\n<meta property=\"og:type\" content=\"article\" \/>\n<meta property=\"og:title\" content=\"UKCA e marchio CE e rappresentante nel Regno Unito e nell&#039;UE\" \/>\n<meta property=\"og:description\" content=\"Marchio UKCA e rappresentante UKCA \/CE per i prodotti provenienti dalla Cina \u25ba Rappresentante per un&#039;importazione senza problemi \u25ba Richiedete subito una consulenza!\" \/>\n<meta property=\"og:url\" content=\"https:\/\/ag-frisch.com\/it\/ukca\/\" \/>\n<meta property=\"og:site_name\" content=\"China Import Beratung f\u00fcr den Einkauf aus China\" \/>\n<meta property=\"article:publisher\" content=\"https:\/\/www.facebook.com\/China.Import\" \/>\n<meta property=\"article:modified_time\" content=\"2023-01-27T04:51:08+00:00\" \/>\n<meta name=\"twitter:card\" content=\"summary_large_image\" \/>\n<meta name=\"twitter:site\" content=\"@agenturfrisch\" \/>\n<meta name=\"twitter:label1\" content=\"Tempo di lettura stimato\" \/>\n\t<meta name=\"twitter:data1\" content=\"9 minuti\" \/>\n<script type=\"application\/ld+json\" class=\"yoast-schema-graph\">{\"@context\":\"https:\/\/schema.org\",\"@graph\":[{\"@type\":\"WebPage\",\"@id\":\"https:\/\/ag-frisch.com\/it\/ukca\/\",\"url\":\"https:\/\/ag-frisch.com\/it\/ukca\/\",\"name\":\"UKCA e marchio CE e rappresentante nel Regno Unito e nell'UE\",\"isPartOf\":{\"@id\":\"https:\/\/ag-frisch.com\/de\/#website\"},\"datePublished\":\"2022-08-24T20:52:31+00:00\",\"dateModified\":\"2023-01-27T04:51:08+00:00\",\"description\":\"Marchio UKCA e rappresentante UKCA \/CE per i prodotti provenienti dalla Cina \u25ba Rappresentante per un'importazione senza problemi \u25ba Richiedete subito una consulenza!\",\"breadcrumb\":{\"@id\":\"https:\/\/ag-frisch.com\/it\/ukca\/#breadcrumb\"},\"inLanguage\":\"it-IT\",\"potentialAction\":[{\"@type\":\"ReadAction\",\"target\":[\"https:\/\/ag-frisch.com\/it\/ukca\/\"]}]},{\"@type\":\"BreadcrumbList\",\"@id\":\"https:\/\/ag-frisch.com\/it\/ukca\/#breadcrumb\",\"itemListElement\":[{\"@type\":\"ListItem\",\"position\":1,\"name\":\"Startseite\",\"item\":\"https:\/\/ag-frisch.com\/de\/\"},{\"@type\":\"ListItem\",\"position\":2,\"name\":\"UKCA\"}]},{\"@type\":\"WebSite\",\"@id\":\"https:\/\/ag-frisch.com\/de\/#website\",\"url\":\"https:\/\/ag-frisch.com\/de\/\",\"name\":\"China Import Beratung f\u00fcr den Einkauf aus China\",\"description\":\"China Import &amp; Export Beratung - Der Dienstleister Ihres Vertrauens f\u00fcr Ihren China Import\",\"publisher\":{\"@id\":\"https:\/\/ag-frisch.com\/de\/#organization\"},\"potentialAction\":[{\"@type\":\"SearchAction\",\"target\":{\"@type\":\"EntryPoint\",\"urlTemplate\":\"https:\/\/ag-frisch.com\/de\/?s={search_term_string}\"},\"query-input\":{\"@type\":\"PropertyValueSpecification\",\"valueRequired\":true,\"valueName\":\"search_term_string\"}}],\"inLanguage\":\"it-IT\"},{\"@type\":\"Organization\",\"@id\":\"https:\/\/ag-frisch.com\/de\/#organization\",\"name\":\"Agentur Frisch International Consulting GmbH & Co. KG\",\"url\":\"https:\/\/ag-frisch.com\/de\/\",\"logo\":{\"@type\":\"ImageObject\",\"inLanguage\":\"it-IT\",\"@id\":\"https:\/\/ag-frisch.com\/de\/#\/schema\/logo\/image\/\",\"url\":\"https:\/\/ag-frisch.com\/wp-content\/uploads\/2021\/08\/ag_logo_rgb_300_small.png\",\"contentUrl\":\"https:\/\/ag-frisch.com\/wp-content\/uploads\/2021\/08\/ag_logo_rgb_300_small.png\",\"width\":153,\"height\":102,\"caption\":\"Agentur Frisch International Consulting GmbH & Co. KG\"},\"image\":{\"@id\":\"https:\/\/ag-frisch.com\/de\/#\/schema\/logo\/image\/\"},\"sameAs\":[\"https:\/\/www.facebook.com\/China.Import\",\"https:\/\/x.com\/agenturfrisch\"]}]}<\/script>\n<!-- \/ Yoast SEO plugin. -->","yoast_head_json":{"title":"UKCA e marchio CE e rappresentante nel Regno Unito e nell'UE","description":"Marchio UKCA e rappresentante UKCA \/CE per i prodotti provenienti dalla Cina \u25ba Rappresentante per un'importazione senza problemi \u25ba Richiedete subito una consulenza!","robots":{"index":"index","follow":"follow","max-snippet":"max-snippet:-1","max-image-preview":"max-image-preview:large","max-video-preview":"max-video-preview:-1"},"canonical":"https:\/\/ag-frisch.com\/it\/ukca\/","og_locale":"it_IT","og_type":"article","og_title":"UKCA e marchio CE e rappresentante nel Regno Unito e nell'UE","og_description":"Marchio UKCA e rappresentante UKCA \/CE per i prodotti provenienti dalla Cina \u25ba Rappresentante per un'importazione senza problemi \u25ba Richiedete subito una consulenza!","og_url":"https:\/\/ag-frisch.com\/it\/ukca\/","og_site_name":"China Import Beratung f\u00fcr den Einkauf aus China","article_publisher":"https:\/\/www.facebook.com\/China.Import","article_modified_time":"2023-01-27T04:51:08+00:00","twitter_card":"summary_large_image","twitter_site":"@agenturfrisch","twitter_misc":{"Tempo di lettura stimato":"9 minuti"},"schema":{"@context":"https:\/\/schema.org","@graph":[{"@type":"WebPage","@id":"https:\/\/ag-frisch.com\/it\/ukca\/","url":"https:\/\/ag-frisch.com\/it\/ukca\/","name":"UKCA e marchio CE e rappresentante nel Regno Unito e nell'UE","isPartOf":{"@id":"https:\/\/ag-frisch.com\/de\/#website"},"datePublished":"2022-08-24T20:52:31+00:00","dateModified":"2023-01-27T04:51:08+00:00","description":"Marchio UKCA e rappresentante UKCA \/CE per i prodotti provenienti dalla Cina \u25ba Rappresentante per un'importazione senza problemi \u25ba Richiedete subito una consulenza!","breadcrumb":{"@id":"https:\/\/ag-frisch.com\/it\/ukca\/#breadcrumb"},"inLanguage":"it-IT","potentialAction":[{"@type":"ReadAction","target":["https:\/\/ag-frisch.com\/it\/ukca\/"]}]},{"@type":"BreadcrumbList","@id":"https:\/\/ag-frisch.com\/it\/ukca\/#breadcrumb","itemListElement":[{"@type":"ListItem","position":1,"name":"Startseite","item":"https:\/\/ag-frisch.com\/de\/"},{"@type":"ListItem","position":2,"name":"UKCA"}]},{"@type":"WebSite","@id":"https:\/\/ag-frisch.com\/de\/#website","url":"https:\/\/ag-frisch.com\/de\/","name":"China Import Beratung f\u00fcr den Einkauf aus China","description":"China Import &amp; Export Beratung - Der Dienstleister Ihres Vertrauens f\u00fcr Ihren China Import","publisher":{"@id":"https:\/\/ag-frisch.com\/de\/#organization"},"potentialAction":[{"@type":"SearchAction","target":{"@type":"EntryPoint","urlTemplate":"https:\/\/ag-frisch.com\/de\/?s={search_term_string}"},"query-input":{"@type":"PropertyValueSpecification","valueRequired":true,"valueName":"search_term_string"}}],"inLanguage":"it-IT"},{"@type":"Organization","@id":"https:\/\/ag-frisch.com\/de\/#organization","name":"Agentur Frisch International Consulting GmbH & Co. KG","url":"https:\/\/ag-frisch.com\/de\/","logo":{"@type":"ImageObject","inLanguage":"it-IT","@id":"https:\/\/ag-frisch.com\/de\/#\/schema\/logo\/image\/","url":"https:\/\/ag-frisch.com\/wp-content\/uploads\/2021\/08\/ag_logo_rgb_300_small.png","contentUrl":"https:\/\/ag-frisch.com\/wp-content\/uploads\/2021\/08\/ag_logo_rgb_300_small.png","width":153,"height":102,"caption":"Agentur Frisch International Consulting GmbH & Co. KG"},"image":{"@id":"https:\/\/ag-frisch.com\/de\/#\/schema\/logo\/image\/"},"sameAs":["https:\/\/www.facebook.com\/China.Import","https:\/\/x.com\/agenturfrisch"]}]}},"_links":{"self":[{"href":"https:\/\/ag-frisch.com\/it\/wp-json\/wp\/v2\/pages\/14609","targetHints":{"allow":["GET"]}}],"collection":[{"href":"https:\/\/ag-frisch.com\/it\/wp-json\/wp\/v2\/pages"}],"about":[{"href":"https:\/\/ag-frisch.com\/it\/wp-json\/wp\/v2\/types\/page"}],"author":[{"embeddable":true,"href":"https:\/\/ag-frisch.com\/it\/wp-json\/wp\/v2\/users\/2"}],"replies":[{"embeddable":true,"href":"https:\/\/ag-frisch.com\/it\/wp-json\/wp\/v2\/comments?post=14609"}],"version-history":[{"count":0,"href":"https:\/\/ag-frisch.com\/it\/wp-json\/wp\/v2\/pages\/14609\/revisions"}],"wp:attachment":[{"href":"https:\/\/ag-frisch.com\/it\/wp-json\/wp\/v2\/media?parent=14609"}],"curies":[{"name":"wp","href":"https:\/\/api.w.org\/{rel}","templated":true}]}}