{"id":7362,"date":"2021-10-25T21:52:18","date_gmt":"2021-10-25T19:52:18","guid":{"rendered":"https:\/\/ag-frisch.com\/ispezione-delle-merci\/"},"modified":"2023-01-03T09:23:22","modified_gmt":"2023-01-03T08:23:22","slug":"ispezione-delle-merci","status":"publish","type":"page","link":"https:\/\/ag-frisch.com\/it\/ispezione-delle-merci\/","title":{"rendered":"Ispezione delle merci"},"content":{"rendered":"<p>[et_pb_section fb_built=&#8221;1&#8243; _builder_version=&#8221;4.16&#8243; _module_preset=&#8221;default&#8221; global_colors_info=&#8221;{}&#8221;][et_pb_row _builder_version=&#8221;4.16&#8243; _module_preset=&#8221;default&#8221; global_colors_info=&#8221;{}&#8221;][et_pb_column type=&#8221;4_4&#8243; _builder_version=&#8221;4.16&#8243; _module_preset=&#8221;default&#8221; global_colors_info=&#8221;{}&#8221;][et_pb_cta title=&#8221;Ispezione delle merci in Cina&#8221; button_url=&#8221;https:\/\/ag-frisch.com\/de\/kontakt\/&#8221; button_text=&#8221;Prenotate subito un&#039;ispezione in Cina&#8221; _builder_version=&#8221;4.16&#8243; _module_preset=&#8221;default&#8221; global_colors_info=&#8221;{}&#8221;]<\/p>\n<p>Ispezionando le merci in Cina, si ha la certezza della qualit\u00e0 dei prodotti prima che questi lascino la Cina.  <\/p>\n<p>[\/et_pb_cta][et_pb_text _builder_version=&#8221;4.16&#8243; _module_preset=&#8221;default&#8221; global_colors_info=&#8221;{}&#8221;]<\/p>\n<h1>Ispezione delle merci in Cina<\/h1>\n<p>In caso di ispezione della merce, la spedizione viene effettuata non appena gli articoli vengono imballati. Questo per garantire che la merce sia stata prodotta secondo le specifiche dell&#8217;acquirente e che la quantit\u00e0 prodotta soddisfi le specifiche dell&#8217;acquirente. Offriamo ispezioni in particolare in Cina, Taiwan, Vietnam, Corea del Sud e India. L&#8217;ispettore preleva dei campioni di merce e li esamina visivamente per verificarne l&#8217;aspetto generale, la qualit\u00e0, le dimensioni, il colore, l&#8217;imballaggio e altri dettagli importanti del prodotto, soprattutto quelli che avete indicato come particolarmente importanti al momento della prenotazione dell&#8217;ispezione.  <\/p>\n<p>&nbsp;<\/p>\n<h2>Test secondo AQL<\/h2>\n<p>Qualit\u00e0 del prodotto: la qualit\u00e0 del prodotto finale viene controllata tenendo conto del limite di qualit\u00e0 accettabile (AQL). Se \u00e8 stato inviato un campione all&#8217;ispettore, quest&#8217;ultimo confronta la qualit\u00e0 sulla base del campione, altrimenti dipende dalle vostre esatte descrizioni. Durante l&#8217;ispezione \u00e8 importante valutare anche l&#8217;imballaggio di spedizione per evitare danni da trasporto. Altri dettagli importanti come le funzioni, le propriet\u00e0 tecniche e la manipolazione possono essere testati secondo le vostre specifiche, a condizione che lo stabilimento disponga delle attrezzature di prova necessarie a tale scopo. Naturalmente, anche il controllo dell&#8217;etichettatura rientra nell&#8217;ambito di un&#8217;ispezione delle merci, perch\u00e9 un&#8217;etichettatura errata del prodotto e\/o dell&#8217;imballaggio pu\u00f2 portare ad avvertimenti, multe, richiami o a una cattiva classificazione della merce.  <\/p>\n<p>&nbsp;<\/p>\n<h2>Prima di spedire le merci dalla Cina \u00e8 indispensabile un&#8217;ispezione delle merci.<\/h2>\n<p>&nbsp;<\/p>\n<p>Grazie alla globalizzazione, in quasi tutti i Paesi &#8211; Germania compresa &#8211; sono presenti prodotti provenienti da altre parti del mondo. Dopo che quest&#8217;anno la Germania ha dovuto cedere il titolo di &#8220;campione mondiale delle esportazioni&#8221; alla Cina, ci si chiede cosa succeder\u00e0 alla qualit\u00e0 dei prodotti fabbricati all&#8217;estero, soprattutto in considerazione della forte crescita economica.<span> <\/span><strong>Importazioni dalla Cina<\/strong><span> <\/span>aspetto.<\/p>\n<p><strong>Merci dalla Cina<\/strong><span> <\/span>o di altri paesi asiatici sono molto popolari in Germania per il loro prezzo basso, ma sono anche noti per essere di qualit\u00e0 inferiore, il che \u00e8 vero solo in parte. Anche i prodotti provenienti dalla Cina possono essere di alta qualit\u00e0, anche se la quota \u00e8 inferiore rispetto alla Germania. Ma perch\u00e9 la qualit\u00e0 \u00e8 in media peggiore rispetto ad altri paesi?<\/p>\n<p>Le aziende spesso spostano la loro produzione in queste regioni &#8211; soprattutto in Cina &#8211; perch\u00e9 le merci possono essere prodotte a costi molto bassi grazie alla mancanza di leggi, regolamenti ambientali e bassi costi di manodopera. Purtroppo, spesso si risparmia sui materiali e sulle macchine per aumentare ulteriormente i profitti. Inoltre, i dipendenti sono spesso costretti a lavorare in condizioni di forte pressione temporale, per cui i pezzi non possono essere assemblati e controllati in modo accurato e i prodotti lasciano la fabbrica senza essere controllati per quanto riguarda il funzionamento.<\/p>\n<p>I prodotti fabbricati in Cina vengono poi portati in Germania e in altri Paesi via nave e possono essere venduti a prezzi molto vantaggiosi, nonostante i costi di trasporto e doganali. Rispetto alla Cina, in Germania ci sono molte linee guida da rispettare nella produzione di beni. Inoltre, il costo del lavoro per i lavoratori in Germania \u00e8 oltre 5 volte superiore. Inoltre, i prodotti fabbricati sono soggetti a rigorosi<span> <\/span><strong>Controlli di qualit\u00e0<\/strong> che mirano a proteggere il consumatore e a rendere difficile la produzione di prodotti di qualit\u00e0 inferiore. Tutti questi fattori sono responsabili dei prezzi relativamente alti.<\/p>\n<p>Quindi i prodotti provenienti dalla Cina sono cattivi? La risposta a questa domanda \u00e8 chiaramente negativa. Anche in Cina ci sono aziende che producono prodotti di altissima qualit\u00e0, cos\u00ec come in Germania ci sono prodotti di diverse categorie di prezzo\/qualit\u00e0. Perch\u00e9 i prodotti di qualit\u00e0 provenienti dalla Cina non sono cos\u00ec conosciuti in Germania? In Germania ci si aspetta merce di alta qualit\u00e0 e, poich\u00e9 la maggior parte dei prodotti di alta qualit\u00e0 viene prodotta per conto di grandi aziende di marca straniere (OEM), non si pensa al fatto che si tratti anche di prodotti provenienti dalla Cina. Molti importatori pi\u00f9 piccoli, invece, trascurano il tema della<span> <\/span><strong>Garanzia di qualit\u00e0<span> <\/span><\/strong>o vogliono pagare cos\u00ec poco la merce che i produttori possono solo utilizzare materiali scadenti.<\/p>\n<p>La Cina, anche se non \u00e8 molto conosciuta, ha un alto livello tecnico, che si pu\u00f2 vedere molto bene nell&#8217;industria automobilistica, per esempio. I modelli importati contengono spesso molta tecnologia prodotta in queste regioni del mondo, ma ci\u00f2 \u00e8 difficilmente visibile al cliente. In generale, oggi, come consumatore, non \u00e8 pi\u00f9 possibile sapere dove \u00e8 stato fabbricato il prodotto che sto acquistando. Anche se il luogo di produzione \u00e8 indicato sulla confezione, il cliente non sa se i singoli pezzi sono stati prodotti all&#8217;estero nonostante il sigillo &#8220;Made in Germany&#8221;.<\/p>\n<p>Attraverso il proprio<span> <\/span><strong>Garanzia di qualit\u00e0 in Cina<\/strong><span> <\/span>potete ridurre al minimo il rischio di qualit\u00e0 delle vostre importazioni dalla Cina. Per questo motivo, \u00e8 essenziale effettuare controlli di qualit\u00e0 e di<span> <\/span><a title=\"Ispezione delle merci in Cina\" href=\"http:\/\/www.wareninspektion.de\/\">Ispezioni delle merci<\/a><span> <\/span>da effettuare quando si importano prodotti dalla Cina.<\/p>\n<p>[\/et_pb_text][\/et_pb_column][\/et_pb_row][\/et_pb_section][et_pb_section fb_built=&#8221;1&#8243; admin_label=&#8221;Testimonials&#8221; _builder_version=&#8221;4.16&#8243; use_background_color_gradient=&#8221;on&#8221; background_color_gradient_stops=&#8221;rgba(0,106,156,0.85) 0%|rgba(0,106,156,0.85) 100%&#8221; background_color_gradient_start=&#8221;rgba(0,106,156,0.85)&#8221; background_color_gradient_end=&#8221;rgba(0,106,156,0.85)&#8221; custom_padding=&#8221;90px||60px|&#8221; animation_style=&#8221;fold&#8221; animation_direction=&#8221;bottom&#8221; animation_intensity_fold=&#8221;4%&#8221; global_colors_info=&#8221;{}&#8221; theme_builder_area=&#8221;post_content&#8221;][et_pb_row _builder_version=&#8221;4.16&#8243; background_size=&#8221;initial&#8221; background_position=&#8221;top_left&#8221; background_repeat=&#8221;repeat&#8221; custom_width_px=&#8221;710px&#8221; locked=&#8221;off&#8221; global_colors_info=&#8221;{}&#8221; theme_builder_area=&#8221;post_content&#8221;][et_pb_column type=&#8221;4_4&#8243; _builder_version=&#8221;4.16&#8243; background_position=&#8221;top_left&#8221; custom_padding=&#8221;|||&#8221; global_colors_info=&#8221;{}&#8221; custom_padding__hover=&#8221;|||&#8221; theme_builder_area=&#8221;post_content&#8221;][et_pb_text admin_label=&#8221;Testimonials Section Title&#8221; _builder_version=&#8221;4.16&#8243; header_font=&#8221;Montserrat||||&#8221; header_font_size=&#8221;36px&#8221; background_size=&#8221;initial&#8221; background_position=&#8221;top_left&#8221; background_repeat=&#8221;repeat&#8221; text_orientation=&#8221;center&#8221; background_layout=&#8221;dark&#8221; max_width=&#8221;710px&#8221; module_alignment=&#8221;center&#8221; animation_style=&#8221;fold&#8221; animation_direction=&#8221;bottom&#8221; animation_intensity_fold=&#8221;20%&#8221; global_colors_info=&#8221;{}&#8221; theme_builder_area=&#8221;post_content&#8221;]<\/p>\n<h1>Oltre 5000 clienti soddisfatti.<\/h1>\n<p>&nbsp;<\/p>\n<p>[\/et_pb_text][et_pb_divider color=&#8221;#ffffff&#8221; divider_weight=&#8221;3px&#8221; disabled_on=&#8221;off|off|off&#8221; _builder_version=&#8221;4.16&#8243; background_color_gradient_direction=&#8221;90deg&#8221; max_width=&#8221;100px&#8221; module_alignment=&#8221;center&#8221; height=&#8221;5px&#8221; custom_margin=&#8221;||20px|&#8221; custom_padding=&#8221;||20px|&#8221; animation_style=&#8221;slide&#8221; animation_direction=&#8221;bottom&#8221; saved_tabs=&#8221;all&#8221; locked=&#8221;off&#8221; global_colors_info=&#8221;{}&#8221; theme_builder_area=&#8221;post_content&#8221;][\/et_pb_divider][\/et_pb_column][\/et_pb_row][et_pb_row column_structure=&#8221;1_2,1_2&#8243; _builder_version=&#8221;4.18.1&#8243; _module_preset=&#8221;default&#8221; global_colors_info=&#8221;{}&#8221; theme_builder_area=&#8221;post_content&#8221;][et_pb_column type=&#8221;1_2&#8243; _builder_version=&#8221;4.18.1&#8243; _module_preset=&#8221;default&#8221; global_colors_info=&#8221;{}&#8221; theme_builder_area=&#8221;post_content&#8221;][et_pb_testimonial author=&#8221;Marco&#8221; portrait_url=&#8221;https:\/\/ag-frisch.com\/wp-content\/uploads\/2021\/08\/Harald.png&#8221; quote_icon=&#8221;off&#8221; _builder_version=&#8221;4.18.1&#8243; _module_preset=&#8221;default&#8221; body_font_size=&#8221;16px&#8221; use_background_color=&#8221;off&#8221; background_layout=&#8221;dark&#8221; global_colors_info=&#8221;{}&#8221; theme_builder_area=&#8221;post_content&#8221;]Ho commissionato all&#8217;Agenzia Frisch la produzione di un grande mobile in Cina e il suo trasporto in Germania. La comunicazione via posta \u00e8 stata fluida per tutto il tempo! Risposte molto rapide e affidabili mi hanno costantemente dato le rassicurazioni che sono essenziali in un&#8217;impresa del genere. Sono stata sempre aiutata nella giungla burocratica e nessun modulo \u00e8 stato dimenticato o compilato in modo errato. Molto lodevole!<a href=\"&lt;div%20class=%22pe-richsnippets%22&gt;&nbsp;&lt;\/div&gt;%20&lt;script%20type=%22text\/javascript%22%20src=%22https:\/\/www.provenexpert.com\/widget\/richsnippet.js?u=1NUA0VwZ4RUZ5tmAi5zA4RaplNKAlWwZ&amp;v=2%22%20async&gt;&lt;\/script&gt;%20&lt;div%20style=%22text-align:%20justify;%22&gt;&lt;br%20\/&gt;\"><\/a><\/p>\n<div class=\"brow ratingBarMargin\">\n<div class=\"ratingBar\">\n<div class=\"brow\">\n<div class=\"pe-richsnippets\">&nbsp;<\/div>\n<p><script type=\"text\/javascript\" src=\"https:\/\/www.provenexpert.com\/widget\/richsnippet.js?u=1NUA0VwZ4RUZ5tmAi5zA4RaplNKAlWwZ&amp;v=2\" async=\"\"><\/script><\/p>\n<div style=\"text-align: justify;\"><\/p>\n<div class=\"col-lg-9 col-md-8 col-xs-10 mt20 mb20\">\n<div class=\"col-xs-12 surveyNameForRating\"><\/div>\n<\/div>\n<\/div>\n<\/div>\n<\/div>\n<\/div>\n<p>[\/et_pb_testimonial][\/et_pb_column][et_pb_column type=&#8221;1_2&#8243; _builder_version=&#8221;4.18.1&#8243; _module_preset=&#8221;default&#8221; global_colors_info=&#8221;{}&#8221; theme_builder_area=&#8221;post_content&#8221;][et_pb_testimonial author=&#8221;Simone L.&#8221; portrait_url=&#8221;https:\/\/ag-frisch.com\/wp-content\/uploads\/2021\/08\/Harald.png&#8221; quote_icon=&#8221;off&#8221; _builder_version=&#8221;4.18.1&#8243; _module_preset=&#8221;default&#8221; body_font_size=&#8221;16px&#8221; use_background_color=&#8221;off&#8221; background_layout=&#8221;dark&#8221; global_colors_info=&#8221;{}&#8221; theme_builder_area=&#8221;post_content&#8221;]<\/p>\n<p>Tutti i top. Non c&#8217;\u00e8 niente di meglio di questo. La consulenza e l&#8217;attuazione non possono essere fatte meglio. Siamo pi\u00f9 che soddisfatti dopo diversi ordini con questa azienda e continuiamo la nostra collaborazione.<\/p>\n<div class=\"brow ratingBarMargin\">\n<div class=\"ratingBar\">\n<div class=\"brow\">\n<div class=\"pe-richsnippets\"> <\/div>\n<p>\n<script type=\"text\/javascript\" src=\"https:\/\/www.provenexpert.com\/widget\/richsnippet.js?u=1NUA0VwZ4RUZ5tmAi5zA4RaplNKAlWwZ&amp;v=2\" async=\"\"><\/script>\n<\/p>\n<div style=\"text-align: justify;\">\n<p>&nbsp;<\/p>\n<div class=\"col-lg-9 col-md-8 col-xs-10 mt20 mb20\">\n<div class=\"col-xs-12 surveyNameForRating\"><\/div>\n<\/div>\n<\/div>\n<\/div>\n<\/div>\n<\/div>\n<p>[\/et_pb_testimonial][\/et_pb_column][\/et_pb_row][et_pb_row _builder_version=&#8221;4.16&#8243; background_size=&#8221;initial&#8221; background_position=&#8221;top_left&#8221; background_repeat=&#8221;repeat&#8221; custom_padding=&#8221;50px|0px|30px|0px&#8221; custom_css_main_element=&#8221;text-align: center;&#8221; global_colors_info=&#8221;{}&#8221; theme_builder_area=&#8221;post_content&#8221;][et_pb_column type=&#8221;4_4&#8243; _builder_version=&#8221;4.16&#8243; custom_padding=&#8221;|||&#8221; global_colors_info=&#8221;{}&#8221; custom_padding__hover=&#8221;|||&#8221; theme_builder_area=&#8221;post_content&#8221;][et_pb_button button_url=&#8221;https:\/\/www.provenexpert.com\/de-de\/agentur-frisch-international-consulting-gmbh-und-co-kg\/&#8221; button_text=&#8221;ALTRE VALUTAZIONI&#8221; button_alignment=&#8221;left&#8221; admin_label=&#8221;Testimonial Button&#8221; _builder_version=&#8221;4.16&#8243; custom_button=&#8221;on&#8221; button_text_size=&#8221;18px&#8221; button_text_color=&#8221;#ffffff&#8221; button_bg_color=&#8221;#6eba01&#8243; button_border_width=&#8221;2px&#8221; button_border_color=&#8221;#6eba01&#8243; button_border_radius=&#8221;0px&#8221; button_letter_spacing=&#8221;2px&#8221; button_font=&#8221;Montserrat|||on|&#8221; button_use_icon=&#8221;off&#8221; animation_style=&#8221;fold&#8221; animation_direction=&#8221;bottom&#8221; button_text_color_hover=&#8221;#ffffff&#8221; button_border_color_hover=&#8221;#ffffff&#8221; button_border_radius_hover=&#8221;0px&#8221; button_letter_spacing_hover=&#8221;2px&#8221; button_bg_color_hover=&#8221;rgba(255,255,255,0)&#8221; locked=&#8221;off&#8221; global_colors_info=&#8221;{}&#8221; button_text_size__hover_enabled=&#8221;off&#8221; button_one_text_size__hover_enabled=&#8221;off&#8221; button_two_text_size__hover_enabled=&#8221;off&#8221; button_text_color__hover_enabled=&#8221;on&#8221; button_text_color__hover=&#8221;#ffffff&#8221; button_one_text_color__hover_enabled=&#8221;off&#8221; button_two_text_color__hover_enabled=&#8221;off&#8221; button_border_width__hover_enabled=&#8221;off&#8221; button_one_border_width__hover_enabled=&#8221;off&#8221; button_two_border_width__hover_enabled=&#8221;off&#8221; button_border_color__hover_enabled=&#8221;on&#8221; button_border_color__hover=&#8221;#ffffff&#8221; button_one_border_color__hover_enabled=&#8221;off&#8221; button_two_border_color__hover_enabled=&#8221;off&#8221; button_border_radius__hover_enabled=&#8221;on&#8221; button_border_radius__hover=&#8221;0px&#8221; button_one_border_radius__hover_enabled=&#8221;off&#8221; button_two_border_radius__hover_enabled=&#8221;off&#8221; button_letter_spacing__hover_enabled=&#8221;on&#8221; button_letter_spacing__hover=&#8221;2px&#8221; button_one_letter_spacing__hover_enabled=&#8221;off&#8221; button_two_letter_spacing__hover_enabled=&#8221;off&#8221; button_bg_color__hover_enabled=&#8221;on&#8221; button_bg_color__hover=&#8221;rgba(255,255,255,0)&#8221; button_one_bg_color__hover_enabled=&#8221;off&#8221; button_two_bg_color__hover_enabled=&#8221;off&#8221; theme_builder_area=&#8221;post_content&#8221;][\/et_pb_button][\/et_pb_column][\/et_pb_row][\/et_pb_section]<\/p>\n","protected":false},"excerpt":{"rendered":"<p>Ispezionando le merci in Cina, si ha la certezza della qualit\u00e0 dei prodotti prima che questi lascino la Cina. Ispezione delle merci in Cina In caso di ispezione della merce, la spedizione viene effettuata non appena gli articoli vengono imballati. Questo per garantire che la merce sia stata prodotta secondo le specifiche dell&#8217;acquirente e che [&hellip;]<\/p>\n","protected":false},"author":2,"featured_media":0,"parent":0,"menu_order":0,"comment_status":"closed","ping_status":"closed","template":"","meta":{"_et_pb_use_builder":"on","_et_pb_old_content":"","_et_gb_content_width":"","footnotes":""},"class_list":["post-7362","page","type-page","status-publish","hentry"],"yoast_head":"<!-- This site is optimized with the Yoast SEO plugin v27.2 - https:\/\/yoast.com\/product\/yoast-seo-wordpress\/ -->\n<title>Ispezione delle merci in Cina | Test di prodotto secondo AQL<\/title>\n<meta name=\"description\" content=\"Ispezioni di merci in Cina \u25ba Tenere conto del limite di qualit\u00e0 accettabile (AQL) \u25ba Realizzare ispezioni direttamente in loco \u25ba Richiedi subito una consulenza!\" \/>\n<meta name=\"robots\" content=\"index, follow, max-snippet:-1, max-image-preview:large, max-video-preview:-1\" \/>\n<link rel=\"canonical\" href=\"https:\/\/ag-frisch.com\/it\/ispezione-delle-merci\/\" \/>\n<meta property=\"og:locale\" content=\"it_IT\" \/>\n<meta property=\"og:type\" content=\"article\" \/>\n<meta property=\"og:title\" content=\"Ispezione delle merci in Cina | Test di prodotto secondo AQL\" \/>\n<meta property=\"og:description\" content=\"Ispezioni di merci in Cina \u25ba Tenere conto del limite di qualit\u00e0 accettabile (AQL) \u25ba Realizzare ispezioni direttamente in loco \u25ba Richiedi subito una consulenza!\" \/>\n<meta property=\"og:url\" content=\"https:\/\/ag-frisch.com\/it\/ispezione-delle-merci\/\" \/>\n<meta property=\"og:site_name\" content=\"China Import Beratung f\u00fcr den Einkauf aus China\" \/>\n<meta property=\"article:publisher\" content=\"https:\/\/www.facebook.com\/China.Import\" \/>\n<meta property=\"article:modified_time\" content=\"2023-01-03T08:23:22+00:00\" \/>\n<meta name=\"twitter:card\" content=\"summary_large_image\" \/>\n<meta name=\"twitter:site\" content=\"@agenturfrisch\" \/>\n<meta name=\"twitter:label1\" content=\"Tempo di lettura stimato\" \/>\n\t<meta name=\"twitter:data1\" content=\"9 minuti\" \/>\n<script type=\"application\/ld+json\" class=\"yoast-schema-graph\">{\"@context\":\"https:\/\/schema.org\",\"@graph\":[{\"@type\":\"WebPage\",\"@id\":\"https:\/\/ag-frisch.com\/it\/ispezione-delle-merci\/\",\"url\":\"https:\/\/ag-frisch.com\/it\/ispezione-delle-merci\/\",\"name\":\"Ispezione delle merci in Cina | Test di prodotto secondo AQL\",\"isPartOf\":{\"@id\":\"https:\/\/ag-frisch.com\/de\/#website\"},\"datePublished\":\"2021-10-25T19:52:18+00:00\",\"dateModified\":\"2023-01-03T08:23:22+00:00\",\"description\":\"Ispezioni di merci in Cina \u25ba Tenere conto del limite di qualit\u00e0 accettabile (AQL) \u25ba Realizzare ispezioni direttamente in loco \u25ba Richiedi subito una consulenza!\",\"breadcrumb\":{\"@id\":\"https:\/\/ag-frisch.com\/it\/ispezione-delle-merci\/#breadcrumb\"},\"inLanguage\":\"it-IT\",\"potentialAction\":[{\"@type\":\"ReadAction\",\"target\":[\"https:\/\/ag-frisch.com\/it\/ispezione-delle-merci\/\"]}]},{\"@type\":\"BreadcrumbList\",\"@id\":\"https:\/\/ag-frisch.com\/it\/ispezione-delle-merci\/#breadcrumb\",\"itemListElement\":[{\"@type\":\"ListItem\",\"position\":1,\"name\":\"Startseite\",\"item\":\"https:\/\/ag-frisch.com\/de\/\"},{\"@type\":\"ListItem\",\"position\":2,\"name\":\"Ispezione delle merci\"}]},{\"@type\":\"WebSite\",\"@id\":\"https:\/\/ag-frisch.com\/de\/#website\",\"url\":\"https:\/\/ag-frisch.com\/de\/\",\"name\":\"China Import Beratung f\u00fcr den Einkauf aus China\",\"description\":\"China Import &amp; Export Beratung - Der Dienstleister Ihres Vertrauens f\u00fcr Ihren China Import\",\"publisher\":{\"@id\":\"https:\/\/ag-frisch.com\/de\/#organization\"},\"potentialAction\":[{\"@type\":\"SearchAction\",\"target\":{\"@type\":\"EntryPoint\",\"urlTemplate\":\"https:\/\/ag-frisch.com\/de\/?s={search_term_string}\"},\"query-input\":{\"@type\":\"PropertyValueSpecification\",\"valueRequired\":true,\"valueName\":\"search_term_string\"}}],\"inLanguage\":\"it-IT\"},{\"@type\":\"Organization\",\"@id\":\"https:\/\/ag-frisch.com\/de\/#organization\",\"name\":\"Agentur Frisch International Consulting GmbH & Co. KG\",\"url\":\"https:\/\/ag-frisch.com\/de\/\",\"logo\":{\"@type\":\"ImageObject\",\"inLanguage\":\"it-IT\",\"@id\":\"https:\/\/ag-frisch.com\/de\/#\/schema\/logo\/image\/\",\"url\":\"https:\/\/ag-frisch.com\/wp-content\/uploads\/2021\/08\/ag_logo_rgb_300_small.png\",\"contentUrl\":\"https:\/\/ag-frisch.com\/wp-content\/uploads\/2021\/08\/ag_logo_rgb_300_small.png\",\"width\":153,\"height\":102,\"caption\":\"Agentur Frisch International Consulting GmbH & Co. KG\"},\"image\":{\"@id\":\"https:\/\/ag-frisch.com\/de\/#\/schema\/logo\/image\/\"},\"sameAs\":[\"https:\/\/www.facebook.com\/China.Import\",\"https:\/\/x.com\/agenturfrisch\"]}]}<\/script>\n<!-- \/ Yoast SEO plugin. -->","yoast_head_json":{"title":"Ispezione delle merci in Cina | Test di prodotto secondo AQL","description":"Ispezioni di merci in Cina \u25ba Tenere conto del limite di qualit\u00e0 accettabile (AQL) \u25ba Realizzare ispezioni direttamente in loco \u25ba Richiedi subito una consulenza!","robots":{"index":"index","follow":"follow","max-snippet":"max-snippet:-1","max-image-preview":"max-image-preview:large","max-video-preview":"max-video-preview:-1"},"canonical":"https:\/\/ag-frisch.com\/it\/ispezione-delle-merci\/","og_locale":"it_IT","og_type":"article","og_title":"Ispezione delle merci in Cina | Test di prodotto secondo AQL","og_description":"Ispezioni di merci in Cina \u25ba Tenere conto del limite di qualit\u00e0 accettabile (AQL) \u25ba Realizzare ispezioni direttamente in loco \u25ba Richiedi subito una consulenza!","og_url":"https:\/\/ag-frisch.com\/it\/ispezione-delle-merci\/","og_site_name":"China Import Beratung f\u00fcr den Einkauf aus China","article_publisher":"https:\/\/www.facebook.com\/China.Import","article_modified_time":"2023-01-03T08:23:22+00:00","twitter_card":"summary_large_image","twitter_site":"@agenturfrisch","twitter_misc":{"Tempo di lettura stimato":"9 minuti"},"schema":{"@context":"https:\/\/schema.org","@graph":[{"@type":"WebPage","@id":"https:\/\/ag-frisch.com\/it\/ispezione-delle-merci\/","url":"https:\/\/ag-frisch.com\/it\/ispezione-delle-merci\/","name":"Ispezione delle merci in Cina | Test di prodotto secondo AQL","isPartOf":{"@id":"https:\/\/ag-frisch.com\/de\/#website"},"datePublished":"2021-10-25T19:52:18+00:00","dateModified":"2023-01-03T08:23:22+00:00","description":"Ispezioni di merci in Cina \u25ba Tenere conto del limite di qualit\u00e0 accettabile (AQL) \u25ba Realizzare ispezioni direttamente in loco \u25ba Richiedi subito una consulenza!","breadcrumb":{"@id":"https:\/\/ag-frisch.com\/it\/ispezione-delle-merci\/#breadcrumb"},"inLanguage":"it-IT","potentialAction":[{"@type":"ReadAction","target":["https:\/\/ag-frisch.com\/it\/ispezione-delle-merci\/"]}]},{"@type":"BreadcrumbList","@id":"https:\/\/ag-frisch.com\/it\/ispezione-delle-merci\/#breadcrumb","itemListElement":[{"@type":"ListItem","position":1,"name":"Startseite","item":"https:\/\/ag-frisch.com\/de\/"},{"@type":"ListItem","position":2,"name":"Ispezione delle merci"}]},{"@type":"WebSite","@id":"https:\/\/ag-frisch.com\/de\/#website","url":"https:\/\/ag-frisch.com\/de\/","name":"China Import Beratung f\u00fcr den Einkauf aus China","description":"China Import &amp; Export Beratung - Der Dienstleister Ihres Vertrauens f\u00fcr Ihren China Import","publisher":{"@id":"https:\/\/ag-frisch.com\/de\/#organization"},"potentialAction":[{"@type":"SearchAction","target":{"@type":"EntryPoint","urlTemplate":"https:\/\/ag-frisch.com\/de\/?s={search_term_string}"},"query-input":{"@type":"PropertyValueSpecification","valueRequired":true,"valueName":"search_term_string"}}],"inLanguage":"it-IT"},{"@type":"Organization","@id":"https:\/\/ag-frisch.com\/de\/#organization","name":"Agentur Frisch International Consulting GmbH & Co. KG","url":"https:\/\/ag-frisch.com\/de\/","logo":{"@type":"ImageObject","inLanguage":"it-IT","@id":"https:\/\/ag-frisch.com\/de\/#\/schema\/logo\/image\/","url":"https:\/\/ag-frisch.com\/wp-content\/uploads\/2021\/08\/ag_logo_rgb_300_small.png","contentUrl":"https:\/\/ag-frisch.com\/wp-content\/uploads\/2021\/08\/ag_logo_rgb_300_small.png","width":153,"height":102,"caption":"Agentur Frisch International Consulting GmbH & Co. KG"},"image":{"@id":"https:\/\/ag-frisch.com\/de\/#\/schema\/logo\/image\/"},"sameAs":["https:\/\/www.facebook.com\/China.Import","https:\/\/x.com\/agenturfrisch"]}]}},"_links":{"self":[{"href":"https:\/\/ag-frisch.com\/it\/wp-json\/wp\/v2\/pages\/7362","targetHints":{"allow":["GET"]}}],"collection":[{"href":"https:\/\/ag-frisch.com\/it\/wp-json\/wp\/v2\/pages"}],"about":[{"href":"https:\/\/ag-frisch.com\/it\/wp-json\/wp\/v2\/types\/page"}],"author":[{"embeddable":true,"href":"https:\/\/ag-frisch.com\/it\/wp-json\/wp\/v2\/users\/2"}],"replies":[{"embeddable":true,"href":"https:\/\/ag-frisch.com\/it\/wp-json\/wp\/v2\/comments?post=7362"}],"version-history":[{"count":0,"href":"https:\/\/ag-frisch.com\/it\/wp-json\/wp\/v2\/pages\/7362\/revisions"}],"wp:attachment":[{"href":"https:\/\/ag-frisch.com\/it\/wp-json\/wp\/v2\/media?parent=7362"}],"curies":[{"name":"wp","href":"https:\/\/api.w.org\/{rel}","templated":true}]}}