{"id":7369,"date":"2021-10-25T07:11:20","date_gmt":"2021-10-25T05:11:20","guid":{"rendered":"https:\/\/ag-frisch.com\/controllo-del-carico\/"},"modified":"2023-01-03T09:25:12","modified_gmt":"2023-01-03T08:25:12","slug":"controllo-del-carico","status":"publish","type":"page","link":"https:\/\/ag-frisch.com\/it\/controllo-del-carico\/","title":{"rendered":"Controllo del carico"},"content":{"rendered":"<p>[et_pb_section fb_built=&#8221;1&#8243; _builder_version=&#8221;4.16&#8243; global_colors_info=&#8221;{}&#8221;][et_pb_row _builder_version=&#8221;4.16&#8243; background_size=&#8221;initial&#8221; background_position=&#8221;top_left&#8221; background_repeat=&#8221;repeat&#8221; global_colors_info=&#8221;{}&#8221;][et_pb_column type=&#8221;4_4&#8243; _builder_version=&#8221;4.16&#8243; custom_padding=&#8221;|||&#8221; global_colors_info=&#8221;{}&#8221; custom_padding__hover=&#8221;|||&#8221;][et_pb_cta title=&#8221;Fate ispezionare le vostre merci in Cina&#8221; button_url=&#8221;https:\/\/ag-frisch.com\/de\/kontakt\/&#8221; button_text=&#8221;Prenotate subito un&#039;ispezione di carico in Cina&#8221; _builder_version=&#8221;4.18.1&#8243; _module_preset=&#8221;default&#8221; hover_enabled=&#8221;0&#8243; global_colors_info=&#8221;{}&#8221; theme_builder_area=&#8221;post_content&#8221; sticky_enabled=&#8221;0&#8243;]<\/p>\n<p>Monitorando il carico in Cina, si evitano carichi errati o spiacevoli sorprese se \u00e8 stata caricata la merce sbagliata.  <\/p>\n<p>[\/et_pb_cta][et_pb_text _builder_version=&#8221;4.16&#8243; background_size=&#8221;initial&#8221; background_position=&#8221;top_left&#8221; background_repeat=&#8221;repeat&#8221; global_colors_info=&#8221;{}&#8221;]<\/p>\n<h1>Controllo del carico in Cina<\/h1>\n<p>l&#8217;ispezione di carico viene solitamente effettuata il giorno del carico. Il carico della merce viene controllato, in particolare per verificare se la merce corretta \u00e8 stata caricata nella forma specificata (potreste avere le vostre specifiche su come la merce deve essere imballata sui pallet, ad esempio) e, soprattutto, se il carico \u00e8 sicuro (se, ad esempio, una macchina deve essere fissata nel container in modo da evitare danni da trasporto). Durante l&#8217;ispezione di carico viene controllata anche la quantit\u00e0 totale di prodotti caricati. In questo modo si evitano le carenze contestate. Se non \u00e8 gi\u00e0 stato possibile verificarlo al momento dell&#8217;ispezione delle merci, la qualit\u00e0 dell&#8217;imballaggio (ad es. scatole, casse, bidoni, pallet) viene controllata visivamente anche al momento del carico.<\/p>\n<p>L&#8217;importazione dalla Cina \u00e8 estremamente redditizia e offre notevoli margini di profitto. Ma ci sono anche delle insidie che dovete conoscere e di cui dovete essere consapevoli per ottenere il massimo dall&#8217;affare ed evitare i problemi in primo luogo. L&#8217;ispezione di carico in loco in Cina \u00e8 una parte indispensabile di questo processo. In questo caso, \u00e8 possibile evitare errori inutili fin dal momento in cui le merci vengono caricate in Cina. I nostri servizi nell&#8217;ambito dell&#8217;ispezione della vostra spedizione di container in Cina includono:<\/p>\n<ul>\n<li>forma di carico concordata<\/li>\n<li>Conformit\u00e0 ai requisiti speciali<\/li>\n<li>Verifica della sicurezza del carico<\/li>\n<li>Controllo della quantit\u00e0 di merce<\/li>\n<li>Ispezione della qualit\u00e0 dell&#8217;imballaggio<\/li>\n<li>Ispezione del container marittimo<\/li>\n<\/ul>\n<p>&nbsp;<\/p>\n<p><strong>Caricamento delle merci in Cina nella forma corretta<\/strong><\/p>\n<p>A seconda del tipo di prodotto, esistono requisiti specifici per il carico della merce. Forse alcune forme di imballaggio hanno anche un senso speciale per la vostra ulteriore logistica, per cui \u00e8 necessario prestare attenzione a questo aspetto in anticipo. Alcuni commercianti richiedono una disposizione speciale delle merci o hanno specifiche su come le merci devono essere imballate sui pallet quando vengono caricate in Cina. In qualit\u00e0 di vostro partner per le importazioni, Agentur Frisch si occupa del carico regolare e concordato delle vostre merci in Cina con personale in loco. Per questo utilizziamo solo collaboratori affidabili ed esperti.<\/p>\n<p>Se avete desideri individuali riguardo al carico delle vostre merci in Cina, vi preghiamo di discuterne con noi il prima possibile. Quasi tutte le caratteristiche speciali possono essere prese in considerazione e assicurate nell&#8217;ambito di un&#8217;ispezione di carico in Cina.<\/p>\n<p>&nbsp;<\/p>\n<p><strong>Ispezione di sicurezza del carico &#8211; Controllo del carico dei container in Cina<\/strong><\/p>\n<p>La negligenza nel fissare il carico pu\u00f2 causare notevoli problemi. Non si possono escludere del tutto anche con imballatori esperti e affidabili. Per questo motivo, effettuiamo un&#8217;ispezione supplementare del carico dei container in Cina con personale specializzato e qualificato. In questo modo possiamo evitare danni alla vostra merce e ulteriori rischi. Questo vale non solo, ma soprattutto per i carichi pi\u00f9 grandi e vulnerabili, come ad esempio:<\/p>\n<ul>\n<li>Macchine di grandi dimensioni<\/li>\n<li>Prodotti fragili<\/li>\n<li>Merci pericolose<\/li>\n<\/ul>\n<p>In linea di principio, tuttavia, ogni consegna viene ispezionata da noi con attenzione e coscienza durante il carico del container in Cina.<\/p>\n<p>&nbsp;<\/p>\n<p><strong>Controllo della quantit\u00e0 di merce<\/strong><\/p>\n<p>Durante l&#8217;ispezione di carico in Cina, controlliamo anche la quantit\u00e0 di prodotti caricati in totale. Gli ammanchi contestati possono essere esclusi in questo modo &#8211; tra i punti di controversia questo \u00e8 altrimenti un punto comune. Con l&#8217;Agenzia Frisch potete evitare questa inutile e lunga seccatura.<\/p>\n<p>&nbsp;<\/p>\n<p><strong>Controllo della qualit\u00e0 dell&#8217;imballaggio durante l&#8217;ispezione di carico in Cina<\/strong><\/p>\n<p>Nell&#8217;ambito del carico delle vostre merci in Cina, possiamo anche controllare la qualit\u00e0 dell&#8217;imballaggio, se non \u00e8 gi\u00e0 stato fatto. I cartoni, le scatole, i contenitori o i pallet vengono controllati per verificare l&#8217;assenza di danni e l&#8217;idoneit\u00e0. Si tratta di un&#8217;ispezione visiva approfondita.<\/p>\n<p>&nbsp;<\/p>\n<p><strong>Controllo del container marittimo<\/strong><\/p>\n<p>Se le vostre merci vengono spedite tramite container marittimo, prima di caricarle in Cina ne verifichiamo la pulizia e l&#8217;assenza di danni o altri difetti. Questo \u00e8 importante per evitare che il valore della vostra merce venga diminuito da un contenitore danneggiato, sporco o contaminato. Dopo aver caricato le vostre merci in Cina, controlliamo che il container sia correttamente sigillato. Solo con un sigillo intatto potete essere certi che la vostra merce non sia danneggiata. Per assicurarci che nessuno abbia manomesso il vostro contenitore o alterato il sigillo, vi invieremo le foto del sigillo originale. In questo modo \u00e8 possibile verificare che si tratti dello stesso sigillo quando la spedizione arriva dalla Cina.[\/et_pb_text][\/et_pb_column][\/et_pb_row][\/et_pb_section][et_pb_section fb_built=&#8221;1&#8243; admin_label=&#8221;Testimonials&#8221; _builder_version=&#8221;4.16&#8243; use_background_color_gradient=&#8221;on&#8221; background_color_gradient_stops=&#8221;rgba(0,106,156,0.85) 0%|rgba(0,106,156,0.85) 100%&#8221; background_color_gradient_start=&#8221;rgba(0,106,156,0.85)&#8221; background_color_gradient_end=&#8221;rgba(0,106,156,0.85)&#8221; custom_padding=&#8221;90px||60px|&#8221; animation_style=&#8221;fold&#8221; animation_direction=&#8221;bottom&#8221; animation_intensity_fold=&#8221;4%&#8221; global_colors_info=&#8221;{}&#8221; theme_builder_area=&#8221;post_content&#8221;][et_pb_row _builder_version=&#8221;4.16&#8243; background_size=&#8221;initial&#8221; background_position=&#8221;top_left&#8221; background_repeat=&#8221;repeat&#8221; custom_width_px=&#8221;710px&#8221; locked=&#8221;off&#8221; global_colors_info=&#8221;{}&#8221; theme_builder_area=&#8221;post_content&#8221;][et_pb_column type=&#8221;4_4&#8243; _builder_version=&#8221;4.16&#8243; background_position=&#8221;top_left&#8221; custom_padding=&#8221;|||&#8221; global_colors_info=&#8221;{}&#8221; custom_padding__hover=&#8221;|||&#8221; theme_builder_area=&#8221;post_content&#8221;][et_pb_text admin_label=&#8221;Testimonials Section Title&#8221; _builder_version=&#8221;4.16&#8243; header_font=&#8221;Montserrat||||&#8221; header_font_size=&#8221;36px&#8221; background_size=&#8221;initial&#8221; background_position=&#8221;top_left&#8221; background_repeat=&#8221;repeat&#8221; text_orientation=&#8221;center&#8221; background_layout=&#8221;dark&#8221; max_width=&#8221;710px&#8221; module_alignment=&#8221;center&#8221; animation_style=&#8221;fold&#8221; animation_direction=&#8221;bottom&#8221; animation_intensity_fold=&#8221;20%&#8221; global_colors_info=&#8221;{}&#8221; theme_builder_area=&#8221;post_content&#8221;]<\/p>\n<h1>Oltre 5000 clienti soddisfatti.<\/h1>\n<p>&nbsp;<\/p>\n<p>[\/et_pb_text][et_pb_divider color=&#8221;#ffffff&#8221; divider_weight=&#8221;3px&#8221; disabled_on=&#8221;off|off|off&#8221; _builder_version=&#8221;4.16&#8243; background_color_gradient_direction=&#8221;90deg&#8221; max_width=&#8221;100px&#8221; module_alignment=&#8221;center&#8221; height=&#8221;5px&#8221; custom_margin=&#8221;||20px|&#8221; custom_padding=&#8221;||20px|&#8221; animation_style=&#8221;slide&#8221; animation_direction=&#8221;bottom&#8221; saved_tabs=&#8221;all&#8221; locked=&#8221;off&#8221; global_colors_info=&#8221;{}&#8221; theme_builder_area=&#8221;post_content&#8221;][\/et_pb_divider][\/et_pb_column][\/et_pb_row][et_pb_row column_structure=&#8221;1_2,1_2&#8243; _builder_version=&#8221;4.18.1&#8243; _module_preset=&#8221;default&#8221; global_colors_info=&#8221;{}&#8221; theme_builder_area=&#8221;post_content&#8221;][et_pb_column type=&#8221;1_2&#8243; _builder_version=&#8221;4.18.1&#8243; _module_preset=&#8221;default&#8221; global_colors_info=&#8221;{}&#8221; theme_builder_area=&#8221;post_content&#8221;][et_pb_testimonial author=&#8221;Marco&#8221; portrait_url=&#8221;https:\/\/ag-frisch.com\/wp-content\/uploads\/2021\/08\/Harald.png&#8221; quote_icon=&#8221;off&#8221; _builder_version=&#8221;4.18.1&#8243; _module_preset=&#8221;default&#8221; body_font_size=&#8221;16px&#8221; use_background_color=&#8221;off&#8221; background_layout=&#8221;dark&#8221; global_colors_info=&#8221;{}&#8221; theme_builder_area=&#8221;post_content&#8221;]Ho commissionato all&#8217;Agenzia Frisch la produzione di un grande mobile in Cina e il suo trasporto in Germania. La comunicazione via posta \u00e8 stata fluida per tutto il tempo! Risposte molto rapide e affidabili mi hanno costantemente dato le rassicurazioni che sono essenziali in un&#8217;impresa del genere. Sono stata sempre aiutata nella giungla burocratica e nessun modulo \u00e8 stato dimenticato o compilato in modo errato. Molto lodevole!<a href=\"&lt;div%20class=%22pe-richsnippets%22&gt;&nbsp;&lt;\/div&gt;%20&lt;script%20type=%22text\/javascript%22%20src=%22https:\/\/www.provenexpert.com\/widget\/richsnippet.js?u=1NUA0VwZ4RUZ5tmAi5zA4RaplNKAlWwZ&amp;v=2%22%20async&gt;&lt;\/script&gt;%20&lt;div%20style=%22text-align:%20justify;%22&gt;&lt;br%20\/&gt;\"><\/a><\/p>\n<div class=\"brow ratingBarMargin\">\n<div class=\"ratingBar\">\n<div class=\"brow\">\n<div class=\"pe-richsnippets\">&nbsp;<\/div>\n<p><script type=\"text\/javascript\" src=\"https:\/\/www.provenexpert.com\/widget\/richsnippet.js?u=1NUA0VwZ4RUZ5tmAi5zA4RaplNKAlWwZ&amp;v=2\" async=\"\"><\/script><\/p>\n<div style=\"text-align: justify;\"><\/p>\n<div class=\"col-lg-9 col-md-8 col-xs-10 mt20 mb20\">\n<div class=\"col-xs-12 surveyNameForRating\"><\/div>\n<\/div>\n<\/div>\n<\/div>\n<\/div>\n<\/div>\n<p>[\/et_pb_testimonial][\/et_pb_column][et_pb_column type=&#8221;1_2&#8243; _builder_version=&#8221;4.18.1&#8243; _module_preset=&#8221;default&#8221; global_colors_info=&#8221;{}&#8221; theme_builder_area=&#8221;post_content&#8221;][et_pb_testimonial author=&#8221;Simone L.&#8221; portrait_url=&#8221;https:\/\/ag-frisch.com\/wp-content\/uploads\/2021\/08\/Harald.png&#8221; quote_icon=&#8221;off&#8221; _builder_version=&#8221;4.18.1&#8243; _module_preset=&#8221;default&#8221; body_font_size=&#8221;16px&#8221; use_background_color=&#8221;off&#8221; background_layout=&#8221;dark&#8221; global_colors_info=&#8221;{}&#8221; theme_builder_area=&#8221;post_content&#8221;]<\/p>\n<p>Tutti i top. Non c&#8217;\u00e8 niente di meglio di questo. La consulenza e l&#8217;attuazione non possono essere fatte meglio. Siamo pi\u00f9 che soddisfatti dopo diversi ordini con questa azienda e continuiamo la nostra collaborazione.<\/p>\n<div class=\"brow ratingBarMargin\">\n<div class=\"ratingBar\">\n<div class=\"brow\">\n<div class=\"pe-richsnippets\"> <\/div>\n<p>\n<script type=\"text\/javascript\" src=\"https:\/\/www.provenexpert.com\/widget\/richsnippet.js?u=1NUA0VwZ4RUZ5tmAi5zA4RaplNKAlWwZ&amp;v=2\" async=\"\"><\/script>\n<\/p>\n<div style=\"text-align: justify;\">\n<p>&nbsp;<\/p>\n<div class=\"col-lg-9 col-md-8 col-xs-10 mt20 mb20\">\n<div class=\"col-xs-12 surveyNameForRating\"><\/div>\n<\/div>\n<\/div>\n<\/div>\n<\/div>\n<\/div>\n<p>[\/et_pb_testimonial][\/et_pb_column][\/et_pb_row][et_pb_row _builder_version=&#8221;4.16&#8243; background_size=&#8221;initial&#8221; background_position=&#8221;top_left&#8221; background_repeat=&#8221;repeat&#8221; custom_padding=&#8221;50px|0px|30px|0px&#8221; custom_css_main_element=&#8221;text-align: center;&#8221; global_colors_info=&#8221;{}&#8221; theme_builder_area=&#8221;post_content&#8221;][et_pb_column type=&#8221;4_4&#8243; _builder_version=&#8221;4.16&#8243; custom_padding=&#8221;|||&#8221; global_colors_info=&#8221;{}&#8221; custom_padding__hover=&#8221;|||&#8221; theme_builder_area=&#8221;post_content&#8221;][et_pb_button button_url=&#8221;https:\/\/www.provenexpert.com\/de-de\/agentur-frisch-international-consulting-gmbh-und-co-kg\/&#8221; button_text=&#8221;ALTRE VALUTAZIONI&#8221; button_alignment=&#8221;left&#8221; admin_label=&#8221;Testimonial Button&#8221; _builder_version=&#8221;4.16&#8243; custom_button=&#8221;on&#8221; button_text_size=&#8221;18px&#8221; button_text_color=&#8221;#ffffff&#8221; button_bg_color=&#8221;#6eba01&#8243; button_border_width=&#8221;2px&#8221; button_border_color=&#8221;#6eba01&#8243; button_border_radius=&#8221;0px&#8221; button_letter_spacing=&#8221;2px&#8221; button_font=&#8221;Montserrat|||on|&#8221; button_use_icon=&#8221;off&#8221; animation_style=&#8221;fold&#8221; animation_direction=&#8221;bottom&#8221; button_text_color_hover=&#8221;#ffffff&#8221; button_border_color_hover=&#8221;#ffffff&#8221; button_border_radius_hover=&#8221;0px&#8221; button_letter_spacing_hover=&#8221;2px&#8221; button_bg_color_hover=&#8221;rgba(255,255,255,0)&#8221; locked=&#8221;off&#8221; global_colors_info=&#8221;{}&#8221; button_text_size__hover_enabled=&#8221;off&#8221; button_one_text_size__hover_enabled=&#8221;off&#8221; button_two_text_size__hover_enabled=&#8221;off&#8221; button_text_color__hover_enabled=&#8221;on&#8221; button_text_color__hover=&#8221;#ffffff&#8221; button_one_text_color__hover_enabled=&#8221;off&#8221; button_two_text_color__hover_enabled=&#8221;off&#8221; button_border_width__hover_enabled=&#8221;off&#8221; button_one_border_width__hover_enabled=&#8221;off&#8221; button_two_border_width__hover_enabled=&#8221;off&#8221; button_border_color__hover_enabled=&#8221;on&#8221; button_border_color__hover=&#8221;#ffffff&#8221; button_one_border_color__hover_enabled=&#8221;off&#8221; button_two_border_color__hover_enabled=&#8221;off&#8221; button_border_radius__hover_enabled=&#8221;on&#8221; button_border_radius__hover=&#8221;0px&#8221; button_one_border_radius__hover_enabled=&#8221;off&#8221; button_two_border_radius__hover_enabled=&#8221;off&#8221; button_letter_spacing__hover_enabled=&#8221;on&#8221; button_letter_spacing__hover=&#8221;2px&#8221; button_one_letter_spacing__hover_enabled=&#8221;off&#8221; button_two_letter_spacing__hover_enabled=&#8221;off&#8221; button_bg_color__hover_enabled=&#8221;on&#8221; button_bg_color__hover=&#8221;rgba(255,255,255,0)&#8221; button_one_bg_color__hover_enabled=&#8221;off&#8221; button_two_bg_color__hover_enabled=&#8221;off&#8221; theme_builder_area=&#8221;post_content&#8221;][\/et_pb_button][\/et_pb_column][\/et_pb_row][\/et_pb_section]<\/p>\n","protected":false},"excerpt":{"rendered":"<p>Monitorando il carico in Cina, si evitano carichi errati o spiacevoli sorprese se \u00e8 stata caricata la merce sbagliata. Controllo del carico in Cina l&#8217;ispezione di carico viene solitamente effettuata il giorno del carico. Il carico della merce viene controllato, in particolare per verificare se la merce corretta \u00e8 stata caricata nella forma specificata (potreste [&hellip;]<\/p>\n","protected":false},"author":2,"featured_media":0,"parent":0,"menu_order":0,"comment_status":"closed","ping_status":"closed","template":"","meta":{"_et_pb_use_builder":"on","_et_pb_old_content":"","_et_gb_content_width":"","footnotes":""},"class_list":["post-7369","page","type-page","status-publish","hentry"],"yoast_head":"<!-- This site is optimized with the Yoast SEO plugin v27.2 - https:\/\/yoast.com\/product\/yoast-seo-wordpress\/ -->\n<title>Ispezione del carico in Cina | Ispezione approfondita prima del carico<\/title>\n<meta name=\"description\" content=\"Ispezione di carico in Cina \u25ba Effettuata il giorno del carico \u25ba Caricare le merci giuste nella forma specificata \u25ba Chiedete subito la consulenza di un esperto!\" \/>\n<meta name=\"robots\" content=\"index, follow, max-snippet:-1, max-image-preview:large, max-video-preview:-1\" \/>\n<link rel=\"canonical\" href=\"https:\/\/ag-frisch.com\/it\/controllo-del-carico\/\" \/>\n<meta property=\"og:locale\" content=\"it_IT\" \/>\n<meta property=\"og:type\" content=\"article\" \/>\n<meta property=\"og:title\" content=\"Ispezione del carico in Cina | Ispezione approfondita prima del carico\" \/>\n<meta property=\"og:description\" content=\"Ispezione di carico in Cina \u25ba Effettuata il giorno del carico \u25ba Caricare le merci giuste nella forma specificata \u25ba Chiedete subito la consulenza di un esperto!\" \/>\n<meta property=\"og:url\" content=\"https:\/\/ag-frisch.com\/it\/controllo-del-carico\/\" \/>\n<meta property=\"og:site_name\" content=\"China Import Beratung f\u00fcr den Einkauf aus China\" \/>\n<meta property=\"article:publisher\" content=\"https:\/\/www.facebook.com\/China.Import\" \/>\n<meta property=\"article:modified_time\" content=\"2023-01-03T08:25:12+00:00\" \/>\n<meta name=\"twitter:card\" content=\"summary_large_image\" \/>\n<meta name=\"twitter:site\" content=\"@agenturfrisch\" \/>\n<meta name=\"twitter:label1\" content=\"Tempo di lettura stimato\" \/>\n\t<meta name=\"twitter:data1\" content=\"8 minuti\" \/>\n<script type=\"application\/ld+json\" class=\"yoast-schema-graph\">{\"@context\":\"https:\/\/schema.org\",\"@graph\":[{\"@type\":\"WebPage\",\"@id\":\"https:\/\/ag-frisch.com\/it\/controllo-del-carico\/\",\"url\":\"https:\/\/ag-frisch.com\/it\/controllo-del-carico\/\",\"name\":\"Ispezione del carico in Cina | Ispezione approfondita prima del carico\",\"isPartOf\":{\"@id\":\"https:\/\/ag-frisch.com\/de\/#website\"},\"datePublished\":\"2021-10-25T05:11:20+00:00\",\"dateModified\":\"2023-01-03T08:25:12+00:00\",\"description\":\"Ispezione di carico in Cina \u25ba Effettuata il giorno del carico \u25ba Caricare le merci giuste nella forma specificata \u25ba Chiedete subito la consulenza di un esperto!\",\"breadcrumb\":{\"@id\":\"https:\/\/ag-frisch.com\/it\/controllo-del-carico\/#breadcrumb\"},\"inLanguage\":\"it-IT\",\"potentialAction\":[{\"@type\":\"ReadAction\",\"target\":[\"https:\/\/ag-frisch.com\/it\/controllo-del-carico\/\"]}]},{\"@type\":\"BreadcrumbList\",\"@id\":\"https:\/\/ag-frisch.com\/it\/controllo-del-carico\/#breadcrumb\",\"itemListElement\":[{\"@type\":\"ListItem\",\"position\":1,\"name\":\"Startseite\",\"item\":\"https:\/\/ag-frisch.com\/de\/\"},{\"@type\":\"ListItem\",\"position\":2,\"name\":\"Controllo del carico\"}]},{\"@type\":\"WebSite\",\"@id\":\"https:\/\/ag-frisch.com\/de\/#website\",\"url\":\"https:\/\/ag-frisch.com\/de\/\",\"name\":\"China Import Beratung f\u00fcr den Einkauf aus China\",\"description\":\"China Import &amp; Export Beratung - Der Dienstleister Ihres Vertrauens f\u00fcr Ihren China Import\",\"publisher\":{\"@id\":\"https:\/\/ag-frisch.com\/de\/#organization\"},\"potentialAction\":[{\"@type\":\"SearchAction\",\"target\":{\"@type\":\"EntryPoint\",\"urlTemplate\":\"https:\/\/ag-frisch.com\/de\/?s={search_term_string}\"},\"query-input\":{\"@type\":\"PropertyValueSpecification\",\"valueRequired\":true,\"valueName\":\"search_term_string\"}}],\"inLanguage\":\"it-IT\"},{\"@type\":\"Organization\",\"@id\":\"https:\/\/ag-frisch.com\/de\/#organization\",\"name\":\"Agentur Frisch International Consulting GmbH & Co. KG\",\"url\":\"https:\/\/ag-frisch.com\/de\/\",\"logo\":{\"@type\":\"ImageObject\",\"inLanguage\":\"it-IT\",\"@id\":\"https:\/\/ag-frisch.com\/de\/#\/schema\/logo\/image\/\",\"url\":\"https:\/\/ag-frisch.com\/wp-content\/uploads\/2021\/08\/ag_logo_rgb_300_small.png\",\"contentUrl\":\"https:\/\/ag-frisch.com\/wp-content\/uploads\/2021\/08\/ag_logo_rgb_300_small.png\",\"width\":153,\"height\":102,\"caption\":\"Agentur Frisch International Consulting GmbH & Co. KG\"},\"image\":{\"@id\":\"https:\/\/ag-frisch.com\/de\/#\/schema\/logo\/image\/\"},\"sameAs\":[\"https:\/\/www.facebook.com\/China.Import\",\"https:\/\/x.com\/agenturfrisch\"]}]}<\/script>\n<!-- \/ Yoast SEO plugin. -->","yoast_head_json":{"title":"Ispezione del carico in Cina | Ispezione approfondita prima del carico","description":"Ispezione di carico in Cina \u25ba Effettuata il giorno del carico \u25ba Caricare le merci giuste nella forma specificata \u25ba Chiedete subito la consulenza di un esperto!","robots":{"index":"index","follow":"follow","max-snippet":"max-snippet:-1","max-image-preview":"max-image-preview:large","max-video-preview":"max-video-preview:-1"},"canonical":"https:\/\/ag-frisch.com\/it\/controllo-del-carico\/","og_locale":"it_IT","og_type":"article","og_title":"Ispezione del carico in Cina | Ispezione approfondita prima del carico","og_description":"Ispezione di carico in Cina \u25ba Effettuata il giorno del carico \u25ba Caricare le merci giuste nella forma specificata \u25ba Chiedete subito la consulenza di un esperto!","og_url":"https:\/\/ag-frisch.com\/it\/controllo-del-carico\/","og_site_name":"China Import Beratung f\u00fcr den Einkauf aus China","article_publisher":"https:\/\/www.facebook.com\/China.Import","article_modified_time":"2023-01-03T08:25:12+00:00","twitter_card":"summary_large_image","twitter_site":"@agenturfrisch","twitter_misc":{"Tempo di lettura stimato":"8 minuti"},"schema":{"@context":"https:\/\/schema.org","@graph":[{"@type":"WebPage","@id":"https:\/\/ag-frisch.com\/it\/controllo-del-carico\/","url":"https:\/\/ag-frisch.com\/it\/controllo-del-carico\/","name":"Ispezione del carico in Cina | Ispezione approfondita prima del carico","isPartOf":{"@id":"https:\/\/ag-frisch.com\/de\/#website"},"datePublished":"2021-10-25T05:11:20+00:00","dateModified":"2023-01-03T08:25:12+00:00","description":"Ispezione di carico in Cina \u25ba Effettuata il giorno del carico \u25ba Caricare le merci giuste nella forma specificata \u25ba Chiedete subito la consulenza di un esperto!","breadcrumb":{"@id":"https:\/\/ag-frisch.com\/it\/controllo-del-carico\/#breadcrumb"},"inLanguage":"it-IT","potentialAction":[{"@type":"ReadAction","target":["https:\/\/ag-frisch.com\/it\/controllo-del-carico\/"]}]},{"@type":"BreadcrumbList","@id":"https:\/\/ag-frisch.com\/it\/controllo-del-carico\/#breadcrumb","itemListElement":[{"@type":"ListItem","position":1,"name":"Startseite","item":"https:\/\/ag-frisch.com\/de\/"},{"@type":"ListItem","position":2,"name":"Controllo del carico"}]},{"@type":"WebSite","@id":"https:\/\/ag-frisch.com\/de\/#website","url":"https:\/\/ag-frisch.com\/de\/","name":"China Import Beratung f\u00fcr den Einkauf aus China","description":"China Import &amp; Export Beratung - Der Dienstleister Ihres Vertrauens f\u00fcr Ihren China Import","publisher":{"@id":"https:\/\/ag-frisch.com\/de\/#organization"},"potentialAction":[{"@type":"SearchAction","target":{"@type":"EntryPoint","urlTemplate":"https:\/\/ag-frisch.com\/de\/?s={search_term_string}"},"query-input":{"@type":"PropertyValueSpecification","valueRequired":true,"valueName":"search_term_string"}}],"inLanguage":"it-IT"},{"@type":"Organization","@id":"https:\/\/ag-frisch.com\/de\/#organization","name":"Agentur Frisch International Consulting GmbH & Co. KG","url":"https:\/\/ag-frisch.com\/de\/","logo":{"@type":"ImageObject","inLanguage":"it-IT","@id":"https:\/\/ag-frisch.com\/de\/#\/schema\/logo\/image\/","url":"https:\/\/ag-frisch.com\/wp-content\/uploads\/2021\/08\/ag_logo_rgb_300_small.png","contentUrl":"https:\/\/ag-frisch.com\/wp-content\/uploads\/2021\/08\/ag_logo_rgb_300_small.png","width":153,"height":102,"caption":"Agentur Frisch International Consulting GmbH & Co. KG"},"image":{"@id":"https:\/\/ag-frisch.com\/de\/#\/schema\/logo\/image\/"},"sameAs":["https:\/\/www.facebook.com\/China.Import","https:\/\/x.com\/agenturfrisch"]}]}},"_links":{"self":[{"href":"https:\/\/ag-frisch.com\/it\/wp-json\/wp\/v2\/pages\/7369","targetHints":{"allow":["GET"]}}],"collection":[{"href":"https:\/\/ag-frisch.com\/it\/wp-json\/wp\/v2\/pages"}],"about":[{"href":"https:\/\/ag-frisch.com\/it\/wp-json\/wp\/v2\/types\/page"}],"author":[{"embeddable":true,"href":"https:\/\/ag-frisch.com\/it\/wp-json\/wp\/v2\/users\/2"}],"replies":[{"embeddable":true,"href":"https:\/\/ag-frisch.com\/it\/wp-json\/wp\/v2\/comments?post=7369"}],"version-history":[{"count":0,"href":"https:\/\/ag-frisch.com\/it\/wp-json\/wp\/v2\/pages\/7369\/revisions"}],"wp:attachment":[{"href":"https:\/\/ag-frisch.com\/it\/wp-json\/wp\/v2\/media?parent=7369"}],"curies":[{"name":"wp","href":"https:\/\/api.w.org\/{rel}","templated":true}]}}