{"id":7387,"date":"2021-10-24T23:10:56","date_gmt":"2021-10-24T21:10:56","guid":{"rendered":"https:\/\/ag-frisch.com\/trasporto-marittimo\/"},"modified":"2023-01-03T09:43:39","modified_gmt":"2023-01-03T08:43:39","slug":"trasporto-marittimo","status":"publish","type":"page","link":"https:\/\/ag-frisch.com\/it\/trasporto-marittimo\/","title":{"rendered":"Trasporto marittimo"},"content":{"rendered":"<p>[et_pb_section fb_built=&#8221;1&#8243; _builder_version=&#8221;4.16&#8243; _module_preset=&#8221;default&#8221; global_colors_info=&#8221;{}&#8221;][et_pb_row _builder_version=&#8221;4.16&#8243; _module_preset=&#8221;default&#8221; global_colors_info=&#8221;{}&#8221;][et_pb_column type=&#8221;4_4&#8243; _builder_version=&#8221;4.16&#8243; _module_preset=&#8221;default&#8221; global_colors_info=&#8221;{}&#8221;][et_pb_cta title=&#8221;Trasporto via mare dalla Cina&#8221; button_url=&#8221;https:\/\/ag-frisch.com\/de\/kontakt\/&#8221; button_text=&#8221;Lasciate che il professionista lo spedisca ora&#8221; _builder_version=&#8221;4.16&#8243; _module_preset=&#8221;default&#8221; global_colors_info=&#8221;{}&#8221;]<\/p>\n<p>Spediamo le vostre merci via mare dalla Cina all&#8217;UE, ad esempio ad Amburgo, Rotterdam o Anversa.  <\/p>\n<p>[\/et_pb_cta][et_pb_text _builder_version=&#8221;4.16&#8243; _module_preset=&#8221;default&#8221; global_colors_info=&#8221;{}&#8221;]<\/p>\n<h1>Trasporto via mare dalla Cina<\/h1>\n<p><strong>Il percorso di spedizione standard per la maggior parte delle merci<\/strong><\/p>\n<p>La maggior parte delle merci inviate dalla Cina alla Germania arriva via mare. Il vantaggio di questa opzione di trasporto \u00e8 il prezzo straordinariamente basso. In questo caso \u00e8 possibile risparmiare notevolmente rispetto al trasporto ferroviario o addirittura aereo. A seconda del prodotto, i tempi relativamente lunghi di trasporto via mare dalla Cina rappresentano uno svantaggio. Se si sceglie la consegna tramite container marittimo dalla Cina, \u00e8 consigliabile optare per la consegna tramite container marittimo:<\/p>\n<ul>\n<li>avere grandi quantit\u00e0 da spedire<\/li>\n<li>desiderano il miglior prezzo per la spedizione<\/li>\n<li>pu\u00f2 aspettare 4-6 settimane per la sua merce<\/li>\n<\/ul>\n<p>La rotta di trasporto marittimo dalla Cina \u00e8 un percorso collaudato e particolarmente gestibile e calcolabile.<\/p>\n<p>&nbsp;<\/p>\n<p><strong>Spedizione di grandi quantit\u00e0 via mare in container dalla Cina<\/strong><\/p>\n<p>Se state importando grandi quantit\u00e0 di articoli o merci ingombranti, il trasporto via mare in container dalla Cina \u00e8 la scelta migliore nella maggior parte dei casi. A seconda del fornitore, il trasporto via mare vale da 100 chilogrammi (FOB &#8211; until on board) o 200 chilogrammi (EXW &#8211; ex works), oppure 0,5 e 1 metro cubo. Se desiderate inviare spedizioni\/quantit\u00e0 pi\u00f9 piccole o, ad esempio, campioni iniziali, vi consigliamo di spedire per via aerea o per espresso direttamente dalla Cina.<\/p>\n<p>&nbsp;<\/p>\n<p><strong>Durata della spedizione via mare dalla Cina<\/strong><\/p>\n<p>Una nave ha bisogno di un certo tempo per raggiungere l&#8217;Europa attraverso la rotta marittima che va dal Pacifico all&#8217;Oceano Indiano, passando per il Canale di Suez e infine per il Mediterraneo e l&#8217;Atlantico. Quattro-sei settimane di tempo per il trasporto sono realistiche: dopo tutto, le distanze da coprire sono enormi. Questi tempi possono variare leggermente in aumento o in diminuzione, ma di solito le scadenze rientrano in questo intervallo.<\/p>\n<p>Recentemente \u00e8 stato preso in considerazione anche il Passaggio a Nord-Est attraverso l&#8217;Artico. \u00c8 possibile che i tempi di trasporto per le merci via mare dalla Cina si riducano ancora notevolmente, di circa due settimane, ma \u00e8 ancora un sogno irrealizzabile e al momento non lo offriamo ai nostri clienti come standard.<\/p>\n<p>&nbsp;<\/p>\n<p><strong>Chiaro vantaggio della rotta marittima: costi ridotti<\/strong><\/p>\n<p>Il trasporto espresso e quello aereo sono i pi\u00f9 costosi, ma anche il trasporto su rotaia costa tre volte di pi\u00f9 di quello via nave. Il trasporto di container dalla Cina via mare \u00e8 il modo pi\u00f9 economico per spedire merci dalla Cina alla Germania. Oltre ad altri fattori, come la relativa indipendenza dai blocchi politici sulla terraferma, la via marittima \u00e8 quindi il metodo di trasporto pi\u00f9 frequentemente scelto.<\/p>\n<p>&nbsp;<\/p>\n<p><strong>Carichi, groupage e LCL (general cargo) via mare dalla Cina<\/strong><\/p>\n<p>L&#8217;agenzia Frisch fa trasportare in Germania un container consolidato ogni settimana da praticamente tutti i principali porti cinesi. Questo vi offre la possibilit\u00e0 di caricare le vostre spedizioni di merci generiche nel nostro container marittimo dalla Cina. Questa opzione di trasporto LCL (Less than Container Load) vi fa risparmiare molto denaro.<\/p>\n<p>Potete anche chiederci di ritirare le vostre merci da vari produttori in Cina e di spedirle in un container.<\/p>\n<p>&nbsp;<\/p>\n<p><strong>Agentur Frisch &#8211; Il vostro fornitore di servizi logistici per il trasporto di container dalla Cina<\/strong><\/p>\n<p>Grazie alla nostra vasta esperienza nell&#8217;importazione di prodotti cinesi e in tutti i servizi correlati, siamo in grado di determinare il percorso di trasporto migliore per voi con una consulenza. In questo contesto, troviamo e raccomandiamo anche i migliori fornitori di servizi per le varie sezioni di trasporto.<\/p>\n<p>Altri servizi forniti dall&#8217;Agenzia Frisch includono:<\/p>\n<ul>\n<li>Tempo di consegna se applicabile per EXW (dal fornitore al porto in Cina)<\/li>\n<li>Spedizione di container marittimi (20FCL\/ 40FCL e 40HQ)<\/li>\n<li>Spedizione di merci generiche (LCL) dalla Cina<\/li>\n<li>Contenitore collettivo delle vostre merci da diversi fornitori dalla Cina<\/li>\n<li>Copertura assicurativa dei trasporti<\/li>\n<li>Sdoganamento nel porto in Europa\/Germania (ad es. Rotterdam\/Amburgo)<\/li>\n<li>Consegna all&#8217;interno dell&#8217;UE, ad esempio su rotaia o su camion<\/li>\n<\/ul>\n<p>&nbsp;<\/p>\n<p><strong>Contattateci: saremo lieti di mettere la nostra esperienza al servizio del vostro trasporto di container dalla Cina!<\/strong>[\/et_pb_text][\/et_pb_column][\/et_pb_row][et_pb_row _builder_version=&#8221;4.16&#8243; _module_preset=&#8221;default&#8221; global_colors_info=&#8221;{}&#8221;][et_pb_column type=&#8221;4_4&#8243; _builder_version=&#8221;4.16&#8243; _module_preset=&#8221;default&#8221; global_colors_info=&#8221;{}&#8221;][\/et_pb_column][\/et_pb_row][\/et_pb_section][et_pb_section fb_built=&#8221;1&#8243; admin_label=&#8221;Testimonials&#8221; _builder_version=&#8221;4.16&#8243; use_background_color_gradient=&#8221;on&#8221; background_color_gradient_stops=&#8221;rgba(0,106,156,0.85) 0%|rgba(0,106,156,0.85) 100%&#8221; background_color_gradient_start=&#8221;rgba(0,106,156,0.85)&#8221; background_color_gradient_end=&#8221;rgba(0,106,156,0.85)&#8221; custom_padding=&#8221;90px||60px|&#8221; animation_style=&#8221;fold&#8221; animation_direction=&#8221;bottom&#8221; animation_intensity_fold=&#8221;4%&#8221; global_colors_info=&#8221;{}&#8221; theme_builder_area=&#8221;post_content&#8221;][et_pb_row _builder_version=&#8221;4.16&#8243; background_size=&#8221;initial&#8221; background_position=&#8221;top_left&#8221; background_repeat=&#8221;repeat&#8221; custom_width_px=&#8221;710px&#8221; locked=&#8221;off&#8221; global_colors_info=&#8221;{}&#8221; theme_builder_area=&#8221;post_content&#8221;][et_pb_column type=&#8221;4_4&#8243; _builder_version=&#8221;4.16&#8243; background_position=&#8221;top_left&#8221; custom_padding=&#8221;|||&#8221; global_colors_info=&#8221;{}&#8221; custom_padding__hover=&#8221;|||&#8221; theme_builder_area=&#8221;post_content&#8221;][et_pb_text admin_label=&#8221;Testimonials Section Title&#8221; _builder_version=&#8221;4.16&#8243; header_font=&#8221;Montserrat||||&#8221; header_font_size=&#8221;36px&#8221; background_size=&#8221;initial&#8221; background_position=&#8221;top_left&#8221; background_repeat=&#8221;repeat&#8221; text_orientation=&#8221;center&#8221; background_layout=&#8221;dark&#8221; max_width=&#8221;710px&#8221; module_alignment=&#8221;center&#8221; animation_style=&#8221;fold&#8221; animation_direction=&#8221;bottom&#8221; animation_intensity_fold=&#8221;20%&#8221; global_colors_info=&#8221;{}&#8221; theme_builder_area=&#8221;post_content&#8221;]<\/p>\n<h1>Oltre 5000 clienti soddisfatti.<\/h1>\n<p>&nbsp;<\/p>\n<p>[\/et_pb_text][et_pb_divider color=&#8221;#ffffff&#8221; divider_weight=&#8221;3px&#8221; disabled_on=&#8221;off|off|off&#8221; _builder_version=&#8221;4.16&#8243; background_color_gradient_direction=&#8221;90deg&#8221; max_width=&#8221;100px&#8221; module_alignment=&#8221;center&#8221; height=&#8221;5px&#8221; custom_margin=&#8221;||20px|&#8221; custom_padding=&#8221;||20px|&#8221; animation_style=&#8221;slide&#8221; animation_direction=&#8221;bottom&#8221; saved_tabs=&#8221;all&#8221; locked=&#8221;off&#8221; global_colors_info=&#8221;{}&#8221; theme_builder_area=&#8221;post_content&#8221;][\/et_pb_divider][\/et_pb_column][\/et_pb_row][et_pb_row column_structure=&#8221;1_2,1_2&#8243; _builder_version=&#8221;4.18.1&#8243; _module_preset=&#8221;default&#8221; global_colors_info=&#8221;{}&#8221; theme_builder_area=&#8221;post_content&#8221;][et_pb_column type=&#8221;1_2&#8243; _builder_version=&#8221;4.18.1&#8243; _module_preset=&#8221;default&#8221; global_colors_info=&#8221;{}&#8221; theme_builder_area=&#8221;post_content&#8221;][et_pb_testimonial author=&#8221;Marco&#8221; portrait_url=&#8221;https:\/\/ag-frisch.com\/wp-content\/uploads\/2021\/08\/Harald.png&#8221; quote_icon=&#8221;off&#8221; _builder_version=&#8221;4.18.1&#8243; _module_preset=&#8221;default&#8221; body_font_size=&#8221;16px&#8221; use_background_color=&#8221;off&#8221; background_layout=&#8221;dark&#8221; global_colors_info=&#8221;{}&#8221; theme_builder_area=&#8221;post_content&#8221;]Ho commissionato all&#8217;Agenzia Frisch la produzione di un grande mobile in Cina e il suo trasporto in Germania. La comunicazione via posta \u00e8 stata fluida per tutto il tempo! Risposte molto rapide e affidabili mi hanno costantemente dato le rassicurazioni che sono essenziali in un&#8217;impresa del genere. Sono stata sempre aiutata nella giungla burocratica e nessun modulo \u00e8 stato dimenticato o compilato in modo errato. Molto lodevole!<a href=\"&lt;div%20class=%22pe-richsnippets%22&gt;&nbsp;&lt;\/div&gt;%20&lt;script%20type=%22text\/javascript%22%20src=%22https:\/\/www.provenexpert.com\/widget\/richsnippet.js?u=1NUA0VwZ4RUZ5tmAi5zA4RaplNKAlWwZ&amp;v=2%22%20async&gt;&lt;\/script&gt;%20&lt;div%20style=%22text-align:%20justify;%22&gt;&lt;br%20\/&gt;\"><\/a><\/p>\n<div class=\"brow ratingBarMargin\">\n<div class=\"ratingBar\">\n<div class=\"brow\">\n<div class=\"pe-richsnippets\">&nbsp;<\/div>\n<p><script type=\"text\/javascript\" src=\"https:\/\/www.provenexpert.com\/widget\/richsnippet.js?u=1NUA0VwZ4RUZ5tmAi5zA4RaplNKAlWwZ&amp;v=2\" async=\"\"><\/script><\/p>\n<div style=\"text-align: justify;\"><\/p>\n<div class=\"col-lg-9 col-md-8 col-xs-10 mt20 mb20\">\n<div class=\"col-xs-12 surveyNameForRating\"><\/div>\n<\/div>\n<\/div>\n<\/div>\n<\/div>\n<\/div>\n<p>[\/et_pb_testimonial][\/et_pb_column][et_pb_column type=&#8221;1_2&#8243; _builder_version=&#8221;4.18.1&#8243; _module_preset=&#8221;default&#8221; global_colors_info=&#8221;{}&#8221; theme_builder_area=&#8221;post_content&#8221;][et_pb_testimonial author=&#8221;Simone L.&#8221; portrait_url=&#8221;https:\/\/ag-frisch.com\/wp-content\/uploads\/2021\/08\/Harald.png&#8221; quote_icon=&#8221;off&#8221; _builder_version=&#8221;4.18.1&#8243; _module_preset=&#8221;default&#8221; body_font_size=&#8221;16px&#8221; use_background_color=&#8221;off&#8221; background_layout=&#8221;dark&#8221; global_colors_info=&#8221;{}&#8221; theme_builder_area=&#8221;post_content&#8221;]<\/p>\n<p>Tutti i top. Non c&#8217;\u00e8 niente di meglio di questo. La consulenza e l&#8217;attuazione non possono essere fatte meglio. Siamo pi\u00f9 che soddisfatti dopo diversi ordini con questa azienda e continuiamo la nostra collaborazione.<\/p>\n<div class=\"brow ratingBarMargin\">\n<div class=\"ratingBar\">\n<div class=\"brow\">\n<div class=\"pe-richsnippets\"> <\/div>\n<p>\n<script type=\"text\/javascript\" src=\"https:\/\/www.provenexpert.com\/widget\/richsnippet.js?u=1NUA0VwZ4RUZ5tmAi5zA4RaplNKAlWwZ&amp;v=2\" async=\"\"><\/script>\n<\/p>\n<div style=\"text-align: justify;\">\n<p>&nbsp;<\/p>\n<div class=\"col-lg-9 col-md-8 col-xs-10 mt20 mb20\">\n<div class=\"col-xs-12 surveyNameForRating\"><\/div>\n<\/div>\n<\/div>\n<\/div>\n<\/div>\n<\/div>\n<p>[\/et_pb_testimonial][\/et_pb_column][\/et_pb_row][et_pb_row _builder_version=&#8221;4.16&#8243; background_size=&#8221;initial&#8221; background_position=&#8221;top_left&#8221; background_repeat=&#8221;repeat&#8221; custom_padding=&#8221;50px|0px|30px|0px&#8221; custom_css_main_element=&#8221;text-align: center;&#8221; global_colors_info=&#8221;{}&#8221; theme_builder_area=&#8221;post_content&#8221;][et_pb_column type=&#8221;4_4&#8243; _builder_version=&#8221;4.16&#8243; custom_padding=&#8221;|||&#8221; global_colors_info=&#8221;{}&#8221; custom_padding__hover=&#8221;|||&#8221; theme_builder_area=&#8221;post_content&#8221;][et_pb_button button_url=&#8221;https:\/\/www.provenexpert.com\/de-de\/agentur-frisch-international-consulting-gmbh-und-co-kg\/&#8221; button_text=&#8221;ALTRE VALUTAZIONI&#8221; button_alignment=&#8221;left&#8221; admin_label=&#8221;Testimonial Button&#8221; _builder_version=&#8221;4.16&#8243; custom_button=&#8221;on&#8221; button_text_size=&#8221;18px&#8221; button_text_color=&#8221;#ffffff&#8221; button_bg_color=&#8221;#6eba01&#8243; button_border_width=&#8221;2px&#8221; button_border_color=&#8221;#6eba01&#8243; button_border_radius=&#8221;0px&#8221; button_letter_spacing=&#8221;2px&#8221; button_font=&#8221;Montserrat|||on|&#8221; button_use_icon=&#8221;off&#8221; animation_style=&#8221;fold&#8221; animation_direction=&#8221;bottom&#8221; button_text_color_hover=&#8221;#ffffff&#8221; button_border_color_hover=&#8221;#ffffff&#8221; button_border_radius_hover=&#8221;0px&#8221; button_letter_spacing_hover=&#8221;2px&#8221; button_bg_color_hover=&#8221;rgba(255,255,255,0)&#8221; locked=&#8221;off&#8221; global_colors_info=&#8221;{}&#8221; button_text_size__hover_enabled=&#8221;off&#8221; button_one_text_size__hover_enabled=&#8221;off&#8221; button_two_text_size__hover_enabled=&#8221;off&#8221; button_text_color__hover_enabled=&#8221;on&#8221; button_text_color__hover=&#8221;#ffffff&#8221; button_one_text_color__hover_enabled=&#8221;off&#8221; button_two_text_color__hover_enabled=&#8221;off&#8221; button_border_width__hover_enabled=&#8221;off&#8221; button_one_border_width__hover_enabled=&#8221;off&#8221; button_two_border_width__hover_enabled=&#8221;off&#8221; button_border_color__hover_enabled=&#8221;on&#8221; button_border_color__hover=&#8221;#ffffff&#8221; button_one_border_color__hover_enabled=&#8221;off&#8221; button_two_border_color__hover_enabled=&#8221;off&#8221; button_border_radius__hover_enabled=&#8221;on&#8221; button_border_radius__hover=&#8221;0px&#8221; button_one_border_radius__hover_enabled=&#8221;off&#8221; button_two_border_radius__hover_enabled=&#8221;off&#8221; button_letter_spacing__hover_enabled=&#8221;on&#8221; button_letter_spacing__hover=&#8221;2px&#8221; button_one_letter_spacing__hover_enabled=&#8221;off&#8221; button_two_letter_spacing__hover_enabled=&#8221;off&#8221; button_bg_color__hover_enabled=&#8221;on&#8221; button_bg_color__hover=&#8221;rgba(255,255,255,0)&#8221; button_one_bg_color__hover_enabled=&#8221;off&#8221; button_two_bg_color__hover_enabled=&#8221;off&#8221; theme_builder_area=&#8221;post_content&#8221;][\/et_pb_button][\/et_pb_column][\/et_pb_row][\/et_pb_section]<\/p>\n","protected":false},"excerpt":{"rendered":"<p>Spediamo le vostre merci via mare dalla Cina all&#8217;UE, ad esempio ad Amburgo, Rotterdam o Anversa. Trasporto via mare dalla Cina Il percorso di spedizione standard per la maggior parte delle merci La maggior parte delle merci inviate dalla Cina alla Germania arriva via mare. Il vantaggio di questa opzione di trasporto \u00e8 il prezzo [&hellip;]<\/p>\n","protected":false},"author":2,"featured_media":0,"parent":0,"menu_order":0,"comment_status":"closed","ping_status":"closed","template":"","meta":{"_et_pb_use_builder":"on","_et_pb_old_content":"","_et_gb_content_width":"","footnotes":""},"class_list":["post-7387","page","type-page","status-publish","hentry"],"yoast_head":"<!-- This site is optimized with the Yoast SEO plugin v27.4 - https:\/\/yoast.com\/product\/yoast-seo-wordpress\/ -->\n<title>Trasporto marittimo dalla Cina: Importazione in container marittimo dalla Cina<\/title>\n<meta name=\"description\" content=\"Trasporto via mare dalla Cina \u25ba Spedizione di grandi quantit\u00e0 con container via mare dalla Cina \u25ba Importazione sicura di merci via mare \u25ba Chiedete subito la consulenza di un esperto!\" \/>\n<meta name=\"robots\" content=\"index, follow, max-snippet:-1, max-image-preview:large, max-video-preview:-1\" \/>\n<link rel=\"canonical\" href=\"https:\/\/ag-frisch.com\/it\/trasporto-marittimo\/\" \/>\n<meta property=\"og:locale\" content=\"it_IT\" \/>\n<meta property=\"og:type\" content=\"article\" \/>\n<meta property=\"og:title\" content=\"Trasporto marittimo dalla Cina: Importazione in container marittimo dalla Cina\" \/>\n<meta property=\"og:description\" content=\"Trasporto via mare dalla Cina \u25ba Spedizione di grandi quantit\u00e0 con container via mare dalla Cina \u25ba Importazione sicura di merci via mare \u25ba Chiedete subito la consulenza di un esperto!\" \/>\n<meta property=\"og:url\" content=\"https:\/\/ag-frisch.com\/it\/trasporto-marittimo\/\" \/>\n<meta property=\"og:site_name\" content=\"China Import Beratung f\u00fcr den Einkauf aus China\" \/>\n<meta property=\"article:publisher\" content=\"https:\/\/www.facebook.com\/China.Import\" \/>\n<meta property=\"article:modified_time\" content=\"2023-01-03T08:43:39+00:00\" \/>\n<meta name=\"twitter:card\" content=\"summary_large_image\" \/>\n<meta name=\"twitter:site\" content=\"@agenturfrisch\" \/>\n<meta name=\"twitter:label1\" content=\"Tempo di lettura stimato\" \/>\n\t<meta name=\"twitter:data1\" content=\"8 minuti\" \/>\n<script type=\"application\/ld+json\" class=\"yoast-schema-graph\">{\"@context\":\"https:\\\/\\\/schema.org\",\"@graph\":[{\"@type\":\"WebPage\",\"@id\":\"https:\\\/\\\/ag-frisch.com\\\/it\\\/trasporto-marittimo\\\/\",\"url\":\"https:\\\/\\\/ag-frisch.com\\\/it\\\/trasporto-marittimo\\\/\",\"name\":\"Trasporto marittimo dalla Cina: Importazione in container marittimo dalla Cina\",\"isPartOf\":{\"@id\":\"https:\\\/\\\/ag-frisch.com\\\/de\\\/#website\"},\"datePublished\":\"2021-10-24T21:10:56+00:00\",\"dateModified\":\"2023-01-03T08:43:39+00:00\",\"description\":\"Trasporto via mare dalla Cina \u25ba Spedizione di grandi quantit\u00e0 con container via mare dalla Cina \u25ba Importazione sicura di merci via mare \u25ba Chiedete subito la consulenza di un esperto!\",\"breadcrumb\":{\"@id\":\"https:\\\/\\\/ag-frisch.com\\\/it\\\/trasporto-marittimo\\\/#breadcrumb\"},\"inLanguage\":\"it-IT\",\"potentialAction\":[{\"@type\":\"ReadAction\",\"target\":[\"https:\\\/\\\/ag-frisch.com\\\/it\\\/trasporto-marittimo\\\/\"]}]},{\"@type\":\"BreadcrumbList\",\"@id\":\"https:\\\/\\\/ag-frisch.com\\\/it\\\/trasporto-marittimo\\\/#breadcrumb\",\"itemListElement\":[{\"@type\":\"ListItem\",\"position\":1,\"name\":\"Startseite\",\"item\":\"https:\\\/\\\/ag-frisch.com\\\/de\\\/\"},{\"@type\":\"ListItem\",\"position\":2,\"name\":\"Trasporto marittimo\"}]},{\"@type\":\"WebSite\",\"@id\":\"https:\\\/\\\/ag-frisch.com\\\/de\\\/#website\",\"url\":\"https:\\\/\\\/ag-frisch.com\\\/de\\\/\",\"name\":\"China Import Beratung f\u00fcr den Einkauf aus China\",\"description\":\"China Import &amp; Export Beratung - Der Dienstleister Ihres Vertrauens f\u00fcr Ihren China Import\",\"publisher\":{\"@id\":\"https:\\\/\\\/ag-frisch.com\\\/de\\\/#organization\"},\"potentialAction\":[{\"@type\":\"SearchAction\",\"target\":{\"@type\":\"EntryPoint\",\"urlTemplate\":\"https:\\\/\\\/ag-frisch.com\\\/de\\\/?s={search_term_string}\"},\"query-input\":{\"@type\":\"PropertyValueSpecification\",\"valueRequired\":true,\"valueName\":\"search_term_string\"}}],\"inLanguage\":\"it-IT\"},{\"@type\":\"Organization\",\"@id\":\"https:\\\/\\\/ag-frisch.com\\\/de\\\/#organization\",\"name\":\"Agentur Frisch International Consulting GmbH & Co. KG\",\"url\":\"https:\\\/\\\/ag-frisch.com\\\/de\\\/\",\"logo\":{\"@type\":\"ImageObject\",\"inLanguage\":\"it-IT\",\"@id\":\"https:\\\/\\\/ag-frisch.com\\\/de\\\/#\\\/schema\\\/logo\\\/image\\\/\",\"url\":\"https:\\\/\\\/ag-frisch.com\\\/wp-content\\\/uploads\\\/2021\\\/08\\\/ag_logo_rgb_300_small.png\",\"contentUrl\":\"https:\\\/\\\/ag-frisch.com\\\/wp-content\\\/uploads\\\/2021\\\/08\\\/ag_logo_rgb_300_small.png\",\"width\":153,\"height\":102,\"caption\":\"Agentur Frisch International Consulting GmbH & Co. KG\"},\"image\":{\"@id\":\"https:\\\/\\\/ag-frisch.com\\\/de\\\/#\\\/schema\\\/logo\\\/image\\\/\"},\"sameAs\":[\"https:\\\/\\\/www.facebook.com\\\/China.Import\",\"https:\\\/\\\/x.com\\\/agenturfrisch\"]}]}<\/script>\n<!-- \/ Yoast SEO plugin. -->","yoast_head_json":{"title":"Trasporto marittimo dalla Cina: Importazione in container marittimo dalla Cina","description":"Trasporto via mare dalla Cina \u25ba Spedizione di grandi quantit\u00e0 con container via mare dalla Cina \u25ba Importazione sicura di merci via mare \u25ba Chiedete subito la consulenza di un esperto!","robots":{"index":"index","follow":"follow","max-snippet":"max-snippet:-1","max-image-preview":"max-image-preview:large","max-video-preview":"max-video-preview:-1"},"canonical":"https:\/\/ag-frisch.com\/it\/trasporto-marittimo\/","og_locale":"it_IT","og_type":"article","og_title":"Trasporto marittimo dalla Cina: Importazione in container marittimo dalla Cina","og_description":"Trasporto via mare dalla Cina \u25ba Spedizione di grandi quantit\u00e0 con container via mare dalla Cina \u25ba Importazione sicura di merci via mare \u25ba Chiedete subito la consulenza di un esperto!","og_url":"https:\/\/ag-frisch.com\/it\/trasporto-marittimo\/","og_site_name":"China Import Beratung f\u00fcr den Einkauf aus China","article_publisher":"https:\/\/www.facebook.com\/China.Import","article_modified_time":"2023-01-03T08:43:39+00:00","twitter_card":"summary_large_image","twitter_site":"@agenturfrisch","twitter_misc":{"Tempo di lettura stimato":"8 minuti"},"schema":{"@context":"https:\/\/schema.org","@graph":[{"@type":"WebPage","@id":"https:\/\/ag-frisch.com\/it\/trasporto-marittimo\/","url":"https:\/\/ag-frisch.com\/it\/trasporto-marittimo\/","name":"Trasporto marittimo dalla Cina: Importazione in container marittimo dalla Cina","isPartOf":{"@id":"https:\/\/ag-frisch.com\/de\/#website"},"datePublished":"2021-10-24T21:10:56+00:00","dateModified":"2023-01-03T08:43:39+00:00","description":"Trasporto via mare dalla Cina \u25ba Spedizione di grandi quantit\u00e0 con container via mare dalla Cina \u25ba Importazione sicura di merci via mare \u25ba Chiedete subito la consulenza di un esperto!","breadcrumb":{"@id":"https:\/\/ag-frisch.com\/it\/trasporto-marittimo\/#breadcrumb"},"inLanguage":"it-IT","potentialAction":[{"@type":"ReadAction","target":["https:\/\/ag-frisch.com\/it\/trasporto-marittimo\/"]}]},{"@type":"BreadcrumbList","@id":"https:\/\/ag-frisch.com\/it\/trasporto-marittimo\/#breadcrumb","itemListElement":[{"@type":"ListItem","position":1,"name":"Startseite","item":"https:\/\/ag-frisch.com\/de\/"},{"@type":"ListItem","position":2,"name":"Trasporto marittimo"}]},{"@type":"WebSite","@id":"https:\/\/ag-frisch.com\/de\/#website","url":"https:\/\/ag-frisch.com\/de\/","name":"China Import Beratung f\u00fcr den Einkauf aus China","description":"China Import &amp; Export Beratung - Der Dienstleister Ihres Vertrauens f\u00fcr Ihren China Import","publisher":{"@id":"https:\/\/ag-frisch.com\/de\/#organization"},"potentialAction":[{"@type":"SearchAction","target":{"@type":"EntryPoint","urlTemplate":"https:\/\/ag-frisch.com\/de\/?s={search_term_string}"},"query-input":{"@type":"PropertyValueSpecification","valueRequired":true,"valueName":"search_term_string"}}],"inLanguage":"it-IT"},{"@type":"Organization","@id":"https:\/\/ag-frisch.com\/de\/#organization","name":"Agentur Frisch International Consulting GmbH & Co. KG","url":"https:\/\/ag-frisch.com\/de\/","logo":{"@type":"ImageObject","inLanguage":"it-IT","@id":"https:\/\/ag-frisch.com\/de\/#\/schema\/logo\/image\/","url":"https:\/\/ag-frisch.com\/wp-content\/uploads\/2021\/08\/ag_logo_rgb_300_small.png","contentUrl":"https:\/\/ag-frisch.com\/wp-content\/uploads\/2021\/08\/ag_logo_rgb_300_small.png","width":153,"height":102,"caption":"Agentur Frisch International Consulting GmbH & Co. KG"},"image":{"@id":"https:\/\/ag-frisch.com\/de\/#\/schema\/logo\/image\/"},"sameAs":["https:\/\/www.facebook.com\/China.Import","https:\/\/x.com\/agenturfrisch"]}]}},"_links":{"self":[{"href":"https:\/\/ag-frisch.com\/it\/wp-json\/wp\/v2\/pages\/7387","targetHints":{"allow":["GET"]}}],"collection":[{"href":"https:\/\/ag-frisch.com\/it\/wp-json\/wp\/v2\/pages"}],"about":[{"href":"https:\/\/ag-frisch.com\/it\/wp-json\/wp\/v2\/types\/page"}],"author":[{"embeddable":true,"href":"https:\/\/ag-frisch.com\/it\/wp-json\/wp\/v2\/users\/2"}],"replies":[{"embeddable":true,"href":"https:\/\/ag-frisch.com\/it\/wp-json\/wp\/v2\/comments?post=7387"}],"version-history":[{"count":0,"href":"https:\/\/ag-frisch.com\/it\/wp-json\/wp\/v2\/pages\/7387\/revisions"}],"wp:attachment":[{"href":"https:\/\/ag-frisch.com\/it\/wp-json\/wp\/v2\/media?parent=7387"}],"curies":[{"name":"wp","href":"https:\/\/api.w.org\/{rel}","templated":true}]}}