{"id":7475,"date":"2021-08-30T11:17:31","date_gmt":"2021-08-30T09:17:31","guid":{"rendered":"https:\/\/ag-frisch.com\/agb\/"},"modified":"2023-01-21T09:57:33","modified_gmt":"2023-01-21T08:57:33","slug":"agb","status":"publish","type":"page","link":"https:\/\/ag-frisch.com\/it\/agb\/","title":{"rendered":"Condizioni generali di contratto"},"content":{"rendered":"<p>[et_pb_section fb_built=&#8221;1&#8243; admin_label=&#8221;section&#8221; _builder_version=&#8221;4.16&#8243; global_colors_info=&#8221;{}&#8221;][et_pb_row admin_label=&#8221;fila&#8221; _builder_version=&#8221;4.16&#8243; background_size=&#8221;initial&#8221; background_position=&#8221;top_left&#8221; background_repeat=&#8221;repeat&#8221; global_colors_info=&#8221;{}&#8221;][et_pb_column type=&#8221;4_4&#8243; _builder_version=&#8221;4.16&#8243; custom_padding=&#8221;|||&#8221; global_colors_info=&#8221;{}&#8221; custom_padding__hover=&#8221;|||&#8221;][et_pb_text admin_label=&#8221;Text&#8221; _builder_version=&#8221;4.18.1&#8243; background_size=&#8221;initial&#8221; background_position=&#8221;top_left&#8221; background_repeat=&#8221;repeat&#8221; global_colors_info=&#8221;{}&#8221;]<\/p>\n<h1>Agentur Frisch: I nostri termini e condizioni<\/h1>\n<p>tra il cliente<\/p>\n<p>&#8211; di seguito denominata Impresa &#8211;<\/p>\n<p>e<\/p>\n<p>Agentur Frisch International Consulting GmbH &amp; Co KG<br \/>&#8211; di seguito denominata agente commerciale &#8211;<\/p>\n<p><a href=\"https:\/\/ag-frisch.com\/it\/agente-commerciale-gtc\/\"><strong>Condizioni generali per i contratti di agenti commerciali (tutti i contratti che vengono regolati su commissione o con tariffe forfettarie per i pacchetti di importazione). <\/strong><\/a><\/p>\n<p>in linea con le condizioni di base dell&#8217;HGB \u00a7 84 e seguenti, si veda anche la validit\u00e0 per l&#8217;agente di acquisto; W. Kohlhammer pag. 107 sezione b. Solo se non \u00e8 stata concordata esplicitamente una collaborazione permanente o se la commissione deve diminuire gradualmente fino ad azzerarsi, si applica la legge sull&#8217;intermediazione. <\/p>\n<p><a href=\"https:\/\/ag-frisch.com\/de\/berater-agb\/\"><strong>Termini e condizioni per le consulenze (vengono addebitate su base oraria). <\/strong><\/a><\/p>\n<p><a href=\"https:\/\/transportrecht.org\/wp-content\/uploads\/logistik_agb.pdf\"><strong>Condizioni generali per i contratti di logistica\/spedizione e magazzino<\/strong><\/a><\/p>\n<p>1. Si prega di notare che per gli ordini di trasporto, la fatturazione \u00e8 prevista entro due settimane dall\u00b4 ordine e il pagamento \u00e9 da eseguirsi immediatamente o in alcuni casi entro massimo due settimane.<\/p>\n<p>2. Il costo della logistica si riferisce a container a pieno carico per la consegna su rotaia. Chiediamo di segnalarci anticipatamente se il container deve essere scaricato, se si necessita di una piattaforma di carico\/scarico o in caso di necessit\u00e1 di consegna diretta con camion. Nei casi sopraelencati verranno calcolate delle spese aggiuntive. Nel caso in cui il treno merci abbia esaurito la disponibilit\u00e1, sar\u00e1 necessario organizzare un trasporto diretto con camion che comporter\u00e1 costi aggiuntivi. Tale trasporto insieme ai costi di magazzinaggio verranno calcolati supplementariamente e saranno addebitati al cliente.<\/p>\n<p>3. Le offerte relative ai prezzi di trasporto si riferiscono alla data di partenza della nave o aereo, ad esempio Se viene effettuata una richiesta il trentesimo giorno del mese per un\u00b4offerta valida fino al trentunesimo giorno del mese, non sar\u00e1 possibile far partire l\u00b4 ordine entro il trentunesimo giorno. <strong>Non si<\/strong> potr\u00e1 fare riferimento alla data in cui viene accettata l\u00b4 offerta.<\/p>\n<p>4. assicurazione sul trasporto del valore di circa 3-5 per mille del valore della merce (per un minimo di 20 euro).<\/p>\n<p>5. tutte le operazioni di trasporto e magazzinaggio devono essere eseguite in conformit\u00e0 alle disposizioni dell&#8217;azienda e l&#8217;agente commerciale non \u00e8 tenuto a verificare o mettere in discussione tali istruzioni. Il cliente si assume la responsabilit\u00e0 dei servizi svolti secondo le sue preferenze (ad esempio tipologia di imballaggio, scelta del tipo di trasporto, ecc.) Si vedano anche i termini e condizioni della Logistica \u00a7 4.1 e 5.1. <\/p>\n<p>6. per un ulteriore trasporto, il tipo di servizio viene scelto in base al tempo di transito desiderato (Express Premium = da 1 a 2 giorni, Express Economy = da 3 a 10 giorni, trasporto aereo da 7 a 16 giorni, ferrovia da 16 a 30 giorni, mare = da 30 a 60 giorni, camion a seconda della distanza da tre giorni). Il cliente deve assicurarsi che l&#8217;imballaggio sia sufficiente per la metodologia di trasporto desiderata o deve avvisare in anticipo l&#8217;agente commerciale se desidera che la merce debba essere impacchettata altrimenti. <\/p>\n<p>Il cliente deve fornire i materiali necessari per l\u00b4 imballaggio (cartone, nastro adesivo) o, se desidera riceverli dall&#8217;agente commerciale, deve sostenerne i costi. <\/p>\n<p>8. I costi di magazzinaggio, ad esempio a causa di ritardi del traffico ferroviario o presso l&#8217;autorit\u00e0 doganale, cos\u00ed come i costi delle ispezioni doganali e di altre misure ufficiali sono a carico del cliente.<\/p>\n<p> Per tutti gli altri casi si fa riferimento alle condizioni generali degli spedizionieri (vedi Link sopra)<\/p>\n<p>[\/et_pb_text][\/et_pb_column][\/et_pb_row][\/et_pb_section]<\/p>\n","protected":false},"excerpt":{"rendered":"<p>Agentur Frisch: I nostri termini e condizioni tra il cliente &#8211; di seguito denominata Impresa &#8211; e Agentur Frisch International Consulting GmbH &amp; Co KG- di seguito denominata agente commerciale &#8211; Condizioni generali per i contratti di agenti commerciali (tutti i contratti che vengono regolati su commissione o con tariffe forfettarie per i pacchetti di [&hellip;]<\/p>\n","protected":false},"author":6,"featured_media":0,"parent":0,"menu_order":0,"comment_status":"closed","ping_status":"closed","template":"","meta":{"_et_pb_use_builder":"on","_et_pb_old_content":"","_et_gb_content_width":"","footnotes":""},"class_list":["post-7475","page","type-page","status-publish","hentry"],"yoast_head":"<!-- This site is optimized with the Yoast SEO plugin v27.4 - https:\/\/yoast.com\/product\/yoast-seo-wordpress\/ -->\n<title>Condizioni generali di contratto dell&#039;Agentur Frisch con sede a Berlino<\/title>\n<meta name=\"description\" content=\"Leggi qui le condizioni generali di contratto dell\u00b4 Agentur Frisch International Consulting GmbH &amp; Co. KG \u25ba Scopri di pi\u00f9!\" \/>\n<meta name=\"robots\" content=\"index, follow, max-snippet:-1, max-image-preview:large, max-video-preview:-1\" \/>\n<link rel=\"canonical\" href=\"https:\/\/ag-frisch.com\/it\/agb\/\" \/>\n<meta property=\"og:locale\" content=\"it_IT\" \/>\n<meta property=\"og:type\" content=\"article\" \/>\n<meta property=\"og:title\" content=\"Condizioni generali di contratto dell&#039;Agentur Frisch con sede a Berlino\" \/>\n<meta property=\"og:description\" content=\"Leggi qui le condizioni generali di contratto dell\u00b4 Agentur Frisch International Consulting GmbH &amp; Co. KG \u25ba Scopri di pi\u00f9!\" \/>\n<meta property=\"og:url\" content=\"https:\/\/ag-frisch.com\/it\/agb\/\" \/>\n<meta property=\"og:site_name\" content=\"China Import Beratung f\u00fcr den Einkauf aus China\" \/>\n<meta property=\"article:publisher\" content=\"https:\/\/www.facebook.com\/China.Import\" \/>\n<meta property=\"article:modified_time\" content=\"2023-01-21T08:57:33+00:00\" \/>\n<meta name=\"twitter:card\" content=\"summary_large_image\" \/>\n<meta name=\"twitter:site\" content=\"@agenturfrisch\" \/>\n<meta name=\"twitter:label1\" content=\"Tempo di lettura stimato\" \/>\n\t<meta name=\"twitter:data1\" content=\"3 minuti\" \/>\n<script type=\"application\/ld+json\" class=\"yoast-schema-graph\">{\"@context\":\"https:\\\/\\\/schema.org\",\"@graph\":[{\"@type\":\"WebPage\",\"@id\":\"https:\\\/\\\/ag-frisch.com\\\/it\\\/agb\\\/\",\"url\":\"https:\\\/\\\/ag-frisch.com\\\/it\\\/agb\\\/\",\"name\":\"Condizioni generali di contratto dell'Agentur Frisch con sede a Berlino\",\"isPartOf\":{\"@id\":\"https:\\\/\\\/ag-frisch.com\\\/de\\\/#website\"},\"datePublished\":\"2021-08-30T09:17:31+00:00\",\"dateModified\":\"2023-01-21T08:57:33+00:00\",\"description\":\"Leggi qui le condizioni generali di contratto dell\u00b4 Agentur Frisch International Consulting GmbH & Co. KG \u25ba Scopri di pi\u00f9!\",\"breadcrumb\":{\"@id\":\"https:\\\/\\\/ag-frisch.com\\\/it\\\/agb\\\/#breadcrumb\"},\"inLanguage\":\"it-IT\",\"potentialAction\":[{\"@type\":\"ReadAction\",\"target\":[\"https:\\\/\\\/ag-frisch.com\\\/it\\\/agb\\\/\"]}]},{\"@type\":\"BreadcrumbList\",\"@id\":\"https:\\\/\\\/ag-frisch.com\\\/it\\\/agb\\\/#breadcrumb\",\"itemListElement\":[{\"@type\":\"ListItem\",\"position\":1,\"name\":\"Startseite\",\"item\":\"https:\\\/\\\/ag-frisch.com\\\/de\\\/\"},{\"@type\":\"ListItem\",\"position\":2,\"name\":\"Condizioni generali di contratto\"}]},{\"@type\":\"WebSite\",\"@id\":\"https:\\\/\\\/ag-frisch.com\\\/de\\\/#website\",\"url\":\"https:\\\/\\\/ag-frisch.com\\\/de\\\/\",\"name\":\"China Import Beratung f\u00fcr den Einkauf aus China\",\"description\":\"China Import &amp; Export Beratung - Der Dienstleister Ihres Vertrauens f\u00fcr Ihren China Import\",\"publisher\":{\"@id\":\"https:\\\/\\\/ag-frisch.com\\\/de\\\/#organization\"},\"potentialAction\":[{\"@type\":\"SearchAction\",\"target\":{\"@type\":\"EntryPoint\",\"urlTemplate\":\"https:\\\/\\\/ag-frisch.com\\\/de\\\/?s={search_term_string}\"},\"query-input\":{\"@type\":\"PropertyValueSpecification\",\"valueRequired\":true,\"valueName\":\"search_term_string\"}}],\"inLanguage\":\"it-IT\"},{\"@type\":\"Organization\",\"@id\":\"https:\\\/\\\/ag-frisch.com\\\/de\\\/#organization\",\"name\":\"Agentur Frisch International Consulting GmbH & Co. KG\",\"url\":\"https:\\\/\\\/ag-frisch.com\\\/de\\\/\",\"logo\":{\"@type\":\"ImageObject\",\"inLanguage\":\"it-IT\",\"@id\":\"https:\\\/\\\/ag-frisch.com\\\/de\\\/#\\\/schema\\\/logo\\\/image\\\/\",\"url\":\"https:\\\/\\\/ag-frisch.com\\\/wp-content\\\/uploads\\\/2021\\\/08\\\/ag_logo_rgb_300_small.png\",\"contentUrl\":\"https:\\\/\\\/ag-frisch.com\\\/wp-content\\\/uploads\\\/2021\\\/08\\\/ag_logo_rgb_300_small.png\",\"width\":153,\"height\":102,\"caption\":\"Agentur Frisch International Consulting GmbH & Co. KG\"},\"image\":{\"@id\":\"https:\\\/\\\/ag-frisch.com\\\/de\\\/#\\\/schema\\\/logo\\\/image\\\/\"},\"sameAs\":[\"https:\\\/\\\/www.facebook.com\\\/China.Import\",\"https:\\\/\\\/x.com\\\/agenturfrisch\"]}]}<\/script>\n<!-- \/ Yoast SEO plugin. -->","yoast_head_json":{"title":"Condizioni generali di contratto dell'Agentur Frisch con sede a Berlino","description":"Leggi qui le condizioni generali di contratto dell\u00b4 Agentur Frisch International Consulting GmbH & Co. KG \u25ba Scopri di pi\u00f9!","robots":{"index":"index","follow":"follow","max-snippet":"max-snippet:-1","max-image-preview":"max-image-preview:large","max-video-preview":"max-video-preview:-1"},"canonical":"https:\/\/ag-frisch.com\/it\/agb\/","og_locale":"it_IT","og_type":"article","og_title":"Condizioni generali di contratto dell'Agentur Frisch con sede a Berlino","og_description":"Leggi qui le condizioni generali di contratto dell\u00b4 Agentur Frisch International Consulting GmbH & Co. KG \u25ba Scopri di pi\u00f9!","og_url":"https:\/\/ag-frisch.com\/it\/agb\/","og_site_name":"China Import Beratung f\u00fcr den Einkauf aus China","article_publisher":"https:\/\/www.facebook.com\/China.Import","article_modified_time":"2023-01-21T08:57:33+00:00","twitter_card":"summary_large_image","twitter_site":"@agenturfrisch","twitter_misc":{"Tempo di lettura stimato":"3 minuti"},"schema":{"@context":"https:\/\/schema.org","@graph":[{"@type":"WebPage","@id":"https:\/\/ag-frisch.com\/it\/agb\/","url":"https:\/\/ag-frisch.com\/it\/agb\/","name":"Condizioni generali di contratto dell'Agentur Frisch con sede a Berlino","isPartOf":{"@id":"https:\/\/ag-frisch.com\/de\/#website"},"datePublished":"2021-08-30T09:17:31+00:00","dateModified":"2023-01-21T08:57:33+00:00","description":"Leggi qui le condizioni generali di contratto dell\u00b4 Agentur Frisch International Consulting GmbH & Co. KG \u25ba Scopri di pi\u00f9!","breadcrumb":{"@id":"https:\/\/ag-frisch.com\/it\/agb\/#breadcrumb"},"inLanguage":"it-IT","potentialAction":[{"@type":"ReadAction","target":["https:\/\/ag-frisch.com\/it\/agb\/"]}]},{"@type":"BreadcrumbList","@id":"https:\/\/ag-frisch.com\/it\/agb\/#breadcrumb","itemListElement":[{"@type":"ListItem","position":1,"name":"Startseite","item":"https:\/\/ag-frisch.com\/de\/"},{"@type":"ListItem","position":2,"name":"Condizioni generali di contratto"}]},{"@type":"WebSite","@id":"https:\/\/ag-frisch.com\/de\/#website","url":"https:\/\/ag-frisch.com\/de\/","name":"China Import Beratung f\u00fcr den Einkauf aus China","description":"China Import &amp; Export Beratung - Der Dienstleister Ihres Vertrauens f\u00fcr Ihren China Import","publisher":{"@id":"https:\/\/ag-frisch.com\/de\/#organization"},"potentialAction":[{"@type":"SearchAction","target":{"@type":"EntryPoint","urlTemplate":"https:\/\/ag-frisch.com\/de\/?s={search_term_string}"},"query-input":{"@type":"PropertyValueSpecification","valueRequired":true,"valueName":"search_term_string"}}],"inLanguage":"it-IT"},{"@type":"Organization","@id":"https:\/\/ag-frisch.com\/de\/#organization","name":"Agentur Frisch International Consulting GmbH & Co. KG","url":"https:\/\/ag-frisch.com\/de\/","logo":{"@type":"ImageObject","inLanguage":"it-IT","@id":"https:\/\/ag-frisch.com\/de\/#\/schema\/logo\/image\/","url":"https:\/\/ag-frisch.com\/wp-content\/uploads\/2021\/08\/ag_logo_rgb_300_small.png","contentUrl":"https:\/\/ag-frisch.com\/wp-content\/uploads\/2021\/08\/ag_logo_rgb_300_small.png","width":153,"height":102,"caption":"Agentur Frisch International Consulting GmbH & Co. KG"},"image":{"@id":"https:\/\/ag-frisch.com\/de\/#\/schema\/logo\/image\/"},"sameAs":["https:\/\/www.facebook.com\/China.Import","https:\/\/x.com\/agenturfrisch"]}]}},"_links":{"self":[{"href":"https:\/\/ag-frisch.com\/it\/wp-json\/wp\/v2\/pages\/7475","targetHints":{"allow":["GET"]}}],"collection":[{"href":"https:\/\/ag-frisch.com\/it\/wp-json\/wp\/v2\/pages"}],"about":[{"href":"https:\/\/ag-frisch.com\/it\/wp-json\/wp\/v2\/types\/page"}],"author":[{"embeddable":true,"href":"https:\/\/ag-frisch.com\/it\/wp-json\/wp\/v2\/users\/6"}],"replies":[{"embeddable":true,"href":"https:\/\/ag-frisch.com\/it\/wp-json\/wp\/v2\/comments?post=7475"}],"version-history":[{"count":0,"href":"https:\/\/ag-frisch.com\/it\/wp-json\/wp\/v2\/pages\/7475\/revisions"}],"wp:attachment":[{"href":"https:\/\/ag-frisch.com\/it\/wp-json\/wp\/v2\/media?parent=7475"}],"curies":[{"name":"wp","href":"https:\/\/api.w.org\/{rel}","templated":true}]}}