{"id":7865,"date":"2022-04-30T06:16:48","date_gmt":"2022-04-30T04:16:48","guid":{"rendered":"https:\/\/ag-frisch.com\/forniture-per-ufficio-dalla-cina\/"},"modified":"2023-01-21T11:49:21","modified_gmt":"2023-01-21T10:49:21","slug":"forniture-per-ufficio-dalla-cina","status":"publish","type":"page","link":"https:\/\/ag-frisch.com\/it\/forniture-per-ufficio-dalla-cina\/","title":{"rendered":"Forniture per ufficio dalla Cina"},"content":{"rendered":"<p>[et_pb_section fb_built=&#8221;1&#8243; _builder_version=&#8221;4.16&#8243; _module_preset=&#8221;default&#8221; global_colors_info=&#8221;{}&#8221;][et_pb_row _builder_version=&#8221;4.18.1&#8243; _module_preset=&#8221;default&#8221; global_colors_info=&#8221;{}&#8221;][et_pb_column type=&#8221;4_4&#8243; _builder_version=&#8221;4.18.1&#8243; _module_preset=&#8221;default&#8221; global_colors_info=&#8221;{}&#8221;][et_pb_cta title=&#8221;Importazione dalla Cina&#8221; button_url=&#8221;https:\/\/ag-frisch.com\/it\/contatto\/&#8221; button_text=&#8221;Prenota ora con il professionista&#8221; _builder_version=&#8221;4.18.1&#8243; _module_preset=&#8221;default&#8221; global_colors_info=&#8221;{}&#8221;]<\/p>\n<p>Con la China Import Agency Frisch, potete fare affari con la Cina come dei professionisti.<\/p>\n<p>[\/et_pb_cta][\/et_pb_column][\/et_pb_row][et_pb_row _builder_version=&#8221;4.16&#8243; _module_preset=&#8221;default&#8221; global_colors_info=&#8221;{}&#8221;][et_pb_column type=&#8221;4_4&#8243; _builder_version=&#8221;4.16&#8243; _module_preset=&#8221;default&#8221; global_colors_info=&#8221;{}&#8221;][et_pb_text _builder_version=&#8221;4.18.1&#8243; _module_preset=&#8221;default&#8221; hover_enabled=&#8221;0&#8243; global_colors_info=&#8221;{}&#8221; sticky_enabled=&#8221;0&#8243;]<\/p>\n<h1>Importazione di forniture per ufficio e materiale pubblicitario dalla Cina<\/h1>\n<p><strong>Forniture per ufficio e materiale promozionale dalla Cina<\/strong><\/p>\n<p>Post-it e penne a sfera, carta per stampanti e buste: si trovano a prezzi pi\u00f9 bassi in Cina. Perch\u00e9 voi, in qualit\u00e0 di grossisti o dettaglianti tedeschi, dovreste comunque sborsare troppo denaro anche per quantit\u00e0 elevate? In qualit\u00e0 di partner competente per le importazioni dalla Cina, possiamo aiutarvi a trovare partner commerciali da cui acquistare forniture per ufficio dalla Cina a prezzi spesso inferiori. I prodotti che potete far importare attraverso di noi sono, ad esempio, i seguenti:<\/p>\n<ul>\n<li>Carta, forniture per ufficio e cancelleria<\/li>\n<li>Materiali da imballaggio<\/li>\n<li>Presentazione e necessit\u00e0 di formazione<\/li>\n<li>Arredamento del negozio<\/li>\n<li>Forniture per fiere e articoli promozionali<\/li>\n<li>e molto altro ancora.<\/li>\n<\/ul>\n<p>&nbsp;<\/p>\n<p><strong>Importazione di cancelleria e forniture per ufficio a basso costo dalla Cina<\/strong><\/p>\n<p>Il nostro portafoglio prodotti copre l&#8217;intera gamma di forniture per ufficio. I righelli e le lenti d&#8217;ingrandimento, gli evidenziatori e i blocchi da tavolo fanno parte di questa attivit\u00e0 tanto quanto il materiale da disegno o i calendari. Lavoriamo esclusivamente con aziende affidabili che svolgono un lavoro pulito. Le forniture per ufficio che acquistiamo dalla Cina soddisfano i requisiti tedeschi &#8211; e a prezzi cinesi.<\/p>\n<p>&nbsp;<\/p>\n<p><strong>Attrezzature per ufficio e arredi per negozi<\/strong><\/p>\n<p>Attraverso di noi \u00e8 possibile ottenere non solo prodotti di piccole dimensioni per l&#8217;ufficio, ma anche attrezzature aziendali complete. Dalle scrivanie alle lavagne a fogli mobili, dagli schedari alle sedie direzionali, Agentur Frisch vi offre tutti gli oggetti che fanno parte di un arredamento completo di uffici, sale conferenze, aule di formazione e negozi.<\/p>\n<p>Le intere strutture alberghiere possono essere realizzate anche dai nostri partner commerciali. Dai banconi per hotel di fascia alta all&#8217;arredamento delle camere e alle forniture amministrative, vi troveremo il fornitore migliore e pi\u00f9 conveniente dalla Cina.<\/p>\n<p>&nbsp;<\/p>\n<p><strong>Acquistare articoli promozionali dalla Cina e risparmiare<\/strong><\/p>\n<p>Anche nell&#8217;era della digitalizzazione, gli articoli promozionali fisici sono ancora uno strumento pubblicitario adeguato che ricorder\u00e0 sempre al destinatario la vostra azienda. I fornitori cinesi possono ora facilmente tenere testa ai produttori tedeschi di materiale pubblicitario in termini di qualit\u00e0 &#8211; e a prezzi completamente diversi. Noi dell&#8217;Agentur Frisch lavoriamo da tempo con produttori eccellenti e ci assicuriamo personalmente che i nostri standard elevati siano rispettati.<\/p>\n<p>Tra le altre cose, da noi potete ottenere i seguenti articoli promozionali dalla Cina:<\/p>\n<ul>\n<li>Accendini<\/li>\n<li>Palloncini<\/li>\n<li>Blocchi per appunti<\/li>\n<li>Magliette<\/li>\n<li>Tazze<\/li>\n<li>Borse per quaderni<\/li>\n<li>Adesivo<\/li>\n<li>e molto altro ancora.<\/li>\n<\/ul>\n<p>&nbsp;<\/p>\n<p><strong>Soluzioni individuali per le vostre esigenze<\/strong><\/p>\n<p>Agentur Frisch \u00e8 il vostro partner per l&#8217;intero processo di acquisto di forniture per ufficio o articoli promozionali dalla Cina. Dalla ricerca di un produttore, alla negoziazione dei prezzi e alla stesura dei contratti, fino al controllo di qualit\u00e0 e all&#8217;intera logistica di spedizione e infine anche allo stoccaggio o all&#8217;adempimento, vi offriamo un servizio completo per l&#8217;importazione in Cina. I servizi che desiderate ricevere da noi, e se e cosa volete assumere voi stessi, li chiariamo in una consulenza. Potete prenotare questi servizi da noi in modo equo e trasparente:<\/p>\n<ul>\n<li>Ricerca prodotto\/produttore<\/li>\n<li>Controllo della produzione\/audit\/ispezioni<\/li>\n<li>Conformit\u00e0\/Certificazioni\/Etichette<\/li>\n<li>Logistica dei trasporti\/controllo dei carichi\/sdoganamenti<\/li>\n<li>Immagazzinamento<\/li>\n<\/ul>\n<p>Ci prendiamo del tempo per voi e scopriamo insieme qual \u00e8 il vostro accordo ideale per l&#8217;importazione in Cina. Attribuiamo grande importanza alla consulenza personale e individuale e chiariamo il pi\u00f9 possibile in anticipo, in modo che il vostro acquisto di forniture per ufficio dalla Cina avvenga senza problemi e con vostra completa soddisfazione.<\/p>\n<p>Il nostro approccio serio vi garantisce un&#8217;importazione in Cina in cui nulla va storto e merci che potete distribuire o utilizzare sul mercato tedesco senza riserve. Testiamo la sicurezza dei prodotti che acquistiamo nei nostri laboratori e abbiamo i pi\u00f9 alti standard di qualit\u00e0. Questo ci permette di risparmiare costi e problemi e ci rende uno degli importatori cinesi pi\u00f9 richiesti sul mercato tedesco.<\/p>\n<p>&nbsp;<\/p>\n<p><strong>Siamo orgogliosi dei nostri numerosi clienti abituali soddisfatti e dell&#8217;enorme numero di transazioni gi\u00e0 concluse positivamente. Parlate con noi!<\/strong><\/p>\n<p>&nbsp;<\/p>\n<p>[\/et_pb_text][\/et_pb_column][\/et_pb_row][\/et_pb_section][et_pb_section fb_built=&#8221;1&#8243; admin_label=&#8221;Testimonials&#8221; _builder_version=&#8221;4.16&#8243; use_background_color_gradient=&#8221;on&#8221; background_color_gradient_stops=&#8221;rgba(0,106,156,0.85) 0%|rgba(0,106,156,0.85) 100%&#8221; background_color_gradient_start=&#8221;rgba(0,106,156,0.85)&#8221; background_color_gradient_end=&#8221;rgba(0,106,156,0.85)&#8221; custom_padding=&#8221;90px||60px|&#8221; animation_style=&#8221;fold&#8221; animation_direction=&#8221;bottom&#8221; animation_intensity_fold=&#8221;4%&#8221; global_colors_info=&#8221;{}&#8221;][et_pb_row _builder_version=&#8221;4.16&#8243; background_size=&#8221;initial&#8221; background_position=&#8221;top_left&#8221; background_repeat=&#8221;repeat&#8221; custom_width_px=&#8221;710px&#8221; locked=&#8221;off&#8221; global_colors_info=&#8221;{}&#8221;][et_pb_column type=&#8221;4_4&#8243; _builder_version=&#8221;4.16&#8243; background_position=&#8221;top_left&#8221; custom_padding=&#8221;|||&#8221; global_colors_info=&#8221;{}&#8221; custom_padding__hover=&#8221;|||&#8221;][et_pb_text admin_label=&#8221;Testimonials Section Title&#8221; _builder_version=&#8221;4.16&#8243; header_font=&#8221;Montserrat||||&#8221; header_font_size=&#8221;36px&#8221; background_size=&#8221;initial&#8221; background_position=&#8221;top_left&#8221; background_repeat=&#8221;repeat&#8221; text_orientation=&#8221;center&#8221; background_layout=&#8221;dark&#8221; max_width=&#8221;710px&#8221; module_alignment=&#8221;center&#8221; animation_style=&#8221;fold&#8221; animation_direction=&#8221;bottom&#8221; animation_intensity_fold=&#8221;20%&#8221; global_colors_info=&#8221;{}&#8221;]<\/p>\n<h1>Oltre 5000 clienti soddisfatti.<\/h1>\n<p>&nbsp;<\/p>\n<p>[\/et_pb_text][et_pb_divider color=&#8221;#ffffff&#8221; divider_weight=&#8221;3px&#8221; disabled_on=&#8221;off|off|off&#8221; _builder_version=&#8221;4.16&#8243; background_color_gradient_direction=&#8221;90deg&#8221; max_width=&#8221;100px&#8221; module_alignment=&#8221;center&#8221; height=&#8221;5px&#8221; custom_margin=&#8221;||20px|&#8221; custom_padding=&#8221;||20px|&#8221; animation_style=&#8221;slide&#8221; animation_direction=&#8221;bottom&#8221; saved_tabs=&#8221;all&#8221; locked=&#8221;off&#8221; global_colors_info=&#8221;{}&#8221;][\/et_pb_divider][\/et_pb_column][\/et_pb_row][et_pb_row column_structure=&#8221;1_2,1_2&#8243; _builder_version=&#8221;4.18.1&#8243; _module_preset=&#8221;default&#8221; global_colors_info=&#8221;{}&#8221;][et_pb_column type=&#8221;1_2&#8243; _builder_version=&#8221;4.18.1&#8243; _module_preset=&#8221;default&#8221; global_colors_info=&#8221;{}&#8221;][et_pb_testimonial author=&#8221;Marco&#8221; portrait_url=&#8221;https:\/\/ag-frisch.com\/wp-content\/uploads\/2021\/08\/Harald.png&#8221; quote_icon=&#8221;off&#8221; _builder_version=&#8221;4.18.1&#8243; _module_preset=&#8221;default&#8221; body_font_size=&#8221;16px&#8221; use_background_color=&#8221;off&#8221; background_layout=&#8221;dark&#8221; global_colors_info=&#8221;{}&#8221;]Ho commissionato all&#8217;Agentur Frisch la produzione di un mobile di grandi dimensioni in Cina e il suo trasporto in Germania. Ottimale la comunicazione via mail! Risposte molto rapide e affidabili mi hanno costantemente dato le rassicurazioni che sono essenziali in un&#8217;impresa del genere. Sono stata sempre aiutata nelle complicate pratiche burocratiche e nessun modulo \u00e8 stato dimenticato o compilato in modo errato. Eccellente!<a href=\"&lt;div%20class=%22pe-richsnippets%22&gt;&nbsp;&lt;\/div&gt;%20&lt;script%20type=%22text\/javascript%22%20src=%22https:\/\/www.provenexpert.com\/widget\/richsnippet.js?u=1NUA0VwZ4RUZ5tmAi5zA4RaplNKAlWwZ&amp;v=2%22%20async&gt;&lt;\/script&gt;%20&lt;div%20style=%22text-align:%20justify;%22&gt;&lt;br%20\/&gt;\"><\/a><\/p>\n<div class=\"brow ratingBarMargin\">\n<div class=\"ratingBar\">\n<div class=\"brow\">\n<div class=\"pe-richsnippets\">&nbsp;<\/div>\n<p><script type=\"text\/javascript\" src=\"https:\/\/www.provenexpert.com\/widget\/richsnippet.js?u=1NUA0VwZ4RUZ5tmAi5zA4RaplNKAlWwZ&amp;v=2\" async=\"\"><\/script><\/p>\n<div style=\"text-align: justify;\"><\/p>\n<div class=\"col-lg-9 col-md-8 col-xs-10 mt20 mb20\">\n<div class=\"col-xs-12 surveyNameForRating\"><\/div>\n<\/div>\n<\/div>\n<\/div>\n<\/div>\n<\/div>\n<p>[\/et_pb_testimonial][\/et_pb_column][et_pb_column type=&#8221;1_2&#8243; _builder_version=&#8221;4.18.1&#8243; _module_preset=&#8221;default&#8221; global_colors_info=&#8221;{}&#8221;][et_pb_testimonial author=&#8221;Simone L.&#8221; portrait_url=&#8221;https:\/\/ag-frisch.com\/wp-content\/uploads\/2021\/08\/Harald.png&#8221; quote_icon=&#8221;off&#8221; _builder_version=&#8221;4.18.1&#8243; _module_preset=&#8221;default&#8221; body_font_size=&#8221;16px&#8221; use_background_color=&#8221;off&#8221; background_layout=&#8221;dark&#8221; global_colors_info=&#8221;{}&#8221;]<\/p>\n<p>Tutto perfetto! Non potevo immaginare servizio migliore di questo! Impossibile trovare consulenza e servizio migliori! Ci siamo rivolti pi\u00fa volte all\u00b4agenzia e siamo pi\u00fa che soddisfatti. Continueremo sicuramente a collaborare con loro!<\/p>\n<div class=\"brow ratingBarMargin\">\n<div class=\"ratingBar\">\n<div class=\"brow\">\n<div class=\"pe-richsnippets\"> <\/div>\n<p>\n<script type=\"text\/javascript\" src=\"https:\/\/www.provenexpert.com\/widget\/richsnippet.js?u=1NUA0VwZ4RUZ5tmAi5zA4RaplNKAlWwZ&amp;v=2\" async=\"\"><\/script>\n<\/p>\n<div style=\"text-align: justify;\">\n<p>&nbsp;<\/p>\n<div class=\"col-lg-9 col-md-8 col-xs-10 mt20 mb20\">\n<div class=\"col-xs-12 surveyNameForRating\"><\/div>\n<\/div>\n<\/div>\n<\/div>\n<\/div>\n<\/div>\n<p>[\/et_pb_testimonial][\/et_pb_column][\/et_pb_row][et_pb_row _builder_version=&#8221;4.16&#8243; background_size=&#8221;initial&#8221; background_position=&#8221;top_left&#8221; background_repeat=&#8221;repeat&#8221; custom_padding=&#8221;50px|0px|30px|0px&#8221; custom_css_main_element=&#8221;text-align: center;&#8221; global_colors_info=&#8221;{}&#8221;][et_pb_column type=&#8221;4_4&#8243; _builder_version=&#8221;4.16&#8243; custom_padding=&#8221;|||&#8221; global_colors_info=&#8221;{}&#8221; custom_padding__hover=&#8221;|||&#8221;][et_pb_button button_url=&#8221;https:\/\/www.provenexpert.com\/de-de\/agentur-frisch-international-consulting-gmbh-und-co-kg\/&#8221; button_text=&#8221;ALTRE VALUTAZIONI&#8221; button_alignment=&#8221;left&#8221; admin_label=&#8221;Testimonial Button&#8221; _builder_version=&#8221;4.16&#8243; custom_button=&#8221;on&#8221; button_text_size=&#8221;18px&#8221; button_text_color=&#8221;#ffffff&#8221; button_bg_color=&#8221;#6eba01&#8243; button_border_width=&#8221;2px&#8221; button_border_color=&#8221;#6eba01&#8243; button_border_radius=&#8221;0px&#8221; button_letter_spacing=&#8221;2px&#8221; button_font=&#8221;Montserrat|||on|&#8221; button_use_icon=&#8221;off&#8221; animation_style=&#8221;fold&#8221; animation_direction=&#8221;bottom&#8221; button_text_color_hover=&#8221;#ffffff&#8221; button_border_color_hover=&#8221;#ffffff&#8221; button_border_radius_hover=&#8221;0px&#8221; button_letter_spacing_hover=&#8221;2px&#8221; button_bg_color_hover=&#8221;rgba(255,255,255,0)&#8221; locked=&#8221;off&#8221; global_colors_info=&#8221;{}&#8221; button_text_size__hover_enabled=&#8221;off&#8221; button_one_text_size__hover_enabled=&#8221;off&#8221; button_two_text_size__hover_enabled=&#8221;off&#8221; button_text_color__hover_enabled=&#8221;on&#8221; button_text_color__hover=&#8221;#ffffff&#8221; button_one_text_color__hover_enabled=&#8221;off&#8221; button_two_text_color__hover_enabled=&#8221;off&#8221; button_border_width__hover_enabled=&#8221;off&#8221; button_one_border_width__hover_enabled=&#8221;off&#8221; button_two_border_width__hover_enabled=&#8221;off&#8221; button_border_color__hover_enabled=&#8221;on&#8221; button_border_color__hover=&#8221;#ffffff&#8221; button_one_border_color__hover_enabled=&#8221;off&#8221; button_two_border_color__hover_enabled=&#8221;off&#8221; button_border_radius__hover_enabled=&#8221;on&#8221; button_border_radius__hover=&#8221;0px&#8221; button_one_border_radius__hover_enabled=&#8221;off&#8221; button_two_border_radius__hover_enabled=&#8221;off&#8221; button_letter_spacing__hover_enabled=&#8221;on&#8221; button_letter_spacing__hover=&#8221;2px&#8221; button_one_letter_spacing__hover_enabled=&#8221;off&#8221; button_two_letter_spacing__hover_enabled=&#8221;off&#8221; button_bg_color__hover_enabled=&#8221;on&#8221; button_bg_color__hover=&#8221;rgba(255,255,255,0)&#8221; button_one_bg_color__hover_enabled=&#8221;off&#8221; button_two_bg_color__hover_enabled=&#8221;off&#8221;][\/et_pb_button][\/et_pb_column][\/et_pb_row][\/et_pb_section]<\/p>\n","protected":false},"excerpt":{"rendered":"<p>Con la China Import Agency Frisch, potete fare affari con la Cina come dei professionisti.Importazione di forniture per ufficio e materiale pubblicitario dalla Cina Forniture per ufficio e materiale promozionale dalla Cina Post-it e penne a sfera, carta per stampanti e buste: si trovano a prezzi pi\u00f9 bassi in Cina. Perch\u00e9 voi, in qualit\u00e0 di [&hellip;]<\/p>\n","protected":false},"author":2,"featured_media":0,"parent":0,"menu_order":0,"comment_status":"closed","ping_status":"closed","template":"","meta":{"_et_pb_use_builder":"on","_et_pb_old_content":"","_et_gb_content_width":"","footnotes":""},"class_list":["post-7865","page","type-page","status-publish","hentry"],"yoast_head":"<!-- This site is optimized with the Yoast SEO plugin v27.2 - https:\/\/yoast.com\/product\/yoast-seo-wordpress\/ -->\n<title>Forniture per ufficio dalla Cina | Importazione di materiale pubblicitario<\/title>\n<meta name=\"description\" content=\"Importazione di forniture per ufficio dalla Cina \u25ba Materiale pubblicitario e forniture commerciali di alta qualit\u00e0 \u2714 Attrezzature per ufficio \u2714 Soluzioni individuali \u25ba Richiedete subito una consulenza!\" \/>\n<meta name=\"robots\" content=\"index, follow, max-snippet:-1, max-image-preview:large, max-video-preview:-1\" \/>\n<link rel=\"canonical\" href=\"https:\/\/ag-frisch.com\/it\/forniture-per-ufficio-dalla-cina\/\" \/>\n<meta property=\"og:locale\" content=\"it_IT\" \/>\n<meta property=\"og:type\" content=\"article\" \/>\n<meta property=\"og:title\" content=\"Forniture per ufficio dalla Cina | Importazione di materiale pubblicitario\" \/>\n<meta property=\"og:description\" content=\"Importazione di forniture per ufficio dalla Cina \u25ba Materiale pubblicitario e forniture commerciali di alta qualit\u00e0 \u2714 Attrezzature per ufficio \u2714 Soluzioni individuali \u25ba Richiedete subito una consulenza!\" \/>\n<meta property=\"og:url\" content=\"https:\/\/ag-frisch.com\/it\/forniture-per-ufficio-dalla-cina\/\" \/>\n<meta property=\"og:site_name\" content=\"China Import Beratung f\u00fcr den Einkauf aus China\" \/>\n<meta property=\"article:publisher\" content=\"https:\/\/www.facebook.com\/China.Import\" \/>\n<meta property=\"article:modified_time\" content=\"2023-01-21T10:49:21+00:00\" \/>\n<meta name=\"twitter:card\" content=\"summary_large_image\" \/>\n<meta name=\"twitter:site\" content=\"@agenturfrisch\" \/>\n<meta name=\"twitter:label1\" content=\"Tempo di lettura stimato\" \/>\n\t<meta name=\"twitter:data1\" content=\"8 minuti\" \/>\n<script type=\"application\/ld+json\" class=\"yoast-schema-graph\">{\"@context\":\"https:\/\/schema.org\",\"@graph\":[{\"@type\":\"WebPage\",\"@id\":\"https:\/\/ag-frisch.com\/it\/forniture-per-ufficio-dalla-cina\/\",\"url\":\"https:\/\/ag-frisch.com\/it\/forniture-per-ufficio-dalla-cina\/\",\"name\":\"Forniture per ufficio dalla Cina | Importazione di materiale pubblicitario\",\"isPartOf\":{\"@id\":\"https:\/\/ag-frisch.com\/de\/#website\"},\"datePublished\":\"2022-04-30T04:16:48+00:00\",\"dateModified\":\"2023-01-21T10:49:21+00:00\",\"description\":\"Importazione di forniture per ufficio dalla Cina \u25ba Materiale pubblicitario e forniture commerciali di alta qualit\u00e0 \u2714 Attrezzature per ufficio \u2714 Soluzioni individuali \u25ba Richiedete subito una consulenza!\",\"breadcrumb\":{\"@id\":\"https:\/\/ag-frisch.com\/it\/forniture-per-ufficio-dalla-cina\/#breadcrumb\"},\"inLanguage\":\"it-IT\",\"potentialAction\":[{\"@type\":\"ReadAction\",\"target\":[\"https:\/\/ag-frisch.com\/it\/forniture-per-ufficio-dalla-cina\/\"]}]},{\"@type\":\"BreadcrumbList\",\"@id\":\"https:\/\/ag-frisch.com\/it\/forniture-per-ufficio-dalla-cina\/#breadcrumb\",\"itemListElement\":[{\"@type\":\"ListItem\",\"position\":1,\"name\":\"Startseite\",\"item\":\"https:\/\/ag-frisch.com\/de\/\"},{\"@type\":\"ListItem\",\"position\":2,\"name\":\"Forniture per ufficio dalla Cina\"}]},{\"@type\":\"WebSite\",\"@id\":\"https:\/\/ag-frisch.com\/de\/#website\",\"url\":\"https:\/\/ag-frisch.com\/de\/\",\"name\":\"China Import Beratung f\u00fcr den Einkauf aus China\",\"description\":\"China Import &amp; Export Beratung - Der Dienstleister Ihres Vertrauens f\u00fcr Ihren China Import\",\"publisher\":{\"@id\":\"https:\/\/ag-frisch.com\/de\/#organization\"},\"potentialAction\":[{\"@type\":\"SearchAction\",\"target\":{\"@type\":\"EntryPoint\",\"urlTemplate\":\"https:\/\/ag-frisch.com\/de\/?s={search_term_string}\"},\"query-input\":{\"@type\":\"PropertyValueSpecification\",\"valueRequired\":true,\"valueName\":\"search_term_string\"}}],\"inLanguage\":\"it-IT\"},{\"@type\":\"Organization\",\"@id\":\"https:\/\/ag-frisch.com\/de\/#organization\",\"name\":\"Agentur Frisch International Consulting GmbH & Co. KG\",\"url\":\"https:\/\/ag-frisch.com\/de\/\",\"logo\":{\"@type\":\"ImageObject\",\"inLanguage\":\"it-IT\",\"@id\":\"https:\/\/ag-frisch.com\/de\/#\/schema\/logo\/image\/\",\"url\":\"https:\/\/ag-frisch.com\/wp-content\/uploads\/2021\/08\/ag_logo_rgb_300_small.png\",\"contentUrl\":\"https:\/\/ag-frisch.com\/wp-content\/uploads\/2021\/08\/ag_logo_rgb_300_small.png\",\"width\":153,\"height\":102,\"caption\":\"Agentur Frisch International Consulting GmbH & Co. KG\"},\"image\":{\"@id\":\"https:\/\/ag-frisch.com\/de\/#\/schema\/logo\/image\/\"},\"sameAs\":[\"https:\/\/www.facebook.com\/China.Import\",\"https:\/\/x.com\/agenturfrisch\"]}]}<\/script>\n<!-- \/ Yoast SEO plugin. -->","yoast_head_json":{"title":"Forniture per ufficio dalla Cina | Importazione di materiale pubblicitario","description":"Importazione di forniture per ufficio dalla Cina \u25ba Materiale pubblicitario e forniture commerciali di alta qualit\u00e0 \u2714 Attrezzature per ufficio \u2714 Soluzioni individuali \u25ba Richiedete subito una consulenza!","robots":{"index":"index","follow":"follow","max-snippet":"max-snippet:-1","max-image-preview":"max-image-preview:large","max-video-preview":"max-video-preview:-1"},"canonical":"https:\/\/ag-frisch.com\/it\/forniture-per-ufficio-dalla-cina\/","og_locale":"it_IT","og_type":"article","og_title":"Forniture per ufficio dalla Cina | Importazione di materiale pubblicitario","og_description":"Importazione di forniture per ufficio dalla Cina \u25ba Materiale pubblicitario e forniture commerciali di alta qualit\u00e0 \u2714 Attrezzature per ufficio \u2714 Soluzioni individuali \u25ba Richiedete subito una consulenza!","og_url":"https:\/\/ag-frisch.com\/it\/forniture-per-ufficio-dalla-cina\/","og_site_name":"China Import Beratung f\u00fcr den Einkauf aus China","article_publisher":"https:\/\/www.facebook.com\/China.Import","article_modified_time":"2023-01-21T10:49:21+00:00","twitter_card":"summary_large_image","twitter_site":"@agenturfrisch","twitter_misc":{"Tempo di lettura stimato":"8 minuti"},"schema":{"@context":"https:\/\/schema.org","@graph":[{"@type":"WebPage","@id":"https:\/\/ag-frisch.com\/it\/forniture-per-ufficio-dalla-cina\/","url":"https:\/\/ag-frisch.com\/it\/forniture-per-ufficio-dalla-cina\/","name":"Forniture per ufficio dalla Cina | Importazione di materiale pubblicitario","isPartOf":{"@id":"https:\/\/ag-frisch.com\/de\/#website"},"datePublished":"2022-04-30T04:16:48+00:00","dateModified":"2023-01-21T10:49:21+00:00","description":"Importazione di forniture per ufficio dalla Cina \u25ba Materiale pubblicitario e forniture commerciali di alta qualit\u00e0 \u2714 Attrezzature per ufficio \u2714 Soluzioni individuali \u25ba Richiedete subito una consulenza!","breadcrumb":{"@id":"https:\/\/ag-frisch.com\/it\/forniture-per-ufficio-dalla-cina\/#breadcrumb"},"inLanguage":"it-IT","potentialAction":[{"@type":"ReadAction","target":["https:\/\/ag-frisch.com\/it\/forniture-per-ufficio-dalla-cina\/"]}]},{"@type":"BreadcrumbList","@id":"https:\/\/ag-frisch.com\/it\/forniture-per-ufficio-dalla-cina\/#breadcrumb","itemListElement":[{"@type":"ListItem","position":1,"name":"Startseite","item":"https:\/\/ag-frisch.com\/de\/"},{"@type":"ListItem","position":2,"name":"Forniture per ufficio dalla Cina"}]},{"@type":"WebSite","@id":"https:\/\/ag-frisch.com\/de\/#website","url":"https:\/\/ag-frisch.com\/de\/","name":"China Import Beratung f\u00fcr den Einkauf aus China","description":"China Import &amp; Export Beratung - Der Dienstleister Ihres Vertrauens f\u00fcr Ihren China Import","publisher":{"@id":"https:\/\/ag-frisch.com\/de\/#organization"},"potentialAction":[{"@type":"SearchAction","target":{"@type":"EntryPoint","urlTemplate":"https:\/\/ag-frisch.com\/de\/?s={search_term_string}"},"query-input":{"@type":"PropertyValueSpecification","valueRequired":true,"valueName":"search_term_string"}}],"inLanguage":"it-IT"},{"@type":"Organization","@id":"https:\/\/ag-frisch.com\/de\/#organization","name":"Agentur Frisch International Consulting GmbH & Co. KG","url":"https:\/\/ag-frisch.com\/de\/","logo":{"@type":"ImageObject","inLanguage":"it-IT","@id":"https:\/\/ag-frisch.com\/de\/#\/schema\/logo\/image\/","url":"https:\/\/ag-frisch.com\/wp-content\/uploads\/2021\/08\/ag_logo_rgb_300_small.png","contentUrl":"https:\/\/ag-frisch.com\/wp-content\/uploads\/2021\/08\/ag_logo_rgb_300_small.png","width":153,"height":102,"caption":"Agentur Frisch International Consulting GmbH & Co. KG"},"image":{"@id":"https:\/\/ag-frisch.com\/de\/#\/schema\/logo\/image\/"},"sameAs":["https:\/\/www.facebook.com\/China.Import","https:\/\/x.com\/agenturfrisch"]}]}},"_links":{"self":[{"href":"https:\/\/ag-frisch.com\/it\/wp-json\/wp\/v2\/pages\/7865","targetHints":{"allow":["GET"]}}],"collection":[{"href":"https:\/\/ag-frisch.com\/it\/wp-json\/wp\/v2\/pages"}],"about":[{"href":"https:\/\/ag-frisch.com\/it\/wp-json\/wp\/v2\/types\/page"}],"author":[{"embeddable":true,"href":"https:\/\/ag-frisch.com\/it\/wp-json\/wp\/v2\/users\/2"}],"replies":[{"embeddable":true,"href":"https:\/\/ag-frisch.com\/it\/wp-json\/wp\/v2\/comments?post=7865"}],"version-history":[{"count":0,"href":"https:\/\/ag-frisch.com\/it\/wp-json\/wp\/v2\/pages\/7865\/revisions"}],"wp:attachment":[{"href":"https:\/\/ag-frisch.com\/it\/wp-json\/wp\/v2\/media?parent=7865"}],"curies":[{"name":"wp","href":"https:\/\/api.w.org\/{rel}","templated":true}]}}