{"id":7874,"date":"2021-11-07T20:09:10","date_gmt":"2021-11-07T19:09:10","guid":{"rendered":"https:\/\/ag-frisch.com\/rischi-delle-importazioni-dalla-cina\/"},"modified":"2023-01-22T17:27:30","modified_gmt":"2023-01-22T16:27:30","slug":"rischi-delle-importazioni-dalla-cina","status":"publish","type":"page","link":"https:\/\/ag-frisch.com\/it\/rischi-delle-importazioni-dalla-cina\/","title":{"rendered":"Rischi delle importazioni dalla Cina"},"content":{"rendered":"<p>[et_pb_section fb_built=&#8221;1&#8243; _builder_version=&#8221;4.9.10&#8243; _module_preset=&#8221;default&#8221;][et_pb_row _builder_version=&#8221;4.9.10&#8243; _module_preset=&#8221;default&#8221;][et_pb_column _builder_version=&#8221;4.9.10&#8243; _module_preset=&#8221;default&#8221; type=&#8221;4_4&#8243;][et_pb_text _builder_version=&#8221;4.9.10&#8243; _module_preset=&#8221;default&#8221; hover_enabled=&#8221;0&#8243; sticky_enabled=&#8221;0&#8243;]<\/p>\n<div class=\"et_post_meta_wrapper\">\n<h1 class=\"entry-title\">L&#8217;acquisto in Cina comporta diversi rischi<\/h1>\n<p>&nbsp;<\/p>\n<\/div>\n<div class=\"entry-content\">\n<h2><strong>Rischi di un acquisto in Cina<\/strong><\/h2>\n<div id=\"textpreview\">La Repubblica Popolare Cinese \u00e8 la pi\u00f9 grande economia del mondo e una nazione emergente. Da tre decenni la Cina si sta trasformando in una potenza economica. I bassi costi di produzione e i processi produttivi sempre pi\u00f9 efficaci rendono il Paese molto interessante per gli investitori e i commercianti stranieri. Tuttavia, ci sono alcuni aspetti da tenere presenti quando si fanno affari con le aziende cinesi. Il sistema di valori dei cinesi \u00e8 molto diverso da quello degli europei. Anche il modo di pensare e di agire dei cinesi \u00e8 molto diverso da quello degli europei. Infine, gli imprenditori che intrattengono o intendono intrattenere rapporti commerciali con aziende cinesi devono essere consapevoli che i cinesi tendono a essere strategici.<\/div>\n<div><\/div>\n<div><\/div>\n<div><\/div>\n<div><a href=\"http:\/\/www.ag-frisch.de\/\"><img decoding=\"async\" alt=\"http:\/\/www.ag-frisch.de\/mastercontents\/kantfiles\/Neues%20Bild.PNG\" src=\"http:\/\/www.ag-frisch.de\/mastercontents\/kantfiles\/Neues%20Bild.PNG\"><\/a><\/div>\n<div><\/div>\n<div><\/div>\n<div><\/div>\n<div><\/div>\n<div><\/div>\n<div><strong>Rischio quando si acquista in Cina<\/strong><br \/>L&#8217;economia cinese \u00e8 fortemente caratterizzata da dinamiche proprie ed \u00e8 quindi opaca e caotica per molti uomini d&#8217;affari occidentali. Molte aziende che acquistano in Cina continuano a segnalare nuove difficolt\u00e0 nell&#8217;acquistare da aziende cinesi.<\/div>\n<div>In Cina i contratti non hanno lo stesso status che hanno in Europa; gli accordi contrattuali vengono costantemente infranti per rinegoziare nuovamente alcuni punti del contratto. Inoltre, la situazione economica di molte aziende cinesi \u00e8 molto instabile, il che porta le imprese a chiudere da un giorno all&#8217;altro e a non pagare i debiti. In questo caso, \u00e8 molto difficile per un&#8217;azienda europea far valere i propri diritti in Cina.<br \/>Ci si devono aspettare anche aumenti salariali improvvisi, poich\u00e9 l&#8217;economia cinese si sta sviluppando molto rapidamente e i processi produttivi vengono costantemente ottimizzati, il che porta anche a un aumento sproporzionato dei salari. Questo si riflette a sua volta sui prezzi di vendita dei beni.<\/div>\n<div><\/div>\n<div><\/div>\n<div><\/div>\n<div><strong>Acquistare in Cina pu\u00f2 essere molto problematico e rischioso.<\/strong><\/div>\n<div>Un altro problema \u00e8 che gli standard di qualit\u00e0 non sono sempre rispettati. La qualit\u00e0 di un prodotto pu\u00f2 subire forti oscillazioni, il che significa che gli acquirenti devono chiedersi se possono trovare acquirenti per il bene nel loro mercato nazionale.<\/div>\n<div>\u00c8 necessario effettuare i propri controlli di qualit\u00e0 presso il sito di produzione per garantire il rispetto degli standard di qualit\u00e0 concordati.<\/div>\n<div>Il trasporto di merci dalla Cina \u00e8 anche molto rischioso, poich\u00e9 gli standard di sicurezza non sono rispettati e non \u00e8 raro che le merci vengano danneggiate durante il trasporto. Un altro rischio che si corre acquistando in Cina \u00e8 quello di ottenere prodotti contraffatti, punibili con pesanti multe in quanto violazione del diritto d&#8217;autore.<br \/>Pertanto, si raccomanda vivamente che, quando si fanno affari con aziende cinesi, la rispettiva societ\u00e0 venga attentamente esaminata.<\/div>\n<div><\/div>\n<div><\/div>\n<div><strong>Rischi nell&#8217;importazione di prodotti cinesi<\/strong><br \/>I prezzi<span> <\/span><strong>Prodotti cinesi<\/strong><span> <\/span>sono spesso molto allettanti. \u00c8 proprio qui che le parti interessate dovrebbero chiedersi quale sia l&#8217;inghippo. Al pi\u00f9 tardi durante e soprattutto dopo l&#8217;acquisto di tali prodotti, spesso ci si rende conto che la qualit\u00e0 desiderata non viene poi fornita. In linea di principio, ci\u00f2 pu\u00f2 avere due ragioni: in primo luogo, la merce pu\u00f2 essere danneggiata dal lungo percorso di trasporto e, in secondo luogo, l&#8217;azienda non pu\u00f2 costruire i pezzi nella qualit\u00e0 desiderata.<\/div>\n<div><\/div>\n<div>\n<p>In linea di principio, esistono tre diverse possibilit\u00e0<span> <\/span><strong>Merci dalla Cina alla Germania<\/strong><span> <\/span>per il trasporto, ma di solito se ne usano solo due. N\u00e9 il percorso via terra n\u00e9 il trasporto in aereo sono i metodi abituali. Gran parte di tutte le merci trasportate dalla Cina all&#8217;Europa sono realizzate con l&#8217;ausilio di navi container. La situazione \u00e8 diversa, invece, per i carichi piccoli e maneggevoli che possono essere spediti con un servizio pacchi. Ci sono offerte a partire da sei euro per chilogrammo di volume. Ma se volete ordinare grandi quantit\u00e0 per la vostra azienda in Cina, non c&#8217;\u00e8 modo di evitare la spedizione tramite container. Questi costi devono ovviamente essere presi in considerazione nel calcolo del prezzo. Non vanno inoltre trascurati i costi doganali all&#8217;arrivo della merce in Germania. <strong><span> <\/span>trasporto di merci dalla Cina<\/strong><span> <\/span>non \u00e8 l&#8217;unico elemento che pu\u00f2 creare difficolt\u00e0 ai non esperti.<\/p>\n<p>Punti da notare sul contratto e sulla merce<br \/>Non solo la burocrazia in Germania, ma anche quella in Cina potrebbe causare gravi problemi. Il primo incontro avviene gi\u00e0 al momento della stipula del contratto. Non tutti i produttori e i<strong>fornitori di<span> <\/span>in Cina<\/strong><span> <\/span>ha l&#8217;autorit\u00e0 di contrattare direttamente con le aziende straniere. Se si cerca comunque una collaborazione, \u00e8 necessario coinvolgere un agente di import-export, detto anche agente cinese. Un altro punto consigliabile \u00e8 verificare la solvibilit\u00e0 del fornitore per essere certi che la merce discussa sar\u00e0 prodotta e spedita. Per la propria tutela \u00e8 necessario prestare attenzione al tipo di prodotti e soprattutto alla licenza. In Cina si producono continuamente merci che imitano i prodotti di produttori famosi. L&#8217;importazione e la vendita di questi prodotti sono illegali in Europa e possono comportare pesanti multe. Anche la qualit\u00e0 delle aziende cinesi mostra grandi fluttuazioni. In questo modo, \u00e8 possibile acquistare prodotti di alta qualit\u00e0 a basso prezzo, che hanno una lunga durata di conservazione, ma anche sperimentare un fallimento in questo punto. Per evitare che ci\u00f2 accada, questo e altri punti dovrebbero essere elencati nel contratto, che dovrebbe sempre essere redatto per iscritto, al fine di evitare malintesi e avere un accordo chiaro. Pertanto, devono essere elencati i punti prezzo della merce, la quantit\u00e0, la qualit\u00e0, l&#8217;eventuale materiale, la data, la spedizione, la designazione della merce e, soprattutto, i partner contrattuali. Solo se \u00e8 stato firmato legalmente, si pu\u00f2 fare affidamento su di esso. Secondo la legge cinese, solo l&#8217;amministratore delegato di una societ\u00e0 \u00e8 autorizzato a farlo. Questo contratto offre inoltre all&#8217;azienda europea una sicurezza in caso di violazione dell&#8217;accordo. Chi si sente sopraffatto da tutte queste cose pu\u00f2 anche rivolgersi a un&#8217;agenzia di importazione. Hanno molta esperienza e possono supportare bene una persona inesperta. Il denaro investito vale di solito la pena, in quanto i rischi per una<span> <\/span><strong>Importazione dalla Cina<\/strong><span> <\/span>pu\u00f2 essere ridotto in modo significativo.<\/p>\n<p>&nbsp;<\/p>\n<\/div>\n<div>\n<p><strong>Documenti per l&#8217;importazione dalla Cina<\/strong><br \/>Non tutto pu\u00f2 essere trasferito al contratto. Pertanto, in qualit\u00e0 di importatore, \u00e8 necessario prendere sul serio gli obblighi. Ci\u00f2 include, tra l&#8217;altro, la licenza REACH. Questo regolamento \u00e8 in vigore dalla met\u00e0 del 2007 e garantisce la manipolazione sicura delle sostanze chimiche in modo da non inquinare l&#8217;uomo e l&#8217;ambiente. \u00c8 necessario prestare attenzione a non violare i diritti applicabili durante l&#8217;importazione. Un&#8217;altra licenza \u00e8 SISVEL, che si riscontra soprattutto nel campo dell&#8217;elettronica e dell&#8217;ingegneria. Per alcuni prodotti \u00e8 obbligatorio. \u00c8 possibile ordinare la merce esclusivamente da aziende con licenza SISVEL o richiedere personalmente tale licenza. La responsabilit\u00e0 non \u00e8 del produttore, ma dell&#8217;importatore. Questo vale sia per i grossisti che per i piccoli commercianti di Ebay. Se questa licenza viene violata, pu\u00f2 diventare molto costosa. Un altro documento senza il quale non sarebbe possibile importare nell&#8217;UE \u00e8 il marchio CE. Questo deve essere ottenuto per tutti i prodotti ordinati e consegnati. Conferma che i prodotti in questione sono conformi a tutte le direttive e ai regolamenti stabiliti dall&#8217;UE. Tuttavia, non pu\u00f2 essere equiparato a un sigillo di ispezione, in quanto si tratta di un sigillo puramente amministrativo. Una volta arrivate al porto doganale, le merci ricevono un numero EORI, che viene rilasciato solo dalle dogane di Germania e Austria. In altri Paesi, questo compito viene svolto da altre autorit\u00e0. Il numero EORI, che significa Economic Operators Registration and Identification (registrazione e identificazione degli operatori economici), \u00e8 il successore del numero doganale, che poteva essere assegnato solo all&#8217;interno di un Paese. Se non volete occuparvi personalmente di tutte le licenze e le normative, \u00e8 meglio affidarsi a un professionista che lo faccia per voi. Gli importatori specializzati in prodotti provenienti dalla Cina sono in grado di gestire questo aspetto molto meglio di voi. Questo \u00e8 sempre meglio che essere poi denunciati per documenti falsi, il che costa cento volte di pi\u00f9 di una societ\u00e0 di importazione.<\/p>\n<p><strong>Costi aggiuntivi per l&#8217;importazione dalla Cina e come evitarli<\/strong><br \/>Esistono diverse cause che portano a ulteriori<span> <\/span><strong>Importazione dalla Cina<\/strong><span> <\/span>pu\u00f2 condurre. Solo se queste vengono aggirate si pu\u00f2 davvero beneficiare dei prezzi bassi dei prodotti cinesi. Oltre ai costi sostenuti per i consueti documenti, l&#8217;esperienza ha dimostrato che la maggior parte dei costi deriva dalla rilavorazione che deve essere effettuata in Germania a causa della cattiva lavorazione. Tali costi potrebbero essere facilmente evitati se un dipendente o un supervisore assegnato a questo scopo eseguisse un controllo finale prima di effettuare il carico. Da un lato, assicurano il completamento e la spedizione tempestivi, la qualit\u00e0 adeguata, la conformit\u00e0 alle linee guida e all&#8217;accordo e chiariscono qualsiasi problema possa sorgere per conto dell&#8217;importatore. Questi dovrebbero essere commissionati anche quando un prototipo \u00e8 gi\u00e0 stato visionato o \u00e8 stata registrata una collaborazione pi\u00f9 lunga. I problemi che possono verificarsi con un&#8217;importazione sono noti anche alle compagnie assicurative, che per questo motivo offrono prodotti anche per questo. I costi per l&#8217;assicurazione devono essere inclusi nel calcolo della rivendita per non dover registrare una perdita.<\/p>\n<\/div>\n<div><\/div>\n<div><b>Commerciale<\/b><b><span> <\/span>Protezione legale<\/b><b><span> <\/span>per<\/b><b><span> <\/span>di pi\u00f9<\/b><b><span> <\/span>sicurezza<\/b><b><span> <\/span>per<\/b><b><span> <\/span>Importazioni<\/b><br \/>Negli ultimi anni il commercio internazionale ha assunto un&#8217;importanza enorme, non solo per le grandi e medie imprese, ma anche per le piccole imprese. Sono sempre pi\u00f9 numerosi i lavoratori autonomi che operano nel settore delle importazioni. Le merci vengono importate a basso costo dall&#8217;estero e poi vendute con un buon profitto sul mercato tedesco.<\/div>\n<div>Ma per le piccole aziende e per i combattenti solitari in particolare non \u00e8 sempre facile. Il commercio con partner stranieri richiede molta esperienza, capacit\u00e0 di negoziazione e, soprattutto, conoscenze legali. Le conoscenze legali, in particolare, sono spesso carenti, con il risultato che le aziende pi\u00f9 piccole a volte corrono rischi enormi senza rendersene conto. Tuttavia, spesso gli affari filano lisci, ma a volte sorgono delle difficolt\u00e0.<\/div>\n<div>In caso di difficolt\u00e0, si pone il problema di come procedere. Le grandi aziende hanno un proprio ufficio legale o possono permettersi costosi avvocati specializzati. Le piccole imprese e i lavoratori autonomi, invece, non hanno queste possibilit\u00e0, oppure il coinvolgimento di un avvocato costoso va ben considerato, soprattutto perch\u00e9 una controversia legale di questo tipo pu\u00f2 spaventare per un periodo di tempo molto lungo.<\/div>\n<div>In considerazione di questo rischio, \u00e8 consigliabile effettuare accantonamenti mirati. Questo \u00e8 possibile con l&#8217;assicurazione di tutela legale. Sul mercato, in particolare<span> <\/span><a title=\"Tariffe speciali di protezione legale per i lavoratori autonomi\" href=\"https:\/\/www.humboldt-forum-recht.de\/rechtsschutzversicherungen-fuer-selbststaendige-und-freiberufler\/\" target=\"_blank\" rel=\"noopener\"><strong>Tariffe speciali di protezione legale per i lavoratori autonomi<\/strong><\/a><span> <\/span>e le piccole imprese. Molte polizze assicurative sono addirittura concepite come pratiche soluzioni a pacchetto con un&#8217;ampia gamma di vantaggi. La stipula delle tariffe corrispondenti \u00e8 considerata relativamente costosa.<\/div>\n<div>Al momento della scelta, tuttavia, \u00e8 importante esaminare attentamente le tariffe dei singoli assicuratori di tutela legale. Questa misura \u00e8 estremamente importante, perch\u00e9 \u00e8 l&#8217;unico modo per garantire una copertura sufficiente o che l&#8217;assicuratore copra i costi anche in caso di controversie legali internazionali. Se non si riesce a trovare una tariffa adeguata, \u00e8 possibile anche farsi progettare un piano di protezione individuale. Sempre pi\u00f9 assicuratori offrono questa opzione anche alle piccole imprese.<\/div>\n<\/div>\n<p>[\/et_pb_text][\/et_pb_column][\/et_pb_row][\/et_pb_section]<\/p>\n","protected":false},"excerpt":{"rendered":"<p>L&#8217;acquisto in Cina comporta diversi rischi &nbsp; Rischi di un acquisto in Cina La Repubblica Popolare Cinese \u00e8 la pi\u00f9 grande economia del mondo e una nazione emergente. Da tre decenni la Cina si sta trasformando in una potenza economica. I bassi costi di produzione e i processi produttivi sempre pi\u00f9 efficaci rendono il Paese [&hellip;]<\/p>\n","protected":false},"author":2,"featured_media":0,"parent":0,"menu_order":0,"comment_status":"closed","ping_status":"closed","template":"","meta":{"_et_pb_use_builder":"on","_et_pb_old_content":"","_et_gb_content_width":"","footnotes":""},"class_list":["post-7874","page","type-page","status-publish","hentry"],"yoast_head":"<!-- This site is optimized with the Yoast SEO plugin v27.4 - https:\/\/yoast.com\/product\/yoast-seo-wordpress\/ -->\n<title>Rischi delle importazioni dalla Cina - China Import Beratung f\u00fcr den Einkauf aus China<\/title>\n<meta name=\"robots\" content=\"index, follow, max-snippet:-1, max-image-preview:large, max-video-preview:-1\" \/>\n<link rel=\"canonical\" href=\"https:\/\/ag-frisch.com\/it\/rischi-delle-importazioni-dalla-cina\/\" \/>\n<meta property=\"og:locale\" content=\"it_IT\" \/>\n<meta property=\"og:type\" content=\"article\" \/>\n<meta property=\"og:title\" content=\"Rischi delle importazioni dalla Cina - China Import Beratung f\u00fcr den Einkauf aus China\" \/>\n<meta property=\"og:description\" content=\"L&#039;acquisto in Cina comporta diversi rischi &nbsp; Rischi di un acquisto in Cina La Repubblica Popolare Cinese \u00e8 la pi\u00f9 grande economia del mondo e una nazione emergente. Da tre decenni la Cina si sta trasformando in una potenza economica. I bassi costi di produzione e i processi produttivi sempre pi\u00f9 efficaci rendono il Paese [&hellip;]\" \/>\n<meta property=\"og:url\" content=\"https:\/\/ag-frisch.com\/it\/rischi-delle-importazioni-dalla-cina\/\" \/>\n<meta property=\"og:site_name\" content=\"China Import Beratung f\u00fcr den Einkauf aus China\" \/>\n<meta property=\"article:publisher\" content=\"https:\/\/www.facebook.com\/China.Import\" \/>\n<meta property=\"article:modified_time\" content=\"2023-01-22T16:27:30+00:00\" \/>\n<meta property=\"og:image\" content=\"http:\/\/www.ag-frisch.de\/mastercontents\/kantfiles\/Neues%20Bild.PNG\" \/>\n<meta name=\"twitter:card\" content=\"summary_large_image\" \/>\n<meta name=\"twitter:site\" content=\"@agenturfrisch\" \/>\n<meta name=\"twitter:label1\" content=\"Tempo di lettura stimato\" \/>\n\t<meta name=\"twitter:data1\" content=\"9 minuti\" \/>\n<script type=\"application\/ld+json\" class=\"yoast-schema-graph\">{\"@context\":\"https:\\\/\\\/schema.org\",\"@graph\":[{\"@type\":\"WebPage\",\"@id\":\"https:\\\/\\\/ag-frisch.com\\\/it\\\/rischi-delle-importazioni-dalla-cina\\\/\",\"url\":\"https:\\\/\\\/ag-frisch.com\\\/it\\\/rischi-delle-importazioni-dalla-cina\\\/\",\"name\":\"Rischi delle importazioni dalla Cina - China Import Beratung f\u00fcr den Einkauf aus China\",\"isPartOf\":{\"@id\":\"https:\\\/\\\/ag-frisch.com\\\/de\\\/#website\"},\"primaryImageOfPage\":{\"@id\":\"https:\\\/\\\/ag-frisch.com\\\/it\\\/rischi-delle-importazioni-dalla-cina\\\/#primaryimage\"},\"image\":{\"@id\":\"https:\\\/\\\/ag-frisch.com\\\/it\\\/rischi-delle-importazioni-dalla-cina\\\/#primaryimage\"},\"thumbnailUrl\":\"http:\\\/\\\/www.ag-frisch.de\\\/mastercontents\\\/kantfiles\\\/Neues%20Bild.PNG\",\"datePublished\":\"2021-11-07T19:09:10+00:00\",\"dateModified\":\"2023-01-22T16:27:30+00:00\",\"breadcrumb\":{\"@id\":\"https:\\\/\\\/ag-frisch.com\\\/it\\\/rischi-delle-importazioni-dalla-cina\\\/#breadcrumb\"},\"inLanguage\":\"it-IT\",\"potentialAction\":[{\"@type\":\"ReadAction\",\"target\":[\"https:\\\/\\\/ag-frisch.com\\\/it\\\/rischi-delle-importazioni-dalla-cina\\\/\"]}]},{\"@type\":\"ImageObject\",\"inLanguage\":\"it-IT\",\"@id\":\"https:\\\/\\\/ag-frisch.com\\\/it\\\/rischi-delle-importazioni-dalla-cina\\\/#primaryimage\",\"url\":\"http:\\\/\\\/www.ag-frisch.de\\\/mastercontents\\\/kantfiles\\\/Neues%20Bild.PNG\",\"contentUrl\":\"http:\\\/\\\/www.ag-frisch.de\\\/mastercontents\\\/kantfiles\\\/Neues%20Bild.PNG\"},{\"@type\":\"BreadcrumbList\",\"@id\":\"https:\\\/\\\/ag-frisch.com\\\/it\\\/rischi-delle-importazioni-dalla-cina\\\/#breadcrumb\",\"itemListElement\":[{\"@type\":\"ListItem\",\"position\":1,\"name\":\"Startseite\",\"item\":\"https:\\\/\\\/ag-frisch.com\\\/de\\\/\"},{\"@type\":\"ListItem\",\"position\":2,\"name\":\"Rischi delle importazioni dalla Cina\"}]},{\"@type\":\"WebSite\",\"@id\":\"https:\\\/\\\/ag-frisch.com\\\/de\\\/#website\",\"url\":\"https:\\\/\\\/ag-frisch.com\\\/de\\\/\",\"name\":\"China Import Beratung f\u00fcr den Einkauf aus China\",\"description\":\"China Import &amp; Export Beratung - Der Dienstleister Ihres Vertrauens f\u00fcr Ihren China Import\",\"publisher\":{\"@id\":\"https:\\\/\\\/ag-frisch.com\\\/de\\\/#organization\"},\"potentialAction\":[{\"@type\":\"SearchAction\",\"target\":{\"@type\":\"EntryPoint\",\"urlTemplate\":\"https:\\\/\\\/ag-frisch.com\\\/de\\\/?s={search_term_string}\"},\"query-input\":{\"@type\":\"PropertyValueSpecification\",\"valueRequired\":true,\"valueName\":\"search_term_string\"}}],\"inLanguage\":\"it-IT\"},{\"@type\":\"Organization\",\"@id\":\"https:\\\/\\\/ag-frisch.com\\\/de\\\/#organization\",\"name\":\"Agentur Frisch International Consulting GmbH & Co. KG\",\"url\":\"https:\\\/\\\/ag-frisch.com\\\/de\\\/\",\"logo\":{\"@type\":\"ImageObject\",\"inLanguage\":\"it-IT\",\"@id\":\"https:\\\/\\\/ag-frisch.com\\\/de\\\/#\\\/schema\\\/logo\\\/image\\\/\",\"url\":\"https:\\\/\\\/ag-frisch.com\\\/wp-content\\\/uploads\\\/2021\\\/08\\\/ag_logo_rgb_300_small.png\",\"contentUrl\":\"https:\\\/\\\/ag-frisch.com\\\/wp-content\\\/uploads\\\/2021\\\/08\\\/ag_logo_rgb_300_small.png\",\"width\":153,\"height\":102,\"caption\":\"Agentur Frisch International Consulting GmbH & Co. KG\"},\"image\":{\"@id\":\"https:\\\/\\\/ag-frisch.com\\\/de\\\/#\\\/schema\\\/logo\\\/image\\\/\"},\"sameAs\":[\"https:\\\/\\\/www.facebook.com\\\/China.Import\",\"https:\\\/\\\/x.com\\\/agenturfrisch\"]}]}<\/script>\n<!-- \/ Yoast SEO plugin. -->","yoast_head_json":{"title":"Rischi delle importazioni dalla Cina - China Import Beratung f\u00fcr den Einkauf aus China","robots":{"index":"index","follow":"follow","max-snippet":"max-snippet:-1","max-image-preview":"max-image-preview:large","max-video-preview":"max-video-preview:-1"},"canonical":"https:\/\/ag-frisch.com\/it\/rischi-delle-importazioni-dalla-cina\/","og_locale":"it_IT","og_type":"article","og_title":"Rischi delle importazioni dalla Cina - China Import Beratung f\u00fcr den Einkauf aus China","og_description":"L'acquisto in Cina comporta diversi rischi &nbsp; Rischi di un acquisto in Cina La Repubblica Popolare Cinese \u00e8 la pi\u00f9 grande economia del mondo e una nazione emergente. Da tre decenni la Cina si sta trasformando in una potenza economica. I bassi costi di produzione e i processi produttivi sempre pi\u00f9 efficaci rendono il Paese [&hellip;]","og_url":"https:\/\/ag-frisch.com\/it\/rischi-delle-importazioni-dalla-cina\/","og_site_name":"China Import Beratung f\u00fcr den Einkauf aus China","article_publisher":"https:\/\/www.facebook.com\/China.Import","article_modified_time":"2023-01-22T16:27:30+00:00","og_image":[{"url":"http:\/\/www.ag-frisch.de\/mastercontents\/kantfiles\/Neues%20Bild.PNG","type":"","width":"","height":""}],"twitter_card":"summary_large_image","twitter_site":"@agenturfrisch","twitter_misc":{"Tempo di lettura stimato":"9 minuti"},"schema":{"@context":"https:\/\/schema.org","@graph":[{"@type":"WebPage","@id":"https:\/\/ag-frisch.com\/it\/rischi-delle-importazioni-dalla-cina\/","url":"https:\/\/ag-frisch.com\/it\/rischi-delle-importazioni-dalla-cina\/","name":"Rischi delle importazioni dalla Cina - China Import Beratung f\u00fcr den Einkauf aus China","isPartOf":{"@id":"https:\/\/ag-frisch.com\/de\/#website"},"primaryImageOfPage":{"@id":"https:\/\/ag-frisch.com\/it\/rischi-delle-importazioni-dalla-cina\/#primaryimage"},"image":{"@id":"https:\/\/ag-frisch.com\/it\/rischi-delle-importazioni-dalla-cina\/#primaryimage"},"thumbnailUrl":"http:\/\/www.ag-frisch.de\/mastercontents\/kantfiles\/Neues%20Bild.PNG","datePublished":"2021-11-07T19:09:10+00:00","dateModified":"2023-01-22T16:27:30+00:00","breadcrumb":{"@id":"https:\/\/ag-frisch.com\/it\/rischi-delle-importazioni-dalla-cina\/#breadcrumb"},"inLanguage":"it-IT","potentialAction":[{"@type":"ReadAction","target":["https:\/\/ag-frisch.com\/it\/rischi-delle-importazioni-dalla-cina\/"]}]},{"@type":"ImageObject","inLanguage":"it-IT","@id":"https:\/\/ag-frisch.com\/it\/rischi-delle-importazioni-dalla-cina\/#primaryimage","url":"http:\/\/www.ag-frisch.de\/mastercontents\/kantfiles\/Neues%20Bild.PNG","contentUrl":"http:\/\/www.ag-frisch.de\/mastercontents\/kantfiles\/Neues%20Bild.PNG"},{"@type":"BreadcrumbList","@id":"https:\/\/ag-frisch.com\/it\/rischi-delle-importazioni-dalla-cina\/#breadcrumb","itemListElement":[{"@type":"ListItem","position":1,"name":"Startseite","item":"https:\/\/ag-frisch.com\/de\/"},{"@type":"ListItem","position":2,"name":"Rischi delle importazioni dalla Cina"}]},{"@type":"WebSite","@id":"https:\/\/ag-frisch.com\/de\/#website","url":"https:\/\/ag-frisch.com\/de\/","name":"China Import Beratung f\u00fcr den Einkauf aus China","description":"China Import &amp; Export Beratung - Der Dienstleister Ihres Vertrauens f\u00fcr Ihren China Import","publisher":{"@id":"https:\/\/ag-frisch.com\/de\/#organization"},"potentialAction":[{"@type":"SearchAction","target":{"@type":"EntryPoint","urlTemplate":"https:\/\/ag-frisch.com\/de\/?s={search_term_string}"},"query-input":{"@type":"PropertyValueSpecification","valueRequired":true,"valueName":"search_term_string"}}],"inLanguage":"it-IT"},{"@type":"Organization","@id":"https:\/\/ag-frisch.com\/de\/#organization","name":"Agentur Frisch International Consulting GmbH & Co. KG","url":"https:\/\/ag-frisch.com\/de\/","logo":{"@type":"ImageObject","inLanguage":"it-IT","@id":"https:\/\/ag-frisch.com\/de\/#\/schema\/logo\/image\/","url":"https:\/\/ag-frisch.com\/wp-content\/uploads\/2021\/08\/ag_logo_rgb_300_small.png","contentUrl":"https:\/\/ag-frisch.com\/wp-content\/uploads\/2021\/08\/ag_logo_rgb_300_small.png","width":153,"height":102,"caption":"Agentur Frisch International Consulting GmbH & Co. KG"},"image":{"@id":"https:\/\/ag-frisch.com\/de\/#\/schema\/logo\/image\/"},"sameAs":["https:\/\/www.facebook.com\/China.Import","https:\/\/x.com\/agenturfrisch"]}]}},"_links":{"self":[{"href":"https:\/\/ag-frisch.com\/it\/wp-json\/wp\/v2\/pages\/7874","targetHints":{"allow":["GET"]}}],"collection":[{"href":"https:\/\/ag-frisch.com\/it\/wp-json\/wp\/v2\/pages"}],"about":[{"href":"https:\/\/ag-frisch.com\/it\/wp-json\/wp\/v2\/types\/page"}],"author":[{"embeddable":true,"href":"https:\/\/ag-frisch.com\/it\/wp-json\/wp\/v2\/users\/2"}],"replies":[{"embeddable":true,"href":"https:\/\/ag-frisch.com\/it\/wp-json\/wp\/v2\/comments?post=7874"}],"version-history":[{"count":0,"href":"https:\/\/ag-frisch.com\/it\/wp-json\/wp\/v2\/pages\/7874\/revisions"}],"wp:attachment":[{"href":"https:\/\/ag-frisch.com\/it\/wp-json\/wp\/v2\/media?parent=7874"}],"curies":[{"name":"wp","href":"https:\/\/api.w.org\/{rel}","templated":true}]}}