{"id":7940,"date":"2021-10-14T23:56:22","date_gmt":"2021-10-14T21:56:22","guid":{"rendered":"https:\/\/ag-frisch.com\/viaggio-in-cina\/"},"modified":"2023-01-23T10:15:43","modified_gmt":"2023-01-23T09:15:43","slug":"viaggio-in-cina","status":"publish","type":"page","link":"https:\/\/ag-frisch.com\/it\/viaggio-in-cina\/","title":{"rendered":"Viaggio in Cina"},"content":{"rendered":"<p>[et_pb_section fb_built=&#8221;1&#8243; _builder_version=&#8221;4.9.10&#8243; _module_preset=&#8221;default&#8221; global_colors_info=&#8221;{}&#8221;][et_pb_row _builder_version=&#8221;4.9.10&#8243; _module_preset=&#8221;default&#8221; global_colors_info=&#8221;{}&#8221;][et_pb_column type=&#8221;4_4&#8243; _builder_version=&#8221;4.9.10&#8243; _module_preset=&#8221;default&#8221; global_colors_info=&#8221;{}&#8221;][et_pb_text _builder_version=&#8221;4.9.10&#8243; _module_preset=&#8221;default&#8221; global_colors_info=&#8221;{}&#8221;]<\/p>\n<p style=\"font-weight: 900;\">Viaggio d&#8217;affari o visita ad una fabbrica in Cina o in Europa &#8211; Siamo gi\u00e0 in loco per voi!<\/p>\n<p>Vi trovate in Europa o comunque fuori dalla Cina e desiderate visitare i vostri partner commerciali in Asia, soprattutto in Cina? Vi supportiamo durante la vostra visita in fabbrica.<\/p>\n<p>Anche se vivete in Asia o in altri Paesi stranieri e desiderate visitare i vostri partner commerciali in Germania, siamo il contatto giusto per voi.<\/p>\n<p>Gi\u00e0 durante la preparazione del viaggio vi aiutiamo a portare il vostro viaggio d&#8217;affari a un risultato positivo.<\/p>\n<p>&nbsp;<\/p>\n<p><strong>Viaggio d&#8217;affari in Cina<\/strong><\/p>\n<p>  Insieme agli Stati Uniti, la Cina \u00e8 da diversi anni una delle principali destinazioni per i viaggi d&#8217;affari. La Repubblica Popolare \u00e8 aperta agli investitori stranieri. \u00c8 consigliabile visitare alcune citt\u00e0 durante un viaggio d&#8217;affari in Cina per incontrare nuovi contatti o individuare nuove localit\u00e0.<\/p>\n<p>&nbsp;<\/p>\n<p><strong>Shanghai &#8211; la citt\u00e0 cosmopolita della Cina<\/strong><\/p>\n<p>  Shanghai dovrebbe sempre far parte di un viaggio d&#8217;affari in Cina. La metropoli di 23 milioni di abitanti (al 2010) \u00e8, oltre a  <span> <\/span>il pi\u00f9 importante nodo di trasporto del Paese, un centro per la cultura e l&#8217;istruzione. Inoltre, Shanghai \u00e8 stata molto aperta al commercio con il mondo occidentale sin dalla guerra dell&#8217;oppio con la Gran Bretagna nel 1842. Allo stesso tempo, questo significa che la lingua inglese \u00e8 comune, soprattutto nella vita commerciale.  <span> <\/span>Ancora oggi, Shanghai \u00e8 il fiore all&#8217;occhiello della Cina industriale. Oltre all&#8217;industria tessile, Shanghai \u00e8 all&#8217;avanguardia nella produzione di prodotti farmaceutici, veicoli e stampati. Nel frattempo, circa 50.000 investitori stranieri si sono stabiliti a Shanghai. Una buona base per stabilire nuovi contatti in Cina.<\/p>\n<p>&nbsp;<\/p>\n<p><strong>Hong Kong &#8211; il centro finanziario della Cina<\/strong><\/p>\n<p>  Hong Kong si \u00e8 anche affermata come un importante centro per le aziende straniere. Anche perch\u00e9 la metropoli ha assunto uno speciale status liberale in Cina. Hong Kong \u00e8 da anni uno dei settori finanziari pi\u00f9 importanti del mondo e quindi dipende fortemente dal commercio internazionale. Altri vantaggi della citt\u00e0 sono le tasse, che sono basse rispetto ad altri settori cinesi. Pertanto, non solo gli acquisti sono particolarmente convenienti, ma anche gli investimenti possono essere vantaggiosi grazie alla bassa aliquota fiscale.<\/p>\n<p>&nbsp;<\/p>\n<p><strong>Pechino come motore economico pi\u00f9 importante<\/strong><\/p>\n<p>  Pechino \u00e8 la capitale della Cina e quindi dipende direttamente dal governo cinese, il che pu\u00f2 essere molto vantaggioso per le aziende straniere. Perch\u00e9 il primo ministro cinese vede la Germania e la Cina come un nuovo dream team e vuole garantire un trattamento equo agli investitori stranieri. Quando entrer\u00e0 in vigore, questo avverr\u00e0 prima a Pechino. Per questo motivo, ma anche perch\u00e9 Pechino \u00e8 il motore economico pi\u00f9 importante della Cina, la capitale cinese non pu\u00f2 mancare come meta di un viaggio d&#8217;affari.<\/p>\n<p>&nbsp;<\/p>\n<p><strong>L&#8217;Agenzia Frisch gestisce l&#8217;intero viaggio d&#8217;affari<\/strong><\/p>\n<p><span>Preparazione al viaggio attraverso la consulenza e la formazione<\/span><\/p>\n<p><em>Pianificazione e organizzazione degli appuntamenti di lavoro<\/em><\/p>\n<p><span>Pianificazione e organizzazione del viaggio aereo e dei collegamenti nazionali con l&#8217;estero.<\/span><\/p>\n<p><em>Organizzazione e pianificazione della vostra compagnia di viaggio<\/em><\/p>\n<p><span>Assistenza per le formalit\u00e0 di ingresso<\/span><\/p>\n<p><span>Organizzazione dell&#8217;alloggio<\/span><\/p>\n<p><span><\/span><\/p>\n<p><span><strong>Vi prepariamo per la Cina  <\/strong><\/span><\/p>\n<p>Prepariamo il vostro viaggio d&#8217;affari insieme a voi in modo che siate preparati al meglio per il viaggio. Rendetevi idonei al paese del vostro partner commerciale: Agentur Frisch vi offre un&#8217;assistenza completa.<\/p>\n<p>Formazione di competenze per il mercato asiatico o europeo. Vi aiutiamo a lasciare la migliore impressione e a preparare una cooperazione interculturale impeccabile.<\/p>\n<p><strong>Vi assistiamo durante il vostro arrivo e il vostro soggiorno in Cina<\/strong><\/p>\n<p><span>Per rendere il vostro viaggio d&#8217;affari un successo, vi supportiamo durante il vostro soggiorno in Cina.<\/span><\/p>\n<p><span>Attraverso i nostri partner, dipendenti e contatti locali, possiamo fornirvi, tra gli altri, i seguenti servizi:<\/span><\/p>\n<p><em>Trasferimento dall&#8217;aeroporto all&#8217;hotel<\/em><\/p>\n<p><span>Accompagnamento a riunioni di lavoro, volentieri con traduzione<\/span><\/p>\n<p><em>Visite guidate a citt\u00e0 e villaggi<\/em><\/p>\n<p><span>Supporto per le attivit\u00e0 del tempo libero<\/span><\/p>\n<p><em>Trasferimenti all&#8217;interno del viaggio, ad esempio verso altre citt\u00e0 o altri partner commerciali.<\/em><\/p>\n<p><span>Trasferimento all&#8217;aeroporto di partenza<\/span><br \/><strong><br \/>Siamo sempre a vostra disposizione anche in loco. Vi preghiamo di discutere con noi i dettagli del vostro soggiorno e vi faremo un&#8217;offerta adatta ai vostri piani.<\/strong><span>.<\/span><\/p>\n<p><img loading=\"lazy\" decoding=\"async\" width=\"180\" height=\"101\" alt=\"\" src=\"http:\/\/www.ag-frisch.de\/cmsstore\/S73F5675.JPG\"><\/p>\n<p><strong>Sue Keke con i clienti durante un viaggio di lavoro<\/strong><\/p>\n<p><strong><\/strong><\/p>\n<p><strong>Il vostro soggiorno all&#8217;estero<\/strong><\/p>\n<p><strong> <\/strong><\/p>\n<p><strong><\/strong>Scegliamo per voi la sistemazione ottimale nel Paese dei vostri fornitori o dei vostri clienti. Abbiamo gi\u00e0 contatti con alberghi e ostelli, in modo che possiate trovare la migliore sistemazione possibile, adatta alle vostre esigenze.<\/p>\n<p>In molte citt\u00e0 c&#8217;\u00e8 anche la possibilit\u00e0 di alloggiare in appartamenti o case per gli ospiti con cucina propria a un prezzo ragionevole.<\/p>\n<p>La nostra attenzione \u00e8 rivolta alla Germania e alla Cina. Contattateci per trovare la soluzione migliore per le vostre esigenze.<\/p>\n<p>Naturalmente, siamo anche l&#8217;interlocutore giusto per il vostro viaggio e saremo lieti di assistervi.<\/p>\n<p>&nbsp;<\/p>\n<h4><strong>Siete fornitori e volete presentarvi alle fiere in Germania o in Cina?<\/strong><\/h4>\n<p><span>Volete acquistare in Cina o in Germania e state cercando un agente che ricerchi potenziali fornitori alle fiere del settore?<\/span><\/p>\n<p><span>Allora Agentur Frisch \u00e8 il partner giusto, perch\u00e9 saremo lieti di essere al vostro fianco affinch\u00e9 la vostra visita alla fiera sia un successo.<\/span><\/p>\n<p><span>Prepariamo le fiere per voi come espositori e organizziamo per voi l&#8217;intero processo. Dalla prenotazione dello spazio all&#8217;allestimento e all&#8217;arredamento dello stand, fino alla realizzazione delle promozioni, vi forniamo un&#8217;assistenza completa.<\/span><\/p>\n<p><span>o<\/span><\/p>\n<p><span>visitiamo le fiere e ci mettiamo in contatto con potenziali fornitori per voi. Riceverete risultati e rapporti chiari, in modo che possiamo essere il vostro rappresentante per gli acquisti in fiera e quindi sollevarvi.<\/span><\/p>\n<p>&nbsp;<\/p>\n<p>[\/et_pb_text][\/et_pb_column][\/et_pb_row][\/et_pb_section]<\/p>\n","protected":false},"excerpt":{"rendered":"<p>Viaggio d&#8217;affari o visita ad una fabbrica in Cina o in Europa &#8211; Siamo gi\u00e0 in loco per voi! Vi trovate in Europa o comunque fuori dalla Cina e desiderate visitare i vostri partner commerciali in Asia, soprattutto in Cina? Vi supportiamo durante la vostra visita in fabbrica. Anche se vivete in Asia o in [&hellip;]<\/p>\n","protected":false},"author":2,"featured_media":0,"parent":0,"menu_order":0,"comment_status":"closed","ping_status":"closed","template":"","meta":{"_et_pb_use_builder":"on","_et_pb_old_content":"","_et_gb_content_width":"","footnotes":""},"class_list":["post-7940","page","type-page","status-publish","hentry"],"yoast_head":"<!-- This site is optimized with the Yoast SEO plugin v27.2 - https:\/\/yoast.com\/product\/yoast-seo-wordpress\/ -->\n<title>Visita della fabbrica in Cina\/ Viaggio d&#039;affari in Cina<\/title>\n<meta name=\"description\" content=\"Visitare una fabbrica in Cina - Viaggio d&#039;affari in Cina - Visitare un fornitore in Cina - Fatevi guidare da un esperto.\" \/>\n<meta name=\"robots\" content=\"index, follow, max-snippet:-1, max-image-preview:large, max-video-preview:-1\" \/>\n<link rel=\"canonical\" href=\"https:\/\/ag-frisch.com\/it\/viaggio-in-cina\/\" \/>\n<meta property=\"og:locale\" content=\"it_IT\" \/>\n<meta property=\"og:type\" content=\"article\" \/>\n<meta property=\"og:title\" content=\"Visita della fabbrica in Cina\/ Viaggio d&#039;affari in Cina\" \/>\n<meta property=\"og:description\" content=\"Visitare una fabbrica in Cina - Viaggio d&#039;affari in Cina - Visitare un fornitore in Cina - Fatevi guidare da un esperto.\" \/>\n<meta property=\"og:url\" content=\"https:\/\/ag-frisch.com\/it\/viaggio-in-cina\/\" \/>\n<meta property=\"og:site_name\" content=\"China Import Beratung f\u00fcr den Einkauf aus China\" \/>\n<meta property=\"article:publisher\" content=\"https:\/\/www.facebook.com\/China.Import\" \/>\n<meta property=\"article:modified_time\" content=\"2023-01-23T09:15:43+00:00\" \/>\n<meta property=\"og:image\" content=\"http:\/\/www.ag-frisch.de\/cmsstore\/S73F5675.JPG\" \/>\n<meta name=\"twitter:card\" content=\"summary_large_image\" \/>\n<meta name=\"twitter:site\" content=\"@agenturfrisch\" \/>\n<meta name=\"twitter:label1\" content=\"Tempo di lettura stimato\" \/>\n\t<meta name=\"twitter:data1\" content=\"5 minuti\" \/>\n<script type=\"application\/ld+json\" class=\"yoast-schema-graph\">{\"@context\":\"https:\/\/schema.org\",\"@graph\":[{\"@type\":\"WebPage\",\"@id\":\"https:\/\/ag-frisch.com\/it\/viaggio-in-cina\/\",\"url\":\"https:\/\/ag-frisch.com\/it\/viaggio-in-cina\/\",\"name\":\"Visita della fabbrica in Cina\/ Viaggio d'affari in Cina\",\"isPartOf\":{\"@id\":\"https:\/\/ag-frisch.com\/de\/#website\"},\"primaryImageOfPage\":{\"@id\":\"https:\/\/ag-frisch.com\/it\/viaggio-in-cina\/#primaryimage\"},\"image\":{\"@id\":\"https:\/\/ag-frisch.com\/it\/viaggio-in-cina\/#primaryimage\"},\"thumbnailUrl\":\"http:\/\/www.ag-frisch.de\/cmsstore\/S73F5675.JPG\",\"datePublished\":\"2021-10-14T21:56:22+00:00\",\"dateModified\":\"2023-01-23T09:15:43+00:00\",\"description\":\"Visitare una fabbrica in Cina - Viaggio d'affari in Cina - Visitare un fornitore in Cina - Fatevi guidare da un esperto.\",\"breadcrumb\":{\"@id\":\"https:\/\/ag-frisch.com\/it\/viaggio-in-cina\/#breadcrumb\"},\"inLanguage\":\"it-IT\",\"potentialAction\":[{\"@type\":\"ReadAction\",\"target\":[\"https:\/\/ag-frisch.com\/it\/viaggio-in-cina\/\"]}]},{\"@type\":\"ImageObject\",\"inLanguage\":\"it-IT\",\"@id\":\"https:\/\/ag-frisch.com\/it\/viaggio-in-cina\/#primaryimage\",\"url\":\"http:\/\/www.ag-frisch.de\/cmsstore\/S73F5675.JPG\",\"contentUrl\":\"http:\/\/www.ag-frisch.de\/cmsstore\/S73F5675.JPG\"},{\"@type\":\"BreadcrumbList\",\"@id\":\"https:\/\/ag-frisch.com\/it\/viaggio-in-cina\/#breadcrumb\",\"itemListElement\":[{\"@type\":\"ListItem\",\"position\":1,\"name\":\"Startseite\",\"item\":\"https:\/\/ag-frisch.com\/de\/\"},{\"@type\":\"ListItem\",\"position\":2,\"name\":\"Viaggio in Cina\"}]},{\"@type\":\"WebSite\",\"@id\":\"https:\/\/ag-frisch.com\/de\/#website\",\"url\":\"https:\/\/ag-frisch.com\/de\/\",\"name\":\"China Import Beratung f\u00fcr den Einkauf aus China\",\"description\":\"China Import &amp; Export Beratung - Der Dienstleister Ihres Vertrauens f\u00fcr Ihren China Import\",\"publisher\":{\"@id\":\"https:\/\/ag-frisch.com\/de\/#organization\"},\"potentialAction\":[{\"@type\":\"SearchAction\",\"target\":{\"@type\":\"EntryPoint\",\"urlTemplate\":\"https:\/\/ag-frisch.com\/de\/?s={search_term_string}\"},\"query-input\":{\"@type\":\"PropertyValueSpecification\",\"valueRequired\":true,\"valueName\":\"search_term_string\"}}],\"inLanguage\":\"it-IT\"},{\"@type\":\"Organization\",\"@id\":\"https:\/\/ag-frisch.com\/de\/#organization\",\"name\":\"Agentur Frisch International Consulting GmbH & Co. KG\",\"url\":\"https:\/\/ag-frisch.com\/de\/\",\"logo\":{\"@type\":\"ImageObject\",\"inLanguage\":\"it-IT\",\"@id\":\"https:\/\/ag-frisch.com\/de\/#\/schema\/logo\/image\/\",\"url\":\"https:\/\/ag-frisch.com\/wp-content\/uploads\/2021\/08\/ag_logo_rgb_300_small.png\",\"contentUrl\":\"https:\/\/ag-frisch.com\/wp-content\/uploads\/2021\/08\/ag_logo_rgb_300_small.png\",\"width\":153,\"height\":102,\"caption\":\"Agentur Frisch International Consulting GmbH & Co. KG\"},\"image\":{\"@id\":\"https:\/\/ag-frisch.com\/de\/#\/schema\/logo\/image\/\"},\"sameAs\":[\"https:\/\/www.facebook.com\/China.Import\",\"https:\/\/x.com\/agenturfrisch\"]}]}<\/script>\n<!-- \/ Yoast SEO plugin. -->","yoast_head_json":{"title":"Visita della fabbrica in Cina\/ Viaggio d'affari in Cina","description":"Visitare una fabbrica in Cina - Viaggio d'affari in Cina - Visitare un fornitore in Cina - Fatevi guidare da un esperto.","robots":{"index":"index","follow":"follow","max-snippet":"max-snippet:-1","max-image-preview":"max-image-preview:large","max-video-preview":"max-video-preview:-1"},"canonical":"https:\/\/ag-frisch.com\/it\/viaggio-in-cina\/","og_locale":"it_IT","og_type":"article","og_title":"Visita della fabbrica in Cina\/ Viaggio d'affari in Cina","og_description":"Visitare una fabbrica in Cina - Viaggio d'affari in Cina - Visitare un fornitore in Cina - Fatevi guidare da un esperto.","og_url":"https:\/\/ag-frisch.com\/it\/viaggio-in-cina\/","og_site_name":"China Import Beratung f\u00fcr den Einkauf aus China","article_publisher":"https:\/\/www.facebook.com\/China.Import","article_modified_time":"2023-01-23T09:15:43+00:00","og_image":[{"url":"http:\/\/www.ag-frisch.de\/cmsstore\/S73F5675.JPG","type":"","width":"","height":""}],"twitter_card":"summary_large_image","twitter_site":"@agenturfrisch","twitter_misc":{"Tempo di lettura stimato":"5 minuti"},"schema":{"@context":"https:\/\/schema.org","@graph":[{"@type":"WebPage","@id":"https:\/\/ag-frisch.com\/it\/viaggio-in-cina\/","url":"https:\/\/ag-frisch.com\/it\/viaggio-in-cina\/","name":"Visita della fabbrica in Cina\/ Viaggio d'affari in Cina","isPartOf":{"@id":"https:\/\/ag-frisch.com\/de\/#website"},"primaryImageOfPage":{"@id":"https:\/\/ag-frisch.com\/it\/viaggio-in-cina\/#primaryimage"},"image":{"@id":"https:\/\/ag-frisch.com\/it\/viaggio-in-cina\/#primaryimage"},"thumbnailUrl":"http:\/\/www.ag-frisch.de\/cmsstore\/S73F5675.JPG","datePublished":"2021-10-14T21:56:22+00:00","dateModified":"2023-01-23T09:15:43+00:00","description":"Visitare una fabbrica in Cina - Viaggio d'affari in Cina - Visitare un fornitore in Cina - Fatevi guidare da un esperto.","breadcrumb":{"@id":"https:\/\/ag-frisch.com\/it\/viaggio-in-cina\/#breadcrumb"},"inLanguage":"it-IT","potentialAction":[{"@type":"ReadAction","target":["https:\/\/ag-frisch.com\/it\/viaggio-in-cina\/"]}]},{"@type":"ImageObject","inLanguage":"it-IT","@id":"https:\/\/ag-frisch.com\/it\/viaggio-in-cina\/#primaryimage","url":"http:\/\/www.ag-frisch.de\/cmsstore\/S73F5675.JPG","contentUrl":"http:\/\/www.ag-frisch.de\/cmsstore\/S73F5675.JPG"},{"@type":"BreadcrumbList","@id":"https:\/\/ag-frisch.com\/it\/viaggio-in-cina\/#breadcrumb","itemListElement":[{"@type":"ListItem","position":1,"name":"Startseite","item":"https:\/\/ag-frisch.com\/de\/"},{"@type":"ListItem","position":2,"name":"Viaggio in Cina"}]},{"@type":"WebSite","@id":"https:\/\/ag-frisch.com\/de\/#website","url":"https:\/\/ag-frisch.com\/de\/","name":"China Import Beratung f\u00fcr den Einkauf aus China","description":"China Import &amp; Export Beratung - Der Dienstleister Ihres Vertrauens f\u00fcr Ihren China Import","publisher":{"@id":"https:\/\/ag-frisch.com\/de\/#organization"},"potentialAction":[{"@type":"SearchAction","target":{"@type":"EntryPoint","urlTemplate":"https:\/\/ag-frisch.com\/de\/?s={search_term_string}"},"query-input":{"@type":"PropertyValueSpecification","valueRequired":true,"valueName":"search_term_string"}}],"inLanguage":"it-IT"},{"@type":"Organization","@id":"https:\/\/ag-frisch.com\/de\/#organization","name":"Agentur Frisch International Consulting GmbH & Co. KG","url":"https:\/\/ag-frisch.com\/de\/","logo":{"@type":"ImageObject","inLanguage":"it-IT","@id":"https:\/\/ag-frisch.com\/de\/#\/schema\/logo\/image\/","url":"https:\/\/ag-frisch.com\/wp-content\/uploads\/2021\/08\/ag_logo_rgb_300_small.png","contentUrl":"https:\/\/ag-frisch.com\/wp-content\/uploads\/2021\/08\/ag_logo_rgb_300_small.png","width":153,"height":102,"caption":"Agentur Frisch International Consulting GmbH & Co. KG"},"image":{"@id":"https:\/\/ag-frisch.com\/de\/#\/schema\/logo\/image\/"},"sameAs":["https:\/\/www.facebook.com\/China.Import","https:\/\/x.com\/agenturfrisch"]}]}},"_links":{"self":[{"href":"https:\/\/ag-frisch.com\/it\/wp-json\/wp\/v2\/pages\/7940","targetHints":{"allow":["GET"]}}],"collection":[{"href":"https:\/\/ag-frisch.com\/it\/wp-json\/wp\/v2\/pages"}],"about":[{"href":"https:\/\/ag-frisch.com\/it\/wp-json\/wp\/v2\/types\/page"}],"author":[{"embeddable":true,"href":"https:\/\/ag-frisch.com\/it\/wp-json\/wp\/v2\/users\/2"}],"replies":[{"embeddable":true,"href":"https:\/\/ag-frisch.com\/it\/wp-json\/wp\/v2\/comments?post=7940"}],"version-history":[{"count":0,"href":"https:\/\/ag-frisch.com\/it\/wp-json\/wp\/v2\/pages\/7940\/revisions"}],"wp:attachment":[{"href":"https:\/\/ag-frisch.com\/it\/wp-json\/wp\/v2\/media?parent=7940"}],"curies":[{"name":"wp","href":"https:\/\/api.w.org\/{rel}","templated":true}]}}