{"id":7943,"date":"2021-10-14T23:44:25","date_gmt":"2021-10-14T21:44:25","guid":{"rendered":"https:\/\/ag-frisch.com\/agenti-cinesi\/"},"modified":"2023-01-23T10:17:00","modified_gmt":"2023-01-23T09:17:00","slug":"agenti-cinesi","status":"publish","type":"page","link":"https:\/\/ag-frisch.com\/it\/pagine-informative\/agenti-cinesi\/","title":{"rendered":"Agenti cinesi"},"content":{"rendered":"<p>[et_pb_section fb_built=&#8221;1&#8243; _builder_version=&#8221;4.16&#8243; _module_preset=&#8221;default&#8221; global_colors_info=&#8221;{}&#8221;][et_pb_row _builder_version=&#8221;4.18.1&#8243; _module_preset=&#8221;default&#8221; global_colors_info=&#8221;{}&#8221;][et_pb_column type=&#8221;4_4&#8243; _builder_version=&#8221;4.18.1&#8243; _module_preset=&#8221;default&#8221; global_colors_info=&#8221;{}&#8221;][et_pb_cta title=&#8221;Consulenza sulle importazioni dalla Cina&#8221; button_url=&#8221;https:\/\/ag-frisch.com\/it\/contatto\/&#8221; button_text=&#8221;Prenota ora una consulenza&#8221; _builder_version=&#8221;4.16&#8243; _module_preset=&#8221;default&#8221; global_colors_info=&#8221;{}&#8221;]<\/p>\n<p>In collaborazione con l&#8217;Agenzia di importazione cinese Frisch, non commetterete tali errori.<\/p>\n<p>[\/et_pb_cta][\/et_pb_column][\/et_pb_row][et_pb_row _builder_version=&#8221;4.16&#8243; _module_preset=&#8221;default&#8221; global_colors_info=&#8221;{}&#8221;][et_pb_column type=&#8221;4_4&#8243; _builder_version=&#8221;4.16&#8243; _module_preset=&#8221;default&#8221; global_colors_info=&#8221;{}&#8221;][et_pb_text _builder_version=&#8221;4.18.1&#8243; _module_preset=&#8221;default&#8221; hover_enabled=&#8221;0&#8243; global_colors_info=&#8221;{}&#8221; sticky_enabled=&#8221;0&#8243;]<\/p>\n<h1>Esperienza di lavoro con intermediari e agenti cinesi<\/h1>\n<p><strong>Esperienze di importazione dalla Cina<\/strong><\/p>\n<p>07.10.2020<\/p>\n<p>Un nuovo cliente ci ha contattato perch\u00e9 stava per perdere quasi 70.000 euro in Cina. Voleva importare nebulizzatori dalla Cina. A tal fine, aveva pubblicato un annuncio di ricerca e un&#8217;acquirente donna che sosteneva di essere esperta di acquisti dalla Cina alla Germania lo aveva contattato.  <span> <\/span>L&#8217;acquirente cinese ha affermato che erano disponibili certificati validi e che le targhette erano sufficienti per l&#8217;importazione dalla Cina alla Germania, cos\u00ec come il manuale, che aveva gi\u00e0 inviato in tedesco. Il cliente doveva solo inserire il nome e il logo del proprio modello.<\/p>\n<p>L&#8217;acquirente ha inviato al cliente un&#8217;offerta di un presunto produttore cinese per 75 dollari per dispositivo. L&#8217;acquirente non voleva una commissione separata, ma questo non ha sorpreso il cliente, che non conosceva il settore e pensava che per gli intermediari fosse normale ricevere una commissione dal fornitore.  <span> <\/span>Ha ordinato un 20FCL con 850 unit\u00e0 al prezzo totale di 63.750 dollari. Durante un&#8217;ispezione doganale nel porto di Amburgo, sono state sollevate diverse obiezioni da parte delle autorit\u00e0 preposte alla sicurezza dei prodotti (targhetta insufficiente, applicazione di direttive e standard errati, in definitiva, dispositivi non idonei all&#8217;importazione).  <span> <\/span>L&#8217;acquirente cinese ha continuato a ribadire che tutto era corretto e che tutti gli altri clienti stavano facendo passare i dispositivi alla dogana senza problemi. Pertanto, il cliente si \u00e8 rivolto a noi per ottenere assistenza.<\/p>\n<p>L&#8217;agente ha ignorato tutte le e-mail, quindi abbiamo contattato direttamente il presunto produttore. Quest&#8217;ultimo, tuttavia, ha dichiarato di essere solo un mediatore.  <span> <\/span>Tuttavia, ci ha comunicato i dati del produttore. Quest&#8217;ultimo ci ha informato e ci ha anche mostrato nella corrispondenza via e-mail che le apparecchiature prive di conformit\u00e0 CE sono state esplicitamente acquistate dall&#8217;acquirente, in quanto l&#8217;intermediario cinese voleva risparmiare; il prezzo di acquisto per l&#8217;intermediario era di 30 USD. Il cliente si era accontentato di un certificato che attestava semplicemente che l&#8217;azienda commerciale cinese dichiarava che l&#8217;apparecchio era conforme alla normativa CE, senza richiedere alcuna prova di conformit\u00e0. Dopo aver parlato con la societ\u00e0 commerciale (una societ\u00e0 cinese di import-export), quest&#8217;ultima ha spiegato che aveva ricevuto istruzioni dall&#8217;acquirente cinese di aumentare il prezzo a 75 USD, che lui stesso aveva ricevuto solo il 3% del prezzo di acquisto di 850x 30 USD = 765 USD e che il resto era stato pagato all&#8217;acquirente cinese. Siamo riusciti a convincere il rivenditore cinese e il produttore cinese a ritirare i dispositivi, ma il cliente deve rispedirli a proprie spese.  <span> <\/span>Il rimborso \u00e8 quindi di 26 265 dollari USA. L&#8217;acquirente cinese ha messo di tasca sua la differenza di 37 485 USD. Con il  <span> <\/span>Le spese di spedizione (andata e ritorno) che il cliente ha avuto, il danno \u00e8 di oltre 40 000 USD.<\/p>\n<p><strong>Tuttavia, siamo riusciti a recuperare oltre il 30% dell&#8217;importo pagato per il cliente e l&#8217;intermediario \u00e8 stato denunciato penalmente. A quanto pare, ha gi\u00e0 investito il denaro e lo sta restituendo almeno in piccole rate mensili.<\/strong><\/p>\n<p>[\/et_pb_text][\/et_pb_column][\/et_pb_row][\/et_pb_section][et_pb_section fb_built=&#8221;1&#8243; admin_label=&#8221;Testimonials&#8221; _builder_version=&#8221;4.16&#8243; use_background_color_gradient=&#8221;on&#8221; background_color_gradient_stops=&#8221;rgba(0,106,156,0.85) 0%|rgba(0,106,156,0.85) 100%&#8221; background_color_gradient_start=&#8221;rgba(0,106,156,0.85)&#8221; background_color_gradient_end=&#8221;rgba(0,106,156,0.85)&#8221; custom_padding=&#8221;90px||60px|&#8221; animation_style=&#8221;fold&#8221; animation_direction=&#8221;bottom&#8221; animation_intensity_fold=&#8221;4%&#8221; global_colors_info=&#8221;{}&#8221;][et_pb_row _builder_version=&#8221;4.16&#8243; background_size=&#8221;initial&#8221; background_position=&#8221;top_left&#8221; background_repeat=&#8221;repeat&#8221; custom_width_px=&#8221;710px&#8221; locked=&#8221;off&#8221; global_colors_info=&#8221;{}&#8221;][et_pb_column type=&#8221;4_4&#8243; _builder_version=&#8221;4.16&#8243; background_position=&#8221;top_left&#8221; custom_padding=&#8221;|||&#8221; global_colors_info=&#8221;{}&#8221; custom_padding__hover=&#8221;|||&#8221;][et_pb_text admin_label=&#8221;Testimonials Section Title&#8221; _builder_version=&#8221;4.16&#8243; header_font=&#8221;Montserrat||||&#8221; header_font_size=&#8221;36px&#8221; background_size=&#8221;initial&#8221; background_position=&#8221;top_left&#8221; background_repeat=&#8221;repeat&#8221; text_orientation=&#8221;center&#8221; background_layout=&#8221;dark&#8221; max_width=&#8221;710px&#8221; module_alignment=&#8221;center&#8221; animation_style=&#8221;fold&#8221; animation_direction=&#8221;bottom&#8221; animation_intensity_fold=&#8221;20%&#8221; global_colors_info=&#8221;{}&#8221;]<\/p>\n<h1>Oltre 5000 clienti soddisfatti.<\/h1>\n<p>&nbsp;<\/p>\n<p>[\/et_pb_text][et_pb_divider color=&#8221;#ffffff&#8221; divider_weight=&#8221;3px&#8221; disabled_on=&#8221;off|off|off&#8221; _builder_version=&#8221;4.16&#8243; background_color_gradient_direction=&#8221;90deg&#8221; max_width=&#8221;100px&#8221; module_alignment=&#8221;center&#8221; height=&#8221;5px&#8221; custom_margin=&#8221;||20px|&#8221; custom_padding=&#8221;||20px|&#8221; animation_style=&#8221;slide&#8221; animation_direction=&#8221;bottom&#8221; saved_tabs=&#8221;all&#8221; locked=&#8221;off&#8221; global_colors_info=&#8221;{}&#8221;][\/et_pb_divider][\/et_pb_column][\/et_pb_row][et_pb_row column_structure=&#8221;1_2,1_2&#8243; _builder_version=&#8221;4.18.1&#8243; _module_preset=&#8221;default&#8221; global_colors_info=&#8221;{}&#8221;][et_pb_column type=&#8221;1_2&#8243; _builder_version=&#8221;4.18.1&#8243; _module_preset=&#8221;default&#8221; global_colors_info=&#8221;{}&#8221;][et_pb_testimonial author=&#8221;Marco&#8221; portrait_url=&#8221;https:\/\/ag-frisch.com\/wp-content\/uploads\/2021\/08\/Harald.png&#8221; quote_icon=&#8221;off&#8221; _builder_version=&#8221;4.18.1&#8243; _module_preset=&#8221;default&#8221; body_font_size=&#8221;16px&#8221; use_background_color=&#8221;off&#8221; background_layout=&#8221;dark&#8221; global_colors_info=&#8221;{}&#8221;]Ho commissionato all&#8217;Agentur Frisch la produzione di un mobile di grandi dimensioni in Cina e il suo trasporto in Germania. Ottimale la comunicazione via mail! Risposte molto rapide e affidabili mi hanno costantemente dato le rassicurazioni che sono essenziali in un&#8217;impresa del genere. Sono stata sempre aiutata nelle complicate pratiche burocratiche e nessun modulo \u00e8 stato dimenticato o compilato in modo errato. Eccellente!<a href=\"&lt;div%20class=%22pe-richsnippets%22&gt;&nbsp;&lt;\/div&gt;%20&lt;script%20type=%22text\/javascript%22%20src=%22https:\/\/www.provenexpert.com\/widget\/richsnippet.js?u=1NUA0VwZ4RUZ5tmAi5zA4RaplNKAlWwZ&amp;v=2%22%20async&gt;&lt;\/script&gt;%20&lt;div%20style=%22text-align:%20justify;%22&gt;&lt;br%20\/&gt;\"><\/a><\/p>\n<div class=\"brow ratingBarMargin\">\n<div class=\"ratingBar\">\n<div class=\"brow\">\n<div class=\"pe-richsnippets\">&nbsp;<\/div>\n<p><script type=\"text\/javascript\" src=\"https:\/\/www.provenexpert.com\/widget\/richsnippet.js?u=1NUA0VwZ4RUZ5tmAi5zA4RaplNKAlWwZ&amp;v=2\" async=\"\"><\/script><\/p>\n<div style=\"text-align: justify;\"><\/p>\n<div class=\"col-lg-9 col-md-8 col-xs-10 mt20 mb20\">\n<div class=\"col-xs-12 surveyNameForRating\"><\/div>\n<\/div>\n<\/div>\n<\/div>\n<\/div>\n<\/div>\n<p>[\/et_pb_testimonial][\/et_pb_column][et_pb_column type=&#8221;1_2&#8243; _builder_version=&#8221;4.18.1&#8243; _module_preset=&#8221;default&#8221; global_colors_info=&#8221;{}&#8221;][et_pb_testimonial author=&#8221;Simone L.&#8221; portrait_url=&#8221;https:\/\/ag-frisch.com\/wp-content\/uploads\/2021\/08\/Harald.png&#8221; quote_icon=&#8221;off&#8221; _builder_version=&#8221;4.18.1&#8243; _module_preset=&#8221;default&#8221; body_font_size=&#8221;16px&#8221; use_background_color=&#8221;off&#8221; background_layout=&#8221;dark&#8221; global_colors_info=&#8221;{}&#8221;]<\/p>\n<p>Tutto perfetto! Non potevo immaginare servizio migliore di questo! Impossibile trovare consulenza e servizio migliori! Ci siamo rivolti pi\u00fa volte all\u00b4agenzia e siamo pi\u00fa che soddisfatti. Continueremo sicuramente a collaborare con loro!<\/p>\n<div class=\"brow ratingBarMargin\">\n<div class=\"ratingBar\">\n<div class=\"brow\">\n<div class=\"pe-richsnippets\"> <\/div>\n<p>\n<script type=\"text\/javascript\" src=\"https:\/\/www.provenexpert.com\/widget\/richsnippet.js?u=1NUA0VwZ4RUZ5tmAi5zA4RaplNKAlWwZ&amp;v=2\" async=\"\"><\/script>\n<\/p>\n<div style=\"text-align: justify;\">\n<p>&nbsp;<\/p>\n<div class=\"col-lg-9 col-md-8 col-xs-10 mt20 mb20\">\n<div class=\"col-xs-12 surveyNameForRating\"><\/div>\n<\/div>\n<\/div>\n<\/div>\n<\/div>\n<\/div>\n<p>[\/et_pb_testimonial][\/et_pb_column][\/et_pb_row][et_pb_row _builder_version=&#8221;4.16&#8243; background_size=&#8221;initial&#8221; background_position=&#8221;top_left&#8221; background_repeat=&#8221;repeat&#8221; custom_padding=&#8221;50px|0px|30px|0px&#8221; custom_css_main_element=&#8221;text-align: center;&#8221; global_colors_info=&#8221;{}&#8221;][et_pb_column type=&#8221;4_4&#8243; _builder_version=&#8221;4.16&#8243; custom_padding=&#8221;|||&#8221; global_colors_info=&#8221;{}&#8221; custom_padding__hover=&#8221;|||&#8221;][et_pb_button button_url=&#8221;https:\/\/www.provenexpert.com\/de-de\/agentur-frisch-international-consulting-gmbh-und-co-kg\/&#8221; button_text=&#8221;ALTRE VALUTAZIONI&#8221; button_alignment=&#8221;left&#8221; admin_label=&#8221;Testimonial Button&#8221; _builder_version=&#8221;4.16&#8243; custom_button=&#8221;on&#8221; button_text_size=&#8221;18px&#8221; button_text_color=&#8221;#ffffff&#8221; button_bg_color=&#8221;#6eba01&#8243; button_border_width=&#8221;2px&#8221; button_border_color=&#8221;#6eba01&#8243; button_border_radius=&#8221;0px&#8221; button_letter_spacing=&#8221;2px&#8221; button_font=&#8221;Montserrat|||on|&#8221; button_use_icon=&#8221;off&#8221; animation_style=&#8221;fold&#8221; animation_direction=&#8221;bottom&#8221; button_text_color_hover=&#8221;#ffffff&#8221; button_border_color_hover=&#8221;#ffffff&#8221; button_border_radius_hover=&#8221;0px&#8221; button_letter_spacing_hover=&#8221;2px&#8221; button_bg_color_hover=&#8221;rgba(255,255,255,0)&#8221; locked=&#8221;off&#8221; global_colors_info=&#8221;{}&#8221; button_text_size__hover_enabled=&#8221;off&#8221; button_one_text_size__hover_enabled=&#8221;off&#8221; button_two_text_size__hover_enabled=&#8221;off&#8221; button_text_color__hover_enabled=&#8221;on&#8221; button_text_color__hover=&#8221;#ffffff&#8221; button_one_text_color__hover_enabled=&#8221;off&#8221; button_two_text_color__hover_enabled=&#8221;off&#8221; button_border_width__hover_enabled=&#8221;off&#8221; button_one_border_width__hover_enabled=&#8221;off&#8221; button_two_border_width__hover_enabled=&#8221;off&#8221; button_border_color__hover_enabled=&#8221;on&#8221; button_border_color__hover=&#8221;#ffffff&#8221; button_one_border_color__hover_enabled=&#8221;off&#8221; button_two_border_color__hover_enabled=&#8221;off&#8221; button_border_radius__hover_enabled=&#8221;on&#8221; button_border_radius__hover=&#8221;0px&#8221; button_one_border_radius__hover_enabled=&#8221;off&#8221; button_two_border_radius__hover_enabled=&#8221;off&#8221; button_letter_spacing__hover_enabled=&#8221;on&#8221; button_letter_spacing__hover=&#8221;2px&#8221; button_one_letter_spacing__hover_enabled=&#8221;off&#8221; button_two_letter_spacing__hover_enabled=&#8221;off&#8221; button_bg_color__hover_enabled=&#8221;on&#8221; button_bg_color__hover=&#8221;rgba(255,255,255,0)&#8221; button_one_bg_color__hover_enabled=&#8221;off&#8221; button_two_bg_color__hover_enabled=&#8221;off&#8221;][\/et_pb_button][\/et_pb_column][\/et_pb_row][\/et_pb_section]<\/p>\n","protected":false},"excerpt":{"rendered":"<p>In collaborazione con l&#8217;Agenzia di importazione cinese Frisch, non commetterete tali errori.Esperienza di lavoro con intermediari e agenti cinesi Esperienze di importazione dalla Cina 07.10.2020 Un nuovo cliente ci ha contattato perch\u00e9 stava per perdere quasi 70.000 euro in Cina. Voleva importare nebulizzatori dalla Cina. A tal fine, aveva pubblicato un annuncio di ricerca e [&hellip;]<\/p>\n","protected":false},"author":2,"featured_media":0,"parent":7288,"menu_order":0,"comment_status":"closed","ping_status":"closed","template":"","meta":{"_et_pb_use_builder":"on","_et_pb_old_content":"","_et_gb_content_width":"","footnotes":""},"class_list":["post-7943","page","type-page","status-publish","hentry"],"yoast_head":"<!-- This site is optimized with the Yoast SEO plugin v27.2 - https:\/\/yoast.com\/product\/yoast-seo-wordpress\/ -->\n<title>Intermediari cinesi: esperienze di importazione dalla Cina<\/title>\n<meta name=\"description\" content=\"Esperienze con gli agenti cinesi quando si importa dalla Cina \u25ba Rischi di lavorare con gli agenti cinesi \u25ba Richiedi subito una consulenza!\" \/>\n<meta name=\"robots\" content=\"index, follow, max-snippet:-1, max-image-preview:large, max-video-preview:-1\" \/>\n<link rel=\"canonical\" href=\"https:\/\/ag-frisch.com\/it\/agenti-cinesi\/\" \/>\n<meta property=\"og:locale\" content=\"it_IT\" \/>\n<meta property=\"og:type\" content=\"article\" \/>\n<meta property=\"og:title\" content=\"Intermediari cinesi: esperienze di importazione dalla Cina\" \/>\n<meta property=\"og:description\" content=\"Esperienze con gli agenti cinesi quando si importa dalla Cina \u25ba Rischi di lavorare con gli agenti cinesi \u25ba Richiedi subito una consulenza!\" \/>\n<meta property=\"og:url\" content=\"https:\/\/ag-frisch.com\/it\/agenti-cinesi\/\" \/>\n<meta property=\"og:site_name\" content=\"China Import Beratung f\u00fcr den Einkauf aus China\" \/>\n<meta property=\"article:publisher\" content=\"https:\/\/www.facebook.com\/China.Import\" \/>\n<meta property=\"article:modified_time\" content=\"2023-01-23T09:17:00+00:00\" \/>\n<meta name=\"twitter:card\" content=\"summary_large_image\" \/>\n<meta name=\"twitter:site\" content=\"@agenturfrisch\" \/>\n<meta name=\"twitter:label1\" content=\"Tempo di lettura stimato\" \/>\n\t<meta name=\"twitter:data1\" content=\"7 minuti\" \/>\n<script type=\"application\/ld+json\" class=\"yoast-schema-graph\">{\"@context\":\"https:\/\/schema.org\",\"@graph\":[{\"@type\":\"WebPage\",\"@id\":\"https:\/\/ag-frisch.com\/it\/agenti-cinesi\/\",\"url\":\"https:\/\/ag-frisch.com\/it\/agenti-cinesi\/\",\"name\":\"Intermediari cinesi: esperienze di importazione dalla Cina\",\"isPartOf\":{\"@id\":\"https:\/\/ag-frisch.com\/de\/#website\"},\"datePublished\":\"2021-10-14T21:44:25+00:00\",\"dateModified\":\"2023-01-23T09:17:00+00:00\",\"description\":\"Esperienze con gli agenti cinesi quando si importa dalla Cina \u25ba Rischi di lavorare con gli agenti cinesi \u25ba Richiedi subito una consulenza!\",\"breadcrumb\":{\"@id\":\"https:\/\/ag-frisch.com\/it\/agenti-cinesi\/#breadcrumb\"},\"inLanguage\":\"it-IT\",\"potentialAction\":[{\"@type\":\"ReadAction\",\"target\":[\"https:\/\/ag-frisch.com\/it\/agenti-cinesi\/\"]}]},{\"@type\":\"BreadcrumbList\",\"@id\":\"https:\/\/ag-frisch.com\/it\/agenti-cinesi\/#breadcrumb\",\"itemListElement\":[{\"@type\":\"ListItem\",\"position\":1,\"name\":\"Startseite\",\"item\":\"https:\/\/ag-frisch.com\/de\/\"},{\"@type\":\"ListItem\",\"position\":2,\"name\":\"Agenti cinesi\"}]},{\"@type\":\"WebSite\",\"@id\":\"https:\/\/ag-frisch.com\/de\/#website\",\"url\":\"https:\/\/ag-frisch.com\/de\/\",\"name\":\"China Import Beratung f\u00fcr den Einkauf aus China\",\"description\":\"China Import &amp; Export Beratung - Der Dienstleister Ihres Vertrauens f\u00fcr Ihren China Import\",\"publisher\":{\"@id\":\"https:\/\/ag-frisch.com\/de\/#organization\"},\"potentialAction\":[{\"@type\":\"SearchAction\",\"target\":{\"@type\":\"EntryPoint\",\"urlTemplate\":\"https:\/\/ag-frisch.com\/de\/?s={search_term_string}\"},\"query-input\":{\"@type\":\"PropertyValueSpecification\",\"valueRequired\":true,\"valueName\":\"search_term_string\"}}],\"inLanguage\":\"it-IT\"},{\"@type\":\"Organization\",\"@id\":\"https:\/\/ag-frisch.com\/de\/#organization\",\"name\":\"Agentur Frisch International Consulting GmbH & Co. KG\",\"url\":\"https:\/\/ag-frisch.com\/de\/\",\"logo\":{\"@type\":\"ImageObject\",\"inLanguage\":\"it-IT\",\"@id\":\"https:\/\/ag-frisch.com\/de\/#\/schema\/logo\/image\/\",\"url\":\"https:\/\/ag-frisch.com\/wp-content\/uploads\/2021\/08\/ag_logo_rgb_300_small.png\",\"contentUrl\":\"https:\/\/ag-frisch.com\/wp-content\/uploads\/2021\/08\/ag_logo_rgb_300_small.png\",\"width\":153,\"height\":102,\"caption\":\"Agentur Frisch International Consulting GmbH & Co. KG\"},\"image\":{\"@id\":\"https:\/\/ag-frisch.com\/de\/#\/schema\/logo\/image\/\"},\"sameAs\":[\"https:\/\/www.facebook.com\/China.Import\",\"https:\/\/x.com\/agenturfrisch\"]}]}<\/script>\n<!-- \/ Yoast SEO plugin. -->","yoast_head_json":{"title":"Intermediari cinesi: esperienze di importazione dalla Cina","description":"Esperienze con gli agenti cinesi quando si importa dalla Cina \u25ba Rischi di lavorare con gli agenti cinesi \u25ba Richiedi subito una consulenza!","robots":{"index":"index","follow":"follow","max-snippet":"max-snippet:-1","max-image-preview":"max-image-preview:large","max-video-preview":"max-video-preview:-1"},"canonical":"https:\/\/ag-frisch.com\/it\/agenti-cinesi\/","og_locale":"it_IT","og_type":"article","og_title":"Intermediari cinesi: esperienze di importazione dalla Cina","og_description":"Esperienze con gli agenti cinesi quando si importa dalla Cina \u25ba Rischi di lavorare con gli agenti cinesi \u25ba Richiedi subito una consulenza!","og_url":"https:\/\/ag-frisch.com\/it\/agenti-cinesi\/","og_site_name":"China Import Beratung f\u00fcr den Einkauf aus China","article_publisher":"https:\/\/www.facebook.com\/China.Import","article_modified_time":"2023-01-23T09:17:00+00:00","twitter_card":"summary_large_image","twitter_site":"@agenturfrisch","twitter_misc":{"Tempo di lettura stimato":"7 minuti"},"schema":{"@context":"https:\/\/schema.org","@graph":[{"@type":"WebPage","@id":"https:\/\/ag-frisch.com\/it\/agenti-cinesi\/","url":"https:\/\/ag-frisch.com\/it\/agenti-cinesi\/","name":"Intermediari cinesi: esperienze di importazione dalla Cina","isPartOf":{"@id":"https:\/\/ag-frisch.com\/de\/#website"},"datePublished":"2021-10-14T21:44:25+00:00","dateModified":"2023-01-23T09:17:00+00:00","description":"Esperienze con gli agenti cinesi quando si importa dalla Cina \u25ba Rischi di lavorare con gli agenti cinesi \u25ba Richiedi subito una consulenza!","breadcrumb":{"@id":"https:\/\/ag-frisch.com\/it\/agenti-cinesi\/#breadcrumb"},"inLanguage":"it-IT","potentialAction":[{"@type":"ReadAction","target":["https:\/\/ag-frisch.com\/it\/agenti-cinesi\/"]}]},{"@type":"BreadcrumbList","@id":"https:\/\/ag-frisch.com\/it\/agenti-cinesi\/#breadcrumb","itemListElement":[{"@type":"ListItem","position":1,"name":"Startseite","item":"https:\/\/ag-frisch.com\/de\/"},{"@type":"ListItem","position":2,"name":"Agenti cinesi"}]},{"@type":"WebSite","@id":"https:\/\/ag-frisch.com\/de\/#website","url":"https:\/\/ag-frisch.com\/de\/","name":"China Import Beratung f\u00fcr den Einkauf aus China","description":"China Import &amp; Export Beratung - Der Dienstleister Ihres Vertrauens f\u00fcr Ihren China Import","publisher":{"@id":"https:\/\/ag-frisch.com\/de\/#organization"},"potentialAction":[{"@type":"SearchAction","target":{"@type":"EntryPoint","urlTemplate":"https:\/\/ag-frisch.com\/de\/?s={search_term_string}"},"query-input":{"@type":"PropertyValueSpecification","valueRequired":true,"valueName":"search_term_string"}}],"inLanguage":"it-IT"},{"@type":"Organization","@id":"https:\/\/ag-frisch.com\/de\/#organization","name":"Agentur Frisch International Consulting GmbH & Co. KG","url":"https:\/\/ag-frisch.com\/de\/","logo":{"@type":"ImageObject","inLanguage":"it-IT","@id":"https:\/\/ag-frisch.com\/de\/#\/schema\/logo\/image\/","url":"https:\/\/ag-frisch.com\/wp-content\/uploads\/2021\/08\/ag_logo_rgb_300_small.png","contentUrl":"https:\/\/ag-frisch.com\/wp-content\/uploads\/2021\/08\/ag_logo_rgb_300_small.png","width":153,"height":102,"caption":"Agentur Frisch International Consulting GmbH & Co. KG"},"image":{"@id":"https:\/\/ag-frisch.com\/de\/#\/schema\/logo\/image\/"},"sameAs":["https:\/\/www.facebook.com\/China.Import","https:\/\/x.com\/agenturfrisch"]}]}},"_links":{"self":[{"href":"https:\/\/ag-frisch.com\/it\/wp-json\/wp\/v2\/pages\/7943","targetHints":{"allow":["GET"]}}],"collection":[{"href":"https:\/\/ag-frisch.com\/it\/wp-json\/wp\/v2\/pages"}],"about":[{"href":"https:\/\/ag-frisch.com\/it\/wp-json\/wp\/v2\/types\/page"}],"author":[{"embeddable":true,"href":"https:\/\/ag-frisch.com\/it\/wp-json\/wp\/v2\/users\/2"}],"replies":[{"embeddable":true,"href":"https:\/\/ag-frisch.com\/it\/wp-json\/wp\/v2\/comments?post=7943"}],"version-history":[{"count":0,"href":"https:\/\/ag-frisch.com\/it\/wp-json\/wp\/v2\/pages\/7943\/revisions"}],"up":[{"embeddable":true,"href":"https:\/\/ag-frisch.com\/it\/wp-json\/wp\/v2\/pages\/7288"}],"wp:attachment":[{"href":"https:\/\/ag-frisch.com\/it\/wp-json\/wp\/v2\/media?parent=7943"}],"curies":[{"name":"wp","href":"https:\/\/api.w.org\/{rel}","templated":true}]}}