{"id":8779,"date":"2021-09-12T07:58:20","date_gmt":"2021-09-12T05:58:20","guid":{"rendered":"https:\/\/ag-frisch.com\/i-nostri-gruppi-target\/produttore\/"},"modified":"2023-01-26T21:12:59","modified_gmt":"2023-01-26T20:12:59","slug":"produttore","status":"publish","type":"page","link":"https:\/\/ag-frisch.com\/it\/i-nostri-gruppi-target\/produttore\/","title":{"rendered":"Produttore"},"content":{"rendered":"<p>[et_pb_section fb_built=&#8221;1&#8243; _builder_version=&#8221;4.16&#8243; _module_preset=&#8221;default&#8221; global_colors_info=&#8221;{}&#8221;][et_pb_row _builder_version=&#8221;4.18.1&#8243; _module_preset=&#8221;default&#8221; global_colors_info=&#8221;{}&#8221;][et_pb_column type=&#8221;4_4&#8243; _builder_version=&#8221;4.18.1&#8243; _module_preset=&#8221;default&#8221; global_colors_info=&#8221;{}&#8221;][et_pb_cta title=&#8221;Un produttore trasferisce la produzione in Cina&#8221; button_url=&#8221;https:\/\/ag-frisch.com\/it\/contatto\/&#8221; button_text=&#8221;Prenota ora una consulenza&#8221; _builder_version=&#8221;4.18.1&#8243; _module_preset=&#8221;default&#8221; hover_enabled=&#8221;0&#8243; global_colors_info=&#8221;{}&#8221; sticky_enabled=&#8221;0&#8243;]<\/p>\n<p>Vi supportiamo durante l&#8217;intero processo di trasferimento della produzione in Cina e agiamo come consulenti per voi anche oltre.  <\/p>\n<p>[\/et_pb_cta][\/et_pb_column][\/et_pb_row][et_pb_row _builder_version=&#8221;4.16&#8243; _module_preset=&#8221;default&#8221; custom_padding=&#8221;36px|||||&#8221; global_colors_info=&#8221;{}&#8221;][et_pb_column type=&#8221;4_4&#8243; _builder_version=&#8221;4.16&#8243; _module_preset=&#8221;default&#8221; global_colors_info=&#8221;{}&#8221;][et_pb_text _builder_version=&#8221;4.16&#8243; _module_preset=&#8221;default&#8221; custom_padding=&#8221;1px|||||&#8221; global_colors_info=&#8221;{}&#8221;]<\/p>\n<h2><strong>Produttore e OEM<\/strong><\/h2>\n<p><strong>Produzione a contratto in Cina per i produttori<\/strong><\/p>\n<p>Siete gi\u00e0 produttori e conoscete il settore e state cercando un modo per produrre in modo pi\u00f9 economico ed efficiente? Oppure volete entrare nel mondo del lavoro da zero e costruire il vostro marchio? In qualit\u00e0 di esperto di lunga data nelle importazioni dalla Cina, l&#8217;Agentur Frisch \u00e8 il vostro partner ideale anche in questo caso. Abbiamo il know-how e le connessioni per trovare le fabbriche in Cina che meglio si adattano alle vostre esigenze di produttori. E questa \u00e8 solo una parte dei nostri servizi!<\/p>\n<p>&nbsp;<\/p>\n<p><strong>Servizio completo: Cosa potete aspettarvi da noi<\/strong><\/p>\n<p>Ci consideriamo un fornitore di servizi completi per le importazioni dalla Cina e non ci occupiamo solo della ricerca di fabbriche in Cina, ma anche, se lo desiderate, di tutti gli altri compiti legati alla vostra attivit\u00e0 in Cina. In questo modo, disponiamo di connessioni affidabili e consolidate e non vediamo l&#8217;ora di fare il miglior lavoro per voi. I nostri servizi per la vostra produzione a contratto in Cina includono, ad esempio, i seguenti:<\/p>\n<ul>\n<li>Negoziazione dei prezzi e preparazione dei contratti<\/li>\n<li>Produzione di campioni iniziali e prototipi<\/li>\n<li>Conformit\u00e0 e garanzia di qualit\u00e0<\/li>\n<li>Test di laboratorio e certificati<\/li>\n<li>Logistica e controllo dei carichi<\/li>\n<li>Sdoganamento<\/li>\n<li>Immagazzinamento e adempimento<\/li>\n<\/ul>\n<p>&nbsp;<\/p>\n<p><strong>Riduzione dei costi con la produzione a contratto in Cina<\/strong><\/p>\n<p>Come produttore di prodotti in Germania, siete stanchi di pagare troppo per la produzione? State cercando un&#8217;alternativa pi\u00f9 economica e volete che sia prodotta in Cina? Allora siamo il vostro contatto. Analizziamo insieme le vostre esigenze e troviamo le fabbriche giuste in Cina. Grazie alla nostra vasta esperienza e al gran numero di partner commerciali collaudati, potete essere certi di ricevere un&#8217;evasione degli ordini affidabile e di alta qualit\u00e0.<\/p>\n<p>Redigiamo insieme a voi i contratti in base alle vostre idee e possiamo aiutarvi in ogni aspetto della vostra produzione a contratto in Cina. Il gran numero di clienti abituali soddisfatti parla da s\u00e9: anche voi potete essere uno di loro!<\/p>\n<p>&nbsp;<\/p>\n<p><strong>Costruire un marchio proprio con produzione in Cina<\/strong><\/p>\n<p>Se volete costruire il vostro marchio, dovete considerare molte cose. I costi di avviamento, in particolare, possono essere molto elevati se tutto viene fatto in Germania. I costi di investimento possono essere ridotti in modo significativo grazie alla presenza di fabbriche in Cina. La qualit\u00e0 testata e le certificazioni valide garantiscono prodotti di alta qualit\u00e0 che sono completamente accettati dalle autorit\u00e0 e dai consumatori sul mercato tedesco.<\/p>\n<p>L&#8217;Agenzia Frisch \u00e8 in grado di aiutarvi a costruire il vostro nuovo marchio in diversi modi. Possiamo trovare i produttori ideali, ma anche occuparci di molti altri servizi legati al nuovo marchio. Se lo desiderate, i nostri esperti svilupperanno l&#8217;identit\u00e0 del prodotto insieme a voi:<\/p>\n<ul>\n<li>Design del prodotto<\/li>\n<li>Layout dell&#8217;imballaggio<\/li>\n<li>Etichette dei prodotti<\/li>\n<li>Stampa del logo sul vostro prodotto<\/li>\n<\/ul>\n<p>&nbsp;<\/p>\n<p><strong>Commercio equo e solidale e massimo profitto<\/strong><\/p>\n<p>La produzione per conto terzi in Cina \u00e8 gravida di pregiudizi: condizioni di lavoro scadenti e qualit\u00e0 inferiore. Ma non deve essere necessariamente cos\u00ec. Con il giusto know-how e buone connessioni, \u00e8 possibile offrire prodotti di prima qualit\u00e0, commerciare in modo equo e ottenere comunque prezzi sensibilmente bassi. Siamo membri fondatori del Verein der lauteren Importeure e.V. (Associazione degli importatori corretti) e dimostriamo che l&#8217;importazione dalla Cina pu\u00f2 essere sia redditizia che equa. Rispettiamo tutte le normative e siamo lieti di superare le specifiche. Questo non solo garantisce una coscienza pulita, ma anche che non sorgano problemi legali. In qualit\u00e0 di produttori della Frisch Agency, potete far produrre i vostri prodotti in fabbriche in Cina senza alcuna esitazione.<\/p>\n<p>&nbsp;<\/p>\n<p><strong>Esecuzione completa degli ordini da parte delle nostre filiali<\/strong><\/p>\n<p>Per poter garantire ai nostri clienti una lavorazione perfetta, abbiamo creato le nostre societ\u00e0 per i vari servizi di importazione in Cina. In questo modo possiamo essere sicuri che tutto funzioni senza intoppi e in modo assolutamente affidabile. Conoscere il nostro spettro aziendale:<\/p>\n<ul>\n<li>import4u<\/li>\n<li>inspekt4u<\/li>\n<li>e-Best<\/li>\n<li>Cina-Importazione.net<\/li>\n<li>Consulenza airbridge<\/li>\n<li>Consultare le importazioni dalla Cina<\/li>\n<li>Stock4u<\/li>\n<li>Entrambi i laboratori di prova<\/li>\n<\/ul>\n<p>[\/et_pb_text][\/et_pb_column][\/et_pb_row][\/et_pb_section][et_pb_section fb_built=&#8221;1&#8243; admin_label=&#8221;Testimonials&#8221; _builder_version=&#8221;4.16&#8243; use_background_color_gradient=&#8221;on&#8221; background_color_gradient_stops=&#8221;rgba(0,106,156,0.85) 0%|rgba(0,106,156,0.85) 100%&#8221; background_color_gradient_start=&#8221;rgba(0,106,156,0.85)&#8221; background_color_gradient_end=&#8221;rgba(0,106,156,0.85)&#8221; custom_padding=&#8221;90px||60px|&#8221; animation_style=&#8221;fold&#8221; animation_direction=&#8221;bottom&#8221; animation_intensity_fold=&#8221;4%&#8221; global_colors_info=&#8221;{}&#8221;][et_pb_row _builder_version=&#8221;4.16&#8243; background_size=&#8221;initial&#8221; background_position=&#8221;top_left&#8221; background_repeat=&#8221;repeat&#8221; custom_width_px=&#8221;710px&#8221; locked=&#8221;off&#8221; global_colors_info=&#8221;{}&#8221;][et_pb_column type=&#8221;4_4&#8243; _builder_version=&#8221;4.16&#8243; background_position=&#8221;top_left&#8221; custom_padding=&#8221;|||&#8221; global_colors_info=&#8221;{}&#8221; custom_padding__hover=&#8221;|||&#8221;][et_pb_text admin_label=&#8221;Testimonials Section Title&#8221; _builder_version=&#8221;4.16&#8243; header_font=&#8221;Montserrat||||&#8221; header_font_size=&#8221;36px&#8221; background_size=&#8221;initial&#8221; background_position=&#8221;top_left&#8221; background_repeat=&#8221;repeat&#8221; text_orientation=&#8221;center&#8221; background_layout=&#8221;dark&#8221; max_width=&#8221;710px&#8221; module_alignment=&#8221;center&#8221; animation_style=&#8221;fold&#8221; animation_direction=&#8221;bottom&#8221; animation_intensity_fold=&#8221;20%&#8221; global_colors_info=&#8221;{}&#8221;]<\/p>\n<h1>Oltre 5000 clienti soddisfatti.<\/h1>\n<p>&nbsp;<\/p>\n<p>[\/et_pb_text][et_pb_divider color=&#8221;#ffffff&#8221; divider_weight=&#8221;3px&#8221; disabled_on=&#8221;off|off|off&#8221; _builder_version=&#8221;4.16&#8243; background_color_gradient_direction=&#8221;90deg&#8221; max_width=&#8221;100px&#8221; module_alignment=&#8221;center&#8221; height=&#8221;5px&#8221; custom_margin=&#8221;||20px|&#8221; custom_padding=&#8221;||20px|&#8221; animation_style=&#8221;slide&#8221; animation_direction=&#8221;bottom&#8221; saved_tabs=&#8221;all&#8221; locked=&#8221;off&#8221; global_colors_info=&#8221;{}&#8221;][\/et_pb_divider][\/et_pb_column][\/et_pb_row][et_pb_row column_structure=&#8221;1_2,1_2&#8243; _builder_version=&#8221;4.18.1&#8243; _module_preset=&#8221;default&#8221; global_colors_info=&#8221;{}&#8221;][et_pb_column type=&#8221;1_2&#8243; _builder_version=&#8221;4.18.1&#8243; _module_preset=&#8221;default&#8221; global_colors_info=&#8221;{}&#8221;][et_pb_testimonial author=&#8221;Marco&#8221; portrait_url=&#8221;https:\/\/ag-frisch.com\/wp-content\/uploads\/2021\/08\/Harald.png&#8221; quote_icon=&#8221;off&#8221; _builder_version=&#8221;4.18.1&#8243; _module_preset=&#8221;default&#8221; body_font_size=&#8221;16px&#8221; use_background_color=&#8221;off&#8221; background_layout=&#8221;dark&#8221; global_colors_info=&#8221;{}&#8221;]Ho commissionato all&#8217;Agentur Frisch la produzione di un mobile di grandi dimensioni in Cina e il suo trasporto in Germania. Ottimale la comunicazione via mail! Risposte molto rapide e affidabili mi hanno costantemente dato le rassicurazioni che sono essenziali in un&#8217;impresa del genere. Sono stata sempre aiutata nelle complicate pratiche burocratiche e nessun modulo \u00e8 stato dimenticato o compilato in modo errato. Eccellente!<a href=\"&lt;div%20class=%22pe-richsnippets%22&gt;&nbsp;&lt;\/div&gt;%20&lt;script%20type=%22text\/javascript%22%20src=%22https:\/\/www.provenexpert.com\/widget\/richsnippet.js?u=1NUA0VwZ4RUZ5tmAi5zA4RaplNKAlWwZ&amp;v=2%22%20async&gt;&lt;\/script&gt;%20&lt;div%20style=%22text-align:%20justify;%22&gt;&lt;br%20\/&gt;\"><\/a><\/p>\n<div class=\"brow ratingBarMargin\">\n<div class=\"ratingBar\">\n<div class=\"brow\">\n<div class=\"pe-richsnippets\">&nbsp;<\/div>\n<p><script type=\"text\/javascript\" src=\"https:\/\/www.provenexpert.com\/widget\/richsnippet.js?u=1NUA0VwZ4RUZ5tmAi5zA4RaplNKAlWwZ&amp;v=2\" async=\"\"><\/script><\/p>\n<div style=\"text-align: justify;\"><\/p>\n<div class=\"col-lg-9 col-md-8 col-xs-10 mt20 mb20\">\n<div class=\"col-xs-12 surveyNameForRating\"><\/div>\n<\/div>\n<\/div>\n<\/div>\n<\/div>\n<\/div>\n<p>[\/et_pb_testimonial][\/et_pb_column][et_pb_column type=&#8221;1_2&#8243; _builder_version=&#8221;4.18.1&#8243; _module_preset=&#8221;default&#8221; global_colors_info=&#8221;{}&#8221;][et_pb_testimonial author=&#8221;Simone L.&#8221; portrait_url=&#8221;https:\/\/ag-frisch.com\/wp-content\/uploads\/2021\/08\/Harald.png&#8221; quote_icon=&#8221;off&#8221; _builder_version=&#8221;4.18.1&#8243; _module_preset=&#8221;default&#8221; body_font_size=&#8221;16px&#8221; use_background_color=&#8221;off&#8221; background_layout=&#8221;dark&#8221; global_colors_info=&#8221;{}&#8221;]<\/p>\n<p>Tutto perfetto! Non potevo immaginare servizio migliore di questo! Impossibile trovare consulenza e servizio migliori! Ci siamo rivolti pi\u00fa volte all\u00b4agenzia e siamo pi\u00fa che soddisfatti. Continueremo sicuramente a collaborare con loro!<\/p>\n<div class=\"brow ratingBarMargin\">\n<div class=\"ratingBar\">\n<div class=\"brow\">\n<div class=\"pe-richsnippets\"> <\/div>\n<p>\n<script type=\"text\/javascript\" src=\"https:\/\/www.provenexpert.com\/widget\/richsnippet.js?u=1NUA0VwZ4RUZ5tmAi5zA4RaplNKAlWwZ&amp;v=2\" async=\"\"><\/script>\n<\/p>\n<div style=\"text-align: justify;\">\n<p>&nbsp;<\/p>\n<div class=\"col-lg-9 col-md-8 col-xs-10 mt20 mb20\">\n<div class=\"col-xs-12 surveyNameForRating\"><\/div>\n<\/div>\n<\/div>\n<\/div>\n<\/div>\n<\/div>\n<p>[\/et_pb_testimonial][\/et_pb_column][\/et_pb_row][et_pb_row _builder_version=&#8221;4.16&#8243; background_size=&#8221;initial&#8221; background_position=&#8221;top_left&#8221; background_repeat=&#8221;repeat&#8221; custom_padding=&#8221;50px|0px|30px|0px&#8221; custom_css_main_element=&#8221;text-align: center;&#8221; global_colors_info=&#8221;{}&#8221;][et_pb_column type=&#8221;4_4&#8243; _builder_version=&#8221;4.16&#8243; custom_padding=&#8221;|||&#8221; global_colors_info=&#8221;{}&#8221; custom_padding__hover=&#8221;|||&#8221;][et_pb_button button_url=&#8221;https:\/\/www.provenexpert.com\/de-de\/agentur-frisch-international-consulting-gmbh-und-co-kg\/&#8221; button_text=&#8221;ALTRE VALUTAZIONI&#8221; button_alignment=&#8221;left&#8221; admin_label=&#8221;Testimonial Button&#8221; _builder_version=&#8221;4.16&#8243; custom_button=&#8221;on&#8221; button_text_size=&#8221;18px&#8221; button_text_color=&#8221;#ffffff&#8221; button_bg_color=&#8221;#6eba01&#8243; button_border_width=&#8221;2px&#8221; button_border_color=&#8221;#6eba01&#8243; button_border_radius=&#8221;0px&#8221; button_letter_spacing=&#8221;2px&#8221; button_font=&#8221;Montserrat|||on|&#8221; button_use_icon=&#8221;off&#8221; animation_style=&#8221;fold&#8221; animation_direction=&#8221;bottom&#8221; button_text_color_hover=&#8221;#ffffff&#8221; button_border_color_hover=&#8221;#ffffff&#8221; button_border_radius_hover=&#8221;0px&#8221; button_letter_spacing_hover=&#8221;2px&#8221; button_bg_color_hover=&#8221;rgba(255,255,255,0)&#8221; locked=&#8221;off&#8221; global_colors_info=&#8221;{}&#8221; button_text_size__hover_enabled=&#8221;off&#8221; button_one_text_size__hover_enabled=&#8221;off&#8221; button_two_text_size__hover_enabled=&#8221;off&#8221; button_text_color__hover_enabled=&#8221;on&#8221; button_text_color__hover=&#8221;#ffffff&#8221; button_one_text_color__hover_enabled=&#8221;off&#8221; button_two_text_color__hover_enabled=&#8221;off&#8221; button_border_width__hover_enabled=&#8221;off&#8221; button_one_border_width__hover_enabled=&#8221;off&#8221; button_two_border_width__hover_enabled=&#8221;off&#8221; button_border_color__hover_enabled=&#8221;on&#8221; button_border_color__hover=&#8221;#ffffff&#8221; button_one_border_color__hover_enabled=&#8221;off&#8221; button_two_border_color__hover_enabled=&#8221;off&#8221; button_border_radius__hover_enabled=&#8221;on&#8221; button_border_radius__hover=&#8221;0px&#8221; button_one_border_radius__hover_enabled=&#8221;off&#8221; button_two_border_radius__hover_enabled=&#8221;off&#8221; button_letter_spacing__hover_enabled=&#8221;on&#8221; button_letter_spacing__hover=&#8221;2px&#8221; button_one_letter_spacing__hover_enabled=&#8221;off&#8221; button_two_letter_spacing__hover_enabled=&#8221;off&#8221; button_bg_color__hover_enabled=&#8221;on&#8221; button_bg_color__hover=&#8221;rgba(255,255,255,0)&#8221; button_one_bg_color__hover_enabled=&#8221;off&#8221; button_two_bg_color__hover_enabled=&#8221;off&#8221;][\/et_pb_button][\/et_pb_column][\/et_pb_row][\/et_pb_section]<\/p>\n","protected":false},"excerpt":{"rendered":"<p>Vi supportiamo durante l&#8217;intero processo di trasferimento della produzione in Cina e agiamo come consulenti per voi anche oltre. Produttore e OEM Produzione a contratto in Cina per i produttori Siete gi\u00e0 produttori e conoscete il settore e state cercando un modo per produrre in modo pi\u00f9 economico ed efficiente? Oppure volete entrare nel mondo [&hellip;]<\/p>\n","protected":false},"author":2,"featured_media":0,"parent":7279,"menu_order":0,"comment_status":"closed","ping_status":"closed","template":"","meta":{"_et_pb_use_builder":"on","_et_pb_old_content":"","_et_gb_content_width":"","footnotes":""},"class_list":["post-8779","page","type-page","status-publish","hentry"],"yoast_head":"<!-- This site is optimized with the Yoast SEO plugin v27.4 - https:\/\/yoast.com\/product\/yoast-seo-wordpress\/ -->\n<title>Importazione dalla Cina come produttore con marchio proprio<\/title>\n<meta name=\"description\" content=\"Acquistare come produttore di marca in Cina \u25bb Prodotti dalla Cina per i produttori di marca \u2713 Partner B2B per le importazioni dalla Cina \u2713 \u25bb Ottenere la consulenza di esperti ora!\" \/>\n<meta name=\"robots\" content=\"index, follow, max-snippet:-1, max-image-preview:large, max-video-preview:-1\" \/>\n<link rel=\"canonical\" href=\"https:\/\/ag-frisch.com\/it\/i-nostri-gruppi-target\/produttore\/\" \/>\n<meta property=\"og:locale\" content=\"it_IT\" \/>\n<meta property=\"og:type\" content=\"article\" \/>\n<meta property=\"og:title\" content=\"Importazione dalla Cina come produttore con marchio proprio\" \/>\n<meta property=\"og:description\" content=\"Acquistare come produttore di marca in Cina \u25bb Prodotti dalla Cina per i produttori di marca \u2713 Partner B2B per le importazioni dalla Cina \u2713 \u25bb Ottenere la consulenza di esperti ora!\" \/>\n<meta property=\"og:url\" content=\"https:\/\/ag-frisch.com\/it\/i-nostri-gruppi-target\/produttore\/\" \/>\n<meta property=\"og:site_name\" content=\"China Import Beratung f\u00fcr den Einkauf aus China\" \/>\n<meta property=\"article:publisher\" content=\"https:\/\/www.facebook.com\/China.Import\" \/>\n<meta property=\"article:modified_time\" content=\"2023-01-26T20:12:59+00:00\" \/>\n<meta name=\"twitter:card\" content=\"summary_large_image\" \/>\n<meta name=\"twitter:site\" content=\"@agenturfrisch\" \/>\n<meta name=\"twitter:label1\" content=\"Tempo di lettura stimato\" \/>\n\t<meta name=\"twitter:data1\" content=\"8 minuti\" \/>\n<script type=\"application\/ld+json\" class=\"yoast-schema-graph\">{\"@context\":\"https:\\\/\\\/schema.org\",\"@graph\":[{\"@type\":\"WebPage\",\"@id\":\"https:\\\/\\\/ag-frisch.com\\\/it\\\/i-nostri-gruppi-target\\\/produttore\\\/\",\"url\":\"https:\\\/\\\/ag-frisch.com\\\/it\\\/i-nostri-gruppi-target\\\/produttore\\\/\",\"name\":\"Importazione dalla Cina come produttore con marchio proprio\",\"isPartOf\":{\"@id\":\"https:\\\/\\\/ag-frisch.com\\\/de\\\/#website\"},\"datePublished\":\"2021-09-12T05:58:20+00:00\",\"dateModified\":\"2023-01-26T20:12:59+00:00\",\"description\":\"Acquistare come produttore di marca in Cina \u25bb Prodotti dalla Cina per i produttori di marca \u2713 Partner B2B per le importazioni dalla Cina \u2713 \u25bb Ottenere la consulenza di esperti ora!\",\"breadcrumb\":{\"@id\":\"https:\\\/\\\/ag-frisch.com\\\/it\\\/i-nostri-gruppi-target\\\/produttore\\\/#breadcrumb\"},\"inLanguage\":\"it-IT\",\"potentialAction\":[{\"@type\":\"ReadAction\",\"target\":[\"https:\\\/\\\/ag-frisch.com\\\/it\\\/i-nostri-gruppi-target\\\/produttore\\\/\"]}]},{\"@type\":\"BreadcrumbList\",\"@id\":\"https:\\\/\\\/ag-frisch.com\\\/it\\\/i-nostri-gruppi-target\\\/produttore\\\/#breadcrumb\",\"itemListElement\":[{\"@type\":\"ListItem\",\"position\":1,\"name\":\"Startseite\",\"item\":\"https:\\\/\\\/ag-frisch.com\\\/de\\\/\"},{\"@type\":\"ListItem\",\"position\":2,\"name\":\"I nostri gruppi target\",\"item\":\"https:\\\/\\\/ag-frisch.com\\\/it\\\/i-nostri-gruppi-target\\\/\"},{\"@type\":\"ListItem\",\"position\":3,\"name\":\"Produttore\"}]},{\"@type\":\"WebSite\",\"@id\":\"https:\\\/\\\/ag-frisch.com\\\/de\\\/#website\",\"url\":\"https:\\\/\\\/ag-frisch.com\\\/de\\\/\",\"name\":\"China Import Beratung f\u00fcr den Einkauf aus China\",\"description\":\"China Import &amp; Export Beratung - Der Dienstleister Ihres Vertrauens f\u00fcr Ihren China Import\",\"publisher\":{\"@id\":\"https:\\\/\\\/ag-frisch.com\\\/de\\\/#organization\"},\"potentialAction\":[{\"@type\":\"SearchAction\",\"target\":{\"@type\":\"EntryPoint\",\"urlTemplate\":\"https:\\\/\\\/ag-frisch.com\\\/de\\\/?s={search_term_string}\"},\"query-input\":{\"@type\":\"PropertyValueSpecification\",\"valueRequired\":true,\"valueName\":\"search_term_string\"}}],\"inLanguage\":\"it-IT\"},{\"@type\":\"Organization\",\"@id\":\"https:\\\/\\\/ag-frisch.com\\\/de\\\/#organization\",\"name\":\"Agentur Frisch International Consulting GmbH & Co. KG\",\"url\":\"https:\\\/\\\/ag-frisch.com\\\/de\\\/\",\"logo\":{\"@type\":\"ImageObject\",\"inLanguage\":\"it-IT\",\"@id\":\"https:\\\/\\\/ag-frisch.com\\\/de\\\/#\\\/schema\\\/logo\\\/image\\\/\",\"url\":\"https:\\\/\\\/ag-frisch.com\\\/wp-content\\\/uploads\\\/2021\\\/08\\\/ag_logo_rgb_300_small.png\",\"contentUrl\":\"https:\\\/\\\/ag-frisch.com\\\/wp-content\\\/uploads\\\/2021\\\/08\\\/ag_logo_rgb_300_small.png\",\"width\":153,\"height\":102,\"caption\":\"Agentur Frisch International Consulting GmbH & Co. KG\"},\"image\":{\"@id\":\"https:\\\/\\\/ag-frisch.com\\\/de\\\/#\\\/schema\\\/logo\\\/image\\\/\"},\"sameAs\":[\"https:\\\/\\\/www.facebook.com\\\/China.Import\",\"https:\\\/\\\/x.com\\\/agenturfrisch\"]}]}<\/script>\n<!-- \/ Yoast SEO plugin. -->","yoast_head_json":{"title":"Importazione dalla Cina come produttore con marchio proprio","description":"Acquistare come produttore di marca in Cina \u25bb Prodotti dalla Cina per i produttori di marca \u2713 Partner B2B per le importazioni dalla Cina \u2713 \u25bb Ottenere la consulenza di esperti ora!","robots":{"index":"index","follow":"follow","max-snippet":"max-snippet:-1","max-image-preview":"max-image-preview:large","max-video-preview":"max-video-preview:-1"},"canonical":"https:\/\/ag-frisch.com\/it\/i-nostri-gruppi-target\/produttore\/","og_locale":"it_IT","og_type":"article","og_title":"Importazione dalla Cina come produttore con marchio proprio","og_description":"Acquistare come produttore di marca in Cina \u25bb Prodotti dalla Cina per i produttori di marca \u2713 Partner B2B per le importazioni dalla Cina \u2713 \u25bb Ottenere la consulenza di esperti ora!","og_url":"https:\/\/ag-frisch.com\/it\/i-nostri-gruppi-target\/produttore\/","og_site_name":"China Import Beratung f\u00fcr den Einkauf aus China","article_publisher":"https:\/\/www.facebook.com\/China.Import","article_modified_time":"2023-01-26T20:12:59+00:00","twitter_card":"summary_large_image","twitter_site":"@agenturfrisch","twitter_misc":{"Tempo di lettura stimato":"8 minuti"},"schema":{"@context":"https:\/\/schema.org","@graph":[{"@type":"WebPage","@id":"https:\/\/ag-frisch.com\/it\/i-nostri-gruppi-target\/produttore\/","url":"https:\/\/ag-frisch.com\/it\/i-nostri-gruppi-target\/produttore\/","name":"Importazione dalla Cina come produttore con marchio proprio","isPartOf":{"@id":"https:\/\/ag-frisch.com\/de\/#website"},"datePublished":"2021-09-12T05:58:20+00:00","dateModified":"2023-01-26T20:12:59+00:00","description":"Acquistare come produttore di marca in Cina \u25bb Prodotti dalla Cina per i produttori di marca \u2713 Partner B2B per le importazioni dalla Cina \u2713 \u25bb Ottenere la consulenza di esperti ora!","breadcrumb":{"@id":"https:\/\/ag-frisch.com\/it\/i-nostri-gruppi-target\/produttore\/#breadcrumb"},"inLanguage":"it-IT","potentialAction":[{"@type":"ReadAction","target":["https:\/\/ag-frisch.com\/it\/i-nostri-gruppi-target\/produttore\/"]}]},{"@type":"BreadcrumbList","@id":"https:\/\/ag-frisch.com\/it\/i-nostri-gruppi-target\/produttore\/#breadcrumb","itemListElement":[{"@type":"ListItem","position":1,"name":"Startseite","item":"https:\/\/ag-frisch.com\/de\/"},{"@type":"ListItem","position":2,"name":"I nostri gruppi target","item":"https:\/\/ag-frisch.com\/it\/i-nostri-gruppi-target\/"},{"@type":"ListItem","position":3,"name":"Produttore"}]},{"@type":"WebSite","@id":"https:\/\/ag-frisch.com\/de\/#website","url":"https:\/\/ag-frisch.com\/de\/","name":"China Import Beratung f\u00fcr den Einkauf aus China","description":"China Import &amp; Export Beratung - Der Dienstleister Ihres Vertrauens f\u00fcr Ihren China Import","publisher":{"@id":"https:\/\/ag-frisch.com\/de\/#organization"},"potentialAction":[{"@type":"SearchAction","target":{"@type":"EntryPoint","urlTemplate":"https:\/\/ag-frisch.com\/de\/?s={search_term_string}"},"query-input":{"@type":"PropertyValueSpecification","valueRequired":true,"valueName":"search_term_string"}}],"inLanguage":"it-IT"},{"@type":"Organization","@id":"https:\/\/ag-frisch.com\/de\/#organization","name":"Agentur Frisch International Consulting GmbH & Co. KG","url":"https:\/\/ag-frisch.com\/de\/","logo":{"@type":"ImageObject","inLanguage":"it-IT","@id":"https:\/\/ag-frisch.com\/de\/#\/schema\/logo\/image\/","url":"https:\/\/ag-frisch.com\/wp-content\/uploads\/2021\/08\/ag_logo_rgb_300_small.png","contentUrl":"https:\/\/ag-frisch.com\/wp-content\/uploads\/2021\/08\/ag_logo_rgb_300_small.png","width":153,"height":102,"caption":"Agentur Frisch International Consulting GmbH & Co. KG"},"image":{"@id":"https:\/\/ag-frisch.com\/de\/#\/schema\/logo\/image\/"},"sameAs":["https:\/\/www.facebook.com\/China.Import","https:\/\/x.com\/agenturfrisch"]}]}},"_links":{"self":[{"href":"https:\/\/ag-frisch.com\/it\/wp-json\/wp\/v2\/pages\/8779","targetHints":{"allow":["GET"]}}],"collection":[{"href":"https:\/\/ag-frisch.com\/it\/wp-json\/wp\/v2\/pages"}],"about":[{"href":"https:\/\/ag-frisch.com\/it\/wp-json\/wp\/v2\/types\/page"}],"author":[{"embeddable":true,"href":"https:\/\/ag-frisch.com\/it\/wp-json\/wp\/v2\/users\/2"}],"replies":[{"embeddable":true,"href":"https:\/\/ag-frisch.com\/it\/wp-json\/wp\/v2\/comments?post=8779"}],"version-history":[{"count":0,"href":"https:\/\/ag-frisch.com\/it\/wp-json\/wp\/v2\/pages\/8779\/revisions"}],"up":[{"embeddable":true,"href":"https:\/\/ag-frisch.com\/it\/wp-json\/wp\/v2\/pages\/7279"}],"wp:attachment":[{"href":"https:\/\/ag-frisch.com\/it\/wp-json\/wp\/v2\/media?parent=8779"}],"curies":[{"name":"wp","href":"https:\/\/api.w.org\/{rel}","templated":true}]}}