{"id":9146,"date":"2021-09-12T22:04:32","date_gmt":"2021-09-12T20:04:32","guid":{"rendered":"https:\/\/ag-frisch.com\/logistica\/"},"modified":"2023-01-26T22:05:47","modified_gmt":"2023-01-26T21:05:47","slug":"logistica","status":"publish","type":"page","link":"https:\/\/ag-frisch.com\/it\/logistica\/","title":{"rendered":"Logistica"},"content":{"rendered":"<p>[et_pb_section fb_built=&#8221;1&#8243; _builder_version=&#8221;4.16&#8243; _module_preset=&#8221;default&#8221; global_colors_info=&#8221;{}&#8221;][et_pb_row _builder_version=&#8221;4.16&#8243; _module_preset=&#8221;default&#8221; global_colors_info=&#8221;{}&#8221;][et_pb_column type=&#8221;4_4&#8243; _builder_version=&#8221;4.16&#8243; _module_preset=&#8221;default&#8221; global_colors_info=&#8221;{}&#8221;][et_pb_cta title=&#8221;Spedizione dalla Cina&#8221; button_url=&#8221;https:\/\/ag-frisch.com\/it\/contatto\/&#8221; button_text=&#8221;Richiedi ora il trasporto dalla Cina&#8221; _builder_version=&#8221;4.16&#8243; _module_preset=&#8221;default&#8221; global_colors_info=&#8221;{}&#8221;]<\/p>\n<p>Richiedete la spedizione dalla Cina e lasciate che se ne occupino gli esperti.  <\/p>\n<p>[\/et_pb_cta][et_pb_image src=&#8221;https:\/\/ag-frisch.com\/wp-content\/uploads\/2021\/11\/china-import-300px.jpg&#8221; _builder_version=&#8221;4.16&#8243; _module_preset=&#8221;default&#8221; global_colors_info=&#8221;{}&#8221;][\/et_pb_image][et_pb_text _builder_version=&#8221;4.16&#8243; _module_preset=&#8221;default&#8221; global_colors_info=&#8221;{}&#8221;]<\/p>\n<h1><strong><\/strong><\/h1>\n<h1><strong><\/strong><\/h1>\n<h1><strong><\/strong><\/h1>\n<h1><strong>Gestione logistica dalla Cina<\/strong><\/h1>\n<p>il personale del nostro marchio &#8220;China-Import.net&#8221; ha gi\u00e0 individuato il miglior percorso logistico per voi dopo il rilascio dopo l&#8217;ispezione e si occupa di prenotare la spedizione. Dall&#8217;espresso all&#8217;aereo, dal mare alla ferrovia, abbiamo la possibilit\u00e0 di considerare per voi ogni percorso logistico, volentieri anche suddiviso in pi\u00f9 metodi di spedizione, ad esempio una parte per via aerea in anticipo e il resto per via marittima.  <\/p>\n<p>&nbsp;<\/p>\n<p><span>Uno spedizioniere \u00e8 di solito un fornitore di servizi che si occupa di tutti i servizi relativi alle vostre merci. In particolare, vi forniamo una panoramica dei servizi di uno spedizioniere specializzato in  <\/span><strong>Trasporti dalla Cina<\/strong><span>.<\/span><\/p>\n<p><span>&#8211; Consulenza sulle operazioni di pagamento in Cina<\/span><br \/><span>&#8211; Calcolo del costo totale degli acquisti in Cina<\/span><br \/><span>&#8211; Negoziati con il fornitore in Cina<\/span><br \/><span>&#8211; Valutazione dei fornitori<\/span><br \/><span>&#8211; Audit in Cina<\/span><br \/><span>&#8211; Autenticazione dei certificati<\/span><br \/><span>&#8211; Audit\/ispezioni di qualit\u00e0 in Cina<\/span><br \/><span>&#8211; Spedizione di merci generiche dalla Cina (trasporto marittimo dalla Cina)<\/span><br \/><span>&#8211; Spedizione di container dalla Cina (<\/span><strong>Trasporto via mare dalla Cina<\/strong><span>)<\/span><br \/><span>&#8211; <\/span><strong>Trasporto aereo dalla Cina<\/strong><br \/><span>&#8211; Trasporto ferroviario dalla Cina<\/span><br \/><span>&#8211; Gestione anche di piccole spedizioni di campioni dalla Cina<\/span><br \/><span>&#8211; Stoccaggio temporaneo in Cina (stoccaggio collettivo)<\/span><br \/><span>&#8211; Magazzino di ricevimento in Germania (magazzino collettivo e doganale)<\/span><br \/><span>&#8211; Organizzazione dell&#8217;intera logistica, dal ritiro alla consegna.<\/span><\/p>\n<p>&nbsp;<\/p>\n<p>&nbsp;<\/p>\n<h1><strong>Ulteriori informazioni<\/strong><\/h1>\n<p>&nbsp;<\/p>\n<h2>Logistica e stoccaggio<\/h2>\n<div class=\"img\"> <\/div>\n<p>In qualit\u00e0 di agenzia di importazione, disponiamo di partner forti per la logistica, lo stoccaggio (messa in funzione) e la spedizione successiva. Questo significa che siete consigliati e assistiti in modo ottimale anche nella logistica. I nostri partner hanno un&#8217;esperienza pluriennale e si impegnano sempre a trovare la soluzione migliore per voi.<\/p>\n<p>&nbsp;<\/p>\n<h2>Collezione all&#8217;estero<\/h2>\n<p>La raccolta all&#8217;estero viene effettuata dalla rete di agenti consolidata. Prima di tutto \u00e8 necessario chiarire chi si assume quale responsabilit\u00e0. Siate consapevoli che la merce non solo deve essere ben imballata, ma anche ben assicurata. Questo vale in particolare per i valori delle merci superiori a \u20ac 5,00\/ kg.<\/p>\n<p>&nbsp;<\/p>\n<h2>Spedizione o trasporto aereo<\/h2>\n<p>Che si tratti di spedizione o di trasporto aereo o anche di una combinazione di entrambi, cerchiamo sempre di trovare la soluzione migliore per voi. La soluzione pi\u00f9 economica non \u00e8 sempre la migliore quando si tratta di logistica. Lasciate che noi o i nostri partner vi consigliamo in dettaglio i vostri desideri e le possibilit\u00e0. Raccomandiamo:<span> <\/span><a href=\"http:\/\/www.china-import.net\/\"><strong>Spedizione dalla Cina<\/strong><\/a><a href=\"http:\/\/www.spediteur-berlin.de\/\"><br \/><\/a><\/p>\n<p>&nbsp;<\/p>\n<h2>Trasporto marittimo<\/h2>\n<p>Per le spedizioni via mare dall&#8217;Asia, i tempi di consegna ad Amburgo sono di circa 4 &#8211; 5 settimane. Il trasporto marittimo consente di migliorare i termini di pagamento, ma ovviamente richiede molto pi\u00f9 tempo rispetto al trasporto aereo. Per sicurezza, \u00e8 possibile anche la spedizione in un contenitore sigillato.<\/p>\n<p>Raccomandazione:<span> <\/span><a href=\"http:\/\/www.ilg-logistics.com\/static\/pdf\/ilg-image-de.pdf\">Scorta durante il trasporto (sicurezza)<\/a> <\/p>\n<p><strong>Nella logistica, i nostri partner sono tenuti a stipulare almeno una polizza assicurativa standard, almeno per i trasporti marittimi FCL, che di solito \u00e8 anche nell&#8217;interesse del cliente. In caso di dubbio, vi invitiamo a discutere con noi i rischi che volete o dovete assicurare voi stessi. I costi aggiuntivi sono solitamente pari al 5 per mille sul 110% del valore della merce e vengono accettati dal cliente al momento dell&#8217;ordine.<br \/><\/strong><\/p>\n<p><strong><\/strong><\/p>\n<h2>Trasporto aereo<\/h2>\n<p>Con il trasporto aereo si hanno tempi di consegna rapidi ma, ovviamente, costi di trasporto spesso molto pi\u00f9 elevati.<\/p>\n<p><span><strong>Trasporto ferroviario<\/strong><\/span><\/p>\n<p>L&#8217;alternativa al trasporto aereo, che richiede un po&#8217; pi\u00f9 di tempo ma \u00e8 molto pi\u00f9 veloce del trasporto via nave. Tuttavia, il costo \u00e8 circa 4-5 volte superiore a quello del trasporto marittimo, ma \u00e8 comunque notevolmente pi\u00f9 economico di quello aereo ed \u00e8 quindi pi\u00f9 un&#8217;alternativa al trasporto aereo che a quello marittimo.<\/p>\n<p>&nbsp;<\/p>\n<h2>Ricevimento della merce<\/h2>\n<p>Siamo lieti di accettare la vostra merce presso il magazzino della nostra filiale di Amburgo. I 50.000 posti pallet offrono spazio sufficiente per lo stivaggio delle vostre merci. Naturalmente, possiamo anche far imballare le vostre merci, confezionarle, imballarle su pallet, reimballarle in cartoni master, ecc. e persino spedirle ai vostri clienti, se necessario. Un&#8217;ispezione di qualit\u00e0 dopo la consegna \u00e8 possibile anche grazie ai nostri partner di Amburgo.<\/p>\n<p>&nbsp;<\/p>\n<h2>Sdoganamento<\/h2>\n<p>La merce pu\u00f2 essere sdoganata tramite i nostri partner. Di norma, i dazi doganali e le imposte sul fatturato delle importazioni sono a carico dei nostri partner logistici. Se applicabile, verr\u00e0 addebitato un costo di esposizione.<\/p>\n<p>&nbsp;<\/p>\n<h2>Consegna<\/h2>\n<p>Naturalmente, possiamo occuparci per voi del follow-up fino alla consegna, il che significa che non dovrete preoccuparvi di nulla se non di accettare correttamente la merce.<\/p>\n<p>&nbsp;<\/p>\n<p><a href=\"http:\/\/infos%20zur%20haftung%20bei%20der%20fracht\/\"><br \/><\/a><a href=\"http:\/\/www.ewaic.de\/fileadmin\/redaktion\/Downloads\/binnenschifffahrt.pdf?PHPSESSID=g27j72m0nkru5tt3vql3mhpge0\"> <\/a><a href=\"http:\/\/www.tis-gdv.de\/tis\/tagungen\/svt\/svt03\/07_frahm.pdf\"><\/a><\/p>\n<div> <strong><\/strong><\/div>\n<p>[\/et_pb_text][\/et_pb_column][\/et_pb_row][\/et_pb_section][et_pb_section fb_built=&#8221;1&#8243; admin_label=&#8221;Testimonials&#8221; _builder_version=&#8221;4.16&#8243; use_background_color_gradient=&#8221;on&#8221; background_color_gradient_stops=&#8221;rgba(0,106,156,0.85) 0%|rgba(0,106,156,0.85) 100%&#8221; background_color_gradient_start=&#8221;rgba(0,106,156,0.85)&#8221; background_color_gradient_end=&#8221;rgba(0,106,156,0.85)&#8221; custom_padding=&#8221;90px||60px|&#8221; animation_style=&#8221;fold&#8221; animation_direction=&#8221;bottom&#8221; animation_intensity_fold=&#8221;4%&#8221; global_colors_info=&#8221;{}&#8221;][et_pb_row _builder_version=&#8221;4.16&#8243; background_size=&#8221;initial&#8221; background_position=&#8221;top_left&#8221; background_repeat=&#8221;repeat&#8221; custom_width_px=&#8221;710px&#8221; locked=&#8221;off&#8221; global_colors_info=&#8221;{}&#8221;][et_pb_column type=&#8221;4_4&#8243; _builder_version=&#8221;4.16&#8243; background_position=&#8221;top_left&#8221; custom_padding=&#8221;|||&#8221; global_colors_info=&#8221;{}&#8221; custom_padding__hover=&#8221;|||&#8221;][et_pb_text admin_label=&#8221;Testimonials Section Title&#8221; _builder_version=&#8221;4.16&#8243; header_font=&#8221;Montserrat||||&#8221; header_font_size=&#8221;36px&#8221; background_size=&#8221;initial&#8221; background_position=&#8221;top_left&#8221; background_repeat=&#8221;repeat&#8221; text_orientation=&#8221;center&#8221; background_layout=&#8221;dark&#8221; max_width=&#8221;710px&#8221; module_alignment=&#8221;center&#8221; animation_style=&#8221;fold&#8221; animation_direction=&#8221;bottom&#8221; animation_intensity_fold=&#8221;20%&#8221; global_colors_info=&#8221;{}&#8221;]<\/p>\n<h1>Oltre 5000 clienti soddisfatti.<\/h1>\n<p>&nbsp;<\/p>\n<p>[\/et_pb_text][et_pb_divider color=&#8221;#ffffff&#8221; divider_weight=&#8221;3px&#8221; disabled_on=&#8221;off|off|off&#8221; _builder_version=&#8221;4.16&#8243; background_color_gradient_direction=&#8221;90deg&#8221; max_width=&#8221;100px&#8221; module_alignment=&#8221;center&#8221; height=&#8221;5px&#8221; custom_margin=&#8221;||20px|&#8221; custom_padding=&#8221;||20px|&#8221; animation_style=&#8221;slide&#8221; animation_direction=&#8221;bottom&#8221; saved_tabs=&#8221;all&#8221; locked=&#8221;off&#8221; global_colors_info=&#8221;{}&#8221;][\/et_pb_divider][\/et_pb_column][\/et_pb_row][et_pb_row column_structure=&#8221;1_2,1_2&#8243; _builder_version=&#8221;4.18.1&#8243; _module_preset=&#8221;default&#8221; global_colors_info=&#8221;{}&#8221;][et_pb_column type=&#8221;1_2&#8243; _builder_version=&#8221;4.18.1&#8243; _module_preset=&#8221;default&#8221; global_colors_info=&#8221;{}&#8221;][et_pb_testimonial author=&#8221;Marco&#8221; portrait_url=&#8221;https:\/\/ag-frisch.com\/wp-content\/uploads\/2021\/08\/Harald.png&#8221; quote_icon=&#8221;off&#8221; _builder_version=&#8221;4.18.1&#8243; _module_preset=&#8221;default&#8221; body_font_size=&#8221;16px&#8221; use_background_color=&#8221;off&#8221; background_layout=&#8221;dark&#8221; global_colors_info=&#8221;{}&#8221;]Ho commissionato all&#8217;Agentur Frisch la produzione di un mobile di grandi dimensioni in Cina e il suo trasporto in Germania. Ottimale la comunicazione via mail! Risposte molto rapide e affidabili mi hanno costantemente dato le rassicurazioni che sono essenziali in un&#8217;impresa del genere. Sono stata sempre aiutata nelle complicate pratiche burocratiche e nessun modulo \u00e8 stato dimenticato o compilato in modo errato. Eccellente!<a href=\"&lt;div%20class=%22pe-richsnippets%22&gt;&nbsp;&lt;\/div&gt;%20&lt;script%20type=%22text\/javascript%22%20src=%22https:\/\/www.provenexpert.com\/widget\/richsnippet.js?u=1NUA0VwZ4RUZ5tmAi5zA4RaplNKAlWwZ&amp;v=2%22%20async&gt;&lt;\/script&gt;%20&lt;div%20style=%22text-align:%20justify;%22&gt;&lt;br%20\/&gt;\"><\/a><\/p>\n<div class=\"brow ratingBarMargin\">\n<div class=\"ratingBar\">\n<div class=\"brow\">\n<div class=\"pe-richsnippets\">&nbsp;<\/div>\n<p><script type=\"text\/javascript\" src=\"https:\/\/www.provenexpert.com\/widget\/richsnippet.js?u=1NUA0VwZ4RUZ5tmAi5zA4RaplNKAlWwZ&amp;v=2\" async=\"\"><\/script><\/p>\n<div style=\"text-align: justify;\"><\/p>\n<div class=\"col-lg-9 col-md-8 col-xs-10 mt20 mb20\">\n<div class=\"col-xs-12 surveyNameForRating\"><\/div>\n<\/div>\n<\/div>\n<\/div>\n<\/div>\n<\/div>\n<p>[\/et_pb_testimonial][\/et_pb_column][et_pb_column type=&#8221;1_2&#8243; _builder_version=&#8221;4.18.1&#8243; _module_preset=&#8221;default&#8221; global_colors_info=&#8221;{}&#8221;][et_pb_testimonial author=&#8221;Simone L.&#8221; portrait_url=&#8221;https:\/\/ag-frisch.com\/wp-content\/uploads\/2021\/08\/Harald.png&#8221; quote_icon=&#8221;off&#8221; _builder_version=&#8221;4.18.1&#8243; _module_preset=&#8221;default&#8221; body_font_size=&#8221;16px&#8221; use_background_color=&#8221;off&#8221; background_layout=&#8221;dark&#8221; global_colors_info=&#8221;{}&#8221;]<\/p>\n<p>Tutto perfetto! Non potevo immaginare servizio migliore di questo! Impossibile trovare consulenza e servizio migliori! Ci siamo rivolti pi\u00fa volte all\u00b4agenzia e siamo pi\u00fa che soddisfatti. Continueremo sicuramente a collaborare con loro!<\/p>\n<div class=\"brow ratingBarMargin\">\n<div class=\"ratingBar\">\n<div class=\"brow\">\n<div class=\"pe-richsnippets\"> <\/div>\n<p>\n<script type=\"text\/javascript\" src=\"https:\/\/www.provenexpert.com\/widget\/richsnippet.js?u=1NUA0VwZ4RUZ5tmAi5zA4RaplNKAlWwZ&amp;v=2\" async=\"\"><\/script>\n<\/p>\n<div style=\"text-align: justify;\">\n<p>&nbsp;<\/p>\n<div class=\"col-lg-9 col-md-8 col-xs-10 mt20 mb20\">\n<div class=\"col-xs-12 surveyNameForRating\"><\/div>\n<\/div>\n<\/div>\n<\/div>\n<\/div>\n<\/div>\n<p>[\/et_pb_testimonial][\/et_pb_column][\/et_pb_row][et_pb_row _builder_version=&#8221;4.16&#8243; background_size=&#8221;initial&#8221; background_position=&#8221;top_left&#8221; background_repeat=&#8221;repeat&#8221; custom_padding=&#8221;50px|0px|30px|0px&#8221; custom_css_main_element=&#8221;text-align: center;&#8221; global_colors_info=&#8221;{}&#8221;][et_pb_column type=&#8221;4_4&#8243; _builder_version=&#8221;4.16&#8243; custom_padding=&#8221;|||&#8221; global_colors_info=&#8221;{}&#8221; custom_padding__hover=&#8221;|||&#8221;][et_pb_button button_url=&#8221;https:\/\/www.provenexpert.com\/de-de\/agentur-frisch-international-consulting-gmbh-und-co-kg\/&#8221; button_text=&#8221;ALTRE VALUTAZIONI&#8221; button_alignment=&#8221;left&#8221; admin_label=&#8221;Testimonial Button&#8221; _builder_version=&#8221;4.16&#8243; custom_button=&#8221;on&#8221; button_text_size=&#8221;18px&#8221; button_text_color=&#8221;#ffffff&#8221; button_bg_color=&#8221;#6eba01&#8243; button_border_width=&#8221;2px&#8221; button_border_color=&#8221;#6eba01&#8243; button_border_radius=&#8221;0px&#8221; button_letter_spacing=&#8221;2px&#8221; button_font=&#8221;Montserrat|||on|&#8221; button_use_icon=&#8221;off&#8221; animation_style=&#8221;fold&#8221; animation_direction=&#8221;bottom&#8221; button_text_color_hover=&#8221;#ffffff&#8221; button_border_color_hover=&#8221;#ffffff&#8221; button_border_radius_hover=&#8221;0px&#8221; button_letter_spacing_hover=&#8221;2px&#8221; button_bg_color_hover=&#8221;rgba(255,255,255,0)&#8221; locked=&#8221;off&#8221; global_colors_info=&#8221;{}&#8221; button_text_size__hover_enabled=&#8221;off&#8221; button_one_text_size__hover_enabled=&#8221;off&#8221; button_two_text_size__hover_enabled=&#8221;off&#8221; button_text_color__hover_enabled=&#8221;on&#8221; button_text_color__hover=&#8221;#ffffff&#8221; button_one_text_color__hover_enabled=&#8221;off&#8221; button_two_text_color__hover_enabled=&#8221;off&#8221; button_border_width__hover_enabled=&#8221;off&#8221; button_one_border_width__hover_enabled=&#8221;off&#8221; button_two_border_width__hover_enabled=&#8221;off&#8221; button_border_color__hover_enabled=&#8221;on&#8221; button_border_color__hover=&#8221;#ffffff&#8221; button_one_border_color__hover_enabled=&#8221;off&#8221; button_two_border_color__hover_enabled=&#8221;off&#8221; button_border_radius__hover_enabled=&#8221;on&#8221; button_border_radius__hover=&#8221;0px&#8221; button_one_border_radius__hover_enabled=&#8221;off&#8221; button_two_border_radius__hover_enabled=&#8221;off&#8221; button_letter_spacing__hover_enabled=&#8221;on&#8221; button_letter_spacing__hover=&#8221;2px&#8221; button_one_letter_spacing__hover_enabled=&#8221;off&#8221; button_two_letter_spacing__hover_enabled=&#8221;off&#8221; button_bg_color__hover_enabled=&#8221;on&#8221; button_bg_color__hover=&#8221;rgba(255,255,255,0)&#8221; button_one_bg_color__hover_enabled=&#8221;off&#8221; button_two_bg_color__hover_enabled=&#8221;off&#8221;][\/et_pb_button][\/et_pb_column][\/et_pb_row][\/et_pb_section][et_pb_section fb_built=&#8221;1&#8243; _builder_version=&#8221;4.16&#8243; _module_preset=&#8221;default&#8221; global_colors_info=&#8221;{}&#8221;][\/et_pb_section]<\/p>\n","protected":false},"excerpt":{"rendered":"<p>Richiedete la spedizione dalla Cina e lasciate che se ne occupino gli esperti. Gestione logistica dalla Cina il personale del nostro marchio &#8220;China-Import.net&#8221; ha gi\u00e0 individuato il miglior percorso logistico per voi dopo il rilascio dopo l&#8217;ispezione e si occupa di prenotare la spedizione. Dall&#8217;espresso all&#8217;aereo, dal mare alla ferrovia, abbiamo la possibilit\u00e0 di considerare [&hellip;]<\/p>\n","protected":false},"author":2,"featured_media":0,"parent":0,"menu_order":0,"comment_status":"closed","ping_status":"closed","template":"","meta":{"_et_pb_use_builder":"on","_et_pb_old_content":"","_et_gb_content_width":"","footnotes":""},"class_list":["post-9146","page","type-page","status-publish","hentry"],"yoast_head":"<!-- This site is optimized with the Yoast SEO plugin v27.4 - https:\/\/yoast.com\/product\/yoast-seo-wordpress\/ -->\n<title>China-import.net - Il vostro fornitore di servizi logistici da Berlino<\/title>\n<meta name=\"description\" content=\"Gestione logistica Cina - Germania UE \u25bb Express \u2713 Trasporto marittimo \u2713 Trasporto aereo \u2713 Trasporto ferroviario \u25bb Richiedete subito la consulenza di un esperto!\" \/>\n<meta name=\"robots\" content=\"index, follow, max-snippet:-1, max-image-preview:large, max-video-preview:-1\" \/>\n<link rel=\"canonical\" href=\"https:\/\/ag-frisch.com\/it\/logistica\/\" \/>\n<meta property=\"og:locale\" content=\"it_IT\" \/>\n<meta property=\"og:type\" content=\"article\" \/>\n<meta property=\"og:title\" content=\"China-import.net - Il vostro fornitore di servizi logistici da Berlino\" \/>\n<meta property=\"og:description\" content=\"Gestione logistica Cina - Germania UE \u25bb Express \u2713 Trasporto marittimo \u2713 Trasporto aereo \u2713 Trasporto ferroviario \u25bb Richiedete subito la consulenza di un esperto!\" \/>\n<meta property=\"og:url\" content=\"https:\/\/ag-frisch.com\/it\/logistica\/\" \/>\n<meta property=\"og:site_name\" content=\"China Import Beratung f\u00fcr den Einkauf aus China\" \/>\n<meta property=\"article:publisher\" content=\"https:\/\/www.facebook.com\/China.Import\" \/>\n<meta property=\"article:modified_time\" content=\"2023-01-26T21:05:47+00:00\" \/>\n<meta name=\"twitter:card\" content=\"summary_large_image\" \/>\n<meta name=\"twitter:site\" content=\"@agenturfrisch\" \/>\n<meta name=\"twitter:label1\" content=\"Tempo di lettura stimato\" \/>\n\t<meta name=\"twitter:data1\" content=\"8 minuti\" \/>\n<script type=\"application\/ld+json\" class=\"yoast-schema-graph\">{\"@context\":\"https:\\\/\\\/schema.org\",\"@graph\":[{\"@type\":\"WebPage\",\"@id\":\"https:\\\/\\\/ag-frisch.com\\\/it\\\/logistica\\\/\",\"url\":\"https:\\\/\\\/ag-frisch.com\\\/it\\\/logistica\\\/\",\"name\":\"China-import.net - Il vostro fornitore di servizi logistici da Berlino\",\"isPartOf\":{\"@id\":\"https:\\\/\\\/ag-frisch.com\\\/de\\\/#website\"},\"datePublished\":\"2021-09-12T20:04:32+00:00\",\"dateModified\":\"2023-01-26T21:05:47+00:00\",\"description\":\"Gestione logistica Cina - Germania UE \u25bb Express \u2713 Trasporto marittimo \u2713 Trasporto aereo \u2713 Trasporto ferroviario \u25bb Richiedete subito la consulenza di un esperto!\",\"breadcrumb\":{\"@id\":\"https:\\\/\\\/ag-frisch.com\\\/it\\\/logistica\\\/#breadcrumb\"},\"inLanguage\":\"it-IT\",\"potentialAction\":[{\"@type\":\"ReadAction\",\"target\":[\"https:\\\/\\\/ag-frisch.com\\\/it\\\/logistica\\\/\"]}]},{\"@type\":\"BreadcrumbList\",\"@id\":\"https:\\\/\\\/ag-frisch.com\\\/it\\\/logistica\\\/#breadcrumb\",\"itemListElement\":[{\"@type\":\"ListItem\",\"position\":1,\"name\":\"Startseite\",\"item\":\"https:\\\/\\\/ag-frisch.com\\\/de\\\/\"},{\"@type\":\"ListItem\",\"position\":2,\"name\":\"Logistica\"}]},{\"@type\":\"WebSite\",\"@id\":\"https:\\\/\\\/ag-frisch.com\\\/de\\\/#website\",\"url\":\"https:\\\/\\\/ag-frisch.com\\\/de\\\/\",\"name\":\"China Import Beratung f\u00fcr den Einkauf aus China\",\"description\":\"China Import &amp; Export Beratung - Der Dienstleister Ihres Vertrauens f\u00fcr Ihren China Import\",\"publisher\":{\"@id\":\"https:\\\/\\\/ag-frisch.com\\\/de\\\/#organization\"},\"potentialAction\":[{\"@type\":\"SearchAction\",\"target\":{\"@type\":\"EntryPoint\",\"urlTemplate\":\"https:\\\/\\\/ag-frisch.com\\\/de\\\/?s={search_term_string}\"},\"query-input\":{\"@type\":\"PropertyValueSpecification\",\"valueRequired\":true,\"valueName\":\"search_term_string\"}}],\"inLanguage\":\"it-IT\"},{\"@type\":\"Organization\",\"@id\":\"https:\\\/\\\/ag-frisch.com\\\/de\\\/#organization\",\"name\":\"Agentur Frisch International Consulting GmbH & Co. KG\",\"url\":\"https:\\\/\\\/ag-frisch.com\\\/de\\\/\",\"logo\":{\"@type\":\"ImageObject\",\"inLanguage\":\"it-IT\",\"@id\":\"https:\\\/\\\/ag-frisch.com\\\/de\\\/#\\\/schema\\\/logo\\\/image\\\/\",\"url\":\"https:\\\/\\\/ag-frisch.com\\\/wp-content\\\/uploads\\\/2021\\\/08\\\/ag_logo_rgb_300_small.png\",\"contentUrl\":\"https:\\\/\\\/ag-frisch.com\\\/wp-content\\\/uploads\\\/2021\\\/08\\\/ag_logo_rgb_300_small.png\",\"width\":153,\"height\":102,\"caption\":\"Agentur Frisch International Consulting GmbH & Co. KG\"},\"image\":{\"@id\":\"https:\\\/\\\/ag-frisch.com\\\/de\\\/#\\\/schema\\\/logo\\\/image\\\/\"},\"sameAs\":[\"https:\\\/\\\/www.facebook.com\\\/China.Import\",\"https:\\\/\\\/x.com\\\/agenturfrisch\"]}]}<\/script>\n<!-- \/ Yoast SEO plugin. -->","yoast_head_json":{"title":"China-import.net - Il vostro fornitore di servizi logistici da Berlino","description":"Gestione logistica Cina - Germania UE \u25bb Express \u2713 Trasporto marittimo \u2713 Trasporto aereo \u2713 Trasporto ferroviario \u25bb Richiedete subito la consulenza di un esperto!","robots":{"index":"index","follow":"follow","max-snippet":"max-snippet:-1","max-image-preview":"max-image-preview:large","max-video-preview":"max-video-preview:-1"},"canonical":"https:\/\/ag-frisch.com\/it\/logistica\/","og_locale":"it_IT","og_type":"article","og_title":"China-import.net - Il vostro fornitore di servizi logistici da Berlino","og_description":"Gestione logistica Cina - Germania UE \u25bb Express \u2713 Trasporto marittimo \u2713 Trasporto aereo \u2713 Trasporto ferroviario \u25bb Richiedete subito la consulenza di un esperto!","og_url":"https:\/\/ag-frisch.com\/it\/logistica\/","og_site_name":"China Import Beratung f\u00fcr den Einkauf aus China","article_publisher":"https:\/\/www.facebook.com\/China.Import","article_modified_time":"2023-01-26T21:05:47+00:00","twitter_card":"summary_large_image","twitter_site":"@agenturfrisch","twitter_misc":{"Tempo di lettura stimato":"8 minuti"},"schema":{"@context":"https:\/\/schema.org","@graph":[{"@type":"WebPage","@id":"https:\/\/ag-frisch.com\/it\/logistica\/","url":"https:\/\/ag-frisch.com\/it\/logistica\/","name":"China-import.net - Il vostro fornitore di servizi logistici da Berlino","isPartOf":{"@id":"https:\/\/ag-frisch.com\/de\/#website"},"datePublished":"2021-09-12T20:04:32+00:00","dateModified":"2023-01-26T21:05:47+00:00","description":"Gestione logistica Cina - Germania UE \u25bb Express \u2713 Trasporto marittimo \u2713 Trasporto aereo \u2713 Trasporto ferroviario \u25bb Richiedete subito la consulenza di un esperto!","breadcrumb":{"@id":"https:\/\/ag-frisch.com\/it\/logistica\/#breadcrumb"},"inLanguage":"it-IT","potentialAction":[{"@type":"ReadAction","target":["https:\/\/ag-frisch.com\/it\/logistica\/"]}]},{"@type":"BreadcrumbList","@id":"https:\/\/ag-frisch.com\/it\/logistica\/#breadcrumb","itemListElement":[{"@type":"ListItem","position":1,"name":"Startseite","item":"https:\/\/ag-frisch.com\/de\/"},{"@type":"ListItem","position":2,"name":"Logistica"}]},{"@type":"WebSite","@id":"https:\/\/ag-frisch.com\/de\/#website","url":"https:\/\/ag-frisch.com\/de\/","name":"China Import Beratung f\u00fcr den Einkauf aus China","description":"China Import &amp; Export Beratung - Der Dienstleister Ihres Vertrauens f\u00fcr Ihren China Import","publisher":{"@id":"https:\/\/ag-frisch.com\/de\/#organization"},"potentialAction":[{"@type":"SearchAction","target":{"@type":"EntryPoint","urlTemplate":"https:\/\/ag-frisch.com\/de\/?s={search_term_string}"},"query-input":{"@type":"PropertyValueSpecification","valueRequired":true,"valueName":"search_term_string"}}],"inLanguage":"it-IT"},{"@type":"Organization","@id":"https:\/\/ag-frisch.com\/de\/#organization","name":"Agentur Frisch International Consulting GmbH & Co. KG","url":"https:\/\/ag-frisch.com\/de\/","logo":{"@type":"ImageObject","inLanguage":"it-IT","@id":"https:\/\/ag-frisch.com\/de\/#\/schema\/logo\/image\/","url":"https:\/\/ag-frisch.com\/wp-content\/uploads\/2021\/08\/ag_logo_rgb_300_small.png","contentUrl":"https:\/\/ag-frisch.com\/wp-content\/uploads\/2021\/08\/ag_logo_rgb_300_small.png","width":153,"height":102,"caption":"Agentur Frisch International Consulting GmbH & Co. KG"},"image":{"@id":"https:\/\/ag-frisch.com\/de\/#\/schema\/logo\/image\/"},"sameAs":["https:\/\/www.facebook.com\/China.Import","https:\/\/x.com\/agenturfrisch"]}]}},"_links":{"self":[{"href":"https:\/\/ag-frisch.com\/it\/wp-json\/wp\/v2\/pages\/9146","targetHints":{"allow":["GET"]}}],"collection":[{"href":"https:\/\/ag-frisch.com\/it\/wp-json\/wp\/v2\/pages"}],"about":[{"href":"https:\/\/ag-frisch.com\/it\/wp-json\/wp\/v2\/types\/page"}],"author":[{"embeddable":true,"href":"https:\/\/ag-frisch.com\/it\/wp-json\/wp\/v2\/users\/2"}],"replies":[{"embeddable":true,"href":"https:\/\/ag-frisch.com\/it\/wp-json\/wp\/v2\/comments?post=9146"}],"version-history":[{"count":0,"href":"https:\/\/ag-frisch.com\/it\/wp-json\/wp\/v2\/pages\/9146\/revisions"}],"wp:attachment":[{"href":"https:\/\/ag-frisch.com\/it\/wp-json\/wp\/v2\/media?parent=9146"}],"curies":[{"name":"wp","href":"https:\/\/api.w.org\/{rel}","templated":true}]}}