{"id":9866,"date":"2021-10-10T21:23:04","date_gmt":"2021-10-10T19:23:04","guid":{"rendered":"https:\/\/ag-frisch.com\/gioielli-dalla-cina\/"},"modified":"2023-01-27T05:16:38","modified_gmt":"2023-01-27T04:16:38","slug":"gioielli-dalla-cina","status":"publish","type":"page","link":"https:\/\/ag-frisch.com\/it\/gioielli-dalla-cina\/","title":{"rendered":"Gioielli dalla Cina"},"content":{"rendered":"<p>[et_pb_section fb_built=&#8221;1&#8243; _builder_version=&#8221;4.16&#8243; _module_preset=&#8221;default&#8221; global_colors_info=&#8221;{}&#8221;][et_pb_row _builder_version=&#8221;4.18.1&#8243; _module_preset=&#8221;default&#8221; global_colors_info=&#8221;{}&#8221;][et_pb_column type=&#8221;4_4&#8243; _builder_version=&#8221;4.18.1&#8243; _module_preset=&#8221;default&#8221; global_colors_info=&#8221;{}&#8221;][et_pb_cta title=&#8221;Consulenza sulle importazioni dalla Cina&#8221; button_url=&#8221;https:\/\/ag-frisch.com\/it\/contatto\/&#8221; button_text=&#8221;Prenota ora una consulenza&#8221; _builder_version=&#8221;4.16&#8243; _module_preset=&#8221;default&#8221; global_colors_info=&#8221;{}&#8221;]<\/p>\n<p>Con la consulenza dell&#8217;Agenzia di importazione cinese Frisch, riuscirete a fare affari con la Cina come se fossero fatti da professionisti.  <\/p>\n<p>[\/et_pb_cta][\/et_pb_column][\/et_pb_row][et_pb_row _builder_version=&#8221;4.16&#8243; _module_preset=&#8221;default&#8221; global_colors_info=&#8221;{}&#8221;][et_pb_column type=&#8221;4_4&#8243; _builder_version=&#8221;4.16&#8243; _module_preset=&#8221;default&#8221; global_colors_info=&#8221;{}&#8221;][et_pb_text _builder_version=&#8221;4.16&#8243; _module_preset=&#8221;default&#8221; global_colors_info=&#8221;{}&#8221;]<\/p>\n<h1 class=\"content_pageheader_v2\">Importazione di gioielli e orologi dalla Cina<\/h1>\n<div class=\"content_floattext\">\n<h2>Cina &#8211; Il mercato dei gioielli e degli orologi<\/h2>\n<div>\n<p>Numerosi importatori tedeschi importano gioielli o orologi dalla Cina. Questi includono orologi con il proprio marchio, ma anche orologi per scopi di marketing, ad esempio con stampa pubblicitaria. Ma la bigiotteria per negozi di souvenir con produzione in Cina \u00e8 molto popolare anche in Europa. Il vantaggio, ovviamente, \u00e8 che l&#8217;importatore pu\u00f2 avvalersi di una logistica piuttosto favorevole per i gioielli, la maggior parte delle spedizioni pu\u00f2 essere inviata per via aerea a causa del volume ridotto, e inoltre l&#8217;importatore o il rivenditore non ha bisogno di molto spazio di stoccaggio in Germania.  <\/p>\n<p>L&#8217;Agentur Frisch assiste numerose aziende tedesche nell&#8217;importazione di gioielli e orologi dalla Cina, dalla richiesta iniziale alla consegna dei prodotti<strong>.<\/strong> <\/p>\n<p>&nbsp;<\/p>\n<\/div>\n<h2>Gioielli e orologi dalla Cina<\/h2>\n<div>Da tempo non \u00e8 un segreto che la Cina sia uno dei maggiori consumatori di gioielli al mondo. Per la precisione, \u00e8 al secondo posto e negli ultimi anni ha addirittura superato l&#8217;America. Con la crescita costante dell&#8217;economia negli ultimi 30 anni, \u00e8 aumentato anche il reddito medio dei cittadini. Ci\u00f2 significa pi\u00f9 reddito, pi\u00f9 denaro; pi\u00f9 denaro pi\u00f9 beni di lusso; pi\u00f9 beni di lusso pi\u00f9 gioielli. La Cina si \u00e8 resa conto abbastanza rapidamente che i gioielli offrono un diverso tipo di investimento, un diverso tipo di ricchezza. Tuttavia, va anche detto che la Cina vanta una cultura di 3000 anni, che comprende anche la produzione di gioielli. Da non dimenticare la giada, gemma verde con cui ancora oggi si realizzano molti oggetti piccoli e grandi, spesso religiosi. In Cina, la met\u00e0 dei beni di lusso viene acquistata in Asia e un terzo in Europa. I ricchi consumatori cinesi amano dimostrare la loro ricchezza con beni di lusso come gioielli e orologi costosi. Non sorprende che la Cina sia diventata il primo produttore di gioielli al mondo, diventando cos\u00ec competitiva nel mercato economico globale. Dal 1980, Shenzhen, in Cina, si \u00e8 trasformata da un povero villaggio di pescatori in una moderna metropoli. Attualmente, Shenzhen \u00e8 uno dei centri economici pi\u00f9 importanti (anche online), nonch\u00e9 il fulcro dell&#8217;industria cinese delle gemme e dei gioielli. Shenzhen \u00e8 ancora considerata la culla di molte start-up e il pi\u00f9 grande produttore di gioielli della Cina. Nel 2014, dopo tre anni di preparazione, \u00e8 stato redatto il &#8220;China Jewellery Index&#8221;. \u00c8 la prima volta nella storia della Cina che \u00e8 disponibile un database nazionale con informazioni complete sull&#8217;industria cinese delle gemme e dei gioielli. Come pietra miliare dello sviluppo del business, il CJI (China Jewelry Index) \u00e8 pienamente sostenuto dal governo locale di Shenzhen, con il supporto intellettuale della Gem and Jewellery Trade Association of China. Il Centro di scambio di gioielli di Shenzhen \u00e8 un&#8217;operazione su larga scala che ha aiutato la citt\u00e0 a raggiungere una rapida crescita economica. Il tasso di crescita del PIL tra il 2013 e il 2014 \u00e8 stato dell&#8217;8,8%, superiore al tasso di crescita complessivo della Cina. Questa rapida crescita ha attirato nuovi immigrati dal paese e dall&#8217;estero. Dagli anni &#8217;80, la popolazione totale di Shenzhen si \u00e8 moltiplicata da 30.000 a 18 milioni. A Shenzhen ci sono pi\u00f9 di 3.600 aziende di gioielleria registrate, pi\u00f9 di 5.000 rivenditori autorizzati e 29 centri di scambio di gemme e gioielli. L&#8217;industria impiega pi\u00f9 di 150.000 persone. I negozi dei centri di scambio di solito vendono gioielli in oro, giada, pietre colorate e diamanti. Per grossisti e dettaglianti \u00e8 facile trovare ci\u00f2 che desiderano e la scelta \u00e8 infinita. Enzo \u00e8 probabilmente una delle gioiellerie pi\u00f9 grandi e conosciute in Cina a livello mondiale. Questa azienda acquista pietre preziose da tutto il mondo, le taglia e le lucida e poi le rivende all&#8217;ingrosso o al dettaglio, sia come gioielli che come singole pietre. Enzo tratta oltre 100 gemme diverse e organizza sempre fiere e mostre che attirano grossisti e rivenditori da tutto il mondo. Lorenzo \u00e8 un altro gioielliere di rilievo a Shenzhen. Oltre alla vendita internazionale all&#8217;ingrosso e al dettaglio, Lorenzo \u00e8 anche in affari con Enzo. Tuttavia, questo riguarda solo la vendita al dettaglio della tormalina. Lorenzo si rifornisce della maggior parte delle materie prime direttamente dalle miniere o dal mercato aperto. Tutte le materie prime arrivano prima a Hong Kong, dove vengono catalogate e immagazzinate. Essendo una zona di libero scambio, Shenzhen pu\u00f2 rifornirsi di gemme direttamente da Hong Kong senza dover pagare ulteriori dazi o tasse, con un impatto positivo sul prezzo di acquisto da parte di grossisti e dettaglianti e del consumatore finale.<\/div>\n<div><\/div>\n<div><\/div>\n<div><\/div>\n<div><\/div>\n<div><\/div>\n<div><\/div>\n<div><\/div>\n<div><\/div>\n<div><\/div>\n<div>La produzione di massa di Lorenzo inizia con la selezione delle pietre e il controllo di qualit\u00e0, per offrire sempre la stessa alta qualit\u00e0 ai futuri clienti. (Per inciso, all&#8217;occhio esperto non serve pi\u00f9 di un secondo, per ogni pietra, per decidere la qualit\u00e0 di un diamante). Non \u00e8 solo la zona di libero scambio a rendere i prezzi dei gioielli cos\u00ec interessanti per gli acquirenti di tutti i tipi. Grazie alle grandi quantit\u00e0 di pietre preziose e oro di cui la Cina ha bisogno per la produzione di gioielli, la Cina pu\u00f2 acquistare in tutto il mondo a prezzi all&#8217;ingrosso. Per quanto riguarda l&#8217;oro, la Cina \u00e8 specializzata nell&#8217;oro a 24 carati, considerato il pi\u00f9 puro di tutti. Il tempo \u00e8 denaro &#8211; e questo vale sicuramente per la Cina.<br \/><strong><br \/>Orologi dalla Cina<\/strong><br \/>L&#8217;industria orologiera cinese non si limita alla produzione di orologi, ma a una variet\u00e0 di strumenti del tempo e ai loro accessori, come molle, quadranti, lancette o interi movimenti dell&#8217;orologio. Un ricco uomo d&#8217;affari cinese ama mostrare il proprio status con un orologio all&#8217;altezza. Non sorprende quindi che la Cina sia un mercato globale per gli orologi di marca. \u00c8 accessibile quasi ovunque, sia all&#8217;ingrosso che al dettaglio, online e con acquisto diretto. Il mercato cinese degli orologi \u00e8 ancora un mercato interessante per i produttori stranieri (per citarne solo due: Apple e Swiss watches), nonostante le norme governative pi\u00f9 severe che hanno in qualche modo limitato le esportazioni di orologi dalla Cina. La tendenza, tuttavia, si \u00e8 spostata verso l&#8217;attrazione di un flusso sempre maggiore di clienti, invece di vendere orologi sempre pi\u00f9 costosi e complicati.<\/div>\n<div><\/div>\n<div><\/div>\n<div><\/div>\n<div><\/div>\n<div><\/div>\n<div><\/div>\n<div><\/div>\n<div><strong>Se desiderate importare gioielli e\/o orologi dalla Cina, contattateci e saremo lieti di supportarvi con il nostro servizio completo. Contattateci via e-mail<span> <\/span><\/strong><a><br \/>\n  <strong>info@ag-frisch.de<\/strong><br \/>\n<\/a><strong><span> <\/span>o per telefono al numero: 0 30 32 89 68 83.<\/strong><\/div>\n<\/div>\n<p>[\/et_pb_text][\/et_pb_column][\/et_pb_row][\/et_pb_section][et_pb_section fb_built=&#8221;1&#8243; admin_label=&#8221;Testimonials&#8221; _builder_version=&#8221;4.16&#8243; use_background_color_gradient=&#8221;on&#8221; background_color_gradient_stops=&#8221;rgba(0,106,156,0.85) 0%|rgba(0,106,156,0.85) 100%&#8221; background_color_gradient_start=&#8221;rgba(0,106,156,0.85)&#8221; background_color_gradient_end=&#8221;rgba(0,106,156,0.85)&#8221; custom_padding=&#8221;90px||60px|&#8221; animation_style=&#8221;fold&#8221; animation_direction=&#8221;bottom&#8221; animation_intensity_fold=&#8221;4%&#8221; global_colors_info=&#8221;{}&#8221;][et_pb_row _builder_version=&#8221;4.16&#8243; background_size=&#8221;initial&#8221; background_position=&#8221;top_left&#8221; background_repeat=&#8221;repeat&#8221; custom_width_px=&#8221;710px&#8221; locked=&#8221;off&#8221; global_colors_info=&#8221;{}&#8221;][et_pb_column type=&#8221;4_4&#8243; _builder_version=&#8221;4.16&#8243; background_position=&#8221;top_left&#8221; custom_padding=&#8221;|||&#8221; global_colors_info=&#8221;{}&#8221; custom_padding__hover=&#8221;|||&#8221;][et_pb_text admin_label=&#8221;Testimonials Section Title&#8221; _builder_version=&#8221;4.16&#8243; header_font=&#8221;Montserrat||||&#8221; header_font_size=&#8221;36px&#8221; background_size=&#8221;initial&#8221; background_position=&#8221;top_left&#8221; background_repeat=&#8221;repeat&#8221; text_orientation=&#8221;center&#8221; background_layout=&#8221;dark&#8221; max_width=&#8221;710px&#8221; module_alignment=&#8221;center&#8221; animation_style=&#8221;fold&#8221; animation_direction=&#8221;bottom&#8221; animation_intensity_fold=&#8221;20%&#8221; global_colors_info=&#8221;{}&#8221;]<\/p>\n<h1>Oltre 5000 clienti soddisfatti.<\/h1>\n<p>&nbsp;<\/p>\n<p>[\/et_pb_text][et_pb_divider color=&#8221;#ffffff&#8221; divider_weight=&#8221;3px&#8221; disabled_on=&#8221;off|off|off&#8221; _builder_version=&#8221;4.16&#8243; background_color_gradient_direction=&#8221;90deg&#8221; max_width=&#8221;100px&#8221; module_alignment=&#8221;center&#8221; height=&#8221;5px&#8221; custom_margin=&#8221;||20px|&#8221; custom_padding=&#8221;||20px|&#8221; animation_style=&#8221;slide&#8221; animation_direction=&#8221;bottom&#8221; saved_tabs=&#8221;all&#8221; locked=&#8221;off&#8221; global_colors_info=&#8221;{}&#8221;][\/et_pb_divider][\/et_pb_column][\/et_pb_row][et_pb_row column_structure=&#8221;1_2,1_2&#8243; _builder_version=&#8221;4.18.1&#8243; _module_preset=&#8221;default&#8221; global_colors_info=&#8221;{}&#8221;][et_pb_column type=&#8221;1_2&#8243; _builder_version=&#8221;4.18.1&#8243; _module_preset=&#8221;default&#8221; global_colors_info=&#8221;{}&#8221;][et_pb_testimonial author=&#8221;Marco&#8221; portrait_url=&#8221;https:\/\/ag-frisch.com\/wp-content\/uploads\/2021\/08\/Harald.png&#8221; quote_icon=&#8221;off&#8221; _builder_version=&#8221;4.18.1&#8243; _module_preset=&#8221;default&#8221; body_font_size=&#8221;16px&#8221; use_background_color=&#8221;off&#8221; background_layout=&#8221;dark&#8221; global_colors_info=&#8221;{}&#8221;]Ho commissionato all&#8217;Agentur Frisch la produzione di un mobile di grandi dimensioni in Cina e il suo trasporto in Germania. Ottimale la comunicazione via mail! Risposte molto rapide e affidabili mi hanno costantemente dato le rassicurazioni che sono essenziali in un&#8217;impresa del genere. Sono stata sempre aiutata nelle complicate pratiche burocratiche e nessun modulo \u00e8 stato dimenticato o compilato in modo errato. Eccellente!<a href=\"&lt;div%20class=%22pe-richsnippets%22&gt;&nbsp;&lt;\/div&gt;%20&lt;script%20type=%22text\/javascript%22%20src=%22https:\/\/www.provenexpert.com\/widget\/richsnippet.js?u=1NUA0VwZ4RUZ5tmAi5zA4RaplNKAlWwZ&amp;v=2%22%20async&gt;&lt;\/script&gt;%20&lt;div%20style=%22text-align:%20justify;%22&gt;&lt;br%20\/&gt;\"><\/a><\/p>\n<div class=\"brow ratingBarMargin\">\n<div class=\"ratingBar\">\n<div class=\"brow\">\n<div class=\"pe-richsnippets\">&nbsp;<\/div>\n<p><script type=\"text\/javascript\" src=\"https:\/\/www.provenexpert.com\/widget\/richsnippet.js?u=1NUA0VwZ4RUZ5tmAi5zA4RaplNKAlWwZ&amp;v=2\" async=\"\"><\/script><\/p>\n<div style=\"text-align: justify;\"><\/p>\n<div class=\"col-lg-9 col-md-8 col-xs-10 mt20 mb20\">\n<div class=\"col-xs-12 surveyNameForRating\"><\/div>\n<\/div>\n<\/div>\n<\/div>\n<\/div>\n<\/div>\n<p>[\/et_pb_testimonial][\/et_pb_column][et_pb_column type=&#8221;1_2&#8243; _builder_version=&#8221;4.18.1&#8243; _module_preset=&#8221;default&#8221; global_colors_info=&#8221;{}&#8221;][et_pb_testimonial author=&#8221;Simone L.&#8221; portrait_url=&#8221;https:\/\/ag-frisch.com\/wp-content\/uploads\/2021\/08\/Harald.png&#8221; quote_icon=&#8221;off&#8221; _builder_version=&#8221;4.18.1&#8243; _module_preset=&#8221;default&#8221; body_font_size=&#8221;16px&#8221; use_background_color=&#8221;off&#8221; background_layout=&#8221;dark&#8221; global_colors_info=&#8221;{}&#8221;]<\/p>\n<p>Tutto perfetto! Non potevo immaginare servizio migliore di questo! Impossibile trovare consulenza e servizio migliori! Ci siamo rivolti pi\u00fa volte all\u00b4agenzia e siamo pi\u00fa che soddisfatti. Continueremo sicuramente a collaborare con loro!<\/p>\n<div class=\"brow ratingBarMargin\">\n<div class=\"ratingBar\">\n<div class=\"brow\">\n<div class=\"pe-richsnippets\"> <\/div>\n<p>\n<script type=\"text\/javascript\" src=\"https:\/\/www.provenexpert.com\/widget\/richsnippet.js?u=1NUA0VwZ4RUZ5tmAi5zA4RaplNKAlWwZ&amp;v=2\" async=\"\"><\/script>\n<\/p>\n<div style=\"text-align: justify;\">\n<p>&nbsp;<\/p>\n<div class=\"col-lg-9 col-md-8 col-xs-10 mt20 mb20\">\n<div class=\"col-xs-12 surveyNameForRating\"><\/div>\n<\/div>\n<\/div>\n<\/div>\n<\/div>\n<\/div>\n<p>[\/et_pb_testimonial][\/et_pb_column][\/et_pb_row][et_pb_row _builder_version=&#8221;4.16&#8243; background_size=&#8221;initial&#8221; background_position=&#8221;top_left&#8221; background_repeat=&#8221;repeat&#8221; custom_padding=&#8221;50px|0px|30px|0px&#8221; custom_css_main_element=&#8221;text-align: center;&#8221; global_colors_info=&#8221;{}&#8221;][et_pb_column type=&#8221;4_4&#8243; _builder_version=&#8221;4.16&#8243; custom_padding=&#8221;|||&#8221; global_colors_info=&#8221;{}&#8221; custom_padding__hover=&#8221;|||&#8221;][et_pb_button button_url=&#8221;https:\/\/www.provenexpert.com\/de-de\/agentur-frisch-international-consulting-gmbh-und-co-kg\/&#8221; button_text=&#8221;ALTRE VALUTAZIONI&#8221; button_alignment=&#8221;left&#8221; admin_label=&#8221;Testimonial Button&#8221; _builder_version=&#8221;4.16&#8243; custom_button=&#8221;on&#8221; button_text_size=&#8221;18px&#8221; button_text_color=&#8221;#ffffff&#8221; button_bg_color=&#8221;#6eba01&#8243; button_border_width=&#8221;2px&#8221; button_border_color=&#8221;#6eba01&#8243; button_border_radius=&#8221;0px&#8221; button_letter_spacing=&#8221;2px&#8221; button_font=&#8221;Montserrat|||on|&#8221; button_use_icon=&#8221;off&#8221; animation_style=&#8221;fold&#8221; animation_direction=&#8221;bottom&#8221; button_text_color_hover=&#8221;#ffffff&#8221; button_border_color_hover=&#8221;#ffffff&#8221; button_border_radius_hover=&#8221;0px&#8221; button_letter_spacing_hover=&#8221;2px&#8221; button_bg_color_hover=&#8221;rgba(255,255,255,0)&#8221; locked=&#8221;off&#8221; global_colors_info=&#8221;{}&#8221; button_text_size__hover_enabled=&#8221;off&#8221; button_one_text_size__hover_enabled=&#8221;off&#8221; button_two_text_size__hover_enabled=&#8221;off&#8221; button_text_color__hover_enabled=&#8221;on&#8221; button_text_color__hover=&#8221;#ffffff&#8221; button_one_text_color__hover_enabled=&#8221;off&#8221; button_two_text_color__hover_enabled=&#8221;off&#8221; button_border_width__hover_enabled=&#8221;off&#8221; button_one_border_width__hover_enabled=&#8221;off&#8221; button_two_border_width__hover_enabled=&#8221;off&#8221; button_border_color__hover_enabled=&#8221;on&#8221; button_border_color__hover=&#8221;#ffffff&#8221; button_one_border_color__hover_enabled=&#8221;off&#8221; button_two_border_color__hover_enabled=&#8221;off&#8221; button_border_radius__hover_enabled=&#8221;on&#8221; button_border_radius__hover=&#8221;0px&#8221; button_one_border_radius__hover_enabled=&#8221;off&#8221; button_two_border_radius__hover_enabled=&#8221;off&#8221; button_letter_spacing__hover_enabled=&#8221;on&#8221; button_letter_spacing__hover=&#8221;2px&#8221; button_one_letter_spacing__hover_enabled=&#8221;off&#8221; button_two_letter_spacing__hover_enabled=&#8221;off&#8221; button_bg_color__hover_enabled=&#8221;on&#8221; button_bg_color__hover=&#8221;rgba(255,255,255,0)&#8221; button_one_bg_color__hover_enabled=&#8221;off&#8221; button_two_bg_color__hover_enabled=&#8221;off&#8221;][\/et_pb_button][\/et_pb_column][\/et_pb_row][\/et_pb_section]<\/p>\n","protected":false},"excerpt":{"rendered":"<p>Con la consulenza dell&#8217;Agenzia di importazione cinese Frisch, riuscirete a fare affari con la Cina come se fossero fatti da professionisti. Importazione di gioielli e orologi dalla Cina Cina &#8211; Il mercato dei gioielli e degli orologi Numerosi importatori tedeschi importano gioielli o orologi dalla Cina. Questi includono orologi con il proprio marchio, ma anche [&hellip;]<\/p>\n","protected":false},"author":2,"featured_media":0,"parent":0,"menu_order":0,"comment_status":"closed","ping_status":"closed","template":"","meta":{"_et_pb_use_builder":"on","_et_pb_old_content":"","_et_gb_content_width":"","footnotes":""},"class_list":["post-9866","page","type-page","status-publish","hentry"],"yoast_head":"<!-- This site is optimized with the Yoast SEO plugin v27.2 - https:\/\/yoast.com\/product\/yoast-seo-wordpress\/ -->\n<title>Importazione di gioielli dalla Cina in conformit\u00e0 a tutte le direttive UE<\/title>\n<meta name=\"description\" content=\"Gioielli dalla Cina \u25bb Conformit\u00e0 alle direttive UE: ispezione di qualit\u00e0 \u2713 LFGB \u2713 Reach \u2713 \u25bb Richiedi subito la consulenza di un esperto!\" \/>\n<meta name=\"robots\" content=\"index, follow, max-snippet:-1, max-image-preview:large, max-video-preview:-1\" \/>\n<link rel=\"canonical\" href=\"https:\/\/ag-frisch.com\/it\/gioielli-dalla-cina\/\" \/>\n<meta property=\"og:locale\" content=\"it_IT\" \/>\n<meta property=\"og:type\" content=\"article\" \/>\n<meta property=\"og:title\" content=\"Importazione di gioielli dalla Cina in conformit\u00e0 a tutte le direttive UE\" \/>\n<meta property=\"og:description\" content=\"Gioielli dalla Cina \u25bb Conformit\u00e0 alle direttive UE: ispezione di qualit\u00e0 \u2713 LFGB \u2713 Reach \u2713 \u25bb Richiedi subito la consulenza di un esperto!\" \/>\n<meta property=\"og:url\" content=\"https:\/\/ag-frisch.com\/it\/gioielli-dalla-cina\/\" \/>\n<meta property=\"og:site_name\" content=\"China Import Beratung f\u00fcr den Einkauf aus China\" \/>\n<meta property=\"article:publisher\" content=\"https:\/\/www.facebook.com\/China.Import\" \/>\n<meta property=\"article:modified_time\" content=\"2023-01-27T04:16:38+00:00\" \/>\n<meta name=\"twitter:card\" content=\"summary_large_image\" \/>\n<meta name=\"twitter:site\" content=\"@agenturfrisch\" \/>\n<meta name=\"twitter:label1\" content=\"Tempo di lettura stimato\" \/>\n\t<meta name=\"twitter:data1\" content=\"10 minuti\" \/>\n<script type=\"application\/ld+json\" class=\"yoast-schema-graph\">{\"@context\":\"https:\/\/schema.org\",\"@graph\":[{\"@type\":\"WebPage\",\"@id\":\"https:\/\/ag-frisch.com\/it\/gioielli-dalla-cina\/\",\"url\":\"https:\/\/ag-frisch.com\/it\/gioielli-dalla-cina\/\",\"name\":\"Importazione di gioielli dalla Cina in conformit\u00e0 a tutte le direttive UE\",\"isPartOf\":{\"@id\":\"https:\/\/ag-frisch.com\/de\/#website\"},\"datePublished\":\"2021-10-10T19:23:04+00:00\",\"dateModified\":\"2023-01-27T04:16:38+00:00\",\"description\":\"Gioielli dalla Cina \u25bb Conformit\u00e0 alle direttive UE: ispezione di qualit\u00e0 \u2713 LFGB \u2713 Reach \u2713 \u25bb Richiedi subito la consulenza di un esperto!\",\"breadcrumb\":{\"@id\":\"https:\/\/ag-frisch.com\/it\/gioielli-dalla-cina\/#breadcrumb\"},\"inLanguage\":\"it-IT\",\"potentialAction\":[{\"@type\":\"ReadAction\",\"target\":[\"https:\/\/ag-frisch.com\/it\/gioielli-dalla-cina\/\"]}]},{\"@type\":\"BreadcrumbList\",\"@id\":\"https:\/\/ag-frisch.com\/it\/gioielli-dalla-cina\/#breadcrumb\",\"itemListElement\":[{\"@type\":\"ListItem\",\"position\":1,\"name\":\"Startseite\",\"item\":\"https:\/\/ag-frisch.com\/de\/\"},{\"@type\":\"ListItem\",\"position\":2,\"name\":\"Gioielli dalla Cina\"}]},{\"@type\":\"WebSite\",\"@id\":\"https:\/\/ag-frisch.com\/de\/#website\",\"url\":\"https:\/\/ag-frisch.com\/de\/\",\"name\":\"China Import Beratung f\u00fcr den Einkauf aus China\",\"description\":\"China Import &amp; Export Beratung - Der Dienstleister Ihres Vertrauens f\u00fcr Ihren China Import\",\"publisher\":{\"@id\":\"https:\/\/ag-frisch.com\/de\/#organization\"},\"potentialAction\":[{\"@type\":\"SearchAction\",\"target\":{\"@type\":\"EntryPoint\",\"urlTemplate\":\"https:\/\/ag-frisch.com\/de\/?s={search_term_string}\"},\"query-input\":{\"@type\":\"PropertyValueSpecification\",\"valueRequired\":true,\"valueName\":\"search_term_string\"}}],\"inLanguage\":\"it-IT\"},{\"@type\":\"Organization\",\"@id\":\"https:\/\/ag-frisch.com\/de\/#organization\",\"name\":\"Agentur Frisch International Consulting GmbH & Co. KG\",\"url\":\"https:\/\/ag-frisch.com\/de\/\",\"logo\":{\"@type\":\"ImageObject\",\"inLanguage\":\"it-IT\",\"@id\":\"https:\/\/ag-frisch.com\/de\/#\/schema\/logo\/image\/\",\"url\":\"https:\/\/ag-frisch.com\/wp-content\/uploads\/2021\/08\/ag_logo_rgb_300_small.png\",\"contentUrl\":\"https:\/\/ag-frisch.com\/wp-content\/uploads\/2021\/08\/ag_logo_rgb_300_small.png\",\"width\":153,\"height\":102,\"caption\":\"Agentur Frisch International Consulting GmbH & Co. KG\"},\"image\":{\"@id\":\"https:\/\/ag-frisch.com\/de\/#\/schema\/logo\/image\/\"},\"sameAs\":[\"https:\/\/www.facebook.com\/China.Import\",\"https:\/\/x.com\/agenturfrisch\"]}]}<\/script>\n<!-- \/ Yoast SEO plugin. -->","yoast_head_json":{"title":"Importazione di gioielli dalla Cina in conformit\u00e0 a tutte le direttive UE","description":"Gioielli dalla Cina \u25bb Conformit\u00e0 alle direttive UE: ispezione di qualit\u00e0 \u2713 LFGB \u2713 Reach \u2713 \u25bb Richiedi subito la consulenza di un esperto!","robots":{"index":"index","follow":"follow","max-snippet":"max-snippet:-1","max-image-preview":"max-image-preview:large","max-video-preview":"max-video-preview:-1"},"canonical":"https:\/\/ag-frisch.com\/it\/gioielli-dalla-cina\/","og_locale":"it_IT","og_type":"article","og_title":"Importazione di gioielli dalla Cina in conformit\u00e0 a tutte le direttive UE","og_description":"Gioielli dalla Cina \u25bb Conformit\u00e0 alle direttive UE: ispezione di qualit\u00e0 \u2713 LFGB \u2713 Reach \u2713 \u25bb Richiedi subito la consulenza di un esperto!","og_url":"https:\/\/ag-frisch.com\/it\/gioielli-dalla-cina\/","og_site_name":"China Import Beratung f\u00fcr den Einkauf aus China","article_publisher":"https:\/\/www.facebook.com\/China.Import","article_modified_time":"2023-01-27T04:16:38+00:00","twitter_card":"summary_large_image","twitter_site":"@agenturfrisch","twitter_misc":{"Tempo di lettura stimato":"10 minuti"},"schema":{"@context":"https:\/\/schema.org","@graph":[{"@type":"WebPage","@id":"https:\/\/ag-frisch.com\/it\/gioielli-dalla-cina\/","url":"https:\/\/ag-frisch.com\/it\/gioielli-dalla-cina\/","name":"Importazione di gioielli dalla Cina in conformit\u00e0 a tutte le direttive UE","isPartOf":{"@id":"https:\/\/ag-frisch.com\/de\/#website"},"datePublished":"2021-10-10T19:23:04+00:00","dateModified":"2023-01-27T04:16:38+00:00","description":"Gioielli dalla Cina \u25bb Conformit\u00e0 alle direttive UE: ispezione di qualit\u00e0 \u2713 LFGB \u2713 Reach \u2713 \u25bb Richiedi subito la consulenza di un esperto!","breadcrumb":{"@id":"https:\/\/ag-frisch.com\/it\/gioielli-dalla-cina\/#breadcrumb"},"inLanguage":"it-IT","potentialAction":[{"@type":"ReadAction","target":["https:\/\/ag-frisch.com\/it\/gioielli-dalla-cina\/"]}]},{"@type":"BreadcrumbList","@id":"https:\/\/ag-frisch.com\/it\/gioielli-dalla-cina\/#breadcrumb","itemListElement":[{"@type":"ListItem","position":1,"name":"Startseite","item":"https:\/\/ag-frisch.com\/de\/"},{"@type":"ListItem","position":2,"name":"Gioielli dalla Cina"}]},{"@type":"WebSite","@id":"https:\/\/ag-frisch.com\/de\/#website","url":"https:\/\/ag-frisch.com\/de\/","name":"China Import Beratung f\u00fcr den Einkauf aus China","description":"China Import &amp; Export Beratung - Der Dienstleister Ihres Vertrauens f\u00fcr Ihren China Import","publisher":{"@id":"https:\/\/ag-frisch.com\/de\/#organization"},"potentialAction":[{"@type":"SearchAction","target":{"@type":"EntryPoint","urlTemplate":"https:\/\/ag-frisch.com\/de\/?s={search_term_string}"},"query-input":{"@type":"PropertyValueSpecification","valueRequired":true,"valueName":"search_term_string"}}],"inLanguage":"it-IT"},{"@type":"Organization","@id":"https:\/\/ag-frisch.com\/de\/#organization","name":"Agentur Frisch International Consulting GmbH & Co. KG","url":"https:\/\/ag-frisch.com\/de\/","logo":{"@type":"ImageObject","inLanguage":"it-IT","@id":"https:\/\/ag-frisch.com\/de\/#\/schema\/logo\/image\/","url":"https:\/\/ag-frisch.com\/wp-content\/uploads\/2021\/08\/ag_logo_rgb_300_small.png","contentUrl":"https:\/\/ag-frisch.com\/wp-content\/uploads\/2021\/08\/ag_logo_rgb_300_small.png","width":153,"height":102,"caption":"Agentur Frisch International Consulting GmbH & Co. KG"},"image":{"@id":"https:\/\/ag-frisch.com\/de\/#\/schema\/logo\/image\/"},"sameAs":["https:\/\/www.facebook.com\/China.Import","https:\/\/x.com\/agenturfrisch"]}]}},"_links":{"self":[{"href":"https:\/\/ag-frisch.com\/it\/wp-json\/wp\/v2\/pages\/9866","targetHints":{"allow":["GET"]}}],"collection":[{"href":"https:\/\/ag-frisch.com\/it\/wp-json\/wp\/v2\/pages"}],"about":[{"href":"https:\/\/ag-frisch.com\/it\/wp-json\/wp\/v2\/types\/page"}],"author":[{"embeddable":true,"href":"https:\/\/ag-frisch.com\/it\/wp-json\/wp\/v2\/users\/2"}],"replies":[{"embeddable":true,"href":"https:\/\/ag-frisch.com\/it\/wp-json\/wp\/v2\/comments?post=9866"}],"version-history":[{"count":0,"href":"https:\/\/ag-frisch.com\/it\/wp-json\/wp\/v2\/pages\/9866\/revisions"}],"wp:attachment":[{"href":"https:\/\/ag-frisch.com\/it\/wp-json\/wp\/v2\/media?parent=9866"}],"curies":[{"name":"wp","href":"https:\/\/api.w.org\/{rel}","templated":true}]}}