{"id":10065,"date":"2021-10-16T20:10:48","date_gmt":"2021-10-16T18:10:48","guid":{"rendered":"https:\/\/ag-frisch.com\/vooroordelen-tegen-de-chinezen\/"},"modified":"2023-01-27T05:19:10","modified_gmt":"2023-01-27T04:19:10","slug":"vooroordelen-tegen-de-chinezen","status":"publish","type":"page","link":"https:\/\/ag-frisch.com\/nl\/info-paginas\/vooroordelen-tegen-de-chinezen\/","title":{"rendered":"Vooroordelen tegen de Chinezen"},"content":{"rendered":"<p>[et_pb_section fb_built=&#8221;1&#8243; _builder_version=&#8221;4.16&#8243; _module_preset=&#8221;default&#8221; global_colors_info=&#8221;{}&#8221;][et_pb_row _builder_version=&#8221;4.16&#8243; _module_preset=&#8221;default&#8221; global_colors_info=&#8221;{}&#8221;][et_pb_column type=&#8221;4_4&#8243; _builder_version=&#8221;4.16&#8243; _module_preset=&#8221;default&#8221; global_colors_info=&#8221;{}&#8221;][et_pb_text _builder_version=&#8221;4.18.1&#8243; _module_preset=&#8221;default&#8221; global_colors_info=&#8221;{}&#8221;]<\/p>\n<h1 class=\"content_pageheader_v2\">Vooroordelen tegen Chinezen<\/h1>\n<p>&nbsp;<\/p>\n<div class=\"content_floattext\">\n<p><strong>Er zijn veel vooroordelen tegen de Chinezen<\/strong><\/p>\n<div>\n<p>Het Frisch Agentschap weet dit ook. Het agentschap Frisch International Consulting is een importagentschap en organiseert volledige importprojecten uit China voor zijn klanten. Op deze pagina willen wij bestaande vooroordelen tegen China en Chinese mensen aan de orde stellen:<\/p>\n<p>&nbsp;<\/p>\n<p> <strong style=\"font-size: 14px;\">In China eten ze honden en katten<\/strong><\/p>\n<\/div>\n<div>Dit is slechts een halve waarheid. China is ongelooflijk groot, veel groter dan Europa. Zelfs in Europa hebben we ongewone eetgewoonten. We hoeven alleen maar naar Spanje, Griekenland of Itali\u00eb te kijken. Natuurlijk verschillen de eetgewoonten in China ook sterk van provincie tot provincie. In de provincie Guangdong staan de mensen bekend om eetgewoonten die de meeste mensen in andere provincies in China niet kennen. Mensen in andere provincies vinden het eten van honden of katten net zo onbegrijpelijk als wij. In Guangdong zijn er inderdaad gebieden waar honden- of kattenvlees zeer populair is en deel uitmaakt van de normale eetgewoonte.<\/div>\n<div><\/div>\n<div><\/div>\n<div><\/div>\n<div><\/div>\n<div>\n<p><strong><\/strong><\/p>\n<p><strong><\/strong><\/p>\n<p><strong>Alle Chinezen zijn klein<\/strong><br \/>Dit klopt ook niet. Je hoeft alleen maar het Guinness Book of World Records te lezen, waarin een Chinese man wordt genoemd als de langste natuurlijk gegroeide man. De langste vrouw ter wereld komt ook uit China. In China varieert de lichaamsgrootte van regio tot regio. Net zoals een Noor hier meestal groter is dan een Italiaan, zijn ook in China Chinezen uit het noorden, zoals Peking of Tianjin, meestal veel groter dan Chinezen uit het zuiden, zoals Hunan of Guangdong.<br \/><strong><br \/>Alle Chinezen mogen slechts \u00e9\u00e9n kind krijgen<br \/><\/strong>Er is een \u00e9\u00e9n-kind-beleid, maar het bemoeit zich niet zo met de beslissing van het individu als in het Westen wordt aangenomen. Er zijn talrijke uitzonderingen. In principe geldt het \u00e9\u00e9n-kind-beleid niet voor de 56 volkeren van China die geen Han-Chinezen zijn. Bovendien geldt het \u00e9\u00e9n-kind-beleid ook voor Han-Chinezen, alleen als je als aangemeld huishouden in bepaalde steden staat ingeschreven. In kleine steden en plattelandsgebieden, alsmede in veel districten die door grotere steden worden medebeheerd, geldt dit niet. Anders dan hier, word je niet meteen als inwoner van een stad geteld als je er je woonplaats hebt, maar moet het hele huishouden voor de stad ingeschreven zijn. Om een dergelijke erkenning van het huishouden voor een grotere stad te krijgen, moet opnieuw aan veel eisen worden voldaan (bijvoorbeeld diploma, beroepsloopbaan, bepaald inkomen, enz.) Als u in een stad woont waar het \u00e9\u00e9n-kind-beleid geldt, maar uw huishouden nog steeds officieel in een dorp ligt, geldt de \u00e9\u00e9n-kind-bepaling niet voor u. Met bepaalde toepassingen en sancties kan het verbod op het tweede kind echter ook worden opgeheven voor huiseigenaren in grotere steden &#8211; en wie zijn huishouden in een grote stad voert, kan zich dat meestal veroorloven.<\/p>\n<p><strong>De Communistische Partij bepaalt alles in China<\/strong><br \/>Dit wordt ook verkeerd voorgesteld door de westerse media. De communistische partij bestaat niet als zodanig, maar alle partijen in China zijn communistisch omdat China een communistisch land is. Er zijn dus een groot aantal partijen en politici die zich verenigen als communistische partijen. Deze alliantie bestaat uit vele verschillende partijen met de meest uiteenlopende belangen, die steeds worstelen om hun eigen belangen in de federatie te doen gelden. In deze federatie bevinden zich dus de meest uiteenlopende invloeden van de meest uiteenlopende belangengroepen uit de verschillende provincies.<\/p>\n<\/div>\n<\/div>\n<p>[\/et_pb_text][\/et_pb_column][\/et_pb_row][et_pb_row _builder_version=&#8221;4.18.1&#8243; _module_preset=&#8221;default&#8221; global_colors_info=&#8221;{}&#8221;][et_pb_column type=&#8221;4_4&#8243; _builder_version=&#8221;4.18.1&#8243; _module_preset=&#8221;default&#8221; global_colors_info=&#8221;{}&#8221;][\/et_pb_column][\/et_pb_row][\/et_pb_section]<\/p>\n","protected":false},"excerpt":{"rendered":"<p>Vooroordelen tegen Chinezen &nbsp; Er zijn veel vooroordelen tegen de Chinezen Het Frisch Agentschap weet dit ook. Het agentschap Frisch International Consulting is een importagentschap en organiseert volledige importprojecten uit China voor zijn klanten. Op deze pagina willen wij bestaande vooroordelen tegen China en Chinese mensen aan de orde stellen: &nbsp; In China eten ze [&hellip;]<\/p>\n","protected":false},"author":2,"featured_media":0,"parent":8487,"menu_order":0,"comment_status":"open","ping_status":"closed","template":"","meta":{"_et_pb_use_builder":"on","_et_pb_old_content":"","_et_gb_content_width":"","footnotes":""},"class_list":["post-10065","page","type-page","status-publish","hentry"],"yoast_head":"<!-- This site is optimized with the Yoast SEO plugin v27.4 - https:\/\/yoast.com\/product\/yoast-seo-wordpress\/ -->\n<title>Vooroordelen tegen Chinezen begrijpen en evalueren<\/title>\n<meta name=\"description\" content=\"Controleer vooroordelen tegen Chinezen \u2713 Beoordeel zakenpartners in China \u2713 \u25bb Ontvang nu deskundig advies!\" \/>\n<meta name=\"robots\" content=\"noindex, nofollow\" \/>\n<meta property=\"og:locale\" content=\"nl_NL\" \/>\n<meta property=\"og:type\" content=\"article\" \/>\n<meta property=\"og:title\" content=\"Vooroordelen tegen Chinezen begrijpen en evalueren\" \/>\n<meta property=\"og:description\" content=\"Controleer vooroordelen tegen Chinezen \u2713 Beoordeel zakenpartners in China \u2713 \u25bb Ontvang nu deskundig advies!\" \/>\n<meta property=\"og:url\" content=\"https:\/\/ag-frisch.com\/de\/?page_id=865\" \/>\n<meta property=\"og:site_name\" content=\"China Import Beratung f\u00fcr den Einkauf aus China\" \/>\n<meta property=\"article:publisher\" content=\"https:\/\/www.facebook.com\/China.Import\" \/>\n<meta property=\"article:modified_time\" content=\"2023-01-27T04:19:10+00:00\" \/>\n<meta name=\"twitter:card\" content=\"summary_large_image\" \/>\n<meta name=\"twitter:site\" content=\"@agenturfrisch\" \/>\n<meta name=\"twitter:label1\" content=\"Geschatte leestijd\" \/>\n\t<meta name=\"twitter:data1\" content=\"3 minuten\" \/>\n<script type=\"application\/ld+json\" class=\"yoast-schema-graph\">{\"@context\":\"https:\\\/\\\/schema.org\",\"@graph\":[{\"@type\":\"WebPage\",\"@id\":\"https:\\\/\\\/ag-frisch.com\\\/de\\\/?page_id=865\",\"url\":\"https:\\\/\\\/ag-frisch.com\\\/de\\\/?page_id=865\",\"name\":\"Vooroordelen tegen Chinezen begrijpen en evalueren\",\"isPartOf\":{\"@id\":\"https:\\\/\\\/ag-frisch.com\\\/de\\\/#website\"},\"datePublished\":\"2021-10-16T18:10:48+00:00\",\"dateModified\":\"2023-01-27T04:19:10+00:00\",\"description\":\"Controleer vooroordelen tegen Chinezen \u2713 Beoordeel zakenpartners in China \u2713 \u25bb Ontvang nu deskundig advies!\",\"breadcrumb\":{\"@id\":\"https:\\\/\\\/ag-frisch.com\\\/de\\\/?page_id=865#breadcrumb\"},\"inLanguage\":\"nl-NL\",\"potentialAction\":[{\"@type\":\"ReadAction\",\"target\":[\"https:\\\/\\\/ag-frisch.com\\\/de\\\/?page_id=865\"]}]},{\"@type\":\"BreadcrumbList\",\"@id\":\"https:\\\/\\\/ag-frisch.com\\\/de\\\/?page_id=865#breadcrumb\",\"itemListElement\":[{\"@type\":\"ListItem\",\"position\":1,\"name\":\"Startseite\",\"item\":\"https:\\\/\\\/ag-frisch.com\\\/de\\\/\"},{\"@type\":\"ListItem\",\"position\":2,\"name\":\"Vooroordelen tegen de Chinezen\"}]},{\"@type\":\"WebSite\",\"@id\":\"https:\\\/\\\/ag-frisch.com\\\/de\\\/#website\",\"url\":\"https:\\\/\\\/ag-frisch.com\\\/de\\\/\",\"name\":\"China Import Beratung f\u00fcr den Einkauf aus China\",\"description\":\"China Import &amp; Export Beratung - Der Dienstleister Ihres Vertrauens f\u00fcr Ihren China Import\",\"publisher\":{\"@id\":\"https:\\\/\\\/ag-frisch.com\\\/de\\\/#organization\"},\"potentialAction\":[{\"@type\":\"SearchAction\",\"target\":{\"@type\":\"EntryPoint\",\"urlTemplate\":\"https:\\\/\\\/ag-frisch.com\\\/de\\\/?s={search_term_string}\"},\"query-input\":{\"@type\":\"PropertyValueSpecification\",\"valueRequired\":true,\"valueName\":\"search_term_string\"}}],\"inLanguage\":\"nl-NL\"},{\"@type\":\"Organization\",\"@id\":\"https:\\\/\\\/ag-frisch.com\\\/de\\\/#organization\",\"name\":\"Agentur Frisch International Consulting GmbH & Co. KG\",\"url\":\"https:\\\/\\\/ag-frisch.com\\\/de\\\/\",\"logo\":{\"@type\":\"ImageObject\",\"inLanguage\":\"nl-NL\",\"@id\":\"https:\\\/\\\/ag-frisch.com\\\/de\\\/#\\\/schema\\\/logo\\\/image\\\/\",\"url\":\"https:\\\/\\\/ag-frisch.com\\\/wp-content\\\/uploads\\\/2021\\\/08\\\/ag_logo_rgb_300_small.png\",\"contentUrl\":\"https:\\\/\\\/ag-frisch.com\\\/wp-content\\\/uploads\\\/2021\\\/08\\\/ag_logo_rgb_300_small.png\",\"width\":153,\"height\":102,\"caption\":\"Agentur Frisch International Consulting GmbH & Co. KG\"},\"image\":{\"@id\":\"https:\\\/\\\/ag-frisch.com\\\/de\\\/#\\\/schema\\\/logo\\\/image\\\/\"},\"sameAs\":[\"https:\\\/\\\/www.facebook.com\\\/China.Import\",\"https:\\\/\\\/x.com\\\/agenturfrisch\"]}]}<\/script>\n<!-- \/ Yoast SEO plugin. -->","yoast_head_json":{"title":"Vooroordelen tegen Chinezen begrijpen en evalueren","description":"Controleer vooroordelen tegen Chinezen \u2713 Beoordeel zakenpartners in China \u2713 \u25bb Ontvang nu deskundig advies!","robots":{"index":"noindex","follow":"nofollow"},"og_locale":"nl_NL","og_type":"article","og_title":"Vooroordelen tegen Chinezen begrijpen en evalueren","og_description":"Controleer vooroordelen tegen Chinezen \u2713 Beoordeel zakenpartners in China \u2713 \u25bb Ontvang nu deskundig advies!","og_url":"https:\/\/ag-frisch.com\/de\/?page_id=865","og_site_name":"China Import Beratung f\u00fcr den Einkauf aus China","article_publisher":"https:\/\/www.facebook.com\/China.Import","article_modified_time":"2023-01-27T04:19:10+00:00","twitter_card":"summary_large_image","twitter_site":"@agenturfrisch","twitter_misc":{"Geschatte leestijd":"3 minuten"},"schema":{"@context":"https:\/\/schema.org","@graph":[{"@type":"WebPage","@id":"https:\/\/ag-frisch.com\/de\/?page_id=865","url":"https:\/\/ag-frisch.com\/de\/?page_id=865","name":"Vooroordelen tegen Chinezen begrijpen en evalueren","isPartOf":{"@id":"https:\/\/ag-frisch.com\/de\/#website"},"datePublished":"2021-10-16T18:10:48+00:00","dateModified":"2023-01-27T04:19:10+00:00","description":"Controleer vooroordelen tegen Chinezen \u2713 Beoordeel zakenpartners in China \u2713 \u25bb Ontvang nu deskundig advies!","breadcrumb":{"@id":"https:\/\/ag-frisch.com\/de\/?page_id=865#breadcrumb"},"inLanguage":"nl-NL","potentialAction":[{"@type":"ReadAction","target":["https:\/\/ag-frisch.com\/de\/?page_id=865"]}]},{"@type":"BreadcrumbList","@id":"https:\/\/ag-frisch.com\/de\/?page_id=865#breadcrumb","itemListElement":[{"@type":"ListItem","position":1,"name":"Startseite","item":"https:\/\/ag-frisch.com\/de\/"},{"@type":"ListItem","position":2,"name":"Vooroordelen tegen de Chinezen"}]},{"@type":"WebSite","@id":"https:\/\/ag-frisch.com\/de\/#website","url":"https:\/\/ag-frisch.com\/de\/","name":"China Import Beratung f\u00fcr den Einkauf aus China","description":"China Import &amp; Export Beratung - Der Dienstleister Ihres Vertrauens f\u00fcr Ihren China Import","publisher":{"@id":"https:\/\/ag-frisch.com\/de\/#organization"},"potentialAction":[{"@type":"SearchAction","target":{"@type":"EntryPoint","urlTemplate":"https:\/\/ag-frisch.com\/de\/?s={search_term_string}"},"query-input":{"@type":"PropertyValueSpecification","valueRequired":true,"valueName":"search_term_string"}}],"inLanguage":"nl-NL"},{"@type":"Organization","@id":"https:\/\/ag-frisch.com\/de\/#organization","name":"Agentur Frisch International Consulting GmbH & Co. KG","url":"https:\/\/ag-frisch.com\/de\/","logo":{"@type":"ImageObject","inLanguage":"nl-NL","@id":"https:\/\/ag-frisch.com\/de\/#\/schema\/logo\/image\/","url":"https:\/\/ag-frisch.com\/wp-content\/uploads\/2021\/08\/ag_logo_rgb_300_small.png","contentUrl":"https:\/\/ag-frisch.com\/wp-content\/uploads\/2021\/08\/ag_logo_rgb_300_small.png","width":153,"height":102,"caption":"Agentur Frisch International Consulting GmbH & Co. KG"},"image":{"@id":"https:\/\/ag-frisch.com\/de\/#\/schema\/logo\/image\/"},"sameAs":["https:\/\/www.facebook.com\/China.Import","https:\/\/x.com\/agenturfrisch"]}]}},"_links":{"self":[{"href":"https:\/\/ag-frisch.com\/nl\/wp-json\/wp\/v2\/pages\/10065","targetHints":{"allow":["GET"]}}],"collection":[{"href":"https:\/\/ag-frisch.com\/nl\/wp-json\/wp\/v2\/pages"}],"about":[{"href":"https:\/\/ag-frisch.com\/nl\/wp-json\/wp\/v2\/types\/page"}],"author":[{"embeddable":true,"href":"https:\/\/ag-frisch.com\/nl\/wp-json\/wp\/v2\/users\/2"}],"replies":[{"embeddable":true,"href":"https:\/\/ag-frisch.com\/nl\/wp-json\/wp\/v2\/comments?post=10065"}],"version-history":[{"count":0,"href":"https:\/\/ag-frisch.com\/nl\/wp-json\/wp\/v2\/pages\/10065\/revisions"}],"up":[{"embeddable":true,"href":"https:\/\/ag-frisch.com\/nl\/wp-json\/wp\/v2\/pages\/8487"}],"wp:attachment":[{"href":"https:\/\/ag-frisch.com\/nl\/wp-json\/wp\/v2\/media?parent=10065"}],"curies":[{"name":"wp","href":"https:\/\/api.w.org\/{rel}","templated":true}]}}